{"id":43004,"date":"2021-05-19T13:15:43","date_gmt":"2021-05-19T13:15:43","guid":{"rendered":"https:\/\/www.accuratereviews.com\/?page_id=43004"},"modified":"2021-05-19T13:41:25","modified_gmt":"2021-05-19T13:41:25","slug":"ds-gvo-2020-zusammenfassung-der-eu-verordnung-nach-abschaffung-des-privacy-shields","status":"publish","type":"page","link":"https:\/\/www.accuratereviews.com\/de\/ds-gvo-2020-zusammenfassung-der-eu-verordnung-nach-abschaffung-des-privacy-shields\/","title":{"rendered":"DS-GVO 2020: Zusammenfassung der EU-Verordnung nach Abschaffung des Privacy Shields"},"content":{"rendered":"<p>Im Juli 2020 entschied der Europ\u00e4ische Gerichtshof, dass der vom EU-US Privacy Shield gebotene Schutz personenbezogener Daten unzureichend ist, da er nicht der DS-GVO entspricht. Viele US-amerikanische Unternehmen, die europ\u00e4ische Nutzerdaten verarbeiten (wie <strong>Mailchimp, Active Campaign, Campaign Monitor<\/strong> und <a href=\"https:\/\/www.accuratereviews.com\/de\/die-besten-e-mail-marketing-plattformen-in-europa\/\" title=\"Die besten E-Mail-Marketing-Plattformen in Europa\">andere f\u00fchrende E-Mail-Marketing-Softwares<\/a>, <strong>Sendgrid<\/strong>, <strong>SMTP.com<\/strong> und <strong>Mailgun<\/strong> sowie <a href=\"https:\/\/www.accuratereviews.com\/de\/die-besten-professionellen-smtp-dienste\/\" title=\"Die besten professionellen SMTP-Dienste\">andere professionelle SMTP-Dienste<\/a>), st\u00fctzten sich auf das Privacy Shield, das die Ausarbeitung einer Art Selbstzertifizierung vorsah, in der die Annahme angemessener Datenschutzma\u00dfnahmen erkl\u00e4rt wurde.<br \/>\nMit der Aufhebung dieses Abkommens zwischen den USA und der EU scheint die einzige M\u00f6glichkeit f\u00fcr US-Firmen hier weiterhin t\u00e4tig sein zu k\u00f6nnen, die Verlegung des Firmensitzes nach Europa zu sein. Aufgrund dieser Tatsachen m\u00fcssen Sie m\u00f6glicherweise <strong>europ\u00e4ische Alternativen zu Mailchimp<\/strong> finden, die den Schutz Ihrer pers\u00f6nlichen Daten gem\u00e4\u00df der DS-GVO gew\u00e4hrleisten.<\/p>\n<span id=\"g1-space-1\" class=\"g1-space \" style=\"height:30px;\"><\/span>\n<h2>EU-Datenschutzregeln f\u00fcr nicht-europ\u00e4ische Unternehmen<\/h2>\n<p>Der Europ\u00e4ische Gerichtshof hat gegen das EU-US-Schild entschieden, weil die innerstaatliche Regelung der USA keine ausreichenden Datenschutzgarantien bieten. Dennoch wurden vertragliche Datenklauseln f\u00fcr US-Unternehmen als g\u00fcltig anerkannt, allerdings nur, wenn sie von anderen Schutzma\u00dfnahmen begleitet werden, die die Vertr\u00e4ge vollst\u00e4ndig mit der DS-GVO in Einklang bringen.<\/p>\n<p>Wer Mailchimp oder andere US-Systeme f\u00fcr den Versand seiner E-Mails nutzt, sollte in jedem Fall sicherstellen, dass der <strong>Empf\u00e4nger der \u00dcbermittlung von Daten au\u00dferhalb der EU ausdr\u00fccklich zugestimmt<\/strong> hat, nachdem er \u00fcber die m\u00f6glichen Risiken informiert wurde.<\/p>\n<p>Im Wesentlichen sollte das im Zusammenhang mit der Daten\u00fcbermittlung aus Europa in Drittl\u00e4nder erforderliche Datenschutzniveau (d. h. alle angemessenen Garantien, durchsetzbaren Rechte und wirksamen Rechtsbehelfe), dem von der EU garantierten Niveau entsprechen.<br \/>\nAus diesem Grund (aufgrund unterschiedlicher Rechtssysteme, Entfernungen und Sprachunterschiede gibt es m\u00f6glicherweise keine wirkliche Gleichwertigkeit) f\u00fchlen sich viele europ\u00e4ische Unternehmen trotz der G\u00fcltigkeit der Klauseln vermutlich nicht wohl dabei, ihre Daten an einen <strong>US-amerikanischen E-Mail-Marketingdienst<\/strong> anzuvertrauen.<\/p>\n<span id=\"g1-space-2\" class=\"g1-space \" style=\"height:30px;\"><\/span>\n<h2>DS-GVO und E-Mail-Marketing nach Abschaffung des Privacy Shields<\/h2>\n<p><img loading=\"lazy\" decoding=\"async\" src=\"https:\/\/www.accuratereviews.com\/wp-content\/uploads\/2021\/04\/gdpr-email-marketing-dopo-annullamentoprivacy-shield.jpg\" alt=\"DS-GVO und E-Mail-Marketing nach Abschaffung des Privacy Shields\" width=\"900\" height=\"407\" \/><\/p>\n<p>Im Falle einer E-Mail-Marketing-Plattform erfolgt der Datentransfer auf Servern in den USA und die Behandlung der Daten unterliegt den inneramerikanischen Vorschriften, so dass es f\u00fcr ein amerikanisches Unternehmen schwierig ist, die gleichen Datenschutzstandards zu gew\u00e4hrleisten wie ein europ\u00e4isches Unternehmen, das sich an der DS-GVO orientiert. Die in den europ\u00e4ischen Staaten geltenden Rechtssysteme unterscheiden sich de facto stark von denen in den Vereinigten Staaten, und auch in Bezug auf den Schutz der Privatsph\u00e4re hat das <strong>nationale Recht immer Vorrang<\/strong>.<\/p>\n<p>Die Entscheidung des Europ\u00e4ischen Gerichtshofs scheint endlich den europ\u00e4ischen Unternehmen zu Hilfe zu kommen, die immer im Schatten der amerikanischen standen. W\u00e4hrend US-Firmen wie Mailchimp in aller Ruhe auf dem Gebiet t\u00e4tig sind, ohne sich an steuerliche Vorschriften halten zu m\u00fcssen.<\/p>\n<span id=\"g1-space-3\" class=\"g1-space \" style=\"height:30px;\"><\/span>\n<h2>Schlussfolgerungen<\/h2>\n<p>K\u00fcrzlich entschied das Bayerische Landesamt f\u00fcr Datenschutzaufsicht gegen Mailchimp, da es die angebotenen Garantien f\u00fcr die Daten\u00fcbermittlung in die USA als unzureichend erachtete. Es wurde keine Geldstrafe gegen das US-Unternehmen verh\u00e4ngt, sondern lediglich eine Verwarnung ausgesprochen, die dennoch einen Pr\u00e4zedenzfall darstellt.<br \/>\nDie \u00dcbermittlung von Daten in Drittl\u00e4nder sollte infolgedessen als rechtswidrig angesehen werden, wenn die CEC-Klauseln nicht von zus\u00e4tzlichen Ma\u00dfnahmen begleitet werden, die eine <strong>vollst\u00e4ndige Einhaltung der DS-GVO<\/strong> erm\u00f6glichen.<\/p>\n","protected":false},"excerpt":{"rendered":"<p>Im Juli 2020 entschied der Europ\u00e4ische Gerichtshof, dass der vom EU-US Privacy Shield gebotene Schutz personenbezogener Daten unzureichend ist, da er nicht der DS-GVO entspricht. Viele US-amerikanische Unternehmen, die europ\u00e4ische Nutzerdaten verarbeiten (wie Mailchimp, Active Campaign, Campaign Monitor und andere f\u00fchrende E-Mail-Marketing-Softwares, Sendgrid, SMTP.com und Mailgun sowie andere professionelle SMTP-Dienste), st\u00fctzten sich auf das Privacy [&hellip;]<\/p>\n","protected":false},"author":11,"featured_media":0,"parent":0,"menu_order":0,"comment_status":"closed","ping_status":"closed","template":"","meta":{"_acf_changed":false,"cwp_meta_box_check":"No","cwp_rev_product_name":"","cwp_rev_product_image":"","wppr_links":[],"cwp_rev_price":"","wppr_options":[],"wppr_pros":[],"wppr_cons":[],"_monsterinsights_skip_tracking":false,"_monsterinsights_sitenote_active":false,"_monsterinsights_sitenote_note":"","_monsterinsights_sitenote_category":0,"footnotes":""},"categories":[],"tags":[],"features":[],"class_list":["post-43004","page","type-page","status-publish"],"wppr_data":{"cwp_meta_box_check":"No"},"acf":[],"yoast_head":"<!-- This site is optimized with the Yoast SEO plugin v27.4 - https:\/\/yoast.com\/product\/yoast-seo-wordpress\/ -->\n<title>DS-GVO 2020: der EU-Verordnung nach Abschaffung des Privacy Shields<\/title>\n<meta name=\"description\" content=\"Nach Abschaffung des Privacy Shields k\u00f6nnen personenbezogene Daten nicht mehr frei zirkulieren, der Datenschutz muss dem der DS-GVO entsprechen\" \/>\n<meta name=\"robots\" content=\"index, follow, max-snippet:-1, max-image-preview:large, max-video-preview:-1\" \/>\n<link rel=\"canonical\" href=\"https:\/\/www.accuratereviews.com\/de\/ds-gvo-2020-zusammenfassung-der-eu-verordnung-nach-abschaffung-des-privacy-shields\/\" \/>\n<meta property=\"og:locale\" content=\"de_DE\" \/>\n<meta property=\"og:type\" content=\"article\" \/>\n<meta property=\"og:title\" content=\"DS-GVO 2020: der EU-Verordnung nach Abschaffung des Privacy Shields\" \/>\n<meta property=\"og:description\" content=\"Nach Abschaffung des Privacy Shields k\u00f6nnen personenbezogene Daten nicht mehr frei zirkulieren, der Datenschutz muss dem der DS-GVO entsprechen\" \/>\n<meta property=\"og:url\" content=\"https:\/\/www.accuratereviews.com\/de\/ds-gvo-2020-zusammenfassung-der-eu-verordnung-nach-abschaffung-des-privacy-shields\/\" \/>\n<meta property=\"og:site_name\" content=\"Accurate Reviews\" \/>\n<meta property=\"article:modified_time\" content=\"2021-05-19T13:41:25+00:00\" \/>\n<meta property=\"og:image\" content=\"https:\/\/www.accuratereviews.com\/wp-content\/uploads\/2021\/04\/gdpr-email-marketing-dopo-annullamentoprivacy-shield.jpg\" \/>\n<meta name=\"twitter:card\" content=\"summary_large_image\" \/>\n<meta name=\"twitter:label1\" content=\"Gesch\u00e4tzte Lesezeit\" \/>\n\t<meta name=\"twitter:data1\" content=\"3\u00a0Minuten\" \/>\n<script type=\"application\/ld+json\" class=\"yoast-schema-graph\">{\"@context\":\"https:\\\/\\\/schema.org\",\"@graph\":[{\"@type\":\"WebPage\",\"@id\":\"https:\\\/\\\/www.accuratereviews.com\\\/de\\\/ds-gvo-2020-zusammenfassung-der-eu-verordnung-nach-abschaffung-des-privacy-shields\\\/\",\"url\":\"https:\\\/\\\/www.accuratereviews.com\\\/de\\\/ds-gvo-2020-zusammenfassung-der-eu-verordnung-nach-abschaffung-des-privacy-shields\\\/\",\"name\":\"DS-GVO 2020: der EU-Verordnung nach Abschaffung des Privacy Shields\",\"isPartOf\":{\"@id\":\"https:\\\/\\\/www.accuratereviews.com\\\/de\\\/#website\"},\"primaryImageOfPage\":{\"@id\":\"https:\\\/\\\/www.accuratereviews.com\\\/de\\\/ds-gvo-2020-zusammenfassung-der-eu-verordnung-nach-abschaffung-des-privacy-shields\\\/#primaryimage\"},\"image\":{\"@id\":\"https:\\\/\\\/www.accuratereviews.com\\\/de\\\/ds-gvo-2020-zusammenfassung-der-eu-verordnung-nach-abschaffung-des-privacy-shields\\\/#primaryimage\"},\"thumbnailUrl\":\"https:\\\/\\\/www.accuratereviews.com\\\/wp-content\\\/uploads\\\/2021\\\/04\\\/gdpr-email-marketing-dopo-annullamentoprivacy-shield.jpg\",\"datePublished\":\"2021-05-19T13:15:43+00:00\",\"dateModified\":\"2021-05-19T13:41:25+00:00\",\"description\":\"Nach Abschaffung des Privacy Shields k\u00f6nnen personenbezogene Daten nicht mehr frei zirkulieren, der Datenschutz muss dem der DS-GVO entsprechen\",\"breadcrumb\":{\"@id\":\"https:\\\/\\\/www.accuratereviews.com\\\/de\\\/ds-gvo-2020-zusammenfassung-der-eu-verordnung-nach-abschaffung-des-privacy-shields\\\/#breadcrumb\"},\"inLanguage\":\"de\",\"potentialAction\":[{\"@type\":\"ReadAction\",\"target\":[\"https:\\\/\\\/www.accuratereviews.com\\\/de\\\/ds-gvo-2020-zusammenfassung-der-eu-verordnung-nach-abschaffung-des-privacy-shields\\\/\"]}]},{\"@type\":\"ImageObject\",\"inLanguage\":\"de\",\"@id\":\"https:\\\/\\\/www.accuratereviews.com\\\/de\\\/ds-gvo-2020-zusammenfassung-der-eu-verordnung-nach-abschaffung-des-privacy-shields\\\/#primaryimage\",\"url\":\"https:\\\/\\\/www.accuratereviews.com\\\/wp-content\\\/uploads\\\/2021\\\/04\\\/gdpr-email-marketing-dopo-annullamentoprivacy-shield.jpg\",\"contentUrl\":\"https:\\\/\\\/www.accuratereviews.com\\\/wp-content\\\/uploads\\\/2021\\\/04\\\/gdpr-email-marketing-dopo-annullamentoprivacy-shield.jpg\"},{\"@type\":\"BreadcrumbList\",\"@id\":\"https:\\\/\\\/www.accuratereviews.com\\\/de\\\/ds-gvo-2020-zusammenfassung-der-eu-verordnung-nach-abschaffung-des-privacy-shields\\\/#breadcrumb\",\"itemListElement\":[{\"@type\":\"ListItem\",\"position\":1,\"name\":\"Home\",\"item\":\"https:\\\/\\\/www.accuratereviews.com\\\/de\\\/\"},{\"@type\":\"ListItem\",\"position\":2,\"name\":\"DS-GVO 2020: Zusammenfassung der EU-Verordnung nach Abschaffung des Privacy Shields\"}]},{\"@type\":\"WebSite\",\"@id\":\"https:\\\/\\\/www.accuratereviews.com\\\/de\\\/#website\",\"url\":\"https:\\\/\\\/www.accuratereviews.com\\\/de\\\/\",\"name\":\"Accurate Reviews\",\"description\":\"\",\"potentialAction\":[{\"@type\":\"SearchAction\",\"target\":{\"@type\":\"EntryPoint\",\"urlTemplate\":\"https:\\\/\\\/www.accuratereviews.com\\\/de\\\/?s={search_term_string}\"},\"query-input\":{\"@type\":\"PropertyValueSpecification\",\"valueRequired\":true,\"valueName\":\"search_term_string\"}}],\"inLanguage\":\"de\"}]}<\/script>\n<!-- \/ Yoast SEO plugin. -->","yoast_head_json":{"title":"DS-GVO 2020: der EU-Verordnung nach Abschaffung des Privacy Shields","description":"Nach Abschaffung des Privacy Shields k\u00f6nnen personenbezogene Daten nicht mehr frei zirkulieren, der Datenschutz muss dem der DS-GVO entsprechen","robots":{"index":"index","follow":"follow","max-snippet":"max-snippet:-1","max-image-preview":"max-image-preview:large","max-video-preview":"max-video-preview:-1"},"canonical":"https:\/\/www.accuratereviews.com\/de\/ds-gvo-2020-zusammenfassung-der-eu-verordnung-nach-abschaffung-des-privacy-shields\/","og_locale":"de_DE","og_type":"article","og_title":"DS-GVO 2020: der EU-Verordnung nach Abschaffung des Privacy Shields","og_description":"Nach Abschaffung des Privacy Shields k\u00f6nnen personenbezogene Daten nicht mehr frei zirkulieren, der Datenschutz muss dem der DS-GVO entsprechen","og_url":"https:\/\/www.accuratereviews.com\/de\/ds-gvo-2020-zusammenfassung-der-eu-verordnung-nach-abschaffung-des-privacy-shields\/","og_site_name":"Accurate Reviews","article_modified_time":"2021-05-19T13:41:25+00:00","og_image":[{"url":"https:\/\/www.accuratereviews.com\/wp-content\/uploads\/2021\/04\/gdpr-email-marketing-dopo-annullamentoprivacy-shield.jpg","type":"","width":"","height":""}],"twitter_card":"summary_large_image","twitter_misc":{"Gesch\u00e4tzte Lesezeit":"3\u00a0Minuten"},"schema":{"@context":"https:\/\/schema.org","@graph":[{"@type":"WebPage","@id":"https:\/\/www.accuratereviews.com\/de\/ds-gvo-2020-zusammenfassung-der-eu-verordnung-nach-abschaffung-des-privacy-shields\/","url":"https:\/\/www.accuratereviews.com\/de\/ds-gvo-2020-zusammenfassung-der-eu-verordnung-nach-abschaffung-des-privacy-shields\/","name":"DS-GVO 2020: der EU-Verordnung nach Abschaffung des Privacy Shields","isPartOf":{"@id":"https:\/\/www.accuratereviews.com\/de\/#website"},"primaryImageOfPage":{"@id":"https:\/\/www.accuratereviews.com\/de\/ds-gvo-2020-zusammenfassung-der-eu-verordnung-nach-abschaffung-des-privacy-shields\/#primaryimage"},"image":{"@id":"https:\/\/www.accuratereviews.com\/de\/ds-gvo-2020-zusammenfassung-der-eu-verordnung-nach-abschaffung-des-privacy-shields\/#primaryimage"},"thumbnailUrl":"https:\/\/www.accuratereviews.com\/wp-content\/uploads\/2021\/04\/gdpr-email-marketing-dopo-annullamentoprivacy-shield.jpg","datePublished":"2021-05-19T13:15:43+00:00","dateModified":"2021-05-19T13:41:25+00:00","description":"Nach Abschaffung des Privacy Shields k\u00f6nnen personenbezogene Daten nicht mehr frei zirkulieren, der Datenschutz muss dem der DS-GVO entsprechen","breadcrumb":{"@id":"https:\/\/www.accuratereviews.com\/de\/ds-gvo-2020-zusammenfassung-der-eu-verordnung-nach-abschaffung-des-privacy-shields\/#breadcrumb"},"inLanguage":"de","potentialAction":[{"@type":"ReadAction","target":["https:\/\/www.accuratereviews.com\/de\/ds-gvo-2020-zusammenfassung-der-eu-verordnung-nach-abschaffung-des-privacy-shields\/"]}]},{"@type":"ImageObject","inLanguage":"de","@id":"https:\/\/www.accuratereviews.com\/de\/ds-gvo-2020-zusammenfassung-der-eu-verordnung-nach-abschaffung-des-privacy-shields\/#primaryimage","url":"https:\/\/www.accuratereviews.com\/wp-content\/uploads\/2021\/04\/gdpr-email-marketing-dopo-annullamentoprivacy-shield.jpg","contentUrl":"https:\/\/www.accuratereviews.com\/wp-content\/uploads\/2021\/04\/gdpr-email-marketing-dopo-annullamentoprivacy-shield.jpg"},{"@type":"BreadcrumbList","@id":"https:\/\/www.accuratereviews.com\/de\/ds-gvo-2020-zusammenfassung-der-eu-verordnung-nach-abschaffung-des-privacy-shields\/#breadcrumb","itemListElement":[{"@type":"ListItem","position":1,"name":"Home","item":"https:\/\/www.accuratereviews.com\/de\/"},{"@type":"ListItem","position":2,"name":"DS-GVO 2020: Zusammenfassung der EU-Verordnung nach Abschaffung des Privacy Shields"}]},{"@type":"WebSite","@id":"https:\/\/www.accuratereviews.com\/de\/#website","url":"https:\/\/www.accuratereviews.com\/de\/","name":"Accurate Reviews","description":"","potentialAction":[{"@type":"SearchAction","target":{"@type":"EntryPoint","urlTemplate":"https:\/\/www.accuratereviews.com\/de\/?s={search_term_string}"},"query-input":{"@type":"PropertyValueSpecification","valueRequired":true,"valueName":"search_term_string"}}],"inLanguage":"de"}]}},"_links":{"self":[{"href":"https:\/\/www.accuratereviews.com\/de\/wp-json\/wp\/v2\/pages\/43004","targetHints":{"allow":["GET"]}}],"collection":[{"href":"https:\/\/www.accuratereviews.com\/de\/wp-json\/wp\/v2\/pages"}],"about":[{"href":"https:\/\/www.accuratereviews.com\/de\/wp-json\/wp\/v2\/types\/page"}],"author":[{"embeddable":true,"href":"https:\/\/www.accuratereviews.com\/de\/wp-json\/wp\/v2\/users\/11"}],"replies":[{"embeddable":true,"href":"https:\/\/www.accuratereviews.com\/de\/wp-json\/wp\/v2\/comments?post=43004"}],"version-history":[{"count":3,"href":"https:\/\/www.accuratereviews.com\/de\/wp-json\/wp\/v2\/pages\/43004\/revisions"}],"predecessor-version":[{"id":43018,"href":"https:\/\/www.accuratereviews.com\/de\/wp-json\/wp\/v2\/pages\/43004\/revisions\/43018"}],"wp:attachment":[{"href":"https:\/\/www.accuratereviews.com\/de\/wp-json\/wp\/v2\/media?parent=43004"}],"wp:term":[{"taxonomy":"category","embeddable":true,"href":"https:\/\/www.accuratereviews.com\/de\/wp-json\/wp\/v2\/categories?post=43004"},{"taxonomy":"post_tag","embeddable":true,"href":"https:\/\/www.accuratereviews.com\/de\/wp-json\/wp\/v2\/tags?post=43004"},{"taxonomy":"features","embeddable":true,"href":"https:\/\/www.accuratereviews.com\/de\/wp-json\/wp\/v2\/features?post=43004"}],"curies":[{"name":"wp","href":"https:\/\/api.w.org\/{rel}","templated":true}]}}