{"id":40270,"date":"2021-04-19T08:15:11","date_gmt":"2021-04-19T08:15:11","guid":{"rendered":"https:\/\/www.accuratereviews.com\/?page_id=40270"},"modified":"2021-04-20T10:40:32","modified_gmt":"2021-04-20T10:40:32","slug":"gdpr-2020-resumen-sobre-la-regulacion-de-la-ue-despues-del-rechazo-del-escudo-de-privacidad","status":"publish","type":"page","link":"https:\/\/www.accuratereviews.com\/es\/gdpr-2020-resumen-sobre-la-regulacion-de-la-ue-despues-del-rechazo-del-escudo-de-privacidad\/","title":{"rendered":"GDPR 2020, resumen sobre la regulaci\u00f3n de la UE despu\u00e9s del rechazo del Escudo de privacidad"},"content":{"rendered":"<p>En julio de 2020, el Tribunal de Justicia de la Uni\u00f3n Europea declar\u00f3 inadecuada la protecci\u00f3n de datos personales que ofrece el Escudo de Privacidad UE-EE.UU debido a que no se encuentra en conformidad a GDPR. Muchas empresas estadounidenses que procesan datos de usuarios europeos (como <strong>Mailchimp<\/strong>, <strong>Active Campaign<\/strong>, <strong>Campaign Monitor<\/strong> y <a href=\"https:\/\/www.accuratereviews.com\/es\/los-mejores-programas-para-email-marketing-en-espanol\/\" title=\"Los mejores programas para email marketing en espa\u00f1ol\">otros productos de software l\u00edder de email marketing<\/a>, <strong>Sendgrid<\/strong>, <strong>Smtp.com<\/strong>, <strong>Mailgun<\/strong> y otros servicios SMTP profesionales) han basado su actividad en el Escudo de privacidad, que previ\u00f2 la elaboraci\u00f3n de una especie de autocertificaci\u00f3n en la que se declaraba la adopci\u00f3n de medidas de protecci\u00f3n adecuadas para la protecci\u00f3n de datos. Con la abolici\u00f3n de este acuerdo entre EE. UU. y la UE, la \u00fanica forma de que las empresas estadounidenses contin\u00faen operando aqu\u00ed parece ser trasladando su sede a Europa. A la luz de estos hechos, es posible que deba encontrar <strong><a href=\"https:\/\/www.accuratereviews.com\/es\/los-mejores-programas-para-email-marketing-en-espanol\/\" title=\"Los mejores programas para email marketing en espa\u00f1ol\">alternativas europeas a Mailchimp<\/a><\/strong>, que garanticen la protecci\u00f3n de sus datos personales de acuerdo con el GDPR.<\/p>\n<span id=\"g1-space-1\" class=\"g1-space \" style=\"height:30px;\"><\/span>\n<h2>Normas de privacidad de la UE para empresas no europeas<\/h2>\n<p>Seg\u00fan los informes, el Tribunal de Justicia de la Uni\u00f3n Europea se ha pronunciado en contra del escudo UE-EE. UU., debido a que <strong>las regulaciones internas de EE. UU no brindan garant\u00edas suficientes en t\u00e9rminos de protecci\u00f3n de datos<\/strong>. Sin embargo las cl\u00e1usulas contractuales de protecci\u00f3n de datos, se consideraron v\u00e1lidas, siempre que se garantice un nivel de protecci\u00f3n igual al GDPR en los contratos.<\/p>\n<p>En cualquier caso, quienes utilicen Mailchimp u otros sistemas de EE. UU. para enviar sus correos electr\u00f3nicos deben asegurarse de que <strong>el destinatario haya otorgado su consentimiento expl\u00edcito a la transferencia de datos fuera de la UE<\/strong>, despu\u00e9s de ser informado sobre los posibles riesgos.<\/p>\n<p>En esencia, el nivel de protecci\u00f3n de datos (es decir, todas las garant\u00edas adecuadas, derechos exigibles y recursos efectivos) requerido en el contexto de la transferencia de datos de la UE a otros pa\u00edses debe ser equivalente al garantizado por la Uni\u00f3n Europea. Por este motivo (ya que es posible que no exista una equivalencia real debido a los diferentes ordenamientos jur\u00eddicos, la distancia y los diferentes idiomas), a pesar de la vigencia de las cl\u00e1usulas contractuales, es posible que muchas empresas europeas no se sientan c\u00f3modas confiando sus datos a un <strong>servicio de email marketing estadounidense<\/strong>.<\/p>\n<span id=\"g1-space-2\" class=\"g1-space \" style=\"height:30px;\"><\/span>\n<h2>GDPR y marketing por correo electr\u00f3nico despu\u00e9s de la cancelaci\u00f3n del Escudo de privacidad<\/h2>\n<p><img loading=\"lazy\" decoding=\"async\" src=\"https:\/\/www.accuratereviews.com\/wp-content\/uploads\/2021\/04\/gdpr-email-marketing-dopo-annullamentoprivacy-shield.jpg\" alt=\"GDPR ed email marketing dopo l\u2019annullamento del Privacy Shield\" width=\"900\" height=\"407\" \/><\/p>\n<p>En el caso de una <strong>plataforma de email marketing<\/strong>, la transferencia de datos se realiza en servidores de Estados Unidos y su tratamiento se encuentra sujeto a la normativa interna americana, por lo que es dif\u00edcil para una empresa americana garantizar los mismos est\u00e1ndares de protecci\u00f3n de datos que una Empresa europea alineada con el RGPD. Los sistemas legales vigentes en los estados europeos son de hecho muy diferentes de los vigentes en los Estados Unidos y, tambi\u00e9n en t\u00e9rminos de protecci\u00f3n de la privacidad, <strong>siempre prevalece la ley nacional<\/strong>.<\/p>\n<p>La decisi\u00f3n del Tribunal de Justicia de la Uni\u00f3n Europea parece venir finalmente al rescate de las empresas europeas, que siempre han sido eclipsadas por las estadounidenses. Mientras que empresas estadounidenses como Mailchimp operan con tranquilidad en el territorio sin tener que cumplir con la normativa fiscal.<\/p>\n<span id=\"g1-space-3\" class=\"g1-space \" style=\"height:30px;\"><\/span>\n<h2>Conclusiones<\/h2>\n<p>Recientemente, la Autoridad de Protecci\u00f3n de Datos de Baviera se pronunci\u00f3 en contra de Mailchimp, por considerar insuficientes las garant\u00edas ofrecidas para la transferencia de datos a Estados Unidos. No se impuso ninguna sanci\u00f3n econ\u00f3mica a la empresa estadounidense, sino una simple advertencia que, sin embargo, constituye un precedente. La transferencia de datos a pa\u00edses no pertenecientes a la UE, de hecho, debe considerarse ileg\u00edtima si las cl\u00e1usulas contractuales no van acompa\u00f1adas de medidas adicionales que permitan <strong>el pleno cumplimiento del RGPD<\/strong>.<\/p>\n","protected":false},"excerpt":{"rendered":"<p>En julio de 2020, el Tribunal de Justicia de la Uni\u00f3n Europea declar\u00f3 inadecuada la protecci\u00f3n de datos personales que ofrece el Escudo de Privacidad UE-EE.UU debido a que no se encuentra en conformidad a GDPR. Muchas empresas estadounidenses que procesan datos de usuarios europeos (como Mailchimp, Active Campaign, Campaign Monitor y otros productos de [&hellip;]<\/p>\n","protected":false},"author":11,"featured_media":0,"parent":0,"menu_order":0,"comment_status":"closed","ping_status":"closed","template":"","meta":{"_acf_changed":false,"cwp_meta_box_check":"No","cwp_rev_product_name":"","cwp_rev_product_image":"","wppr_links":[],"cwp_rev_price":"","wppr_options":[],"wppr_pros":[],"wppr_cons":[],"_monsterinsights_skip_tracking":false,"_monsterinsights_sitenote_active":false,"_monsterinsights_sitenote_note":"","_monsterinsights_sitenote_category":0,"footnotes":""},"categories":[],"tags":[],"features":[],"class_list":["post-40270","page","type-page","status-publish"],"wppr_data":{"cwp_meta_box_check":"No"},"acf":[],"yoast_head":"<!-- This site is optimized with the Yoast SEO plugin v27.4 - https:\/\/yoast.com\/product\/yoast-seo-wordpress\/ -->\n<title>GDPR 2020, regulaci\u00f3n UE despu\u00e9s del rechazo del Escudo de privacidad<\/title>\n<meta name=\"description\" content=\"Con la cancelaci\u00f3n del Escudo de privacidad, los datos personales ya no pueden viajar libremente, sin una protecci\u00f3n igual a la del GDPR\" \/>\n<meta name=\"robots\" content=\"index, follow, max-snippet:-1, max-image-preview:large, max-video-preview:-1\" \/>\n<link rel=\"canonical\" href=\"https:\/\/www.accuratereviews.com\/es\/gdpr-2020-resumen-sobre-la-regulacion-de-la-ue-despues-del-rechazo-del-escudo-de-privacidad\/\" \/>\n<meta property=\"og:locale\" content=\"es_ES\" \/>\n<meta property=\"og:type\" content=\"article\" \/>\n<meta property=\"og:title\" content=\"GDPR 2020, regulaci\u00f3n UE despu\u00e9s del rechazo del Escudo de privacidad\" \/>\n<meta property=\"og:description\" content=\"Con la cancelaci\u00f3n del Escudo de privacidad, los datos personales ya no pueden viajar libremente, sin una protecci\u00f3n igual a la del GDPR\" \/>\n<meta property=\"og:url\" content=\"https:\/\/www.accuratereviews.com\/es\/gdpr-2020-resumen-sobre-la-regulacion-de-la-ue-despues-del-rechazo-del-escudo-de-privacidad\/\" \/>\n<meta property=\"og:site_name\" content=\"Accurate Reviews\" \/>\n<meta property=\"article:modified_time\" content=\"2021-04-20T10:40:32+00:00\" \/>\n<meta property=\"og:image\" content=\"https:\/\/www.accuratereviews.com\/wp-content\/uploads\/2021\/04\/gdpr-email-marketing-dopo-annullamentoprivacy-shield.jpg\" \/>\n<meta name=\"twitter:card\" content=\"summary_large_image\" \/>\n<meta name=\"twitter:label1\" content=\"Tiempo de lectura\" \/>\n\t<meta name=\"twitter:data1\" content=\"3 minutos\" \/>\n<script type=\"application\/ld+json\" class=\"yoast-schema-graph\">{\"@context\":\"https:\\\/\\\/schema.org\",\"@graph\":[{\"@type\":\"WebPage\",\"@id\":\"https:\\\/\\\/www.accuratereviews.com\\\/es\\\/gdpr-2020-resumen-sobre-la-regulacion-de-la-ue-despues-del-rechazo-del-escudo-de-privacidad\\\/\",\"url\":\"https:\\\/\\\/www.accuratereviews.com\\\/es\\\/gdpr-2020-resumen-sobre-la-regulacion-de-la-ue-despues-del-rechazo-del-escudo-de-privacidad\\\/\",\"name\":\"GDPR 2020, regulaci\u00f3n UE despu\u00e9s del rechazo del Escudo de privacidad\",\"isPartOf\":{\"@id\":\"https:\\\/\\\/www.accuratereviews.com\\\/es\\\/#website\"},\"primaryImageOfPage\":{\"@id\":\"https:\\\/\\\/www.accuratereviews.com\\\/es\\\/gdpr-2020-resumen-sobre-la-regulacion-de-la-ue-despues-del-rechazo-del-escudo-de-privacidad\\\/#primaryimage\"},\"image\":{\"@id\":\"https:\\\/\\\/www.accuratereviews.com\\\/es\\\/gdpr-2020-resumen-sobre-la-regulacion-de-la-ue-despues-del-rechazo-del-escudo-de-privacidad\\\/#primaryimage\"},\"thumbnailUrl\":\"https:\\\/\\\/www.accuratereviews.com\\\/wp-content\\\/uploads\\\/2021\\\/04\\\/gdpr-email-marketing-dopo-annullamentoprivacy-shield.jpg\",\"datePublished\":\"2021-04-19T08:15:11+00:00\",\"dateModified\":\"2021-04-20T10:40:32+00:00\",\"description\":\"Con la cancelaci\u00f3n del Escudo de privacidad, los datos personales ya no pueden viajar libremente, sin una protecci\u00f3n igual a la del GDPR\",\"breadcrumb\":{\"@id\":\"https:\\\/\\\/www.accuratereviews.com\\\/es\\\/gdpr-2020-resumen-sobre-la-regulacion-de-la-ue-despues-del-rechazo-del-escudo-de-privacidad\\\/#breadcrumb\"},\"inLanguage\":\"es\",\"potentialAction\":[{\"@type\":\"ReadAction\",\"target\":[\"https:\\\/\\\/www.accuratereviews.com\\\/es\\\/gdpr-2020-resumen-sobre-la-regulacion-de-la-ue-despues-del-rechazo-del-escudo-de-privacidad\\\/\"]}]},{\"@type\":\"ImageObject\",\"inLanguage\":\"es\",\"@id\":\"https:\\\/\\\/www.accuratereviews.com\\\/es\\\/gdpr-2020-resumen-sobre-la-regulacion-de-la-ue-despues-del-rechazo-del-escudo-de-privacidad\\\/#primaryimage\",\"url\":\"https:\\\/\\\/www.accuratereviews.com\\\/wp-content\\\/uploads\\\/2021\\\/04\\\/gdpr-email-marketing-dopo-annullamentoprivacy-shield.jpg\",\"contentUrl\":\"https:\\\/\\\/www.accuratereviews.com\\\/wp-content\\\/uploads\\\/2021\\\/04\\\/gdpr-email-marketing-dopo-annullamentoprivacy-shield.jpg\"},{\"@type\":\"BreadcrumbList\",\"@id\":\"https:\\\/\\\/www.accuratereviews.com\\\/es\\\/gdpr-2020-resumen-sobre-la-regulacion-de-la-ue-despues-del-rechazo-del-escudo-de-privacidad\\\/#breadcrumb\",\"itemListElement\":[{\"@type\":\"ListItem\",\"position\":1,\"name\":\"Home\",\"item\":\"https:\\\/\\\/www.accuratereviews.com\\\/es\\\/\"},{\"@type\":\"ListItem\",\"position\":2,\"name\":\"GDPR 2020, resumen sobre la regulaci\u00f3n de la UE despu\u00e9s del rechazo del Escudo de privacidad\"}]},{\"@type\":\"WebSite\",\"@id\":\"https:\\\/\\\/www.accuratereviews.com\\\/es\\\/#website\",\"url\":\"https:\\\/\\\/www.accuratereviews.com\\\/es\\\/\",\"name\":\"Accurate Reviews\",\"description\":\"\",\"potentialAction\":[{\"@type\":\"SearchAction\",\"target\":{\"@type\":\"EntryPoint\",\"urlTemplate\":\"https:\\\/\\\/www.accuratereviews.com\\\/es\\\/?s={search_term_string}\"},\"query-input\":{\"@type\":\"PropertyValueSpecification\",\"valueRequired\":true,\"valueName\":\"search_term_string\"}}],\"inLanguage\":\"es\"}]}<\/script>\n<!-- \/ Yoast SEO plugin. -->","yoast_head_json":{"title":"GDPR 2020, regulaci\u00f3n UE despu\u00e9s del rechazo del Escudo de privacidad","description":"Con la cancelaci\u00f3n del Escudo de privacidad, los datos personales ya no pueden viajar libremente, sin una protecci\u00f3n igual a la del GDPR","robots":{"index":"index","follow":"follow","max-snippet":"max-snippet:-1","max-image-preview":"max-image-preview:large","max-video-preview":"max-video-preview:-1"},"canonical":"https:\/\/www.accuratereviews.com\/es\/gdpr-2020-resumen-sobre-la-regulacion-de-la-ue-despues-del-rechazo-del-escudo-de-privacidad\/","og_locale":"es_ES","og_type":"article","og_title":"GDPR 2020, regulaci\u00f3n UE despu\u00e9s del rechazo del Escudo de privacidad","og_description":"Con la cancelaci\u00f3n del Escudo de privacidad, los datos personales ya no pueden viajar libremente, sin una protecci\u00f3n igual a la del GDPR","og_url":"https:\/\/www.accuratereviews.com\/es\/gdpr-2020-resumen-sobre-la-regulacion-de-la-ue-despues-del-rechazo-del-escudo-de-privacidad\/","og_site_name":"Accurate Reviews","article_modified_time":"2021-04-20T10:40:32+00:00","og_image":[{"url":"https:\/\/www.accuratereviews.com\/wp-content\/uploads\/2021\/04\/gdpr-email-marketing-dopo-annullamentoprivacy-shield.jpg","type":"","width":"","height":""}],"twitter_card":"summary_large_image","twitter_misc":{"Tiempo de lectura":"3 minutos"},"schema":{"@context":"https:\/\/schema.org","@graph":[{"@type":"WebPage","@id":"https:\/\/www.accuratereviews.com\/es\/gdpr-2020-resumen-sobre-la-regulacion-de-la-ue-despues-del-rechazo-del-escudo-de-privacidad\/","url":"https:\/\/www.accuratereviews.com\/es\/gdpr-2020-resumen-sobre-la-regulacion-de-la-ue-despues-del-rechazo-del-escudo-de-privacidad\/","name":"GDPR 2020, regulaci\u00f3n UE despu\u00e9s del rechazo del Escudo de privacidad","isPartOf":{"@id":"https:\/\/www.accuratereviews.com\/es\/#website"},"primaryImageOfPage":{"@id":"https:\/\/www.accuratereviews.com\/es\/gdpr-2020-resumen-sobre-la-regulacion-de-la-ue-despues-del-rechazo-del-escudo-de-privacidad\/#primaryimage"},"image":{"@id":"https:\/\/www.accuratereviews.com\/es\/gdpr-2020-resumen-sobre-la-regulacion-de-la-ue-despues-del-rechazo-del-escudo-de-privacidad\/#primaryimage"},"thumbnailUrl":"https:\/\/www.accuratereviews.com\/wp-content\/uploads\/2021\/04\/gdpr-email-marketing-dopo-annullamentoprivacy-shield.jpg","datePublished":"2021-04-19T08:15:11+00:00","dateModified":"2021-04-20T10:40:32+00:00","description":"Con la cancelaci\u00f3n del Escudo de privacidad, los datos personales ya no pueden viajar libremente, sin una protecci\u00f3n igual a la del GDPR","breadcrumb":{"@id":"https:\/\/www.accuratereviews.com\/es\/gdpr-2020-resumen-sobre-la-regulacion-de-la-ue-despues-del-rechazo-del-escudo-de-privacidad\/#breadcrumb"},"inLanguage":"es","potentialAction":[{"@type":"ReadAction","target":["https:\/\/www.accuratereviews.com\/es\/gdpr-2020-resumen-sobre-la-regulacion-de-la-ue-despues-del-rechazo-del-escudo-de-privacidad\/"]}]},{"@type":"ImageObject","inLanguage":"es","@id":"https:\/\/www.accuratereviews.com\/es\/gdpr-2020-resumen-sobre-la-regulacion-de-la-ue-despues-del-rechazo-del-escudo-de-privacidad\/#primaryimage","url":"https:\/\/www.accuratereviews.com\/wp-content\/uploads\/2021\/04\/gdpr-email-marketing-dopo-annullamentoprivacy-shield.jpg","contentUrl":"https:\/\/www.accuratereviews.com\/wp-content\/uploads\/2021\/04\/gdpr-email-marketing-dopo-annullamentoprivacy-shield.jpg"},{"@type":"BreadcrumbList","@id":"https:\/\/www.accuratereviews.com\/es\/gdpr-2020-resumen-sobre-la-regulacion-de-la-ue-despues-del-rechazo-del-escudo-de-privacidad\/#breadcrumb","itemListElement":[{"@type":"ListItem","position":1,"name":"Home","item":"https:\/\/www.accuratereviews.com\/es\/"},{"@type":"ListItem","position":2,"name":"GDPR 2020, resumen sobre la regulaci\u00f3n de la UE despu\u00e9s del rechazo del Escudo de privacidad"}]},{"@type":"WebSite","@id":"https:\/\/www.accuratereviews.com\/es\/#website","url":"https:\/\/www.accuratereviews.com\/es\/","name":"Accurate Reviews","description":"","potentialAction":[{"@type":"SearchAction","target":{"@type":"EntryPoint","urlTemplate":"https:\/\/www.accuratereviews.com\/es\/?s={search_term_string}"},"query-input":{"@type":"PropertyValueSpecification","valueRequired":true,"valueName":"search_term_string"}}],"inLanguage":"es"}]}},"_links":{"self":[{"href":"https:\/\/www.accuratereviews.com\/es\/wp-json\/wp\/v2\/pages\/40270","targetHints":{"allow":["GET"]}}],"collection":[{"href":"https:\/\/www.accuratereviews.com\/es\/wp-json\/wp\/v2\/pages"}],"about":[{"href":"https:\/\/www.accuratereviews.com\/es\/wp-json\/wp\/v2\/types\/page"}],"author":[{"embeddable":true,"href":"https:\/\/www.accuratereviews.com\/es\/wp-json\/wp\/v2\/users\/11"}],"replies":[{"embeddable":true,"href":"https:\/\/www.accuratereviews.com\/es\/wp-json\/wp\/v2\/comments?post=40270"}],"version-history":[{"count":4,"href":"https:\/\/www.accuratereviews.com\/es\/wp-json\/wp\/v2\/pages\/40270\/revisions"}],"predecessor-version":[{"id":40478,"href":"https:\/\/www.accuratereviews.com\/es\/wp-json\/wp\/v2\/pages\/40270\/revisions\/40478"}],"wp:attachment":[{"href":"https:\/\/www.accuratereviews.com\/es\/wp-json\/wp\/v2\/media?parent=40270"}],"wp:term":[{"taxonomy":"category","embeddable":true,"href":"https:\/\/www.accuratereviews.com\/es\/wp-json\/wp\/v2\/categories?post=40270"},{"taxonomy":"post_tag","embeddable":true,"href":"https:\/\/www.accuratereviews.com\/es\/wp-json\/wp\/v2\/tags?post=40270"},{"taxonomy":"features","embeddable":true,"href":"https:\/\/www.accuratereviews.com\/es\/wp-json\/wp\/v2\/features?post=40270"}],"curies":[{"name":"wp","href":"https:\/\/api.w.org\/{rel}","templated":true}]}}