{"id":40426,"date":"2021-04-20T08:12:15","date_gmt":"2021-04-20T08:12:15","guid":{"rendered":"https:\/\/www.accuratereviews.com\/?page_id=40426"},"modified":"2021-04-20T10:39:46","modified_gmt":"2021-04-20T10:39:46","slug":"rgpd-2020-resume-du-reglement-de-lue-apres-labolition-du-privacy-shield","status":"publish","type":"page","link":"https:\/\/www.accuratereviews.com\/fr\/rgpd-2020-resume-du-reglement-de-lue-apres-labolition-du-privacy-shield\/","title":{"rendered":"RGPD 2020 : R\u00e9sum\u00e9 du r\u00e8glement de l&rsquo;UE apr\u00e8s l&rsquo;abolition du Privacy Shield"},"content":{"rendered":"<p>En juillet 2020, la Cour de justice de l&rsquo;Union europ\u00e9enne a d\u00e9clar\u00e9 que la protection des donn\u00e9es personnelles offerte par le <strong>Privacy Shield UE-\u00c9tats-Unis<\/strong> \u00e9tait inad\u00e9quate, car non conforme au RGPD. De nombreuses entreprises am\u00e9ricaines qui traitent des donn\u00e9es d&rsquo;utilisateurs europ\u00e9ens (comme <strong>Mailchimp<\/strong>, <strong>Active Campaign<\/strong>, <strong>Campaign Monitor<\/strong> et d&rsquo;autres <a href=\"https:\/\/www.accuratereviews.com\/fr\/les-meilleures-plateformes-demail-marketing-en-francais\/\" title=\"Les meilleures plateformes d\u2019email marketing en fran\u00e7ais\">logiciels de marketing par courriel de premier plan<\/a>, <strong>Sendgrid<\/strong>, <strong>SMTP.com<\/strong> et <strong>Mailgun<\/strong>, et d&rsquo;autres services SMTP professionnels) ont fond\u00e9 leur activit\u00e9 sur le Privacy Shield, qui pr\u00e9voyait l&rsquo;\u00e9laboration d&rsquo;une sorte d&rsquo;autocertification dans laquelle \u00e9tait d\u00e9clar\u00e9e l&rsquo;adoption de mesures de protection ad\u00e9quates pour la protection des donn\u00e9es. Avec l&rsquo;abolition de cet accord entre les \u00c9tats-Unis et l&rsquo;UE, la seule fa\u00e7on pour les entreprises am\u00e9ricaines de continuer \u00e0 op\u00e9rer ici semble \u00eatre de d\u00e9placer leur si\u00e8ge en Europe. En raison de ces faits, vous devrez peut-\u00eatre trouver des <a href=\"https:\/\/www.accuratereviews.com\/fr\/les-meilleures-plateformes-demail-marketing-en-francais\/\" title=\"Les meilleures plateformes d\u2019email marketing en fran\u00e7ais\"><strong>alternatives europ\u00e9ennes \u00e0 Mailchimp<\/strong><\/a>, qui assurent la protection de vos donn\u00e9es personnelles conform\u00e9ment au RGPD.<\/p>\n<span id=\"g1-space-1\" class=\"g1-space \" style=\"height:30px;\"><\/span>\n<h2>R\u00e8gles de l&rsquo;UE en mati\u00e8re de protection de la vie priv\u00e9e pour les entreprises non europ\u00e9ennes<\/h2>\n<p>La Cour de justice de l&rsquo;Union europ\u00e9enne s&rsquo;est prononc\u00e9e contre le bouclier UE-\u00c9tats-Unis, car <strong>le r\u00e8glement int\u00e9rieur am\u00e9ricain n&rsquo;assurerait pas des garanties suffisantes<\/strong> en mati\u00e8re de protection des donn\u00e9es. Toutefois, les clauses contractuelles relatives aux donn\u00e9es ont \u00e9t\u00e9 consid\u00e9r\u00e9es comme valables pour les entreprises am\u00e9ricaines, mais seulement si elles sont accompagn\u00e9es d&rsquo;autres garanties qui rendent les contrats parfaitement align\u00e9s sur le RGPD.<\/p>\n<p>Dans tous les cas, ceux qui utilisent Mailchimp ou d&rsquo;autres syst\u00e8mes am\u00e9ricains pour envoyer leurs e-mails doivent s&rsquo;assurer que <strong>le destinataire a explicitement consenti au transfert de donn\u00e9es en dehors de l&rsquo;UE<\/strong>, apr\u00e8s avoir \u00e9t\u00e9 inform\u00e9 des risques \u00e9ventuels.<\/p>\n<p>En substance, le niveau de protection des donn\u00e9es (c&rsquo;est-\u00e0-dire l&rsquo;ensemble des garanties ad\u00e9quates, des droits ex\u00e9cutoires et des recours effectifs) requis dans le cadre du transfert de donn\u00e9es de l&rsquo;UE vers des pays tiers doit \u00eatre \u00e9quivalent \u00e0 celui garanti par le dans l&rsquo;Union. Pour cette raison (puisqu&rsquo;il peut ne pas y avoir d&rsquo;\u00e9quivalence r\u00e9elle en raison des diff\u00e9rents syst\u00e8mes juridiques, de la distance et des diff\u00e9rentes langues), malgr\u00e9 la validit\u00e9 des clauses contractuelles, de nombreuses entreprises europ\u00e9ennes peuvent ne pas se sentir \u00e0 l&rsquo;aise de confier leurs donn\u00e9es \u00e0 un <strong>service de email marketing am\u00e9ricain<\/strong>.<\/p>\n<span id=\"g1-space-2\" class=\"g1-space \" style=\"height:30px;\"><\/span>\n<h2>Le RGPD et l&#8217;email marketing apr\u00e8s l&rsquo;abolition du Privacy Shield<\/h2>\n<p><img loading=\"lazy\" decoding=\"async\" src=\"https:\/\/www.accuratereviews.com\/wp-content\/uploads\/2021\/04\/gdpr-email-marketing-dopo-annullamentoprivacy-shield.jpg\" alt=\"RGPD 2020 : R\u00e9sum\u00e9 du r\u00e8glement de l'UE apr\u00e8s l'abolition du Privacy Shield\" width=\"900\" height=\"407\" \/><\/p>\n<p>Dans le cas d&rsquo;une <strong>plateforme d&#8217;email marketing<\/strong>, le transfert de donn\u00e9es a lieu sur des serveurs dans l\u2019Etats-Unis et leur traitement est soumis \u00e0 la r\u00e9glementation interne am\u00e9ricaine, il est donc difficile pour une entreprise am\u00e9ricaine de garantir les m\u00eames normes de protection des donn\u00e9es qu&rsquo;une entreprise europ\u00e9enne align\u00e9e sur le RGPD. Les syst\u00e8mes juridiques en vigueur dans les \u00c9tats europ\u00e9ens sont en effet tr\u00e8s diff\u00e9rents de ceux en vigueur aux \u00c9tats-Unis et &#8211; \u00e9galement en mati\u00e8re de protection de la vie priv\u00e9e &#8211; <strong>le droit national est toujours destin\u00e9 \u00e0 pr\u00e9valoir<\/strong>.<\/p>\n<p>La d\u00e9cision de la Cour de justice de l&rsquo;Union europ\u00e9enne semble enfin venir au secours des entreprises europ\u00e9ennes, qui ont toujours \u00e9t\u00e9 \u00e9clips\u00e9es par les entreprises am\u00e9ricaines. Alors que des entreprises am\u00e9ricaines comme Mailchimp op\u00e8rent tranquillement sur le territoire sans avoir \u00e0 se conformer \u00e0 la r\u00e9glementation fiscale.<\/p>\n<span id=\"g1-space-3\" class=\"g1-space \" style=\"height:30px;\"><\/span>\n<h2>Conclusions<\/h2>\n<p>R\u00e9cemment, l&rsquo;autorit\u00e9 bavaroise de protection des donn\u00e9es s&rsquo;est prononc\u00e9e contre Mailchimp, jugeant insuffisantes les garanties offertes pour le transfert de donn\u00e9es vers les \u00c9tats-Unis. Aucune sanction financi\u00e8re n&rsquo;a \u00e9t\u00e9 inflig\u00e9e \u00e0 la soci\u00e9t\u00e9 am\u00e9ricaine, mais un simple avertissement qui constitue pourtant un pr\u00e9c\u00e9dent. Le transfert de donn\u00e9es vers des pays tiers devrait, en effet, \u00eatre consid\u00e9r\u00e9 comme ill\u00e9gitime si les clauses contractuelles ne sont pas accompagn\u00e9es de mesures suppl\u00e9mentaires permettant une totale <strong>conformit\u00e9 avec le RGPD<\/strong>.<\/p>\n","protected":false},"excerpt":{"rendered":"<p>En juillet 2020, la Cour de justice de l&rsquo;Union europ\u00e9enne a d\u00e9clar\u00e9 que la protection des donn\u00e9es personnelles offerte par le Privacy Shield UE-\u00c9tats-Unis \u00e9tait inad\u00e9quate, car non conforme au RGPD. De nombreuses entreprises am\u00e9ricaines qui traitent des donn\u00e9es d&rsquo;utilisateurs europ\u00e9ens (comme Mailchimp, Active Campaign, Campaign Monitor et d&rsquo;autres logiciels de marketing par courriel de [&hellip;]<\/p>\n","protected":false},"author":11,"featured_media":0,"parent":0,"menu_order":0,"comment_status":"closed","ping_status":"closed","template":"","meta":{"_acf_changed":false,"cwp_meta_box_check":"No","cwp_rev_product_name":"","cwp_rev_product_image":"","wppr_links":[],"cwp_rev_price":"","wppr_options":[],"wppr_pros":[],"wppr_cons":[],"_monsterinsights_skip_tracking":false,"_monsterinsights_sitenote_active":false,"_monsterinsights_sitenote_note":"","_monsterinsights_sitenote_category":0,"footnotes":""},"categories":[],"tags":[],"features":[],"class_list":["post-40426","page","type-page","status-publish"],"wppr_data":{"cwp_meta_box_check":"No"},"acf":[],"yoast_head":"<!-- This site is optimized with the Yoast SEO plugin v27.4 - https:\/\/yoast.com\/product\/yoast-seo-wordpress\/ -->\n<title>RGPD 2020: R\u00e9sum\u00e9 du r\u00e8glement UE apr\u00e8s l&#039;abolition du Privacy Shield<\/title>\n<meta name=\"description\" content=\"Suite \u00e0 l&#039;abolition du Privacy Shield, les donn\u00e9es personnelles ne peuvent plus voyager librement, sans une protection \u00e9gale \u00e0 celle du RGPD\" \/>\n<meta name=\"robots\" content=\"index, follow, max-snippet:-1, max-image-preview:large, max-video-preview:-1\" \/>\n<link rel=\"canonical\" href=\"https:\/\/www.accuratereviews.com\/fr\/rgpd-2020-resume-du-reglement-de-lue-apres-labolition-du-privacy-shield\/\" \/>\n<meta property=\"og:locale\" content=\"fr_FR\" \/>\n<meta property=\"og:type\" content=\"article\" \/>\n<meta property=\"og:title\" content=\"RGPD 2020: R\u00e9sum\u00e9 du r\u00e8glement UE apr\u00e8s l&#039;abolition du Privacy Shield\" \/>\n<meta property=\"og:description\" content=\"Suite \u00e0 l&#039;abolition du Privacy Shield, les donn\u00e9es personnelles ne peuvent plus voyager librement, sans une protection \u00e9gale \u00e0 celle du RGPD\" \/>\n<meta property=\"og:url\" content=\"https:\/\/www.accuratereviews.com\/fr\/rgpd-2020-resume-du-reglement-de-lue-apres-labolition-du-privacy-shield\/\" \/>\n<meta property=\"og:site_name\" content=\"Accurate Reviews\" \/>\n<meta property=\"article:modified_time\" content=\"2021-04-20T10:39:46+00:00\" \/>\n<meta property=\"og:image\" content=\"https:\/\/www.accuratereviews.com\/wp-content\/uploads\/2021\/04\/gdpr-email-marketing-dopo-annullamentoprivacy-shield.jpg\" \/>\n<meta name=\"twitter:card\" content=\"summary_large_image\" \/>\n<meta name=\"twitter:label1\" content=\"Dur\u00e9e de lecture estim\u00e9e\" \/>\n\t<meta name=\"twitter:data1\" content=\"3 minutes\" \/>\n<script type=\"application\/ld+json\" class=\"yoast-schema-graph\">{\"@context\":\"https:\\\/\\\/schema.org\",\"@graph\":[{\"@type\":\"WebPage\",\"@id\":\"https:\\\/\\\/www.accuratereviews.com\\\/fr\\\/rgpd-2020-resume-du-reglement-de-lue-apres-labolition-du-privacy-shield\\\/\",\"url\":\"https:\\\/\\\/www.accuratereviews.com\\\/fr\\\/rgpd-2020-resume-du-reglement-de-lue-apres-labolition-du-privacy-shield\\\/\",\"name\":\"RGPD 2020: R\u00e9sum\u00e9 du r\u00e8glement UE apr\u00e8s l'abolition du Privacy Shield\",\"isPartOf\":{\"@id\":\"https:\\\/\\\/www.accuratereviews.com\\\/fr\\\/#website\"},\"primaryImageOfPage\":{\"@id\":\"https:\\\/\\\/www.accuratereviews.com\\\/fr\\\/rgpd-2020-resume-du-reglement-de-lue-apres-labolition-du-privacy-shield\\\/#primaryimage\"},\"image\":{\"@id\":\"https:\\\/\\\/www.accuratereviews.com\\\/fr\\\/rgpd-2020-resume-du-reglement-de-lue-apres-labolition-du-privacy-shield\\\/#primaryimage\"},\"thumbnailUrl\":\"https:\\\/\\\/www.accuratereviews.com\\\/wp-content\\\/uploads\\\/2021\\\/04\\\/gdpr-email-marketing-dopo-annullamentoprivacy-shield.jpg\",\"datePublished\":\"2021-04-20T08:12:15+00:00\",\"dateModified\":\"2021-04-20T10:39:46+00:00\",\"description\":\"Suite \u00e0 l'abolition du Privacy Shield, les donn\u00e9es personnelles ne peuvent plus voyager librement, sans une protection \u00e9gale \u00e0 celle du RGPD\",\"breadcrumb\":{\"@id\":\"https:\\\/\\\/www.accuratereviews.com\\\/fr\\\/rgpd-2020-resume-du-reglement-de-lue-apres-labolition-du-privacy-shield\\\/#breadcrumb\"},\"inLanguage\":\"fr-FR\",\"potentialAction\":[{\"@type\":\"ReadAction\",\"target\":[\"https:\\\/\\\/www.accuratereviews.com\\\/fr\\\/rgpd-2020-resume-du-reglement-de-lue-apres-labolition-du-privacy-shield\\\/\"]}]},{\"@type\":\"ImageObject\",\"inLanguage\":\"fr-FR\",\"@id\":\"https:\\\/\\\/www.accuratereviews.com\\\/fr\\\/rgpd-2020-resume-du-reglement-de-lue-apres-labolition-du-privacy-shield\\\/#primaryimage\",\"url\":\"https:\\\/\\\/www.accuratereviews.com\\\/wp-content\\\/uploads\\\/2021\\\/04\\\/gdpr-email-marketing-dopo-annullamentoprivacy-shield.jpg\",\"contentUrl\":\"https:\\\/\\\/www.accuratereviews.com\\\/wp-content\\\/uploads\\\/2021\\\/04\\\/gdpr-email-marketing-dopo-annullamentoprivacy-shield.jpg\"},{\"@type\":\"BreadcrumbList\",\"@id\":\"https:\\\/\\\/www.accuratereviews.com\\\/fr\\\/rgpd-2020-resume-du-reglement-de-lue-apres-labolition-du-privacy-shield\\\/#breadcrumb\",\"itemListElement\":[{\"@type\":\"ListItem\",\"position\":1,\"name\":\"Home\",\"item\":\"https:\\\/\\\/www.accuratereviews.com\\\/fr\\\/\"},{\"@type\":\"ListItem\",\"position\":2,\"name\":\"RGPD 2020 : R\u00e9sum\u00e9 du r\u00e8glement de l&#8217;UE apr\u00e8s l&#8217;abolition du Privacy Shield\"}]},{\"@type\":\"WebSite\",\"@id\":\"https:\\\/\\\/www.accuratereviews.com\\\/fr\\\/#website\",\"url\":\"https:\\\/\\\/www.accuratereviews.com\\\/fr\\\/\",\"name\":\"Accurate Reviews\",\"description\":\"\",\"potentialAction\":[{\"@type\":\"SearchAction\",\"target\":{\"@type\":\"EntryPoint\",\"urlTemplate\":\"https:\\\/\\\/www.accuratereviews.com\\\/fr\\\/?s={search_term_string}\"},\"query-input\":{\"@type\":\"PropertyValueSpecification\",\"valueRequired\":true,\"valueName\":\"search_term_string\"}}],\"inLanguage\":\"fr-FR\"}]}<\/script>\n<!-- \/ Yoast SEO plugin. -->","yoast_head_json":{"title":"RGPD 2020: R\u00e9sum\u00e9 du r\u00e8glement UE apr\u00e8s l'abolition du Privacy Shield","description":"Suite \u00e0 l'abolition du Privacy Shield, les donn\u00e9es personnelles ne peuvent plus voyager librement, sans une protection \u00e9gale \u00e0 celle du RGPD","robots":{"index":"index","follow":"follow","max-snippet":"max-snippet:-1","max-image-preview":"max-image-preview:large","max-video-preview":"max-video-preview:-1"},"canonical":"https:\/\/www.accuratereviews.com\/fr\/rgpd-2020-resume-du-reglement-de-lue-apres-labolition-du-privacy-shield\/","og_locale":"fr_FR","og_type":"article","og_title":"RGPD 2020: R\u00e9sum\u00e9 du r\u00e8glement UE apr\u00e8s l'abolition du Privacy Shield","og_description":"Suite \u00e0 l'abolition du Privacy Shield, les donn\u00e9es personnelles ne peuvent plus voyager librement, sans une protection \u00e9gale \u00e0 celle du RGPD","og_url":"https:\/\/www.accuratereviews.com\/fr\/rgpd-2020-resume-du-reglement-de-lue-apres-labolition-du-privacy-shield\/","og_site_name":"Accurate Reviews","article_modified_time":"2021-04-20T10:39:46+00:00","og_image":[{"url":"https:\/\/www.accuratereviews.com\/wp-content\/uploads\/2021\/04\/gdpr-email-marketing-dopo-annullamentoprivacy-shield.jpg","type":"","width":"","height":""}],"twitter_card":"summary_large_image","twitter_misc":{"Dur\u00e9e de lecture estim\u00e9e":"3 minutes"},"schema":{"@context":"https:\/\/schema.org","@graph":[{"@type":"WebPage","@id":"https:\/\/www.accuratereviews.com\/fr\/rgpd-2020-resume-du-reglement-de-lue-apres-labolition-du-privacy-shield\/","url":"https:\/\/www.accuratereviews.com\/fr\/rgpd-2020-resume-du-reglement-de-lue-apres-labolition-du-privacy-shield\/","name":"RGPD 2020: R\u00e9sum\u00e9 du r\u00e8glement UE apr\u00e8s l'abolition du Privacy Shield","isPartOf":{"@id":"https:\/\/www.accuratereviews.com\/fr\/#website"},"primaryImageOfPage":{"@id":"https:\/\/www.accuratereviews.com\/fr\/rgpd-2020-resume-du-reglement-de-lue-apres-labolition-du-privacy-shield\/#primaryimage"},"image":{"@id":"https:\/\/www.accuratereviews.com\/fr\/rgpd-2020-resume-du-reglement-de-lue-apres-labolition-du-privacy-shield\/#primaryimage"},"thumbnailUrl":"https:\/\/www.accuratereviews.com\/wp-content\/uploads\/2021\/04\/gdpr-email-marketing-dopo-annullamentoprivacy-shield.jpg","datePublished":"2021-04-20T08:12:15+00:00","dateModified":"2021-04-20T10:39:46+00:00","description":"Suite \u00e0 l'abolition du Privacy Shield, les donn\u00e9es personnelles ne peuvent plus voyager librement, sans une protection \u00e9gale \u00e0 celle du RGPD","breadcrumb":{"@id":"https:\/\/www.accuratereviews.com\/fr\/rgpd-2020-resume-du-reglement-de-lue-apres-labolition-du-privacy-shield\/#breadcrumb"},"inLanguage":"fr-FR","potentialAction":[{"@type":"ReadAction","target":["https:\/\/www.accuratereviews.com\/fr\/rgpd-2020-resume-du-reglement-de-lue-apres-labolition-du-privacy-shield\/"]}]},{"@type":"ImageObject","inLanguage":"fr-FR","@id":"https:\/\/www.accuratereviews.com\/fr\/rgpd-2020-resume-du-reglement-de-lue-apres-labolition-du-privacy-shield\/#primaryimage","url":"https:\/\/www.accuratereviews.com\/wp-content\/uploads\/2021\/04\/gdpr-email-marketing-dopo-annullamentoprivacy-shield.jpg","contentUrl":"https:\/\/www.accuratereviews.com\/wp-content\/uploads\/2021\/04\/gdpr-email-marketing-dopo-annullamentoprivacy-shield.jpg"},{"@type":"BreadcrumbList","@id":"https:\/\/www.accuratereviews.com\/fr\/rgpd-2020-resume-du-reglement-de-lue-apres-labolition-du-privacy-shield\/#breadcrumb","itemListElement":[{"@type":"ListItem","position":1,"name":"Home","item":"https:\/\/www.accuratereviews.com\/fr\/"},{"@type":"ListItem","position":2,"name":"RGPD 2020 : R\u00e9sum\u00e9 du r\u00e8glement de l&#8217;UE apr\u00e8s l&#8217;abolition du Privacy Shield"}]},{"@type":"WebSite","@id":"https:\/\/www.accuratereviews.com\/fr\/#website","url":"https:\/\/www.accuratereviews.com\/fr\/","name":"Accurate Reviews","description":"","potentialAction":[{"@type":"SearchAction","target":{"@type":"EntryPoint","urlTemplate":"https:\/\/www.accuratereviews.com\/fr\/?s={search_term_string}"},"query-input":{"@type":"PropertyValueSpecification","valueRequired":true,"valueName":"search_term_string"}}],"inLanguage":"fr-FR"}]}},"_links":{"self":[{"href":"https:\/\/www.accuratereviews.com\/fr\/wp-json\/wp\/v2\/pages\/40426","targetHints":{"allow":["GET"]}}],"collection":[{"href":"https:\/\/www.accuratereviews.com\/fr\/wp-json\/wp\/v2\/pages"}],"about":[{"href":"https:\/\/www.accuratereviews.com\/fr\/wp-json\/wp\/v2\/types\/page"}],"author":[{"embeddable":true,"href":"https:\/\/www.accuratereviews.com\/fr\/wp-json\/wp\/v2\/users\/11"}],"replies":[{"embeddable":true,"href":"https:\/\/www.accuratereviews.com\/fr\/wp-json\/wp\/v2\/comments?post=40426"}],"version-history":[{"count":4,"href":"https:\/\/www.accuratereviews.com\/fr\/wp-json\/wp\/v2\/pages\/40426\/revisions"}],"predecessor-version":[{"id":40476,"href":"https:\/\/www.accuratereviews.com\/fr\/wp-json\/wp\/v2\/pages\/40426\/revisions\/40476"}],"wp:attachment":[{"href":"https:\/\/www.accuratereviews.com\/fr\/wp-json\/wp\/v2\/media?parent=40426"}],"wp:term":[{"taxonomy":"category","embeddable":true,"href":"https:\/\/www.accuratereviews.com\/fr\/wp-json\/wp\/v2\/categories?post=40426"},{"taxonomy":"post_tag","embeddable":true,"href":"https:\/\/www.accuratereviews.com\/fr\/wp-json\/wp\/v2\/tags?post=40426"},{"taxonomy":"features","embeddable":true,"href":"https:\/\/www.accuratereviews.com\/fr\/wp-json\/wp\/v2\/features?post=40426"}],"curies":[{"name":"wp","href":"https:\/\/api.w.org\/{rel}","templated":true}]}}