{"id":100444,"date":"2025-09-05T15:07:14","date_gmt":"2025-09-05T15:07:14","guid":{"rendered":"https:\/\/www.accuratereviews.com\/?page_id=100444"},"modified":"2025-09-05T15:09:31","modified_gmt":"2025-09-05T15:09:31","slug":"malbek-clm-recensione","status":"publish","type":"page","link":"https:\/\/www.accuratereviews.com\/it\/software-gestione-contratti\/malbek-clm-recensione\/","title":{"rendered":"Malbek CLM"},"content":{"rendered":"<p><strong>Malbek CLM<\/strong> \u00e8 una <strong>piattaforma cloud-native di Contract Lifecycle Management<\/strong> progettata per unificare tutti i processi contrattuali\u2014creazione, revisione, approvazione, firma, gestione delle modifiche e rinnovi\u2014in un\u2019unica esperienza intuitiva, veloce e alimentata da AI. Pensata per abbattere silos tra Legale, Vendite, Procurement e Finanza, offre configurazione no-code, flussi visivi e analisi predittive che accelerano il processo contrattuale senza compromettere il controllo.<br data-start=\"610\" data-end=\"613\" \/>Il vero valore di <strong>Malbek<\/strong> sta nella sua AI nativa (LinkAI), capace di automatizzare l\u2019estrazione di clausole, evidenziare rischi, suggerire redlining e fornire insight in tempo reale. Sviluppata per aziende in contesti regolamentati, la piattaforma \u00e8 sicura, conforme e scalabile, con integrazioni profonde (Salesforce, SAP, Coupa, DocuSign, Slack e altre). Elogiata per la sua usabilit\u00e0, la qualit\u00e0 del supporto e la capacit\u00e0 di migliorarsi, <strong>Malbek<\/strong> garantisce alto ROI grazie a implementazioni rapide e adozione rapida.<\/p>\n<h2>MALBEK CLM &#8211; TUTORIAL<\/h2>\n<div id=\"fluid-wrapper-counter-1\" class=\"g1-fluid-wrapper \" style=\"width:686px;\">\n<div style=\"padding-bottom:56.268221574344%;\"><iframe loading=\"lazy\" title=\"Malbek Essential Features\" width=\"686\" height=\"386\" src=\"https:\/\/www.youtube.com\/embed\/8b3Q_iSad28?feature=oembed&amp;wmode=transparent&amp;autohide=1&amp;autoplay=0&amp;disablekb=0&amp;fs=1&amp;loop=0&amp;enablejsapi=1&amp;rel=0&amp;controls=2&amp;showinfo=0&amp;wmode=transparent&amp;autohide=2&amp;autoplay=0&amp;disablekb=0&amp;fs=1&amp;loop=0&amp;enablejsapi=1&amp;rel=0&amp;controls=2&amp;showinfo=1\" frameborder=\"0\" allow=\"accelerometer; autoplay; clipboard-write; encrypted-media; gyroscope; picture-in-picture; web-share\" referrerpolicy=\"strict-origin-when-cross-origin\" allowfullscreen><\/iframe><\/div>\n<\/div>\n<h3>MALBEK CLM &#8211; CARATTERISTICHE<\/h3>\n<ul>\n<li data-start=\"1212\" data-end=\"1364\"><strong data-start=\"1212\" data-end=\"1236\">AI Agentica (LinkAI)<\/strong>: estrazione automatica di clausole, identificazione di rischi e assistenza intelligente durante tutto il ciclo del contratto.<\/li>\n<li data-start=\"1367\" data-end=\"1474\"><strong data-start=\"1367\" data-end=\"1394\">Configurabilit\u00e0 no-code<\/strong>: workflow, template e integrazioni configurabili anche da utenti non tecnici.<\/li>\n<li data-start=\"1477\" data-end=\"1589\"><strong data-start=\"1477\" data-end=\"1514\">Repository centralizzato e sicuro<\/strong>: archiviazione protetta con controllo accessi, versioning e audit trail.<\/li>\n<li data-start=\"1592\" data-end=\"1706\"><strong data-start=\"1592\" data-end=\"1623\">Report e analytics dinamici<\/strong>: dashboard e KPI in tempo reale su ciclo contrattuale, conformit\u00e0 e performance.<\/li>\n<li data-start=\"1709\" data-end=\"1825\"><strong data-start=\"1709\" data-end=\"1739\">Integrazioni native estese<\/strong>: connessioni dirette con sistemi enterprise (CRM, ERP, e-signature, collaboration).<\/li>\n<li data-start=\"1828\" data-end=\"1950\"><strong data-start=\"1828\" data-end=\"1850\">Conversational CLM<\/strong>: nuova interfaccia AI conversazionale per interagire con i contratti tramite linguaggio naturale.<\/li>\n<li data-start=\"1953\" data-end=\"2145\"><strong data-start=\"1953\" data-end=\"1977\">Vertical Power Packs<\/strong>: moduli specifici per settori verticali (e.g. Life Sciences, Manufacturing) con funzionalit\u00e0 come Amendment Studio e DataCubes.<\/li>\n<\/ul>\n<h4>LE RECENSIONI DEGLI UTENTI<\/h4>\n<h3 data-start=\"2446\" data-end=\"2509\">Recensioni utenti (tradotte letteralmente, solo nomi reali)<\/h3>\n<p data-start=\"2511\" data-end=\"2826\"><strong data-start=\"2511\" data-end=\"2555\">Jocelyn \u201cMi sto godendo l\u2019esperienza\u201d<\/strong><br data-start=\"2555\" data-end=\"2558\" \/>IN GENERALE: L\u2019abilit\u00e0 di monitorare rinnovi e inviare promemoria!<br data-start=\"2624\" data-end=\"2627\" \/>PRO: la possibilit\u00e0 di tracciare i rinnovi e inviare promemoria!<br data-start=\"2691\" data-end=\"2694\" \/>CONTRO: DocuSign tramite Malbek \u00e8 molto restrittivo o manca delle vere funzioni di DocuSign.<span class=\"\" data-state=\"closed\"><span class=\"ms-1 inline-flex max-w-full items-center relative top-[-0.094rem] animate-[show_150ms_ease-in]\" data-testid=\"webpage-citation-pill\"><br \/>\n<\/span><\/span><\/p>\n<p data-start=\"2828\" data-end=\"3340\"><strong data-start=\"2828\" data-end=\"2912\">U. \u201cNon vedo l\u2019ora di vedere cosa succeder\u00e0 dopo\u201d<\/strong><br data-start=\"2912\" data-end=\"2915\" \/>IN GENERALE: Malbek \u00e8 molto facile da usare, il design UX\/UI \u00e8 sopra la media. I tempi di caricamento delle schermate sono fenomenali e raramente il software rallenta il mio lavoro.<br data-start=\"3096\" data-end=\"3099\" \/>PRO: facilit\u00e0 d\u2019uso, UX\/UI eccellente, performance veloci.<br data-start=\"3157\" data-end=\"3160\" \/>CONTRO: l\u2019uso degli emendamenti presenta diverse limitazioni\u2026 non \u00e8 possibile visualizzare tutte le modifiche consolidate in un\u2019unica vista.<span class=\"\" data-state=\"closed\"><span class=\"ms-1 inline-flex max-w-full items-center relative top-[-0.094rem] animate-[show_150ms_ease-in]\" data-testid=\"webpage-citation-pill\"><br \/>\n<\/span><\/span><\/p>\n<p data-start=\"3342\" data-end=\"3712\"><strong data-start=\"3342\" data-end=\"3391\">A. \u201cMalbek \u00e8 utile e dinamico\u201d<\/strong><br data-start=\"3391\" data-end=\"3394\" \/>IN GENERALE: Funzioni robuste di salvataggio e ricerca dei contratti; una volta capito, \u00e8 facile usarle 24\/7.<br data-start=\"3503\" data-end=\"3506\" \/>PRO: repository potente, disponibilit\u00e0 24\/7 e supporto clienti utile.<br data-start=\"3575\" data-end=\"3578\" \/>CONTRO: capita di dimenticare alcuni workflow; \u00e8 parte naturale del processo di apprendimento.<\/p>\n","protected":false},"excerpt":{"rendered":"<p>Malbek CLM \u00e8 una piattaforma cloud-native di Contract Lifecycle Management progettata per unificare tutti i processi contrattuali\u2014creazione, revisione, approvazione, firma, gestione delle modifiche e rinnovi\u2014in un\u2019unica esperienza intuitiva, veloce e alimentata da AI.<\/p>\n","protected":false},"author":17,"featured_media":100447,"parent":97761,"menu_order":0,"comment_status":"open","ping_status":"closed","template":"g1_template_page_review_new.php","meta":{"_acf_changed":false,"cwp_meta_box_check":"No","cwp_rev_product_name":"","cwp_rev_product_image":"","wppr_links":[],"cwp_rev_price":"","wppr_options":[],"wppr_pros":[],"wppr_cons":[],"_monsterinsights_skip_tracking":false,"_monsterinsights_sitenote_active":false,"_monsterinsights_sitenote_note":"","_monsterinsights_sitenote_category":0,"footnotes":""},"categories":[16449],"tags":[16491,16454,16452,16451,16453],"features":[],"class_list":{"0":"post-100444","1":"page","2":"type-page","3":"status-publish","4":"has-post-thumbnail","6":"category-software-gestione-contratti-cat","7":"tag-app-gestione-contratti","8":"tag-piattaforma-gestione-contratti","9":"tag-programma-gestione-contratti","10":"tag-software-gestione-contratti","11":"tag-soluzione-gestione-contratti"},"wppr_data":{"cwp_meta_box_check":"No"},"acf":[],"yoast_head":"<!-- This site is optimized with the Yoast SEO plugin v27.4 - https:\/\/yoast.com\/product\/yoast-seo-wordpress\/ -->\n<title>Malbek CLM: recensione software gestione contratti - Accurate Reviews<\/title>\n<meta name=\"description\" content=\"Malbek CLM: recensione piattaforma cloud-native di CLM progettata per unificare tutti i processi contrattuali.\" \/>\n<meta name=\"robots\" content=\"index, follow, max-snippet:-1, max-image-preview:large, max-video-preview:-1\" \/>\n<link rel=\"canonical\" href=\"https:\/\/www.accuratereviews.com\/it\/software-gestione-contratti\/malbek-clm-recensione\/\" \/>\n<meta property=\"og:locale\" content=\"it_IT\" \/>\n<meta property=\"og:type\" content=\"article\" \/>\n<meta property=\"og:title\" content=\"Malbek CLM: recensione software gestione contratti - Accurate Reviews\" \/>\n<meta property=\"og:description\" content=\"Malbek CLM: recensione piattaforma cloud-native di CLM progettata per unificare tutti i processi contrattuali.\" \/>\n<meta property=\"og:url\" content=\"https:\/\/www.accuratereviews.com\/it\/software-gestione-contratti\/malbek-clm-recensione\/\" \/>\n<meta property=\"og:site_name\" content=\"Accurate Reviews\" \/>\n<meta property=\"article:modified_time\" content=\"2025-09-05T15:09:31+00:00\" \/>\n<meta property=\"og:image\" content=\"https:\/\/www.accuratereviews.com\/wp-content\/uploads\/2025\/09\/malbek-crm-new-logo-lightwine-cmyk.jpg\" \/>\n\t<meta property=\"og:image:width\" content=\"2320\" \/>\n\t<meta property=\"og:image:height\" content=\"741\" \/>\n\t<meta property=\"og:image:type\" content=\"image\/jpeg\" \/>\n<meta name=\"twitter:card\" content=\"summary_large_image\" \/>\n<meta name=\"twitter:label1\" content=\"Tempo di lettura stimato\" \/>\n\t<meta name=\"twitter:data1\" content=\"4 minuti\" \/>\n<script type=\"application\/ld+json\" class=\"yoast-schema-graph\">{\"@context\":\"https:\\\/\\\/schema.org\",\"@graph\":[{\"@type\":\"WebPage\",\"@id\":\"https:\\\/\\\/www.accuratereviews.com\\\/it\\\/software-gestione-contratti\\\/malbek-clm-recensione\\\/\",\"url\":\"https:\\\/\\\/www.accuratereviews.com\\\/it\\\/software-gestione-contratti\\\/malbek-clm-recensione\\\/\",\"name\":\"Malbek CLM: recensione software gestione contratti - Accurate Reviews\",\"isPartOf\":{\"@id\":\"https:\\\/\\\/www.accuratereviews.com\\\/it\\\/#website\"},\"primaryImageOfPage\":{\"@id\":\"https:\\\/\\\/www.accuratereviews.com\\\/it\\\/software-gestione-contratti\\\/malbek-clm-recensione\\\/#primaryimage\"},\"image\":{\"@id\":\"https:\\\/\\\/www.accuratereviews.com\\\/it\\\/software-gestione-contratti\\\/malbek-clm-recensione\\\/#primaryimage\"},\"thumbnailUrl\":\"https:\\\/\\\/www.accuratereviews.com\\\/wp-content\\\/uploads\\\/2025\\\/09\\\/malbek-crm-new-logo-lightwine-cmyk.jpg\",\"datePublished\":\"2025-09-05T15:07:14+00:00\",\"dateModified\":\"2025-09-05T15:09:31+00:00\",\"description\":\"Malbek CLM: recensione piattaforma cloud-native di CLM progettata per unificare tutti i processi contrattuali.\",\"breadcrumb\":{\"@id\":\"https:\\\/\\\/www.accuratereviews.com\\\/it\\\/software-gestione-contratti\\\/malbek-clm-recensione\\\/#breadcrumb\"},\"inLanguage\":\"it-IT\",\"potentialAction\":[{\"@type\":\"ReadAction\",\"target\":[\"https:\\\/\\\/www.accuratereviews.com\\\/it\\\/software-gestione-contratti\\\/malbek-clm-recensione\\\/\"]}]},{\"@type\":\"ImageObject\",\"inLanguage\":\"it-IT\",\"@id\":\"https:\\\/\\\/www.accuratereviews.com\\\/it\\\/software-gestione-contratti\\\/malbek-clm-recensione\\\/#primaryimage\",\"url\":\"https:\\\/\\\/www.accuratereviews.com\\\/wp-content\\\/uploads\\\/2025\\\/09\\\/malbek-crm-new-logo-lightwine-cmyk.jpg\",\"contentUrl\":\"https:\\\/\\\/www.accuratereviews.com\\\/wp-content\\\/uploads\\\/2025\\\/09\\\/malbek-crm-new-logo-lightwine-cmyk.jpg\",\"width\":2320,\"height\":741},{\"@type\":\"BreadcrumbList\",\"@id\":\"https:\\\/\\\/www.accuratereviews.com\\\/it\\\/software-gestione-contratti\\\/malbek-clm-recensione\\\/#breadcrumb\",\"itemListElement\":[{\"@type\":\"ListItem\",\"position\":1,\"name\":\"Home\",\"item\":\"https:\\\/\\\/www.accuratereviews.com\\\/it\\\/\"},{\"@type\":\"ListItem\",\"position\":2,\"name\":\"Software gestione contratti\",\"item\":\"https:\\\/\\\/www.accuratereviews.com\\\/it\\\/software-gestione-contratti\\\/\"},{\"@type\":\"ListItem\",\"position\":3,\"name\":\"Malbek CLM\"}]},{\"@type\":\"WebSite\",\"@id\":\"https:\\\/\\\/www.accuratereviews.com\\\/it\\\/#website\",\"url\":\"https:\\\/\\\/www.accuratereviews.com\\\/it\\\/\",\"name\":\"Accurate Reviews\",\"description\":\"\",\"potentialAction\":[{\"@type\":\"SearchAction\",\"target\":{\"@type\":\"EntryPoint\",\"urlTemplate\":\"https:\\\/\\\/www.accuratereviews.com\\\/it\\\/?s={search_term_string}\"},\"query-input\":{\"@type\":\"PropertyValueSpecification\",\"valueRequired\":true,\"valueName\":\"search_term_string\"}}],\"inLanguage\":\"it-IT\"}]}<\/script>\n<!-- \/ Yoast SEO plugin. -->","yoast_head_json":{"title":"Malbek CLM: recensione software gestione contratti - Accurate Reviews","description":"Malbek CLM: recensione piattaforma cloud-native di CLM progettata per unificare tutti i processi contrattuali.","robots":{"index":"index","follow":"follow","max-snippet":"max-snippet:-1","max-image-preview":"max-image-preview:large","max-video-preview":"max-video-preview:-1"},"canonical":"https:\/\/www.accuratereviews.com\/it\/software-gestione-contratti\/malbek-clm-recensione\/","og_locale":"it_IT","og_type":"article","og_title":"Malbek CLM: recensione software gestione contratti - Accurate Reviews","og_description":"Malbek CLM: recensione piattaforma cloud-native di CLM progettata per unificare tutti i processi contrattuali.","og_url":"https:\/\/www.accuratereviews.com\/it\/software-gestione-contratti\/malbek-clm-recensione\/","og_site_name":"Accurate Reviews","article_modified_time":"2025-09-05T15:09:31+00:00","og_image":[{"width":2320,"height":741,"url":"https:\/\/www.accuratereviews.com\/wp-content\/uploads\/2025\/09\/malbek-crm-new-logo-lightwine-cmyk.jpg","type":"image\/jpeg"}],"twitter_card":"summary_large_image","twitter_misc":{"Tempo di lettura stimato":"4 minuti"},"schema":{"@context":"https:\/\/schema.org","@graph":[{"@type":"WebPage","@id":"https:\/\/www.accuratereviews.com\/it\/software-gestione-contratti\/malbek-clm-recensione\/","url":"https:\/\/www.accuratereviews.com\/it\/software-gestione-contratti\/malbek-clm-recensione\/","name":"Malbek CLM: recensione software gestione contratti - Accurate Reviews","isPartOf":{"@id":"https:\/\/www.accuratereviews.com\/it\/#website"},"primaryImageOfPage":{"@id":"https:\/\/www.accuratereviews.com\/it\/software-gestione-contratti\/malbek-clm-recensione\/#primaryimage"},"image":{"@id":"https:\/\/www.accuratereviews.com\/it\/software-gestione-contratti\/malbek-clm-recensione\/#primaryimage"},"thumbnailUrl":"https:\/\/www.accuratereviews.com\/wp-content\/uploads\/2025\/09\/malbek-crm-new-logo-lightwine-cmyk.jpg","datePublished":"2025-09-05T15:07:14+00:00","dateModified":"2025-09-05T15:09:31+00:00","description":"Malbek CLM: recensione piattaforma cloud-native di CLM progettata per unificare tutti i processi contrattuali.","breadcrumb":{"@id":"https:\/\/www.accuratereviews.com\/it\/software-gestione-contratti\/malbek-clm-recensione\/#breadcrumb"},"inLanguage":"it-IT","potentialAction":[{"@type":"ReadAction","target":["https:\/\/www.accuratereviews.com\/it\/software-gestione-contratti\/malbek-clm-recensione\/"]}]},{"@type":"ImageObject","inLanguage":"it-IT","@id":"https:\/\/www.accuratereviews.com\/it\/software-gestione-contratti\/malbek-clm-recensione\/#primaryimage","url":"https:\/\/www.accuratereviews.com\/wp-content\/uploads\/2025\/09\/malbek-crm-new-logo-lightwine-cmyk.jpg","contentUrl":"https:\/\/www.accuratereviews.com\/wp-content\/uploads\/2025\/09\/malbek-crm-new-logo-lightwine-cmyk.jpg","width":2320,"height":741},{"@type":"BreadcrumbList","@id":"https:\/\/www.accuratereviews.com\/it\/software-gestione-contratti\/malbek-clm-recensione\/#breadcrumb","itemListElement":[{"@type":"ListItem","position":1,"name":"Home","item":"https:\/\/www.accuratereviews.com\/it\/"},{"@type":"ListItem","position":2,"name":"Software gestione contratti","item":"https:\/\/www.accuratereviews.com\/it\/software-gestione-contratti\/"},{"@type":"ListItem","position":3,"name":"Malbek CLM"}]},{"@type":"WebSite","@id":"https:\/\/www.accuratereviews.com\/it\/#website","url":"https:\/\/www.accuratereviews.com\/it\/","name":"Accurate Reviews","description":"","potentialAction":[{"@type":"SearchAction","target":{"@type":"EntryPoint","urlTemplate":"https:\/\/www.accuratereviews.com\/it\/?s={search_term_string}"},"query-input":{"@type":"PropertyValueSpecification","valueRequired":true,"valueName":"search_term_string"}}],"inLanguage":"it-IT"}]}},"_links":{"self":[{"href":"https:\/\/www.accuratereviews.com\/it\/wp-json\/wp\/v2\/pages\/100444","targetHints":{"allow":["GET"]}}],"collection":[{"href":"https:\/\/www.accuratereviews.com\/it\/wp-json\/wp\/v2\/pages"}],"about":[{"href":"https:\/\/www.accuratereviews.com\/it\/wp-json\/wp\/v2\/types\/page"}],"author":[{"embeddable":true,"href":"https:\/\/www.accuratereviews.com\/it\/wp-json\/wp\/v2\/users\/17"}],"replies":[{"embeddable":true,"href":"https:\/\/www.accuratereviews.com\/it\/wp-json\/wp\/v2\/comments?post=100444"}],"version-history":[{"count":2,"href":"https:\/\/www.accuratereviews.com\/it\/wp-json\/wp\/v2\/pages\/100444\/revisions"}],"predecessor-version":[{"id":100457,"href":"https:\/\/www.accuratereviews.com\/it\/wp-json\/wp\/v2\/pages\/100444\/revisions\/100457"}],"up":[{"embeddable":true,"href":"https:\/\/www.accuratereviews.com\/it\/wp-json\/wp\/v2\/pages\/97761"}],"wp:featuredmedia":[{"embeddable":true,"href":"https:\/\/www.accuratereviews.com\/it\/wp-json\/wp\/v2\/media\/100447"}],"wp:attachment":[{"href":"https:\/\/www.accuratereviews.com\/it\/wp-json\/wp\/v2\/media?parent=100444"}],"wp:term":[{"taxonomy":"category","embeddable":true,"href":"https:\/\/www.accuratereviews.com\/it\/wp-json\/wp\/v2\/categories?post=100444"},{"taxonomy":"post_tag","embeddable":true,"href":"https:\/\/www.accuratereviews.com\/it\/wp-json\/wp\/v2\/tags?post=100444"},{"taxonomy":"features","embeddable":true,"href":"https:\/\/www.accuratereviews.com\/it\/wp-json\/wp\/v2\/features?post=100444"}],"curies":[{"name":"wp","href":"https:\/\/api.w.org\/{rel}","templated":true}]}}