{"id":100454,"date":"2025-09-08T07:59:58","date_gmt":"2025-09-08T07:59:58","guid":{"rendered":"https:\/\/www.accuratereviews.com\/?page_id=100454"},"modified":"2025-09-08T07:59:58","modified_gmt":"2025-09-08T07:59:58","slug":"sirion-clm-recensione","status":"publish","type":"page","link":"https:\/\/www.accuratereviews.com\/it\/software-gestione-contratti\/sirion-clm-recensione\/","title":{"rendered":"Sirion CLM"},"content":{"rendered":"<p><strong>Sirion CLM<\/strong> \u00e8 una <strong>piattaforma avanzata di Contract Lifecycle Management<\/strong> che aiuta le aziende a gestire l\u2019intero ciclo di vita dei contratti in maniera centralizzata ed efficiente. \u00c8 progettata per ridurre i rischi, migliorare la trasparenza e garantire la conformit\u00e0, grazie a funzionalit\u00e0 intelligenti e a una forte componente di automazione. L\u2019interfaccia \u00e8 moderna e intuitiva, permettendo ai team legali, finanziari e commerciali di collaborare senza difficolt\u00e0 e di avere sempre una visione chiara delle obbligazioni contrattuali.<br \/>\nIl software consente non solo la creazione e gestione dei contratti, ma anche il monitoraggio delle performance, con la possibilit\u00e0 di integrare KPI e dati provenienti da fornitori e partner. Questo approccio data-driven rende <strong>Sirion<\/strong>\u00a0particolarmente utile alle grandi organizzazioni che hanno bisogno di un controllo accurato e di ridurre i costi nascosti. Inoltre, grazie all\u2019intelligenza artificiale, la piattaforma riesce ad analizzare grandi volumi di documenti, estrapolando clausole chiave e suggerendo miglioramenti. La scalabilit\u00e0 e la possibilit\u00e0 di integrazione con altri sistemi aziendali lo rendono adatto a realt\u00e0 complesse e in crescita.<\/p>\n<h2>SIRION CLM &#8211; TUTORIAL<\/h2>\n<div id=\"fluid-wrapper-counter-1\" class=\"g1-fluid-wrapper \" style=\"width:686px;\">\n<div style=\"padding-bottom:56.268221574344%;\"><iframe loading=\"lazy\" title=\"Sirion CLM (Contract Lifecycle Management) Training: Features, Job Market, and Salary Insights\" width=\"686\" height=\"386\" src=\"https:\/\/www.youtube.com\/embed\/m5vXOisUmP8?feature=oembed&amp;wmode=transparent&amp;autohide=1&amp;autoplay=0&amp;disablekb=0&amp;fs=1&amp;loop=0&amp;enablejsapi=1&amp;rel=0&amp;controls=2&amp;showinfo=0&amp;wmode=transparent&amp;autohide=2&amp;autoplay=0&amp;disablekb=0&amp;fs=1&amp;loop=0&amp;enablejsapi=1&amp;rel=0&amp;controls=2&amp;showinfo=1\" frameborder=\"0\" allow=\"accelerometer; autoplay; clipboard-write; encrypted-media; gyroscope; picture-in-picture; web-share\" referrerpolicy=\"strict-origin-when-cross-origin\" allowfullscreen><\/iframe><\/div>\n<\/div>\n<h3>SIRION CLM &#8211; CARATTERISTICHE<\/h3>\n<ul>\n<li data-start=\"1384\" data-end=\"1503\"><strong data-start=\"1384\" data-end=\"1421\">Gestione end-to-end dei contratti<\/strong>: copre ogni fase del ciclo di vita, dalla creazione alla firma fino al rinnovo.<\/li>\n<li data-start=\"1506\" data-end=\"1607\"><strong data-start=\"1506\" data-end=\"1535\">Analisi delle performance<\/strong>: consente di monitorare KPI e parametri legati a fornitori e clienti.<\/li>\n<li data-start=\"1610\" data-end=\"1720\"><strong data-start=\"1610\" data-end=\"1638\">Automazione intelligente<\/strong>: utilizzo dell\u2019AI per individuare clausole, rischi e opportunit\u00e0 nei documenti.<\/li>\n<li data-start=\"1723\" data-end=\"1819\"><strong data-start=\"1723\" data-end=\"1752\">Collaborazione multi-team<\/strong>: legale, procurement e finanza lavorano su un\u2019unica piattaforma.<\/li>\n<li data-start=\"1822\" data-end=\"1894\"><strong data-start=\"1822\" data-end=\"1847\">Reportistica avanzata<\/strong>: creazione di dashboard e analisi su misura.<\/li>\n<li data-start=\"1897\" data-end=\"2000\"><strong data-start=\"1897\" data-end=\"1918\">Scalabilit\u00e0 cloud<\/strong>: sistema sicuro e flessibile che si adatta a organizzazioni di ogni dimensione.<\/li>\n<\/ul>\n","protected":false},"excerpt":{"rendered":"<p>Sirion CLM \u00e8 una piattaforma avanzata di Contract Lifecycle Management che aiuta le aziende a gestire l\u2019intero ciclo di vita dei contratti in maniera centralizzata ed efficiente. \u00c8 progettata per ridurre i rischi, migliorare la trasparenza e garantire la conformit\u00e0, grazie a funzionalit\u00e0 intelligenti e a una forte componente di automazione. <\/p>\n","protected":false},"author":17,"featured_media":100459,"parent":97761,"menu_order":0,"comment_status":"open","ping_status":"closed","template":"g1_template_page_review_new.php","meta":{"_acf_changed":false,"cwp_meta_box_check":"No","cwp_rev_product_name":"","cwp_rev_product_image":"","wppr_links":[],"cwp_rev_price":"","wppr_options":[],"wppr_pros":[],"wppr_cons":[],"_monsterinsights_skip_tracking":false,"_monsterinsights_sitenote_active":false,"_monsterinsights_sitenote_note":"","_monsterinsights_sitenote_category":0,"footnotes":""},"categories":[16449],"tags":[16491,16455,16452,16451,16453],"features":[],"class_list":{"0":"post-100454","1":"page","2":"type-page","3":"status-publish","4":"has-post-thumbnail","6":"category-software-gestione-contratti-cat","7":"tag-app-gestione-contratti","8":"tag-gestione-contratti","9":"tag-programma-gestione-contratti","10":"tag-software-gestione-contratti","11":"tag-soluzione-gestione-contratti"},"wppr_data":{"cwp_meta_box_check":"No"},"acf":[],"yoast_head":"<!-- This site is optimized with the Yoast SEO plugin v27.4 - https:\/\/yoast.com\/product\/yoast-seo-wordpress\/ -->\n<title>Sirion CLM: recensione software gestione contratti - Accurate Reviews<\/title>\n<meta name=\"description\" content=\"Sirion CLM: recensione piattaforma avanzata di CLM che aiuta le aziende a gestire l\u2019intero ciclo di vita dei contratti.\" \/>\n<meta name=\"robots\" content=\"index, follow, max-snippet:-1, max-image-preview:large, max-video-preview:-1\" \/>\n<link rel=\"canonical\" href=\"https:\/\/www.accuratereviews.com\/it\/software-gestione-contratti\/sirion-clm-recensione\/\" \/>\n<meta property=\"og:locale\" content=\"it_IT\" \/>\n<meta property=\"og:type\" content=\"article\" \/>\n<meta property=\"og:title\" content=\"Sirion CLM: recensione software gestione contratti - Accurate Reviews\" \/>\n<meta property=\"og:description\" content=\"Sirion CLM: recensione piattaforma avanzata di CLM che aiuta le aziende a gestire l\u2019intero ciclo di vita dei contratti.\" \/>\n<meta property=\"og:url\" content=\"https:\/\/www.accuratereviews.com\/it\/software-gestione-contratti\/sirion-clm-recensione\/\" \/>\n<meta property=\"og:site_name\" content=\"Accurate Reviews\" \/>\n<meta property=\"og:image\" content=\"https:\/\/www.accuratereviews.com\/wp-content\/uploads\/2025\/09\/images.jpeg\" \/>\n\t<meta property=\"og:image:width\" content=\"239\" \/>\n\t<meta property=\"og:image:height\" content=\"211\" \/>\n\t<meta property=\"og:image:type\" content=\"image\/jpeg\" \/>\n<meta name=\"twitter:card\" content=\"summary_large_image\" \/>\n<meta name=\"twitter:label1\" content=\"Tempo di lettura stimato\" \/>\n\t<meta name=\"twitter:data1\" content=\"3 minuti\" \/>\n<script type=\"application\/ld+json\" class=\"yoast-schema-graph\">{\"@context\":\"https:\\\/\\\/schema.org\",\"@graph\":[{\"@type\":\"WebPage\",\"@id\":\"https:\\\/\\\/www.accuratereviews.com\\\/it\\\/software-gestione-contratti\\\/sirion-clm-recensione\\\/\",\"url\":\"https:\\\/\\\/www.accuratereviews.com\\\/it\\\/software-gestione-contratti\\\/sirion-clm-recensione\\\/\",\"name\":\"Sirion CLM: recensione software gestione contratti - Accurate Reviews\",\"isPartOf\":{\"@id\":\"https:\\\/\\\/www.accuratereviews.com\\\/it\\\/#website\"},\"primaryImageOfPage\":{\"@id\":\"https:\\\/\\\/www.accuratereviews.com\\\/it\\\/software-gestione-contratti\\\/sirion-clm-recensione\\\/#primaryimage\"},\"image\":{\"@id\":\"https:\\\/\\\/www.accuratereviews.com\\\/it\\\/software-gestione-contratti\\\/sirion-clm-recensione\\\/#primaryimage\"},\"thumbnailUrl\":\"https:\\\/\\\/www.accuratereviews.com\\\/wp-content\\\/uploads\\\/2025\\\/09\\\/images.jpeg\",\"datePublished\":\"2025-09-08T07:59:58+00:00\",\"description\":\"Sirion CLM: recensione piattaforma avanzata di CLM che aiuta le aziende a gestire l\u2019intero ciclo di vita dei contratti.\",\"breadcrumb\":{\"@id\":\"https:\\\/\\\/www.accuratereviews.com\\\/it\\\/software-gestione-contratti\\\/sirion-clm-recensione\\\/#breadcrumb\"},\"inLanguage\":\"it-IT\",\"potentialAction\":[{\"@type\":\"ReadAction\",\"target\":[\"https:\\\/\\\/www.accuratereviews.com\\\/it\\\/software-gestione-contratti\\\/sirion-clm-recensione\\\/\"]}]},{\"@type\":\"ImageObject\",\"inLanguage\":\"it-IT\",\"@id\":\"https:\\\/\\\/www.accuratereviews.com\\\/it\\\/software-gestione-contratti\\\/sirion-clm-recensione\\\/#primaryimage\",\"url\":\"https:\\\/\\\/www.accuratereviews.com\\\/wp-content\\\/uploads\\\/2025\\\/09\\\/images.jpeg\",\"contentUrl\":\"https:\\\/\\\/www.accuratereviews.com\\\/wp-content\\\/uploads\\\/2025\\\/09\\\/images.jpeg\",\"width\":239,\"height\":211},{\"@type\":\"BreadcrumbList\",\"@id\":\"https:\\\/\\\/www.accuratereviews.com\\\/it\\\/software-gestione-contratti\\\/sirion-clm-recensione\\\/#breadcrumb\",\"itemListElement\":[{\"@type\":\"ListItem\",\"position\":1,\"name\":\"Home\",\"item\":\"https:\\\/\\\/www.accuratereviews.com\\\/it\\\/\"},{\"@type\":\"ListItem\",\"position\":2,\"name\":\"Software gestione contratti\",\"item\":\"https:\\\/\\\/www.accuratereviews.com\\\/it\\\/software-gestione-contratti\\\/\"},{\"@type\":\"ListItem\",\"position\":3,\"name\":\"Sirion CLM\"}]},{\"@type\":\"WebSite\",\"@id\":\"https:\\\/\\\/www.accuratereviews.com\\\/it\\\/#website\",\"url\":\"https:\\\/\\\/www.accuratereviews.com\\\/it\\\/\",\"name\":\"Accurate Reviews\",\"description\":\"\",\"potentialAction\":[{\"@type\":\"SearchAction\",\"target\":{\"@type\":\"EntryPoint\",\"urlTemplate\":\"https:\\\/\\\/www.accuratereviews.com\\\/it\\\/?s={search_term_string}\"},\"query-input\":{\"@type\":\"PropertyValueSpecification\",\"valueRequired\":true,\"valueName\":\"search_term_string\"}}],\"inLanguage\":\"it-IT\"}]}<\/script>\n<!-- \/ Yoast SEO plugin. -->","yoast_head_json":{"title":"Sirion CLM: recensione software gestione contratti - Accurate Reviews","description":"Sirion CLM: recensione piattaforma avanzata di CLM che aiuta le aziende a gestire l\u2019intero ciclo di vita dei contratti.","robots":{"index":"index","follow":"follow","max-snippet":"max-snippet:-1","max-image-preview":"max-image-preview:large","max-video-preview":"max-video-preview:-1"},"canonical":"https:\/\/www.accuratereviews.com\/it\/software-gestione-contratti\/sirion-clm-recensione\/","og_locale":"it_IT","og_type":"article","og_title":"Sirion CLM: recensione software gestione contratti - Accurate Reviews","og_description":"Sirion CLM: recensione piattaforma avanzata di CLM che aiuta le aziende a gestire l\u2019intero ciclo di vita dei contratti.","og_url":"https:\/\/www.accuratereviews.com\/it\/software-gestione-contratti\/sirion-clm-recensione\/","og_site_name":"Accurate Reviews","og_image":[{"width":239,"height":211,"url":"https:\/\/www.accuratereviews.com\/wp-content\/uploads\/2025\/09\/images.jpeg","type":"image\/jpeg"}],"twitter_card":"summary_large_image","twitter_misc":{"Tempo di lettura stimato":"3 minuti"},"schema":{"@context":"https:\/\/schema.org","@graph":[{"@type":"WebPage","@id":"https:\/\/www.accuratereviews.com\/it\/software-gestione-contratti\/sirion-clm-recensione\/","url":"https:\/\/www.accuratereviews.com\/it\/software-gestione-contratti\/sirion-clm-recensione\/","name":"Sirion CLM: recensione software gestione contratti - Accurate Reviews","isPartOf":{"@id":"https:\/\/www.accuratereviews.com\/it\/#website"},"primaryImageOfPage":{"@id":"https:\/\/www.accuratereviews.com\/it\/software-gestione-contratti\/sirion-clm-recensione\/#primaryimage"},"image":{"@id":"https:\/\/www.accuratereviews.com\/it\/software-gestione-contratti\/sirion-clm-recensione\/#primaryimage"},"thumbnailUrl":"https:\/\/www.accuratereviews.com\/wp-content\/uploads\/2025\/09\/images.jpeg","datePublished":"2025-09-08T07:59:58+00:00","description":"Sirion CLM: recensione piattaforma avanzata di CLM che aiuta le aziende a gestire l\u2019intero ciclo di vita dei contratti.","breadcrumb":{"@id":"https:\/\/www.accuratereviews.com\/it\/software-gestione-contratti\/sirion-clm-recensione\/#breadcrumb"},"inLanguage":"it-IT","potentialAction":[{"@type":"ReadAction","target":["https:\/\/www.accuratereviews.com\/it\/software-gestione-contratti\/sirion-clm-recensione\/"]}]},{"@type":"ImageObject","inLanguage":"it-IT","@id":"https:\/\/www.accuratereviews.com\/it\/software-gestione-contratti\/sirion-clm-recensione\/#primaryimage","url":"https:\/\/www.accuratereviews.com\/wp-content\/uploads\/2025\/09\/images.jpeg","contentUrl":"https:\/\/www.accuratereviews.com\/wp-content\/uploads\/2025\/09\/images.jpeg","width":239,"height":211},{"@type":"BreadcrumbList","@id":"https:\/\/www.accuratereviews.com\/it\/software-gestione-contratti\/sirion-clm-recensione\/#breadcrumb","itemListElement":[{"@type":"ListItem","position":1,"name":"Home","item":"https:\/\/www.accuratereviews.com\/it\/"},{"@type":"ListItem","position":2,"name":"Software gestione contratti","item":"https:\/\/www.accuratereviews.com\/it\/software-gestione-contratti\/"},{"@type":"ListItem","position":3,"name":"Sirion CLM"}]},{"@type":"WebSite","@id":"https:\/\/www.accuratereviews.com\/it\/#website","url":"https:\/\/www.accuratereviews.com\/it\/","name":"Accurate Reviews","description":"","potentialAction":[{"@type":"SearchAction","target":{"@type":"EntryPoint","urlTemplate":"https:\/\/www.accuratereviews.com\/it\/?s={search_term_string}"},"query-input":{"@type":"PropertyValueSpecification","valueRequired":true,"valueName":"search_term_string"}}],"inLanguage":"it-IT"}]}},"_links":{"self":[{"href":"https:\/\/www.accuratereviews.com\/it\/wp-json\/wp\/v2\/pages\/100454","targetHints":{"allow":["GET"]}}],"collection":[{"href":"https:\/\/www.accuratereviews.com\/it\/wp-json\/wp\/v2\/pages"}],"about":[{"href":"https:\/\/www.accuratereviews.com\/it\/wp-json\/wp\/v2\/types\/page"}],"author":[{"embeddable":true,"href":"https:\/\/www.accuratereviews.com\/it\/wp-json\/wp\/v2\/users\/17"}],"replies":[{"embeddable":true,"href":"https:\/\/www.accuratereviews.com\/it\/wp-json\/wp\/v2\/comments?post=100454"}],"version-history":[{"count":1,"href":"https:\/\/www.accuratereviews.com\/it\/wp-json\/wp\/v2\/pages\/100454\/revisions"}],"predecessor-version":[{"id":100466,"href":"https:\/\/www.accuratereviews.com\/it\/wp-json\/wp\/v2\/pages\/100454\/revisions\/100466"}],"up":[{"embeddable":true,"href":"https:\/\/www.accuratereviews.com\/it\/wp-json\/wp\/v2\/pages\/97761"}],"wp:featuredmedia":[{"embeddable":true,"href":"https:\/\/www.accuratereviews.com\/it\/wp-json\/wp\/v2\/media\/100459"}],"wp:attachment":[{"href":"https:\/\/www.accuratereviews.com\/it\/wp-json\/wp\/v2\/media?parent=100454"}],"wp:term":[{"taxonomy":"category","embeddable":true,"href":"https:\/\/www.accuratereviews.com\/it\/wp-json\/wp\/v2\/categories?post=100454"},{"taxonomy":"post_tag","embeddable":true,"href":"https:\/\/www.accuratereviews.com\/it\/wp-json\/wp\/v2\/tags?post=100454"},{"taxonomy":"features","embeddable":true,"href":"https:\/\/www.accuratereviews.com\/it\/wp-json\/wp\/v2\/features?post=100454"}],"curies":[{"name":"wp","href":"https:\/\/api.w.org\/{rel}","templated":true}]}}