{"id":10048,"date":"2017-06-09T15:50:58","date_gmt":"2017-06-09T15:50:58","guid":{"rendered":"http:\/\/www.accuratereviews.com\/things-3\/"},"modified":"2017-06-12T13:36:12","modified_gmt":"2017-06-12T13:36:12","slug":"things-3","status":"publish","type":"page","link":"https:\/\/www.accuratereviews.com\/it\/i-migliori-software-di-project-management-lista\/things-3\/","title":{"rendered":"Things 3"},"content":{"rendered":"<p><img loading=\"lazy\" decoding=\"async\" class=\"alignnone size-full wp-image-10026\" src=\"http:\/\/www.accuratereviews.com\/wp-content\/uploads\/2017\/06\/things1.jpeg\" alt=\"\" width=\"1600\" height=\"1332\" srcset=\"https:\/\/www.accuratereviews.com\/wp-content\/uploads\/2017\/06\/things1.jpeg 1600w, https:\/\/www.accuratereviews.com\/wp-content\/uploads\/2017\/06\/things1-300x250.jpeg 300w, https:\/\/www.accuratereviews.com\/wp-content\/uploads\/2017\/06\/things1-768x639.jpeg 768w, https:\/\/www.accuratereviews.com\/wp-content\/uploads\/2017\/06\/things1-1024x852.jpeg 1024w, https:\/\/www.accuratereviews.com\/wp-content\/uploads\/2017\/06\/things1-150x125.jpeg 150w, https:\/\/www.accuratereviews.com\/wp-content\/uploads\/2017\/06\/things1-50x42.jpeg 50w, https:\/\/www.accuratereviews.com\/wp-content\/uploads\/2017\/06\/things1-968x806.jpeg 968w, https:\/\/www.accuratereviews.com\/wp-content\/uploads\/2017\/06\/things1-636x529.jpeg 636w, https:\/\/www.accuratereviews.com\/wp-content\/uploads\/2017\/06\/things1-320x266.jpeg 320w, https:\/\/www.accuratereviews.com\/wp-content\/uploads\/2017\/06\/things1-239x199.jpeg 239w\" sizes=\"auto, (max-width: 1600px) 100vw, 1600px\" \/><\/p>\n<p><strong>All\u2019uscita della prima versione di Things<\/strong>, i seguaci del metodo Get Things Done di David Allen pensarono di essere morti e piombati in paradiso, direttamente. Get Things Done \u00e8 un metodo di produttivit\u00e0 molto noto, che consiste nel creare liste di cose da fare e suddividerle a seconda dei momenti in cui si possono affrontare. Ma mentre altre app di liste permettevano agli utenti di fare poco oltre alle liste, Things si avvicinava moltissimo al modello da 43 cartelline di GTD. <strong>Milioni di copie vendute e due Apple Design Award<\/strong> dopo (uno nel 2009 e uno nel 2017), Things \u00e8 arrivato alla versione 3.<\/p>\n<p><strong>Questa versione \u00e8 stata sviluppata in cinque anni, e trascina l\u2019app in tutt\u2019altro campo di gioco.<\/strong><br \/>\nPrendiamo il design, per esempio. Basta con la vecchia interfaccia macchinosa di Things, e diamo il benvenuto a una grafica chiara, molto pi\u00f9 facile da capire. I cerchi non servono solo a segnare le cose fatte ma anche a indicare quanto manca a terminare un progetto. <strong>Spostarsi tra titolo della cosa da fare, alla programmazione, all\u2019aggiunta di tag al \u201csegnare come fatto\u201d \u00e8 semplice e intuitivo.<\/strong> Il bottone \u201cMagic Plus\u201d per aggiungere un nuovo elemento \u00e8 trascinabile, cos\u00ec da poter essere inserito esattamente dove si preferisce. Si pu\u00f2 anche usarlo per aggiungere titoli alle attivit\u00e0 e inserirle subito nella inbox.<\/p>\n<p>In maniera assai intelligente, <strong>Things si integra con i vostri calendari<\/strong>, cos\u00ec da poterti dare un elenco di cose da fare oggi in ordine cronologico, seguito dal resto delle cose da fare. <strong>L\u2019aggiunta di una categoria \u201cQuesta sera\u201d vi permette di accumulare le cose da fare a quando sarete poi liberi dopo il lavoro<\/strong>.<br \/>\nI titoli possono diventare un elenco di csoe da fare, da poter riordinare; aggiungere una data alle singole voci \u00e8 facile, basta usare il calendario automatico, che entra in azione non appena il software riconosce il vostro modo di scrivere. <strong>Su desktop potrete aprire diverse finestre, in modo da vedere diversi progetti (o attivit\u00e0) in contemporanea<\/strong>.<\/p>\n<p><img loading=\"lazy\" decoding=\"async\" class=\"alignnone size-full wp-image-10025\" src=\"http:\/\/www.accuratereviews.com\/wp-content\/uploads\/2017\/06\/things2-1.png\" alt=\"\" width=\"1000\" height=\"742\" srcset=\"https:\/\/www.accuratereviews.com\/wp-content\/uploads\/2017\/06\/things2-1.png 1000w, https:\/\/www.accuratereviews.com\/wp-content\/uploads\/2017\/06\/things2-1-300x223.png 300w, https:\/\/www.accuratereviews.com\/wp-content\/uploads\/2017\/06\/things2-1-768x570.png 768w, https:\/\/www.accuratereviews.com\/wp-content\/uploads\/2017\/06\/things2-1-168x125.png 168w, https:\/\/www.accuratereviews.com\/wp-content\/uploads\/2017\/06\/things2-1-50x37.png 50w, https:\/\/www.accuratereviews.com\/wp-content\/uploads\/2017\/06\/things2-1-968x718.png 968w, https:\/\/www.accuratereviews.com\/wp-content\/uploads\/2017\/06\/things2-1-636x472.png 636w, https:\/\/www.accuratereviews.com\/wp-content\/uploads\/2017\/06\/things2-1-320x237.png 320w, https:\/\/www.accuratereviews.com\/wp-content\/uploads\/2017\/06\/things2-1-239x177.png 239w\" sizes=\"auto, (max-width: 1000px) 100vw, 1000px\" \/><\/p>\n<p>Sembra tutto bellissimo, e se avete impiegato cinque anni per sviluppare un simile sistema dovrebbe essere tutto fantastico. In realt\u00e0 <strong>Things ha qualche difetto<\/strong>. Per prima cosa: <strong>manca qualsiasi aspetto collaborativo<\/strong>. Se state lavorando a un progetto con qualcun altro, non potrete condividere una lista. <strong>Things rimane un programma di produttivit\u00e0 individuale<\/strong>. Inoltre, \u00e8 limitato all\u2019<strong>ecosistema Apple<\/strong>: potete usarlo sui vostri Mac, iPhone, iPad, e persino sul vostro orologio, ma non su Windows o su Android. <strong>Ogni versione dev\u2019essere acquistata separatamente<\/strong>, inoltre: comprarle tutte vi alleggerir\u00e0 di una novantina di euro, mica bruscolini: ci sono tantissime app gratuite in giro.<\/p>\n<p>Ma se siete seriamente intenzionati a usare il metodo GTD, lavorando in solitaria e avete un centinaio di euro a disposizione, Things ha tutto quello che vi serve.<\/p>\n","protected":false},"excerpt":{"rendered":"<p>When the first version of Things came out on the iPhone in 2008, followers of David Allen\u2019s Getting Things Done productivity system thought they had died and gone to heaven. While other to-do list apps allowed users to do little more than build lists and enjoy the satisfaction of checking them off, Things came closer to letting users build the 43 folders and multiple list types that GTD recommended.<\/p>\n","protected":false},"author":16,"featured_media":0,"parent":10050,"menu_order":0,"comment_status":"open","ping_status":"closed","template":"g1_template_page_review_new.php","meta":{"_acf_changed":false,"cwp_meta_box_check":"Yes","cwp_rev_product_name":"","cwp_rev_product_image":"","wppr_links":[],"cwp_rev_price":"","wppr_options":[],"wppr_pros":[],"wppr_cons":[],"_monsterinsights_skip_tracking":false,"_monsterinsights_sitenote_active":false,"_monsterinsights_sitenote_note":"","_monsterinsights_sitenote_category":0,"footnotes":""},"categories":[182],"tags":[],"features":[],"class_list":{"0":"post-10048","1":"page","2":"type-page","3":"status-publish","5":"category-project-management-software-it"},"wppr_data":{"cwp_meta_box_check":"Yes","cwp_rev_product_name":"","cwp_rev_product_image":"","cwp_image_link":"image","cwp_rev_price":"","wppr_rating":"0.00"},"acf":[],"yoast_head":"<!-- This site is optimized with the Yoast SEO plugin v27.4 - https:\/\/yoast.com\/product\/yoast-seo-wordpress\/ -->\n<title>Things 3 recensione del miglior software per il project management su Mac<\/title>\n<meta name=\"description\" content=\"Ci son voluti diversi anni per ottenere Things 3, ma quelli di Cultured Code hanno fatto un gran lavoro: questa nuova versione \u00e8 ottima.\" \/>\n<meta name=\"robots\" content=\"index, follow, max-snippet:-1, max-image-preview:large, max-video-preview:-1\" \/>\n<link rel=\"canonical\" href=\"https:\/\/www.accuratereviews.com\/it\/i-migliori-software-di-project-management-lista\/things-3\/\" \/>\n<meta property=\"og:locale\" content=\"it_IT\" \/>\n<meta property=\"og:type\" content=\"article\" \/>\n<meta property=\"og:title\" content=\"Things 3 recensione del miglior software per il project management su Mac\" \/>\n<meta property=\"og:description\" content=\"Ci son voluti diversi anni per ottenere Things 3, ma quelli di Cultured Code hanno fatto un gran lavoro: questa nuova versione \u00e8 ottima.\" \/>\n<meta property=\"og:url\" content=\"https:\/\/www.accuratereviews.com\/it\/i-migliori-software-di-project-management-lista\/things-3\/\" \/>\n<meta property=\"og:site_name\" content=\"Accurate Reviews\" \/>\n<meta property=\"article:modified_time\" content=\"2017-06-12T13:36:12+00:00\" \/>\n<meta property=\"og:image\" content=\"http:\/\/www.accuratereviews.com\/wp-content\/uploads\/2017\/06\/things1.jpeg\" \/>\n<meta name=\"twitter:card\" content=\"summary_large_image\" \/>\n<meta name=\"twitter:label1\" content=\"Tempo di lettura stimato\" \/>\n\t<meta name=\"twitter:data1\" content=\"2 minuti\" \/>\n<script type=\"application\/ld+json\" class=\"yoast-schema-graph\">{\"@context\":\"https:\\\/\\\/schema.org\",\"@graph\":[{\"@type\":\"WebPage\",\"@id\":\"https:\\\/\\\/www.accuratereviews.com\\\/it\\\/i-migliori-software-di-project-management-lista\\\/things-3\\\/\",\"url\":\"https:\\\/\\\/www.accuratereviews.com\\\/it\\\/i-migliori-software-di-project-management-lista\\\/things-3\\\/\",\"name\":\"Things 3 recensione del miglior software per il project management su Mac\",\"isPartOf\":{\"@id\":\"https:\\\/\\\/www.accuratereviews.com\\\/it\\\/#website\"},\"primaryImageOfPage\":{\"@id\":\"https:\\\/\\\/www.accuratereviews.com\\\/it\\\/i-migliori-software-di-project-management-lista\\\/things-3\\\/#primaryimage\"},\"image\":{\"@id\":\"https:\\\/\\\/www.accuratereviews.com\\\/it\\\/i-migliori-software-di-project-management-lista\\\/things-3\\\/#primaryimage\"},\"thumbnailUrl\":\"http:\\\/\\\/www.accuratereviews.com\\\/wp-content\\\/uploads\\\/2017\\\/06\\\/things1.jpeg\",\"datePublished\":\"2017-06-09T15:50:58+00:00\",\"dateModified\":\"2017-06-12T13:36:12+00:00\",\"description\":\"Ci son voluti diversi anni per ottenere Things 3, ma quelli di Cultured Code hanno fatto un gran lavoro: questa nuova versione \u00e8 ottima.\",\"breadcrumb\":{\"@id\":\"https:\\\/\\\/www.accuratereviews.com\\\/it\\\/i-migliori-software-di-project-management-lista\\\/things-3\\\/#breadcrumb\"},\"inLanguage\":\"it-IT\",\"potentialAction\":[{\"@type\":\"ReadAction\",\"target\":[\"https:\\\/\\\/www.accuratereviews.com\\\/it\\\/i-migliori-software-di-project-management-lista\\\/things-3\\\/\"]}]},{\"@type\":\"ImageObject\",\"inLanguage\":\"it-IT\",\"@id\":\"https:\\\/\\\/www.accuratereviews.com\\\/it\\\/i-migliori-software-di-project-management-lista\\\/things-3\\\/#primaryimage\",\"url\":\"http:\\\/\\\/www.accuratereviews.com\\\/wp-content\\\/uploads\\\/2017\\\/06\\\/things1.jpeg\",\"contentUrl\":\"http:\\\/\\\/www.accuratereviews.com\\\/wp-content\\\/uploads\\\/2017\\\/06\\\/things1.jpeg\"},{\"@type\":\"BreadcrumbList\",\"@id\":\"https:\\\/\\\/www.accuratereviews.com\\\/it\\\/i-migliori-software-di-project-management-lista\\\/things-3\\\/#breadcrumb\",\"itemListElement\":[{\"@type\":\"ListItem\",\"position\":1,\"name\":\"Home\",\"item\":\"https:\\\/\\\/www.accuratereviews.com\\\/it\\\/\"},{\"@type\":\"ListItem\",\"position\":2,\"name\":\"I migliori software di project management\",\"item\":\"https:\\\/\\\/www.accuratereviews.com\\\/it\\\/i-migliori-software-di-project-management-lista\\\/\"},{\"@type\":\"ListItem\",\"position\":3,\"name\":\"Things 3\"}]},{\"@type\":\"WebSite\",\"@id\":\"https:\\\/\\\/www.accuratereviews.com\\\/it\\\/#website\",\"url\":\"https:\\\/\\\/www.accuratereviews.com\\\/it\\\/\",\"name\":\"Accurate Reviews\",\"description\":\"\",\"potentialAction\":[{\"@type\":\"SearchAction\",\"target\":{\"@type\":\"EntryPoint\",\"urlTemplate\":\"https:\\\/\\\/www.accuratereviews.com\\\/it\\\/?s={search_term_string}\"},\"query-input\":{\"@type\":\"PropertyValueSpecification\",\"valueRequired\":true,\"valueName\":\"search_term_string\"}}],\"inLanguage\":\"it-IT\"}]}<\/script>\n<!-- \/ Yoast SEO plugin. -->","yoast_head_json":{"title":"Things 3 recensione del miglior software per il project management su Mac","description":"Ci son voluti diversi anni per ottenere Things 3, ma quelli di Cultured Code hanno fatto un gran lavoro: questa nuova versione \u00e8 ottima.","robots":{"index":"index","follow":"follow","max-snippet":"max-snippet:-1","max-image-preview":"max-image-preview:large","max-video-preview":"max-video-preview:-1"},"canonical":"https:\/\/www.accuratereviews.com\/it\/i-migliori-software-di-project-management-lista\/things-3\/","og_locale":"it_IT","og_type":"article","og_title":"Things 3 recensione del miglior software per il project management su Mac","og_description":"Ci son voluti diversi anni per ottenere Things 3, ma quelli di Cultured Code hanno fatto un gran lavoro: questa nuova versione \u00e8 ottima.","og_url":"https:\/\/www.accuratereviews.com\/it\/i-migliori-software-di-project-management-lista\/things-3\/","og_site_name":"Accurate Reviews","article_modified_time":"2017-06-12T13:36:12+00:00","og_image":[{"url":"http:\/\/www.accuratereviews.com\/wp-content\/uploads\/2017\/06\/things1.jpeg","type":"","width":"","height":""}],"twitter_card":"summary_large_image","twitter_misc":{"Tempo di lettura stimato":"2 minuti"},"schema":{"@context":"https:\/\/schema.org","@graph":[{"@type":"WebPage","@id":"https:\/\/www.accuratereviews.com\/it\/i-migliori-software-di-project-management-lista\/things-3\/","url":"https:\/\/www.accuratereviews.com\/it\/i-migliori-software-di-project-management-lista\/things-3\/","name":"Things 3 recensione del miglior software per il project management su Mac","isPartOf":{"@id":"https:\/\/www.accuratereviews.com\/it\/#website"},"primaryImageOfPage":{"@id":"https:\/\/www.accuratereviews.com\/it\/i-migliori-software-di-project-management-lista\/things-3\/#primaryimage"},"image":{"@id":"https:\/\/www.accuratereviews.com\/it\/i-migliori-software-di-project-management-lista\/things-3\/#primaryimage"},"thumbnailUrl":"http:\/\/www.accuratereviews.com\/wp-content\/uploads\/2017\/06\/things1.jpeg","datePublished":"2017-06-09T15:50:58+00:00","dateModified":"2017-06-12T13:36:12+00:00","description":"Ci son voluti diversi anni per ottenere Things 3, ma quelli di Cultured Code hanno fatto un gran lavoro: questa nuova versione \u00e8 ottima.","breadcrumb":{"@id":"https:\/\/www.accuratereviews.com\/it\/i-migliori-software-di-project-management-lista\/things-3\/#breadcrumb"},"inLanguage":"it-IT","potentialAction":[{"@type":"ReadAction","target":["https:\/\/www.accuratereviews.com\/it\/i-migliori-software-di-project-management-lista\/things-3\/"]}]},{"@type":"ImageObject","inLanguage":"it-IT","@id":"https:\/\/www.accuratereviews.com\/it\/i-migliori-software-di-project-management-lista\/things-3\/#primaryimage","url":"http:\/\/www.accuratereviews.com\/wp-content\/uploads\/2017\/06\/things1.jpeg","contentUrl":"http:\/\/www.accuratereviews.com\/wp-content\/uploads\/2017\/06\/things1.jpeg"},{"@type":"BreadcrumbList","@id":"https:\/\/www.accuratereviews.com\/it\/i-migliori-software-di-project-management-lista\/things-3\/#breadcrumb","itemListElement":[{"@type":"ListItem","position":1,"name":"Home","item":"https:\/\/www.accuratereviews.com\/it\/"},{"@type":"ListItem","position":2,"name":"I migliori software di project management","item":"https:\/\/www.accuratereviews.com\/it\/i-migliori-software-di-project-management-lista\/"},{"@type":"ListItem","position":3,"name":"Things 3"}]},{"@type":"WebSite","@id":"https:\/\/www.accuratereviews.com\/it\/#website","url":"https:\/\/www.accuratereviews.com\/it\/","name":"Accurate Reviews","description":"","potentialAction":[{"@type":"SearchAction","target":{"@type":"EntryPoint","urlTemplate":"https:\/\/www.accuratereviews.com\/it\/?s={search_term_string}"},"query-input":{"@type":"PropertyValueSpecification","valueRequired":true,"valueName":"search_term_string"}}],"inLanguage":"it-IT"}]}},"_links":{"self":[{"href":"https:\/\/www.accuratereviews.com\/it\/wp-json\/wp\/v2\/pages\/10048","targetHints":{"allow":["GET"]}}],"collection":[{"href":"https:\/\/www.accuratereviews.com\/it\/wp-json\/wp\/v2\/pages"}],"about":[{"href":"https:\/\/www.accuratereviews.com\/it\/wp-json\/wp\/v2\/types\/page"}],"author":[{"embeddable":true,"href":"https:\/\/www.accuratereviews.com\/it\/wp-json\/wp\/v2\/users\/16"}],"replies":[{"embeddable":true,"href":"https:\/\/www.accuratereviews.com\/it\/wp-json\/wp\/v2\/comments?post=10048"}],"version-history":[{"count":4,"href":"https:\/\/www.accuratereviews.com\/it\/wp-json\/wp\/v2\/pages\/10048\/revisions"}],"predecessor-version":[{"id":10063,"href":"https:\/\/www.accuratereviews.com\/it\/wp-json\/wp\/v2\/pages\/10048\/revisions\/10063"}],"up":[{"embeddable":true,"href":"https:\/\/www.accuratereviews.com\/it\/wp-json\/wp\/v2\/pages\/10050"}],"wp:attachment":[{"href":"https:\/\/www.accuratereviews.com\/it\/wp-json\/wp\/v2\/media?parent=10048"}],"wp:term":[{"taxonomy":"category","embeddable":true,"href":"https:\/\/www.accuratereviews.com\/it\/wp-json\/wp\/v2\/categories?post=10048"},{"taxonomy":"post_tag","embeddable":true,"href":"https:\/\/www.accuratereviews.com\/it\/wp-json\/wp\/v2\/tags?post=10048"},{"taxonomy":"features","embeddable":true,"href":"https:\/\/www.accuratereviews.com\/it\/wp-json\/wp\/v2\/features?post=10048"}],"curies":[{"name":"wp","href":"https:\/\/api.w.org\/{rel}","templated":true}]}}