{"id":100697,"date":"2025-09-09T09:36:51","date_gmt":"2025-09-09T09:36:51","guid":{"rendered":"https:\/\/www.accuratereviews.com\/?page_id=100697"},"modified":"2025-09-10T09:31:14","modified_gmt":"2025-09-10T09:31:14","slug":"ping-identity-recensione","status":"publish","type":"page","link":"https:\/\/www.accuratereviews.com\/it\/software-sso\/ping-identity-recensione\/","title":{"rendered":"Ping Identity"},"content":{"rendered":"<p>Con<strong> Ping Identity<\/strong>, <strong>software SSO<\/strong>, gli sviluppatori cercano di rendere le esperienze digitali sicure e fluide per tutti gli utenti, senza compromessi. La chiamiamo libert\u00e0 digitale. La piattaforma di identit\u00e0 <strong>cloud<\/strong> intelligente consente alle persone di fare acquisti, lavorare, effettuare operazioni bancarie e interagire ovunque e come desiderano. Senza intoppi. Senza paura. Attraverso un&#8217;<strong>interfaccia drag-and-drop<\/strong> senza codice consente alle aziende di tutte le dimensioni di orchestrare e iterare i propri flussi di identit\u00e0. Dalla progettazione delle esperienze utente all&#8217;automazione dei flussi di lavoro di identit\u00e0 fino alla migrazione metodica degli utenti da diversi archivi dati, lo strumento consente a chiunque di progettare flussi che integrano tutti i fornitori di identit\u00e0 scelti.<\/p>\n<h2>PING IDENTITY &#8211; TUTORIAL<\/h2>\n<div id=\"fluid-wrapper-counter-1\" class=\"g1-fluid-wrapper \" style=\"width:686px;\">\n<div style=\"padding-bottom:56.268221574344%;\"><iframe loading=\"lazy\" title=\"Ping Identity Tutorial for Beginners | Comprehensive Guide 2025\" width=\"686\" height=\"386\" src=\"https:\/\/www.youtube.com\/embed\/5F8M0RqEqJ4?feature=oembed&amp;wmode=transparent&amp;autohide=1&amp;autoplay=0&amp;disablekb=0&amp;fs=1&amp;loop=0&amp;enablejsapi=1&amp;rel=0&amp;controls=2&amp;showinfo=0&amp;wmode=transparent&amp;autohide=2&amp;autoplay=0&amp;disablekb=0&amp;fs=1&amp;loop=0&amp;enablejsapi=1&amp;rel=0&amp;controls=2&amp;showinfo=1\" frameborder=\"0\" allow=\"accelerometer; autoplay; clipboard-write; encrypted-media; gyroscope; picture-in-picture; web-share\" referrerpolicy=\"strict-origin-when-cross-origin\" allowfullscreen><\/iframe><\/div>\n<\/div>\n<h3>PING IDENTITY &#8211; CARATTERISTICHE<\/h3>\n<ul>\n<li>Fornisci l&#8217;accesso utente corretto al momento giusto.<\/li>\n<li>Soddisfa le esigenze aziendali in continua evoluzione con modelli di dati di identit\u00e0 flessibili.<\/li>\n<li>Crea, emetti e gestisci credenziali riutilizzabili.<\/li>\n<li>Gestisci in modo sicuro i dati di identit\u00e0 e profilo su larga scala.<\/li>\n<li>Consenti agli utenti di accedere a pi\u00f9 risorse con un unico ID.<\/li>\n<li>Assicurati che i tuoi utenti siano effettivamente chi dicono di essere.<\/li>\n<li>Riduci i costi dell&#8217;help desk con richieste self-service semplici.<\/li>\n<li>Gestisci centralmente l&#8217;accesso ad app, API e dati.<\/li>\n<li>Riduci i rischi, migliora l&#8217;esperienza utente e semplifica la conformit\u00e0.<\/li>\n<li>Esamina in modo rapido ed efficiente l&#8217;accesso degli utenti.<\/li>\n<li>Attiva rapidamente policy di accesso con privilegi minimi.<\/li>\n<li>Conferma l&#8217;identit\u00e0 reale di un utente.<\/li>\n<li>Previeni le frodi di identit\u00e0 senza compromettere l&#8217;esperienza utente.<\/li>\n<li>Progetta esperienze utente fluide e sicure.<\/li>\n<li>Riduci i costi dell&#8217;help desk con richieste self-service semplici.<\/li>\n<\/ul>\n<h4>LE RECENSIONI DEGLI UTENTI<\/h4>\n<p><strong>Aditya&#8221;Ping Identity \u00e8 una soluzione per SSO&#8221;<\/strong><br \/>\nUso pi\u00f9 di 2,5 anni anche nella mia attuale organizzazione utilizzando tutte le soluzioni di ping Identity come pingid, ping federate, ping access, ping directory ecc.<br \/>\n<strong>Pro<\/strong>: la configurazione dei molteplici microservizi di identit\u00e0 oing come archivio di polizia, pcv, archivio dati, selettore ecc. Un modo semplice per integrare qualsiasi applicazione per fornire un servizio di accesso unico a quelli.<br \/>\n<strong>Contro<\/strong>: non \u00e8 possibile eseguire il provisioning dell&#8217;utente alla fine del ping dell&#8217;identit\u00e0. \u00c8 necessario configurare ldap o data store per memorizzare le informazioni degli utenti a differenza di okta.<\/p>\n<p><strong>Shaurya&#8221;&#8221;Strumento SSO affidabile e facile da usare&#8221;&#8221;<\/strong><br \/>\n<strong>Pro<\/strong>: offre l&#8217;integrazione di Face ID Fornisce pi\u00f9 opzioni per l&#8217;autenticazione<br \/>\n<strong>Contro<\/strong>: a volte si sono verificati problemi di sincronizzazione specialmente in modalit\u00e0 offline<\/p>\n<p><strong>Adrian&#8221;Consiglio pienamente&#8221;<\/strong><br \/>\n<strong>Pro<\/strong>: posso solo consigliare prodotti PingFederate\/PingID. Entrambi consentono a me e ai miei clienti di fornire una piattaforma sicura di identificazione, autenticazione e autorizzazione<br \/>\n<strong>Contro<\/strong>: la documentazione sulla pagina web ha bisogno di miglioramenti, \u00e8 meglio di prima, ma ha ancora bisogno di sempre pi\u00f9 lavoro<\/p>\n","protected":false},"excerpt":{"rendered":"<p>Con Ping Identity, software SSO, gli sviluppatori cercano di rendere le esperienze digitali sicure e fluide per tutti gli utenti, senza compromessi. La chiamiamo libert\u00e0 digitale. La piattaforma di identit\u00e0 cloud intelligente consente alle persone di fare acquisti, lavorare, effettuare operazioni bancarie e interagire ovunque e come desiderano. Senza intoppi. Senza paura.<\/p>\n","protected":false},"author":19,"featured_media":100698,"parent":97817,"menu_order":0,"comment_status":"open","ping_status":"closed","template":"g1_template_page_review_new.php","meta":{"_acf_changed":false,"cwp_meta_box_check":"Yes","cwp_rev_product_name":"","cwp_rev_product_image":"","wppr_links":[],"cwp_rev_price":"0.00","wppr_options":[{"name":"Usability","value":"0"},{"name":"Speed","value":"0"},{"name":"Features","value":"0"},{"name":"Support","value":"0"},{"name":"Pricing","value":"0"}],"wppr_pros":["","","","",""],"wppr_cons":["","","","",""],"_monsterinsights_skip_tracking":false,"_monsterinsights_sitenote_active":false,"_monsterinsights_sitenote_note":"","_monsterinsights_sitenote_category":0,"footnotes":""},"categories":[16466],"tags":[16464,16559,16463,16460,16471,16462,16469],"features":[],"class_list":{"0":"post-100697","1":"page","2":"type-page","3":"status-publish","4":"has-post-thumbnail","6":"category-software-sso-cat","7":"tag-piattaforma-sso","8":"tag-ping-identity","9":"tag-programma-sso","10":"tag-software-sso","11":"tag-software-sso-single-sign-on","12":"tag-soluzione-sso","13":"tag-sso"},"wppr_data":{"cwp_meta_box_check":"Yes","_wppr_review_template":"default","cwp_rev_product_image":"","cwp_image_link":"image","wppr_links":[],"cwp_rev_price":"0.00","wppr_pros":["","","","",""],"wppr_cons":["","","","",""],"wppr_rating":"0.00","wppr_options":{"1":{"name":"Usability","value":"0"},"2":{"name":"Speed","value":"0"},"3":{"name":"Features","value":"0"},"4":{"name":"Support","value":"0"},"5":{"name":"Pricing","value":"0"}},"wppr_review_type":"Product","wppr_review_custom_fields":{"additionalProperty":"","additionalType":"","aggregateRating":"","alternateName":"","audience":"","award":"","awards":"","brand":"","color":"","depth":"","description":"","disambiguatingDescription":"","gtin12":"","gtin13":"","gtin14":"","gtin8":"","height":"","identifier":"","image":"","isAccessoryOrSparePartFor":"","isConsumableFor":"","isRelatedTo":"","isSimilarTo":"","itemCondition":"","logo":"","mainEntityOfPage":"","manufacturer":"","material":"","model":"","mpn":"","name":"","offers":"","potentialAction":"","productID":"","productionDate":"","purchaseDate":"","releaseDate":"","review":"","reviews":"","sameAs":"","sku":"","slogan":"","subjectOf":"","url":"","weight":"","width":""}},"acf":[],"yoast_head":"<!-- This site is optimized with the Yoast SEO plugin v27.4 - https:\/\/yoast.com\/product\/yoast-seo-wordpress\/ -->\n<title>Ping Identity: recensione software SSO - Accurate Reviews<\/title>\n<meta name=\"description\" content=\"Ping Identity: recensione software SSO per rendere le esperienze digitali sicure e fluide per tutti gli utenti senza compromessi.\" \/>\n<meta name=\"robots\" content=\"index, follow, max-snippet:-1, max-image-preview:large, max-video-preview:-1\" \/>\n<link rel=\"canonical\" href=\"https:\/\/www.accuratereviews.com\/it\/software-sso\/ping-identity-recensione\/\" \/>\n<meta property=\"og:locale\" content=\"it_IT\" \/>\n<meta property=\"og:type\" content=\"article\" \/>\n<meta property=\"og:title\" content=\"Ping Identity: recensione software SSO - Accurate Reviews\" \/>\n<meta property=\"og:description\" content=\"Ping Identity: recensione software SSO per rendere le esperienze digitali sicure e fluide per tutti gli utenti senza compromessi.\" \/>\n<meta property=\"og:url\" content=\"https:\/\/www.accuratereviews.com\/it\/software-sso\/ping-identity-recensione\/\" \/>\n<meta property=\"og:site_name\" content=\"Accurate Reviews\" \/>\n<meta property=\"article:modified_time\" content=\"2025-09-10T09:31:14+00:00\" \/>\n<meta property=\"og:image\" content=\"https:\/\/www.accuratereviews.com\/wp-content\/uploads\/2025\/09\/Ping-Identity.png\" \/>\n\t<meta property=\"og:image:width\" content=\"225\" \/>\n\t<meta property=\"og:image:height\" content=\"225\" \/>\n\t<meta property=\"og:image:type\" content=\"image\/png\" \/>\n<meta name=\"twitter:card\" content=\"summary_large_image\" \/>\n<meta name=\"twitter:label1\" content=\"Tempo di lettura stimato\" \/>\n\t<meta name=\"twitter:data1\" content=\"4 minuti\" \/>\n<script type=\"application\/ld+json\" class=\"yoast-schema-graph\">{\"@context\":\"https:\\\/\\\/schema.org\",\"@graph\":[{\"@type\":\"WebPage\",\"@id\":\"https:\\\/\\\/www.accuratereviews.com\\\/it\\\/software-sso\\\/ping-identity-recensione\\\/\",\"url\":\"https:\\\/\\\/www.accuratereviews.com\\\/it\\\/software-sso\\\/ping-identity-recensione\\\/\",\"name\":\"Ping Identity: recensione software SSO - Accurate Reviews\",\"isPartOf\":{\"@id\":\"https:\\\/\\\/www.accuratereviews.com\\\/it\\\/#website\"},\"primaryImageOfPage\":{\"@id\":\"https:\\\/\\\/www.accuratereviews.com\\\/it\\\/software-sso\\\/ping-identity-recensione\\\/#primaryimage\"},\"image\":{\"@id\":\"https:\\\/\\\/www.accuratereviews.com\\\/it\\\/software-sso\\\/ping-identity-recensione\\\/#primaryimage\"},\"thumbnailUrl\":\"https:\\\/\\\/www.accuratereviews.com\\\/wp-content\\\/uploads\\\/2025\\\/09\\\/Ping-Identity.png\",\"datePublished\":\"2025-09-09T09:36:51+00:00\",\"dateModified\":\"2025-09-10T09:31:14+00:00\",\"description\":\"Ping Identity: recensione software SSO per rendere le esperienze digitali sicure e fluide per tutti gli utenti senza compromessi.\",\"breadcrumb\":{\"@id\":\"https:\\\/\\\/www.accuratereviews.com\\\/it\\\/software-sso\\\/ping-identity-recensione\\\/#breadcrumb\"},\"inLanguage\":\"it-IT\",\"potentialAction\":[{\"@type\":\"ReadAction\",\"target\":[\"https:\\\/\\\/www.accuratereviews.com\\\/it\\\/software-sso\\\/ping-identity-recensione\\\/\"]}]},{\"@type\":\"ImageObject\",\"inLanguage\":\"it-IT\",\"@id\":\"https:\\\/\\\/www.accuratereviews.com\\\/it\\\/software-sso\\\/ping-identity-recensione\\\/#primaryimage\",\"url\":\"https:\\\/\\\/www.accuratereviews.com\\\/wp-content\\\/uploads\\\/2025\\\/09\\\/Ping-Identity.png\",\"contentUrl\":\"https:\\\/\\\/www.accuratereviews.com\\\/wp-content\\\/uploads\\\/2025\\\/09\\\/Ping-Identity.png\",\"width\":225,\"height\":225},{\"@type\":\"BreadcrumbList\",\"@id\":\"https:\\\/\\\/www.accuratereviews.com\\\/it\\\/software-sso\\\/ping-identity-recensione\\\/#breadcrumb\",\"itemListElement\":[{\"@type\":\"ListItem\",\"position\":1,\"name\":\"Home\",\"item\":\"https:\\\/\\\/www.accuratereviews.com\\\/it\\\/\"},{\"@type\":\"ListItem\",\"position\":2,\"name\":\"Software SSO (Single Sign-On)\",\"item\":\"https:\\\/\\\/www.accuratereviews.com\\\/it\\\/software-sso\\\/\"},{\"@type\":\"ListItem\",\"position\":3,\"name\":\"Ping Identity\"}]},{\"@type\":\"WebSite\",\"@id\":\"https:\\\/\\\/www.accuratereviews.com\\\/it\\\/#website\",\"url\":\"https:\\\/\\\/www.accuratereviews.com\\\/it\\\/\",\"name\":\"Accurate Reviews\",\"description\":\"\",\"potentialAction\":[{\"@type\":\"SearchAction\",\"target\":{\"@type\":\"EntryPoint\",\"urlTemplate\":\"https:\\\/\\\/www.accuratereviews.com\\\/it\\\/?s={search_term_string}\"},\"query-input\":{\"@type\":\"PropertyValueSpecification\",\"valueRequired\":true,\"valueName\":\"search_term_string\"}}],\"inLanguage\":\"it-IT\"}]}<\/script>\n<!-- \/ Yoast SEO plugin. -->","yoast_head_json":{"title":"Ping Identity: recensione software SSO - Accurate Reviews","description":"Ping Identity: recensione software SSO per rendere le esperienze digitali sicure e fluide per tutti gli utenti senza compromessi.","robots":{"index":"index","follow":"follow","max-snippet":"max-snippet:-1","max-image-preview":"max-image-preview:large","max-video-preview":"max-video-preview:-1"},"canonical":"https:\/\/www.accuratereviews.com\/it\/software-sso\/ping-identity-recensione\/","og_locale":"it_IT","og_type":"article","og_title":"Ping Identity: recensione software SSO - Accurate Reviews","og_description":"Ping Identity: recensione software SSO per rendere le esperienze digitali sicure e fluide per tutti gli utenti senza compromessi.","og_url":"https:\/\/www.accuratereviews.com\/it\/software-sso\/ping-identity-recensione\/","og_site_name":"Accurate Reviews","article_modified_time":"2025-09-10T09:31:14+00:00","og_image":[{"width":225,"height":225,"url":"https:\/\/www.accuratereviews.com\/wp-content\/uploads\/2025\/09\/Ping-Identity.png","type":"image\/png"}],"twitter_card":"summary_large_image","twitter_misc":{"Tempo di lettura stimato":"4 minuti"},"schema":{"@context":"https:\/\/schema.org","@graph":[{"@type":"WebPage","@id":"https:\/\/www.accuratereviews.com\/it\/software-sso\/ping-identity-recensione\/","url":"https:\/\/www.accuratereviews.com\/it\/software-sso\/ping-identity-recensione\/","name":"Ping Identity: recensione software SSO - Accurate Reviews","isPartOf":{"@id":"https:\/\/www.accuratereviews.com\/it\/#website"},"primaryImageOfPage":{"@id":"https:\/\/www.accuratereviews.com\/it\/software-sso\/ping-identity-recensione\/#primaryimage"},"image":{"@id":"https:\/\/www.accuratereviews.com\/it\/software-sso\/ping-identity-recensione\/#primaryimage"},"thumbnailUrl":"https:\/\/www.accuratereviews.com\/wp-content\/uploads\/2025\/09\/Ping-Identity.png","datePublished":"2025-09-09T09:36:51+00:00","dateModified":"2025-09-10T09:31:14+00:00","description":"Ping Identity: recensione software SSO per rendere le esperienze digitali sicure e fluide per tutti gli utenti senza compromessi.","breadcrumb":{"@id":"https:\/\/www.accuratereviews.com\/it\/software-sso\/ping-identity-recensione\/#breadcrumb"},"inLanguage":"it-IT","potentialAction":[{"@type":"ReadAction","target":["https:\/\/www.accuratereviews.com\/it\/software-sso\/ping-identity-recensione\/"]}]},{"@type":"ImageObject","inLanguage":"it-IT","@id":"https:\/\/www.accuratereviews.com\/it\/software-sso\/ping-identity-recensione\/#primaryimage","url":"https:\/\/www.accuratereviews.com\/wp-content\/uploads\/2025\/09\/Ping-Identity.png","contentUrl":"https:\/\/www.accuratereviews.com\/wp-content\/uploads\/2025\/09\/Ping-Identity.png","width":225,"height":225},{"@type":"BreadcrumbList","@id":"https:\/\/www.accuratereviews.com\/it\/software-sso\/ping-identity-recensione\/#breadcrumb","itemListElement":[{"@type":"ListItem","position":1,"name":"Home","item":"https:\/\/www.accuratereviews.com\/it\/"},{"@type":"ListItem","position":2,"name":"Software SSO (Single Sign-On)","item":"https:\/\/www.accuratereviews.com\/it\/software-sso\/"},{"@type":"ListItem","position":3,"name":"Ping Identity"}]},{"@type":"WebSite","@id":"https:\/\/www.accuratereviews.com\/it\/#website","url":"https:\/\/www.accuratereviews.com\/it\/","name":"Accurate Reviews","description":"","potentialAction":[{"@type":"SearchAction","target":{"@type":"EntryPoint","urlTemplate":"https:\/\/www.accuratereviews.com\/it\/?s={search_term_string}"},"query-input":{"@type":"PropertyValueSpecification","valueRequired":true,"valueName":"search_term_string"}}],"inLanguage":"it-IT"}]}},"_links":{"self":[{"href":"https:\/\/www.accuratereviews.com\/it\/wp-json\/wp\/v2\/pages\/100697","targetHints":{"allow":["GET"]}}],"collection":[{"href":"https:\/\/www.accuratereviews.com\/it\/wp-json\/wp\/v2\/pages"}],"about":[{"href":"https:\/\/www.accuratereviews.com\/it\/wp-json\/wp\/v2\/types\/page"}],"author":[{"embeddable":true,"href":"https:\/\/www.accuratereviews.com\/it\/wp-json\/wp\/v2\/users\/19"}],"replies":[{"embeddable":true,"href":"https:\/\/www.accuratereviews.com\/it\/wp-json\/wp\/v2\/comments?post=100697"}],"version-history":[{"count":7,"href":"https:\/\/www.accuratereviews.com\/it\/wp-json\/wp\/v2\/pages\/100697\/revisions"}],"predecessor-version":[{"id":100756,"href":"https:\/\/www.accuratereviews.com\/it\/wp-json\/wp\/v2\/pages\/100697\/revisions\/100756"}],"up":[{"embeddable":true,"href":"https:\/\/www.accuratereviews.com\/it\/wp-json\/wp\/v2\/pages\/97817"}],"wp:featuredmedia":[{"embeddable":true,"href":"https:\/\/www.accuratereviews.com\/it\/wp-json\/wp\/v2\/media\/100698"}],"wp:attachment":[{"href":"https:\/\/www.accuratereviews.com\/it\/wp-json\/wp\/v2\/media?parent=100697"}],"wp:term":[{"taxonomy":"category","embeddable":true,"href":"https:\/\/www.accuratereviews.com\/it\/wp-json\/wp\/v2\/categories?post=100697"},{"taxonomy":"post_tag","embeddable":true,"href":"https:\/\/www.accuratereviews.com\/it\/wp-json\/wp\/v2\/tags?post=100697"},{"taxonomy":"features","embeddable":true,"href":"https:\/\/www.accuratereviews.com\/it\/wp-json\/wp\/v2\/features?post=100697"}],"curies":[{"name":"wp","href":"https:\/\/api.w.org\/{rel}","templated":true}]}}