{"id":100720,"date":"2025-09-10T10:03:17","date_gmt":"2025-09-10T10:03:17","guid":{"rendered":"https:\/\/www.accuratereviews.com\/?page_id=100720"},"modified":"2025-10-01T20:10:43","modified_gmt":"2025-10-01T20:10:43","slug":"conecta-suite-recensione","status":"publish","type":"page","link":"https:\/\/www.accuratereviews.com\/it\/software-sso\/conecta-suite-recensione\/","title":{"rendered":"Conecta Suite"},"content":{"rendered":"<p><strong>Conecta Suite<\/strong> \u00e8 la soluzione ideale per chi desidera massimizzare il<strong> potenziale di Google Workspace<\/strong> e aumentare la produttivit\u00e0 del team. Grazie a funzionalit\u00e0 che rendono la gestione pi\u00f9 efficiente e sicura, offre un controllo avanzato e personalizzato per soddisfare le esigenze specifiche della tua azienda. Integrando questa soluzione migliori l&#8217;utilizzo della <strong>Console di Amministrazione<\/strong> con una maggiore sicurezza e una gestione dettagliata delle risorse, consentendo al tuo team di collaborare e comunicare in modo fluido e sicuro. Il programma \u00a0rafforza la sicurezza, proteggendo i dati da minacce e accessi non autorizzati.<\/p>\n<h2>CONECTA SUITE &#8211; TUTORIAL<\/h2>\n<div id=\"fluid-wrapper-counter-1\" class=\"g1-fluid-wrapper \" style=\"width:686px;\">\n<div style=\"padding-bottom:56.268221574344%;\"><iframe loading=\"lazy\" title=\"Conecta Suite\" width=\"686\" height=\"386\" src=\"https:\/\/www.youtube.com\/embed\/SGJiaw2eXgA?feature=oembed&amp;wmode=transparent&amp;autohide=1&amp;autoplay=0&amp;disablekb=0&amp;fs=1&amp;loop=0&amp;enablejsapi=1&amp;rel=0&amp;controls=2&amp;showinfo=0&amp;wmode=transparent&amp;autohide=2&amp;autoplay=0&amp;disablekb=0&amp;fs=1&amp;loop=0&amp;enablejsapi=1&amp;rel=0&amp;controls=2&amp;showinfo=1\" frameborder=\"0\" allow=\"accelerometer; autoplay; clipboard-write; encrypted-media; gyroscope; picture-in-picture; web-share\" referrerpolicy=\"strict-origin-when-cross-origin\" allowfullscreen><\/iframe><\/div>\n<\/div>\n<h3>CONECTA SUITE &#8211; CARATTERISTICHE<\/h3>\n<ul>\n<li>Controllo degli accessi basato sull&#8217;orario di lavoro<\/li>\n<li>Integrazione con sistemi di monitoraggio del tempo come VR Gente (Pontomais), S\u00f3lides (Tangerino) e Senior Sistemas<\/li>\n<li>Regole avanzate per IP, sistema operativo, browser e intervallo di tempo<\/li>\n<li>Blocco automatico degli accessi in caso di offboarding<\/li>\n<li>Restrizioni dei dispositivi e schermata di accesso personalizzata<\/li>\n<li>Monitoraggio di accessi, sessioni e azioni amministrative<\/li>\n<li>Report completi di audit e conformit\u00e0<\/li>\n<li>Provisioning degli account standardizzato e flussi di lavoro di offboarding<\/li>\n<li>Riapplicazione automatica delle firme email e dei messaggi di assenza<\/li>\n<li>Delega delle attivit\u00e0 amministrative con controllo granulare<\/li>\n<li>Migrazione sicura di email e file tra account e gruppi<\/li>\n<\/ul>\n<h4>LE RECENSIONI DEGLI UTENTI<\/h4>\n<p><strong>Saulo&#8221;Ottimo strumento&#8221;<\/strong><br \/>\n<strong>Pro<\/strong>: un plus nell&#8217;autonomia e nella gestione di Google Workspace<br \/>\n<strong>Contro<\/strong>: pochi modelli di firma e-mail, potrebbero esserci pi\u00f9 opzioni<\/p>\n<p><strong>Leticia&#8221;Valutazione&#8221;<\/strong><br \/>\n<strong>Pro<\/strong>: mi \u00e8 piaciuta la praticit\u00e0 dell&#8217;utilizzo e degli aggiornamenti nell&#8217;implementazione delle firme del team Progen.<br \/>\n<strong>Contro<\/strong>: essendo un&#8217;organizzazione sociale, il prezzo rappresenta ancora un ostacolo con cui dobbiamo confrontarci e lottare per ottenere le risorse necessarie per continuare a utilizzarle l&#8217;anno prossimo.<\/p>\n<p><strong>William&#8221;&#8221;Ottima alternativa per la gestione degli accessi in Google Workspace&#8221;<\/strong><br \/>\n<strong>Pro<\/strong>: \u00c8 uno strumento che migliora la gestione degli accessi in Google Workspace, semplificandola. Non \u00e8 necessario accedere a ogni account per gestirlo.<br \/>\n<strong>Contro<\/strong>: finora niente in contrario, \u00e8 un&#8217;ottima alternativa.<\/p>\n","protected":false},"excerpt":{"rendered":"<p>Conecta Suite \u00e8 la soluzione ideale per chi desidera massimizzare il potenziale di Google Workspace e aumentare la produttivit\u00e0 del team. Grazie a funzionalit\u00e0 che rendono la gestione pi\u00f9 efficiente e sicura, offre un controllo avanzato e personalizzato per soddisfare le esigenze specifiche della tua azienda.<\/p>\n","protected":false},"author":19,"featured_media":100738,"parent":97817,"menu_order":0,"comment_status":"open","ping_status":"closed","template":"g1_template_page_review_new.php","meta":{"_acf_changed":false,"cwp_meta_box_check":"Yes","cwp_rev_product_name":"","cwp_rev_product_image":"","wppr_links":[],"cwp_rev_price":"0.00","wppr_options":[{"name":"Usability","value":"0"},{"name":"Speed","value":"0"},{"name":"Features","value":"0"},{"name":"Support","value":"0"},{"name":"Pricing","value":"0"}],"wppr_pros":["","","","",""],"wppr_cons":["","","","",""],"_monsterinsights_skip_tracking":false,"_monsterinsights_sitenote_active":false,"_monsterinsights_sitenote_note":"","_monsterinsights_sitenote_category":0,"footnotes":""},"categories":[16466],"tags":[16560,16464,16463,16460,16471,16462],"features":[],"class_list":{"0":"post-100720","1":"page","2":"type-page","3":"status-publish","4":"has-post-thumbnail","6":"category-software-sso-cat","7":"tag-conecta-suite","8":"tag-piattaforma-sso","9":"tag-programma-sso","10":"tag-software-sso","11":"tag-software-sso-single-sign-on","12":"tag-soluzione-sso"},"wppr_data":{"cwp_meta_box_check":"Yes","_wppr_review_template":"default","cwp_rev_product_image":"","cwp_image_link":"image","wppr_links":[],"cwp_rev_price":"0.00","wppr_pros":["","","","",""],"wppr_cons":["","","","",""],"wppr_rating":"0.00","wppr_options":{"1":{"name":"Usability","value":"0"},"2":{"name":"Speed","value":"0"},"3":{"name":"Features","value":"0"},"4":{"name":"Support","value":"0"},"5":{"name":"Pricing","value":"0"}},"wppr_review_type":"Product","wppr_review_custom_fields":{"additionalProperty":"","additionalType":"","aggregateRating":"","alternateName":"","audience":"","award":"","awards":"","brand":"","color":"","depth":"","description":"","disambiguatingDescription":"","gtin12":"","gtin13":"","gtin14":"","gtin8":"","height":"","identifier":"","image":"","isAccessoryOrSparePartFor":"","isConsumableFor":"","isRelatedTo":"","isSimilarTo":"","itemCondition":"","logo":"","mainEntityOfPage":"","manufacturer":"","material":"","model":"","mpn":"","name":"","offers":"","potentialAction":"","productID":"","productionDate":"","purchaseDate":"","releaseDate":"","review":"","reviews":"","sameAs":"","sku":"","slogan":"","subjectOf":"","url":"","weight":"","width":""}},"acf":[],"yoast_head":"<!-- This site is optimized with the Yoast SEO plugin v27.4 - https:\/\/yoast.com\/product\/yoast-seo-wordpress\/ -->\n<title>Conecta Suite: recensione software SSO - Accurate Reviews<\/title>\n<meta name=\"description\" content=\"Conecta Suite: recensione soluzione ideale per chi desidera massimizzare il potenziale di Google Workspace e aumentare la produttivit\u00e0.\" \/>\n<meta name=\"robots\" content=\"index, follow, max-snippet:-1, max-image-preview:large, max-video-preview:-1\" \/>\n<link rel=\"canonical\" href=\"https:\/\/www.accuratereviews.com\/it\/software-sso\/conecta-suite-recensione\/\" \/>\n<meta property=\"og:locale\" content=\"it_IT\" \/>\n<meta property=\"og:type\" content=\"article\" \/>\n<meta property=\"og:title\" content=\"Conecta Suite: recensione software SSO - Accurate Reviews\" \/>\n<meta property=\"og:description\" content=\"Conecta Suite: recensione soluzione ideale per chi desidera massimizzare il potenziale di Google Workspace e aumentare la produttivit\u00e0.\" \/>\n<meta property=\"og:url\" content=\"https:\/\/www.accuratereviews.com\/it\/software-sso\/conecta-suite-recensione\/\" \/>\n<meta property=\"og:site_name\" content=\"Accurate Reviews\" \/>\n<meta property=\"article:modified_time\" content=\"2025-10-01T20:10:43+00:00\" \/>\n<meta property=\"og:image\" content=\"https:\/\/www.accuratereviews.com\/wp-content\/uploads\/2025\/09\/Conecta-Suite.png\" \/>\n\t<meta property=\"og:image:width\" content=\"512\" \/>\n\t<meta property=\"og:image:height\" content=\"512\" \/>\n\t<meta property=\"og:image:type\" content=\"image\/png\" \/>\n<meta name=\"twitter:card\" content=\"summary_large_image\" \/>\n<meta name=\"twitter:label1\" content=\"Tempo di lettura stimato\" \/>\n\t<meta name=\"twitter:data1\" content=\"3 minuti\" \/>\n<script type=\"application\/ld+json\" class=\"yoast-schema-graph\">{\"@context\":\"https:\\\/\\\/schema.org\",\"@graph\":[{\"@type\":\"WebPage\",\"@id\":\"https:\\\/\\\/www.accuratereviews.com\\\/it\\\/software-sso\\\/conecta-suite-recensione\\\/\",\"url\":\"https:\\\/\\\/www.accuratereviews.com\\\/it\\\/software-sso\\\/conecta-suite-recensione\\\/\",\"name\":\"Conecta Suite: recensione software SSO - Accurate Reviews\",\"isPartOf\":{\"@id\":\"https:\\\/\\\/www.accuratereviews.com\\\/it\\\/#website\"},\"primaryImageOfPage\":{\"@id\":\"https:\\\/\\\/www.accuratereviews.com\\\/it\\\/software-sso\\\/conecta-suite-recensione\\\/#primaryimage\"},\"image\":{\"@id\":\"https:\\\/\\\/www.accuratereviews.com\\\/it\\\/software-sso\\\/conecta-suite-recensione\\\/#primaryimage\"},\"thumbnailUrl\":\"https:\\\/\\\/www.accuratereviews.com\\\/wp-content\\\/uploads\\\/2025\\\/09\\\/Conecta-Suite.png\",\"datePublished\":\"2025-09-10T10:03:17+00:00\",\"dateModified\":\"2025-10-01T20:10:43+00:00\",\"description\":\"Conecta Suite: recensione soluzione ideale per chi desidera massimizzare il potenziale di Google Workspace e aumentare la produttivit\u00e0.\",\"breadcrumb\":{\"@id\":\"https:\\\/\\\/www.accuratereviews.com\\\/it\\\/software-sso\\\/conecta-suite-recensione\\\/#breadcrumb\"},\"inLanguage\":\"it-IT\",\"potentialAction\":[{\"@type\":\"ReadAction\",\"target\":[\"https:\\\/\\\/www.accuratereviews.com\\\/it\\\/software-sso\\\/conecta-suite-recensione\\\/\"]}]},{\"@type\":\"ImageObject\",\"inLanguage\":\"it-IT\",\"@id\":\"https:\\\/\\\/www.accuratereviews.com\\\/it\\\/software-sso\\\/conecta-suite-recensione\\\/#primaryimage\",\"url\":\"https:\\\/\\\/www.accuratereviews.com\\\/wp-content\\\/uploads\\\/2025\\\/09\\\/Conecta-Suite.png\",\"contentUrl\":\"https:\\\/\\\/www.accuratereviews.com\\\/wp-content\\\/uploads\\\/2025\\\/09\\\/Conecta-Suite.png\",\"width\":512,\"height\":512},{\"@type\":\"BreadcrumbList\",\"@id\":\"https:\\\/\\\/www.accuratereviews.com\\\/it\\\/software-sso\\\/conecta-suite-recensione\\\/#breadcrumb\",\"itemListElement\":[{\"@type\":\"ListItem\",\"position\":1,\"name\":\"Home\",\"item\":\"https:\\\/\\\/www.accuratereviews.com\\\/it\\\/\"},{\"@type\":\"ListItem\",\"position\":2,\"name\":\"Software SSO (Single Sign-On)\",\"item\":\"https:\\\/\\\/www.accuratereviews.com\\\/it\\\/software-sso\\\/\"},{\"@type\":\"ListItem\",\"position\":3,\"name\":\"Conecta Suite\"}]},{\"@type\":\"WebSite\",\"@id\":\"https:\\\/\\\/www.accuratereviews.com\\\/it\\\/#website\",\"url\":\"https:\\\/\\\/www.accuratereviews.com\\\/it\\\/\",\"name\":\"Accurate Reviews\",\"description\":\"\",\"potentialAction\":[{\"@type\":\"SearchAction\",\"target\":{\"@type\":\"EntryPoint\",\"urlTemplate\":\"https:\\\/\\\/www.accuratereviews.com\\\/it\\\/?s={search_term_string}\"},\"query-input\":{\"@type\":\"PropertyValueSpecification\",\"valueRequired\":true,\"valueName\":\"search_term_string\"}}],\"inLanguage\":\"it-IT\"}]}<\/script>\n<!-- \/ Yoast SEO plugin. -->","yoast_head_json":{"title":"Conecta Suite: recensione software SSO - Accurate Reviews","description":"Conecta Suite: recensione soluzione ideale per chi desidera massimizzare il potenziale di Google Workspace e aumentare la produttivit\u00e0.","robots":{"index":"index","follow":"follow","max-snippet":"max-snippet:-1","max-image-preview":"max-image-preview:large","max-video-preview":"max-video-preview:-1"},"canonical":"https:\/\/www.accuratereviews.com\/it\/software-sso\/conecta-suite-recensione\/","og_locale":"it_IT","og_type":"article","og_title":"Conecta Suite: recensione software SSO - Accurate Reviews","og_description":"Conecta Suite: recensione soluzione ideale per chi desidera massimizzare il potenziale di Google Workspace e aumentare la produttivit\u00e0.","og_url":"https:\/\/www.accuratereviews.com\/it\/software-sso\/conecta-suite-recensione\/","og_site_name":"Accurate Reviews","article_modified_time":"2025-10-01T20:10:43+00:00","og_image":[{"width":512,"height":512,"url":"https:\/\/www.accuratereviews.com\/wp-content\/uploads\/2025\/09\/Conecta-Suite.png","type":"image\/png"}],"twitter_card":"summary_large_image","twitter_misc":{"Tempo di lettura stimato":"3 minuti"},"schema":{"@context":"https:\/\/schema.org","@graph":[{"@type":"WebPage","@id":"https:\/\/www.accuratereviews.com\/it\/software-sso\/conecta-suite-recensione\/","url":"https:\/\/www.accuratereviews.com\/it\/software-sso\/conecta-suite-recensione\/","name":"Conecta Suite: recensione software SSO - Accurate Reviews","isPartOf":{"@id":"https:\/\/www.accuratereviews.com\/it\/#website"},"primaryImageOfPage":{"@id":"https:\/\/www.accuratereviews.com\/it\/software-sso\/conecta-suite-recensione\/#primaryimage"},"image":{"@id":"https:\/\/www.accuratereviews.com\/it\/software-sso\/conecta-suite-recensione\/#primaryimage"},"thumbnailUrl":"https:\/\/www.accuratereviews.com\/wp-content\/uploads\/2025\/09\/Conecta-Suite.png","datePublished":"2025-09-10T10:03:17+00:00","dateModified":"2025-10-01T20:10:43+00:00","description":"Conecta Suite: recensione soluzione ideale per chi desidera massimizzare il potenziale di Google Workspace e aumentare la produttivit\u00e0.","breadcrumb":{"@id":"https:\/\/www.accuratereviews.com\/it\/software-sso\/conecta-suite-recensione\/#breadcrumb"},"inLanguage":"it-IT","potentialAction":[{"@type":"ReadAction","target":["https:\/\/www.accuratereviews.com\/it\/software-sso\/conecta-suite-recensione\/"]}]},{"@type":"ImageObject","inLanguage":"it-IT","@id":"https:\/\/www.accuratereviews.com\/it\/software-sso\/conecta-suite-recensione\/#primaryimage","url":"https:\/\/www.accuratereviews.com\/wp-content\/uploads\/2025\/09\/Conecta-Suite.png","contentUrl":"https:\/\/www.accuratereviews.com\/wp-content\/uploads\/2025\/09\/Conecta-Suite.png","width":512,"height":512},{"@type":"BreadcrumbList","@id":"https:\/\/www.accuratereviews.com\/it\/software-sso\/conecta-suite-recensione\/#breadcrumb","itemListElement":[{"@type":"ListItem","position":1,"name":"Home","item":"https:\/\/www.accuratereviews.com\/it\/"},{"@type":"ListItem","position":2,"name":"Software SSO (Single Sign-On)","item":"https:\/\/www.accuratereviews.com\/it\/software-sso\/"},{"@type":"ListItem","position":3,"name":"Conecta Suite"}]},{"@type":"WebSite","@id":"https:\/\/www.accuratereviews.com\/it\/#website","url":"https:\/\/www.accuratereviews.com\/it\/","name":"Accurate Reviews","description":"","potentialAction":[{"@type":"SearchAction","target":{"@type":"EntryPoint","urlTemplate":"https:\/\/www.accuratereviews.com\/it\/?s={search_term_string}"},"query-input":{"@type":"PropertyValueSpecification","valueRequired":true,"valueName":"search_term_string"}}],"inLanguage":"it-IT"}]}},"_links":{"self":[{"href":"https:\/\/www.accuratereviews.com\/it\/wp-json\/wp\/v2\/pages\/100720","targetHints":{"allow":["GET"]}}],"collection":[{"href":"https:\/\/www.accuratereviews.com\/it\/wp-json\/wp\/v2\/pages"}],"about":[{"href":"https:\/\/www.accuratereviews.com\/it\/wp-json\/wp\/v2\/types\/page"}],"author":[{"embeddable":true,"href":"https:\/\/www.accuratereviews.com\/it\/wp-json\/wp\/v2\/users\/19"}],"replies":[{"embeddable":true,"href":"https:\/\/www.accuratereviews.com\/it\/wp-json\/wp\/v2\/comments?post=100720"}],"version-history":[{"count":7,"href":"https:\/\/www.accuratereviews.com\/it\/wp-json\/wp\/v2\/pages\/100720\/revisions"}],"predecessor-version":[{"id":104098,"href":"https:\/\/www.accuratereviews.com\/it\/wp-json\/wp\/v2\/pages\/100720\/revisions\/104098"}],"up":[{"embeddable":true,"href":"https:\/\/www.accuratereviews.com\/it\/wp-json\/wp\/v2\/pages\/97817"}],"wp:featuredmedia":[{"embeddable":true,"href":"https:\/\/www.accuratereviews.com\/it\/wp-json\/wp\/v2\/media\/100738"}],"wp:attachment":[{"href":"https:\/\/www.accuratereviews.com\/it\/wp-json\/wp\/v2\/media?parent=100720"}],"wp:term":[{"taxonomy":"category","embeddable":true,"href":"https:\/\/www.accuratereviews.com\/it\/wp-json\/wp\/v2\/categories?post=100720"},{"taxonomy":"post_tag","embeddable":true,"href":"https:\/\/www.accuratereviews.com\/it\/wp-json\/wp\/v2\/tags?post=100720"},{"taxonomy":"features","embeddable":true,"href":"https:\/\/www.accuratereviews.com\/it\/wp-json\/wp\/v2\/features?post=100720"}],"curies":[{"name":"wp","href":"https:\/\/api.w.org\/{rel}","templated":true}]}}