{"id":101109,"date":"2025-09-12T09:53:56","date_gmt":"2025-09-12T09:53:56","guid":{"rendered":"https:\/\/www.accuratereviews.com\/?page_id=101109"},"modified":"2025-10-01T19:48:07","modified_gmt":"2025-10-01T19:48:07","slug":"watchguard-authpoint-recensione","status":"publish","type":"page","link":"https:\/\/www.accuratereviews.com\/it\/software-sso\/watchguard-authpoint-recensione\/","title":{"rendered":"WatchGuard AuthPoint"},"content":{"rendered":"<p><strong>AuthPoint Identity Security<\/strong> offre le soluzioni necessarie per proteggere identit\u00e0, risorse, account e informazioni. La soluzione contribuisce a mitigare i rischi associati ai diffusi attacchi alle credenziali della forza lavoro. Basta una sola credenziale compromessa per danneggiare o addirittura disabilitare seriamente un&#8217;organizzazione. La<strong> sicurezza dell&#8217;identit\u00e0 deve essere la prima linea di difesa<\/strong> contro gli attacchi informatici. Lascia che la tua azienda lavori con sicurezza e tranquillit\u00e0 grazie a soluzioni di autenticazione a pi\u00f9 fattori e gestione delle credenziali complete, convenienti e facili da usare. Inoltre, le aziende possono soddisfare i requisiti di sicurezza, conformit\u00e0 e assicurazione informatica relativi all&#8217;autenticazione degli utenti e al controllo degli accessi.<\/p>\n<h2>WATCHGUARD AUTHPOINT &#8211; TUTORIAL<\/h2>\n<div id=\"fluid-wrapper-counter-1\" class=\"g1-fluid-wrapper \" style=\"width:686px;\">\n<div style=\"padding-bottom:56.268221574344%;\"><iframe loading=\"lazy\" title=\"AuthPoint: Multi-Factor Authentication That&#039;s Powerfully Easy\" width=\"686\" height=\"386\" src=\"https:\/\/www.youtube.com\/embed\/cXqTdSwS6Ko?feature=oembed&amp;wmode=transparent&amp;autohide=1&amp;autoplay=0&amp;disablekb=0&amp;fs=1&amp;loop=0&amp;enablejsapi=1&amp;rel=0&amp;controls=2&amp;showinfo=0&amp;wmode=transparent&amp;autohide=2&amp;autoplay=0&amp;disablekb=0&amp;fs=1&amp;loop=0&amp;enablejsapi=1&amp;rel=0&amp;controls=2&amp;showinfo=1\" frameborder=\"0\" allow=\"accelerometer; autoplay; clipboard-write; encrypted-media; gyroscope; picture-in-picture; web-share\" referrerpolicy=\"strict-origin-when-cross-origin\" allowfullscreen><\/iframe><\/div>\n<\/div>\n<h3>WATCHGUARD AUTHPOINT &#8211; CARATTERISTICHE<\/h3>\n<ul>\n<li><strong>Sicurezza incentrata sull&#8217;utente<\/strong>: implementa l&#8217;autenticazione a pi\u00f9 fattori (MFA) per la tua organizzazione con una distribuzione rapida guidata, semplificando le attivit\u00e0 di configurazione. Gestisci i token da un&#8217;unica posizione con provisioning e de-provisioning automatizzati, sincronizzazione completa degli utenti (Microsoft Active Directory e LDAP) e supporto per oltre 130 integrazioni di terze parti.<\/li>\n<li><strong>Single Sign-On (SSO) basato su cloud<\/strong>: Il Single Sign-On Web protetto da MFA semplifica l&#8217;accesso degli utenti a pi\u00f9 applicazioni cloud con un solo set di credenziali. Questo elimina la necessit\u00e0 di ricordare pi\u00f9 password, che pu\u00f2 comportare perdite di tempo per reimpostare password dimenticate o immettere manualmente le credenziali di accesso per ogni applicazione web a cui l&#8217;utente desidera accedere.<\/li>\n<li><strong>Zero Trust Risk Framework:<\/strong> fai un passo avanti verso la sicurezza Zero Trust con policy di accesso che ti consentono di valutare il rischio di compromissione dell&#8217;account a ogni accesso. Classifica le risorse che desideri proteggere e limita l&#8217;accesso in base a utenti, gruppi e attributi di controllo come giorno, ora, posizione e altro ancora.<\/li>\n<li><strong>Configurazioni guidate<\/strong>: crea una struttura di autenticazione sicura con funzionalit\u00e0 di gestione degli utenti per istanze locali. Inoltre, aggiungi l&#8217;autenticazione a pi\u00f9 fattori (MFA) a risorse come client RADIUS, applicazioni SAML, portale SSO web, ADFS e API per integrarle nelle tue applicazioni personalizzate.<\/li>\n<li><strong>Implementazione VPN rapida<\/strong>: non essendo pi\u00f9 necessaria la configurazione di RADIUS, ora \u00e8 pi\u00f9 facile configurare un&#8217;autenticazione a pi\u00f9 fattori avanzata per reti private virtuali (VPN) tramite WatchGuard Firebox. Sicurezza e praticit\u00e0 rendono questa integrazione uno strumento potente per le implementazioni Zero Trust.<\/li>\n<li><strong>Monitoraggio del Dark Web<\/strong>: gli hacker tentano costantemente di rubare dati. Come parte del pacchetto gli utenti possono accedere al monitoraggio del Dark Web, che si integra con WatchGuard Cloud per una gestione centralizzata. Un avviso viene inviato agli amministratori e agli utenti interessati se vengono rilevate credenziali esposte.<\/li>\n<\/ul>\n<h4>LE RECENSIONI DEGLI UTENTI<\/h4>\n<p><strong>Michael &#8220;Ottime soluzioni di autenticazione MFA e SSO&#8221;<\/strong><br \/>\nSono molto soddisfatto di WatchGuard AuthPoint. Trovo che la configurazione e la gestione della soluzione AuthPoint siano piuttosto semplici e ben documentate. Il supporto Watchguard \u00e8 eccellente per la soluzione. La diagnosi dei problemi di accesso \u00e8 semplice grazie ai log di controllo.<br \/>\n<strong>Pro<\/strong>: accesso facile e sicuro alla gestione tramite Watchguard Cloud. La documentazione per l&#8217;integrazione con i prodotti \u00e8 disponibile sul sito web di Watchguard. L&#8217;app AuthPoint per dispositivi mobili (Android e Mac) \u00e8 sicura e facile da usare. Il portale SSO per le applicazioni \u00e8 facile da configurare e molto pratico per gli utenti finali.<br \/>\n<strong>Contro<\/strong>: le rare interruzioni del servizio ritardano o impediscono gli accessi. L&#8217;app AuthPoint non mi consente di ordinare i token o di filtrarli\/cercarli, il che \u00e8 un problema quando gli utenti ne hanno decine.<\/p>\n<p><strong>Christian &#8220;un anno di utilizzo di Authpoint MFA sul nuovo telefono.&#8221;<\/strong><br \/>\nTra tutte le app MFA, Authpoint \u00e8 la migliore e la pi\u00f9 semplice. Poter accedere tramite un codice QR quando il computer \u00e8 offline \u00e8 un enorme vantaggio.<br \/>\n<strong>Pro<\/strong>: La facilit\u00e0 di aggiunta dei token all&#8217;app e di etichettatura. Inoltre, la possibilit\u00e0 di eseguire il backup sul cloud \u00e8 estremamente pratica.<br \/>\n<strong>Contro<\/strong>: Il ritardo nell&#8217;ottenere un token per la richiesta. Un altro svantaggio \u00e8 che non tutti i token possono essere aggiunti alla stessa app.<\/p>\n<p><strong>Kevin &#8220;Ottimo modo per proteggere la tua VPN utilizzando MFA&#8221;<\/strong><br \/>\nOttima qualit\u00e0 e servizio offerto. L&#8217;installazione pu\u00f2 essere un po&#8217; complicata, ma sul sito web di Watchguard sono disponibili guide dettagliate.<br \/>\n<strong>Pro<\/strong>: fornisce un accesso VPN sicuro tramite un token MFA. Pu\u00f2 essere gestito centralmente tramite il portale online Watchguard.<br \/>\n<strong>Contro<\/strong>: l&#8217;utente finale non pu\u00f2 reimpostare il proprio token se si blocca. \u00c8 necessario utilizzare l&#8217;app Watchguard AuthPoint, non pu\u00f2 essere utilizzato tramite le app MS o Google MFA.<\/p>\n","protected":false},"excerpt":{"rendered":"<p>AuthPoint Identity Security offre le soluzioni necessarie per proteggere identit\u00e0, risorse, account e informazioni. La soluzione contribuisce a mitigare i rischi associati ai diffusi attacchi alle credenziali della forza lavoro. Basta una sola credenziale compromessa per danneggiare o addirittura disabilitare seriamente un&#8217;organizzazione.<\/p>\n","protected":false},"author":19,"featured_media":101119,"parent":97817,"menu_order":0,"comment_status":"open","ping_status":"closed","template":"g1_template_page_review_new.php","meta":{"_acf_changed":false,"cwp_meta_box_check":"Yes","cwp_rev_product_name":"","cwp_rev_product_image":"","wppr_links":[],"cwp_rev_price":"0.00","wppr_options":[{"name":"Usability","value":"0"},{"name":"Speed","value":"0"},{"name":"Features","value":"0"},{"name":"Support","value":"0"},{"name":"Pricing","value":"0"}],"wppr_pros":["","","","",""],"wppr_cons":["","","","",""],"_monsterinsights_skip_tracking":false,"_monsterinsights_sitenote_active":false,"_monsterinsights_sitenote_note":"","_monsterinsights_sitenote_category":0,"footnotes":""},"categories":[16466],"tags":[16562,16464,16463,16460,16471,16462,16561],"features":[],"class_list":{"0":"post-101109","1":"page","2":"type-page","3":"status-publish","4":"has-post-thumbnail","6":"category-software-sso-cat","7":"tag-authpoint-identity-security","8":"tag-piattaforma-sso","9":"tag-programma-sso","10":"tag-software-sso","11":"tag-software-sso-single-sign-on","12":"tag-soluzione-sso","13":"tag-watchguard-authpoint","14":"g1_relation_tag-daniela-gambetta"},"wppr_data":{"cwp_meta_box_check":"Yes","_wppr_review_template":"default","cwp_rev_product_image":"","cwp_image_link":"image","wppr_links":[],"cwp_rev_price":"0.00","wppr_pros":["","","","",""],"wppr_cons":["","","","",""],"wppr_rating":"0.00","wppr_options":{"1":{"name":"Usability","value":"0"},"2":{"name":"Speed","value":"0"},"3":{"name":"Features","value":"0"},"4":{"name":"Support","value":"0"},"5":{"name":"Pricing","value":"0"}},"wppr_review_type":"Product","wppr_review_custom_fields":{"additionalProperty":"","additionalType":"","aggregateRating":"","alternateName":"","audience":"","award":"","awards":"","brand":"","color":"","depth":"","description":"","disambiguatingDescription":"","gtin12":"","gtin13":"","gtin14":"","gtin8":"","height":"","identifier":"","image":"","isAccessoryOrSparePartFor":"","isConsumableFor":"","isRelatedTo":"","isSimilarTo":"","itemCondition":"","logo":"","mainEntityOfPage":"","manufacturer":"","material":"","model":"","mpn":"","name":"","offers":"","potentialAction":"","productID":"","productionDate":"","purchaseDate":"","releaseDate":"","review":"","reviews":"","sameAs":"","sku":"","slogan":"","subjectOf":"","url":"","weight":"","width":""}},"acf":[],"yoast_head":"<!-- This site is optimized with the Yoast SEO plugin v27.4 - https:\/\/yoast.com\/product\/yoast-seo-wordpress\/ -->\n<title>AuthPoint Identity Security: recensione software SSO - Accurate Reviews<\/title>\n<meta name=\"description\" content=\"AuthPoint Identity Security: recensione soluzione SSO necessaria per le aziende per proteggere identit\u00e0, risorse, account e informazioni.\" \/>\n<meta name=\"robots\" content=\"index, follow, max-snippet:-1, max-image-preview:large, max-video-preview:-1\" \/>\n<link rel=\"canonical\" href=\"https:\/\/www.accuratereviews.com\/it\/software-sso\/watchguard-authpoint-recensione\/\" \/>\n<meta property=\"og:locale\" content=\"it_IT\" \/>\n<meta property=\"og:type\" content=\"article\" \/>\n<meta property=\"og:title\" content=\"AuthPoint Identity Security: recensione software SSO - Accurate Reviews\" \/>\n<meta property=\"og:description\" content=\"AuthPoint Identity Security: recensione soluzione SSO necessaria per le aziende per proteggere identit\u00e0, risorse, account e informazioni.\" \/>\n<meta property=\"og:url\" content=\"https:\/\/www.accuratereviews.com\/it\/software-sso\/watchguard-authpoint-recensione\/\" \/>\n<meta property=\"og:site_name\" content=\"Accurate Reviews\" \/>\n<meta property=\"article:modified_time\" content=\"2025-10-01T19:48:07+00:00\" \/>\n<meta property=\"og:image\" content=\"https:\/\/www.accuratereviews.com\/wp-content\/uploads\/2025\/09\/WatchGuardAuthPointMFA_3120b937-8e73-423c-8fd0-24b9dbeae3f6.png\" \/>\n\t<meta property=\"og:image:width\" content=\"800\" \/>\n\t<meta property=\"og:image:height\" content=\"600\" \/>\n\t<meta property=\"og:image:type\" content=\"image\/png\" \/>\n<meta name=\"twitter:card\" content=\"summary_large_image\" \/>\n<meta name=\"twitter:label1\" content=\"Tempo di lettura stimato\" \/>\n\t<meta name=\"twitter:data1\" content=\"5 minuti\" \/>\n<script type=\"application\/ld+json\" class=\"yoast-schema-graph\">{\"@context\":\"https:\\\/\\\/schema.org\",\"@graph\":[{\"@type\":\"WebPage\",\"@id\":\"https:\\\/\\\/www.accuratereviews.com\\\/it\\\/software-sso\\\/watchguard-authpoint-recensione\\\/\",\"url\":\"https:\\\/\\\/www.accuratereviews.com\\\/it\\\/software-sso\\\/watchguard-authpoint-recensione\\\/\",\"name\":\"AuthPoint Identity Security: recensione software SSO - Accurate Reviews\",\"isPartOf\":{\"@id\":\"https:\\\/\\\/www.accuratereviews.com\\\/it\\\/#website\"},\"primaryImageOfPage\":{\"@id\":\"https:\\\/\\\/www.accuratereviews.com\\\/it\\\/software-sso\\\/watchguard-authpoint-recensione\\\/#primaryimage\"},\"image\":{\"@id\":\"https:\\\/\\\/www.accuratereviews.com\\\/it\\\/software-sso\\\/watchguard-authpoint-recensione\\\/#primaryimage\"},\"thumbnailUrl\":\"https:\\\/\\\/www.accuratereviews.com\\\/wp-content\\\/uploads\\\/2025\\\/09\\\/WatchGuardAuthPointMFA_3120b937-8e73-423c-8fd0-24b9dbeae3f6.png\",\"datePublished\":\"2025-09-12T09:53:56+00:00\",\"dateModified\":\"2025-10-01T19:48:07+00:00\",\"description\":\"AuthPoint Identity Security: recensione soluzione SSO necessaria per le aziende per proteggere identit\u00e0, risorse, account e informazioni.\",\"breadcrumb\":{\"@id\":\"https:\\\/\\\/www.accuratereviews.com\\\/it\\\/software-sso\\\/watchguard-authpoint-recensione\\\/#breadcrumb\"},\"inLanguage\":\"it-IT\",\"potentialAction\":[{\"@type\":\"ReadAction\",\"target\":[\"https:\\\/\\\/www.accuratereviews.com\\\/it\\\/software-sso\\\/watchguard-authpoint-recensione\\\/\"]}]},{\"@type\":\"ImageObject\",\"inLanguage\":\"it-IT\",\"@id\":\"https:\\\/\\\/www.accuratereviews.com\\\/it\\\/software-sso\\\/watchguard-authpoint-recensione\\\/#primaryimage\",\"url\":\"https:\\\/\\\/www.accuratereviews.com\\\/wp-content\\\/uploads\\\/2025\\\/09\\\/WatchGuardAuthPointMFA_3120b937-8e73-423c-8fd0-24b9dbeae3f6.png\",\"contentUrl\":\"https:\\\/\\\/www.accuratereviews.com\\\/wp-content\\\/uploads\\\/2025\\\/09\\\/WatchGuardAuthPointMFA_3120b937-8e73-423c-8fd0-24b9dbeae3f6.png\",\"width\":800,\"height\":600},{\"@type\":\"BreadcrumbList\",\"@id\":\"https:\\\/\\\/www.accuratereviews.com\\\/it\\\/software-sso\\\/watchguard-authpoint-recensione\\\/#breadcrumb\",\"itemListElement\":[{\"@type\":\"ListItem\",\"position\":1,\"name\":\"Home\",\"item\":\"https:\\\/\\\/www.accuratereviews.com\\\/it\\\/\"},{\"@type\":\"ListItem\",\"position\":2,\"name\":\"Software SSO (Single Sign-On)\",\"item\":\"https:\\\/\\\/www.accuratereviews.com\\\/it\\\/software-sso\\\/\"},{\"@type\":\"ListItem\",\"position\":3,\"name\":\"WatchGuard AuthPoint\"}]},{\"@type\":\"WebSite\",\"@id\":\"https:\\\/\\\/www.accuratereviews.com\\\/it\\\/#website\",\"url\":\"https:\\\/\\\/www.accuratereviews.com\\\/it\\\/\",\"name\":\"Accurate Reviews\",\"description\":\"\",\"potentialAction\":[{\"@type\":\"SearchAction\",\"target\":{\"@type\":\"EntryPoint\",\"urlTemplate\":\"https:\\\/\\\/www.accuratereviews.com\\\/it\\\/?s={search_term_string}\"},\"query-input\":{\"@type\":\"PropertyValueSpecification\",\"valueRequired\":true,\"valueName\":\"search_term_string\"}}],\"inLanguage\":\"it-IT\"}]}<\/script>\n<!-- \/ Yoast SEO plugin. -->","yoast_head_json":{"title":"AuthPoint Identity Security: recensione software SSO - Accurate Reviews","description":"AuthPoint Identity Security: recensione soluzione SSO necessaria per le aziende per proteggere identit\u00e0, risorse, account e informazioni.","robots":{"index":"index","follow":"follow","max-snippet":"max-snippet:-1","max-image-preview":"max-image-preview:large","max-video-preview":"max-video-preview:-1"},"canonical":"https:\/\/www.accuratereviews.com\/it\/software-sso\/watchguard-authpoint-recensione\/","og_locale":"it_IT","og_type":"article","og_title":"AuthPoint Identity Security: recensione software SSO - Accurate Reviews","og_description":"AuthPoint Identity Security: recensione soluzione SSO necessaria per le aziende per proteggere identit\u00e0, risorse, account e informazioni.","og_url":"https:\/\/www.accuratereviews.com\/it\/software-sso\/watchguard-authpoint-recensione\/","og_site_name":"Accurate Reviews","article_modified_time":"2025-10-01T19:48:07+00:00","og_image":[{"width":800,"height":600,"url":"https:\/\/www.accuratereviews.com\/wp-content\/uploads\/2025\/09\/WatchGuardAuthPointMFA_3120b937-8e73-423c-8fd0-24b9dbeae3f6.png","type":"image\/png"}],"twitter_card":"summary_large_image","twitter_misc":{"Tempo di lettura stimato":"5 minuti"},"schema":{"@context":"https:\/\/schema.org","@graph":[{"@type":"WebPage","@id":"https:\/\/www.accuratereviews.com\/it\/software-sso\/watchguard-authpoint-recensione\/","url":"https:\/\/www.accuratereviews.com\/it\/software-sso\/watchguard-authpoint-recensione\/","name":"AuthPoint Identity Security: recensione software SSO - Accurate Reviews","isPartOf":{"@id":"https:\/\/www.accuratereviews.com\/it\/#website"},"primaryImageOfPage":{"@id":"https:\/\/www.accuratereviews.com\/it\/software-sso\/watchguard-authpoint-recensione\/#primaryimage"},"image":{"@id":"https:\/\/www.accuratereviews.com\/it\/software-sso\/watchguard-authpoint-recensione\/#primaryimage"},"thumbnailUrl":"https:\/\/www.accuratereviews.com\/wp-content\/uploads\/2025\/09\/WatchGuardAuthPointMFA_3120b937-8e73-423c-8fd0-24b9dbeae3f6.png","datePublished":"2025-09-12T09:53:56+00:00","dateModified":"2025-10-01T19:48:07+00:00","description":"AuthPoint Identity Security: recensione soluzione SSO necessaria per le aziende per proteggere identit\u00e0, risorse, account e informazioni.","breadcrumb":{"@id":"https:\/\/www.accuratereviews.com\/it\/software-sso\/watchguard-authpoint-recensione\/#breadcrumb"},"inLanguage":"it-IT","potentialAction":[{"@type":"ReadAction","target":["https:\/\/www.accuratereviews.com\/it\/software-sso\/watchguard-authpoint-recensione\/"]}]},{"@type":"ImageObject","inLanguage":"it-IT","@id":"https:\/\/www.accuratereviews.com\/it\/software-sso\/watchguard-authpoint-recensione\/#primaryimage","url":"https:\/\/www.accuratereviews.com\/wp-content\/uploads\/2025\/09\/WatchGuardAuthPointMFA_3120b937-8e73-423c-8fd0-24b9dbeae3f6.png","contentUrl":"https:\/\/www.accuratereviews.com\/wp-content\/uploads\/2025\/09\/WatchGuardAuthPointMFA_3120b937-8e73-423c-8fd0-24b9dbeae3f6.png","width":800,"height":600},{"@type":"BreadcrumbList","@id":"https:\/\/www.accuratereviews.com\/it\/software-sso\/watchguard-authpoint-recensione\/#breadcrumb","itemListElement":[{"@type":"ListItem","position":1,"name":"Home","item":"https:\/\/www.accuratereviews.com\/it\/"},{"@type":"ListItem","position":2,"name":"Software SSO (Single Sign-On)","item":"https:\/\/www.accuratereviews.com\/it\/software-sso\/"},{"@type":"ListItem","position":3,"name":"WatchGuard AuthPoint"}]},{"@type":"WebSite","@id":"https:\/\/www.accuratereviews.com\/it\/#website","url":"https:\/\/www.accuratereviews.com\/it\/","name":"Accurate Reviews","description":"","potentialAction":[{"@type":"SearchAction","target":{"@type":"EntryPoint","urlTemplate":"https:\/\/www.accuratereviews.com\/it\/?s={search_term_string}"},"query-input":{"@type":"PropertyValueSpecification","valueRequired":true,"valueName":"search_term_string"}}],"inLanguage":"it-IT"}]}},"_links":{"self":[{"href":"https:\/\/www.accuratereviews.com\/it\/wp-json\/wp\/v2\/pages\/101109","targetHints":{"allow":["GET"]}}],"collection":[{"href":"https:\/\/www.accuratereviews.com\/it\/wp-json\/wp\/v2\/pages"}],"about":[{"href":"https:\/\/www.accuratereviews.com\/it\/wp-json\/wp\/v2\/types\/page"}],"author":[{"embeddable":true,"href":"https:\/\/www.accuratereviews.com\/it\/wp-json\/wp\/v2\/users\/19"}],"replies":[{"embeddable":true,"href":"https:\/\/www.accuratereviews.com\/it\/wp-json\/wp\/v2\/comments?post=101109"}],"version-history":[{"count":10,"href":"https:\/\/www.accuratereviews.com\/it\/wp-json\/wp\/v2\/pages\/101109\/revisions"}],"predecessor-version":[{"id":104088,"href":"https:\/\/www.accuratereviews.com\/it\/wp-json\/wp\/v2\/pages\/101109\/revisions\/104088"}],"up":[{"embeddable":true,"href":"https:\/\/www.accuratereviews.com\/it\/wp-json\/wp\/v2\/pages\/97817"}],"wp:featuredmedia":[{"embeddable":true,"href":"https:\/\/www.accuratereviews.com\/it\/wp-json\/wp\/v2\/media\/101119"}],"wp:attachment":[{"href":"https:\/\/www.accuratereviews.com\/it\/wp-json\/wp\/v2\/media?parent=101109"}],"wp:term":[{"taxonomy":"category","embeddable":true,"href":"https:\/\/www.accuratereviews.com\/it\/wp-json\/wp\/v2\/categories?post=101109"},{"taxonomy":"post_tag","embeddable":true,"href":"https:\/\/www.accuratereviews.com\/it\/wp-json\/wp\/v2\/tags?post=101109"},{"taxonomy":"features","embeddable":true,"href":"https:\/\/www.accuratereviews.com\/it\/wp-json\/wp\/v2\/features?post=101109"}],"curies":[{"name":"wp","href":"https:\/\/api.w.org\/{rel}","templated":true}]}}