{"id":101484,"date":"2025-09-12T10:18:55","date_gmt":"2025-09-12T10:18:55","guid":{"rendered":"https:\/\/www.accuratereviews.com\/?page_id=101484"},"modified":"2025-10-01T19:40:02","modified_gmt":"2025-10-01T19:40:02","slug":"auth0-recensione","status":"publish","type":"page","link":"https:\/\/www.accuratereviews.com\/it\/strumenti-seo-lista-software\/auth0-recensione\/","title":{"rendered":"Auth0"},"content":{"rendered":"<p><strong>Auth0<\/strong> di Okta adotta un approccio moderno all&#8217;identit\u00e0 e consente alle organizzazioni di fornire<strong> un accesso sicuro<\/strong> a qualsiasi applicazione, a qualsiasi utente. Prodotto altamente personalizzabile, semplice quanto i team di sviluppo desiderano e flessibile quanto le loro esigenze. Salvaguardando miliardi di transazioni di accesso ogni mese, <strong>Auth0<\/strong> offre <strong>praticit\u00e0, privacy e sicurezza<\/strong>, consentendo ai clienti di concentrarsi sull&#8217;innovazione. Con funzionalit\u00e0 che includono accesso universale<strong>, Single Sign-On (SSO),<\/strong> autenticazione a pi\u00f9 fattori (MFA), collegamento degli account, conservazione e streaming dei log, <strong>Auth0<\/strong> rende l&#8217;identit\u00e0 accessibile a tutti. Gli sviluppatori possono creare flussi di accesso integrati universali o personalizzati per autenticare i dipendenti tramite un dominio centrale o all&#8217;interno del dominio della pagina. Utilizzando la dashboard, gli amministratori possono aggiungere o eliminare utenti, gestire la reimpostazione delle password, visualizzare i registri eventi e fornire account. Le aziende possono elaborare accessi senza password convalidando gli utenti tramite password monouso (OTP).<\/p>\n<h2>AUTHO &#8211; TUTORIAL<\/h2>\n<div id=\"fluid-wrapper-counter-1\" class=\"g1-fluid-wrapper \" style=\"width:686px;\">\n<div style=\"padding-bottom:56.268221574344%;\"><iframe loading=\"lazy\" title=\"Auth0: The Identity Platform for Developers\" width=\"686\" height=\"386\" src=\"https:\/\/www.youtube.com\/embed\/l5Oe7AyRGEg?feature=oembed&amp;wmode=transparent&amp;autohide=1&amp;autoplay=0&amp;disablekb=0&amp;fs=1&amp;loop=0&amp;enablejsapi=1&amp;rel=0&amp;controls=2&amp;showinfo=0&amp;wmode=transparent&amp;autohide=2&amp;autoplay=0&amp;disablekb=0&amp;fs=1&amp;loop=0&amp;enablejsapi=1&amp;rel=0&amp;controls=2&amp;showinfo=1\" frameborder=\"0\" allow=\"accelerometer; autoplay; clipboard-write; encrypted-media; gyroscope; picture-in-picture; web-share\" referrerpolicy=\"strict-origin-when-cross-origin\" allowfullscreen><\/iframe><\/div>\n<\/div>\n<h3>AUTHO &#8211; CARATTERISTICHE<\/h3>\n<ul>\n<li><strong>Proteggi l&#8217;esperienza<\/strong>: previeni le violazioni dei dati e proteggi meglio le identit\u00e0 dei clienti con un&#8217;autenticazione avanzata e una protezione dalle minacce che si attiva solo quando necessario per ridurre gli attriti.<\/li>\n<li><strong>Semplifica il checkout:<\/strong> crea esperienze di accesso e checkout fluide e senza intoppi che riducono l&#8217;abbandono del carrello e aumentano le conversioni.<\/li>\n<li><strong>Aumenta le iscrizioni ai programmi fedelt\u00e0<\/strong>: incrementa le iscrizioni ai programmi fedelt\u00e0 con esperienze di creazione e accesso del profilo semplici e sicure.<\/li>\n<li><strong>Semplifica le esperienze omnicanale<\/strong>: abilita un&#8217;unica identit\u00e0 su tutti i canali e dispositivi per percorsi cliente coerenti e unificati, ovunque si verifichino.<\/li>\n<li><strong>Conosci i tuoi clienti:<\/strong> acquisisci e consolida i dati dei clienti, sia di prima che di terza parte, in una vista a 360\u00b0. Connetti e attiva i dati attraverso le tecnologie di marketing esistenti.<\/li>\n<li><strong>Personalizza l&#8217;esperienza<\/strong>: integra i dati dei clienti per arricchire i profili e offrire consigli sui prodotti, sconti, esperienze e altro ancora altamente personalizzati.<\/li>\n<li><strong>Gestisci gli eventi di picco del traffico<\/strong>: mantieni un accesso ininterrotto dei clienti durante gli eventi di picco del traffico, come i saldi natalizi o i lanci di prodotto.<\/li>\n<\/ul>\n<h4>LE RECENSIONI DEGLI UTENTI<\/h4>\n<p><strong>Daniele&#8221;Integrazione di Thesis Auth0&#8243;<\/strong><br \/>\nHo avuto qualche problema con la configurazione, ma l&#8217;ho risolto facilmente con la documentazione.<br \/>\n<strong>Pro<\/strong>: Mi piace l&#8217;interfaccia intuitiva e la semplicit\u00e0 d&#8217;uso dei componenti (e anche l&#8217;integrazione)<br \/>\n<strong>Contro<\/strong>: Niente, ho usato solo auth0 per la mia tesi, quindi ho utilizzato pochi componenti.<\/p>\n<p><strong>Ahmed&#8221;Auth0 &#8211; Autenticazione affidabile semplificata&#8221;<\/strong><br \/>\nFacile da usare e con funzionalit\u00e0 solide, ma il prezzo \u00e8 elevato. In realt\u00e0 non presenta alcun bug, anche se la personalizzazione \u00e8 un po&#8217; limitata.<br \/>\n<strong>Pro<\/strong>: adoro l&#8217;esperienza di accesso fluida e le integrazioni social. L&#8217;assistenza clienti risponde rapidamente quando necessario. \u00c8 supportato da numerose funzionalit\u00e0 e non presenta bug o problemi nel flusso di lavoro.<br \/>\n<strong>Contro<\/strong>: non \u00e8 il miglior rapporto qualit\u00e0-prezzo: gli aumenti di prezzo sono piuttosto inaspettati. La personalizzazione \u00e8 limitata e le notifiche push sono basilari.<\/p>\n<p><strong>Kalana&#8221;Recensione onesta di Auth0&#8243;<\/strong><br \/>\nFin dal mio primo sviluppo in Auth0, non ho mai riscontrato bug o problemi. Finora, i progressi sono stati molto fluidi.<br \/>\n<strong>Pro<\/strong>: \u00c8 facile da usare e da capire. L&#8217;assistenza clienti \u00e8 ottima, la personalizzazione \u00e8 semplicissima e il materiale di supporto \u00e8 molto ampio.<br \/>\n<strong>Contro<\/strong>: non prevedeva azioni di pre-accesso, mentre altri provider di identit\u00e0 come WSO2 &#8220;Asgardio&#8221; hanno questa funzionalit\u00e0. Inoltre, nel progetto in corso, se dovessimo cambiare il nome del database in Auth0, non potremmo farlo. Se potessimo creare un altro database e avere un pulsante di migrazione per spostare gli utenti dal primo al secondo database, sarebbe una funzionalit\u00e0 fantastica.<\/p>\n","protected":false},"excerpt":{"rendered":"<p>Auth0 di Okta adotta un approccio moderno all&#8217;identit\u00e0 e consente alle organizzazioni di fornire un accesso sicuro a qualsiasi applicazione, a qualsiasi utente. Prodotto altamente personalizzabile, semplice quanto i team di sviluppo desiderano e flessibile quanto le loro esigenze. Salvaguardando miliardi di transazioni di accesso ogni mese, Auth0 offre praticit\u00e0, privacy e sicurezza, consentendo ai clienti di concentrarsi sull&#8217;innovazione.<\/p>\n","protected":false},"author":19,"featured_media":101494,"parent":8849,"menu_order":0,"comment_status":"open","ping_status":"closed","template":"g1_template_page_review_new.php","meta":{"_acf_changed":false,"cwp_meta_box_check":"No","cwp_rev_product_name":"","cwp_rev_product_image":"","wppr_links":[],"cwp_rev_price":"","wppr_options":[],"wppr_pros":[],"wppr_cons":[],"_monsterinsights_skip_tracking":false,"_monsterinsights_sitenote_active":false,"_monsterinsights_sitenote_note":"","_monsterinsights_sitenote_category":0,"footnotes":""},"categories":[16466],"tags":[16563,16464,16463,16564,16460,16471,16462],"features":[],"class_list":{"0":"post-101484","1":"page","2":"type-page","3":"status-publish","4":"has-post-thumbnail","6":"category-software-sso-cat","7":"tag-auth0","8":"tag-piattaforma-sso","9":"tag-programma-sso","10":"tag-single-sign-on-sso","11":"tag-software-sso","12":"tag-software-sso-single-sign-on","13":"tag-soluzione-sso","14":"g1_relation_tag-daniela-gambetta"},"wppr_data":{"cwp_meta_box_check":"No"},"acf":[],"yoast_head":"<!-- This site is optimized with the Yoast SEO plugin v27.4 - https:\/\/yoast.com\/product\/yoast-seo-wordpress\/ -->\n<title>Auth0: recensione software SSO - Accurate Reviews<\/title>\n<meta name=\"description\" content=\"Auth0: recensione software che consente alle organizzazioni di fornire un accesso sicuro a qualsiasi applicazione a qualsiasi utente.\" \/>\n<meta name=\"robots\" content=\"index, follow, max-snippet:-1, max-image-preview:large, max-video-preview:-1\" \/>\n<link rel=\"canonical\" href=\"https:\/\/www.accuratereviews.com\/it\/strumenti-seo-lista-software\/auth0-recensione\/\" \/>\n<meta property=\"og:locale\" content=\"it_IT\" \/>\n<meta property=\"og:type\" content=\"article\" \/>\n<meta property=\"og:title\" content=\"Auth0: recensione software SSO - Accurate Reviews\" \/>\n<meta property=\"og:description\" content=\"Auth0: recensione software che consente alle organizzazioni di fornire un accesso sicuro a qualsiasi applicazione a qualsiasi utente.\" \/>\n<meta property=\"og:url\" content=\"https:\/\/www.accuratereviews.com\/it\/strumenti-seo-lista-software\/auth0-recensione\/\" \/>\n<meta property=\"og:site_name\" content=\"Accurate Reviews\" \/>\n<meta property=\"article:modified_time\" content=\"2025-10-01T19:40:02+00:00\" \/>\n<meta property=\"og:image\" content=\"https:\/\/www.accuratereviews.com\/wp-content\/uploads\/2025\/09\/Auth0.png\" \/>\n\t<meta property=\"og:image:width\" content=\"2426\" \/>\n\t<meta property=\"og:image:height\" content=\"717\" \/>\n\t<meta property=\"og:image:type\" content=\"image\/png\" \/>\n<meta name=\"twitter:card\" content=\"summary_large_image\" \/>\n<meta name=\"twitter:label1\" content=\"Tempo di lettura stimato\" \/>\n\t<meta name=\"twitter:data1\" content=\"4 minuti\" \/>\n<script type=\"application\/ld+json\" class=\"yoast-schema-graph\">{\"@context\":\"https:\\\/\\\/schema.org\",\"@graph\":[{\"@type\":\"WebPage\",\"@id\":\"https:\\\/\\\/www.accuratereviews.com\\\/it\\\/strumenti-seo-lista-software\\\/auth0-recensione\\\/\",\"url\":\"https:\\\/\\\/www.accuratereviews.com\\\/it\\\/strumenti-seo-lista-software\\\/auth0-recensione\\\/\",\"name\":\"Auth0: recensione software SSO - Accurate Reviews\",\"isPartOf\":{\"@id\":\"https:\\\/\\\/www.accuratereviews.com\\\/it\\\/#website\"},\"primaryImageOfPage\":{\"@id\":\"https:\\\/\\\/www.accuratereviews.com\\\/it\\\/strumenti-seo-lista-software\\\/auth0-recensione\\\/#primaryimage\"},\"image\":{\"@id\":\"https:\\\/\\\/www.accuratereviews.com\\\/it\\\/strumenti-seo-lista-software\\\/auth0-recensione\\\/#primaryimage\"},\"thumbnailUrl\":\"https:\\\/\\\/www.accuratereviews.com\\\/wp-content\\\/uploads\\\/2025\\\/09\\\/Auth0.png\",\"datePublished\":\"2025-09-12T10:18:55+00:00\",\"dateModified\":\"2025-10-01T19:40:02+00:00\",\"description\":\"Auth0: recensione software che consente alle organizzazioni di fornire un accesso sicuro a qualsiasi applicazione a qualsiasi utente.\",\"breadcrumb\":{\"@id\":\"https:\\\/\\\/www.accuratereviews.com\\\/it\\\/strumenti-seo-lista-software\\\/auth0-recensione\\\/#breadcrumb\"},\"inLanguage\":\"it-IT\",\"potentialAction\":[{\"@type\":\"ReadAction\",\"target\":[\"https:\\\/\\\/www.accuratereviews.com\\\/it\\\/strumenti-seo-lista-software\\\/auth0-recensione\\\/\"]}]},{\"@type\":\"ImageObject\",\"inLanguage\":\"it-IT\",\"@id\":\"https:\\\/\\\/www.accuratereviews.com\\\/it\\\/strumenti-seo-lista-software\\\/auth0-recensione\\\/#primaryimage\",\"url\":\"https:\\\/\\\/www.accuratereviews.com\\\/wp-content\\\/uploads\\\/2025\\\/09\\\/Auth0.png\",\"contentUrl\":\"https:\\\/\\\/www.accuratereviews.com\\\/wp-content\\\/uploads\\\/2025\\\/09\\\/Auth0.png\",\"width\":2426,\"height\":717},{\"@type\":\"BreadcrumbList\",\"@id\":\"https:\\\/\\\/www.accuratereviews.com\\\/it\\\/strumenti-seo-lista-software\\\/auth0-recensione\\\/#breadcrumb\",\"itemListElement\":[{\"@type\":\"ListItem\",\"position\":1,\"name\":\"Home\",\"item\":\"https:\\\/\\\/www.accuratereviews.com\\\/it\\\/\"},{\"@type\":\"ListItem\",\"position\":2,\"name\":\"Strumenti SEO\",\"item\":\"https:\\\/\\\/www.accuratereviews.com\\\/it\\\/strumenti-seo-lista-software\\\/\"},{\"@type\":\"ListItem\",\"position\":3,\"name\":\"Auth0\"}]},{\"@type\":\"WebSite\",\"@id\":\"https:\\\/\\\/www.accuratereviews.com\\\/it\\\/#website\",\"url\":\"https:\\\/\\\/www.accuratereviews.com\\\/it\\\/\",\"name\":\"Accurate Reviews\",\"description\":\"\",\"potentialAction\":[{\"@type\":\"SearchAction\",\"target\":{\"@type\":\"EntryPoint\",\"urlTemplate\":\"https:\\\/\\\/www.accuratereviews.com\\\/it\\\/?s={search_term_string}\"},\"query-input\":{\"@type\":\"PropertyValueSpecification\",\"valueRequired\":true,\"valueName\":\"search_term_string\"}}],\"inLanguage\":\"it-IT\"}]}<\/script>\n<!-- \/ Yoast SEO plugin. -->","yoast_head_json":{"title":"Auth0: recensione software SSO - Accurate Reviews","description":"Auth0: recensione software che consente alle organizzazioni di fornire un accesso sicuro a qualsiasi applicazione a qualsiasi utente.","robots":{"index":"index","follow":"follow","max-snippet":"max-snippet:-1","max-image-preview":"max-image-preview:large","max-video-preview":"max-video-preview:-1"},"canonical":"https:\/\/www.accuratereviews.com\/it\/strumenti-seo-lista-software\/auth0-recensione\/","og_locale":"it_IT","og_type":"article","og_title":"Auth0: recensione software SSO - Accurate Reviews","og_description":"Auth0: recensione software che consente alle organizzazioni di fornire un accesso sicuro a qualsiasi applicazione a qualsiasi utente.","og_url":"https:\/\/www.accuratereviews.com\/it\/strumenti-seo-lista-software\/auth0-recensione\/","og_site_name":"Accurate Reviews","article_modified_time":"2025-10-01T19:40:02+00:00","og_image":[{"width":2426,"height":717,"url":"https:\/\/www.accuratereviews.com\/wp-content\/uploads\/2025\/09\/Auth0.png","type":"image\/png"}],"twitter_card":"summary_large_image","twitter_misc":{"Tempo di lettura stimato":"4 minuti"},"schema":{"@context":"https:\/\/schema.org","@graph":[{"@type":"WebPage","@id":"https:\/\/www.accuratereviews.com\/it\/strumenti-seo-lista-software\/auth0-recensione\/","url":"https:\/\/www.accuratereviews.com\/it\/strumenti-seo-lista-software\/auth0-recensione\/","name":"Auth0: recensione software SSO - Accurate Reviews","isPartOf":{"@id":"https:\/\/www.accuratereviews.com\/it\/#website"},"primaryImageOfPage":{"@id":"https:\/\/www.accuratereviews.com\/it\/strumenti-seo-lista-software\/auth0-recensione\/#primaryimage"},"image":{"@id":"https:\/\/www.accuratereviews.com\/it\/strumenti-seo-lista-software\/auth0-recensione\/#primaryimage"},"thumbnailUrl":"https:\/\/www.accuratereviews.com\/wp-content\/uploads\/2025\/09\/Auth0.png","datePublished":"2025-09-12T10:18:55+00:00","dateModified":"2025-10-01T19:40:02+00:00","description":"Auth0: recensione software che consente alle organizzazioni di fornire un accesso sicuro a qualsiasi applicazione a qualsiasi utente.","breadcrumb":{"@id":"https:\/\/www.accuratereviews.com\/it\/strumenti-seo-lista-software\/auth0-recensione\/#breadcrumb"},"inLanguage":"it-IT","potentialAction":[{"@type":"ReadAction","target":["https:\/\/www.accuratereviews.com\/it\/strumenti-seo-lista-software\/auth0-recensione\/"]}]},{"@type":"ImageObject","inLanguage":"it-IT","@id":"https:\/\/www.accuratereviews.com\/it\/strumenti-seo-lista-software\/auth0-recensione\/#primaryimage","url":"https:\/\/www.accuratereviews.com\/wp-content\/uploads\/2025\/09\/Auth0.png","contentUrl":"https:\/\/www.accuratereviews.com\/wp-content\/uploads\/2025\/09\/Auth0.png","width":2426,"height":717},{"@type":"BreadcrumbList","@id":"https:\/\/www.accuratereviews.com\/it\/strumenti-seo-lista-software\/auth0-recensione\/#breadcrumb","itemListElement":[{"@type":"ListItem","position":1,"name":"Home","item":"https:\/\/www.accuratereviews.com\/it\/"},{"@type":"ListItem","position":2,"name":"Strumenti SEO","item":"https:\/\/www.accuratereviews.com\/it\/strumenti-seo-lista-software\/"},{"@type":"ListItem","position":3,"name":"Auth0"}]},{"@type":"WebSite","@id":"https:\/\/www.accuratereviews.com\/it\/#website","url":"https:\/\/www.accuratereviews.com\/it\/","name":"Accurate Reviews","description":"","potentialAction":[{"@type":"SearchAction","target":{"@type":"EntryPoint","urlTemplate":"https:\/\/www.accuratereviews.com\/it\/?s={search_term_string}"},"query-input":{"@type":"PropertyValueSpecification","valueRequired":true,"valueName":"search_term_string"}}],"inLanguage":"it-IT"}]}},"_links":{"self":[{"href":"https:\/\/www.accuratereviews.com\/it\/wp-json\/wp\/v2\/pages\/101484","targetHints":{"allow":["GET"]}}],"collection":[{"href":"https:\/\/www.accuratereviews.com\/it\/wp-json\/wp\/v2\/pages"}],"about":[{"href":"https:\/\/www.accuratereviews.com\/it\/wp-json\/wp\/v2\/types\/page"}],"author":[{"embeddable":true,"href":"https:\/\/www.accuratereviews.com\/it\/wp-json\/wp\/v2\/users\/19"}],"replies":[{"embeddable":true,"href":"https:\/\/www.accuratereviews.com\/it\/wp-json\/wp\/v2\/comments?post=101484"}],"version-history":[{"count":8,"href":"https:\/\/www.accuratereviews.com\/it\/wp-json\/wp\/v2\/pages\/101484\/revisions"}],"predecessor-version":[{"id":104083,"href":"https:\/\/www.accuratereviews.com\/it\/wp-json\/wp\/v2\/pages\/101484\/revisions\/104083"}],"up":[{"embeddable":true,"href":"https:\/\/www.accuratereviews.com\/it\/wp-json\/wp\/v2\/pages\/8849"}],"wp:featuredmedia":[{"embeddable":true,"href":"https:\/\/www.accuratereviews.com\/it\/wp-json\/wp\/v2\/media\/101494"}],"wp:attachment":[{"href":"https:\/\/www.accuratereviews.com\/it\/wp-json\/wp\/v2\/media?parent=101484"}],"wp:term":[{"taxonomy":"category","embeddable":true,"href":"https:\/\/www.accuratereviews.com\/it\/wp-json\/wp\/v2\/categories?post=101484"},{"taxonomy":"post_tag","embeddable":true,"href":"https:\/\/www.accuratereviews.com\/it\/wp-json\/wp\/v2\/tags?post=101484"},{"taxonomy":"features","embeddable":true,"href":"https:\/\/www.accuratereviews.com\/it\/wp-json\/wp\/v2\/features?post=101484"}],"curies":[{"name":"wp","href":"https:\/\/api.w.org\/{rel}","templated":true}]}}