{"id":102325,"date":"2025-09-15T13:35:25","date_gmt":"2025-09-15T13:35:25","guid":{"rendered":"https:\/\/www.accuratereviews.com\/?page_id=102325"},"modified":"2025-10-01T19:27:19","modified_gmt":"2025-10-01T19:27:19","slug":"duo-security-recensione","status":"publish","type":"page","link":"https:\/\/www.accuratereviews.com\/it\/software-sso\/duo-security-recensione\/","title":{"rendered":"Duo Security"},"content":{"rendered":"<p><strong>Duo Security<\/strong> \u00e8 una <strong>soluzione di sicurezza dell&#8217;identit\u00e0<\/strong> della forza lavoro basata su <strong>cloud<\/strong> che protegge l&#8217;accesso alle applicazioni, per qualsiasi utente e dispositivo, da qualsiasi luogo. Facile da usare e implementare, offre protezione incentrata sull&#8217;identit\u00e0 e una visibilit\u00e0 approfondita sull&#8217;intero ecosistema di identit\u00e0. Offre visibilit\u00e0 su tutte le fonti di identit\u00e0, dall&#8217;utilizzo dell&#8217;autenticazione a pi\u00f9 fattori (MFA), ai controlli amministrativi, all&#8217;accesso ai dispositivi non gestiti, agli account inattivi o ai permessi eccessivi e altro ancora. Le funzionalit\u00e0 senza password e<strong> Single Sign-On (SSO)<\/strong> si basano sull&#8217;autenticazione a pi\u00f9 fattori (MFA) per verificare l&#8217;identit\u00e0 dell&#8217;utente con strumenti di autenticazione come biometria, chiavi di sicurezza FIDO2 e notifiche push dall&#8217;app Duo Mobile.<\/p>\n<h2>DUO SECURITY &#8211; TUTORIAL<\/h2>\n<div id=\"fluid-wrapper-counter-1\" class=\"g1-fluid-wrapper \" style=\"width:686px;\">\n<div style=\"padding-bottom:56.268221574344%;\"><iframe loading=\"lazy\" title=\"Meet the New Duo IAM\" width=\"686\" height=\"386\" src=\"https:\/\/www.youtube.com\/embed\/LsFoQ8nmAH0?feature=oembed&amp;wmode=transparent&amp;autohide=1&amp;autoplay=0&amp;disablekb=0&amp;fs=1&amp;loop=0&amp;enablejsapi=1&amp;rel=0&amp;controls=2&amp;showinfo=0&amp;wmode=transparent&amp;autohide=2&amp;autoplay=0&amp;disablekb=0&amp;fs=1&amp;loop=0&amp;enablejsapi=1&amp;rel=0&amp;controls=2&amp;showinfo=1\" frameborder=\"0\" allow=\"accelerometer; autoplay; clipboard-write; encrypted-media; gyroscope; picture-in-picture; web-share\" referrerpolicy=\"strict-origin-when-cross-origin\" allowfullscreen><\/iframe><\/div>\n<\/div>\n<h3>DUO SECURITY &#8211; CARATTERISTICHE<\/h3>\n<ul>\n<li><strong>Funziona con le tue risorse<\/strong>: si integra facilmente con le soluzioni IAM esistenti per fungere da livello di orchestrazione e sicurezza delle identit\u00e0, consentendo un&#8217;autenticazione a pi\u00f9 fattori (MFA) resistente al phishing e completamente senza password per tutti.<\/li>\n<li><strong>Proteggi e gestisci l&#8217;accesso di terze parti<\/strong>: la soluzione pu\u00f2 separare e mediare l&#8217;autenticazione per le identit\u00e0 esterne, come appaltatori e fornitori, offrendo al contempo lo stesso livello di protezione dei dipendenti interni, il che lo rende la directory alternativa ideale per la gestione e la protezione dell&#8217;accesso di terze parti.<\/li>\n<li><strong>La fonte di verit\u00e0 per l&#8217;identit\u00e0<\/strong>: \u00e8 una fonte di verit\u00e0 flessibile e sicura per l&#8217;autenticazione primaria. Pu\u00f2 essere utilizzata da sola o per abilitare l&#8217;orchestrazione dell&#8217;autenticazione per SSO, senza password e MFA resistente al phishing su altre fonti di identit\u00e0<\/li>\n<li><strong>Abilita pi\u00f9 fonti di autenticazione contemporaneamente<\/strong>: coordina facilmente le tue fonti di identit\u00e0 con le intuitive regole di routing, che funge da hub centrale del tuo ecosistema di identit\u00e0.<\/li>\n<li><strong>Definisci le tue identit\u00e0 a modo tuo<\/strong>: utilizza attributi personalizzati per definire cosa costituisce un&#8217;identit\u00e0 utente agli occhi della tua organizzazione e abilita senza problemi flussi di lavoro, automazione e orchestrazione su pi\u00f9 fonti di identit\u00e0.<\/li>\n<li><strong>Semplifica e scala il provisioning degli utenti<\/strong>: automatizza il provisioning, le modifiche e il deprovisioning di utenti e gruppi nelle tue applicazioni supportate per velocit\u00e0, scalabilit\u00e0 e coerenza.<\/li>\n<li><strong>Ottieni l&#8217;autenticazione adattiva<\/strong>: l&#8217;autenticazione adattiva ti consente di impostare criteri di accesso in base a contenuti come ruolo utente, posizione, applicazione, rete e stato del dispositivo.<\/li>\n<li><strong>Configurazione intuitiva<\/strong>: salta le password, non la sicurezza: di&#8217; addio alle richieste ripetute. Il programma mantiene le sessioni sicure con una singola verifica basata su un intervallo di tempo scelto da te.<\/li>\n<li><strong>Controlla gli accessi con sicurezza<\/strong>: mostra chi sta effettuando l&#8217;accesso e cosa sta facendo, cos\u00ec puoi gestire gli accessi, applicare policy e proteggere il tuo team senza rallentarlo.<\/li>\n<li><strong>Configura le app in un attimo:<\/strong> con centinaia di integrazioni SSO pronte all&#8217;uso, il software semplifica e velocizza la configurazione delle app. Inoltre, con le integrazioni SAML 2.0 e OIDC generiche, l&#8217;aggiunta di app personalizzate richiede solo pochi secondi. Non dovrai pi\u00f9 aspettare che le configurazioni vengano completate.<\/li>\n<\/ul>\n<h4>LE RECENSIONI DEGLI UTENTI<\/h4>\n<p><strong>Ilario&#8221;opzione migliore se si dispone di un ambiente non completamente Microsoft&#8221;<\/strong><br \/>\nbuon sistema per implementare 2FA su una grande quantit\u00e0 di sistemi eterogenei.<br \/>\n<strong>Pro<\/strong>: facile da usare e gestire; interfaccia di gestione cloud; utilizzabile su pi\u00f9 dispositivi<br \/>\n<strong>Contro<\/strong>: dispositivi difficili da sostituire registrati, utente registrato, sistema registrato<\/p>\n<p><strong>Peter N&#8221;Lavora con i migliori e sii il migliore, Duo Security \u00e8 la gemma nascosta&#8221;<\/strong><br \/>\nL&#8217;esperienza \u00e8 stata fenomenale e ora possiamo dormire sonni tranquilli, sapendo che tutto \u00e8 al sicuro.<br \/>\n<strong>Pro<\/strong>: l&#8217;identit\u00e0 \u00e8 tutto, proteggila con Duo Security. \u00c8 il leader in termini di sicurezza. Semplifica la vita ai tuoi utenti, ma proteggila dagli intrusi. Rimani protetto con l&#8217;autenticazione a pi\u00f9 fattori. Se un dispositivo tenta di accedere alle tue applicazioni, avrai la possibilit\u00e0 di verificarne l&#8217;affidabilit\u00e0.<br \/>\n<strong>Contro<\/strong>: la sicurezza \u00e8 tutto, non ho nulla da dire.<\/p>\n<p><strong>Sebastien&#8221;Recensione di Duo Security&#8221;<\/strong><br \/>\nHo utilizzato la sicurezza Duo per 6 mesi, ma la mia societ\u00e0 ha deciso di cambiarla con un&#8217;altra app<br \/>\n<strong>Pro<\/strong>: la sicurezza Duo \u00e8 un requisito indispensabile per la doppia autenticazione ed \u00e8 semplicissima da usare quotidianamente.<br \/>\n<strong>Contro<\/strong>: l&#8217;interfaccia non \u00e8 molto intuitiva, ma sono presenti tutte le funzionalit\u00e0 necessarie.<\/p>\n","protected":false},"excerpt":{"rendered":"<p>Duo Security \u00e8 una soluzione di sicurezza dell&#8217;identit\u00e0 della forza lavoro basata su cloud che protegge l&#8217;accesso alle applicazioni, per qualsiasi utente e dispositivo, da qualsiasi luogo. Facile da usare e implementare, offre protezione incentrata sull&#8217;identit\u00e0 e una visibilit\u00e0 approfondita sull&#8217;intero ecosistema di identit\u00e0.<\/p>\n","protected":false},"author":19,"featured_media":102332,"parent":97817,"menu_order":0,"comment_status":"open","ping_status":"closed","template":"g1_template_page_review_new.php","meta":{"_acf_changed":false,"cwp_meta_box_check":"No","cwp_rev_product_name":"","cwp_rev_product_image":"","wppr_links":[],"cwp_rev_price":"","wppr_options":[],"wppr_pros":[],"wppr_cons":[],"_monsterinsights_skip_tracking":false,"_monsterinsights_sitenote_active":false,"_monsterinsights_sitenote_note":"","_monsterinsights_sitenote_category":0,"footnotes":""},"categories":[16466],"tags":[16565,16464,16463,16461,16460,16471,16462],"features":[],"class_list":{"0":"post-102325","1":"page","2":"type-page","3":"status-publish","4":"has-post-thumbnail","6":"category-software-sso-cat","7":"tag-duo-security","8":"tag-piattaforma-sso","9":"tag-programma-sso","10":"tag-single-sign-on","11":"tag-software-sso","12":"tag-software-sso-single-sign-on","13":"tag-soluzione-sso"},"wppr_data":{"cwp_meta_box_check":"No"},"acf":[],"yoast_head":"<!-- This site is optimized with the Yoast SEO plugin v27.4 - https:\/\/yoast.com\/product\/yoast-seo-wordpress\/ -->\n<title>Duo Security: recensione software SSO - Accurate Reviews<\/title>\n<meta name=\"description\" content=\"Duo Security: recensione soluzione di sicurezza dell&#039;identit\u00e0 della forza lavoro basata su cloud che protegge l&#039;accesso le applicazioni.\" \/>\n<meta name=\"robots\" content=\"index, follow, max-snippet:-1, max-image-preview:large, max-video-preview:-1\" \/>\n<link rel=\"canonical\" href=\"https:\/\/www.accuratereviews.com\/it\/software-sso\/duo-security-recensione\/\" \/>\n<meta property=\"og:locale\" content=\"it_IT\" \/>\n<meta property=\"og:type\" content=\"article\" \/>\n<meta property=\"og:title\" content=\"Duo Security: recensione software SSO - Accurate Reviews\" \/>\n<meta property=\"og:description\" content=\"Duo Security: recensione soluzione di sicurezza dell&#039;identit\u00e0 della forza lavoro basata su cloud che protegge l&#039;accesso le applicazioni.\" \/>\n<meta property=\"og:url\" content=\"https:\/\/www.accuratereviews.com\/it\/software-sso\/duo-security-recensione\/\" \/>\n<meta property=\"og:site_name\" content=\"Accurate Reviews\" \/>\n<meta property=\"article:modified_time\" content=\"2025-10-01T19:27:19+00:00\" \/>\n<meta name=\"twitter:card\" content=\"summary_large_image\" \/>\n<meta name=\"twitter:label1\" content=\"Tempo di lettura stimato\" \/>\n\t<meta name=\"twitter:data1\" content=\"5 minuti\" \/>\n<script type=\"application\/ld+json\" class=\"yoast-schema-graph\">{\"@context\":\"https:\\\/\\\/schema.org\",\"@graph\":[{\"@type\":\"WebPage\",\"@id\":\"https:\\\/\\\/www.accuratereviews.com\\\/it\\\/software-sso\\\/duo-security-recensione\\\/\",\"url\":\"https:\\\/\\\/www.accuratereviews.com\\\/it\\\/software-sso\\\/duo-security-recensione\\\/\",\"name\":\"Duo Security: recensione software SSO - Accurate Reviews\",\"isPartOf\":{\"@id\":\"https:\\\/\\\/www.accuratereviews.com\\\/it\\\/#website\"},\"primaryImageOfPage\":{\"@id\":\"https:\\\/\\\/www.accuratereviews.com\\\/it\\\/software-sso\\\/duo-security-recensione\\\/#primaryimage\"},\"image\":{\"@id\":\"https:\\\/\\\/www.accuratereviews.com\\\/it\\\/software-sso\\\/duo-security-recensione\\\/#primaryimage\"},\"thumbnailUrl\":\"https:\\\/\\\/www.accuratereviews.com\\\/wp-content\\\/uploads\\\/2025\\\/09\\\/Duo-Security.avif\",\"datePublished\":\"2025-09-15T13:35:25+00:00\",\"dateModified\":\"2025-10-01T19:27:19+00:00\",\"description\":\"Duo Security: recensione soluzione di sicurezza dell'identit\u00e0 della forza lavoro basata su cloud che protegge l'accesso le applicazioni.\",\"breadcrumb\":{\"@id\":\"https:\\\/\\\/www.accuratereviews.com\\\/it\\\/software-sso\\\/duo-security-recensione\\\/#breadcrumb\"},\"inLanguage\":\"it-IT\",\"potentialAction\":[{\"@type\":\"ReadAction\",\"target\":[\"https:\\\/\\\/www.accuratereviews.com\\\/it\\\/software-sso\\\/duo-security-recensione\\\/\"]}]},{\"@type\":\"ImageObject\",\"inLanguage\":\"it-IT\",\"@id\":\"https:\\\/\\\/www.accuratereviews.com\\\/it\\\/software-sso\\\/duo-security-recensione\\\/#primaryimage\",\"url\":\"https:\\\/\\\/www.accuratereviews.com\\\/wp-content\\\/uploads\\\/2025\\\/09\\\/Duo-Security.avif\",\"contentUrl\":\"https:\\\/\\\/www.accuratereviews.com\\\/wp-content\\\/uploads\\\/2025\\\/09\\\/Duo-Security.avif\",\"width\":640,\"height\":425},{\"@type\":\"BreadcrumbList\",\"@id\":\"https:\\\/\\\/www.accuratereviews.com\\\/it\\\/software-sso\\\/duo-security-recensione\\\/#breadcrumb\",\"itemListElement\":[{\"@type\":\"ListItem\",\"position\":1,\"name\":\"Home\",\"item\":\"https:\\\/\\\/www.accuratereviews.com\\\/it\\\/\"},{\"@type\":\"ListItem\",\"position\":2,\"name\":\"Software SSO (Single Sign-On)\",\"item\":\"https:\\\/\\\/www.accuratereviews.com\\\/it\\\/software-sso\\\/\"},{\"@type\":\"ListItem\",\"position\":3,\"name\":\"Duo Security\"}]},{\"@type\":\"WebSite\",\"@id\":\"https:\\\/\\\/www.accuratereviews.com\\\/it\\\/#website\",\"url\":\"https:\\\/\\\/www.accuratereviews.com\\\/it\\\/\",\"name\":\"Accurate Reviews\",\"description\":\"\",\"potentialAction\":[{\"@type\":\"SearchAction\",\"target\":{\"@type\":\"EntryPoint\",\"urlTemplate\":\"https:\\\/\\\/www.accuratereviews.com\\\/it\\\/?s={search_term_string}\"},\"query-input\":{\"@type\":\"PropertyValueSpecification\",\"valueRequired\":true,\"valueName\":\"search_term_string\"}}],\"inLanguage\":\"it-IT\"}]}<\/script>\n<!-- \/ Yoast SEO plugin. -->","yoast_head_json":{"title":"Duo Security: recensione software SSO - Accurate Reviews","description":"Duo Security: recensione soluzione di sicurezza dell'identit\u00e0 della forza lavoro basata su cloud che protegge l'accesso le applicazioni.","robots":{"index":"index","follow":"follow","max-snippet":"max-snippet:-1","max-image-preview":"max-image-preview:large","max-video-preview":"max-video-preview:-1"},"canonical":"https:\/\/www.accuratereviews.com\/it\/software-sso\/duo-security-recensione\/","og_locale":"it_IT","og_type":"article","og_title":"Duo Security: recensione software SSO - Accurate Reviews","og_description":"Duo Security: recensione soluzione di sicurezza dell'identit\u00e0 della forza lavoro basata su cloud che protegge l'accesso le applicazioni.","og_url":"https:\/\/www.accuratereviews.com\/it\/software-sso\/duo-security-recensione\/","og_site_name":"Accurate Reviews","article_modified_time":"2025-10-01T19:27:19+00:00","twitter_card":"summary_large_image","twitter_misc":{"Tempo di lettura stimato":"5 minuti"},"schema":{"@context":"https:\/\/schema.org","@graph":[{"@type":"WebPage","@id":"https:\/\/www.accuratereviews.com\/it\/software-sso\/duo-security-recensione\/","url":"https:\/\/www.accuratereviews.com\/it\/software-sso\/duo-security-recensione\/","name":"Duo Security: recensione software SSO - Accurate Reviews","isPartOf":{"@id":"https:\/\/www.accuratereviews.com\/it\/#website"},"primaryImageOfPage":{"@id":"https:\/\/www.accuratereviews.com\/it\/software-sso\/duo-security-recensione\/#primaryimage"},"image":{"@id":"https:\/\/www.accuratereviews.com\/it\/software-sso\/duo-security-recensione\/#primaryimage"},"thumbnailUrl":"https:\/\/www.accuratereviews.com\/wp-content\/uploads\/2025\/09\/Duo-Security.avif","datePublished":"2025-09-15T13:35:25+00:00","dateModified":"2025-10-01T19:27:19+00:00","description":"Duo Security: recensione soluzione di sicurezza dell'identit\u00e0 della forza lavoro basata su cloud che protegge l'accesso le applicazioni.","breadcrumb":{"@id":"https:\/\/www.accuratereviews.com\/it\/software-sso\/duo-security-recensione\/#breadcrumb"},"inLanguage":"it-IT","potentialAction":[{"@type":"ReadAction","target":["https:\/\/www.accuratereviews.com\/it\/software-sso\/duo-security-recensione\/"]}]},{"@type":"ImageObject","inLanguage":"it-IT","@id":"https:\/\/www.accuratereviews.com\/it\/software-sso\/duo-security-recensione\/#primaryimage","url":"https:\/\/www.accuratereviews.com\/wp-content\/uploads\/2025\/09\/Duo-Security.avif","contentUrl":"https:\/\/www.accuratereviews.com\/wp-content\/uploads\/2025\/09\/Duo-Security.avif","width":640,"height":425},{"@type":"BreadcrumbList","@id":"https:\/\/www.accuratereviews.com\/it\/software-sso\/duo-security-recensione\/#breadcrumb","itemListElement":[{"@type":"ListItem","position":1,"name":"Home","item":"https:\/\/www.accuratereviews.com\/it\/"},{"@type":"ListItem","position":2,"name":"Software SSO (Single Sign-On)","item":"https:\/\/www.accuratereviews.com\/it\/software-sso\/"},{"@type":"ListItem","position":3,"name":"Duo Security"}]},{"@type":"WebSite","@id":"https:\/\/www.accuratereviews.com\/it\/#website","url":"https:\/\/www.accuratereviews.com\/it\/","name":"Accurate Reviews","description":"","potentialAction":[{"@type":"SearchAction","target":{"@type":"EntryPoint","urlTemplate":"https:\/\/www.accuratereviews.com\/it\/?s={search_term_string}"},"query-input":{"@type":"PropertyValueSpecification","valueRequired":true,"valueName":"search_term_string"}}],"inLanguage":"it-IT"}]}},"_links":{"self":[{"href":"https:\/\/www.accuratereviews.com\/it\/wp-json\/wp\/v2\/pages\/102325","targetHints":{"allow":["GET"]}}],"collection":[{"href":"https:\/\/www.accuratereviews.com\/it\/wp-json\/wp\/v2\/pages"}],"about":[{"href":"https:\/\/www.accuratereviews.com\/it\/wp-json\/wp\/v2\/types\/page"}],"author":[{"embeddable":true,"href":"https:\/\/www.accuratereviews.com\/it\/wp-json\/wp\/v2\/users\/19"}],"replies":[{"embeddable":true,"href":"https:\/\/www.accuratereviews.com\/it\/wp-json\/wp\/v2\/comments?post=102325"}],"version-history":[{"count":12,"href":"https:\/\/www.accuratereviews.com\/it\/wp-json\/wp\/v2\/pages\/102325\/revisions"}],"predecessor-version":[{"id":104076,"href":"https:\/\/www.accuratereviews.com\/it\/wp-json\/wp\/v2\/pages\/102325\/revisions\/104076"}],"up":[{"embeddable":true,"href":"https:\/\/www.accuratereviews.com\/it\/wp-json\/wp\/v2\/pages\/97817"}],"wp:featuredmedia":[{"embeddable":true,"href":"https:\/\/www.accuratereviews.com\/it\/wp-json\/wp\/v2\/media\/102332"}],"wp:attachment":[{"href":"https:\/\/www.accuratereviews.com\/it\/wp-json\/wp\/v2\/media?parent=102325"}],"wp:term":[{"taxonomy":"category","embeddable":true,"href":"https:\/\/www.accuratereviews.com\/it\/wp-json\/wp\/v2\/categories?post=102325"},{"taxonomy":"post_tag","embeddable":true,"href":"https:\/\/www.accuratereviews.com\/it\/wp-json\/wp\/v2\/tags?post=102325"},{"taxonomy":"features","embeddable":true,"href":"https:\/\/www.accuratereviews.com\/it\/wp-json\/wp\/v2\/features?post=102325"}],"curies":[{"name":"wp","href":"https:\/\/api.w.org\/{rel}","templated":true}]}}