{"id":102759,"date":"2025-09-17T09:50:39","date_gmt":"2025-09-17T09:50:39","guid":{"rendered":"https:\/\/www.accuratereviews.com\/?page_id=102759"},"modified":"2025-10-01T19:16:47","modified_gmt":"2025-10-01T19:16:47","slug":"okta-recensione","status":"publish","type":"page","link":"https:\/\/www.accuratereviews.com\/it\/strumenti-seo-lista-software\/okta-recensione\/","title":{"rendered":"Okta"},"content":{"rendered":"<p><strong>Okta<\/strong> \u00e8 un <strong>software SSO<\/strong> che si concentra principalmente sulla connessione sicura degli utenti con la tecnologia pi\u00f9 adatta. Utilizzando <strong>Okta Identity Cloud<\/strong>, l&#8217;azienda semplifica l&#8217;accesso sicuro ad applicazioni e provider di infrastrutture con la sua ampia gamma di integrazioni predefinite. Soddisfacendo le esigenze di diverse organizzazioni, il programma sfrutta le sue soluzioni per salvaguardare l&#8217;identit\u00e0 di dipendenti e clienti, aiutandoli a esprimere il loro potenziale senza temere minacce legate alla loro identit\u00e0. L&#8217;azienda si basa sull&#8217;idea che gli utenti e organizzazioni sicuri di s\u00e9 possano esprimere appieno il loro potenziale quando la loro identit\u00e0 \u00e8 ben protetta.<\/p>\n<h2>OKTA &#8211; TUTORIAL<\/h2>\n<div id=\"fluid-wrapper-counter-1\" class=\"g1-fluid-wrapper \" style=\"width:686px;\">\n<div style=\"padding-bottom:56.268221574344%;\"><iframe loading=\"lazy\" title=\"Okta | Secure Your End Users with Our Identity Cloud\" width=\"686\" height=\"386\" src=\"https:\/\/www.youtube.com\/embed\/S8NSF2O7ZTU?feature=oembed&amp;wmode=transparent&amp;autohide=1&amp;autoplay=0&amp;disablekb=0&amp;fs=1&amp;loop=0&amp;enablejsapi=1&amp;rel=0&amp;controls=2&amp;showinfo=0&amp;wmode=transparent&amp;autohide=2&amp;autoplay=0&amp;disablekb=0&amp;fs=1&amp;loop=0&amp;enablejsapi=1&amp;rel=0&amp;controls=2&amp;showinfo=1\" frameborder=\"0\" allow=\"accelerometer; autoplay; clipboard-write; encrypted-media; gyroscope; picture-in-picture; web-share\" referrerpolicy=\"strict-origin-when-cross-origin\" allowfullscreen><\/iframe><\/div>\n<\/div>\n<h3>OKTA &#8211; CARATTERISTICHE<\/h3>\n<ul>\n<li><strong>Directory Universale<\/strong>: un repository di identit\u00e0 basato su cloud che funge da unica fonte di dati per tutti gli utenti, gruppi e dispositivi, semplificando la gestione degli utenti.<\/li>\n<li><strong>Single Sign-On (SSO)<\/strong>: consente agli utenti di effettuare l&#8217;accesso una sola volta e di accedere a tutte le loro applicazioni cloud, on-premise e mobili senza dover reinserire le credenziali.<\/li>\n<li><strong>Autenticazione senza password<\/strong>: offre diverse opzioni senza password, tra cui link magici via email, Device Trust e supporto per WebAuthn e biometria.<\/li>\n<li><strong>Autenticazione a pi\u00f9 fattori (MFA)<\/strong>: aggiunge livelli di sicurezza con diversi fattori, tra cui dati biometrici (come Windows Hello, FaceID, TouchID), notifiche push tramite l&#8217;app, SMS e domande di sicurezza.<\/li>\n<li><strong>Gestione del ciclo di vita<\/strong>: automatizza l&#8217;onboarding, l&#8217;offboarding e la sincronizzazione dei dati utente tra Okta e le applicazioni downstream utilizzando protocolli come SCIM.<\/li>\n<li><strong>Funzionalit\u00e0 di sicurezza e accesso:<\/strong> protezione dalle minacce all&#8217;identit\u00e0: utilizza l&#8217;intelligenza artificiale di Okta per monitorare e analizzare i segnali di rischio, rilevare le minacce e bloccare le attivit\u00e0 dannose in tempo reale.<\/li>\n<li><strong>Accesso privilegiato<\/strong>: fornisce una gestione sicura e controlli di accesso per gli account e le risorse pi\u00f9 critici, applicando il principio del privilegio minimo.<\/li>\n<li><strong>Autenticazione adattiva<\/strong>: adatta dinamicamente i criteri di autenticazione in base ai segnali di rischio, creando un&#8217;esperienza utente sicura e fluida.<\/li>\n<\/ul>\n<h4>LE RECENSIONI DEGLI UTENTI<\/h4>\n<p><strong>Waheed &#8220;L&#8217;unico strumento SSO di cui hai bisogno&#8221;<\/strong><br \/>\nIntegrazione perfetta con quasi tutte le app ovunque<br \/>\n<strong>Pro<\/strong>: Il miglior strumento SSO disponibile. Usare qualsiasi altro strumento sembra controintuitivo.<br \/>\n<strong>Contro<\/strong>: A dire il vero non posso elencare alcun difetto di Okta, a parte il fatto che devi essere un esperto di sicurezza per sfruttarlo appieno<\/p>\n<p><strong>Miranda &#8220;Non male, lo consiglierei&#8221;<\/strong><br \/>\nNel complesso, non \u00e8 un cattivo prodotto, lo consiglierei. Lo usiamo con un EMH e funziona quasi perfettamente.<br \/>\n<strong>Pro<\/strong>: facile da usare, l&#8217;integrazione \u00e8 stata molto semplice, molto affidabile durante la configurazione e la manutenzione. Davvero nessuna lamentela.<br \/>\n<strong>Contro<\/strong>: a volte \u00e8 necessario sincronizzarlo manualmente quando \u00e8 integrato con Windows AD poich\u00e9 a volte non si aggiorna automaticamente<\/p>\n<p><strong>Sebastien &#8220;OKTA &#8211; Recensione&#8221;<\/strong><br \/>\nLo uso da 6 mesi ed \u00e8 davvero utile per connettermi alla mia VPN in modo sicuro. Mi piace molto l&#8217;interfaccia semplice.<br \/>\n<strong>Pro<\/strong>: Questo software \u00e8 semplicissimo da usare, lo uso principalmente per OKTA Verify, che mi aiuta ogni volta che voglio fare i compiti da casa. Posso connettermi alla mia VPN con una doppia autenticazione.<br \/>\n<strong>Contro<\/strong>: Per ora non riscontro alcun problema, funziona davvero bene a ogni utilizzo. Forse il tempo di disponibilit\u00e0 di ogni codice potrebbe essere pi\u00f9 lungo.<\/p>\n","protected":false},"excerpt":{"rendered":"<p>Okta \u00e8 un software SSO che si concentra principalmente sulla connessione sicura degli utenti con la tecnologia pi\u00f9 adatta. Utilizzando Okta Identity Cloud, l&#8217;azienda semplifica l&#8217;accesso sicuro ad applicazioni e provider di infrastrutture con la sua ampia gamma di integrazioni predefinite<\/p>\n","protected":false},"author":19,"featured_media":102777,"parent":8849,"menu_order":0,"comment_status":"open","ping_status":"closed","template":"g1_template_page_review_new.php","meta":{"_acf_changed":false,"cwp_meta_box_check":"No","cwp_rev_product_name":"","cwp_rev_product_image":"","wppr_links":[],"cwp_rev_price":"","wppr_options":[],"wppr_pros":[],"wppr_cons":[],"_monsterinsights_skip_tracking":false,"_monsterinsights_sitenote_active":false,"_monsterinsights_sitenote_note":"","_monsterinsights_sitenote_category":0,"footnotes":""},"categories":[16466],"tags":[16566,16463,16460,16471,16462],"features":[],"class_list":{"0":"post-102759","1":"page","2":"type-page","3":"status-publish","4":"has-post-thumbnail","6":"category-software-sso-cat","7":"tag-okta","8":"tag-programma-sso","9":"tag-software-sso","10":"tag-software-sso-single-sign-on","11":"tag-soluzione-sso"},"wppr_data":{"cwp_meta_box_check":"No"},"acf":[],"yoast_head":"<!-- This site is optimized with the Yoast SEO plugin v27.4 - https:\/\/yoast.com\/product\/yoast-seo-wordpress\/ -->\n<title>Okta: recensione software SSO - Accurate Reviews<\/title>\n<meta name=\"description\" content=\"Okta: recensione software SSO che si concentra principalmente sulla connessione sicura degli utenti e alla tecnologia pi\u00f9 adatta.\" \/>\n<meta name=\"robots\" content=\"index, follow, max-snippet:-1, max-image-preview:large, max-video-preview:-1\" \/>\n<link rel=\"canonical\" href=\"https:\/\/www.accuratereviews.com\/it\/strumenti-seo-lista-software\/okta-recensione\/\" \/>\n<meta property=\"og:locale\" content=\"it_IT\" \/>\n<meta property=\"og:type\" content=\"article\" \/>\n<meta property=\"og:title\" content=\"Okta: recensione software SSO - Accurate Reviews\" \/>\n<meta property=\"og:description\" content=\"Okta: recensione software SSO che si concentra principalmente sulla connessione sicura degli utenti e alla tecnologia pi\u00f9 adatta.\" \/>\n<meta property=\"og:url\" content=\"https:\/\/www.accuratereviews.com\/it\/strumenti-seo-lista-software\/okta-recensione\/\" \/>\n<meta property=\"og:site_name\" content=\"Accurate Reviews\" \/>\n<meta property=\"article:modified_time\" content=\"2025-10-01T19:16:47+00:00\" \/>\n<meta property=\"og:image\" content=\"https:\/\/www.accuratereviews.com\/wp-content\/uploads\/2025\/09\/okta-company-logo.jpg\" \/>\n\t<meta property=\"og:image:width\" content=\"512\" \/>\n\t<meta property=\"og:image:height\" content=\"512\" \/>\n\t<meta property=\"og:image:type\" content=\"image\/jpeg\" \/>\n<meta name=\"twitter:card\" content=\"summary_large_image\" \/>\n<meta name=\"twitter:label1\" content=\"Tempo di lettura stimato\" \/>\n\t<meta name=\"twitter:data1\" content=\"4 minuti\" \/>\n<script type=\"application\/ld+json\" class=\"yoast-schema-graph\">{\"@context\":\"https:\\\/\\\/schema.org\",\"@graph\":[{\"@type\":\"WebPage\",\"@id\":\"https:\\\/\\\/www.accuratereviews.com\\\/it\\\/strumenti-seo-lista-software\\\/okta-recensione\\\/\",\"url\":\"https:\\\/\\\/www.accuratereviews.com\\\/it\\\/strumenti-seo-lista-software\\\/okta-recensione\\\/\",\"name\":\"Okta: recensione software SSO - Accurate Reviews\",\"isPartOf\":{\"@id\":\"https:\\\/\\\/www.accuratereviews.com\\\/it\\\/#website\"},\"primaryImageOfPage\":{\"@id\":\"https:\\\/\\\/www.accuratereviews.com\\\/it\\\/strumenti-seo-lista-software\\\/okta-recensione\\\/#primaryimage\"},\"image\":{\"@id\":\"https:\\\/\\\/www.accuratereviews.com\\\/it\\\/strumenti-seo-lista-software\\\/okta-recensione\\\/#primaryimage\"},\"thumbnailUrl\":\"https:\\\/\\\/www.accuratereviews.com\\\/wp-content\\\/uploads\\\/2025\\\/09\\\/okta-company-logo.jpg\",\"datePublished\":\"2025-09-17T09:50:39+00:00\",\"dateModified\":\"2025-10-01T19:16:47+00:00\",\"description\":\"Okta: recensione software SSO che si concentra principalmente sulla connessione sicura degli utenti e alla tecnologia pi\u00f9 adatta.\",\"breadcrumb\":{\"@id\":\"https:\\\/\\\/www.accuratereviews.com\\\/it\\\/strumenti-seo-lista-software\\\/okta-recensione\\\/#breadcrumb\"},\"inLanguage\":\"it-IT\",\"potentialAction\":[{\"@type\":\"ReadAction\",\"target\":[\"https:\\\/\\\/www.accuratereviews.com\\\/it\\\/strumenti-seo-lista-software\\\/okta-recensione\\\/\"]}]},{\"@type\":\"ImageObject\",\"inLanguage\":\"it-IT\",\"@id\":\"https:\\\/\\\/www.accuratereviews.com\\\/it\\\/strumenti-seo-lista-software\\\/okta-recensione\\\/#primaryimage\",\"url\":\"https:\\\/\\\/www.accuratereviews.com\\\/wp-content\\\/uploads\\\/2025\\\/09\\\/okta-company-logo.jpg\",\"contentUrl\":\"https:\\\/\\\/www.accuratereviews.com\\\/wp-content\\\/uploads\\\/2025\\\/09\\\/okta-company-logo.jpg\",\"width\":512,\"height\":512},{\"@type\":\"BreadcrumbList\",\"@id\":\"https:\\\/\\\/www.accuratereviews.com\\\/it\\\/strumenti-seo-lista-software\\\/okta-recensione\\\/#breadcrumb\",\"itemListElement\":[{\"@type\":\"ListItem\",\"position\":1,\"name\":\"Home\",\"item\":\"https:\\\/\\\/www.accuratereviews.com\\\/it\\\/\"},{\"@type\":\"ListItem\",\"position\":2,\"name\":\"Strumenti SEO\",\"item\":\"https:\\\/\\\/www.accuratereviews.com\\\/it\\\/strumenti-seo-lista-software\\\/\"},{\"@type\":\"ListItem\",\"position\":3,\"name\":\"Okta\"}]},{\"@type\":\"WebSite\",\"@id\":\"https:\\\/\\\/www.accuratereviews.com\\\/it\\\/#website\",\"url\":\"https:\\\/\\\/www.accuratereviews.com\\\/it\\\/\",\"name\":\"Accurate Reviews\",\"description\":\"\",\"potentialAction\":[{\"@type\":\"SearchAction\",\"target\":{\"@type\":\"EntryPoint\",\"urlTemplate\":\"https:\\\/\\\/www.accuratereviews.com\\\/it\\\/?s={search_term_string}\"},\"query-input\":{\"@type\":\"PropertyValueSpecification\",\"valueRequired\":true,\"valueName\":\"search_term_string\"}}],\"inLanguage\":\"it-IT\"}]}<\/script>\n<!-- \/ Yoast SEO plugin. -->","yoast_head_json":{"title":"Okta: recensione software SSO - Accurate Reviews","description":"Okta: recensione software SSO che si concentra principalmente sulla connessione sicura degli utenti e alla tecnologia pi\u00f9 adatta.","robots":{"index":"index","follow":"follow","max-snippet":"max-snippet:-1","max-image-preview":"max-image-preview:large","max-video-preview":"max-video-preview:-1"},"canonical":"https:\/\/www.accuratereviews.com\/it\/strumenti-seo-lista-software\/okta-recensione\/","og_locale":"it_IT","og_type":"article","og_title":"Okta: recensione software SSO - Accurate Reviews","og_description":"Okta: recensione software SSO che si concentra principalmente sulla connessione sicura degli utenti e alla tecnologia pi\u00f9 adatta.","og_url":"https:\/\/www.accuratereviews.com\/it\/strumenti-seo-lista-software\/okta-recensione\/","og_site_name":"Accurate Reviews","article_modified_time":"2025-10-01T19:16:47+00:00","og_image":[{"width":512,"height":512,"url":"https:\/\/www.accuratereviews.com\/wp-content\/uploads\/2025\/09\/okta-company-logo.jpg","type":"image\/jpeg"}],"twitter_card":"summary_large_image","twitter_misc":{"Tempo di lettura stimato":"4 minuti"},"schema":{"@context":"https:\/\/schema.org","@graph":[{"@type":"WebPage","@id":"https:\/\/www.accuratereviews.com\/it\/strumenti-seo-lista-software\/okta-recensione\/","url":"https:\/\/www.accuratereviews.com\/it\/strumenti-seo-lista-software\/okta-recensione\/","name":"Okta: recensione software SSO - Accurate Reviews","isPartOf":{"@id":"https:\/\/www.accuratereviews.com\/it\/#website"},"primaryImageOfPage":{"@id":"https:\/\/www.accuratereviews.com\/it\/strumenti-seo-lista-software\/okta-recensione\/#primaryimage"},"image":{"@id":"https:\/\/www.accuratereviews.com\/it\/strumenti-seo-lista-software\/okta-recensione\/#primaryimage"},"thumbnailUrl":"https:\/\/www.accuratereviews.com\/wp-content\/uploads\/2025\/09\/okta-company-logo.jpg","datePublished":"2025-09-17T09:50:39+00:00","dateModified":"2025-10-01T19:16:47+00:00","description":"Okta: recensione software SSO che si concentra principalmente sulla connessione sicura degli utenti e alla tecnologia pi\u00f9 adatta.","breadcrumb":{"@id":"https:\/\/www.accuratereviews.com\/it\/strumenti-seo-lista-software\/okta-recensione\/#breadcrumb"},"inLanguage":"it-IT","potentialAction":[{"@type":"ReadAction","target":["https:\/\/www.accuratereviews.com\/it\/strumenti-seo-lista-software\/okta-recensione\/"]}]},{"@type":"ImageObject","inLanguage":"it-IT","@id":"https:\/\/www.accuratereviews.com\/it\/strumenti-seo-lista-software\/okta-recensione\/#primaryimage","url":"https:\/\/www.accuratereviews.com\/wp-content\/uploads\/2025\/09\/okta-company-logo.jpg","contentUrl":"https:\/\/www.accuratereviews.com\/wp-content\/uploads\/2025\/09\/okta-company-logo.jpg","width":512,"height":512},{"@type":"BreadcrumbList","@id":"https:\/\/www.accuratereviews.com\/it\/strumenti-seo-lista-software\/okta-recensione\/#breadcrumb","itemListElement":[{"@type":"ListItem","position":1,"name":"Home","item":"https:\/\/www.accuratereviews.com\/it\/"},{"@type":"ListItem","position":2,"name":"Strumenti SEO","item":"https:\/\/www.accuratereviews.com\/it\/strumenti-seo-lista-software\/"},{"@type":"ListItem","position":3,"name":"Okta"}]},{"@type":"WebSite","@id":"https:\/\/www.accuratereviews.com\/it\/#website","url":"https:\/\/www.accuratereviews.com\/it\/","name":"Accurate Reviews","description":"","potentialAction":[{"@type":"SearchAction","target":{"@type":"EntryPoint","urlTemplate":"https:\/\/www.accuratereviews.com\/it\/?s={search_term_string}"},"query-input":{"@type":"PropertyValueSpecification","valueRequired":true,"valueName":"search_term_string"}}],"inLanguage":"it-IT"}]}},"_links":{"self":[{"href":"https:\/\/www.accuratereviews.com\/it\/wp-json\/wp\/v2\/pages\/102759","targetHints":{"allow":["GET"]}}],"collection":[{"href":"https:\/\/www.accuratereviews.com\/it\/wp-json\/wp\/v2\/pages"}],"about":[{"href":"https:\/\/www.accuratereviews.com\/it\/wp-json\/wp\/v2\/types\/page"}],"author":[{"embeddable":true,"href":"https:\/\/www.accuratereviews.com\/it\/wp-json\/wp\/v2\/users\/19"}],"replies":[{"embeddable":true,"href":"https:\/\/www.accuratereviews.com\/it\/wp-json\/wp\/v2\/comments?post=102759"}],"version-history":[{"count":11,"href":"https:\/\/www.accuratereviews.com\/it\/wp-json\/wp\/v2\/pages\/102759\/revisions"}],"predecessor-version":[{"id":104070,"href":"https:\/\/www.accuratereviews.com\/it\/wp-json\/wp\/v2\/pages\/102759\/revisions\/104070"}],"up":[{"embeddable":true,"href":"https:\/\/www.accuratereviews.com\/it\/wp-json\/wp\/v2\/pages\/8849"}],"wp:featuredmedia":[{"embeddable":true,"href":"https:\/\/www.accuratereviews.com\/it\/wp-json\/wp\/v2\/media\/102777"}],"wp:attachment":[{"href":"https:\/\/www.accuratereviews.com\/it\/wp-json\/wp\/v2\/media?parent=102759"}],"wp:term":[{"taxonomy":"category","embeddable":true,"href":"https:\/\/www.accuratereviews.com\/it\/wp-json\/wp\/v2\/categories?post=102759"},{"taxonomy":"post_tag","embeddable":true,"href":"https:\/\/www.accuratereviews.com\/it\/wp-json\/wp\/v2\/tags?post=102759"},{"taxonomy":"features","embeddable":true,"href":"https:\/\/www.accuratereviews.com\/it\/wp-json\/wp\/v2\/features?post=102759"}],"curies":[{"name":"wp","href":"https:\/\/api.w.org\/{rel}","templated":true}]}}