{"id":103699,"date":"2025-09-18T11:49:15","date_gmt":"2025-09-18T11:49:15","guid":{"rendered":"https:\/\/www.accuratereviews.com\/?page_id=103699"},"modified":"2025-09-19T08:59:59","modified_gmt":"2025-09-19T08:59:59","slug":"lastpass-recensione","status":"publish","type":"page","link":"https:\/\/www.accuratereviews.com\/it\/software-sso\/lastpass-recensione\/","title":{"rendered":"LastPass"},"content":{"rendered":"<p><strong>LastPass<\/strong> \u00e8 un<strong> gestore di password<\/strong> basato su <strong>cloud<\/strong>, disponibile su qualsiasi sistema o dispositivo, che garantisce la protezione, la riservatezza e la disponibilit\u00e0 delle credenziali. Semplice da configurare e da utilizzare, offre l&#8217;esperienza di gestione delle password pi\u00f9 pratica al mondo per consumatori e aziende di tutte le dimensioni e con requisiti tecnici diversi. Offre\u00a0integrazioni native per Microsoft Entra ID, Okta e altri provider di identit\u00e0, sistemi di gestione dell&#8217;accesso e strumenti SIEM. Quando il tempo stringe, il portafoglio digitale <strong>LastPass<\/strong> vi consente di effettuare transazioni online in modo sicuro e semplice. Con oltre 100 criteri personalizzabili, privilegi flessibili, report dettagliati e opzioni di autenticazione multifattoriale e senza password, semplifica le organizzazioni con numerosi accessi, crescenti rischi per la sicurezza e la necessit\u00e0 di soluzioni efficienti e scalabili per standardizzare la gestione delle password a livello aziendale.<\/p>\n<h2>LASTPASS &#8211; TUTORIAL<\/h2>\n<div id=\"fluid-wrapper-counter-1\" class=\"g1-fluid-wrapper \" style=\"width:686px;\">\n<div style=\"padding-bottom:56.268221574344%;\"><iframe loading=\"lazy\" title=\"Getting Started with LastPass on Chrome\" width=\"686\" height=\"386\" src=\"https:\/\/www.youtube.com\/embed\/8nTfb-hIdiY?feature=oembed&amp;wmode=transparent&amp;autohide=1&amp;autoplay=0&amp;disablekb=0&amp;fs=1&amp;loop=0&amp;enablejsapi=1&amp;rel=0&amp;controls=2&amp;showinfo=0&amp;wmode=transparent&amp;autohide=2&amp;autoplay=0&amp;disablekb=0&amp;fs=1&amp;loop=0&amp;enablejsapi=1&amp;rel=0&amp;controls=2&amp;showinfo=1\" frameborder=\"0\" allow=\"accelerometer; autoplay; clipboard-write; encrypted-media; gyroscope; picture-in-picture; web-share\" referrerpolicy=\"strict-origin-when-cross-origin\" allowfullscreen><\/iframe><\/div>\n<\/div>\n<h3>LASTPASS &#8211; CARATTERISTICHE<\/h3>\n<ul>\n<li><strong>Cassaforte per password crittografata<\/strong>: memorizza un numero illimitato di password e note, come credenziali Wi-Fi, carte bancarie e documenti, in una cassaforte crittografata.<\/li>\n<li><strong>Salvataggio e riempimento automatico<\/strong>: ogni password che salvi viene inserita in automatico dalla soluzione al tuo prossimo accesso.<\/li>\n<li><strong>Condivisione sicura della password<\/strong>: condividi la password in sicurezza con familiari e amici, mantenendo il controllo su chi pu\u00f2 accedervi.<\/li>\n<li><strong>Generatore di password<\/strong>: difenditi da eventuali attacchi generando all&#8217;istante password univoche e complesse per tutti i tuoi account, nuovi ed esistenti.<\/li>\n<li><strong>Monitoraggio del dark web<\/strong>: il software ti avvisa subito se trova le tue informazioni personali nel Web oscuro.<\/li>\n<li><strong>Dashboard di sicurezza<\/strong>: proteggi il tuo account grazie alle raccomandazioni e agli avvisi personalizzati sulle password vecchie, vulnerabili o riutilizzate.<\/li>\n<li><strong>Autenticazione a pi\u00f9 fattori<\/strong>: rafforza la sicurezza richiedendo ulteriori metodi di verifica dopo l&#8217;inserimento delle credenziali.<\/li>\n<li><strong>Sicurezza d\u2019avanguardia<\/strong>: architettura a conoscenza zero con crittografia locale AES a 256 bit, certificata secondo i pi\u00f9 severi standard di settore.<\/li>\n<\/ul>\n<h4>LE RECENSIONI DEGLI UTENTI<\/h4>\n<p><strong>Jesse&#8221;Un modo semplice e comodo per memorizzare le password&#8221;<\/strong><br \/>\nUtilizzando LastPass, \u00e8 stato facile memorizzare le mie password e sincronizzarle su diversi dispositivi e browser web. Inoltre, la praticit\u00e0 \u00e8 stata davvero incredibile, perch\u00e9 ho potuto riaprire il browser web senza dover accedere nuovamente a LastPass per compilare automaticamente le password e memorizzarle.<br \/>\n<strong>Pro<\/strong>: \u00e8 un modo semplice ed efficiente per memorizzare le password di pi\u00f9 siti web e su pi\u00f9 browser web. Inoltre, non mi viene chiesto di effettuare l&#8217;accesso dopo aver riaperto un browser web.<br \/>\n<strong>Contro<\/strong>: LastPass fa in modo che, per impostazione predefinita, le password possano essere memorizzate solo in LastPass, rendendo difficile memorizzarle anche nel gestore password di Chrome. LastPass avrebbe potuto memorizzare anche le passkey. Inoltre, fa pagare gli utenti per avere LastPass su pi\u00f9 di un certo numero di dispositivi.<\/p>\n<p><strong>Spyros&#8221;Gestione rivoluzionaria delle password: LastPass stabilisce nuovi standard.&#8221;<\/strong><br \/>\nNon devo pi\u00f9 ricordare le password, n\u00e9 le mie n\u00e9 quelle dei miei colleghi. Questo ha reso il lavoro molto pi\u00f9 efficiente e sicuro. Inoltre, accedere una volta al giorno \u00e8 estremamente semplice.<br \/>\n<strong>Pro<\/strong>: LastPass \u00e8 un software rivoluzionario per la gestione e l&#8217;autenticazione delle password. Combina in modo sorprendente la semplicit\u00e0 con la massima sicurezza. I principali vantaggi sono: funzionamento intuitivo e accesso rapido a tutti gli account senza dover inserire una password; un&#8217;autenticazione a due fattori avanzata protegge efficacemente tutti i dati; consente di risparmiare tempo ogni giorno grazie a processi di accesso automatizzati; e un servizio clienti rapido e competente. LastPass ha superato le mie aspettative ed \u00e8 uno strumento indispensabile nella mia vita digitale.<br \/>\n<strong>Contro<\/strong>: a volte i plugin del browser coprono anche campi che non sono campi di login. Ma questo non \u00e8 un problema, perch\u00e9 pu\u00f2 essere facilmente rimosso con un clic.<\/p>\n<p><strong>Wasek&#8221;Gestore di password semplice ed efficace&#8221;<\/strong><br \/>\nUna volta configurato tutto nel backend e federati gli account utente, \u00e8 stato facile da implementare e gestire. L&#8217;estensione del browser funziona come previsto e consente di sapere quanto \u00e8 sicura una password. Un&#8217;altra funzionalit\u00e0 importante \u00e8 la possibilit\u00e0 di aggiungere note a ogni elemento di accesso nel vault.<br \/>\n<strong>Pro<\/strong>: LastPass \u00e8 molto semplice da usare per generare password complesse per ogni accesso. Salva automaticamente i dati nel vault e compila automaticamente i dati di accesso. L&#8217;account pu\u00f2 anche sincronizzarsi con altri dispositivi senza problemi e in modo fluido.<br \/>\n<strong>Contro<\/strong>: impostare le cartelle condivise pu\u00f2 essere un po&#8217; complicato, soprattutto per quanto riguarda le autorizzazioni. Ci vuole un po&#8217; di tempo per abituarsi alla console di amministrazione. Abbiamo avuto problemi con la configurazione dell&#8217;accesso singolo, ma alla fine ci siamo riusciti.<\/p>\n","protected":false},"excerpt":{"rendered":"<p>LastPass \u00e8 un gestore di password basato su cloud, disponibile su qualsiasi sistema o dispositivo, che garantisce la protezione, la riservatezza e la disponibilit\u00e0 delle credenziali. Semplice da configurare e da utilizzare, offre l&#8217;esperienza di gestione delle password pi\u00f9 pratica al mondo per consumatori e aziende di tutte le dimensioni e con requisiti tecnici diversi.<\/p>\n","protected":false},"author":19,"featured_media":103714,"parent":97817,"menu_order":0,"comment_status":"open","ping_status":"closed","template":"g1_template_page_review_new.php","meta":{"_acf_changed":false,"cwp_meta_box_check":"Yes","cwp_rev_product_name":"","cwp_rev_product_image":"","wppr_links":[],"cwp_rev_price":"0.00","wppr_options":[{"name":"Usability","value":"0"},{"name":"Speed","value":"0"},{"name":"Features","value":"0"},{"name":"Support","value":"0"},{"name":"Pricing","value":"0"}],"wppr_pros":["","","","",""],"wppr_cons":["","","","",""],"_monsterinsights_skip_tracking":false,"_monsterinsights_sitenote_active":false,"_monsterinsights_sitenote_note":"","_monsterinsights_sitenote_category":0,"footnotes":""},"categories":[16466],"tags":[16567,16464,16463,16461,16460,16471,16462],"features":[],"class_list":{"0":"post-103699","1":"page","2":"type-page","3":"status-publish","4":"has-post-thumbnail","6":"category-software-sso-cat","7":"tag-lastpass","8":"tag-piattaforma-sso","9":"tag-programma-sso","10":"tag-single-sign-on","11":"tag-software-sso","12":"tag-software-sso-single-sign-on","13":"tag-soluzione-sso"},"wppr_data":{"cwp_meta_box_check":"Yes","_wppr_review_template":"default","cwp_rev_product_image":"","cwp_image_link":"image","wppr_links":[],"cwp_rev_price":"0.00","wppr_pros":["","","","",""],"wppr_cons":["","","","",""],"wppr_rating":"0.00","wppr_options":{"1":{"name":"Usability","value":"0"},"2":{"name":"Speed","value":"0"},"3":{"name":"Features","value":"0"},"4":{"name":"Support","value":"0"},"5":{"name":"Pricing","value":"0"}},"wppr_review_type":"Product","wppr_review_custom_fields":{"additionalProperty":"","additionalType":"","aggregateRating":"","alternateName":"","audience":"","award":"","awards":"","brand":"","color":"","depth":"","description":"","disambiguatingDescription":"","gtin12":"","gtin13":"","gtin14":"","gtin8":"","height":"","identifier":"","image":"","isAccessoryOrSparePartFor":"","isConsumableFor":"","isRelatedTo":"","isSimilarTo":"","itemCondition":"","logo":"","mainEntityOfPage":"","manufacturer":"","material":"","model":"","mpn":"","name":"","offers":"","potentialAction":"","productID":"","productionDate":"","purchaseDate":"","releaseDate":"","review":"","reviews":"","sameAs":"","sku":"","slogan":"","subjectOf":"","url":"","weight":"","width":""}},"acf":[],"yoast_head":"<!-- This site is optimized with the Yoast SEO plugin v27.4 - https:\/\/yoast.com\/product\/yoast-seo-wordpress\/ -->\n<title>LastPass: recensione software SSO - Accurate Reviews<\/title>\n<meta name=\"description\" content=\"LastPass: recensione soluzione per la gestione di password che garantisce la protezione, la riservatezza e la disponibilit\u00e0 delle credenziali\" \/>\n<meta name=\"robots\" content=\"index, follow, max-snippet:-1, max-image-preview:large, max-video-preview:-1\" \/>\n<link rel=\"canonical\" href=\"https:\/\/www.accuratereviews.com\/it\/software-sso\/lastpass-recensione\/\" \/>\n<meta property=\"og:locale\" content=\"it_IT\" \/>\n<meta property=\"og:type\" content=\"article\" \/>\n<meta property=\"og:title\" content=\"LastPass: recensione software SSO - Accurate Reviews\" \/>\n<meta property=\"og:description\" content=\"LastPass: recensione soluzione per la gestione di password che garantisce la protezione, la riservatezza e la disponibilit\u00e0 delle credenziali\" \/>\n<meta property=\"og:url\" content=\"https:\/\/www.accuratereviews.com\/it\/software-sso\/lastpass-recensione\/\" \/>\n<meta property=\"og:site_name\" content=\"Accurate Reviews\" \/>\n<meta property=\"article:modified_time\" content=\"2025-09-19T08:59:59+00:00\" \/>\n<meta property=\"og:image\" content=\"https:\/\/www.accuratereviews.com\/wp-content\/uploads\/2025\/09\/LastPass.webp\" \/>\n\t<meta property=\"og:image:width\" content=\"400\" \/>\n\t<meta property=\"og:image:height\" content=\"400\" \/>\n\t<meta property=\"og:image:type\" content=\"image\/webp\" \/>\n<meta name=\"twitter:card\" content=\"summary_large_image\" \/>\n<meta name=\"twitter:label1\" content=\"Tempo di lettura stimato\" \/>\n\t<meta name=\"twitter:data1\" content=\"5 minuti\" \/>\n<script type=\"application\/ld+json\" class=\"yoast-schema-graph\">{\"@context\":\"https:\\\/\\\/schema.org\",\"@graph\":[{\"@type\":\"WebPage\",\"@id\":\"https:\\\/\\\/www.accuratereviews.com\\\/it\\\/software-sso\\\/lastpass-recensione\\\/\",\"url\":\"https:\\\/\\\/www.accuratereviews.com\\\/it\\\/software-sso\\\/lastpass-recensione\\\/\",\"name\":\"LastPass: recensione software SSO - Accurate Reviews\",\"isPartOf\":{\"@id\":\"https:\\\/\\\/www.accuratereviews.com\\\/it\\\/#website\"},\"primaryImageOfPage\":{\"@id\":\"https:\\\/\\\/www.accuratereviews.com\\\/it\\\/software-sso\\\/lastpass-recensione\\\/#primaryimage\"},\"image\":{\"@id\":\"https:\\\/\\\/www.accuratereviews.com\\\/it\\\/software-sso\\\/lastpass-recensione\\\/#primaryimage\"},\"thumbnailUrl\":\"https:\\\/\\\/www.accuratereviews.com\\\/wp-content\\\/uploads\\\/2025\\\/09\\\/LastPass.webp\",\"datePublished\":\"2025-09-18T11:49:15+00:00\",\"dateModified\":\"2025-09-19T08:59:59+00:00\",\"description\":\"LastPass: recensione soluzione per la gestione di password che garantisce la protezione, la riservatezza e la disponibilit\u00e0 delle credenziali\",\"breadcrumb\":{\"@id\":\"https:\\\/\\\/www.accuratereviews.com\\\/it\\\/software-sso\\\/lastpass-recensione\\\/#breadcrumb\"},\"inLanguage\":\"it-IT\",\"potentialAction\":[{\"@type\":\"ReadAction\",\"target\":[\"https:\\\/\\\/www.accuratereviews.com\\\/it\\\/software-sso\\\/lastpass-recensione\\\/\"]}]},{\"@type\":\"ImageObject\",\"inLanguage\":\"it-IT\",\"@id\":\"https:\\\/\\\/www.accuratereviews.com\\\/it\\\/software-sso\\\/lastpass-recensione\\\/#primaryimage\",\"url\":\"https:\\\/\\\/www.accuratereviews.com\\\/wp-content\\\/uploads\\\/2025\\\/09\\\/LastPass.webp\",\"contentUrl\":\"https:\\\/\\\/www.accuratereviews.com\\\/wp-content\\\/uploads\\\/2025\\\/09\\\/LastPass.webp\",\"width\":400,\"height\":400},{\"@type\":\"BreadcrumbList\",\"@id\":\"https:\\\/\\\/www.accuratereviews.com\\\/it\\\/software-sso\\\/lastpass-recensione\\\/#breadcrumb\",\"itemListElement\":[{\"@type\":\"ListItem\",\"position\":1,\"name\":\"Home\",\"item\":\"https:\\\/\\\/www.accuratereviews.com\\\/it\\\/\"},{\"@type\":\"ListItem\",\"position\":2,\"name\":\"Software SSO (Single Sign-On)\",\"item\":\"https:\\\/\\\/www.accuratereviews.com\\\/it\\\/software-sso\\\/\"},{\"@type\":\"ListItem\",\"position\":3,\"name\":\"LastPass\"}]},{\"@type\":\"WebSite\",\"@id\":\"https:\\\/\\\/www.accuratereviews.com\\\/it\\\/#website\",\"url\":\"https:\\\/\\\/www.accuratereviews.com\\\/it\\\/\",\"name\":\"Accurate Reviews\",\"description\":\"\",\"potentialAction\":[{\"@type\":\"SearchAction\",\"target\":{\"@type\":\"EntryPoint\",\"urlTemplate\":\"https:\\\/\\\/www.accuratereviews.com\\\/it\\\/?s={search_term_string}\"},\"query-input\":{\"@type\":\"PropertyValueSpecification\",\"valueRequired\":true,\"valueName\":\"search_term_string\"}}],\"inLanguage\":\"it-IT\"}]}<\/script>\n<!-- \/ Yoast SEO plugin. -->","yoast_head_json":{"title":"LastPass: recensione software SSO - Accurate Reviews","description":"LastPass: recensione soluzione per la gestione di password che garantisce la protezione, la riservatezza e la disponibilit\u00e0 delle credenziali","robots":{"index":"index","follow":"follow","max-snippet":"max-snippet:-1","max-image-preview":"max-image-preview:large","max-video-preview":"max-video-preview:-1"},"canonical":"https:\/\/www.accuratereviews.com\/it\/software-sso\/lastpass-recensione\/","og_locale":"it_IT","og_type":"article","og_title":"LastPass: recensione software SSO - Accurate Reviews","og_description":"LastPass: recensione soluzione per la gestione di password che garantisce la protezione, la riservatezza e la disponibilit\u00e0 delle credenziali","og_url":"https:\/\/www.accuratereviews.com\/it\/software-sso\/lastpass-recensione\/","og_site_name":"Accurate Reviews","article_modified_time":"2025-09-19T08:59:59+00:00","og_image":[{"width":400,"height":400,"url":"https:\/\/www.accuratereviews.com\/wp-content\/uploads\/2025\/09\/LastPass.webp","type":"image\/webp"}],"twitter_card":"summary_large_image","twitter_misc":{"Tempo di lettura stimato":"5 minuti"},"schema":{"@context":"https:\/\/schema.org","@graph":[{"@type":"WebPage","@id":"https:\/\/www.accuratereviews.com\/it\/software-sso\/lastpass-recensione\/","url":"https:\/\/www.accuratereviews.com\/it\/software-sso\/lastpass-recensione\/","name":"LastPass: recensione software SSO - Accurate Reviews","isPartOf":{"@id":"https:\/\/www.accuratereviews.com\/it\/#website"},"primaryImageOfPage":{"@id":"https:\/\/www.accuratereviews.com\/it\/software-sso\/lastpass-recensione\/#primaryimage"},"image":{"@id":"https:\/\/www.accuratereviews.com\/it\/software-sso\/lastpass-recensione\/#primaryimage"},"thumbnailUrl":"https:\/\/www.accuratereviews.com\/wp-content\/uploads\/2025\/09\/LastPass.webp","datePublished":"2025-09-18T11:49:15+00:00","dateModified":"2025-09-19T08:59:59+00:00","description":"LastPass: recensione soluzione per la gestione di password che garantisce la protezione, la riservatezza e la disponibilit\u00e0 delle credenziali","breadcrumb":{"@id":"https:\/\/www.accuratereviews.com\/it\/software-sso\/lastpass-recensione\/#breadcrumb"},"inLanguage":"it-IT","potentialAction":[{"@type":"ReadAction","target":["https:\/\/www.accuratereviews.com\/it\/software-sso\/lastpass-recensione\/"]}]},{"@type":"ImageObject","inLanguage":"it-IT","@id":"https:\/\/www.accuratereviews.com\/it\/software-sso\/lastpass-recensione\/#primaryimage","url":"https:\/\/www.accuratereviews.com\/wp-content\/uploads\/2025\/09\/LastPass.webp","contentUrl":"https:\/\/www.accuratereviews.com\/wp-content\/uploads\/2025\/09\/LastPass.webp","width":400,"height":400},{"@type":"BreadcrumbList","@id":"https:\/\/www.accuratereviews.com\/it\/software-sso\/lastpass-recensione\/#breadcrumb","itemListElement":[{"@type":"ListItem","position":1,"name":"Home","item":"https:\/\/www.accuratereviews.com\/it\/"},{"@type":"ListItem","position":2,"name":"Software SSO (Single Sign-On)","item":"https:\/\/www.accuratereviews.com\/it\/software-sso\/"},{"@type":"ListItem","position":3,"name":"LastPass"}]},{"@type":"WebSite","@id":"https:\/\/www.accuratereviews.com\/it\/#website","url":"https:\/\/www.accuratereviews.com\/it\/","name":"Accurate Reviews","description":"","potentialAction":[{"@type":"SearchAction","target":{"@type":"EntryPoint","urlTemplate":"https:\/\/www.accuratereviews.com\/it\/?s={search_term_string}"},"query-input":{"@type":"PropertyValueSpecification","valueRequired":true,"valueName":"search_term_string"}}],"inLanguage":"it-IT"}]}},"_links":{"self":[{"href":"https:\/\/www.accuratereviews.com\/it\/wp-json\/wp\/v2\/pages\/103699","targetHints":{"allow":["GET"]}}],"collection":[{"href":"https:\/\/www.accuratereviews.com\/it\/wp-json\/wp\/v2\/pages"}],"about":[{"href":"https:\/\/www.accuratereviews.com\/it\/wp-json\/wp\/v2\/types\/page"}],"author":[{"embeddable":true,"href":"https:\/\/www.accuratereviews.com\/it\/wp-json\/wp\/v2\/users\/19"}],"replies":[{"embeddable":true,"href":"https:\/\/www.accuratereviews.com\/it\/wp-json\/wp\/v2\/comments?post=103699"}],"version-history":[{"count":6,"href":"https:\/\/www.accuratereviews.com\/it\/wp-json\/wp\/v2\/pages\/103699\/revisions"}],"predecessor-version":[{"id":103830,"href":"https:\/\/www.accuratereviews.com\/it\/wp-json\/wp\/v2\/pages\/103699\/revisions\/103830"}],"up":[{"embeddable":true,"href":"https:\/\/www.accuratereviews.com\/it\/wp-json\/wp\/v2\/pages\/97817"}],"wp:featuredmedia":[{"embeddable":true,"href":"https:\/\/www.accuratereviews.com\/it\/wp-json\/wp\/v2\/media\/103714"}],"wp:attachment":[{"href":"https:\/\/www.accuratereviews.com\/it\/wp-json\/wp\/v2\/media?parent=103699"}],"wp:term":[{"taxonomy":"category","embeddable":true,"href":"https:\/\/www.accuratereviews.com\/it\/wp-json\/wp\/v2\/categories?post=103699"},{"taxonomy":"post_tag","embeddable":true,"href":"https:\/\/www.accuratereviews.com\/it\/wp-json\/wp\/v2\/tags?post=103699"},{"taxonomy":"features","embeddable":true,"href":"https:\/\/www.accuratereviews.com\/it\/wp-json\/wp\/v2\/features?post=103699"}],"curies":[{"name":"wp","href":"https:\/\/api.w.org\/{rel}","templated":true}]}}