{"id":103821,"date":"2025-09-19T09:57:56","date_gmt":"2025-09-19T09:57:56","guid":{"rendered":"https:\/\/www.accuratereviews.com\/?page_id=103821"},"modified":"2025-09-19T09:58:06","modified_gmt":"2025-09-19T09:58:06","slug":"manageengine-adselfservice-plus-recensione","status":"publish","type":"page","link":"https:\/\/www.accuratereviews.com\/it\/software-sso\/manageengine-adselfservice-plus-recensione\/","title":{"rendered":"ManageEngine ADSelfService Plus"},"content":{"rendered":"<p><strong>ManageEngine ADSelfService Plus<\/strong> \u00e8 una soluzione per la sicurezza delle identit\u00e0 con funzionalit\u00e0 <strong>MFA, SSO e SSPR. <\/strong>Grazie all&#8217;autenticazione multifattore (MFA) adattiva, al <strong>Single Sign-On (SSO)<\/strong>, alla gestione self-service delle password, a un potenziatore dei criteri di password, all&#8217;abilitazione del lavoro da remoto e al self-service della forza lavoro, il programma offre ai dipendenti un accesso sicuro e semplice alle risorse di cui hanno bisogno. Aiuta a tenere lontane le minacce basate sull&#8217;identit\u00e0, velocizza l&#8217;onboarding delle applicazioni, migliora la sicurezza delle password, riduce i ticket dell&#8217;help desk e potenzia la forza lavoro da remoto.<\/p>\n<h2>MANAGEENGINE ADSELFSERVICE PLUS &#8211; TUTORIAL<\/h2>\n<div id=\"fluid-wrapper-counter-1\" class=\"g1-fluid-wrapper \" style=\"width:686px;\">\n<div style=\"padding-bottom:56.268221574344%;\"><iframe loading=\"lazy\" title=\"Enterprise Single Sign-On (SSO) Solution by ADSelfService Plus\" width=\"686\" height=\"386\" src=\"https:\/\/www.youtube.com\/embed\/62bMvqVe3Z0?list=PLZwwaTblUHqw6dqLk3lwIyCVPS6kcDWTh\" frameborder=\"0\" allow=\"accelerometer; autoplay; clipboard-write; encrypted-media; gyroscope; picture-in-picture; web-share\" referrerpolicy=\"strict-origin-when-cross-origin\" allowfullscreen><\/iframe><\/div>\n<\/div>\n<h3>MANAGEENGINE ADSELFSERVICE PLUS &#8211; CARATTERISTICHE<\/h3>\n<ul>\n<li><strong>Autenticazione a pi\u00f9 fattori adattiv<\/strong>i: verifica l&#8217;identit\u00e0 in modo attento grazie all&#8217;autenticazione adattiva e fortifica le tue reti con accesso personalizzabile sottoposto a restrizioni in base al ruolo.<\/li>\n<li><strong>Gestione delle password e della sicurezza<\/strong>: migliora la gestione delle password e la sicurezza con i criteri efficaci relativi alle password self-service, la sincronizzazione delle password e altro.<\/li>\n<li><strong>Accesso singolo<\/strong>: abilita l&#8217;accesso con un clic e senza fatica alle applicazioni aziendali con un flusso Single Sign-On (SSO) sicuro e personalizzabile.<\/li>\n<li><strong>Abilitazione del lavoro da remoto<\/strong>: proteggi e semplifica il lavoro da remoto per la tua organizzazione, rendendo facile il cambio sia per gli amministratori che per i lavoratori.<\/li>\n<li><strong>Self-service aziendale<\/strong>: riduci il carico di lavoro IT e la dipendenza degli utenti finali dal servizio di assistenza con l&#8217;aiuto di un sistema self-service protetto per i lavoratori in base alle approvazioni.<\/li>\n<li><strong>Rapporti e controllo<\/strong>: ottieni report pianificati e interattivi per tenere sotto controllo l&#8217;ambiente delle password della tua organizzazione.<\/li>\n<li><strong>Zero Trust:<\/strong> Crea un ambiente Zero Trust grazie alle tecniche avanzate di verifica dell&#8217;identit\u00e0 e rendi le tue reti impenetrabili alle minacce.<\/li>\n<li><strong>Integrazioni<\/strong>: effettua l&#8217;integrazione con strumenti fondamentali per generare una soluzione di sicurezza delle identit\u00e0 con funzionalit\u00e0 ampliate.<\/li>\n<\/ul>\n<h4>LE RECENSIONI DEGLI UTENTI<\/h4>\n<p><strong>Oluwaseun&#8221;Un ottimo strumento di integrazione per il self-service dell&#8217;identit\u00e0&#8221;<\/strong><br \/>\n<strong>Pro<\/strong>: mi piace il fatto che sia possibile integrarlo in altre piattaforme e utilizzare un&#8217;unica password per tutte.<br \/>\n<strong>Contro<\/strong>: Managed Engine \u00e8 una piattaforma potente con tantissime funzionalit\u00e0 eccezionali. L&#8217;unico svantaggio potrebbe essere la necessit\u00e0 di integrarla in altre piattaforme come IBM.<\/p>\n<p><strong>Andr\u00e9s&#8221;Una soluzione self-service facile da implementare e utilizzare&#8221;<\/strong><br \/>\nin generale \u00e8 stata un&#8217;esperienza piuttosto positiva, perch\u00e9 ci ha aiutato molto a migliorare il funzionamento, ha ridotto considerevolmente il numero di richieste gestite dall&#8217;area IT e perch\u00e9 abbiamo recuperato tempo per lavorare sui miglioramenti in quest&#8217;area.<br \/>\n<strong>Pro<\/strong>: \u00e8 una soluzione molto semplice da implementare e utilizzare. Ed \u00e8 molto utile per noi. ADSelf Service Plus ci ha aiutato a ridurre al minimo il numero di richieste relative al reset o allo sblocco dell&#8217;account.<br \/>\n<strong>Contro<\/strong>: penso che il design dell&#8217;interfaccia utente potrebbe essere migliorato: al momento \u00e8 molto semplice, ma dovrebbe essere pi\u00f9 dinamico.<\/p>\n<p><strong>Kuberan&#8221;Reimpostare le password: una cosa del passato&#8221;<\/strong><br \/>\nVendere annunci pubblicitari in modalit\u00e0 self-service mi ha permesso di semplificare notevolmente la vita dei miei clienti.<br \/>\nQuesto strumento offre molto di pi\u00f9: quando \u00e8 pienamente operativo, gli utenti possono gestire autonomamente il proprio profilo pubblicitario.<br \/>\n<strong>Pro<\/strong>: il prezzo di AD Self Service \u00e8 molto allettante, considerando il risparmio di tempo e l&#8217;efficacia che fa risparmiare al team IT, in rapporto al costo dello strumento, che \u00e8 incomparabile. La facilit\u00e0 di implementazione e l&#8217;utilizzo lo rende molto facile da usare per gli utenti.<br \/>\n<strong>Contro<\/strong>: \u00e8 difficile dirlo con esattezza, ma la cosa che non mi piace \u00e8 l&#8217;iscrizione degli utenti: \u00e8 una cosa che avviene una tantum, ma a volte ci vuole tempo per far iscrivere gli utenti.<\/p>\n","protected":false},"excerpt":{"rendered":"<p>ManageEngine ADSelfService Plus \u00e8 una soluzione per la sicurezza delle identit\u00e0 con funzionalit\u00e0 MFA, SSO e SSPR. Grazie all&#8217;autenticazione multifattore (MFA) adattiva, al Single Sign-On (SSO), alla gestione self-service delle password, a un potenziatore dei criteri di password, all&#8217;abilitazione del lavoro da remoto e al self-service della forza lavoro, il programma offre ai dipendenti un accesso sicuro e semplice alle risorse di cui hanno bisogno<\/p>\n","protected":false},"author":19,"featured_media":103822,"parent":97817,"menu_order":0,"comment_status":"open","ping_status":"closed","template":"g1_template_page_review_new.php","meta":{"_acf_changed":false,"cwp_meta_box_check":"Yes","cwp_rev_product_name":"","cwp_rev_product_image":"","wppr_links":[],"cwp_rev_price":"0.00","wppr_options":[{"name":"Usability","value":"0"},{"name":"Speed","value":"0"},{"name":"Features","value":"0"},{"name":"Support","value":"0"},{"name":"Pricing","value":"0"}],"wppr_pros":["","","","",""],"wppr_cons":["","","","",""],"_monsterinsights_skip_tracking":false,"_monsterinsights_sitenote_active":false,"_monsterinsights_sitenote_note":"","_monsterinsights_sitenote_category":0,"footnotes":""},"categories":[16466],"tags":[16568,16464,16463,16461,16460,16471,16462],"features":[],"class_list":{"0":"post-103821","1":"page","2":"type-page","3":"status-publish","4":"has-post-thumbnail","6":"category-software-sso-cat","7":"tag-manageengine-adselfservice-plus","8":"tag-piattaforma-sso","9":"tag-programma-sso","10":"tag-single-sign-on","11":"tag-software-sso","12":"tag-software-sso-single-sign-on","13":"tag-soluzione-sso"},"wppr_data":{"cwp_meta_box_check":"Yes","_wppr_review_template":"default","cwp_rev_product_image":"","cwp_image_link":"image","wppr_links":[],"cwp_rev_price":"0.00","wppr_pros":["","","","",""],"wppr_cons":["","","","",""],"wppr_rating":"0.00","wppr_options":{"1":{"name":"Usability","value":"0"},"2":{"name":"Speed","value":"0"},"3":{"name":"Features","value":"0"},"4":{"name":"Support","value":"0"},"5":{"name":"Pricing","value":"0"}},"wppr_review_type":"Product","wppr_review_custom_fields":[]},"acf":[],"yoast_head":"<!-- This site is optimized with the Yoast SEO plugin v27.4 - https:\/\/yoast.com\/product\/yoast-seo-wordpress\/ -->\n<title>ManageEngine ADSelfService Plus: recensione software SSO - Accurate Reviews<\/title>\n<meta name=\"description\" content=\"ManageEngine ADSelfService Plus: recensione soluzione per la sicurezza delle identit\u00e0 con funzionalit\u00e0 MFA, SSO e SSPR.\" \/>\n<meta name=\"robots\" content=\"index, follow, max-snippet:-1, max-image-preview:large, max-video-preview:-1\" \/>\n<link rel=\"canonical\" href=\"https:\/\/www.accuratereviews.com\/it\/software-sso\/manageengine-adselfservice-plus-recensione\/\" \/>\n<meta property=\"og:locale\" content=\"it_IT\" \/>\n<meta property=\"og:type\" content=\"article\" \/>\n<meta property=\"og:title\" content=\"ManageEngine ADSelfService Plus: recensione software SSO - Accurate Reviews\" \/>\n<meta property=\"og:description\" content=\"ManageEngine ADSelfService Plus: recensione soluzione per la sicurezza delle identit\u00e0 con funzionalit\u00e0 MFA, SSO e SSPR.\" \/>\n<meta property=\"og:url\" content=\"https:\/\/www.accuratereviews.com\/it\/software-sso\/manageengine-adselfservice-plus-recensione\/\" \/>\n<meta property=\"og:site_name\" content=\"Accurate Reviews\" \/>\n<meta property=\"article:modified_time\" content=\"2025-09-19T09:58:06+00:00\" \/>\n<meta property=\"og:image\" content=\"https:\/\/www.accuratereviews.com\/wp-content\/uploads\/2025\/09\/manage-engine.jpg\" \/>\n\t<meta property=\"og:image:width\" content=\"400\" \/>\n\t<meta property=\"og:image:height\" content=\"300\" \/>\n\t<meta property=\"og:image:type\" content=\"image\/jpeg\" \/>\n<meta name=\"twitter:card\" content=\"summary_large_image\" \/>\n<meta name=\"twitter:label1\" content=\"Tempo di lettura stimato\" \/>\n\t<meta name=\"twitter:data1\" content=\"4 minuti\" \/>\n<script type=\"application\/ld+json\" class=\"yoast-schema-graph\">{\"@context\":\"https:\\\/\\\/schema.org\",\"@graph\":[{\"@type\":\"WebPage\",\"@id\":\"https:\\\/\\\/www.accuratereviews.com\\\/it\\\/software-sso\\\/manageengine-adselfservice-plus-recensione\\\/\",\"url\":\"https:\\\/\\\/www.accuratereviews.com\\\/it\\\/software-sso\\\/manageengine-adselfservice-plus-recensione\\\/\",\"name\":\"ManageEngine ADSelfService Plus: recensione software SSO - Accurate Reviews\",\"isPartOf\":{\"@id\":\"https:\\\/\\\/www.accuratereviews.com\\\/it\\\/#website\"},\"primaryImageOfPage\":{\"@id\":\"https:\\\/\\\/www.accuratereviews.com\\\/it\\\/software-sso\\\/manageengine-adselfservice-plus-recensione\\\/#primaryimage\"},\"image\":{\"@id\":\"https:\\\/\\\/www.accuratereviews.com\\\/it\\\/software-sso\\\/manageengine-adselfservice-plus-recensione\\\/#primaryimage\"},\"thumbnailUrl\":\"https:\\\/\\\/www.accuratereviews.com\\\/wp-content\\\/uploads\\\/2025\\\/09\\\/manage-engine.jpg\",\"datePublished\":\"2025-09-19T09:57:56+00:00\",\"dateModified\":\"2025-09-19T09:58:06+00:00\",\"description\":\"ManageEngine ADSelfService Plus: recensione soluzione per la sicurezza delle identit\u00e0 con funzionalit\u00e0 MFA, SSO e SSPR.\",\"breadcrumb\":{\"@id\":\"https:\\\/\\\/www.accuratereviews.com\\\/it\\\/software-sso\\\/manageengine-adselfservice-plus-recensione\\\/#breadcrumb\"},\"inLanguage\":\"it-IT\",\"potentialAction\":[{\"@type\":\"ReadAction\",\"target\":[\"https:\\\/\\\/www.accuratereviews.com\\\/it\\\/software-sso\\\/manageengine-adselfservice-plus-recensione\\\/\"]}]},{\"@type\":\"ImageObject\",\"inLanguage\":\"it-IT\",\"@id\":\"https:\\\/\\\/www.accuratereviews.com\\\/it\\\/software-sso\\\/manageengine-adselfservice-plus-recensione\\\/#primaryimage\",\"url\":\"https:\\\/\\\/www.accuratereviews.com\\\/wp-content\\\/uploads\\\/2025\\\/09\\\/manage-engine.jpg\",\"contentUrl\":\"https:\\\/\\\/www.accuratereviews.com\\\/wp-content\\\/uploads\\\/2025\\\/09\\\/manage-engine.jpg\",\"width\":400,\"height\":300},{\"@type\":\"BreadcrumbList\",\"@id\":\"https:\\\/\\\/www.accuratereviews.com\\\/it\\\/software-sso\\\/manageengine-adselfservice-plus-recensione\\\/#breadcrumb\",\"itemListElement\":[{\"@type\":\"ListItem\",\"position\":1,\"name\":\"Home\",\"item\":\"https:\\\/\\\/www.accuratereviews.com\\\/it\\\/\"},{\"@type\":\"ListItem\",\"position\":2,\"name\":\"Software SSO (Single Sign-On)\",\"item\":\"https:\\\/\\\/www.accuratereviews.com\\\/it\\\/software-sso\\\/\"},{\"@type\":\"ListItem\",\"position\":3,\"name\":\"ManageEngine ADSelfService Plus\"}]},{\"@type\":\"WebSite\",\"@id\":\"https:\\\/\\\/www.accuratereviews.com\\\/it\\\/#website\",\"url\":\"https:\\\/\\\/www.accuratereviews.com\\\/it\\\/\",\"name\":\"Accurate Reviews\",\"description\":\"\",\"potentialAction\":[{\"@type\":\"SearchAction\",\"target\":{\"@type\":\"EntryPoint\",\"urlTemplate\":\"https:\\\/\\\/www.accuratereviews.com\\\/it\\\/?s={search_term_string}\"},\"query-input\":{\"@type\":\"PropertyValueSpecification\",\"valueRequired\":true,\"valueName\":\"search_term_string\"}}],\"inLanguage\":\"it-IT\"}]}<\/script>\n<!-- \/ Yoast SEO plugin. -->","yoast_head_json":{"title":"ManageEngine ADSelfService Plus: recensione software SSO - Accurate Reviews","description":"ManageEngine ADSelfService Plus: recensione soluzione per la sicurezza delle identit\u00e0 con funzionalit\u00e0 MFA, SSO e SSPR.","robots":{"index":"index","follow":"follow","max-snippet":"max-snippet:-1","max-image-preview":"max-image-preview:large","max-video-preview":"max-video-preview:-1"},"canonical":"https:\/\/www.accuratereviews.com\/it\/software-sso\/manageengine-adselfservice-plus-recensione\/","og_locale":"it_IT","og_type":"article","og_title":"ManageEngine ADSelfService Plus: recensione software SSO - Accurate Reviews","og_description":"ManageEngine ADSelfService Plus: recensione soluzione per la sicurezza delle identit\u00e0 con funzionalit\u00e0 MFA, SSO e SSPR.","og_url":"https:\/\/www.accuratereviews.com\/it\/software-sso\/manageengine-adselfservice-plus-recensione\/","og_site_name":"Accurate Reviews","article_modified_time":"2025-09-19T09:58:06+00:00","og_image":[{"width":400,"height":300,"url":"https:\/\/www.accuratereviews.com\/wp-content\/uploads\/2025\/09\/manage-engine.jpg","type":"image\/jpeg"}],"twitter_card":"summary_large_image","twitter_misc":{"Tempo di lettura stimato":"4 minuti"},"schema":{"@context":"https:\/\/schema.org","@graph":[{"@type":"WebPage","@id":"https:\/\/www.accuratereviews.com\/it\/software-sso\/manageengine-adselfservice-plus-recensione\/","url":"https:\/\/www.accuratereviews.com\/it\/software-sso\/manageengine-adselfservice-plus-recensione\/","name":"ManageEngine ADSelfService Plus: recensione software SSO - Accurate Reviews","isPartOf":{"@id":"https:\/\/www.accuratereviews.com\/it\/#website"},"primaryImageOfPage":{"@id":"https:\/\/www.accuratereviews.com\/it\/software-sso\/manageengine-adselfservice-plus-recensione\/#primaryimage"},"image":{"@id":"https:\/\/www.accuratereviews.com\/it\/software-sso\/manageengine-adselfservice-plus-recensione\/#primaryimage"},"thumbnailUrl":"https:\/\/www.accuratereviews.com\/wp-content\/uploads\/2025\/09\/manage-engine.jpg","datePublished":"2025-09-19T09:57:56+00:00","dateModified":"2025-09-19T09:58:06+00:00","description":"ManageEngine ADSelfService Plus: recensione soluzione per la sicurezza delle identit\u00e0 con funzionalit\u00e0 MFA, SSO e SSPR.","breadcrumb":{"@id":"https:\/\/www.accuratereviews.com\/it\/software-sso\/manageengine-adselfservice-plus-recensione\/#breadcrumb"},"inLanguage":"it-IT","potentialAction":[{"@type":"ReadAction","target":["https:\/\/www.accuratereviews.com\/it\/software-sso\/manageengine-adselfservice-plus-recensione\/"]}]},{"@type":"ImageObject","inLanguage":"it-IT","@id":"https:\/\/www.accuratereviews.com\/it\/software-sso\/manageengine-adselfservice-plus-recensione\/#primaryimage","url":"https:\/\/www.accuratereviews.com\/wp-content\/uploads\/2025\/09\/manage-engine.jpg","contentUrl":"https:\/\/www.accuratereviews.com\/wp-content\/uploads\/2025\/09\/manage-engine.jpg","width":400,"height":300},{"@type":"BreadcrumbList","@id":"https:\/\/www.accuratereviews.com\/it\/software-sso\/manageengine-adselfservice-plus-recensione\/#breadcrumb","itemListElement":[{"@type":"ListItem","position":1,"name":"Home","item":"https:\/\/www.accuratereviews.com\/it\/"},{"@type":"ListItem","position":2,"name":"Software SSO (Single Sign-On)","item":"https:\/\/www.accuratereviews.com\/it\/software-sso\/"},{"@type":"ListItem","position":3,"name":"ManageEngine ADSelfService Plus"}]},{"@type":"WebSite","@id":"https:\/\/www.accuratereviews.com\/it\/#website","url":"https:\/\/www.accuratereviews.com\/it\/","name":"Accurate Reviews","description":"","potentialAction":[{"@type":"SearchAction","target":{"@type":"EntryPoint","urlTemplate":"https:\/\/www.accuratereviews.com\/it\/?s={search_term_string}"},"query-input":{"@type":"PropertyValueSpecification","valueRequired":true,"valueName":"search_term_string"}}],"inLanguage":"it-IT"}]}},"_links":{"self":[{"href":"https:\/\/www.accuratereviews.com\/it\/wp-json\/wp\/v2\/pages\/103821","targetHints":{"allow":["GET"]}}],"collection":[{"href":"https:\/\/www.accuratereviews.com\/it\/wp-json\/wp\/v2\/pages"}],"about":[{"href":"https:\/\/www.accuratereviews.com\/it\/wp-json\/wp\/v2\/types\/page"}],"author":[{"embeddable":true,"href":"https:\/\/www.accuratereviews.com\/it\/wp-json\/wp\/v2\/users\/19"}],"replies":[{"embeddable":true,"href":"https:\/\/www.accuratereviews.com\/it\/wp-json\/wp\/v2\/comments?post=103821"}],"version-history":[{"count":4,"href":"https:\/\/www.accuratereviews.com\/it\/wp-json\/wp\/v2\/pages\/103821\/revisions"}],"predecessor-version":[{"id":103832,"href":"https:\/\/www.accuratereviews.com\/it\/wp-json\/wp\/v2\/pages\/103821\/revisions\/103832"}],"up":[{"embeddable":true,"href":"https:\/\/www.accuratereviews.com\/it\/wp-json\/wp\/v2\/pages\/97817"}],"wp:featuredmedia":[{"embeddable":true,"href":"https:\/\/www.accuratereviews.com\/it\/wp-json\/wp\/v2\/media\/103822"}],"wp:attachment":[{"href":"https:\/\/www.accuratereviews.com\/it\/wp-json\/wp\/v2\/media?parent=103821"}],"wp:term":[{"taxonomy":"category","embeddable":true,"href":"https:\/\/www.accuratereviews.com\/it\/wp-json\/wp\/v2\/categories?post=103821"},{"taxonomy":"post_tag","embeddable":true,"href":"https:\/\/www.accuratereviews.com\/it\/wp-json\/wp\/v2\/tags?post=103821"},{"taxonomy":"features","embeddable":true,"href":"https:\/\/www.accuratereviews.com\/it\/wp-json\/wp\/v2\/features?post=103821"}],"curies":[{"name":"wp","href":"https:\/\/api.w.org\/{rel}","templated":true}]}}