{"id":103842,"date":"2025-09-23T07:35:25","date_gmt":"2025-09-23T07:35:25","guid":{"rendered":"https:\/\/www.accuratereviews.com\/?page_id=103842"},"modified":"2025-10-06T16:27:38","modified_gmt":"2025-10-06T16:27:38","slug":"qorus-integration-engine-recensione","status":"publish","type":"page","link":"https:\/\/www.accuratereviews.com\/it\/piattaforme-no-code\/qorus-integration-engine-recensione\/","title":{"rendered":"Qorus Integration Engine"},"content":{"rendered":"<p><strong>Qorus Integration Engine<\/strong> \u00e8 una<strong> soluzione di automazione dei processi<\/strong> digitali per l&#8217;implementazione dei flussi di lavoro e nella gestione dei progetti. Le funzionalit\u00e0 principali includono il monitoraggio dei processi, il rilevamento degli errori di interfaccia, il caricamento\/scaricamento delle versioni dei metadati e gli avvisi. L&#8217;applicazione \u00e8 dotata di un&#8217;interfaccia di visualizzazione cluster che consente agli utenti di esaminare lo stato dei processi in corso e di registrare i dettagli del dispositivo endpoint associato. Una dashboard consente ai manager di monitorare l&#8217;utilizzo dei dati di ogni dispositivo\/nodo, tenere traccia dei problemi e valutare le spese di ripristino in tempo reale. Gli amministratori possono utilizzare la soluzione per fornire un accesso basato sui ruoli ai membri del team e separare le visualizzazioni dei dati in base all&#8217;idoneit\u00e0 dell&#8217;utente.<\/p>\n<h2>QORUS INTEGRATION ENGINE &#8211; TUTORIAL<\/h2>\n<div id=\"fluid-wrapper-counter-1\" class=\"g1-fluid-wrapper \" style=\"width:686px;\">\n<div style=\"padding-bottom:56.268221574344%;\"><iframe loading=\"lazy\" title=\"Qorus Integration Engine\u00ae - Low-Cost Enterprise Business Process Automation\" width=\"686\" height=\"386\" src=\"https:\/\/www.youtube.com\/embed\/mjI-P6f9ahw?feature=oembed&amp;wmode=transparent&amp;autohide=1&amp;autoplay=0&amp;disablekb=0&amp;fs=1&amp;loop=0&amp;enablejsapi=1&amp;rel=0&amp;controls=2&amp;showinfo=0&amp;wmode=transparent&amp;autohide=2&amp;autoplay=0&amp;disablekb=0&amp;fs=1&amp;loop=0&amp;enablejsapi=1&amp;rel=0&amp;controls=2&amp;showinfo=1\" frameborder=\"0\" allow=\"accelerometer; autoplay; clipboard-write; encrypted-media; gyroscope; picture-in-picture; web-share\" referrerpolicy=\"strict-origin-when-cross-origin\" allowfullscreen><\/iframe><\/div>\n<\/div>\n<h3>QORUS INTEGRATION ENGINE &#8211; CARATTERISTICHE<\/h3>\n<ul>\n<li><strong>Sblocca i tuoi sistemi e le tue tecnologie.<\/strong>: sblocca le applicazioni, i processi e i dati nelle tue applicazioni interne, cloud e ibride. Crea integrazioni ad alte prestazioni senza perderti nella giungla di API, protocolli e tecnologie.<\/li>\n<li><strong>Connetti le tue app<\/strong>: sincronizza i dati master tra CRM ed ERP, integrare l&#8217;elaborazione degli ordini con i sistemi di evasione degli ordini o esporre la logica di un&#8217;applicazione legacy per il riutilizzo, la capacit\u00e0 del software di analizzare e interfacciarsi con qualsiasi tecnologia o sistema semplifica l&#8217;integrazione delle applicazioni senza soluzione di continuit\u00e0.<\/li>\n<li><strong>Interroga qualsiasi fonte dati:<\/strong> i connettori per file basati su record, database, CSV, file strutturati e multi-record semplificano l&#8217;interrogazione dei dati ovunque e in qualsiasi modo siano archiviati, in modo da poter sfruttare i crescenti volumi di dati raccolti e necessari alla tua azienda.<\/li>\n<li><strong>Unifica con l&#8217;IoT<\/strong>: collega i dispositivi IoT e la tecnologia operativa ai tuoi processi IT per guidare azioni in tempo reale da eventi in tempo reale. Con un elenco crescente di casi d&#8217;uso, dai sensori IoT per la raccolta e il tracciamento dei dati alla gestione e al controllo remoti, all&#8217;Industria 4.0, alla personalizzazione per i consumatori o alle iniziative di sicurezza intelligente, integra l&#8217;IoT ovunque la tua azienda ne abbia bisogno.<\/li>\n<li><strong>Configura la tua soluzione<\/strong>: i blocchi di base riutilizzabili e un&#8217;interfaccia drag-and-drop senza codice ti offrono la libert\u00e0 di creare le soluzioni sofisticate di cui la tua azienda ha bisogno; mentre il supporto integrato per Java e Python semplifica l&#8217;inclusione di routine di terze parti per funzionalit\u00e0 come l&#8217;intelligenza artificiale e la scienza dei dati. E combinando, estendendo o persino creando i tuoi blocchi di base, puoi adattare le tue integrazioni a tuo piacimento.<\/li>\n<li><strong>Transazioni sicure, sempre<\/strong>: combina i tuoi blocchi di base in flussi di lavoro estremamente robusti, con ogni processo monitorato, errori isolati fino al punto di origine e automaticamente recuperati dalla piattaforma per transazioni sicure.<\/li>\n<\/ul>\n<h4>LE RECENSIONI DEGLI UTENTI<\/h4>\n<p><strong>Hans&#8221;&#8221;Ottima soluzione, notevole risparmio sui costi&#8221;&#8221;<\/strong><br \/>\nOttima soluzione per l&#8217;integrazione dei dati e l&#8217;automazione dei processi aziendali. Molto conveniente rispetto a qualsiasi concorrente sul mercato.<br \/>\n<strong>Pro<\/strong>: abbiamo implementato l&#8217;ultima versione (Qorus 4.0) circa 6 mesi fa. Qorus Integration Engine ha migliorato notevolmente la qualit\u00e0 dei dati ricevuti e ora disponiamo di una perfetta integrazione con alcuni dei nostri fornitori terzi. Inoltre, siamo riusciti a ridurre drasticamente le nostre spese operative. Grazie alla riduzione delle spese operative, abbiamo recuperato l&#8217;investimento in 4 mesi. La soluzione di orchestrazione dei processi IT tollerante agli errori che desideri per ottimizzare i tuoi processi aziendali.<br \/>\n<strong>Contro<\/strong>: finora non abbiamo riscontrato alcun aspetto negativo, siamo molto soddisfatti delle soluzioni e non abbiamo trovato alcun aspetto negativo.<\/p>\n<p><strong>John Do&#8221;Automazione dei processi all&#8217;avanguardia e integrazione IT\/OT\/IoT per le aziende&#8221;<\/strong><br \/>\nAbbiamo trovato un partner eccellente in Qore Technologies; la loro soluzione si integra perfettamente con la nostra, offrendo un valore imbattibile alle aziende. Combinando le nostre soluzioni, possiamo collegare eventi IoT reali negli ambienti IT aziendali pi\u00f9 complessi all&#8217;automazione dei processi digitali fault-tolerant, per un&#8217;esperienza cliente fluida e intuitiva a costi estremamente contenuti. Questo apre la strada a nuovi modelli di business in settori consolidati e nuovi e consente ai nostri clienti aziendali di ottenere un vantaggio competitivo attraverso l&#8217;automazione combinata IoT\/IT\/OT.<br \/>\n<strong>Pro<\/strong>: In qualit\u00e0 di fornitore di servizi IoT, abbiamo scelto Qore Technologies come partner principale per le soluzioni IT per diversi motivi: 1) La loro soluzione offre, a nostro avviso, la migliore soluzione di automazione dei processi fault-tolerant sul mercato per i clienti aziendali; possiamo ottenere risultati migliori con meno tempo e denaro rispetto ad altre soluzioni che abbiamo provato. 2) Lo sviluppo low-code\/no-code ci offre un vantaggio commerciale, poich\u00e9 possiamo creare le nostre soluzioni chiavi in \u200b\u200bmano personalizzate su Qorus e riutilizzarle\/rivenderle ad altri clienti. 3) Utilizziamo Qorus per connettere l&#8217;OT all&#8217;IT tramite la nostra piattaforma IoT, offrendo ai nostri clienti una soluzione end-to-end, consentendo agli eventi del mondo reale di guidare i processi IT e di applicare automaticamente le proprie regole aziendali e di servizio utilizzando la nostra soluzione di integrazione IoT. 4) Qorus punta a un livello di automazione pi\u00f9 elevato rispetto alla concorrenza (&#8220;operazioni zero-touch&#8221;): abbiamo scoperto che la capacit\u00e0 di Qorus di ripristinare automaticamente gli errori tecnici si traduce in costi operativi molto bassi e in un&#8217;elevata qualit\u00e0 dei processi. 5) Richiediamo diverse opzioni di distribuzione (cloud, on-prem e\/o ibrida); la nostra soluzione \u00e8 solo cloud, ma alcuni clienti richiedono comunque un&#8217;installazione on-prem, che Qorus pu\u00f2 gestire (oltre alle distribuzioni cloud native). 6) Abilitazione degli integratori cittadini: ci\u00f2 significa che i nostri clienti possono ora gestire autonomamente la soluzione, anche se non sono esperti IT.<br \/>\n<strong>Contro<\/strong>: La piattaforma \u00e8 ideale per scenari di integrazione e automazione dei processi su larga scala, ma non \u00e8 la soluzione ideale per le piccole aziende che desiderano sfruttare i vantaggi dell&#8217;integrazione end-to-end IoT\/IT. Stiamo cercando di convincerle a sviluppare una soluzione anche per le PMI, in questo caso disporremo di una soluzione a 360 gradi per qualsiasi scenario di integrazione IoT\/IT\/automazione dei processi.<\/p>\n","protected":false},"excerpt":{"rendered":"<p>Qorus Integration Engine \u00e8 una soluzione di automazione dei processi digitali per l&#8217;implementazione dei flussi di lavoro e nella gestione dei progetti. Le funzionalit\u00e0 principali includono il monitoraggio dei processi, il rilevamento degli errori di interfaccia, il caricamento\/scaricamento delle versioni dei metadati e gli avvisi.<\/p>\n","protected":false},"author":19,"featured_media":103843,"parent":99993,"menu_order":0,"comment_status":"open","ping_status":"closed","template":"g1_template_page_review_new.php","meta":{"_acf_changed":false,"cwp_meta_box_check":"Yes","cwp_rev_product_name":"","cwp_rev_product_image":"","wppr_links":[],"cwp_rev_price":"0.00","wppr_options":[{"name":"Usability","value":"0"},{"name":"Speed","value":"0"},{"name":"Features","value":"0"},{"name":"Support","value":"0"},{"name":"Pricing","value":"0"}],"wppr_pros":["","","","",""],"wppr_cons":["","","","",""],"_monsterinsights_skip_tracking":false,"_monsterinsights_sitenote_active":false,"_monsterinsights_sitenote_note":"","_monsterinsights_sitenote_category":0,"footnotes":""},"categories":[16569],"tags":[16571,16573,16570,16556,16572],"features":[],"class_list":{"0":"post-103842","1":"page","2":"type-page","3":"status-publish","4":"has-post-thumbnail","6":"category-piattaforme-no-code","7":"tag-piattaforma-no-code","8":"tag-programma-no-code","9":"tag-qorus-integration-engine","10":"tag-software-no-code","11":"tag-soluzione-no-code"},"wppr_data":{"cwp_meta_box_check":"Yes","_wppr_review_template":"default","cwp_rev_product_image":"","cwp_image_link":"image","wppr_links":[],"cwp_rev_price":"0.00","wppr_pros":["","","","",""],"wppr_cons":["","","","",""],"wppr_rating":"0.00","wppr_options":{"1":{"name":"Usability","value":"0"},"2":{"name":"Speed","value":"0"},"3":{"name":"Features","value":"0"},"4":{"name":"Support","value":"0"},"5":{"name":"Pricing","value":"0"}},"wppr_review_type":"Product","wppr_review_custom_fields":{"additionalProperty":"","additionalType":"","aggregateRating":"","alternateName":"","audience":"","award":"","awards":"","brand":"","color":"","depth":"","description":"","disambiguatingDescription":"","gtin12":"","gtin13":"","gtin14":"","gtin8":"","height":"","identifier":"","image":"","isAccessoryOrSparePartFor":"","isConsumableFor":"","isRelatedTo":"","isSimilarTo":"","itemCondition":"","logo":"","mainEntityOfPage":"","manufacturer":"","material":"","model":"","mpn":"","name":"","offers":"","potentialAction":"","productID":"","productionDate":"","purchaseDate":"","releaseDate":"","review":"","reviews":"","sameAs":"","sku":"","slogan":"","subjectOf":"","url":"","weight":"","width":""}},"acf":[],"yoast_head":"<!-- This site is optimized with the Yoast SEO plugin v27.4 - https:\/\/yoast.com\/product\/yoast-seo-wordpress\/ -->\n<title>Qorus Integration Engine: recensione piattaforma no code - Accurate Reviews<\/title>\n<meta name=\"description\" content=\"Qorus Integration Engine: recensione soluzione di automazione dei processi digitali per l&#039;integrazione dei flussi di lavoro e gestione progetti\" \/>\n<meta name=\"robots\" content=\"index, follow, max-snippet:-1, max-image-preview:large, max-video-preview:-1\" \/>\n<link rel=\"canonical\" href=\"https:\/\/www.accuratereviews.com\/it\/piattaforme-no-code\/qorus-integration-engine-recensione\/\" \/>\n<meta property=\"og:locale\" content=\"it_IT\" \/>\n<meta property=\"og:type\" content=\"article\" \/>\n<meta property=\"og:title\" content=\"Qorus Integration Engine: recensione piattaforma no code - Accurate Reviews\" \/>\n<meta property=\"og:description\" content=\"Qorus Integration Engine: recensione soluzione di automazione dei processi digitali per l&#039;integrazione dei flussi di lavoro e gestione progetti\" \/>\n<meta property=\"og:url\" content=\"https:\/\/www.accuratereviews.com\/it\/piattaforme-no-code\/qorus-integration-engine-recensione\/\" \/>\n<meta property=\"og:site_name\" content=\"Accurate Reviews\" \/>\n<meta property=\"article:modified_time\" content=\"2025-10-06T16:27:38+00:00\" \/>\n<meta name=\"twitter:card\" content=\"summary_large_image\" \/>\n<meta name=\"twitter:label1\" content=\"Tempo di lettura stimato\" \/>\n\t<meta name=\"twitter:data1\" content=\"6 minuti\" \/>\n<script type=\"application\/ld+json\" class=\"yoast-schema-graph\">{\"@context\":\"https:\\\/\\\/schema.org\",\"@graph\":[{\"@type\":\"WebPage\",\"@id\":\"https:\\\/\\\/www.accuratereviews.com\\\/it\\\/piattaforme-no-code\\\/qorus-integration-engine-recensione\\\/\",\"url\":\"https:\\\/\\\/www.accuratereviews.com\\\/it\\\/piattaforme-no-code\\\/qorus-integration-engine-recensione\\\/\",\"name\":\"Qorus Integration Engine: recensione piattaforma no code - Accurate Reviews\",\"isPartOf\":{\"@id\":\"https:\\\/\\\/www.accuratereviews.com\\\/it\\\/#website\"},\"primaryImageOfPage\":{\"@id\":\"https:\\\/\\\/www.accuratereviews.com\\\/it\\\/piattaforme-no-code\\\/qorus-integration-engine-recensione\\\/#primaryimage\"},\"image\":{\"@id\":\"https:\\\/\\\/www.accuratereviews.com\\\/it\\\/piattaforme-no-code\\\/qorus-integration-engine-recensione\\\/#primaryimage\"},\"thumbnailUrl\":\"https:\\\/\\\/www.accuratereviews.com\\\/wp-content\\\/uploads\\\/2025\\\/09\\\/Qorus-Integration-Engine.avif\",\"datePublished\":\"2025-09-23T07:35:25+00:00\",\"dateModified\":\"2025-10-06T16:27:38+00:00\",\"description\":\"Qorus Integration Engine: recensione soluzione di automazione dei processi digitali per l'integrazione dei flussi di lavoro e gestione progetti\",\"breadcrumb\":{\"@id\":\"https:\\\/\\\/www.accuratereviews.com\\\/it\\\/piattaforme-no-code\\\/qorus-integration-engine-recensione\\\/#breadcrumb\"},\"inLanguage\":\"it-IT\",\"potentialAction\":[{\"@type\":\"ReadAction\",\"target\":[\"https:\\\/\\\/www.accuratereviews.com\\\/it\\\/piattaforme-no-code\\\/qorus-integration-engine-recensione\\\/\"]}]},{\"@type\":\"ImageObject\",\"inLanguage\":\"it-IT\",\"@id\":\"https:\\\/\\\/www.accuratereviews.com\\\/it\\\/piattaforme-no-code\\\/qorus-integration-engine-recensione\\\/#primaryimage\",\"url\":\"https:\\\/\\\/www.accuratereviews.com\\\/wp-content\\\/uploads\\\/2025\\\/09\\\/Qorus-Integration-Engine.avif\",\"contentUrl\":\"https:\\\/\\\/www.accuratereviews.com\\\/wp-content\\\/uploads\\\/2025\\\/09\\\/Qorus-Integration-Engine.avif\",\"width\":260,\"height\":260},{\"@type\":\"BreadcrumbList\",\"@id\":\"https:\\\/\\\/www.accuratereviews.com\\\/it\\\/piattaforme-no-code\\\/qorus-integration-engine-recensione\\\/#breadcrumb\",\"itemListElement\":[{\"@type\":\"ListItem\",\"position\":1,\"name\":\"Home\",\"item\":\"https:\\\/\\\/www.accuratereviews.com\\\/it\\\/\"},{\"@type\":\"ListItem\",\"position\":2,\"name\":\"Piattaforme no-code\",\"item\":\"https:\\\/\\\/www.accuratereviews.com\\\/it\\\/piattaforme-no-code\\\/\"},{\"@type\":\"ListItem\",\"position\":3,\"name\":\"Qorus Integration Engine\"}]},{\"@type\":\"WebSite\",\"@id\":\"https:\\\/\\\/www.accuratereviews.com\\\/it\\\/#website\",\"url\":\"https:\\\/\\\/www.accuratereviews.com\\\/it\\\/\",\"name\":\"Accurate Reviews\",\"description\":\"\",\"potentialAction\":[{\"@type\":\"SearchAction\",\"target\":{\"@type\":\"EntryPoint\",\"urlTemplate\":\"https:\\\/\\\/www.accuratereviews.com\\\/it\\\/?s={search_term_string}\"},\"query-input\":{\"@type\":\"PropertyValueSpecification\",\"valueRequired\":true,\"valueName\":\"search_term_string\"}}],\"inLanguage\":\"it-IT\"}]}<\/script>\n<!-- \/ Yoast SEO plugin. -->","yoast_head_json":{"title":"Qorus Integration Engine: recensione piattaforma no code - Accurate Reviews","description":"Qorus Integration Engine: recensione soluzione di automazione dei processi digitali per l'integrazione dei flussi di lavoro e gestione progetti","robots":{"index":"index","follow":"follow","max-snippet":"max-snippet:-1","max-image-preview":"max-image-preview:large","max-video-preview":"max-video-preview:-1"},"canonical":"https:\/\/www.accuratereviews.com\/it\/piattaforme-no-code\/qorus-integration-engine-recensione\/","og_locale":"it_IT","og_type":"article","og_title":"Qorus Integration Engine: recensione piattaforma no code - Accurate Reviews","og_description":"Qorus Integration Engine: recensione soluzione di automazione dei processi digitali per l'integrazione dei flussi di lavoro e gestione progetti","og_url":"https:\/\/www.accuratereviews.com\/it\/piattaforme-no-code\/qorus-integration-engine-recensione\/","og_site_name":"Accurate Reviews","article_modified_time":"2025-10-06T16:27:38+00:00","twitter_card":"summary_large_image","twitter_misc":{"Tempo di lettura stimato":"6 minuti"},"schema":{"@context":"https:\/\/schema.org","@graph":[{"@type":"WebPage","@id":"https:\/\/www.accuratereviews.com\/it\/piattaforme-no-code\/qorus-integration-engine-recensione\/","url":"https:\/\/www.accuratereviews.com\/it\/piattaforme-no-code\/qorus-integration-engine-recensione\/","name":"Qorus Integration Engine: recensione piattaforma no code - Accurate Reviews","isPartOf":{"@id":"https:\/\/www.accuratereviews.com\/it\/#website"},"primaryImageOfPage":{"@id":"https:\/\/www.accuratereviews.com\/it\/piattaforme-no-code\/qorus-integration-engine-recensione\/#primaryimage"},"image":{"@id":"https:\/\/www.accuratereviews.com\/it\/piattaforme-no-code\/qorus-integration-engine-recensione\/#primaryimage"},"thumbnailUrl":"https:\/\/www.accuratereviews.com\/wp-content\/uploads\/2025\/09\/Qorus-Integration-Engine.avif","datePublished":"2025-09-23T07:35:25+00:00","dateModified":"2025-10-06T16:27:38+00:00","description":"Qorus Integration Engine: recensione soluzione di automazione dei processi digitali per l'integrazione dei flussi di lavoro e gestione progetti","breadcrumb":{"@id":"https:\/\/www.accuratereviews.com\/it\/piattaforme-no-code\/qorus-integration-engine-recensione\/#breadcrumb"},"inLanguage":"it-IT","potentialAction":[{"@type":"ReadAction","target":["https:\/\/www.accuratereviews.com\/it\/piattaforme-no-code\/qorus-integration-engine-recensione\/"]}]},{"@type":"ImageObject","inLanguage":"it-IT","@id":"https:\/\/www.accuratereviews.com\/it\/piattaforme-no-code\/qorus-integration-engine-recensione\/#primaryimage","url":"https:\/\/www.accuratereviews.com\/wp-content\/uploads\/2025\/09\/Qorus-Integration-Engine.avif","contentUrl":"https:\/\/www.accuratereviews.com\/wp-content\/uploads\/2025\/09\/Qorus-Integration-Engine.avif","width":260,"height":260},{"@type":"BreadcrumbList","@id":"https:\/\/www.accuratereviews.com\/it\/piattaforme-no-code\/qorus-integration-engine-recensione\/#breadcrumb","itemListElement":[{"@type":"ListItem","position":1,"name":"Home","item":"https:\/\/www.accuratereviews.com\/it\/"},{"@type":"ListItem","position":2,"name":"Piattaforme no-code","item":"https:\/\/www.accuratereviews.com\/it\/piattaforme-no-code\/"},{"@type":"ListItem","position":3,"name":"Qorus Integration Engine"}]},{"@type":"WebSite","@id":"https:\/\/www.accuratereviews.com\/it\/#website","url":"https:\/\/www.accuratereviews.com\/it\/","name":"Accurate Reviews","description":"","potentialAction":[{"@type":"SearchAction","target":{"@type":"EntryPoint","urlTemplate":"https:\/\/www.accuratereviews.com\/it\/?s={search_term_string}"},"query-input":{"@type":"PropertyValueSpecification","valueRequired":true,"valueName":"search_term_string"}}],"inLanguage":"it-IT"}]}},"_links":{"self":[{"href":"https:\/\/www.accuratereviews.com\/it\/wp-json\/wp\/v2\/pages\/103842","targetHints":{"allow":["GET"]}}],"collection":[{"href":"https:\/\/www.accuratereviews.com\/it\/wp-json\/wp\/v2\/pages"}],"about":[{"href":"https:\/\/www.accuratereviews.com\/it\/wp-json\/wp\/v2\/types\/page"}],"author":[{"embeddable":true,"href":"https:\/\/www.accuratereviews.com\/it\/wp-json\/wp\/v2\/users\/19"}],"replies":[{"embeddable":true,"href":"https:\/\/www.accuratereviews.com\/it\/wp-json\/wp\/v2\/comments?post=103842"}],"version-history":[{"count":10,"href":"https:\/\/www.accuratereviews.com\/it\/wp-json\/wp\/v2\/pages\/103842\/revisions"}],"predecessor-version":[{"id":104188,"href":"https:\/\/www.accuratereviews.com\/it\/wp-json\/wp\/v2\/pages\/103842\/revisions\/104188"}],"up":[{"embeddable":true,"href":"https:\/\/www.accuratereviews.com\/it\/wp-json\/wp\/v2\/pages\/99993"}],"wp:featuredmedia":[{"embeddable":true,"href":"https:\/\/www.accuratereviews.com\/it\/wp-json\/wp\/v2\/media\/103843"}],"wp:attachment":[{"href":"https:\/\/www.accuratereviews.com\/it\/wp-json\/wp\/v2\/media?parent=103842"}],"wp:term":[{"taxonomy":"category","embeddable":true,"href":"https:\/\/www.accuratereviews.com\/it\/wp-json\/wp\/v2\/categories?post=103842"},{"taxonomy":"post_tag","embeddable":true,"href":"https:\/\/www.accuratereviews.com\/it\/wp-json\/wp\/v2\/tags?post=103842"},{"taxonomy":"features","embeddable":true,"href":"https:\/\/www.accuratereviews.com\/it\/wp-json\/wp\/v2\/features?post=103842"}],"curies":[{"name":"wp","href":"https:\/\/api.w.org\/{rel}","templated":true}]}}