{"id":103870,"date":"2025-09-24T19:15:00","date_gmt":"2025-09-24T19:15:00","guid":{"rendered":"https:\/\/www.accuratereviews.com\/?page_id=103870"},"modified":"2025-09-24T19:15:00","modified_gmt":"2025-09-24T19:15:00","slug":"hypi-recensione","status":"publish","type":"page","link":"https:\/\/www.accuratereviews.com\/it\/piattaforme-no-code\/hypi-recensione\/","title":{"rendered":"Hypi"},"content":{"rendered":"<p><strong>Hypi<\/strong> \u00e8 una<strong> piattaforma no code<\/strong> progettata per aiutare le aziende a creare <strong>applicazioni mobili, web e desktop<\/strong>. Il visual designer consente agli sviluppatori di trascinare e rilasciare tutto questo e molto altro. Una volta progettate le schermate, consente persino ai supervisori di creare visivamente la logica necessaria per navigare, inviare moduli e molto altro. Quando sono pronti, i manager possono visualizzare in anteprima le modifiche all&#8217;istante o creare una release che pu\u00f2 essere inviata <strong>agli app store iOS o Android<\/strong>. Tutto questo, senza scrivere una sola riga di codice.<\/p>\n<h2>HYPI &#8211; TUTORIAL<\/h2>\n<div id=\"fluid-wrapper-counter-1\" class=\"g1-fluid-wrapper \" style=\"width:686px;\">\n<div style=\"padding-bottom:56.268221574344%;\"><iframe loading=\"lazy\" title=\"Part 4   Show a bottom sheet to create todo items\" width=\"515\" height=\"386\" src=\"https:\/\/www.youtube.com\/embed\/xiZ_22SuMoI?feature=oembed&amp;wmode=transparent&amp;autohide=1&amp;autoplay=0&amp;disablekb=0&amp;fs=1&amp;loop=0&amp;enablejsapi=1&amp;rel=0&amp;controls=2&amp;showinfo=0&amp;wmode=transparent&amp;autohide=2&amp;autoplay=0&amp;disablekb=0&amp;fs=1&amp;loop=0&amp;enablejsapi=1&amp;rel=0&amp;controls=2&amp;showinfo=1\" frameborder=\"0\" allow=\"accelerometer; autoplay; clipboard-write; encrypted-media; gyroscope; picture-in-picture; web-share\" referrerpolicy=\"strict-origin-when-cross-origin\" allowfullscreen><\/iframe><\/div>\n<\/div>\n<h3>HYPI &#8211; CARATTERISTICHE<\/h3>\n<ul>\n<li>Intelligenza artificiale basata sulla missione<\/li>\n<li>Strumenti nati da esigenze reali, non da demo.<\/li>\n<li>Log, tentativi e osservabilit\u00e0 integrati.<\/li>\n<li>Implementazione WASM-first per edge, browser e altro.<\/li>\n<li>Eventi strutturati rendono tracciabile ogni flusso di lavoro.<\/li>\n<li>Orchestrazione incentrata sui messaggi<\/li>\n<li>Esecuzione basata su DAG auto-riparante<\/li>\n<li>Eseguibile su browser, edge o serverless tramite WASM<\/li>\n<li>Pianificazione nativa LLM con logica interpretabile<\/li>\n<\/ul>\n<h4>LE RECENSIONI DEGLI UTENTI<\/h4>\n<p><strong>Mansur &#8220;Nessun software \u00e8 perfetto, ma Hypi \u00e8 un buon software&#8221;<\/strong><br \/>\nNel complesso, Hypi \u00e8 un&#8217;eccellente piattaforma software per creare e distribuire rapidamente applicazioni.<br \/>\n<strong>Pro<\/strong>: ci\u00f2 che pi\u00f9 mi piace di Hypi \u00e8 la sua facilit\u00e0 d&#8217;uso. \u00c8 progettato per essere intuitivo e user friendly, quindi \u00e8 facile da avviare e utilizzare rapidamente. Inoltre, la piattaforma offre una variet\u00e0 di funzionalit\u00e0 che consentono di sviluppare rapidamente applicazioni complesse con il minimo sforzo. E, poich\u00e9 Hypi \u00e8 basato sul cloud, ridimensionare un&#8217;applicazione \u00e8 a pochi clic di distanza.<br \/>\n<strong>Contro<\/strong>: nessun software \u00e8 perfetto e Hypi non fa eccezione. Sebbene Hypi sia un&#8217;ottima piattaforma per sviluppare applicazioni in modo rapido ed efficiente, ha comunque i suoi limiti e svantaggi. Ad esempio, non supporta alcuni database e linguaggi di programmazione e l&#8217;interfaccia utente pu\u00f2 essere difficile da usare per alcuni utenti. Inoltre, Hypi non ha un supporto integrato per alcune funzionalit\u00e0 come l&#8217;autenticazione e l&#8217;elaborazione dei pagamenti.<\/p>\n<p><strong>Romuald &#8220;Hypi \u00e8 la base dello sviluppo&#8221;<\/strong><br \/>\nCreo applicazioni e riesco a soddisfare le mie esigenze grazie.<br \/>\n<strong>Pro<\/strong>: la sua facilit\u00e0 d&#8217;uso e l&#8217;interfaccia<br \/>\n<strong>Contro<\/strong>: il modo in cui sono disposti gli elementi e anche l&#8217;ergonomia<\/p>\n<p><strong>Jhon Do &#8220;Esperienza Hypi&#8221;<\/strong><br \/>\nL&#8217;esperienza complessiva \u00e8 stata buona. Ho provato a non sviluppare alcun codice.<br \/>\n<strong>Pro<\/strong>: 1. Facile trascinamento della selezione per creare app o design 2. Opzione di anteprima per vedere il design 3. Ci sono cos\u00ec tanti elementi tra cui scegliere, tra cui pulsanti, moduli, ecc. 4. Tantissime personalizzazioni, mi \u00e8 piaciuto molto.<br \/>\n<strong>Contro<\/strong>: 1. Ci vuole un po&#8217; di tempo per familiarizzare 2. Sarebbe meglio se aggiungessero alcuni componenti predefiniti, come le informazioni utente o la registrazione.<\/p>\n","protected":false},"excerpt":{"rendered":"<p>Hypi \u00e8 una piattaforma no code progettata per aiutare le aziende a creare applicazioni mobili, web e desktop. Il visual designer consente agli sviluppatori di trascinare e rilasciare tutto questo e molto altro. Offre agli utenti non tecnici la possibilit\u00e0 di progettare e lanciare applicazioni senza dover avere esperienza di sviluppo, ma \u00e8 sufficientemente flessibile da consentire agli sviluppatori esperti di personalizzarla per soddisfare i requisiti applicativi specifici.<\/p>\n","protected":false},"author":19,"featured_media":103872,"parent":99993,"menu_order":0,"comment_status":"open","ping_status":"closed","template":"g1_template_page_review_new.php","meta":{"_acf_changed":false,"cwp_meta_box_check":"No","cwp_rev_product_name":"","cwp_rev_product_image":"","wppr_links":[],"cwp_rev_price":"","wppr_options":[],"wppr_pros":[],"wppr_cons":[],"_monsterinsights_skip_tracking":false,"_monsterinsights_sitenote_active":false,"_monsterinsights_sitenote_note":"","_monsterinsights_sitenote_category":0,"footnotes":""},"categories":[16569],"tags":[16574,16554,16571,16573,16556,16575],"features":[],"class_list":{"0":"post-103870","1":"page","2":"type-page","3":"status-publish","4":"has-post-thumbnail","6":"category-piattaforme-no-code","7":"tag-hypi","8":"tag-no-code","9":"tag-piattaforma-no-code","10":"tag-programma-no-code","11":"tag-software-no-code","12":"tag-software-senza-codice"},"wppr_data":{"cwp_meta_box_check":"No"},"acf":[],"yoast_head":"<!-- This site is optimized with the Yoast SEO plugin v27.4 - https:\/\/yoast.com\/product\/yoast-seo-wordpress\/ -->\n<title>Hypi: recensione piattaforma no code - Accurate Reviews<\/title>\n<meta name=\"description\" content=\"Hypi: recensione piattaforma no-code progettata per aiutare le aziende a creare applicazioni mobili, web e desktop.\" \/>\n<meta name=\"robots\" content=\"index, follow, max-snippet:-1, max-image-preview:large, max-video-preview:-1\" \/>\n<link rel=\"canonical\" href=\"https:\/\/www.accuratereviews.com\/it\/piattaforme-no-code\/hypi-recensione\/\" \/>\n<meta property=\"og:locale\" content=\"it_IT\" \/>\n<meta property=\"og:type\" content=\"article\" \/>\n<meta property=\"og:title\" content=\"Hypi: recensione piattaforma no code - Accurate Reviews\" \/>\n<meta property=\"og:description\" content=\"Hypi: recensione piattaforma no-code progettata per aiutare le aziende a creare applicazioni mobili, web e desktop.\" \/>\n<meta property=\"og:url\" content=\"https:\/\/www.accuratereviews.com\/it\/piattaforme-no-code\/hypi-recensione\/\" \/>\n<meta property=\"og:site_name\" content=\"Accurate Reviews\" \/>\n<meta property=\"og:image\" content=\"https:\/\/www.accuratereviews.com\/wp-content\/uploads\/2025\/09\/hypy.png\" \/>\n\t<meta property=\"og:image:width\" content=\"280\" \/>\n\t<meta property=\"og:image:height\" content=\"280\" \/>\n\t<meta property=\"og:image:type\" content=\"image\/png\" \/>\n<meta name=\"twitter:card\" content=\"summary_large_image\" \/>\n<meta name=\"twitter:label1\" content=\"Tempo di lettura stimato\" \/>\n\t<meta name=\"twitter:data1\" content=\"4 minuti\" \/>\n<script type=\"application\/ld+json\" class=\"yoast-schema-graph\">{\"@context\":\"https:\\\/\\\/schema.org\",\"@graph\":[{\"@type\":\"WebPage\",\"@id\":\"https:\\\/\\\/www.accuratereviews.com\\\/it\\\/piattaforme-no-code\\\/hypi-recensione\\\/\",\"url\":\"https:\\\/\\\/www.accuratereviews.com\\\/it\\\/piattaforme-no-code\\\/hypi-recensione\\\/\",\"name\":\"Hypi: recensione piattaforma no code - Accurate Reviews\",\"isPartOf\":{\"@id\":\"https:\\\/\\\/www.accuratereviews.com\\\/it\\\/#website\"},\"primaryImageOfPage\":{\"@id\":\"https:\\\/\\\/www.accuratereviews.com\\\/it\\\/piattaforme-no-code\\\/hypi-recensione\\\/#primaryimage\"},\"image\":{\"@id\":\"https:\\\/\\\/www.accuratereviews.com\\\/it\\\/piattaforme-no-code\\\/hypi-recensione\\\/#primaryimage\"},\"thumbnailUrl\":\"https:\\\/\\\/www.accuratereviews.com\\\/wp-content\\\/uploads\\\/2025\\\/09\\\/hypy.png\",\"datePublished\":\"2025-09-24T19:15:00+00:00\",\"description\":\"Hypi: recensione piattaforma no-code progettata per aiutare le aziende a creare applicazioni mobili, web e desktop.\",\"breadcrumb\":{\"@id\":\"https:\\\/\\\/www.accuratereviews.com\\\/it\\\/piattaforme-no-code\\\/hypi-recensione\\\/#breadcrumb\"},\"inLanguage\":\"it-IT\",\"potentialAction\":[{\"@type\":\"ReadAction\",\"target\":[\"https:\\\/\\\/www.accuratereviews.com\\\/it\\\/piattaforme-no-code\\\/hypi-recensione\\\/\"]}]},{\"@type\":\"ImageObject\",\"inLanguage\":\"it-IT\",\"@id\":\"https:\\\/\\\/www.accuratereviews.com\\\/it\\\/piattaforme-no-code\\\/hypi-recensione\\\/#primaryimage\",\"url\":\"https:\\\/\\\/www.accuratereviews.com\\\/wp-content\\\/uploads\\\/2025\\\/09\\\/hypy.png\",\"contentUrl\":\"https:\\\/\\\/www.accuratereviews.com\\\/wp-content\\\/uploads\\\/2025\\\/09\\\/hypy.png\",\"width\":280,\"height\":280},{\"@type\":\"BreadcrumbList\",\"@id\":\"https:\\\/\\\/www.accuratereviews.com\\\/it\\\/piattaforme-no-code\\\/hypi-recensione\\\/#breadcrumb\",\"itemListElement\":[{\"@type\":\"ListItem\",\"position\":1,\"name\":\"Home\",\"item\":\"https:\\\/\\\/www.accuratereviews.com\\\/it\\\/\"},{\"@type\":\"ListItem\",\"position\":2,\"name\":\"Piattaforme no-code\",\"item\":\"https:\\\/\\\/www.accuratereviews.com\\\/it\\\/piattaforme-no-code\\\/\"},{\"@type\":\"ListItem\",\"position\":3,\"name\":\"Hypi\"}]},{\"@type\":\"WebSite\",\"@id\":\"https:\\\/\\\/www.accuratereviews.com\\\/it\\\/#website\",\"url\":\"https:\\\/\\\/www.accuratereviews.com\\\/it\\\/\",\"name\":\"Accurate Reviews\",\"description\":\"\",\"potentialAction\":[{\"@type\":\"SearchAction\",\"target\":{\"@type\":\"EntryPoint\",\"urlTemplate\":\"https:\\\/\\\/www.accuratereviews.com\\\/it\\\/?s={search_term_string}\"},\"query-input\":{\"@type\":\"PropertyValueSpecification\",\"valueRequired\":true,\"valueName\":\"search_term_string\"}}],\"inLanguage\":\"it-IT\"}]}<\/script>\n<!-- \/ Yoast SEO plugin. -->","yoast_head_json":{"title":"Hypi: recensione piattaforma no code - Accurate Reviews","description":"Hypi: recensione piattaforma no-code progettata per aiutare le aziende a creare applicazioni mobili, web e desktop.","robots":{"index":"index","follow":"follow","max-snippet":"max-snippet:-1","max-image-preview":"max-image-preview:large","max-video-preview":"max-video-preview:-1"},"canonical":"https:\/\/www.accuratereviews.com\/it\/piattaforme-no-code\/hypi-recensione\/","og_locale":"it_IT","og_type":"article","og_title":"Hypi: recensione piattaforma no code - Accurate Reviews","og_description":"Hypi: recensione piattaforma no-code progettata per aiutare le aziende a creare applicazioni mobili, web e desktop.","og_url":"https:\/\/www.accuratereviews.com\/it\/piattaforme-no-code\/hypi-recensione\/","og_site_name":"Accurate Reviews","og_image":[{"width":280,"height":280,"url":"https:\/\/www.accuratereviews.com\/wp-content\/uploads\/2025\/09\/hypy.png","type":"image\/png"}],"twitter_card":"summary_large_image","twitter_misc":{"Tempo di lettura stimato":"4 minuti"},"schema":{"@context":"https:\/\/schema.org","@graph":[{"@type":"WebPage","@id":"https:\/\/www.accuratereviews.com\/it\/piattaforme-no-code\/hypi-recensione\/","url":"https:\/\/www.accuratereviews.com\/it\/piattaforme-no-code\/hypi-recensione\/","name":"Hypi: recensione piattaforma no code - Accurate Reviews","isPartOf":{"@id":"https:\/\/www.accuratereviews.com\/it\/#website"},"primaryImageOfPage":{"@id":"https:\/\/www.accuratereviews.com\/it\/piattaforme-no-code\/hypi-recensione\/#primaryimage"},"image":{"@id":"https:\/\/www.accuratereviews.com\/it\/piattaforme-no-code\/hypi-recensione\/#primaryimage"},"thumbnailUrl":"https:\/\/www.accuratereviews.com\/wp-content\/uploads\/2025\/09\/hypy.png","datePublished":"2025-09-24T19:15:00+00:00","description":"Hypi: recensione piattaforma no-code progettata per aiutare le aziende a creare applicazioni mobili, web e desktop.","breadcrumb":{"@id":"https:\/\/www.accuratereviews.com\/it\/piattaforme-no-code\/hypi-recensione\/#breadcrumb"},"inLanguage":"it-IT","potentialAction":[{"@type":"ReadAction","target":["https:\/\/www.accuratereviews.com\/it\/piattaforme-no-code\/hypi-recensione\/"]}]},{"@type":"ImageObject","inLanguage":"it-IT","@id":"https:\/\/www.accuratereviews.com\/it\/piattaforme-no-code\/hypi-recensione\/#primaryimage","url":"https:\/\/www.accuratereviews.com\/wp-content\/uploads\/2025\/09\/hypy.png","contentUrl":"https:\/\/www.accuratereviews.com\/wp-content\/uploads\/2025\/09\/hypy.png","width":280,"height":280},{"@type":"BreadcrumbList","@id":"https:\/\/www.accuratereviews.com\/it\/piattaforme-no-code\/hypi-recensione\/#breadcrumb","itemListElement":[{"@type":"ListItem","position":1,"name":"Home","item":"https:\/\/www.accuratereviews.com\/it\/"},{"@type":"ListItem","position":2,"name":"Piattaforme no-code","item":"https:\/\/www.accuratereviews.com\/it\/piattaforme-no-code\/"},{"@type":"ListItem","position":3,"name":"Hypi"}]},{"@type":"WebSite","@id":"https:\/\/www.accuratereviews.com\/it\/#website","url":"https:\/\/www.accuratereviews.com\/it\/","name":"Accurate Reviews","description":"","potentialAction":[{"@type":"SearchAction","target":{"@type":"EntryPoint","urlTemplate":"https:\/\/www.accuratereviews.com\/it\/?s={search_term_string}"},"query-input":{"@type":"PropertyValueSpecification","valueRequired":true,"valueName":"search_term_string"}}],"inLanguage":"it-IT"}]}},"_links":{"self":[{"href":"https:\/\/www.accuratereviews.com\/it\/wp-json\/wp\/v2\/pages\/103870","targetHints":{"allow":["GET"]}}],"collection":[{"href":"https:\/\/www.accuratereviews.com\/it\/wp-json\/wp\/v2\/pages"}],"about":[{"href":"https:\/\/www.accuratereviews.com\/it\/wp-json\/wp\/v2\/types\/page"}],"author":[{"embeddable":true,"href":"https:\/\/www.accuratereviews.com\/it\/wp-json\/wp\/v2\/users\/19"}],"replies":[{"embeddable":true,"href":"https:\/\/www.accuratereviews.com\/it\/wp-json\/wp\/v2\/comments?post=103870"}],"version-history":[{"count":7,"href":"https:\/\/www.accuratereviews.com\/it\/wp-json\/wp\/v2\/pages\/103870\/revisions"}],"predecessor-version":[{"id":103888,"href":"https:\/\/www.accuratereviews.com\/it\/wp-json\/wp\/v2\/pages\/103870\/revisions\/103888"}],"up":[{"embeddable":true,"href":"https:\/\/www.accuratereviews.com\/it\/wp-json\/wp\/v2\/pages\/99993"}],"wp:featuredmedia":[{"embeddable":true,"href":"https:\/\/www.accuratereviews.com\/it\/wp-json\/wp\/v2\/media\/103872"}],"wp:attachment":[{"href":"https:\/\/www.accuratereviews.com\/it\/wp-json\/wp\/v2\/media?parent=103870"}],"wp:term":[{"taxonomy":"category","embeddable":true,"href":"https:\/\/www.accuratereviews.com\/it\/wp-json\/wp\/v2\/categories?post=103870"},{"taxonomy":"post_tag","embeddable":true,"href":"https:\/\/www.accuratereviews.com\/it\/wp-json\/wp\/v2\/tags?post=103870"},{"taxonomy":"features","embeddable":true,"href":"https:\/\/www.accuratereviews.com\/it\/wp-json\/wp\/v2\/features?post=103870"}],"curies":[{"name":"wp","href":"https:\/\/api.w.org\/{rel}","templated":true}]}}