{"id":103895,"date":"2025-09-25T14:13:12","date_gmt":"2025-09-25T14:13:12","guid":{"rendered":"https:\/\/www.accuratereviews.com\/?page_id=103895"},"modified":"2025-09-26T08:51:24","modified_gmt":"2025-09-26T08:51:24","slug":"easysend-recensione","status":"publish","type":"page","link":"https:\/\/www.accuratereviews.com\/it\/piattaforme-no-code\/easysend-recensione\/","title":{"rendered":"EasySend"},"content":{"rendered":"<p><strong>EasySend<\/strong> ti aiuta a trasformare i moduli in esperienze digitali semplici e senza codice. Passando al digitale, semplificherai l&#8217;acquisizione dei dati dei clienti e automatizzerai il flusso di lavoro aziendale. Inizia da zero o digitalizza qualsiasi PDF. Utilizza strumenti intelligenti come convalide e condizioni per garantire che ogni modulo venga compilato correttamente. Assegna ruoli e autorizzazioni personalizzati per gestire il flusso di lavoro in ogni fase. Con temi personalizzati, ogni percorso che creerai sar\u00e0 fedele al tuo brand. Collega integrazioni come CRM, ERP e sistemi core per ridurre il lavoro e gli errori umani. Con Co-Browsing ed <strong>EasySign<\/strong>, fornisci un servizio migliore da remoto e raccogli firme digitali da qualsiasi luogo.<\/p>\n<h2>EASYSEND &#8211; TUTORIAL<\/h2>\n<div id=\"fluid-wrapper-counter-1\" class=\"g1-fluid-wrapper \" style=\"width:686px;\">\n<div style=\"padding-bottom:56.268221574344%;\"><iframe loading=\"lazy\" title=\"Building an Array\" width=\"686\" height=\"386\" src=\"https:\/\/www.youtube.com\/embed\/b7pzfiXZ46M?feature=oembed&amp;wmode=transparent&amp;autohide=1&amp;autoplay=0&amp;disablekb=0&amp;fs=1&amp;loop=0&amp;enablejsapi=1&amp;rel=0&amp;controls=2&amp;showinfo=0&amp;wmode=transparent&amp;autohide=2&amp;autoplay=0&amp;disablekb=0&amp;fs=1&amp;loop=0&amp;enablejsapi=1&amp;rel=0&amp;controls=2&amp;showinfo=1\" frameborder=\"0\" allow=\"accelerometer; autoplay; clipboard-write; encrypted-media; gyroscope; picture-in-picture; web-share\" referrerpolicy=\"strict-origin-when-cross-origin\" allowfullscreen><\/iframe><\/div>\n<\/div>\n<h3>EASYSEND &#8211; CARATTERISTICHE<\/h3>\n<ul>\n<li><strong>Concludi gli accordi pi\u00f9 velocemente<\/strong>: firma\u00a0i documenti in pochi minuti, aiutandoti a finalizzare gli accordi senza ritardi.<\/li>\n<li><strong>Semplifica le approvazioni<\/strong>: dedica meno tempo alle attivit\u00e0 amministrative, cos\u00ec puoi concentrarti su ci\u00f2 che conta di pi\u00f9 per te.<\/li>\n<li><strong>Automatizza il tuo flusso di lavoro:<\/strong> personalizza il tuo flusso di lavoro e collega il tuo software aziendale per semplificare l&#8217;acquisizione delle firme.<\/li>\n<li><strong>Trasforma i PDF in documenti compilabili<\/strong>: carica un PDF statico e EasySign AI taggher\u00e0 i campi, assegner\u00e0 i ruoli e lo trasformer\u00e0 in un documento compilabile e firmabile completamente responsive in pochi secondi.<\/li>\n<li><strong>Collega il tuo software aziendale<\/strong>: integra il tuo CRM e il software aziendale per ridurre il lavoro manuale.<\/li>\n<li><strong>Automatizza il tuo flusso di lavoro:<\/strong> mappa e gestisci ogni fase del percorso del cliente con logica aziendale e automazioni.<\/li>\n<li><strong>Semplifica l&#8217;invio dei documenti:<\/strong> carica documenti, invita i firmatari e invia richieste di firma elettronica in pochi clic.<\/li>\n<li><strong>Traccia, invia promemoria e gestisci senza sforzo<\/strong>: traccia il tuo flusso di lavoro dall&#8217;invio alla fine e procedi con i promemoria.<\/li>\n<li><strong>Semplifica il tuo processo di firma:<\/strong> raccogli tutte le firme elettroniche di cui hai bisogno su pi\u00f9 documenti.<\/li>\n<li><strong>Decidi il flusso di firma:<\/strong> utilizza la firma seriale o parallela a seconda del tuo processo.<\/li>\n<li><strong>Firma insieme in tempo reale<\/strong>: condividi le schermate per guidare i firmatari dall&#8217;inizio alla fine.<\/li>\n<li><strong>Semplifica la compilazione dei moduli<\/strong>: pre-contrassegna i campi in modo che i firmatari possano inserire rapidamente le proprie informazioni.<\/li>\n<li><strong>Scalabilit\u00e0 con l&#8217;API EasySign<\/strong>: attiva le richieste di firma con l&#8217;API EasySign. \u00c8 un&#8217;integrazione bidirezionale sicura e scalabile che funziona con il tuo CRM esistente. Automatizza facilmente l&#8217;invio di link e la firma dei moduli, semplificando al contempo la raccolta dati e la generazione di file.<\/li>\n<li><strong>Sicurezza di livello aziendale<\/strong>: mantiene i pi\u00f9 rigorosi standard globali di privacy e sicurezza per proteggere i tuoi dati. La suite di prodotti \u00e8 conforme a GDPR, SOC 2, ISO 27001, PCI DSS e HIPAA.<\/li>\n<\/ul>\n<h4>LE RECENSIONI DEGLI UTENTI<\/h4>\n<p><strong>Francesca &#8220;Recensione BTIS&#8221;<\/strong><br \/>\n<strong>Pro<\/strong>: mi piace la funzionalit\u00e0 di automazione dell&#8217;interfaccia utente e la facilit\u00e0 con cui \u00e8 possibile creare un&#8217;interfaccia utente<br \/>\n<strong>Contro<\/strong>: le funzionalit\u00e0 del modello e del flusso di lavoro non sono intuitive per chi non ha esperienza di sviluppo.<\/p>\n<p><strong>Kirven &#8220;Nuovo utente&#8221;<\/strong><br \/>\n<strong>Pro<\/strong>: \u00e8 facile da usare e da capire, senza bisogno di molto aiuto. Sono un utente di Axure, quindi ho esperienza in questo settore. Questo strumento ha una curva di apprendimento pi\u00f9 breve.<br \/>\n<strong>Contro<\/strong>: ho appena iniziato, quindi non c&#8217;\u00e8 molto da dire qui.<\/p>\n<p><strong>Jozsef &#8220;Piattaforma tecnologica innovativa per trasformare i moduli cartacei in flussi di lavoro digitali su qualsiasi dispositivo&#8221;<\/strong><br \/>\nEasySend \u00e8 stata molto attenta alle nostre esigenze (ad esempio, richieste di nuove funzionalit\u00e0, approcci alle soluzioni, ecc.) e il loro supporto clienti \u00e8 eccellente.<br \/>\n<strong>Pro<\/strong>: piattaforma tecnologica innovativa e facile da usare per creare flussi di lavoro digitali basati sul web e indipendenti dal dispositivo, a partire da moduli cartacei (ad esempio PDF), incluse le firme elettroniche. Non richiede competenze tecniche specifiche, poich\u00e9 la maggior parte del lavoro di progettazione\/sviluppo \u00e8 di tipo &#8220;drag-and-drop and configure&#8221; e richiede un basso livello di codice. L&#8217;iniziativa di proof-of-concept iniziale per 4 moduli diversi \u00e8 stata completata in quattro giorni e ha prodotto soluzioni funzionanti che siamo stati in grado di trasformare in un&#8217;implementazione di produzione senza sforzo. Quando il flusso di lavoro digitale implementato viene inviato dal cliente, la piattaforma crea un file PDF compilato con i dati del flusso di lavoro e un file aggiuntivo con i dati del flusso di lavoro. Quest&#8217;ultimo consente una perfetta integrazione con i nostri sistemi di back-office per automatizzare i processi aziendali end-to-end. Il feedback sulla nostra implementazione iniziale \u00e8 stato estremamente positivo sia dai nostri clienti che dai membri del team interno del servizio clienti.<br \/>\n<strong>Contro<\/strong>: non c&#8217;\u00e8 molto da dire. L&#8217;azienda \u00e8 relativamente giovane, quindi ha ancora molta strada da fare e numerose opportunit\u00e0 per migliorare le capacit\u00e0 della piattaforma, su cui si impegnano senza dubbio.<\/p>\n","protected":false},"excerpt":{"rendered":"<p>EasySend ti aiuta a trasformare i moduli in esperienze digitali semplici e senza codice. Passando al digitale, semplificherai l&#8217;acquisizione dei dati dei clienti e automatizzerai il flusso di lavoro aziendale. Inizia da zero o digitalizza qualsiasi PDF. Utilizza strumenti intelligenti come convalide e condizioni per garantire che ogni modulo venga compilato correttamente.<\/p>\n","protected":false},"author":19,"featured_media":103896,"parent":99993,"menu_order":0,"comment_status":"open","ping_status":"closed","template":"g1_template_page_review_new.php","meta":{"_acf_changed":false,"cwp_meta_box_check":"Yes","cwp_rev_product_name":"","cwp_rev_product_image":"","wppr_links":[],"cwp_rev_price":"0.00","wppr_options":[{"name":"Usability","value":"0"},{"name":"Speed","value":"0"},{"name":"Features","value":"0"},{"name":"Support","value":"0"},{"name":"Pricing","value":"0"}],"wppr_pros":["","","","",""],"wppr_cons":["","","","",""],"_monsterinsights_skip_tracking":false,"_monsterinsights_sitenote_active":false,"_monsterinsights_sitenote_note":"","_monsterinsights_sitenote_category":0,"footnotes":""},"categories":[16551],"tags":[16576,16554,16571,16573,16556,16572],"features":[],"class_list":{"0":"post-103895","1":"page","2":"type-page","3":"status-publish","4":"has-post-thumbnail","6":"category-piattaforme-no-code-cat","7":"tag-easysend","8":"tag-no-code","9":"tag-piattaforma-no-code","10":"tag-programma-no-code","11":"tag-software-no-code","12":"tag-soluzione-no-code"},"wppr_data":{"cwp_meta_box_check":"Yes","_wppr_review_template":"default","cwp_rev_product_image":"","cwp_image_link":"image","wppr_links":[],"cwp_rev_price":"0.00","wppr_pros":["","","","",""],"wppr_cons":["","","","",""],"wppr_rating":"0.00","wppr_options":{"1":{"name":"Usability","value":"0"},"2":{"name":"Speed","value":"0"},"3":{"name":"Features","value":"0"},"4":{"name":"Support","value":"0"},"5":{"name":"Pricing","value":"0"}},"wppr_review_type":"Product","wppr_review_custom_fields":{"additionalProperty":"","additionalType":"","aggregateRating":"","alternateName":"","audience":"","award":"","awards":"","brand":"","color":"","depth":"","description":"","disambiguatingDescription":"","gtin12":"","gtin13":"","gtin14":"","gtin8":"","height":"","identifier":"","image":"","isAccessoryOrSparePartFor":"","isConsumableFor":"","isRelatedTo":"","isSimilarTo":"","itemCondition":"","logo":"","mainEntityOfPage":"","manufacturer":"","material":"","model":"","mpn":"","name":"","offers":"","potentialAction":"","productID":"","productionDate":"","purchaseDate":"","releaseDate":"","review":"","reviews":"","sameAs":"","sku":"","slogan":"","subjectOf":"","url":"","weight":"","width":""}},"acf":[],"yoast_head":"<!-- This site is optimized with the Yoast SEO plugin v27.4 - https:\/\/yoast.com\/product\/yoast-seo-wordpress\/ -->\n<title>EasySend: recensione piattaforma no code - Accurate Reviews<\/title>\n<meta name=\"description\" content=\"EasySend: recensione soluzione che aiuta a trasformare i moduli in esperienze digitali semplici e senza codice.\" \/>\n<meta name=\"robots\" content=\"index, follow, max-snippet:-1, max-image-preview:large, max-video-preview:-1\" \/>\n<link rel=\"canonical\" href=\"https:\/\/www.accuratereviews.com\/it\/piattaforme-no-code\/easysend-recensione\/\" \/>\n<meta property=\"og:locale\" content=\"it_IT\" \/>\n<meta property=\"og:type\" content=\"article\" \/>\n<meta property=\"og:title\" content=\"EasySend: recensione piattaforma no code - Accurate Reviews\" \/>\n<meta property=\"og:description\" content=\"EasySend: recensione soluzione che aiuta a trasformare i moduli in esperienze digitali semplici e senza codice.\" \/>\n<meta property=\"og:url\" content=\"https:\/\/www.accuratereviews.com\/it\/piattaforme-no-code\/easysend-recensione\/\" \/>\n<meta property=\"og:site_name\" content=\"Accurate Reviews\" \/>\n<meta property=\"article:modified_time\" content=\"2025-09-26T08:51:24+00:00\" \/>\n<meta property=\"og:image\" content=\"https:\/\/www.accuratereviews.com\/wp-content\/uploads\/2025\/09\/EasySend.webp\" \/>\n\t<meta property=\"og:image:width\" content=\"500\" \/>\n\t<meta property=\"og:image:height\" content=\"500\" \/>\n\t<meta property=\"og:image:type\" content=\"image\/webp\" \/>\n<meta name=\"twitter:card\" content=\"summary_large_image\" \/>\n<meta name=\"twitter:label1\" content=\"Tempo di lettura stimato\" \/>\n\t<meta name=\"twitter:data1\" content=\"5 minuti\" \/>\n<script type=\"application\/ld+json\" class=\"yoast-schema-graph\">{\"@context\":\"https:\\\/\\\/schema.org\",\"@graph\":[{\"@type\":\"WebPage\",\"@id\":\"https:\\\/\\\/www.accuratereviews.com\\\/it\\\/piattaforme-no-code\\\/easysend-recensione\\\/\",\"url\":\"https:\\\/\\\/www.accuratereviews.com\\\/it\\\/piattaforme-no-code\\\/easysend-recensione\\\/\",\"name\":\"EasySend: recensione piattaforma no code - Accurate Reviews\",\"isPartOf\":{\"@id\":\"https:\\\/\\\/www.accuratereviews.com\\\/it\\\/#website\"},\"primaryImageOfPage\":{\"@id\":\"https:\\\/\\\/www.accuratereviews.com\\\/it\\\/piattaforme-no-code\\\/easysend-recensione\\\/#primaryimage\"},\"image\":{\"@id\":\"https:\\\/\\\/www.accuratereviews.com\\\/it\\\/piattaforme-no-code\\\/easysend-recensione\\\/#primaryimage\"},\"thumbnailUrl\":\"https:\\\/\\\/www.accuratereviews.com\\\/wp-content\\\/uploads\\\/2025\\\/09\\\/EasySend.webp\",\"datePublished\":\"2025-09-25T14:13:12+00:00\",\"dateModified\":\"2025-09-26T08:51:24+00:00\",\"description\":\"EasySend: recensione soluzione che aiuta a trasformare i moduli in esperienze digitali semplici e senza codice.\",\"breadcrumb\":{\"@id\":\"https:\\\/\\\/www.accuratereviews.com\\\/it\\\/piattaforme-no-code\\\/easysend-recensione\\\/#breadcrumb\"},\"inLanguage\":\"it-IT\",\"potentialAction\":[{\"@type\":\"ReadAction\",\"target\":[\"https:\\\/\\\/www.accuratereviews.com\\\/it\\\/piattaforme-no-code\\\/easysend-recensione\\\/\"]}]},{\"@type\":\"ImageObject\",\"inLanguage\":\"it-IT\",\"@id\":\"https:\\\/\\\/www.accuratereviews.com\\\/it\\\/piattaforme-no-code\\\/easysend-recensione\\\/#primaryimage\",\"url\":\"https:\\\/\\\/www.accuratereviews.com\\\/wp-content\\\/uploads\\\/2025\\\/09\\\/EasySend.webp\",\"contentUrl\":\"https:\\\/\\\/www.accuratereviews.com\\\/wp-content\\\/uploads\\\/2025\\\/09\\\/EasySend.webp\",\"width\":500,\"height\":500},{\"@type\":\"BreadcrumbList\",\"@id\":\"https:\\\/\\\/www.accuratereviews.com\\\/it\\\/piattaforme-no-code\\\/easysend-recensione\\\/#breadcrumb\",\"itemListElement\":[{\"@type\":\"ListItem\",\"position\":1,\"name\":\"Home\",\"item\":\"https:\\\/\\\/www.accuratereviews.com\\\/it\\\/\"},{\"@type\":\"ListItem\",\"position\":2,\"name\":\"Piattaforme no-code\",\"item\":\"https:\\\/\\\/www.accuratereviews.com\\\/it\\\/piattaforme-no-code\\\/\"},{\"@type\":\"ListItem\",\"position\":3,\"name\":\"EasySend\"}]},{\"@type\":\"WebSite\",\"@id\":\"https:\\\/\\\/www.accuratereviews.com\\\/it\\\/#website\",\"url\":\"https:\\\/\\\/www.accuratereviews.com\\\/it\\\/\",\"name\":\"Accurate Reviews\",\"description\":\"\",\"potentialAction\":[{\"@type\":\"SearchAction\",\"target\":{\"@type\":\"EntryPoint\",\"urlTemplate\":\"https:\\\/\\\/www.accuratereviews.com\\\/it\\\/?s={search_term_string}\"},\"query-input\":{\"@type\":\"PropertyValueSpecification\",\"valueRequired\":true,\"valueName\":\"search_term_string\"}}],\"inLanguage\":\"it-IT\"}]}<\/script>\n<!-- \/ Yoast SEO plugin. -->","yoast_head_json":{"title":"EasySend: recensione piattaforma no code - Accurate Reviews","description":"EasySend: recensione soluzione che aiuta a trasformare i moduli in esperienze digitali semplici e senza codice.","robots":{"index":"index","follow":"follow","max-snippet":"max-snippet:-1","max-image-preview":"max-image-preview:large","max-video-preview":"max-video-preview:-1"},"canonical":"https:\/\/www.accuratereviews.com\/it\/piattaforme-no-code\/easysend-recensione\/","og_locale":"it_IT","og_type":"article","og_title":"EasySend: recensione piattaforma no code - Accurate Reviews","og_description":"EasySend: recensione soluzione che aiuta a trasformare i moduli in esperienze digitali semplici e senza codice.","og_url":"https:\/\/www.accuratereviews.com\/it\/piattaforme-no-code\/easysend-recensione\/","og_site_name":"Accurate Reviews","article_modified_time":"2025-09-26T08:51:24+00:00","og_image":[{"width":500,"height":500,"url":"https:\/\/www.accuratereviews.com\/wp-content\/uploads\/2025\/09\/EasySend.webp","type":"image\/webp"}],"twitter_card":"summary_large_image","twitter_misc":{"Tempo di lettura stimato":"5 minuti"},"schema":{"@context":"https:\/\/schema.org","@graph":[{"@type":"WebPage","@id":"https:\/\/www.accuratereviews.com\/it\/piattaforme-no-code\/easysend-recensione\/","url":"https:\/\/www.accuratereviews.com\/it\/piattaforme-no-code\/easysend-recensione\/","name":"EasySend: recensione piattaforma no code - Accurate Reviews","isPartOf":{"@id":"https:\/\/www.accuratereviews.com\/it\/#website"},"primaryImageOfPage":{"@id":"https:\/\/www.accuratereviews.com\/it\/piattaforme-no-code\/easysend-recensione\/#primaryimage"},"image":{"@id":"https:\/\/www.accuratereviews.com\/it\/piattaforme-no-code\/easysend-recensione\/#primaryimage"},"thumbnailUrl":"https:\/\/www.accuratereviews.com\/wp-content\/uploads\/2025\/09\/EasySend.webp","datePublished":"2025-09-25T14:13:12+00:00","dateModified":"2025-09-26T08:51:24+00:00","description":"EasySend: recensione soluzione che aiuta a trasformare i moduli in esperienze digitali semplici e senza codice.","breadcrumb":{"@id":"https:\/\/www.accuratereviews.com\/it\/piattaforme-no-code\/easysend-recensione\/#breadcrumb"},"inLanguage":"it-IT","potentialAction":[{"@type":"ReadAction","target":["https:\/\/www.accuratereviews.com\/it\/piattaforme-no-code\/easysend-recensione\/"]}]},{"@type":"ImageObject","inLanguage":"it-IT","@id":"https:\/\/www.accuratereviews.com\/it\/piattaforme-no-code\/easysend-recensione\/#primaryimage","url":"https:\/\/www.accuratereviews.com\/wp-content\/uploads\/2025\/09\/EasySend.webp","contentUrl":"https:\/\/www.accuratereviews.com\/wp-content\/uploads\/2025\/09\/EasySend.webp","width":500,"height":500},{"@type":"BreadcrumbList","@id":"https:\/\/www.accuratereviews.com\/it\/piattaforme-no-code\/easysend-recensione\/#breadcrumb","itemListElement":[{"@type":"ListItem","position":1,"name":"Home","item":"https:\/\/www.accuratereviews.com\/it\/"},{"@type":"ListItem","position":2,"name":"Piattaforme no-code","item":"https:\/\/www.accuratereviews.com\/it\/piattaforme-no-code\/"},{"@type":"ListItem","position":3,"name":"EasySend"}]},{"@type":"WebSite","@id":"https:\/\/www.accuratereviews.com\/it\/#website","url":"https:\/\/www.accuratereviews.com\/it\/","name":"Accurate Reviews","description":"","potentialAction":[{"@type":"SearchAction","target":{"@type":"EntryPoint","urlTemplate":"https:\/\/www.accuratereviews.com\/it\/?s={search_term_string}"},"query-input":{"@type":"PropertyValueSpecification","valueRequired":true,"valueName":"search_term_string"}}],"inLanguage":"it-IT"}]}},"_links":{"self":[{"href":"https:\/\/www.accuratereviews.com\/it\/wp-json\/wp\/v2\/pages\/103895","targetHints":{"allow":["GET"]}}],"collection":[{"href":"https:\/\/www.accuratereviews.com\/it\/wp-json\/wp\/v2\/pages"}],"about":[{"href":"https:\/\/www.accuratereviews.com\/it\/wp-json\/wp\/v2\/types\/page"}],"author":[{"embeddable":true,"href":"https:\/\/www.accuratereviews.com\/it\/wp-json\/wp\/v2\/users\/19"}],"replies":[{"embeddable":true,"href":"https:\/\/www.accuratereviews.com\/it\/wp-json\/wp\/v2\/comments?post=103895"}],"version-history":[{"count":13,"href":"https:\/\/www.accuratereviews.com\/it\/wp-json\/wp\/v2\/pages\/103895\/revisions"}],"predecessor-version":[{"id":103931,"href":"https:\/\/www.accuratereviews.com\/it\/wp-json\/wp\/v2\/pages\/103895\/revisions\/103931"}],"up":[{"embeddable":true,"href":"https:\/\/www.accuratereviews.com\/it\/wp-json\/wp\/v2\/pages\/99993"}],"wp:featuredmedia":[{"embeddable":true,"href":"https:\/\/www.accuratereviews.com\/it\/wp-json\/wp\/v2\/media\/103896"}],"wp:attachment":[{"href":"https:\/\/www.accuratereviews.com\/it\/wp-json\/wp\/v2\/media?parent=103895"}],"wp:term":[{"taxonomy":"category","embeddable":true,"href":"https:\/\/www.accuratereviews.com\/it\/wp-json\/wp\/v2\/categories?post=103895"},{"taxonomy":"post_tag","embeddable":true,"href":"https:\/\/www.accuratereviews.com\/it\/wp-json\/wp\/v2\/tags?post=103895"},{"taxonomy":"features","embeddable":true,"href":"https:\/\/www.accuratereviews.com\/it\/wp-json\/wp\/v2\/features?post=103895"}],"curies":[{"name":"wp","href":"https:\/\/api.w.org\/{rel}","templated":true}]}}