{"id":103914,"date":"2025-09-26T15:10:04","date_gmt":"2025-09-26T15:10:04","guid":{"rendered":"https:\/\/www.accuratereviews.com\/?page_id=103914"},"modified":"2025-09-26T15:10:04","modified_gmt":"2025-09-26T15:10:04","slug":"betty-blocks-recensione","status":"publish","type":"page","link":"https:\/\/www.accuratereviews.com\/it\/piattaforme-no-code\/betty-blocks-recensione\/","title":{"rendered":"Betty Blocks"},"content":{"rendered":"<p><strong>Betty Blocks<\/strong> \u00e8 una soluzione di sviluppo di applicazioni, basata su <strong>cloud<\/strong>, caratterizzata da un<strong>&#8216;interfaccia drag-and-drop<\/strong> senza codice per lo sviluppo di applicazioni aziendali. Il designer dell&#8217;interfaccia utente consente agli utenti di configurare testo, intestazioni, moduli e tabelle di un&#8217;applicazione. Offre la modifica visiva, che consente agli utenti di creare flussi di lavoro per le applicazioni tramite un&#8217;interfaccia visiva. Gli sviluppatori possono inoltre condividere i processi delle applicazioni con altri utenti di <strong>Betty Blocks<\/strong>, consentendo ad altri di implementare gli stessi processi nelle proprie applicazioni.<br \/>\nLe app sviluppate con<strong> Betty Blocks<\/strong> possono essere utilizzate su dispositivi mobili, tablet o desktop e tutte le applicazioni dispongono di un&#8217;interfaccia di back office standardizzata. Si integra con qualsiasi fonte dati comunemente utilizzata con SAP, Hubspot, Salesforce, Microsoft e Google Suite.<\/p>\n<h2>BETTY BLOCKS &#8211; TUTORIAL<\/h2>\n<div id=\"fluid-wrapper-counter-1\" class=\"g1-fluid-wrapper \" style=\"width:686px;\"><div style=\"padding-bottom:56.268221574344%;\"><iframe loading=\"lazy\" title=\"Create the project model - Essential path\" width=\"686\" height=\"386\" src=\"https:\/\/www.youtube.com\/embed\/zljF6JVfhEY?feature=oembed&amp;wmode=transparent&amp;autohide=1&amp;autoplay=0&amp;disablekb=0&amp;fs=1&amp;loop=0&amp;enablejsapi=1&amp;rel=0&amp;controls=2&amp;showinfo=0&amp;wmode=transparent&amp;autohide=2&amp;autoplay=0&amp;disablekb=0&amp;fs=1&amp;loop=0&amp;enablejsapi=1&amp;rel=0&amp;controls=2&amp;showinfo=1\" frameborder=\"0\" allow=\"accelerometer; autoplay; clipboard-write; encrypted-media; gyroscope; picture-in-picture; web-share\" referrerpolicy=\"strict-origin-when-cross-origin\" allowfullscreen><\/iframe><\/div><\/div>\n<h3>BETTY BLOCKS &#8211; CARATTERISTICHE<\/h3>\n<ul>\n<li><strong>Sviluppo di app personalizzate<\/strong>: utilizza la tecnologia no-code per creare un&#8217;app completamente funzionale dall&#8217;inizio alla fine utilizzando blocchi di componenti. Aggiungi complessit\u00e0 e personalizzazione quando necessario utilizzando lo sviluppo low-code.<\/li>\n<li><strong>Intelligenza Artificiale Generativa per la progettazione di interfacce utente<\/strong>: passa dal testo al design di app professionali con un unico prompt. Genera componenti di pagina personalizzabili direttamente dal canvas dello sviluppatore. Design modificabili senza dover ricominciare da capo.<\/li>\n<li><strong>Ottimizzazione del flusso di lavoro:<\/strong> generatore di intelligenza artificiale integrato per BPM. Stabilisci la logica di business descrivendo il tuo flusso di lavoro all&#8217;intelligenza artificiale e genera istantaneamente modelli e notazioni di processi aziendali completamente iterativi.<\/li>\n<li><strong>Gestione dei dati<\/strong>: velocizza significativamente le attivit\u00e0 relative ai dati con flussi di lavoro predefiniti e personalizzabili. Migliora il reporting e l&#8217;analisi aziendale.<\/li>\n<li><strong>Portali aziendali:<\/strong> scegli tra i modelli predefiniti per creare software e strumenti per portali personalizzati che gli utenti finali apprezzeranno.<\/li>\n<li><strong>Scalabilit\u00e0:<\/strong> crea app e strumenti per crescere con l&#8217;azienda, indipendentemente dalla complessit\u00e0.<\/li>\n<li><strong>Automazione<\/strong>: automazione low-code per rendere i processi adattabili e facilmente scalabili.<\/li>\n<li><strong>Sicurezza<\/strong>: la certificazione ISO garantisce la sicurezza di utenti e clienti.<\/li>\n<li><strong>Modifica visiva<\/strong>: crea modelli di dati visivi per aumentare la collaborazione tra reparti.<\/li>\n<li><strong>Riutilizzabilit\u00e0<\/strong>: integrazione delle API con le basi di codice esistenti per implementare nuovi progetti pi\u00f9 rapidamente.<\/li>\n<li><strong>Reporting<\/strong>: raccogli informazioni aziendali critiche per ottimizzare i flussi di fatturato tramite low-code.<\/li>\n<li><strong>Controllo amministrativo<\/strong>: imposta ruoli di autorizzazione e monitora gli aggiornamenti delle versioni all&#8217;interno della nostra piattaforma gestita.<\/li>\n<li><strong>Generatore di app AI<\/strong>: time-to-market rapido grazie alle funzionalit\u00e0 e alle caratteristiche di intelligenza artificiale integrate.<\/li>\n<li><strong>Sviluppo partecipativo<\/strong>: sviluppatori partecipativi per contribuire all&#8217;adozione di successo di nuove soluzioni.<\/li>\n<\/ul>\n<h4>LE RECENSIONI DEGLI UTENTI<\/h4>\n<p><strong>ayesha &#8220;Piattaforma applicativa ad alta produttivit\u00e0 come servizio&#8221;<\/strong><br \/>\n<strong>Pro<\/strong>: Betty Blocks \u00e8 facile da usare ed efficace, anche se \u00e8 un piccolo attore nel mercato APAAS, ma \u00e8 all&#8217;altezza della concorrenza.<br \/>\n<strong>Contro<\/strong>: ha bisogno di molti miglioramenti, alcuni bug possono diventare davvero fastidiosi ma l&#8217;assistenza clienti \u00e8 veloce e superiore<\/p>\n<p><strong>Peter &#8220;9 su 10, piattaforma eccezionale, completamente basata sul web: miglior rapporto qualit\u00e0\/prezzo nel mercato aPaaS&#8221;<\/strong><br \/>\nDurante il mio lavoro come CIO abbiamo valutato alcune piattaforme aPaaS, tra cui Betty Blocks. Betty Blocks \u00e8 un player relativamente piccolo nel mercato aPaaS, ma supera di gran lunga giganti come Mendix e Outsystems. L&#8217;esperienza utente complessiva \u00e8 di gran lunga migliore di quella di Mendix, ad esempio, che sembra ancora un vecchio IDE Java degli anni &#8217;90. Quando si sviluppa con Betty Blocks, non \u00e8 necessario distribuire le app. Questo significa che \u00e8 possibile sviluppare qualcosa e testarlo immediatamente. Anche i prezzi sono superiori. Mendix e Outsystems partono da un prezzo dieci volte inferiore e non valgono la pena. Abbiamo fatto un&#8217;ottima scelta puntando tutto sulla piattaforma Betty Blocks, e abbiamo anche interrotto tutte le Prototipazioni di Collaudo e lo sviluppo su Mendix. Betty \u00e8 il nostro modo di sviluppare ora!<br \/>\n<strong>Pro<\/strong>: &#8211; Completamente basato sul web &#8211; Nessuna implementazione necessaria, iterazioni rapide &#8211; Relativamente economico &#8211; Curva di apprendimento semplice, solo un giorno di formazione necessaria<br \/>\n<strong>Contro<\/strong>: &#8211; Il mio team ha riscontrato un paio di problemi, che sono stati comunque risolti nel giro di giorni\/settimane. &#8211; Non ha finanziamenti esterni, potrebbe essere un rischio. Abbiamo comunque scelto BB perch\u00e9 ora ha oltre 200 clienti, sembra una scelta sicura e che siano qui per il lungo periodo.<\/p>\n<p><strong>Warren &#8220;Il futuro dell&#8217;innovazione e della codifica senza codice&#8221;<\/strong><br \/>\n<strong>Pro<\/strong>: davvero facile e veloce da imparare anche per chi non \u00e8 uno sviluppatore. Oserei dire divertente da usare. Ottimo per innovare rapidamente, sperimentare nuove idee e validare.<br \/>\n<strong>Contro<\/strong>: al momento non mi viene in mente nulla. Ovviamente, con la maturazione, si pu\u00f2 sperare che le cose migliorino ulteriormente, come la documentazione, la conoscenza generale del mercato e l&#8217;adozione standard elevata.<\/p>\n","protected":false},"excerpt":{"rendered":"<p>Betty Blocks \u00e8 una soluzione di sviluppo di applicazioni, basata su cloud, caratterizzata da un&#8217;interfaccia drag-and-drop senza codice per lo sviluppo di applicazioni aziendali. Il designer dell&#8217;interfaccia utente consente agli utenti di configurare testo, intestazioni, moduli e tabelle di un&#8217;applicazione.<\/p>\n","protected":false},"author":19,"featured_media":103923,"parent":99993,"menu_order":0,"comment_status":"open","ping_status":"closed","template":"g1_template_page_review_new.php","meta":{"_acf_changed":false,"cwp_meta_box_check":"Yes","cwp_rev_product_name":"","cwp_rev_product_image":"","wppr_links":[],"cwp_rev_price":"0.00","wppr_options":[{"name":"Usability","value":"0"},{"name":"Speed","value":"0"},{"name":"Features","value":"0"},{"name":"Support","value":"0"},{"name":"Pricing","value":"0"}],"wppr_pros":["","","","",""],"wppr_cons":["","","","",""],"_monsterinsights_skip_tracking":false,"_monsterinsights_sitenote_active":false,"_monsterinsights_sitenote_note":"","_monsterinsights_sitenote_category":0,"footnotes":""},"categories":[16551],"tags":[16577,16554,16571,16573,16556,16572],"features":[],"class_list":{"0":"post-103914","1":"page","2":"type-page","3":"status-publish","4":"has-post-thumbnail","6":"category-piattaforme-no-code-cat","7":"tag-betty-blocks","8":"tag-no-code","9":"tag-piattaforma-no-code","10":"tag-programma-no-code","11":"tag-software-no-code","12":"tag-soluzione-no-code"},"wppr_data":{"cwp_meta_box_check":"Yes","_wppr_review_template":"default","cwp_rev_product_image":"","cwp_image_link":"image","wppr_links":[],"cwp_rev_price":"0.00","wppr_pros":["","","","",""],"wppr_cons":["","","","",""],"wppr_rating":"0.00","wppr_options":{"1":{"name":"Usability","value":"0"},"2":{"name":"Speed","value":"0"},"3":{"name":"Features","value":"0"},"4":{"name":"Support","value":"0"},"5":{"name":"Pricing","value":"0"}},"wppr_review_type":"Product","wppr_review_custom_fields":{"additionalProperty":"","additionalType":"","aggregateRating":"","alternateName":"","audience":"","award":"","awards":"","brand":"","color":"","depth":"","description":"","disambiguatingDescription":"","gtin12":"","gtin13":"","gtin14":"","gtin8":"","height":"","identifier":"","image":"","isAccessoryOrSparePartFor":"","isConsumableFor":"","isRelatedTo":"","isSimilarTo":"","itemCondition":"","logo":"","mainEntityOfPage":"","manufacturer":"","material":"","model":"","mpn":"","name":"","offers":"","potentialAction":"","productID":"","productionDate":"","purchaseDate":"","releaseDate":"","review":"","reviews":"","sameAs":"","sku":"","slogan":"","subjectOf":"","url":"","weight":"","width":""}},"acf":[],"yoast_head":"<!-- This site is optimized with the Yoast SEO plugin v27.4 - https:\/\/yoast.com\/product\/yoast-seo-wordpress\/ -->\n<title>Betty Blocks: recensione piattaforma no code - Accurate Reviews<\/title>\n<meta name=\"description\" content=\"Betty Blocks: recensione soluzione di sviluppo di applicazioni, basata su cloud, caratterizzata da un&#039;interfaccia drag-and-drop senza codice.\" \/>\n<meta name=\"robots\" content=\"index, follow, max-snippet:-1, max-image-preview:large, max-video-preview:-1\" \/>\n<link rel=\"canonical\" href=\"https:\/\/www.accuratereviews.com\/it\/piattaforme-no-code\/betty-blocks-recensione\/\" \/>\n<meta property=\"og:locale\" content=\"it_IT\" \/>\n<meta property=\"og:type\" content=\"article\" \/>\n<meta property=\"og:title\" content=\"Betty Blocks: recensione piattaforma no code - Accurate Reviews\" \/>\n<meta property=\"og:description\" content=\"Betty Blocks: recensione soluzione di sviluppo di applicazioni, basata su cloud, caratterizzata da un&#039;interfaccia drag-and-drop senza codice.\" \/>\n<meta property=\"og:url\" content=\"https:\/\/www.accuratereviews.com\/it\/piattaforme-no-code\/betty-blocks-recensione\/\" \/>\n<meta property=\"og:site_name\" content=\"Accurate Reviews\" \/>\n<meta property=\"og:image\" content=\"https:\/\/www.accuratereviews.com\/wp-content\/uploads\/2025\/09\/Betty-Blocks.webp\" \/>\n\t<meta property=\"og:image:width\" content=\"1200\" \/>\n\t<meta property=\"og:image:height\" content=\"628\" \/>\n\t<meta property=\"og:image:type\" content=\"image\/webp\" \/>\n<meta name=\"twitter:card\" content=\"summary_large_image\" \/>\n<meta name=\"twitter:label1\" content=\"Tempo di lettura stimato\" \/>\n\t<meta name=\"twitter:data1\" content=\"5 minuti\" \/>\n<script type=\"application\/ld+json\" class=\"yoast-schema-graph\">{\"@context\":\"https:\\\/\\\/schema.org\",\"@graph\":[{\"@type\":\"WebPage\",\"@id\":\"https:\\\/\\\/www.accuratereviews.com\\\/it\\\/piattaforme-no-code\\\/betty-blocks-recensione\\\/\",\"url\":\"https:\\\/\\\/www.accuratereviews.com\\\/it\\\/piattaforme-no-code\\\/betty-blocks-recensione\\\/\",\"name\":\"Betty Blocks: recensione piattaforma no code - Accurate Reviews\",\"isPartOf\":{\"@id\":\"https:\\\/\\\/www.accuratereviews.com\\\/it\\\/#website\"},\"primaryImageOfPage\":{\"@id\":\"https:\\\/\\\/www.accuratereviews.com\\\/it\\\/piattaforme-no-code\\\/betty-blocks-recensione\\\/#primaryimage\"},\"image\":{\"@id\":\"https:\\\/\\\/www.accuratereviews.com\\\/it\\\/piattaforme-no-code\\\/betty-blocks-recensione\\\/#primaryimage\"},\"thumbnailUrl\":\"https:\\\/\\\/www.accuratereviews.com\\\/wp-content\\\/uploads\\\/2025\\\/09\\\/Betty-Blocks.webp\",\"datePublished\":\"2025-09-26T15:10:04+00:00\",\"description\":\"Betty Blocks: recensione soluzione di sviluppo di applicazioni, basata su cloud, caratterizzata da un'interfaccia drag-and-drop senza codice.\",\"breadcrumb\":{\"@id\":\"https:\\\/\\\/www.accuratereviews.com\\\/it\\\/piattaforme-no-code\\\/betty-blocks-recensione\\\/#breadcrumb\"},\"inLanguage\":\"it-IT\",\"potentialAction\":[{\"@type\":\"ReadAction\",\"target\":[\"https:\\\/\\\/www.accuratereviews.com\\\/it\\\/piattaforme-no-code\\\/betty-blocks-recensione\\\/\"]}]},{\"@type\":\"ImageObject\",\"inLanguage\":\"it-IT\",\"@id\":\"https:\\\/\\\/www.accuratereviews.com\\\/it\\\/piattaforme-no-code\\\/betty-blocks-recensione\\\/#primaryimage\",\"url\":\"https:\\\/\\\/www.accuratereviews.com\\\/wp-content\\\/uploads\\\/2025\\\/09\\\/Betty-Blocks.webp\",\"contentUrl\":\"https:\\\/\\\/www.accuratereviews.com\\\/wp-content\\\/uploads\\\/2025\\\/09\\\/Betty-Blocks.webp\",\"width\":1200,\"height\":628},{\"@type\":\"BreadcrumbList\",\"@id\":\"https:\\\/\\\/www.accuratereviews.com\\\/it\\\/piattaforme-no-code\\\/betty-blocks-recensione\\\/#breadcrumb\",\"itemListElement\":[{\"@type\":\"ListItem\",\"position\":1,\"name\":\"Home\",\"item\":\"https:\\\/\\\/www.accuratereviews.com\\\/it\\\/\"},{\"@type\":\"ListItem\",\"position\":2,\"name\":\"Piattaforme no-code\",\"item\":\"https:\\\/\\\/www.accuratereviews.com\\\/it\\\/piattaforme-no-code\\\/\"},{\"@type\":\"ListItem\",\"position\":3,\"name\":\"Betty Blocks\"}]},{\"@type\":\"WebSite\",\"@id\":\"https:\\\/\\\/www.accuratereviews.com\\\/it\\\/#website\",\"url\":\"https:\\\/\\\/www.accuratereviews.com\\\/it\\\/\",\"name\":\"Accurate Reviews\",\"description\":\"\",\"potentialAction\":[{\"@type\":\"SearchAction\",\"target\":{\"@type\":\"EntryPoint\",\"urlTemplate\":\"https:\\\/\\\/www.accuratereviews.com\\\/it\\\/?s={search_term_string}\"},\"query-input\":{\"@type\":\"PropertyValueSpecification\",\"valueRequired\":true,\"valueName\":\"search_term_string\"}}],\"inLanguage\":\"it-IT\"}]}<\/script>\n<!-- \/ Yoast SEO plugin. -->","yoast_head_json":{"title":"Betty Blocks: recensione piattaforma no code - Accurate Reviews","description":"Betty Blocks: recensione soluzione di sviluppo di applicazioni, basata su cloud, caratterizzata da un'interfaccia drag-and-drop senza codice.","robots":{"index":"index","follow":"follow","max-snippet":"max-snippet:-1","max-image-preview":"max-image-preview:large","max-video-preview":"max-video-preview:-1"},"canonical":"https:\/\/www.accuratereviews.com\/it\/piattaforme-no-code\/betty-blocks-recensione\/","og_locale":"it_IT","og_type":"article","og_title":"Betty Blocks: recensione piattaforma no code - Accurate Reviews","og_description":"Betty Blocks: recensione soluzione di sviluppo di applicazioni, basata su cloud, caratterizzata da un'interfaccia drag-and-drop senza codice.","og_url":"https:\/\/www.accuratereviews.com\/it\/piattaforme-no-code\/betty-blocks-recensione\/","og_site_name":"Accurate Reviews","og_image":[{"width":1200,"height":628,"url":"https:\/\/www.accuratereviews.com\/wp-content\/uploads\/2025\/09\/Betty-Blocks.webp","type":"image\/webp"}],"twitter_card":"summary_large_image","twitter_misc":{"Tempo di lettura stimato":"5 minuti"},"schema":{"@context":"https:\/\/schema.org","@graph":[{"@type":"WebPage","@id":"https:\/\/www.accuratereviews.com\/it\/piattaforme-no-code\/betty-blocks-recensione\/","url":"https:\/\/www.accuratereviews.com\/it\/piattaforme-no-code\/betty-blocks-recensione\/","name":"Betty Blocks: recensione piattaforma no code - Accurate Reviews","isPartOf":{"@id":"https:\/\/www.accuratereviews.com\/it\/#website"},"primaryImageOfPage":{"@id":"https:\/\/www.accuratereviews.com\/it\/piattaforme-no-code\/betty-blocks-recensione\/#primaryimage"},"image":{"@id":"https:\/\/www.accuratereviews.com\/it\/piattaforme-no-code\/betty-blocks-recensione\/#primaryimage"},"thumbnailUrl":"https:\/\/www.accuratereviews.com\/wp-content\/uploads\/2025\/09\/Betty-Blocks.webp","datePublished":"2025-09-26T15:10:04+00:00","description":"Betty Blocks: recensione soluzione di sviluppo di applicazioni, basata su cloud, caratterizzata da un'interfaccia drag-and-drop senza codice.","breadcrumb":{"@id":"https:\/\/www.accuratereviews.com\/it\/piattaforme-no-code\/betty-blocks-recensione\/#breadcrumb"},"inLanguage":"it-IT","potentialAction":[{"@type":"ReadAction","target":["https:\/\/www.accuratereviews.com\/it\/piattaforme-no-code\/betty-blocks-recensione\/"]}]},{"@type":"ImageObject","inLanguage":"it-IT","@id":"https:\/\/www.accuratereviews.com\/it\/piattaforme-no-code\/betty-blocks-recensione\/#primaryimage","url":"https:\/\/www.accuratereviews.com\/wp-content\/uploads\/2025\/09\/Betty-Blocks.webp","contentUrl":"https:\/\/www.accuratereviews.com\/wp-content\/uploads\/2025\/09\/Betty-Blocks.webp","width":1200,"height":628},{"@type":"BreadcrumbList","@id":"https:\/\/www.accuratereviews.com\/it\/piattaforme-no-code\/betty-blocks-recensione\/#breadcrumb","itemListElement":[{"@type":"ListItem","position":1,"name":"Home","item":"https:\/\/www.accuratereviews.com\/it\/"},{"@type":"ListItem","position":2,"name":"Piattaforme no-code","item":"https:\/\/www.accuratereviews.com\/it\/piattaforme-no-code\/"},{"@type":"ListItem","position":3,"name":"Betty Blocks"}]},{"@type":"WebSite","@id":"https:\/\/www.accuratereviews.com\/it\/#website","url":"https:\/\/www.accuratereviews.com\/it\/","name":"Accurate Reviews","description":"","potentialAction":[{"@type":"SearchAction","target":{"@type":"EntryPoint","urlTemplate":"https:\/\/www.accuratereviews.com\/it\/?s={search_term_string}"},"query-input":{"@type":"PropertyValueSpecification","valueRequired":true,"valueName":"search_term_string"}}],"inLanguage":"it-IT"}]}},"_links":{"self":[{"href":"https:\/\/www.accuratereviews.com\/it\/wp-json\/wp\/v2\/pages\/103914","targetHints":{"allow":["GET"]}}],"collection":[{"href":"https:\/\/www.accuratereviews.com\/it\/wp-json\/wp\/v2\/pages"}],"about":[{"href":"https:\/\/www.accuratereviews.com\/it\/wp-json\/wp\/v2\/types\/page"}],"author":[{"embeddable":true,"href":"https:\/\/www.accuratereviews.com\/it\/wp-json\/wp\/v2\/users\/19"}],"replies":[{"embeddable":true,"href":"https:\/\/www.accuratereviews.com\/it\/wp-json\/wp\/v2\/comments?post=103914"}],"version-history":[{"count":8,"href":"https:\/\/www.accuratereviews.com\/it\/wp-json\/wp\/v2\/pages\/103914\/revisions"}],"predecessor-version":[{"id":103936,"href":"https:\/\/www.accuratereviews.com\/it\/wp-json\/wp\/v2\/pages\/103914\/revisions\/103936"}],"up":[{"embeddable":true,"href":"https:\/\/www.accuratereviews.com\/it\/wp-json\/wp\/v2\/pages\/99993"}],"wp:featuredmedia":[{"embeddable":true,"href":"https:\/\/www.accuratereviews.com\/it\/wp-json\/wp\/v2\/media\/103923"}],"wp:attachment":[{"href":"https:\/\/www.accuratereviews.com\/it\/wp-json\/wp\/v2\/media?parent=103914"}],"wp:term":[{"taxonomy":"category","embeddable":true,"href":"https:\/\/www.accuratereviews.com\/it\/wp-json\/wp\/v2\/categories?post=103914"},{"taxonomy":"post_tag","embeddable":true,"href":"https:\/\/www.accuratereviews.com\/it\/wp-json\/wp\/v2\/tags?post=103914"},{"taxonomy":"features","embeddable":true,"href":"https:\/\/www.accuratereviews.com\/it\/wp-json\/wp\/v2\/features?post=103914"}],"curies":[{"name":"wp","href":"https:\/\/api.w.org\/{rel}","templated":true}]}}