{"id":103966,"date":"2025-09-29T15:47:57","date_gmt":"2025-09-29T15:47:57","guid":{"rendered":"https:\/\/www.accuratereviews.com\/?page_id=103966"},"modified":"2025-09-30T09:55:58","modified_gmt":"2025-09-30T09:55:58","slug":"kianda-recensione","status":"publish","type":"page","link":"https:\/\/www.accuratereviews.com\/it\/piattaforme-no-code\/kianda-recensione\/","title":{"rendered":"Kianda"},"content":{"rendered":"<p><strong>Kianda<\/strong> \u00e8 una pluripremiata piattaforma di automazione dei<strong> processi senza codice<\/strong> che aiuta a trasformare il lavoro manuale e cartaceo in applicazioni online intuitive. Gli utenti possono facilmente creare e distribuire moduli digitali avanzati, automatizzare i flussi di lavoro e progettare dashboard per <strong>semplificare i processi esistenti<\/strong> come approvazioni, risorse umane, spese, segnalazione degli incidenti, ordini di acquisto, moduli di qualit\u00e0, checklist di manutenzione, conformit\u00e0 e finanza, tra gli altri, per una maggiore produttivit\u00e0.<br \/>\n<strong>Kianda <\/strong>\u00e8 stato sviluppato per aiutare gli utenti a creare e distribuire applicazioni e processi aziendali end-to-end in modo rapido ed economico, senza dover scrivere codice. L&#8217;obiettivo \u00e8 consentire a professionisti non IT\/sviluppatori autonomi e IT di creare applicazioni aziendali in modo rapido e semplice.<\/p>\n<h2>KIANDA &#8211; TUTORIAL<\/h2>\n<div id=\"fluid-wrapper-counter-1\" class=\"g1-fluid-wrapper \" style=\"width:686px;\"><div style=\"padding-bottom:56.268221574344%;\"><iframe loading=\"lazy\" title=\"Kianda For Excel - Excel Document Generation\" width=\"686\" height=\"386\" src=\"https:\/\/www.youtube.com\/embed\/gfEA8Ef-arw?feature=oembed&amp;wmode=transparent&amp;autohide=1&amp;autoplay=0&amp;disablekb=0&amp;fs=1&amp;loop=0&amp;enablejsapi=1&amp;rel=0&amp;controls=2&amp;showinfo=0&amp;wmode=transparent&amp;autohide=2&amp;autoplay=0&amp;disablekb=0&amp;fs=1&amp;loop=0&amp;enablejsapi=1&amp;rel=0&amp;controls=2&amp;showinfo=1\" frameborder=\"0\" allow=\"accelerometer; autoplay; clipboard-write; encrypted-media; gyroscope; picture-in-picture; web-share\" referrerpolicy=\"strict-origin-when-cross-origin\" allowfullscreen><\/iframe><\/div><\/div>\n<h3>KIANDA &#8211; CARATTERISTICHE<\/h3>\n<ul>\n<li>Digita i tuoi processi cartacei con pochi clic e aumenta la produttivit\u00e0, risparmia tempo e riduci i costi.<\/li>\n<li>Crea rapidamente moduli e flussi di lavoro interattivi avanzati trascinando e rilasciando i componenti di progettazione. I flussi di lavoro sono altamente personalizzabili per soddisfare le esigenze specifiche della tua organizzazione.<\/li>\n<li>Integra facilmente i flussi di lavoro con ERP, CRM e sistemi IT per condividere i dati in modo efficiente in tutta l&#8217;azienda. Una delle funzionalit\u00e0 pi\u00f9 apprezzate del software per flussi di lavoro Kianda \u00e8 la possibilit\u00e0 di connettersi ai sistemi dati, offrendo un&#8217;integrazione Single Sign-On con SharePoint ad alte prestazioni.<\/li>\n<li>Crea dashboard di reporting personalizzate in pochi minuti. Personalizza le tue dashboard con layout, grafici, elenchi e altri widget dal design accattivante.<\/li>\n<li>Si integra con i sistemi dati on-premise o nel cloud e consente una facile generazione di documenti con i componenti aggiuntivi di Word ed Excel.<\/li>\n<li>Genera report notturni da inviare via email. Imposta promemoria da inviare giorni, settimane o mesi dopo (esclusi giorni festivi e fine settimana) con pochi clic.<\/li>\n<\/ul>\n<h4>LE RECENSIONI DEGLI UTENTI<\/h4>\n<p><strong>Arkadiusz &#8220;Kianda&#8221;<\/strong><br \/>\n<strong>Pro<\/strong>: Funzionalit\u00e0 drag-and-drop. Facile implementazione della logica di business. Layout semplice e gradevole. L&#8217;assistenza clienti offre un servizio eccellente.<br \/>\n<strong>Contro<\/strong>: Il principale svantaggio \u00e8 la documentazione, che deve essere completata.<\/p>\n<p><strong>Derek &#8220;Fantastica applicazione per chi non sa programmare!&#8221;<\/strong><br \/>\nOttima nel complesso. Valuterei la mia esperienza come eccellente.<br \/>\n<strong>Pro<\/strong>: Ottima integrazione con tutti i software standard e davvero facile da usare. Non posso che consigliare vivamente questo software. Non \u00e8 nemmeno necessario avere una grande esperienza tecnica per prenderci la mano.<br \/>\n<strong>Contro<\/strong>: Come qualsiasi software, \u00e8 in continua evoluzione, ha solo bisogno di pi\u00f9 funzionalit\u00e0.<\/p>\n<p><strong>David &#8220;Intuitivo e fa risparmiare tempo&#8221;.<\/strong><br \/>\n<strong>Pro<\/strong>: Creare moduli personalizzati con flussi di lavoro personalizzati \u00e8 semplicissimo con Kianda. Ho usato InfoPath in passato, ma Kianda non \u00e8 nemmeno lontanamente paragonabile.<br \/>\n<strong>Contro<\/strong>: Nessun problema. Se c&#8217;\u00e8 qualcosa da personalizzare chiedendo al team di sviluppo di Kianda hanno provveduto a creare una soluzione da utilizzare.<\/p>\n","protected":false},"excerpt":{"rendered":"<p>Kianda \u00e8 una pluripremiata piattaforma di automazione dei processi senza codice che aiuta a trasformare il lavoro manuale e cartaceo in applicazioni online intuitive. Gli utenti possono facilmente creare e distribuire moduli digitali avanzati, automatizzare i flussi di lavoro e progettare dashboard per semplificare i processi esistenti come approvazioni, risorse umane, spese, segnalazione degli incidenti, ordini di acquisto, moduli di qualit\u00e0, checklist di manutenzione, conformit\u00e0 e finanza, tra gli altri, per una maggiore produttivit\u00e0<\/p>\n","protected":false},"author":19,"featured_media":103969,"parent":99993,"menu_order":0,"comment_status":"open","ping_status":"closed","template":"g1_template_page_review_new.php","meta":{"_acf_changed":false,"cwp_meta_box_check":"Yes","cwp_rev_product_name":"","cwp_rev_product_image":"","wppr_links":[],"cwp_rev_price":"0.00","wppr_options":[{"name":"Usability","value":"0"},{"name":"Speed","value":"0"},{"name":"Features","value":"0"},{"name":"Support","value":"0"},{"name":"Pricing","value":"0"}],"wppr_pros":["","","","",""],"wppr_cons":["","","","",""],"_monsterinsights_skip_tracking":false,"_monsterinsights_sitenote_active":false,"_monsterinsights_sitenote_note":"","_monsterinsights_sitenote_category":0,"footnotes":""},"categories":[16551],"tags":[16592,16554,16571,16573,16556,16572],"features":[],"class_list":{"0":"post-103966","1":"page","2":"type-page","3":"status-publish","4":"has-post-thumbnail","6":"category-piattaforme-no-code-cat","7":"tag-kianda","8":"tag-no-code","9":"tag-piattaforma-no-code","10":"tag-programma-no-code","11":"tag-software-no-code","12":"tag-soluzione-no-code"},"wppr_data":{"cwp_meta_box_check":"Yes","_wppr_review_template":"default","cwp_rev_product_image":"","cwp_image_link":"image","wppr_links":[],"cwp_rev_price":"0.00","wppr_pros":["","","","",""],"wppr_cons":["","","","",""],"wppr_rating":"0.00","wppr_options":{"1":{"name":"Usability","value":"0"},"2":{"name":"Speed","value":"0"},"3":{"name":"Features","value":"0"},"4":{"name":"Support","value":"0"},"5":{"name":"Pricing","value":"0"}},"wppr_review_type":"Product","wppr_review_custom_fields":{"additionalProperty":"","additionalType":"","aggregateRating":"","alternateName":"","audience":"","award":"","awards":"","brand":"","color":"","depth":"","description":"","disambiguatingDescription":"","gtin12":"","gtin13":"","gtin14":"","gtin8":"","height":"","identifier":"","image":"","isAccessoryOrSparePartFor":"","isConsumableFor":"","isRelatedTo":"","isSimilarTo":"","itemCondition":"","logo":"","mainEntityOfPage":"","manufacturer":"","material":"","model":"","mpn":"","name":"","offers":"","potentialAction":"","productID":"","productionDate":"","purchaseDate":"","releaseDate":"","review":"","reviews":"","sameAs":"","sku":"","slogan":"","subjectOf":"","url":"","weight":"","width":""}},"acf":[],"yoast_head":"<!-- This site is optimized with the Yoast SEO plugin v27.4 - https:\/\/yoast.com\/product\/yoast-seo-wordpress\/ -->\n<title>Kianda: recensione piattaforma no code - Accurate Reviews<\/title>\n<meta name=\"description\" content=\"Kianda: recensione software di automazione dei processi senza codice per trasformare il lavoro manuale in applicazioni online intuitive\" \/>\n<meta name=\"robots\" content=\"index, follow, max-snippet:-1, max-image-preview:large, max-video-preview:-1\" \/>\n<link rel=\"canonical\" href=\"https:\/\/www.accuratereviews.com\/it\/piattaforme-no-code\/kianda-recensione\/\" \/>\n<meta property=\"og:locale\" content=\"it_IT\" \/>\n<meta property=\"og:type\" content=\"article\" \/>\n<meta property=\"og:title\" content=\"Kianda: recensione piattaforma no code - Accurate Reviews\" \/>\n<meta property=\"og:description\" content=\"Kianda: recensione software di automazione dei processi senza codice per trasformare il lavoro manuale in applicazioni online intuitive\" \/>\n<meta property=\"og:url\" content=\"https:\/\/www.accuratereviews.com\/it\/piattaforme-no-code\/kianda-recensione\/\" \/>\n<meta property=\"og:site_name\" content=\"Accurate Reviews\" \/>\n<meta property=\"article:modified_time\" content=\"2025-09-30T09:55:58+00:00\" \/>\n<meta property=\"og:image\" content=\"https:\/\/www.accuratereviews.com\/wp-content\/uploads\/2025\/09\/Kianda.jpeg\" \/>\n\t<meta property=\"og:image:width\" content=\"500\" \/>\n\t<meta property=\"og:image:height\" content=\"500\" \/>\n\t<meta property=\"og:image:type\" content=\"image\/jpeg\" \/>\n<meta name=\"twitter:card\" content=\"summary_large_image\" \/>\n<meta name=\"twitter:label1\" content=\"Tempo di lettura stimato\" \/>\n\t<meta name=\"twitter:data1\" content=\"4 minuti\" \/>\n<script type=\"application\/ld+json\" class=\"yoast-schema-graph\">{\"@context\":\"https:\\\/\\\/schema.org\",\"@graph\":[{\"@type\":\"WebPage\",\"@id\":\"https:\\\/\\\/www.accuratereviews.com\\\/it\\\/piattaforme-no-code\\\/kianda-recensione\\\/\",\"url\":\"https:\\\/\\\/www.accuratereviews.com\\\/it\\\/piattaforme-no-code\\\/kianda-recensione\\\/\",\"name\":\"Kianda: recensione piattaforma no code - Accurate Reviews\",\"isPartOf\":{\"@id\":\"https:\\\/\\\/www.accuratereviews.com\\\/it\\\/#website\"},\"primaryImageOfPage\":{\"@id\":\"https:\\\/\\\/www.accuratereviews.com\\\/it\\\/piattaforme-no-code\\\/kianda-recensione\\\/#primaryimage\"},\"image\":{\"@id\":\"https:\\\/\\\/www.accuratereviews.com\\\/it\\\/piattaforme-no-code\\\/kianda-recensione\\\/#primaryimage\"},\"thumbnailUrl\":\"https:\\\/\\\/www.accuratereviews.com\\\/wp-content\\\/uploads\\\/2025\\\/09\\\/Kianda.jpeg\",\"datePublished\":\"2025-09-29T15:47:57+00:00\",\"dateModified\":\"2025-09-30T09:55:58+00:00\",\"description\":\"Kianda: recensione software di automazione dei processi senza codice per trasformare il lavoro manuale in applicazioni online intuitive\",\"breadcrumb\":{\"@id\":\"https:\\\/\\\/www.accuratereviews.com\\\/it\\\/piattaforme-no-code\\\/kianda-recensione\\\/#breadcrumb\"},\"inLanguage\":\"it-IT\",\"potentialAction\":[{\"@type\":\"ReadAction\",\"target\":[\"https:\\\/\\\/www.accuratereviews.com\\\/it\\\/piattaforme-no-code\\\/kianda-recensione\\\/\"]}]},{\"@type\":\"ImageObject\",\"inLanguage\":\"it-IT\",\"@id\":\"https:\\\/\\\/www.accuratereviews.com\\\/it\\\/piattaforme-no-code\\\/kianda-recensione\\\/#primaryimage\",\"url\":\"https:\\\/\\\/www.accuratereviews.com\\\/wp-content\\\/uploads\\\/2025\\\/09\\\/Kianda.jpeg\",\"contentUrl\":\"https:\\\/\\\/www.accuratereviews.com\\\/wp-content\\\/uploads\\\/2025\\\/09\\\/Kianda.jpeg\",\"width\":500,\"height\":500},{\"@type\":\"BreadcrumbList\",\"@id\":\"https:\\\/\\\/www.accuratereviews.com\\\/it\\\/piattaforme-no-code\\\/kianda-recensione\\\/#breadcrumb\",\"itemListElement\":[{\"@type\":\"ListItem\",\"position\":1,\"name\":\"Home\",\"item\":\"https:\\\/\\\/www.accuratereviews.com\\\/it\\\/\"},{\"@type\":\"ListItem\",\"position\":2,\"name\":\"Piattaforme no-code\",\"item\":\"https:\\\/\\\/www.accuratereviews.com\\\/it\\\/piattaforme-no-code\\\/\"},{\"@type\":\"ListItem\",\"position\":3,\"name\":\"Kianda\"}]},{\"@type\":\"WebSite\",\"@id\":\"https:\\\/\\\/www.accuratereviews.com\\\/it\\\/#website\",\"url\":\"https:\\\/\\\/www.accuratereviews.com\\\/it\\\/\",\"name\":\"Accurate Reviews\",\"description\":\"\",\"potentialAction\":[{\"@type\":\"SearchAction\",\"target\":{\"@type\":\"EntryPoint\",\"urlTemplate\":\"https:\\\/\\\/www.accuratereviews.com\\\/it\\\/?s={search_term_string}\"},\"query-input\":{\"@type\":\"PropertyValueSpecification\",\"valueRequired\":true,\"valueName\":\"search_term_string\"}}],\"inLanguage\":\"it-IT\"}]}<\/script>\n<!-- \/ Yoast SEO plugin. -->","yoast_head_json":{"title":"Kianda: recensione piattaforma no code - Accurate Reviews","description":"Kianda: recensione software di automazione dei processi senza codice per trasformare il lavoro manuale in applicazioni online intuitive","robots":{"index":"index","follow":"follow","max-snippet":"max-snippet:-1","max-image-preview":"max-image-preview:large","max-video-preview":"max-video-preview:-1"},"canonical":"https:\/\/www.accuratereviews.com\/it\/piattaforme-no-code\/kianda-recensione\/","og_locale":"it_IT","og_type":"article","og_title":"Kianda: recensione piattaforma no code - Accurate Reviews","og_description":"Kianda: recensione software di automazione dei processi senza codice per trasformare il lavoro manuale in applicazioni online intuitive","og_url":"https:\/\/www.accuratereviews.com\/it\/piattaforme-no-code\/kianda-recensione\/","og_site_name":"Accurate Reviews","article_modified_time":"2025-09-30T09:55:58+00:00","og_image":[{"width":500,"height":500,"url":"https:\/\/www.accuratereviews.com\/wp-content\/uploads\/2025\/09\/Kianda.jpeg","type":"image\/jpeg"}],"twitter_card":"summary_large_image","twitter_misc":{"Tempo di lettura stimato":"4 minuti"},"schema":{"@context":"https:\/\/schema.org","@graph":[{"@type":"WebPage","@id":"https:\/\/www.accuratereviews.com\/it\/piattaforme-no-code\/kianda-recensione\/","url":"https:\/\/www.accuratereviews.com\/it\/piattaforme-no-code\/kianda-recensione\/","name":"Kianda: recensione piattaforma no code - Accurate Reviews","isPartOf":{"@id":"https:\/\/www.accuratereviews.com\/it\/#website"},"primaryImageOfPage":{"@id":"https:\/\/www.accuratereviews.com\/it\/piattaforme-no-code\/kianda-recensione\/#primaryimage"},"image":{"@id":"https:\/\/www.accuratereviews.com\/it\/piattaforme-no-code\/kianda-recensione\/#primaryimage"},"thumbnailUrl":"https:\/\/www.accuratereviews.com\/wp-content\/uploads\/2025\/09\/Kianda.jpeg","datePublished":"2025-09-29T15:47:57+00:00","dateModified":"2025-09-30T09:55:58+00:00","description":"Kianda: recensione software di automazione dei processi senza codice per trasformare il lavoro manuale in applicazioni online intuitive","breadcrumb":{"@id":"https:\/\/www.accuratereviews.com\/it\/piattaforme-no-code\/kianda-recensione\/#breadcrumb"},"inLanguage":"it-IT","potentialAction":[{"@type":"ReadAction","target":["https:\/\/www.accuratereviews.com\/it\/piattaforme-no-code\/kianda-recensione\/"]}]},{"@type":"ImageObject","inLanguage":"it-IT","@id":"https:\/\/www.accuratereviews.com\/it\/piattaforme-no-code\/kianda-recensione\/#primaryimage","url":"https:\/\/www.accuratereviews.com\/wp-content\/uploads\/2025\/09\/Kianda.jpeg","contentUrl":"https:\/\/www.accuratereviews.com\/wp-content\/uploads\/2025\/09\/Kianda.jpeg","width":500,"height":500},{"@type":"BreadcrumbList","@id":"https:\/\/www.accuratereviews.com\/it\/piattaforme-no-code\/kianda-recensione\/#breadcrumb","itemListElement":[{"@type":"ListItem","position":1,"name":"Home","item":"https:\/\/www.accuratereviews.com\/it\/"},{"@type":"ListItem","position":2,"name":"Piattaforme no-code","item":"https:\/\/www.accuratereviews.com\/it\/piattaforme-no-code\/"},{"@type":"ListItem","position":3,"name":"Kianda"}]},{"@type":"WebSite","@id":"https:\/\/www.accuratereviews.com\/it\/#website","url":"https:\/\/www.accuratereviews.com\/it\/","name":"Accurate Reviews","description":"","potentialAction":[{"@type":"SearchAction","target":{"@type":"EntryPoint","urlTemplate":"https:\/\/www.accuratereviews.com\/it\/?s={search_term_string}"},"query-input":{"@type":"PropertyValueSpecification","valueRequired":true,"valueName":"search_term_string"}}],"inLanguage":"it-IT"}]}},"_links":{"self":[{"href":"https:\/\/www.accuratereviews.com\/it\/wp-json\/wp\/v2\/pages\/103966","targetHints":{"allow":["GET"]}}],"collection":[{"href":"https:\/\/www.accuratereviews.com\/it\/wp-json\/wp\/v2\/pages"}],"about":[{"href":"https:\/\/www.accuratereviews.com\/it\/wp-json\/wp\/v2\/types\/page"}],"author":[{"embeddable":true,"href":"https:\/\/www.accuratereviews.com\/it\/wp-json\/wp\/v2\/users\/19"}],"replies":[{"embeddable":true,"href":"https:\/\/www.accuratereviews.com\/it\/wp-json\/wp\/v2\/comments?post=103966"}],"version-history":[{"count":10,"href":"https:\/\/www.accuratereviews.com\/it\/wp-json\/wp\/v2\/pages\/103966\/revisions"}],"predecessor-version":[{"id":103994,"href":"https:\/\/www.accuratereviews.com\/it\/wp-json\/wp\/v2\/pages\/103966\/revisions\/103994"}],"up":[{"embeddable":true,"href":"https:\/\/www.accuratereviews.com\/it\/wp-json\/wp\/v2\/pages\/99993"}],"wp:featuredmedia":[{"embeddable":true,"href":"https:\/\/www.accuratereviews.com\/it\/wp-json\/wp\/v2\/media\/103969"}],"wp:attachment":[{"href":"https:\/\/www.accuratereviews.com\/it\/wp-json\/wp\/v2\/media?parent=103966"}],"wp:term":[{"taxonomy":"category","embeddable":true,"href":"https:\/\/www.accuratereviews.com\/it\/wp-json\/wp\/v2\/categories?post=103966"},{"taxonomy":"post_tag","embeddable":true,"href":"https:\/\/www.accuratereviews.com\/it\/wp-json\/wp\/v2\/tags?post=103966"},{"taxonomy":"features","embeddable":true,"href":"https:\/\/www.accuratereviews.com\/it\/wp-json\/wp\/v2\/features?post=103966"}],"curies":[{"name":"wp","href":"https:\/\/api.w.org\/{rel}","templated":true}]}}