{"id":103985,"date":"2025-09-30T13:54:45","date_gmt":"2025-09-30T13:54:45","guid":{"rendered":"https:\/\/www.accuratereviews.com\/?page_id=103985"},"modified":"2025-09-30T13:54:45","modified_gmt":"2025-09-30T13:54:45","slug":"flowingly-recensione","status":"publish","type":"page","link":"https:\/\/www.accuratereviews.com\/it\/piattaforme-no-code\/flowingly-recensione\/","title":{"rendered":"Flowingly"},"content":{"rendered":"<p><strong>Flowingly<\/strong> \u00e8 un <strong>software di gestione dei processi<\/strong> e automazione del flusso di lavoro straordinariamente semplice. Trasforma i vecchi metodi di lavoro manuali in moderne esperienze digitali. Con <strong>Flowingly<\/strong>, puoi mappare e automatizzare qualsiasi processo aziendale, indipendentemente dalla business unit. Consenti ai team di assumersi la responsabilit\u00e0 dei propri processi e promuovere il miglioramento continuo. Offri esperienze eccezionali ai dipendenti con processi e flussi di lavoro digitali su una moderna piattaforma di esperienza per i dipendenti. Utilizza flussi di lavoro automatizzati per il reclutamento, la formazione, la salute e la sicurezza, l&#8217;onboarding dei dipendenti e le valutazioni delle prestazioni. Aumenta la produttivit\u00e0 del team, gestisci spostamenti, aggiunte, modifiche, governance, rischi e conformit\u00e0 in tutta la tua azienda su una piattaforma unificata. Promuovi l&#8217;innovazione e la trasformazione digitale in tutta la tua azienda con soluzioni di mappatura dei processi e flussi di lavoro intuitive.<\/p>\n<h2>FLOWINGLY &#8211; TUTORIAL<\/h2>\n<div id=\"fluid-wrapper-counter-1\" class=\"g1-fluid-wrapper \" style=\"width:686px;\">\n<div style=\"padding-bottom:56.268221574344%;\"><iframe loading=\"lazy\" title=\"Introducing Flowingly&#039;s Power Automate Connector\" width=\"686\" height=\"386\" src=\"https:\/\/www.youtube.com\/embed\/CoISuu0B6_4?feature=oembed&amp;wmode=transparent&amp;autohide=1&amp;autoplay=0&amp;disablekb=0&amp;fs=1&amp;loop=0&amp;enablejsapi=1&amp;rel=0&amp;controls=2&amp;showinfo=0&amp;wmode=transparent&amp;autohide=2&amp;autoplay=0&amp;disablekb=0&amp;fs=1&amp;loop=0&amp;enablejsapi=1&amp;rel=0&amp;controls=2&amp;showinfo=1\" frameborder=\"0\" allow=\"accelerometer; autoplay; clipboard-write; encrypted-media; gyroscope; picture-in-picture; web-share\" referrerpolicy=\"strict-origin-when-cross-origin\" allowfullscreen><\/iframe><\/div>\n<\/div>\n<h3>FLOWINGLY &#8211; CARATTERISTICHE<\/h3>\n<ul>\n<li><strong>Converti la mappa in automazione<\/strong>: trasforma la tua mappa in un modello di automazione con un solo clic. Da l\u00ec, crea i moduli, le fasi decisionali e altro ancora per trasformare quella che una volta era una mappa statica in un flusso di lavoro attivo.<\/li>\n<li><strong>Dettagli di processo avanzati<\/strong>: arricchisci i processi con dettagli interattivi; un video, un&#8217;immagine, un testo o un elenco di attivit\u00e0 possono aiutare i lettori a comprendere meglio i dettagli di una fase del processo. Utilizza il formato pi\u00f9 adatto ai tuoi lettori per una condivisione delle conoscenze pi\u00f9 efficace.<\/li>\n<li><strong>Pubblica ovunque<\/strong>: posiziona le tue mappe dove il tuo pubblico opera gi\u00e0: esportale come PDF, incorporale come mappa interattiva o crea un collegamento diretto alla mappa stessa. Le mappe di processo si integrano con la tua istanza di SharePoint o altri ambienti intranet.<\/li>\n<li><strong>Risparmia tempo con i modelli<\/strong>: inizia con una selezione di modelli predefiniti per la tua organizzazione e il tuo settore o crea rapidamente da zero.<\/li>\n<li><strong>Un&#8217;unica fonte di riferimento per tutte le procedure operative standard (SOP)<\/strong>: l&#8217;intelligenza artificiale gestisce la formattazione, in modo che i tuoi documenti siano sempre puliti, chiari e coerenti, indipendentemente da chi accede alla registrazione. Non dovrai pi\u00f9 rovistare tra cartelle o caselle di posta. Le procedure operative standard (SOP) vengono archiviate centralmente e sempre aggiornate.<\/li>\n<li><strong>Creazione automatizzata di SOP<\/strong>: esegui le attivit\u00e0 come di consueto e il registratore si occuper\u00e0 della parte pi\u00f9 difficile: catturer\u00e0 ogni clic, battitura e azione senza sforzo.<\/li>\n<li><strong>Documentazione passo passo<\/strong>: crea SOP visive chiare e di livello professionale con screenshot annotati, note e navigazione integrata. Perfetto per l&#8217;onboarding, la formazione o gli audit di processo.<\/li>\n<li><strong>Collaborazione di team semplificata<\/strong>: condividi le SOP completate senza sforzo con il tuo team, assicurandoti che tutti siano sempre aggiornati sulle procedure pi\u00f9 recenti.<\/li>\n<li><strong>Informazioni visive<\/strong>: le dashboard di Power BI trasformano dati complessi sui rischi in visualizzazioni chiare e fruibili. Comprendere il tuo panorama dei rischi non \u00e8 mai stato cos\u00ec facile.<\/li>\n<\/ul>\n<h4>LE RECENSIONI DEGLI UTENTI<\/h4>\n<p><strong>Tash &#8220;Ottimo strumento di gestione del flusso di lavoro&#8221;<\/strong><br \/>\nEsperienza molto positiva, dal personale agli strumenti. Il servizio clienti \u00e8 rapido e dettagliato; lo strumento \u00e8 facile da usare e favorisce la collaborazione.<br \/>\n<strong>Pro<\/strong>: facile da usare, ottimo strumento per la creazione e la gestione di flussi di lavoro da parte di utenti non tecnici.<br \/>\n<strong>Contro<\/strong>: L&#8217;integrazione con altre app pu\u00f2 essere migliorata<\/p>\n<p><strong>Jason &#8220;Consiglio Flowingly&#8221;<\/strong><br \/>\nOttimo per vedere a che punto siamo in un processo completo, ovvero per essere subito aggiornati sullo stato di avanzamento di un lavoro. \u00c8 anche facile per qualcun altro sostituirsi al lavoro di qualcun altro e seguire semplici istruzioni.<br \/>\n<strong>Pro<\/strong>: facilit\u00e0 d&#8217;uso, pu\u00f2 essere utilizzato per moltissimi processi diversi. Semplifica l&#8217;utilizzo del nostro processo da parte dei nuovi dipendenti.<br \/>\n<strong>Contro<\/strong>: nessun problema da segnalare. Abbiamo avuto qualche difficolt\u00e0 iniziale, ma riguardava pi\u00f9 che altro i nostri processi interni e la loro trasformazione in un processo fluido.<\/p>\n<p><strong>Phil &#8220;Panoramica fluida&#8221;<\/strong><br \/>\nBrillante, facile da imparare, facile da usare<br \/>\n<strong>Pro<\/strong>: mi piace il monitoraggio delle attivit\u00e0. Ci permette di vedere a che punto \u00e8 il compito o cosa deve essere fatto per completarlo. Ad esempio, se vogliamo ingaggiare un nuovo appaltatore che pu\u00f2 coinvolgere pi\u00f9 persone, questo programma ci permette di vedere chi ha o sta gestendo la propria parte della procedura.<br \/>\n<strong>Contro<\/strong>: la cosa che mi infastidisce di pi\u00f9 \u00e8 che ti ricorda lavori che non vuoi fare :)<\/p>\n","protected":false},"excerpt":{"rendered":"<p>Flowingly \u00e8 un software di gestione dei processi e automazione del flusso di lavoro straordinariamente semplice. Trasforma i vecchi metodi di lavoro manuali in moderne esperienze digitali. Con Flowingly, puoi mappare e automatizzare qualsiasi processo aziendale, indipendentemente dalla business unit.<\/p>\n","protected":false},"author":19,"featured_media":103987,"parent":99993,"menu_order":0,"comment_status":"open","ping_status":"closed","template":"g1_template_page_review_new.php","meta":{"_acf_changed":false,"cwp_meta_box_check":"Yes","cwp_rev_product_name":"","cwp_rev_product_image":"","wppr_links":[],"cwp_rev_price":"0.00","wppr_options":[{"name":"Usability","value":"0"},{"name":"Speed","value":"0"},{"name":"Features","value":"0"},{"name":"Support","value":"0"},{"name":"Pricing","value":"0"}],"wppr_pros":["","","","",""],"wppr_cons":["","","","",""],"_monsterinsights_skip_tracking":false,"_monsterinsights_sitenote_active":false,"_monsterinsights_sitenote_note":"","_monsterinsights_sitenote_category":0,"footnotes":""},"categories":[16551],"tags":[16593,16554,16571,16573,16556,16572],"features":[],"class_list":{"0":"post-103985","1":"page","2":"type-page","3":"status-publish","4":"has-post-thumbnail","6":"category-piattaforme-no-code-cat","7":"tag-flowingly","8":"tag-no-code","9":"tag-piattaforma-no-code","10":"tag-programma-no-code","11":"tag-software-no-code","12":"tag-soluzione-no-code"},"wppr_data":{"cwp_meta_box_check":"Yes","_wppr_review_template":"default","cwp_rev_product_image":"","cwp_image_link":"image","wppr_links":[],"cwp_rev_price":"0.00","wppr_pros":["","","","",""],"wppr_cons":["","","","",""],"wppr_rating":"0.00","wppr_options":{"1":{"name":"Usability","value":"0"},"2":{"name":"Speed","value":"0"},"3":{"name":"Features","value":"0"},"4":{"name":"Support","value":"0"},"5":{"name":"Pricing","value":"0"}},"wppr_review_type":"Product","wppr_review_custom_fields":{"additionalProperty":"","additionalType":"","aggregateRating":"","alternateName":"","audience":"","award":"","awards":"","brand":"","color":"","depth":"","description":"","disambiguatingDescription":"","gtin12":"","gtin13":"","gtin14":"","gtin8":"","height":"","identifier":"","image":"","isAccessoryOrSparePartFor":"","isConsumableFor":"","isRelatedTo":"","isSimilarTo":"","itemCondition":"","logo":"","mainEntityOfPage":"","manufacturer":"","material":"","model":"","mpn":"","name":"","offers":"","potentialAction":"","productID":"","productionDate":"","purchaseDate":"","releaseDate":"","review":"","reviews":"","sameAs":"","sku":"","slogan":"","subjectOf":"","url":"","weight":"","width":""}},"acf":[],"yoast_head":"<!-- This site is optimized with the Yoast SEO plugin v27.4 - https:\/\/yoast.com\/product\/yoast-seo-wordpress\/ -->\n<title>Flowingly: recensione piattaforma no code- Accurate Reviews<\/title>\n<meta name=\"description\" content=\"Flowingly: recensione software di gestione dei processi e automazione del flusso di lavoro straordinariamente semplice.\" \/>\n<meta name=\"robots\" content=\"index, follow, max-snippet:-1, max-image-preview:large, max-video-preview:-1\" \/>\n<link rel=\"canonical\" href=\"https:\/\/www.accuratereviews.com\/it\/piattaforme-no-code\/flowingly-recensione\/\" \/>\n<meta property=\"og:locale\" content=\"it_IT\" \/>\n<meta property=\"og:type\" content=\"article\" \/>\n<meta property=\"og:title\" content=\"Flowingly: recensione piattaforma no code- Accurate Reviews\" \/>\n<meta property=\"og:description\" content=\"Flowingly: recensione software di gestione dei processi e automazione del flusso di lavoro straordinariamente semplice.\" \/>\n<meta property=\"og:url\" content=\"https:\/\/www.accuratereviews.com\/it\/piattaforme-no-code\/flowingly-recensione\/\" \/>\n<meta property=\"og:site_name\" content=\"Accurate Reviews\" \/>\n<meta property=\"og:image\" content=\"https:\/\/www.accuratereviews.com\/wp-content\/uploads\/2025\/09\/Flowingly-scaled.jpg\" \/>\n\t<meta property=\"og:image:width\" content=\"2560\" \/>\n\t<meta property=\"og:image:height\" content=\"1342\" \/>\n\t<meta property=\"og:image:type\" content=\"image\/jpeg\" \/>\n<meta name=\"twitter:card\" content=\"summary_large_image\" \/>\n<meta name=\"twitter:label1\" content=\"Tempo di lettura stimato\" \/>\n\t<meta name=\"twitter:data1\" content=\"5 minuti\" \/>\n<script type=\"application\/ld+json\" class=\"yoast-schema-graph\">{\"@context\":\"https:\\\/\\\/schema.org\",\"@graph\":[{\"@type\":\"WebPage\",\"@id\":\"https:\\\/\\\/www.accuratereviews.com\\\/it\\\/piattaforme-no-code\\\/flowingly-recensione\\\/\",\"url\":\"https:\\\/\\\/www.accuratereviews.com\\\/it\\\/piattaforme-no-code\\\/flowingly-recensione\\\/\",\"name\":\"Flowingly: recensione piattaforma no code- Accurate Reviews\",\"isPartOf\":{\"@id\":\"https:\\\/\\\/www.accuratereviews.com\\\/it\\\/#website\"},\"primaryImageOfPage\":{\"@id\":\"https:\\\/\\\/www.accuratereviews.com\\\/it\\\/piattaforme-no-code\\\/flowingly-recensione\\\/#primaryimage\"},\"image\":{\"@id\":\"https:\\\/\\\/www.accuratereviews.com\\\/it\\\/piattaforme-no-code\\\/flowingly-recensione\\\/#primaryimage\"},\"thumbnailUrl\":\"https:\\\/\\\/www.accuratereviews.com\\\/wp-content\\\/uploads\\\/2025\\\/09\\\/Flowingly-scaled.jpg\",\"datePublished\":\"2025-09-30T13:54:45+00:00\",\"description\":\"Flowingly: recensione software di gestione dei processi e automazione del flusso di lavoro straordinariamente semplice.\",\"breadcrumb\":{\"@id\":\"https:\\\/\\\/www.accuratereviews.com\\\/it\\\/piattaforme-no-code\\\/flowingly-recensione\\\/#breadcrumb\"},\"inLanguage\":\"it-IT\",\"potentialAction\":[{\"@type\":\"ReadAction\",\"target\":[\"https:\\\/\\\/www.accuratereviews.com\\\/it\\\/piattaforme-no-code\\\/flowingly-recensione\\\/\"]}]},{\"@type\":\"ImageObject\",\"inLanguage\":\"it-IT\",\"@id\":\"https:\\\/\\\/www.accuratereviews.com\\\/it\\\/piattaforme-no-code\\\/flowingly-recensione\\\/#primaryimage\",\"url\":\"https:\\\/\\\/www.accuratereviews.com\\\/wp-content\\\/uploads\\\/2025\\\/09\\\/Flowingly-scaled.jpg\",\"contentUrl\":\"https:\\\/\\\/www.accuratereviews.com\\\/wp-content\\\/uploads\\\/2025\\\/09\\\/Flowingly-scaled.jpg\",\"width\":2560,\"height\":1342,\"caption\":\"Flowingly\"},{\"@type\":\"BreadcrumbList\",\"@id\":\"https:\\\/\\\/www.accuratereviews.com\\\/it\\\/piattaforme-no-code\\\/flowingly-recensione\\\/#breadcrumb\",\"itemListElement\":[{\"@type\":\"ListItem\",\"position\":1,\"name\":\"Home\",\"item\":\"https:\\\/\\\/www.accuratereviews.com\\\/it\\\/\"},{\"@type\":\"ListItem\",\"position\":2,\"name\":\"Piattaforme no-code\",\"item\":\"https:\\\/\\\/www.accuratereviews.com\\\/it\\\/piattaforme-no-code\\\/\"},{\"@type\":\"ListItem\",\"position\":3,\"name\":\"Flowingly\"}]},{\"@type\":\"WebSite\",\"@id\":\"https:\\\/\\\/www.accuratereviews.com\\\/it\\\/#website\",\"url\":\"https:\\\/\\\/www.accuratereviews.com\\\/it\\\/\",\"name\":\"Accurate Reviews\",\"description\":\"\",\"potentialAction\":[{\"@type\":\"SearchAction\",\"target\":{\"@type\":\"EntryPoint\",\"urlTemplate\":\"https:\\\/\\\/www.accuratereviews.com\\\/it\\\/?s={search_term_string}\"},\"query-input\":{\"@type\":\"PropertyValueSpecification\",\"valueRequired\":true,\"valueName\":\"search_term_string\"}}],\"inLanguage\":\"it-IT\"}]}<\/script>\n<!-- \/ Yoast SEO plugin. -->","yoast_head_json":{"title":"Flowingly: recensione piattaforma no code- Accurate Reviews","description":"Flowingly: recensione software di gestione dei processi e automazione del flusso di lavoro straordinariamente semplice.","robots":{"index":"index","follow":"follow","max-snippet":"max-snippet:-1","max-image-preview":"max-image-preview:large","max-video-preview":"max-video-preview:-1"},"canonical":"https:\/\/www.accuratereviews.com\/it\/piattaforme-no-code\/flowingly-recensione\/","og_locale":"it_IT","og_type":"article","og_title":"Flowingly: recensione piattaforma no code- Accurate Reviews","og_description":"Flowingly: recensione software di gestione dei processi e automazione del flusso di lavoro straordinariamente semplice.","og_url":"https:\/\/www.accuratereviews.com\/it\/piattaforme-no-code\/flowingly-recensione\/","og_site_name":"Accurate Reviews","og_image":[{"width":2560,"height":1342,"url":"https:\/\/www.accuratereviews.com\/wp-content\/uploads\/2025\/09\/Flowingly-scaled.jpg","type":"image\/jpeg"}],"twitter_card":"summary_large_image","twitter_misc":{"Tempo di lettura stimato":"5 minuti"},"schema":{"@context":"https:\/\/schema.org","@graph":[{"@type":"WebPage","@id":"https:\/\/www.accuratereviews.com\/it\/piattaforme-no-code\/flowingly-recensione\/","url":"https:\/\/www.accuratereviews.com\/it\/piattaforme-no-code\/flowingly-recensione\/","name":"Flowingly: recensione piattaforma no code- Accurate Reviews","isPartOf":{"@id":"https:\/\/www.accuratereviews.com\/it\/#website"},"primaryImageOfPage":{"@id":"https:\/\/www.accuratereviews.com\/it\/piattaforme-no-code\/flowingly-recensione\/#primaryimage"},"image":{"@id":"https:\/\/www.accuratereviews.com\/it\/piattaforme-no-code\/flowingly-recensione\/#primaryimage"},"thumbnailUrl":"https:\/\/www.accuratereviews.com\/wp-content\/uploads\/2025\/09\/Flowingly-scaled.jpg","datePublished":"2025-09-30T13:54:45+00:00","description":"Flowingly: recensione software di gestione dei processi e automazione del flusso di lavoro straordinariamente semplice.","breadcrumb":{"@id":"https:\/\/www.accuratereviews.com\/it\/piattaforme-no-code\/flowingly-recensione\/#breadcrumb"},"inLanguage":"it-IT","potentialAction":[{"@type":"ReadAction","target":["https:\/\/www.accuratereviews.com\/it\/piattaforme-no-code\/flowingly-recensione\/"]}]},{"@type":"ImageObject","inLanguage":"it-IT","@id":"https:\/\/www.accuratereviews.com\/it\/piattaforme-no-code\/flowingly-recensione\/#primaryimage","url":"https:\/\/www.accuratereviews.com\/wp-content\/uploads\/2025\/09\/Flowingly-scaled.jpg","contentUrl":"https:\/\/www.accuratereviews.com\/wp-content\/uploads\/2025\/09\/Flowingly-scaled.jpg","width":2560,"height":1342,"caption":"Flowingly"},{"@type":"BreadcrumbList","@id":"https:\/\/www.accuratereviews.com\/it\/piattaforme-no-code\/flowingly-recensione\/#breadcrumb","itemListElement":[{"@type":"ListItem","position":1,"name":"Home","item":"https:\/\/www.accuratereviews.com\/it\/"},{"@type":"ListItem","position":2,"name":"Piattaforme no-code","item":"https:\/\/www.accuratereviews.com\/it\/piattaforme-no-code\/"},{"@type":"ListItem","position":3,"name":"Flowingly"}]},{"@type":"WebSite","@id":"https:\/\/www.accuratereviews.com\/it\/#website","url":"https:\/\/www.accuratereviews.com\/it\/","name":"Accurate Reviews","description":"","potentialAction":[{"@type":"SearchAction","target":{"@type":"EntryPoint","urlTemplate":"https:\/\/www.accuratereviews.com\/it\/?s={search_term_string}"},"query-input":{"@type":"PropertyValueSpecification","valueRequired":true,"valueName":"search_term_string"}}],"inLanguage":"it-IT"}]}},"_links":{"self":[{"href":"https:\/\/www.accuratereviews.com\/it\/wp-json\/wp\/v2\/pages\/103985","targetHints":{"allow":["GET"]}}],"collection":[{"href":"https:\/\/www.accuratereviews.com\/it\/wp-json\/wp\/v2\/pages"}],"about":[{"href":"https:\/\/www.accuratereviews.com\/it\/wp-json\/wp\/v2\/types\/page"}],"author":[{"embeddable":true,"href":"https:\/\/www.accuratereviews.com\/it\/wp-json\/wp\/v2\/users\/19"}],"replies":[{"embeddable":true,"href":"https:\/\/www.accuratereviews.com\/it\/wp-json\/wp\/v2\/comments?post=103985"}],"version-history":[{"count":12,"href":"https:\/\/www.accuratereviews.com\/it\/wp-json\/wp\/v2\/pages\/103985\/revisions"}],"predecessor-version":[{"id":104005,"href":"https:\/\/www.accuratereviews.com\/it\/wp-json\/wp\/v2\/pages\/103985\/revisions\/104005"}],"up":[{"embeddable":true,"href":"https:\/\/www.accuratereviews.com\/it\/wp-json\/wp\/v2\/pages\/99993"}],"wp:featuredmedia":[{"embeddable":true,"href":"https:\/\/www.accuratereviews.com\/it\/wp-json\/wp\/v2\/media\/103987"}],"wp:attachment":[{"href":"https:\/\/www.accuratereviews.com\/it\/wp-json\/wp\/v2\/media?parent=103985"}],"wp:term":[{"taxonomy":"category","embeddable":true,"href":"https:\/\/www.accuratereviews.com\/it\/wp-json\/wp\/v2\/categories?post=103985"},{"taxonomy":"post_tag","embeddable":true,"href":"https:\/\/www.accuratereviews.com\/it\/wp-json\/wp\/v2\/tags?post=103985"},{"taxonomy":"features","embeddable":true,"href":"https:\/\/www.accuratereviews.com\/it\/wp-json\/wp\/v2\/features?post=103985"}],"curies":[{"name":"wp","href":"https:\/\/api.w.org\/{rel}","templated":true}]}}