{"id":104029,"date":"2025-10-01T13:12:07","date_gmt":"2025-10-01T13:12:07","guid":{"rendered":"https:\/\/www.accuratereviews.com\/?page_id=104029"},"modified":"2025-10-02T09:59:33","modified_gmt":"2025-10-02T09:59:33","slug":"userflow-recensione","status":"publish","type":"page","link":"https:\/\/www.accuratereviews.com\/it\/piattaforme-no-code\/userflow-recensione\/","title":{"rendered":"Userflow"},"content":{"rendered":"<p><strong>Userflow<\/strong> \u00e8 un <strong>software no-code<\/strong> progettato per l&#8217;onboarding degli utenti. Consente la creazione di tour di prodotto, checklist e sondaggi senza bisogno di assistenza da parte di sviluppatori. Questa piattaforma viene utilizzata dai fornitori di software per migliorare le esperienze di onboarding degli utenti, migliorare l&#8217;adozione dei prodotti e supportare il self-service dei clienti.<br \/>\nIl software include un builder<strong> drag-and-drop in stile Kanban<\/strong> per la creazione di tour guidati interattivi e checklist passo-passo. Gli utenti possono implementare sondaggi in-app per raccogliere feedback, creare un centro risorse con una knowledge base consultabile e distribuire annunci di funzionalit\u00e0 per informare gli utenti sugli aggiornamenti. Un assistente AI, formato sulla documentazione aziendale, risponde alle domande degli utenti. Offre funzionalit\u00e0 di anteprima immediata per testare i flussi direttamente all&#8217;interno delle applicazioni prima del lancio. <strong>Userflow<\/strong> opera come un livello aggiuntivo rispetto alle applicazioni esistenti, incorporando tooltip, finestre modali, pulsanti e altri elementi interattivi.<\/p>\n<h2>USERFLOW &#8211; TUTORIAL<\/h2>\n<div id=\"fluid-wrapper-counter-1\" class=\"g1-fluid-wrapper \" style=\"width:686px;\">\n<div style=\"padding-bottom:56.268221574344%;\"><iframe loading=\"lazy\" title=\"Userflow - The fastest way to fast user onboarding\" width=\"686\" height=\"386\" src=\"https:\/\/www.youtube.com\/embed\/DIOJZoTBBZc?feature=oembed&amp;wmode=transparent&amp;autohide=1&amp;autoplay=0&amp;disablekb=0&amp;fs=1&amp;loop=0&amp;enablejsapi=1&amp;rel=0&amp;controls=2&amp;showinfo=0&amp;wmode=transparent&amp;autohide=2&amp;autoplay=0&amp;disablekb=0&amp;fs=1&amp;loop=0&amp;enablejsapi=1&amp;rel=0&amp;controls=2&amp;showinfo=1\" frameborder=\"0\" allow=\"accelerometer; autoplay; clipboard-write; encrypted-media; gyroscope; picture-in-picture; web-share\" referrerpolicy=\"strict-origin-when-cross-origin\" allowfullscreen><\/iframe><\/div>\n<\/div>\n<h3>USERFLOW &#8211; CARATTERISTICHE<\/h3>\n<ul>\n<li><strong>Drag and Drop<\/strong>: flussi semplici che si creano praticamente da soli. Date tregua al team di sviluppo. L&#8217; intuitivo generatore di flussi consente a chiunque di creare flussi di onboarding intelligenti ed eleganti con pochi clic.<\/li>\n<li><strong>Generatore Kanban<\/strong>: il generatore in stile Kanban semplifica la creazione rapida dei flussi senza una sola riga di codice.<\/li>\n<li><strong>Completamente personalizzabile e adattabile<\/strong>: personalizza i flussi in base al tuo brand e adattali in base al comportamento dell&#8217;utente.<\/li>\n<li><strong>Selezione intelligente degli elementi<\/strong>: l&#8217;algoritmo di selezione proprietario identifica gli elementi nell&#8217;app utilizzando testo semplice. Niente pi\u00f9 tag manuali.<\/li>\n<li><strong>Avanzamento guidato<\/strong>: gli utenti possono spuntare le attivit\u00e0 man mano che procedono, assicurandosi di completare i passaggi essenziali nell&#8217;ordine corretto.<\/li>\n<li><strong>Passaggi attivati \u200b\u200bautomaticamente<\/strong>: aggiorna dinamicamente le checklist in base al comportamento dell&#8217;utente, in modo che sappiano sempre cosa fare dopo.<\/li>\n<li><strong>Segmentazione mirata<\/strong>: targhettizza gli utenti in base ad attributi come ruolo, piano o coinvolgimento, in modo da non trattare un principiante come un utente esperto.<\/li>\n<li><strong>Indicazioni condizionali<\/strong>: mostra solo ci\u00f2 che conta, ad esempio evidenziando una funzionalit\u00e0 poco utilizzata che l&#8217;utente potrebbe voler provare.<\/li>\n<li><strong>Supporto multilingue:<\/strong> traduci facilmente flussi, checklist e tooltip in pi\u00f9 lingue.<\/li>\n<li><strong>Compatibile con tutti<\/strong>: si integra perfettamente con i tuoi strumenti esistenti, che si tratti di CRM o piattaforme di analisi.<\/li>\n<li><strong>Leggero come una piuma<\/strong>: il design ultraleggero offre una guida immediata senza rallentare la tua app.<\/li>\n<\/ul>\n<h4>LE RECENSIONI DEGLI UTENTI<\/h4>\n<p><strong>Noy &#8220;Servizio straordinario&#8221;<\/strong><br \/>\n<strong>Pro<\/strong>: ci\u00f2 che mi \u00e8 piaciuto di pi\u00f9 \u00e8 il flusso utente della gestione dei dipendenti e la creazione dei moduli, fantastica e molto facile da usare.<br \/>\n<strong>Contro<\/strong>: a dire il vero, mi \u00e8 piaciuto tutto del flusso utente. Il sito web potrebbe funzionare un po&#8217; pi\u00f9 velocemente, ma tutto sembra fantastico.<\/p>\n<p><strong>Keith &#8220;Do una A&#8221;<\/strong><br \/>\n\u00c8 stata un&#8217;esperienza fantastica. Facile da installare, buona navigazione e non ho notato alcun ritardo come ho notato con altri.<br \/>\n<strong>Pro<\/strong>: adoro la facilit\u00e0 di installazione. \u00c8 anche facile da usare, con ottimi menu a discesa. Lo consiglierei ad altre piccole imprese.<br \/>\n<strong>Contro<\/strong>: il costo \u00e8 un po&#8217; alto per le piccole imprese. Il servizio clienti a volte pu\u00f2 essere lento. Tutto qui.<\/p>\n<p><strong>Francois Pascal &#8220;Userflow \u00e8 uno strumento molto utile, intuitivo e facile da usare&#8221;<\/strong><br \/>\n<strong>Pro<\/strong>: esegue la maggior parte delle attivit\u00e0 essenziali per il corretto funzionamento del nostro sito web, dai messaggi di benvenuto ai suggerimenti, dai widget di aiuto alle checklist di onboarding.<br \/>\n<strong>Contro<\/strong>: ad oggi sono molto soddisfatto delle funzionalit\u00e0 di questo strumento e lo consiglio vivamente.<\/p>\n","protected":false},"excerpt":{"rendered":"<p>Userflow \u00e8 un software no-code progettato per l&#8217;onboarding degli utenti. Consente la creazione di tour di prodotto, checklist e sondaggi senza bisogno di assistenza da parte di sviluppatori. Questa piattaforma viene utilizzata dai fornitori di software per migliorare le esperienze di onboarding degli utenti, migliorare l&#8217;adozione dei prodotti e supportare il self-service dei clienti.<\/p>\n","protected":false},"author":19,"featured_media":104030,"parent":99993,"menu_order":0,"comment_status":"open","ping_status":"closed","template":"g1_template_page_review_new.php","meta":{"_acf_changed":false,"cwp_meta_box_check":"Yes","cwp_rev_product_name":"","cwp_rev_product_image":"","wppr_links":[],"cwp_rev_price":"0.00","wppr_options":[{"name":"Usability","value":"0"},{"name":"Speed","value":"0"},{"name":"Features","value":"0"},{"name":"Support","value":"0"},{"name":"Pricing","value":"0"}],"wppr_pros":["","","","",""],"wppr_cons":["","","","",""],"_monsterinsights_skip_tracking":false,"_monsterinsights_sitenote_active":false,"_monsterinsights_sitenote_note":"","_monsterinsights_sitenote_category":0,"footnotes":""},"categories":[16551],"tags":[16554,16571,16573,16556,16572,16603],"features":[],"class_list":{"0":"post-104029","1":"page","2":"type-page","3":"status-publish","4":"has-post-thumbnail","6":"category-piattaforme-no-code-cat","7":"tag-no-code","8":"tag-piattaforma-no-code","9":"tag-programma-no-code","10":"tag-software-no-code","11":"tag-soluzione-no-code","12":"tag-userflow"},"wppr_data":{"cwp_meta_box_check":"Yes","_wppr_review_template":"default","cwp_rev_product_image":"","cwp_image_link":"image","wppr_links":[],"cwp_rev_price":"0.00","wppr_pros":["","","","",""],"wppr_cons":["","","","",""],"wppr_rating":"0.00","wppr_options":{"1":{"name":"Usability","value":"0"},"2":{"name":"Speed","value":"0"},"3":{"name":"Features","value":"0"},"4":{"name":"Support","value":"0"},"5":{"name":"Pricing","value":"0"}},"wppr_review_type":"Product","wppr_review_custom_fields":{"additionalProperty":"","additionalType":"","aggregateRating":"","alternateName":"","audience":"","award":"","awards":"","brand":"","color":"","depth":"","description":"","disambiguatingDescription":"","gtin12":"","gtin13":"","gtin14":"","gtin8":"","height":"","identifier":"","image":"","isAccessoryOrSparePartFor":"","isConsumableFor":"","isRelatedTo":"","isSimilarTo":"","itemCondition":"","logo":"","mainEntityOfPage":"","manufacturer":"","material":"","model":"","mpn":"","name":"","offers":"","potentialAction":"","productID":"","productionDate":"","purchaseDate":"","releaseDate":"","review":"","reviews":"","sameAs":"","sku":"","slogan":"","subjectOf":"","url":"","weight":"","width":""}},"acf":[],"yoast_head":"<!-- This site is optimized with the Yoast SEO plugin v27.4 - https:\/\/yoast.com\/product\/yoast-seo-wordpress\/ -->\n<title>Userflow: recensione piattaforme no code - Accurate Reviews<\/title>\n<meta name=\"description\" content=\"Userflow: recensione software no-code progettato per l&#039;onboarding degli utenti senza bisogno di assistenza da parte di sviluppatori.\" \/>\n<meta name=\"robots\" content=\"index, follow, max-snippet:-1, max-image-preview:large, max-video-preview:-1\" \/>\n<link rel=\"canonical\" href=\"https:\/\/www.accuratereviews.com\/it\/piattaforme-no-code\/userflow-recensione\/\" \/>\n<meta property=\"og:locale\" content=\"it_IT\" \/>\n<meta property=\"og:type\" content=\"article\" \/>\n<meta property=\"og:title\" content=\"Userflow: recensione piattaforme no code - Accurate Reviews\" \/>\n<meta property=\"og:description\" content=\"Userflow: recensione software no-code progettato per l&#039;onboarding degli utenti senza bisogno di assistenza da parte di sviluppatori.\" \/>\n<meta property=\"og:url\" content=\"https:\/\/www.accuratereviews.com\/it\/piattaforme-no-code\/userflow-recensione\/\" \/>\n<meta property=\"og:site_name\" content=\"Accurate Reviews\" \/>\n<meta property=\"article:modified_time\" content=\"2025-10-02T09:59:33+00:00\" \/>\n<meta property=\"og:image\" content=\"https:\/\/www.accuratereviews.com\/wp-content\/uploads\/2025\/10\/userflow_logo.jpeg\" \/>\n\t<meta property=\"og:image:width\" content=\"200\" \/>\n\t<meta property=\"og:image:height\" content=\"200\" \/>\n\t<meta property=\"og:image:type\" content=\"image\/jpeg\" \/>\n<meta name=\"twitter:card\" content=\"summary_large_image\" \/>\n<meta name=\"twitter:label1\" content=\"Tempo di lettura stimato\" \/>\n\t<meta name=\"twitter:data1\" content=\"4 minuti\" \/>\n<script type=\"application\/ld+json\" class=\"yoast-schema-graph\">{\"@context\":\"https:\\\/\\\/schema.org\",\"@graph\":[{\"@type\":\"WebPage\",\"@id\":\"https:\\\/\\\/www.accuratereviews.com\\\/it\\\/piattaforme-no-code\\\/userflow-recensione\\\/\",\"url\":\"https:\\\/\\\/www.accuratereviews.com\\\/it\\\/piattaforme-no-code\\\/userflow-recensione\\\/\",\"name\":\"Userflow: recensione piattaforme no code - Accurate Reviews\",\"isPartOf\":{\"@id\":\"https:\\\/\\\/www.accuratereviews.com\\\/it\\\/#website\"},\"primaryImageOfPage\":{\"@id\":\"https:\\\/\\\/www.accuratereviews.com\\\/it\\\/piattaforme-no-code\\\/userflow-recensione\\\/#primaryimage\"},\"image\":{\"@id\":\"https:\\\/\\\/www.accuratereviews.com\\\/it\\\/piattaforme-no-code\\\/userflow-recensione\\\/#primaryimage\"},\"thumbnailUrl\":\"https:\\\/\\\/www.accuratereviews.com\\\/wp-content\\\/uploads\\\/2025\\\/10\\\/userflow_logo.jpeg\",\"datePublished\":\"2025-10-01T13:12:07+00:00\",\"dateModified\":\"2025-10-02T09:59:33+00:00\",\"description\":\"Userflow: recensione software no-code progettato per l'onboarding degli utenti senza bisogno di assistenza da parte di sviluppatori.\",\"breadcrumb\":{\"@id\":\"https:\\\/\\\/www.accuratereviews.com\\\/it\\\/piattaforme-no-code\\\/userflow-recensione\\\/#breadcrumb\"},\"inLanguage\":\"it-IT\",\"potentialAction\":[{\"@type\":\"ReadAction\",\"target\":[\"https:\\\/\\\/www.accuratereviews.com\\\/it\\\/piattaforme-no-code\\\/userflow-recensione\\\/\"]}]},{\"@type\":\"ImageObject\",\"inLanguage\":\"it-IT\",\"@id\":\"https:\\\/\\\/www.accuratereviews.com\\\/it\\\/piattaforme-no-code\\\/userflow-recensione\\\/#primaryimage\",\"url\":\"https:\\\/\\\/www.accuratereviews.com\\\/wp-content\\\/uploads\\\/2025\\\/10\\\/userflow_logo.jpeg\",\"contentUrl\":\"https:\\\/\\\/www.accuratereviews.com\\\/wp-content\\\/uploads\\\/2025\\\/10\\\/userflow_logo.jpeg\",\"width\":200,\"height\":200},{\"@type\":\"BreadcrumbList\",\"@id\":\"https:\\\/\\\/www.accuratereviews.com\\\/it\\\/piattaforme-no-code\\\/userflow-recensione\\\/#breadcrumb\",\"itemListElement\":[{\"@type\":\"ListItem\",\"position\":1,\"name\":\"Home\",\"item\":\"https:\\\/\\\/www.accuratereviews.com\\\/it\\\/\"},{\"@type\":\"ListItem\",\"position\":2,\"name\":\"Piattaforme no-code\",\"item\":\"https:\\\/\\\/www.accuratereviews.com\\\/it\\\/piattaforme-no-code\\\/\"},{\"@type\":\"ListItem\",\"position\":3,\"name\":\"Userflow\"}]},{\"@type\":\"WebSite\",\"@id\":\"https:\\\/\\\/www.accuratereviews.com\\\/it\\\/#website\",\"url\":\"https:\\\/\\\/www.accuratereviews.com\\\/it\\\/\",\"name\":\"Accurate Reviews\",\"description\":\"\",\"potentialAction\":[{\"@type\":\"SearchAction\",\"target\":{\"@type\":\"EntryPoint\",\"urlTemplate\":\"https:\\\/\\\/www.accuratereviews.com\\\/it\\\/?s={search_term_string}\"},\"query-input\":{\"@type\":\"PropertyValueSpecification\",\"valueRequired\":true,\"valueName\":\"search_term_string\"}}],\"inLanguage\":\"it-IT\"}]}<\/script>\n<!-- \/ Yoast SEO plugin. -->","yoast_head_json":{"title":"Userflow: recensione piattaforme no code - Accurate Reviews","description":"Userflow: recensione software no-code progettato per l'onboarding degli utenti senza bisogno di assistenza da parte di sviluppatori.","robots":{"index":"index","follow":"follow","max-snippet":"max-snippet:-1","max-image-preview":"max-image-preview:large","max-video-preview":"max-video-preview:-1"},"canonical":"https:\/\/www.accuratereviews.com\/it\/piattaforme-no-code\/userflow-recensione\/","og_locale":"it_IT","og_type":"article","og_title":"Userflow: recensione piattaforme no code - Accurate Reviews","og_description":"Userflow: recensione software no-code progettato per l'onboarding degli utenti senza bisogno di assistenza da parte di sviluppatori.","og_url":"https:\/\/www.accuratereviews.com\/it\/piattaforme-no-code\/userflow-recensione\/","og_site_name":"Accurate Reviews","article_modified_time":"2025-10-02T09:59:33+00:00","og_image":[{"width":200,"height":200,"url":"https:\/\/www.accuratereviews.com\/wp-content\/uploads\/2025\/10\/userflow_logo.jpeg","type":"image\/jpeg"}],"twitter_card":"summary_large_image","twitter_misc":{"Tempo di lettura stimato":"4 minuti"},"schema":{"@context":"https:\/\/schema.org","@graph":[{"@type":"WebPage","@id":"https:\/\/www.accuratereviews.com\/it\/piattaforme-no-code\/userflow-recensione\/","url":"https:\/\/www.accuratereviews.com\/it\/piattaforme-no-code\/userflow-recensione\/","name":"Userflow: recensione piattaforme no code - Accurate Reviews","isPartOf":{"@id":"https:\/\/www.accuratereviews.com\/it\/#website"},"primaryImageOfPage":{"@id":"https:\/\/www.accuratereviews.com\/it\/piattaforme-no-code\/userflow-recensione\/#primaryimage"},"image":{"@id":"https:\/\/www.accuratereviews.com\/it\/piattaforme-no-code\/userflow-recensione\/#primaryimage"},"thumbnailUrl":"https:\/\/www.accuratereviews.com\/wp-content\/uploads\/2025\/10\/userflow_logo.jpeg","datePublished":"2025-10-01T13:12:07+00:00","dateModified":"2025-10-02T09:59:33+00:00","description":"Userflow: recensione software no-code progettato per l'onboarding degli utenti senza bisogno di assistenza da parte di sviluppatori.","breadcrumb":{"@id":"https:\/\/www.accuratereviews.com\/it\/piattaforme-no-code\/userflow-recensione\/#breadcrumb"},"inLanguage":"it-IT","potentialAction":[{"@type":"ReadAction","target":["https:\/\/www.accuratereviews.com\/it\/piattaforme-no-code\/userflow-recensione\/"]}]},{"@type":"ImageObject","inLanguage":"it-IT","@id":"https:\/\/www.accuratereviews.com\/it\/piattaforme-no-code\/userflow-recensione\/#primaryimage","url":"https:\/\/www.accuratereviews.com\/wp-content\/uploads\/2025\/10\/userflow_logo.jpeg","contentUrl":"https:\/\/www.accuratereviews.com\/wp-content\/uploads\/2025\/10\/userflow_logo.jpeg","width":200,"height":200},{"@type":"BreadcrumbList","@id":"https:\/\/www.accuratereviews.com\/it\/piattaforme-no-code\/userflow-recensione\/#breadcrumb","itemListElement":[{"@type":"ListItem","position":1,"name":"Home","item":"https:\/\/www.accuratereviews.com\/it\/"},{"@type":"ListItem","position":2,"name":"Piattaforme no-code","item":"https:\/\/www.accuratereviews.com\/it\/piattaforme-no-code\/"},{"@type":"ListItem","position":3,"name":"Userflow"}]},{"@type":"WebSite","@id":"https:\/\/www.accuratereviews.com\/it\/#website","url":"https:\/\/www.accuratereviews.com\/it\/","name":"Accurate Reviews","description":"","potentialAction":[{"@type":"SearchAction","target":{"@type":"EntryPoint","urlTemplate":"https:\/\/www.accuratereviews.com\/it\/?s={search_term_string}"},"query-input":{"@type":"PropertyValueSpecification","valueRequired":true,"valueName":"search_term_string"}}],"inLanguage":"it-IT"}]}},"_links":{"self":[{"href":"https:\/\/www.accuratereviews.com\/it\/wp-json\/wp\/v2\/pages\/104029","targetHints":{"allow":["GET"]}}],"collection":[{"href":"https:\/\/www.accuratereviews.com\/it\/wp-json\/wp\/v2\/pages"}],"about":[{"href":"https:\/\/www.accuratereviews.com\/it\/wp-json\/wp\/v2\/types\/page"}],"author":[{"embeddable":true,"href":"https:\/\/www.accuratereviews.com\/it\/wp-json\/wp\/v2\/users\/19"}],"replies":[{"embeddable":true,"href":"https:\/\/www.accuratereviews.com\/it\/wp-json\/wp\/v2\/comments?post=104029"}],"version-history":[{"count":12,"href":"https:\/\/www.accuratereviews.com\/it\/wp-json\/wp\/v2\/pages\/104029\/revisions"}],"predecessor-version":[{"id":104116,"href":"https:\/\/www.accuratereviews.com\/it\/wp-json\/wp\/v2\/pages\/104029\/revisions\/104116"}],"up":[{"embeddable":true,"href":"https:\/\/www.accuratereviews.com\/it\/wp-json\/wp\/v2\/pages\/99993"}],"wp:featuredmedia":[{"embeddable":true,"href":"https:\/\/www.accuratereviews.com\/it\/wp-json\/wp\/v2\/media\/104030"}],"wp:attachment":[{"href":"https:\/\/www.accuratereviews.com\/it\/wp-json\/wp\/v2\/media?parent=104029"}],"wp:term":[{"taxonomy":"category","embeddable":true,"href":"https:\/\/www.accuratereviews.com\/it\/wp-json\/wp\/v2\/categories?post=104029"},{"taxonomy":"post_tag","embeddable":true,"href":"https:\/\/www.accuratereviews.com\/it\/wp-json\/wp\/v2\/tags?post=104029"},{"taxonomy":"features","embeddable":true,"href":"https:\/\/www.accuratereviews.com\/it\/wp-json\/wp\/v2\/features?post=104029"}],"curies":[{"name":"wp","href":"https:\/\/api.w.org\/{rel}","templated":true}]}}