{"id":104104,"date":"2025-10-02T21:33:51","date_gmt":"2025-10-02T21:33:51","guid":{"rendered":"https:\/\/www.accuratereviews.com\/?page_id=104104"},"modified":"2025-10-02T21:33:51","modified_gmt":"2025-10-02T21:33:51","slug":"prestavi-recensione","status":"publish","type":"page","link":"https:\/\/www.accuratereviews.com\/it\/piattaforme-no-code\/prestavi-recensione\/","title":{"rendered":"Prestavi"},"content":{"rendered":"<p><strong>Prestavi<\/strong> semplifica la gestione dei processi aziendali passo dopo passo per clienti, fornitori e dipendenti. Crea flussi di lavoro personalizzati con un <strong>editor drag-and-drop<\/strong> semplice ma potente. \u00a0I membri del team possono accedere all&#8217;editor di flussi di lavoro drag-and-drop, gestire gli assegnatari e configurare i diritti di accesso degli utenti. Aiuta gli amministratori a eliminare le attivit\u00e0 ripetitive, sistematizzare i flussi di lavoro, misurare le interruzioni tra i team e altro ancora. Garantisce la conformit\u00e0 alle linee guida GDPA (General Data Protection Act) e HIPAA (Health Insurance Portability and Accountability Act).<\/p>\n<h2>PRESTAVI &#8211; TUTORIAL<\/h2>\n<div id=\"fluid-wrapper-counter-1\" class=\"g1-fluid-wrapper \" style=\"width:686px;\">\n<div style=\"padding-bottom:56.268221574344%;\"><iframe loading=\"lazy\" title=\"Prestavi Silent Overview\" width=\"515\" height=\"386\" src=\"https:\/\/www.youtube.com\/embed\/9XD-biiGeyM?feature=oembed&amp;wmode=transparent&amp;autohide=1&amp;autoplay=0&amp;disablekb=0&amp;fs=1&amp;loop=0&amp;enablejsapi=1&amp;rel=0&amp;controls=2&amp;showinfo=0&amp;wmode=transparent&amp;autohide=2&amp;autoplay=0&amp;disablekb=0&amp;fs=1&amp;loop=0&amp;enablejsapi=1&amp;rel=0&amp;controls=2&amp;showinfo=1\" frameborder=\"0\" allow=\"accelerometer; autoplay; clipboard-write; encrypted-media; gyroscope; picture-in-picture; web-share\" referrerpolicy=\"strict-origin-when-cross-origin\" allowfullscreen><\/iframe><\/div>\n<\/div>\n<h3>PRESTAVI &#8211; CARATTERISTICHE<\/h3>\n<ul>\n<li><strong>Crea e scala i tuoi processi aziendali<\/strong>: offre il modo pi\u00f9 semplice e intuitivo per descrivere visivamente i tuoi processi aziendali. Personalizzato per la tua organizzazione, ogni fase pu\u00f2 avere una serie di opzioni, come assegnazioni, controllo degli accessi, contenuti e routing.<\/li>\n<li><strong>Tutto senza dover diventare un esperto nella scrittura di formule<\/strong>: Il routing tra gli elementi del tuo flusso di lavoro pu\u00f2 essere semplice come passare direttamente da una fase all&#8217;altra o complesso come utilizzare pi\u00f9 condizioni che includono variabili da dati esterni e tutto il resto.<\/li>\n<li><strong>Aggiungi una variet\u00e0 di contenuti ai passaggi del tuo flusso di lavoro<\/strong>: ogni fase pu\u00f2 contenere contenuti che una o pi\u00f9 persone possono visualizzare o completare. La soluzione offre una variet\u00e0 di tipi di contenuto diversi, tra cui testo formattato, moduli, attivit\u00e0, immagini e opzioni di formattazione come linee e spaziatori aggiuntivi. Puoi anche mostrare blocchi di contenuto solo quando vengono soddisfatte le tue condizioni specifiche.<\/li>\n<li><strong>Potenti assegnazioni utente<\/strong>: puoi assegnare una o pi\u00f9 persone specifiche a una fase, assegnare a tutti un ruolo specifico o persino a qualcuno che ha completato una fase precedente.<\/li>\n<li><strong>Consenti l&#8217;accesso a persone esterne alla tua organizzazione per tutte o solo per fasi specifiche<\/strong>: se il tuo processo coinvolge persone esterne alla tua organizzazione, concedi loro l&#8217;accesso per completare una o pi\u00f9 fasi specifiche con un collegamento univoco.<\/li>\n<li><strong>Instrada sempre verso la destinazione corretta<\/strong>: raccogli automaticamente le informazioni necessarie per indirizzare i processi tra una fase e l&#8217;altra e assicurati che vengano sempre indirizzate al posto giusto o alla persona giusta.<\/li>\n<li><strong>Mostra alle persone ci\u00f2 che devono sapere<\/strong>: non far perdere tempo agli utenti aprendo diverse applicazioni. Mostra loro automaticamente le informazioni direttamente nel processo su cui stanno lavorando.<\/li>\n<\/ul>\n<h4>LE RECENSIONI DEGLI UTENTI<\/h4>\n<p><strong>Marina &#8220;Intuitivo e senza soluzione di continuit\u00e0&#8221;<\/strong><br \/>\nPrestavi ci aiuta, in qualit\u00e0 di agenti, a gestire una chiamata in modo efficiente, senza trascurare informazioni chiave. Prestavi garantisce inoltre il corretto instradamento, in modo che ogni chiamata venga sempre elaborata nel modo corretto.<br \/>\n<strong>Pro<\/strong>: Prestavi \u00e8 stato fantastico per la nostra azienda e si \u00e8 integrato perfettamente nel nostro flusso di lavoro. Il supporto degli sviluppatori \u00e8 sempre rapido e cordiale. Prestavi \u00e8 stato facile da imparare e aiuta i nostri agenti a gestire chiamate complesse con facilit\u00e0 ed efficienza.<br \/>\n<strong>Contro<\/strong>: non ho nulla da ridire su Prestavi! Finora si \u00e8 dimostrato molto personalizzabile e ci piace trovare modi per adattarlo ulteriormente alle esigenze della nostra azienda.<\/p>\n<p><strong>Anthony &#8220;Unire i processi in team&#8221;<\/strong><br \/>\n\u00c8 vantaggioso avere un lavoro pi\u00f9 organizzato con il mio team per completare i processi pi\u00f9 velocemente e sotto la supervisione di tutti.<br \/>\n<strong>Pro<\/strong>: il flusso di lavoro \u00e8 pi\u00f9 semplice grazie alla possibilit\u00e0 di automatizzare i processi, contribuendo a ridurre il carico di lavoro di alcuni processi che richiedevano pi\u00f9 tempo per essere sviluppati. Tutto in un team \u00e8 pi\u00f9 organizzato e pi\u00f9 veloce nel completare il lavoro, tenendo traccia di tutti gli sviluppi in corso. Il sistema \u00e8 stato molto facile da imparare a usare e, grazie al supporto intuitivo, \u00e8 stato possibile completare la configurazione.<br \/>\n<strong>Contro<\/strong>: non mi piace la performance di sovraccarico che a volte ha difficolt\u00e0 a caricare quando ci sono molti utenti nello stesso processo<\/p>\n<p><strong>Taren &#8220;Software solido&#8221;<\/strong><br \/>\n<strong>Pro<\/strong>: questo software semplifica l&#8217;inserimento e l&#8217;archiviazione delle informazioni sui clienti.<br \/>\n<strong>Contro<\/strong>: a volte si verificano dei problemi nel caricamento di tutte le informazioni necessarie.<\/p>\n","protected":false},"excerpt":{"rendered":"<p>Prestavi semplifica la gestione dei processi aziendali passo dopo passo per clienti, fornitori e dipendenti. Crea flussi di lavoro personalizzati con un editor drag-and-drop semplice ma potente. \u00a0I membri del team possono accedere all&#8217;editor di flussi di lavoro drag-and-drop, gestire gli assegnatari e configurare i diritti di accesso degli utenti.<\/p>\n","protected":false},"author":19,"featured_media":104105,"parent":99993,"menu_order":0,"comment_status":"open","ping_status":"closed","template":"g1_template_page_review_new.php","meta":{"_acf_changed":false,"cwp_meta_box_check":"Yes","cwp_rev_product_name":"","cwp_rev_product_image":"","wppr_links":[],"cwp_rev_price":"0.00","wppr_options":[{"name":"Usability","value":"0"},{"name":"Speed","value":"0"},{"name":"Features","value":"0"},{"name":"Support","value":"0"},{"name":"Pricing","value":"0"}],"wppr_pros":["","","","",""],"wppr_cons":["","","","",""],"_monsterinsights_skip_tracking":false,"_monsterinsights_sitenote_active":false,"_monsterinsights_sitenote_note":"","_monsterinsights_sitenote_category":0,"footnotes":""},"categories":[16551],"tags":[16554,16571,16615,16573,16556,16572],"features":[],"class_list":{"0":"post-104104","1":"page","2":"type-page","3":"status-publish","4":"has-post-thumbnail","6":"category-piattaforme-no-code-cat","7":"tag-no-code","8":"tag-piattaforma-no-code","9":"tag-prestavi","10":"tag-programma-no-code","11":"tag-software-no-code","12":"tag-soluzione-no-code"},"wppr_data":{"cwp_meta_box_check":"Yes","_wppr_review_template":"default","cwp_rev_product_image":"","cwp_image_link":"image","wppr_links":[],"cwp_rev_price":"0.00","wppr_pros":["","","","",""],"wppr_cons":["","","","",""],"wppr_rating":"0.00","wppr_options":{"1":{"name":"Usability","value":"0"},"2":{"name":"Speed","value":"0"},"3":{"name":"Features","value":"0"},"4":{"name":"Support","value":"0"},"5":{"name":"Pricing","value":"0"}},"wppr_review_type":"Product","wppr_review_custom_fields":{"additionalProperty":"","additionalType":"","aggregateRating":"","alternateName":"","audience":"","award":"","awards":"","brand":"","color":"","depth":"","description":"","disambiguatingDescription":"","gtin12":"","gtin13":"","gtin14":"","gtin8":"","height":"","identifier":"","image":"","isAccessoryOrSparePartFor":"","isConsumableFor":"","isRelatedTo":"","isSimilarTo":"","itemCondition":"","logo":"","mainEntityOfPage":"","manufacturer":"","material":"","model":"","mpn":"","name":"","offers":"","potentialAction":"","productID":"","productionDate":"","purchaseDate":"","releaseDate":"","review":"","reviews":"","sameAs":"","sku":"","slogan":"","subjectOf":"","url":"","weight":"","width":""}},"acf":[],"yoast_head":"<!-- This site is optimized with the Yoast SEO plugin v27.4 - https:\/\/yoast.com\/product\/yoast-seo-wordpress\/ -->\n<title>Prestavi: recensione piattaforma no code - Accurate Reviews<\/title>\n<meta name=\"description\" content=\"Prestavi: recensione soluzione che semplifica la gestione dei processi aziendali passo dopo passo per clienti, fornitori e dipendenti.\" \/>\n<meta name=\"robots\" content=\"index, follow, max-snippet:-1, max-image-preview:large, max-video-preview:-1\" \/>\n<link rel=\"canonical\" href=\"https:\/\/www.accuratereviews.com\/it\/piattaforme-no-code\/prestavi-recensione\/\" \/>\n<meta property=\"og:locale\" content=\"it_IT\" \/>\n<meta property=\"og:type\" content=\"article\" \/>\n<meta property=\"og:title\" content=\"Prestavi: recensione piattaforma no code - Accurate Reviews\" \/>\n<meta property=\"og:description\" content=\"Prestavi: recensione soluzione che semplifica la gestione dei processi aziendali passo dopo passo per clienti, fornitori e dipendenti.\" \/>\n<meta property=\"og:url\" content=\"https:\/\/www.accuratereviews.com\/it\/piattaforme-no-code\/prestavi-recensione\/\" \/>\n<meta property=\"og:site_name\" content=\"Accurate Reviews\" \/>\n<meta property=\"og:image\" content=\"https:\/\/www.accuratereviews.com\/wp-content\/uploads\/2025\/10\/prestavi.png\" \/>\n\t<meta property=\"og:image:width\" content=\"225\" \/>\n\t<meta property=\"og:image:height\" content=\"225\" \/>\n\t<meta property=\"og:image:type\" content=\"image\/png\" \/>\n<meta name=\"twitter:card\" content=\"summary_large_image\" \/>\n<meta name=\"twitter:label1\" content=\"Tempo di lettura stimato\" \/>\n\t<meta name=\"twitter:data1\" content=\"5 minuti\" \/>\n<script type=\"application\/ld+json\" class=\"yoast-schema-graph\">{\"@context\":\"https:\\\/\\\/schema.org\",\"@graph\":[{\"@type\":\"WebPage\",\"@id\":\"https:\\\/\\\/www.accuratereviews.com\\\/it\\\/piattaforme-no-code\\\/prestavi-recensione\\\/\",\"url\":\"https:\\\/\\\/www.accuratereviews.com\\\/it\\\/piattaforme-no-code\\\/prestavi-recensione\\\/\",\"name\":\"Prestavi: recensione piattaforma no code - Accurate Reviews\",\"isPartOf\":{\"@id\":\"https:\\\/\\\/www.accuratereviews.com\\\/it\\\/#website\"},\"primaryImageOfPage\":{\"@id\":\"https:\\\/\\\/www.accuratereviews.com\\\/it\\\/piattaforme-no-code\\\/prestavi-recensione\\\/#primaryimage\"},\"image\":{\"@id\":\"https:\\\/\\\/www.accuratereviews.com\\\/it\\\/piattaforme-no-code\\\/prestavi-recensione\\\/#primaryimage\"},\"thumbnailUrl\":\"https:\\\/\\\/www.accuratereviews.com\\\/wp-content\\\/uploads\\\/2025\\\/10\\\/prestavi.png\",\"datePublished\":\"2025-10-02T21:33:51+00:00\",\"description\":\"Prestavi: recensione soluzione che semplifica la gestione dei processi aziendali passo dopo passo per clienti, fornitori e dipendenti.\",\"breadcrumb\":{\"@id\":\"https:\\\/\\\/www.accuratereviews.com\\\/it\\\/piattaforme-no-code\\\/prestavi-recensione\\\/#breadcrumb\"},\"inLanguage\":\"it-IT\",\"potentialAction\":[{\"@type\":\"ReadAction\",\"target\":[\"https:\\\/\\\/www.accuratereviews.com\\\/it\\\/piattaforme-no-code\\\/prestavi-recensione\\\/\"]}]},{\"@type\":\"ImageObject\",\"inLanguage\":\"it-IT\",\"@id\":\"https:\\\/\\\/www.accuratereviews.com\\\/it\\\/piattaforme-no-code\\\/prestavi-recensione\\\/#primaryimage\",\"url\":\"https:\\\/\\\/www.accuratereviews.com\\\/wp-content\\\/uploads\\\/2025\\\/10\\\/prestavi.png\",\"contentUrl\":\"https:\\\/\\\/www.accuratereviews.com\\\/wp-content\\\/uploads\\\/2025\\\/10\\\/prestavi.png\",\"width\":225,\"height\":225},{\"@type\":\"BreadcrumbList\",\"@id\":\"https:\\\/\\\/www.accuratereviews.com\\\/it\\\/piattaforme-no-code\\\/prestavi-recensione\\\/#breadcrumb\",\"itemListElement\":[{\"@type\":\"ListItem\",\"position\":1,\"name\":\"Home\",\"item\":\"https:\\\/\\\/www.accuratereviews.com\\\/it\\\/\"},{\"@type\":\"ListItem\",\"position\":2,\"name\":\"Piattaforme no-code\",\"item\":\"https:\\\/\\\/www.accuratereviews.com\\\/it\\\/piattaforme-no-code\\\/\"},{\"@type\":\"ListItem\",\"position\":3,\"name\":\"Prestavi\"}]},{\"@type\":\"WebSite\",\"@id\":\"https:\\\/\\\/www.accuratereviews.com\\\/it\\\/#website\",\"url\":\"https:\\\/\\\/www.accuratereviews.com\\\/it\\\/\",\"name\":\"Accurate Reviews\",\"description\":\"\",\"potentialAction\":[{\"@type\":\"SearchAction\",\"target\":{\"@type\":\"EntryPoint\",\"urlTemplate\":\"https:\\\/\\\/www.accuratereviews.com\\\/it\\\/?s={search_term_string}\"},\"query-input\":{\"@type\":\"PropertyValueSpecification\",\"valueRequired\":true,\"valueName\":\"search_term_string\"}}],\"inLanguage\":\"it-IT\"}]}<\/script>\n<!-- \/ Yoast SEO plugin. -->","yoast_head_json":{"title":"Prestavi: recensione piattaforma no code - Accurate Reviews","description":"Prestavi: recensione soluzione che semplifica la gestione dei processi aziendali passo dopo passo per clienti, fornitori e dipendenti.","robots":{"index":"index","follow":"follow","max-snippet":"max-snippet:-1","max-image-preview":"max-image-preview:large","max-video-preview":"max-video-preview:-1"},"canonical":"https:\/\/www.accuratereviews.com\/it\/piattaforme-no-code\/prestavi-recensione\/","og_locale":"it_IT","og_type":"article","og_title":"Prestavi: recensione piattaforma no code - Accurate Reviews","og_description":"Prestavi: recensione soluzione che semplifica la gestione dei processi aziendali passo dopo passo per clienti, fornitori e dipendenti.","og_url":"https:\/\/www.accuratereviews.com\/it\/piattaforme-no-code\/prestavi-recensione\/","og_site_name":"Accurate Reviews","og_image":[{"width":225,"height":225,"url":"https:\/\/www.accuratereviews.com\/wp-content\/uploads\/2025\/10\/prestavi.png","type":"image\/png"}],"twitter_card":"summary_large_image","twitter_misc":{"Tempo di lettura stimato":"5 minuti"},"schema":{"@context":"https:\/\/schema.org","@graph":[{"@type":"WebPage","@id":"https:\/\/www.accuratereviews.com\/it\/piattaforme-no-code\/prestavi-recensione\/","url":"https:\/\/www.accuratereviews.com\/it\/piattaforme-no-code\/prestavi-recensione\/","name":"Prestavi: recensione piattaforma no code - Accurate Reviews","isPartOf":{"@id":"https:\/\/www.accuratereviews.com\/it\/#website"},"primaryImageOfPage":{"@id":"https:\/\/www.accuratereviews.com\/it\/piattaforme-no-code\/prestavi-recensione\/#primaryimage"},"image":{"@id":"https:\/\/www.accuratereviews.com\/it\/piattaforme-no-code\/prestavi-recensione\/#primaryimage"},"thumbnailUrl":"https:\/\/www.accuratereviews.com\/wp-content\/uploads\/2025\/10\/prestavi.png","datePublished":"2025-10-02T21:33:51+00:00","description":"Prestavi: recensione soluzione che semplifica la gestione dei processi aziendali passo dopo passo per clienti, fornitori e dipendenti.","breadcrumb":{"@id":"https:\/\/www.accuratereviews.com\/it\/piattaforme-no-code\/prestavi-recensione\/#breadcrumb"},"inLanguage":"it-IT","potentialAction":[{"@type":"ReadAction","target":["https:\/\/www.accuratereviews.com\/it\/piattaforme-no-code\/prestavi-recensione\/"]}]},{"@type":"ImageObject","inLanguage":"it-IT","@id":"https:\/\/www.accuratereviews.com\/it\/piattaforme-no-code\/prestavi-recensione\/#primaryimage","url":"https:\/\/www.accuratereviews.com\/wp-content\/uploads\/2025\/10\/prestavi.png","contentUrl":"https:\/\/www.accuratereviews.com\/wp-content\/uploads\/2025\/10\/prestavi.png","width":225,"height":225},{"@type":"BreadcrumbList","@id":"https:\/\/www.accuratereviews.com\/it\/piattaforme-no-code\/prestavi-recensione\/#breadcrumb","itemListElement":[{"@type":"ListItem","position":1,"name":"Home","item":"https:\/\/www.accuratereviews.com\/it\/"},{"@type":"ListItem","position":2,"name":"Piattaforme no-code","item":"https:\/\/www.accuratereviews.com\/it\/piattaforme-no-code\/"},{"@type":"ListItem","position":3,"name":"Prestavi"}]},{"@type":"WebSite","@id":"https:\/\/www.accuratereviews.com\/it\/#website","url":"https:\/\/www.accuratereviews.com\/it\/","name":"Accurate Reviews","description":"","potentialAction":[{"@type":"SearchAction","target":{"@type":"EntryPoint","urlTemplate":"https:\/\/www.accuratereviews.com\/it\/?s={search_term_string}"},"query-input":{"@type":"PropertyValueSpecification","valueRequired":true,"valueName":"search_term_string"}}],"inLanguage":"it-IT"}]}},"_links":{"self":[{"href":"https:\/\/www.accuratereviews.com\/it\/wp-json\/wp\/v2\/pages\/104104","targetHints":{"allow":["GET"]}}],"collection":[{"href":"https:\/\/www.accuratereviews.com\/it\/wp-json\/wp\/v2\/pages"}],"about":[{"href":"https:\/\/www.accuratereviews.com\/it\/wp-json\/wp\/v2\/types\/page"}],"author":[{"embeddable":true,"href":"https:\/\/www.accuratereviews.com\/it\/wp-json\/wp\/v2\/users\/19"}],"replies":[{"embeddable":true,"href":"https:\/\/www.accuratereviews.com\/it\/wp-json\/wp\/v2\/comments?post=104104"}],"version-history":[{"count":8,"href":"https:\/\/www.accuratereviews.com\/it\/wp-json\/wp\/v2\/pages\/104104\/revisions"}],"predecessor-version":[{"id":104124,"href":"https:\/\/www.accuratereviews.com\/it\/wp-json\/wp\/v2\/pages\/104104\/revisions\/104124"}],"up":[{"embeddable":true,"href":"https:\/\/www.accuratereviews.com\/it\/wp-json\/wp\/v2\/pages\/99993"}],"wp:featuredmedia":[{"embeddable":true,"href":"https:\/\/www.accuratereviews.com\/it\/wp-json\/wp\/v2\/media\/104105"}],"wp:attachment":[{"href":"https:\/\/www.accuratereviews.com\/it\/wp-json\/wp\/v2\/media?parent=104104"}],"wp:term":[{"taxonomy":"category","embeddable":true,"href":"https:\/\/www.accuratereviews.com\/it\/wp-json\/wp\/v2\/categories?post=104104"},{"taxonomy":"post_tag","embeddable":true,"href":"https:\/\/www.accuratereviews.com\/it\/wp-json\/wp\/v2\/tags?post=104104"},{"taxonomy":"features","embeddable":true,"href":"https:\/\/www.accuratereviews.com\/it\/wp-json\/wp\/v2\/features?post=104104"}],"curies":[{"name":"wp","href":"https:\/\/api.w.org\/{rel}","templated":true}]}}