{"id":104136,"date":"2025-10-06T15:22:37","date_gmt":"2025-10-06T15:22:37","guid":{"rendered":"https:\/\/www.accuratereviews.com\/?page_id=104136"},"modified":"2025-10-06T15:22:37","modified_gmt":"2025-10-06T15:22:37","slug":"jamio-openwork-recensione","status":"publish","type":"page","link":"https:\/\/www.accuratereviews.com\/it\/piattaforme-no-code\/jamio-openwork-recensione\/","title":{"rendered":"Jamio Openwork"},"content":{"rendered":"<p><strong>Jamio Openwork<\/strong> \u00e8 una piattaforma di gestione dei processi aziendali senza codice, progettata per creare applicazioni <strong>cloud<\/strong>. Le applicazioni create sulla piattaforma aiutano le aziende a guidare la trasformazione digitale. Pu\u00f2<strong> automatizzare e semplificare le procedure aziendali<\/strong>, gestire documenti, offrire strumenti di collaborazione e molto altro.<br \/>\nGrazie alla funzionalit\u00e0 drag-and-drop, <strong>Jamio Openwork <\/strong>consente alle aziende di creare applicazioni personalizzate che gestiscono i flussi di lavoro, ottimizzano la produttivit\u00e0 e si integrano perfettamente con i sistemi legacy e gli ERP.<\/p>\n<h2>JAMIO OPENWORK &#8211; TUTORIAL<\/h2>\n<div id=\"fluid-wrapper-counter-1\" class=\"g1-fluid-wrapper \" style=\"width:686px;\">\n<div style=\"padding-bottom:56.268221574344%;\"><iframe loading=\"lazy\" title=\"Jamio openwork: 5 Modellare un processo - seconda parte\" width=\"686\" height=\"386\" src=\"https:\/\/www.youtube.com\/embed\/qKRy0XyM_XA?feature=oembed&amp;wmode=transparent&amp;autohide=1&amp;autoplay=0&amp;disablekb=0&amp;fs=1&amp;loop=0&amp;enablejsapi=1&amp;rel=0&amp;controls=2&amp;showinfo=0&amp;wmode=transparent&amp;autohide=2&amp;autoplay=0&amp;disablekb=0&amp;fs=1&amp;loop=0&amp;enablejsapi=1&amp;rel=0&amp;controls=2&amp;showinfo=1\" frameborder=\"0\" allow=\"accelerometer; autoplay; clipboard-write; encrypted-media; gyroscope; picture-in-picture; web-share\" referrerpolicy=\"strict-origin-when-cross-origin\" allowfullscreen><\/iframe><\/div>\n<\/div>\n<h3>JAMIO OPENWORK &#8211; CARATTERISTICHE<\/h3>\n<div class=\"n4sEPd\">\n<div class=\"FFpbKc\">\n<div class=\"xMmqsf\">\n<div class=\"nidPne\">\n<div data-show-delay-ms=\"250\" data-append-to-body=\"true\" data-propagate-tooltip-mouseover-events=\"true\" data-anchor-corner=\"bottom-left\" data-enable-skip-handler=\"true\" data-popup-corner=\"top-left\">\n<div class=\"dig2sb\">\n<div class=\"scLCMd\">\n<ul>\n<li id=\"itamenu\"><span class=\"jCAhz ChMk0b\"><span class=\"ryNqvb\">Mostrare interfacce utente differenziate<\/span><\/span><\/li>\n<li><span class=\"jCAhz\"><span class=\"ryNqvb\">Consentire l&#8217;accesso e le informazioni<\/span><\/span><\/li>\n<li><span class=\"jCAhz ChMk0b\"><span class=\"ryNqvb\">Definire i diritti di esecuzione di processi e attivit\u00e0<\/span><\/span><\/li>\n<li><span class=\"jCAhz ChMk0b\"><span class=\"ryNqvb\">Assegnare in modo puntuale i diritti CRUD (crea &#8211; leggi &#8211; aggiorna &#8211; elimina)<\/span><\/span><\/li>\n<li><span class=\"jCAhz ChMk0b\"><span class=\"ryNqvb\">Disegna processi aziendali con il linguaggio del business<\/span><\/span><\/li>\n<li><span class=\"jCAhz ChMk0b\"><span class=\"ryNqvb\">Modella e modifica rapidamente le soluzioni<\/span><\/span><\/li>\n<li><span class=\"jCAhz ChMk0b\"><span class=\"ryNqvb\">Rendi gli applicativi immediatamente utilizzabili su Cloud<\/span><\/span><\/li>\n<li><span class=\"jCAhz ChMk0b\"><span class=\"ryNqvb\">La sequenza delle attivit\u00e0 distinte in processi e sottoprocessi<\/span><\/span><\/li>\n<li><span class=\"jCAhz ChMk0b\"><span class=\"ryNqvb\">Costruire flussi di lavoro complessi di gestione documentale con cicli approvativi o di lavorazione\/ smistamento\/distribuzione<\/span><\/span><\/li>\n<li><span class=\"jCAhz\"><span class=\"ryNqvb\">Realizzare automazioni documentali<\/span><\/span><\/li>\n<li><span class=\"jCAhz ChMk0b\"><span class=\"ryNqvb\">Risparmia tempo e denaro<\/span><\/span><\/li>\n<li><span class=\"jCAhz\"><span class=\"ryNqvb\">Decide ruoli e autorizzazioni per gestire documenti specifici<\/span><\/span><\/li>\n<li><span class=\"jCAhz\"><span class=\"ryNqvb\">Applicare la firma elettronica (semplice o avanzata)<\/span><\/span><\/li>\n<\/ul>\n<h4>LE RECENSIONI DEGLI UTENTI<\/h4>\n<p><strong>Angelo &#8220;Ottimo per l&#8217;automazione di processi&#8221;<\/strong><br \/>\n<strong>Pro<\/strong>: Stiamo utilizzano Jamio Openwork per l&#8217;automazione di alcuni processi aziendali.. Ho apprezzato particolarmente la facilit\u00e0 di utilizzo. Ottimo il livello del supporto tecnico fornito soprattutto in fase di avvio. I processi creati risultano chiari e di semplice utilizzo per i nostri utenti interni.<br \/>\n<strong>Contro<\/strong>: Niente di particolarmente rilevante&#8230;..<\/p>\n<p><strong>Alessandro &#8220;Jamio per le PEC&#8221;<\/strong><br \/>\nVelocit\u00e0 nella gestione delle caselle di posta PEC che iniziavano ad essere un problema, vista la quantit\u00e0, gestite tramite webmail.<br \/>\n<strong>Pro<\/strong>: comodit\u00e0 e semplicit\u00e0 nella gestione di pi\u00f9 caselle di posta PEC<br \/>\n<strong>Contro<\/strong>: configurazione un p\u00f2 macchinosa all&#8217;inizio. Interfaccia utente migliorabile<\/p>\n<p><strong>Graciela &#8220;Un ottimo software per automatizzare il tuo business&#8221;<\/strong><br \/>\nMi piace molto questo software, \u00e8 assolutamente utile e facile da capire<br \/>\n<strong>Pro<\/strong>: Questo software ti offre un&#8217;ottima opzione, grazie a questo software puoi creare i tuoi programmi o creare diverse funzioni per la tua attivit\u00e0. Questo software \u00e8 davvero facile da usare, grazie a questo software puoi automatizzare la tua attivit\u00e0 e semplificare molto lavoro.<br \/>\n<strong>Contro<\/strong>: Non mi piacciono le opzioni, a volte non sono specifiche o non spiegano la funzione reale. Penso che le opzioni siano davvero utili, ma per un nuovo utente possono essere difficili da capire.<\/p>\n<\/div>\n<\/div>\n<\/div>\n<\/div>\n<\/div>\n<\/div>\n<\/div>\n","protected":false},"excerpt":{"rendered":"<p>Jamio Openwork \u00e8 una piattaforma di gestione dei processi aziendali senza codice, progettata per creare applicazioni cloud. Le applicazioni create sulla piattaforma aiutano le aziende a guidare la trasformazione digitale. Pu\u00f2 automatizzare e semplificare le procedure aziendali, gestire documenti, offrire strumenti di collaborazione e molto altro.<\/p>\n","protected":false},"author":19,"featured_media":104143,"parent":99993,"menu_order":0,"comment_status":"open","ping_status":"closed","template":"g1_template_page_review_new.php","meta":{"_acf_changed":false,"cwp_meta_box_check":"Yes","cwp_rev_product_name":"","cwp_rev_product_image":"","wppr_links":[],"cwp_rev_price":"0.00","wppr_options":[{"name":"Usability","value":"0"},{"name":"Speed","value":"0"},{"name":"Features","value":"0"},{"name":"Support","value":"0"},{"name":"Pricing","value":"0"}],"wppr_pros":["","","","",""],"wppr_cons":["","","","",""],"_monsterinsights_skip_tracking":false,"_monsterinsights_sitenote_active":false,"_monsterinsights_sitenote_note":"","_monsterinsights_sitenote_category":0,"footnotes":""},"categories":[16551],"tags":[16616,16554,16571,16573,16556,16572],"features":[],"class_list":{"0":"post-104136","1":"page","2":"type-page","3":"status-publish","4":"has-post-thumbnail","6":"category-piattaforme-no-code-cat","7":"tag-jamio-openwork","8":"tag-no-code","9":"tag-piattaforma-no-code","10":"tag-programma-no-code","11":"tag-software-no-code","12":"tag-soluzione-no-code"},"wppr_data":{"cwp_meta_box_check":"Yes","_wppr_review_template":"default","cwp_rev_product_image":"","cwp_image_link":"image","wppr_links":[],"cwp_rev_price":"0.00","wppr_pros":["","","","",""],"wppr_cons":["","","","",""],"wppr_rating":"0.00","wppr_options":{"1":{"name":"Usability","value":"0"},"2":{"name":"Speed","value":"0"},"3":{"name":"Features","value":"0"},"4":{"name":"Support","value":"0"},"5":{"name":"Pricing","value":"0"}},"wppr_review_type":"Product","wppr_review_custom_fields":{"additionalProperty":"","additionalType":"","aggregateRating":"","alternateName":"","audience":"","award":"","awards":"","brand":"","color":"","depth":"","description":"","disambiguatingDescription":"","gtin12":"","gtin13":"","gtin14":"","gtin8":"","height":"","identifier":"","image":"","isAccessoryOrSparePartFor":"","isConsumableFor":"","isRelatedTo":"","isSimilarTo":"","itemCondition":"","logo":"","mainEntityOfPage":"","manufacturer":"","material":"","model":"","mpn":"","name":"","offers":"","potentialAction":"","productID":"","productionDate":"","purchaseDate":"","releaseDate":"","review":"","reviews":"","sameAs":"","sku":"","slogan":"","subjectOf":"","url":"","weight":"","width":""}},"acf":[],"yoast_head":"<!-- This site is optimized with the Yoast SEO plugin v27.4 - https:\/\/yoast.com\/product\/yoast-seo-wordpress\/ -->\n<title>Jamio Openwork: recensione piattaforma no code - Accurate Reviews<\/title>\n<meta name=\"description\" content=\"Jamio Openwork: recensione piattaforma di gestione dei processi aziendali senza codice, progettata per creare applicazioni cloud.\" \/>\n<meta name=\"robots\" content=\"index, follow, max-snippet:-1, max-image-preview:large, max-video-preview:-1\" \/>\n<link rel=\"canonical\" href=\"https:\/\/www.accuratereviews.com\/it\/piattaforme-no-code\/jamio-openwork-recensione\/\" \/>\n<meta property=\"og:locale\" content=\"it_IT\" \/>\n<meta property=\"og:type\" content=\"article\" \/>\n<meta property=\"og:title\" content=\"Jamio Openwork: recensione piattaforma no code - Accurate Reviews\" \/>\n<meta property=\"og:description\" content=\"Jamio Openwork: recensione piattaforma di gestione dei processi aziendali senza codice, progettata per creare applicazioni cloud.\" \/>\n<meta property=\"og:url\" content=\"https:\/\/www.accuratereviews.com\/it\/piattaforme-no-code\/jamio-openwork-recensione\/\" \/>\n<meta property=\"og:site_name\" content=\"Accurate Reviews\" \/>\n<meta property=\"og:image\" content=\"https:\/\/www.accuratereviews.com\/wp-content\/uploads\/2025\/10\/jamio.png\" \/>\n\t<meta property=\"og:image:width\" content=\"200\" \/>\n\t<meta property=\"og:image:height\" content=\"200\" \/>\n\t<meta property=\"og:image:type\" content=\"image\/png\" \/>\n<meta name=\"twitter:card\" content=\"summary_large_image\" \/>\n<meta name=\"twitter:label1\" content=\"Tempo di lettura stimato\" \/>\n\t<meta name=\"twitter:data1\" content=\"3 minuti\" \/>\n<script type=\"application\/ld+json\" class=\"yoast-schema-graph\">{\"@context\":\"https:\\\/\\\/schema.org\",\"@graph\":[{\"@type\":\"WebPage\",\"@id\":\"https:\\\/\\\/www.accuratereviews.com\\\/it\\\/piattaforme-no-code\\\/jamio-openwork-recensione\\\/\",\"url\":\"https:\\\/\\\/www.accuratereviews.com\\\/it\\\/piattaforme-no-code\\\/jamio-openwork-recensione\\\/\",\"name\":\"Jamio Openwork: recensione piattaforma no code - Accurate Reviews\",\"isPartOf\":{\"@id\":\"https:\\\/\\\/www.accuratereviews.com\\\/it\\\/#website\"},\"primaryImageOfPage\":{\"@id\":\"https:\\\/\\\/www.accuratereviews.com\\\/it\\\/piattaforme-no-code\\\/jamio-openwork-recensione\\\/#primaryimage\"},\"image\":{\"@id\":\"https:\\\/\\\/www.accuratereviews.com\\\/it\\\/piattaforme-no-code\\\/jamio-openwork-recensione\\\/#primaryimage\"},\"thumbnailUrl\":\"https:\\\/\\\/www.accuratereviews.com\\\/wp-content\\\/uploads\\\/2025\\\/10\\\/jamio.png\",\"datePublished\":\"2025-10-06T15:22:37+00:00\",\"description\":\"Jamio Openwork: recensione piattaforma di gestione dei processi aziendali senza codice, progettata per creare applicazioni cloud.\",\"breadcrumb\":{\"@id\":\"https:\\\/\\\/www.accuratereviews.com\\\/it\\\/piattaforme-no-code\\\/jamio-openwork-recensione\\\/#breadcrumb\"},\"inLanguage\":\"it-IT\",\"potentialAction\":[{\"@type\":\"ReadAction\",\"target\":[\"https:\\\/\\\/www.accuratereviews.com\\\/it\\\/piattaforme-no-code\\\/jamio-openwork-recensione\\\/\"]}]},{\"@type\":\"ImageObject\",\"inLanguage\":\"it-IT\",\"@id\":\"https:\\\/\\\/www.accuratereviews.com\\\/it\\\/piattaforme-no-code\\\/jamio-openwork-recensione\\\/#primaryimage\",\"url\":\"https:\\\/\\\/www.accuratereviews.com\\\/wp-content\\\/uploads\\\/2025\\\/10\\\/jamio.png\",\"contentUrl\":\"https:\\\/\\\/www.accuratereviews.com\\\/wp-content\\\/uploads\\\/2025\\\/10\\\/jamio.png\",\"width\":200,\"height\":200},{\"@type\":\"BreadcrumbList\",\"@id\":\"https:\\\/\\\/www.accuratereviews.com\\\/it\\\/piattaforme-no-code\\\/jamio-openwork-recensione\\\/#breadcrumb\",\"itemListElement\":[{\"@type\":\"ListItem\",\"position\":1,\"name\":\"Home\",\"item\":\"https:\\\/\\\/www.accuratereviews.com\\\/it\\\/\"},{\"@type\":\"ListItem\",\"position\":2,\"name\":\"Piattaforme no-code\",\"item\":\"https:\\\/\\\/www.accuratereviews.com\\\/it\\\/piattaforme-no-code\\\/\"},{\"@type\":\"ListItem\",\"position\":3,\"name\":\"Jamio Openwork\"}]},{\"@type\":\"WebSite\",\"@id\":\"https:\\\/\\\/www.accuratereviews.com\\\/it\\\/#website\",\"url\":\"https:\\\/\\\/www.accuratereviews.com\\\/it\\\/\",\"name\":\"Accurate Reviews\",\"description\":\"\",\"potentialAction\":[{\"@type\":\"SearchAction\",\"target\":{\"@type\":\"EntryPoint\",\"urlTemplate\":\"https:\\\/\\\/www.accuratereviews.com\\\/it\\\/?s={search_term_string}\"},\"query-input\":{\"@type\":\"PropertyValueSpecification\",\"valueRequired\":true,\"valueName\":\"search_term_string\"}}],\"inLanguage\":\"it-IT\"}]}<\/script>\n<!-- \/ Yoast SEO plugin. -->","yoast_head_json":{"title":"Jamio Openwork: recensione piattaforma no code - Accurate Reviews","description":"Jamio Openwork: recensione piattaforma di gestione dei processi aziendali senza codice, progettata per creare applicazioni cloud.","robots":{"index":"index","follow":"follow","max-snippet":"max-snippet:-1","max-image-preview":"max-image-preview:large","max-video-preview":"max-video-preview:-1"},"canonical":"https:\/\/www.accuratereviews.com\/it\/piattaforme-no-code\/jamio-openwork-recensione\/","og_locale":"it_IT","og_type":"article","og_title":"Jamio Openwork: recensione piattaforma no code - Accurate Reviews","og_description":"Jamio Openwork: recensione piattaforma di gestione dei processi aziendali senza codice, progettata per creare applicazioni cloud.","og_url":"https:\/\/www.accuratereviews.com\/it\/piattaforme-no-code\/jamio-openwork-recensione\/","og_site_name":"Accurate Reviews","og_image":[{"width":200,"height":200,"url":"https:\/\/www.accuratereviews.com\/wp-content\/uploads\/2025\/10\/jamio.png","type":"image\/png"}],"twitter_card":"summary_large_image","twitter_misc":{"Tempo di lettura stimato":"3 minuti"},"schema":{"@context":"https:\/\/schema.org","@graph":[{"@type":"WebPage","@id":"https:\/\/www.accuratereviews.com\/it\/piattaforme-no-code\/jamio-openwork-recensione\/","url":"https:\/\/www.accuratereviews.com\/it\/piattaforme-no-code\/jamio-openwork-recensione\/","name":"Jamio Openwork: recensione piattaforma no code - Accurate Reviews","isPartOf":{"@id":"https:\/\/www.accuratereviews.com\/it\/#website"},"primaryImageOfPage":{"@id":"https:\/\/www.accuratereviews.com\/it\/piattaforme-no-code\/jamio-openwork-recensione\/#primaryimage"},"image":{"@id":"https:\/\/www.accuratereviews.com\/it\/piattaforme-no-code\/jamio-openwork-recensione\/#primaryimage"},"thumbnailUrl":"https:\/\/www.accuratereviews.com\/wp-content\/uploads\/2025\/10\/jamio.png","datePublished":"2025-10-06T15:22:37+00:00","description":"Jamio Openwork: recensione piattaforma di gestione dei processi aziendali senza codice, progettata per creare applicazioni cloud.","breadcrumb":{"@id":"https:\/\/www.accuratereviews.com\/it\/piattaforme-no-code\/jamio-openwork-recensione\/#breadcrumb"},"inLanguage":"it-IT","potentialAction":[{"@type":"ReadAction","target":["https:\/\/www.accuratereviews.com\/it\/piattaforme-no-code\/jamio-openwork-recensione\/"]}]},{"@type":"ImageObject","inLanguage":"it-IT","@id":"https:\/\/www.accuratereviews.com\/it\/piattaforme-no-code\/jamio-openwork-recensione\/#primaryimage","url":"https:\/\/www.accuratereviews.com\/wp-content\/uploads\/2025\/10\/jamio.png","contentUrl":"https:\/\/www.accuratereviews.com\/wp-content\/uploads\/2025\/10\/jamio.png","width":200,"height":200},{"@type":"BreadcrumbList","@id":"https:\/\/www.accuratereviews.com\/it\/piattaforme-no-code\/jamio-openwork-recensione\/#breadcrumb","itemListElement":[{"@type":"ListItem","position":1,"name":"Home","item":"https:\/\/www.accuratereviews.com\/it\/"},{"@type":"ListItem","position":2,"name":"Piattaforme no-code","item":"https:\/\/www.accuratereviews.com\/it\/piattaforme-no-code\/"},{"@type":"ListItem","position":3,"name":"Jamio Openwork"}]},{"@type":"WebSite","@id":"https:\/\/www.accuratereviews.com\/it\/#website","url":"https:\/\/www.accuratereviews.com\/it\/","name":"Accurate Reviews","description":"","potentialAction":[{"@type":"SearchAction","target":{"@type":"EntryPoint","urlTemplate":"https:\/\/www.accuratereviews.com\/it\/?s={search_term_string}"},"query-input":{"@type":"PropertyValueSpecification","valueRequired":true,"valueName":"search_term_string"}}],"inLanguage":"it-IT"}]}},"_links":{"self":[{"href":"https:\/\/www.accuratereviews.com\/it\/wp-json\/wp\/v2\/pages\/104136","targetHints":{"allow":["GET"]}}],"collection":[{"href":"https:\/\/www.accuratereviews.com\/it\/wp-json\/wp\/v2\/pages"}],"about":[{"href":"https:\/\/www.accuratereviews.com\/it\/wp-json\/wp\/v2\/types\/page"}],"author":[{"embeddable":true,"href":"https:\/\/www.accuratereviews.com\/it\/wp-json\/wp\/v2\/users\/19"}],"replies":[{"embeddable":true,"href":"https:\/\/www.accuratereviews.com\/it\/wp-json\/wp\/v2\/comments?post=104136"}],"version-history":[{"count":8,"href":"https:\/\/www.accuratereviews.com\/it\/wp-json\/wp\/v2\/pages\/104136\/revisions"}],"predecessor-version":[{"id":104164,"href":"https:\/\/www.accuratereviews.com\/it\/wp-json\/wp\/v2\/pages\/104136\/revisions\/104164"}],"up":[{"embeddable":true,"href":"https:\/\/www.accuratereviews.com\/it\/wp-json\/wp\/v2\/pages\/99993"}],"wp:featuredmedia":[{"embeddable":true,"href":"https:\/\/www.accuratereviews.com\/it\/wp-json\/wp\/v2\/media\/104143"}],"wp:attachment":[{"href":"https:\/\/www.accuratereviews.com\/it\/wp-json\/wp\/v2\/media?parent=104136"}],"wp:term":[{"taxonomy":"category","embeddable":true,"href":"https:\/\/www.accuratereviews.com\/it\/wp-json\/wp\/v2\/categories?post=104136"},{"taxonomy":"post_tag","embeddable":true,"href":"https:\/\/www.accuratereviews.com\/it\/wp-json\/wp\/v2\/tags?post=104136"},{"taxonomy":"features","embeddable":true,"href":"https:\/\/www.accuratereviews.com\/it\/wp-json\/wp\/v2\/features?post=104136"}],"curies":[{"name":"wp","href":"https:\/\/api.w.org\/{rel}","templated":true}]}}