{"id":104189,"date":"2025-10-07T17:27:49","date_gmt":"2025-10-07T17:27:49","guid":{"rendered":"https:\/\/www.accuratereviews.com\/?page_id=104189"},"modified":"2025-10-07T17:27:49","modified_gmt":"2025-10-07T17:27:49","slug":"clappia-recensione","status":"publish","type":"page","link":"https:\/\/www.accuratereviews.com\/it\/piattaforme-no-code\/clappia-recensione\/","title":{"rendered":"Clappia"},"content":{"rendered":"<p><strong>Clappia<\/strong> \u00e8 una <strong>piattaforma no code<\/strong> su cui creare app di processo personalizzate in modo facile e veloce, come lavorare con fogli Excel. Chi all&#8217;interno della tua organizzazione non ha alcuna conoscenza di app mobile, cloud hosting, programmazione, database, ecc., sar\u00e0 in grado di creare applicazioni complesse e semplificare diversi processi in un paio d&#8217;ore utilizzando la propria logica aziendale e il app builder del programma.<br \/>\n<strong>Clappia<\/strong> supporta la raccolta dati, l&#8217;automazione del flusso di lavoro, l&#8217;assegnazione delle attivit\u00e0 e la collaborazione in tempo reale. Offre inoltre funzionalit\u00e0 di analisi e reporting per il monitoraggio delle prestazioni e il processo decisionale.<\/p>\n<h2>CLAPPIA &#8211; TUTORIAL<\/h2>\n<div id=\"fluid-wrapper-counter-1\" class=\"g1-fluid-wrapper \" style=\"width:686px;\">\n<div style=\"padding-bottom:56.268221574344%;\"><iframe loading=\"lazy\" title=\"Fetch External Database Data, Integrate with Workflows \u28b8 Real-Time Database Query with No-Code Setup\" width=\"686\" height=\"386\" src=\"https:\/\/www.youtube.com\/embed\/uu4eT9fjuUs?feature=oembed&amp;wmode=transparent&amp;autohide=1&amp;autoplay=0&amp;disablekb=0&amp;fs=1&amp;loop=0&amp;enablejsapi=1&amp;rel=0&amp;controls=2&amp;showinfo=0&amp;wmode=transparent&amp;autohide=2&amp;autoplay=0&amp;disablekb=0&amp;fs=1&amp;loop=0&amp;enablejsapi=1&amp;rel=0&amp;controls=2&amp;showinfo=1\" frameborder=\"0\" allow=\"accelerometer; autoplay; clipboard-write; encrypted-media; gyroscope; picture-in-picture; web-share\" referrerpolicy=\"strict-origin-when-cross-origin\" allowfullscreen><\/iframe><\/div>\n<\/div>\n<h3>CLAPPIA &#8211; CARATTERISTICHE<\/h3>\n<ul>\n<li>Generatore di app personalizzato<\/li>\n<li>Interfaccia drag-and-drop<\/li>\n<li>Generatore di moduli<\/li>\n<li>Automazione del flusso di lavoro<\/li>\n<li>Logica condizionale<\/li>\n<li>Raccolta dati<\/li>\n<li>Analisi in tempo reale<\/li>\n<li>Accesso da dispositivi mobili<\/li>\n<li>Integrazione con app di terze parti<\/li>\n<li>Gestione utenti<\/li>\n<li>Controllo degli accessi basato sui ruoli<\/li>\n<li>Notifiche personalizzate<\/li>\n<li>Gestione delle attivit\u00e0<\/li>\n<li>Report personalizzati<\/li>\n<li>Archiviazione cloud<\/li>\n<li>Modalit\u00e0 offline<\/li>\n<li>Tracciati di controllo<\/li>\n<li>Accesso API<\/li>\n<li>Gestione documenti<\/li>\n<li>Importazione\/esportazione dati<\/li>\n<li>Integrazione applicazioni<\/li>\n<li>Gestione della conformit\u00e0<\/li>\n<li>Controllo del processo di approvazione<\/li>\n<li>Gestione dell&#8217;help desk<\/li>\n<li>Monitoraggio delle attivit\u00e0<\/li>\n<li>Flusso di lavoro configurabile<\/li>\n<li>Dashboard personalizzabile<\/li>\n<li>Gestione moduli<\/li>\n<li>Editor grafico del flusso di lavoro<\/li>\n<li>Notifiche automatiche<\/li>\n<li>Flusso di lavoro basato su regole<\/li>\n<li>Controlli di accesso utente<\/li>\n<\/ul>\n<h4>LE RECENSIONI DEGLI UTENTI<\/h4>\n<p><strong>George &#8220;Ottima soluzione di mappatura&#8221;<\/strong><br \/>\nSemplice e facile da usare quotidianamente. Supporto eccellente e utile.<br \/>\n<strong>Pro<\/strong>: supporto eccellente e di facile utilizzo. Dashboard facilmente regolabile.<br \/>\n<strong>Contro<\/strong>: ulteriori funzionalit\u00e0 di mappatura come il tracciamento del percorso<\/p>\n<p><strong>Ilana &#8220;In grado di lavorare con PayPal, cosa che non potevamo fare con Fogli Google&#8221;<\/strong><br \/>\nDavvero facile e che bella esperienza. Li userei sicuramente di nuovo e li consiglierei.<br \/>\n<strong>Pro<\/strong>: Abbastanza facile da usare senza alcuna conoscenza di backend. Servizio clienti ECCELLENTE: se c&#8217;era qualcosa che non potevo fare, mi indirizzavano a risorse utili (insegnare a un uomo a pescare, mi piace questa filosofia) o lo facevano per me. Apprezzo anche il fatto che il database risultante possa essere aggiornato dall&#8217;amministratore ed \u00e8 facile vedere le risposte di ogni utente.<br \/>\n<strong>Contro<\/strong>: Tutto ci\u00f2 che non mi \u00e8 piaciuto \u00e8 probabilmente disponibile nella versione a pagamento, stavo solo usando la versione di prova gratuita. Avrei preferito un link personalizzato. Avrei gradito un&#8217;interfaccia grafica\/web diversa per i nostri ospiti.<\/p>\n<p><strong>Tyag &#8220;\u00c8 la vera novit\u00e0: una piattaforma onesta senza codice&#8221;<\/strong><br \/>\nEstremamente positivo. Ottimo staff di supporto, proattivo nell&#8217;affrontare i casi d&#8217;uso dei clienti. I modelli disponibili per i processi pi\u00f9 comuni aiutano a far partire il riad con slancio.<br \/>\n<strong>Pro<\/strong>: Versatilit\u00e0 e ampiezza di funzionalit\u00e0 senza pari in nessun altro strumento &#8220;no-code&#8221; che abbiamo valutato. Apprezziamo particolarmente le funzionalit\u00e0 di integrazione di Google Maps. Non vediamo l&#8217;ora di utilizzare le funzionalit\u00e0 di geofencing non appena saranno disponibili.<br \/>\n<strong>Contro<\/strong>: Aspettiamo che le funzionalit\u00e0 di geo-mappatura ci consentano di tracciare i percorsi del personale sul campo.<\/p>\n","protected":false},"excerpt":{"rendered":"<p>Clappia \u00e8 una piattaforma no-code su cui creare app di processo personalizzate in modo facile e veloce, come lavorare con fogli Excel. Chi all&#8217;interno della tua organizzazione non ha alcuna conoscenza di app mobile, cloud hosting, programmazione, database, ecc., sar\u00e0 in grado di creare applicazioni complesse e semplificare diversi processi in un paio d&#8217;ore utilizzando la propria logica aziendale e il app builder del programma.<\/p>\n","protected":false},"author":19,"featured_media":104190,"parent":99993,"menu_order":0,"comment_status":"open","ping_status":"closed","template":"g1_template_page_review_new.php","meta":{"_acf_changed":false,"cwp_meta_box_check":"Yes","cwp_rev_product_name":"","cwp_rev_product_image":"","wppr_links":[],"cwp_rev_price":"0.00","wppr_options":[{"name":"Usability","value":"0"},{"name":"Speed","value":"0"},{"name":"Features","value":"0"},{"name":"Support","value":"0"},{"name":"Pricing","value":"0"}],"wppr_pros":["","","","",""],"wppr_cons":["","","","",""],"_monsterinsights_skip_tracking":false,"_monsterinsights_sitenote_active":false,"_monsterinsights_sitenote_note":"","_monsterinsights_sitenote_category":0,"footnotes":""},"categories":[16551],"tags":[16625,16554,16571,16573,16556,16626],"features":[],"class_list":{"0":"post-104189","1":"page","2":"type-page","3":"status-publish","4":"has-post-thumbnail","6":"category-piattaforme-no-code-cat","7":"tag-clappia","8":"tag-no-code","9":"tag-piattaforma-no-code","10":"tag-programma-no-code","11":"tag-software-no-code","12":"tag-soluzione-clappia"},"wppr_data":{"cwp_meta_box_check":"Yes","_wppr_review_template":"default","cwp_rev_product_image":"","cwp_image_link":"image","wppr_links":[],"cwp_rev_price":"0.00","wppr_pros":["","","","",""],"wppr_cons":["","","","",""],"wppr_rating":"0.00","wppr_options":{"1":{"name":"Usability","value":"0"},"2":{"name":"Speed","value":"0"},"3":{"name":"Features","value":"0"},"4":{"name":"Support","value":"0"},"5":{"name":"Pricing","value":"0"}},"wppr_review_type":"Product","wppr_review_custom_fields":{"additionalProperty":"","additionalType":"","aggregateRating":"","alternateName":"","audience":"","award":"","awards":"","brand":"","color":"","depth":"","description":"","disambiguatingDescription":"","gtin12":"","gtin13":"","gtin14":"","gtin8":"","height":"","identifier":"","image":"","isAccessoryOrSparePartFor":"","isConsumableFor":"","isRelatedTo":"","isSimilarTo":"","itemCondition":"","logo":"","mainEntityOfPage":"","manufacturer":"","material":"","model":"","mpn":"","name":"","offers":"","potentialAction":"","productID":"","productionDate":"","purchaseDate":"","releaseDate":"","review":"","reviews":"","sameAs":"","sku":"","slogan":"","subjectOf":"","url":"","weight":"","width":""}},"acf":[],"yoast_head":"<!-- This site is optimized with the Yoast SEO plugin v27.4 - https:\/\/yoast.com\/product\/yoast-seo-wordpress\/ -->\n<title>Clappia: recensione piattaforma no-code - Accurate Reviews<\/title>\n<meta name=\"description\" content=\"Clappia: recensione piattaforma no-code su cui creare app di processo personalizzate in modo facile e veloce, come lavorare con fogli Excel.\" \/>\n<meta name=\"robots\" content=\"index, follow, max-snippet:-1, max-image-preview:large, max-video-preview:-1\" \/>\n<link rel=\"canonical\" href=\"https:\/\/www.accuratereviews.com\/it\/piattaforme-no-code\/clappia-recensione\/\" \/>\n<meta property=\"og:locale\" content=\"it_IT\" \/>\n<meta property=\"og:type\" content=\"article\" \/>\n<meta property=\"og:title\" content=\"Clappia: recensione piattaforma no-code - Accurate Reviews\" \/>\n<meta property=\"og:description\" content=\"Clappia: recensione piattaforma no-code su cui creare app di processo personalizzate in modo facile e veloce, come lavorare con fogli Excel.\" \/>\n<meta property=\"og:url\" content=\"https:\/\/www.accuratereviews.com\/it\/piattaforme-no-code\/clappia-recensione\/\" \/>\n<meta property=\"og:site_name\" content=\"Accurate Reviews\" \/>\n<meta property=\"og:image\" content=\"https:\/\/www.accuratereviews.com\/wp-content\/uploads\/2025\/10\/Clappia.jpg\" \/>\n\t<meta property=\"og:image:width\" content=\"2418\" \/>\n\t<meta property=\"og:image:height\" content=\"1129\" \/>\n\t<meta property=\"og:image:type\" content=\"image\/jpeg\" \/>\n<meta name=\"twitter:card\" content=\"summary_large_image\" \/>\n<meta name=\"twitter:label1\" content=\"Tempo di lettura stimato\" \/>\n\t<meta name=\"twitter:data1\" content=\"4 minuti\" \/>\n<script type=\"application\/ld+json\" class=\"yoast-schema-graph\">{\"@context\":\"https:\\\/\\\/schema.org\",\"@graph\":[{\"@type\":\"WebPage\",\"@id\":\"https:\\\/\\\/www.accuratereviews.com\\\/it\\\/piattaforme-no-code\\\/clappia-recensione\\\/\",\"url\":\"https:\\\/\\\/www.accuratereviews.com\\\/it\\\/piattaforme-no-code\\\/clappia-recensione\\\/\",\"name\":\"Clappia: recensione piattaforma no-code - Accurate Reviews\",\"isPartOf\":{\"@id\":\"https:\\\/\\\/www.accuratereviews.com\\\/it\\\/#website\"},\"primaryImageOfPage\":{\"@id\":\"https:\\\/\\\/www.accuratereviews.com\\\/it\\\/piattaforme-no-code\\\/clappia-recensione\\\/#primaryimage\"},\"image\":{\"@id\":\"https:\\\/\\\/www.accuratereviews.com\\\/it\\\/piattaforme-no-code\\\/clappia-recensione\\\/#primaryimage\"},\"thumbnailUrl\":\"https:\\\/\\\/www.accuratereviews.com\\\/wp-content\\\/uploads\\\/2025\\\/10\\\/Clappia.jpg\",\"datePublished\":\"2025-10-07T17:27:49+00:00\",\"description\":\"Clappia: recensione piattaforma no-code su cui creare app di processo personalizzate in modo facile e veloce, come lavorare con fogli Excel.\",\"breadcrumb\":{\"@id\":\"https:\\\/\\\/www.accuratereviews.com\\\/it\\\/piattaforme-no-code\\\/clappia-recensione\\\/#breadcrumb\"},\"inLanguage\":\"it-IT\",\"potentialAction\":[{\"@type\":\"ReadAction\",\"target\":[\"https:\\\/\\\/www.accuratereviews.com\\\/it\\\/piattaforme-no-code\\\/clappia-recensione\\\/\"]}]},{\"@type\":\"ImageObject\",\"inLanguage\":\"it-IT\",\"@id\":\"https:\\\/\\\/www.accuratereviews.com\\\/it\\\/piattaforme-no-code\\\/clappia-recensione\\\/#primaryimage\",\"url\":\"https:\\\/\\\/www.accuratereviews.com\\\/wp-content\\\/uploads\\\/2025\\\/10\\\/Clappia.jpg\",\"contentUrl\":\"https:\\\/\\\/www.accuratereviews.com\\\/wp-content\\\/uploads\\\/2025\\\/10\\\/Clappia.jpg\",\"width\":2418,\"height\":1129},{\"@type\":\"BreadcrumbList\",\"@id\":\"https:\\\/\\\/www.accuratereviews.com\\\/it\\\/piattaforme-no-code\\\/clappia-recensione\\\/#breadcrumb\",\"itemListElement\":[{\"@type\":\"ListItem\",\"position\":1,\"name\":\"Home\",\"item\":\"https:\\\/\\\/www.accuratereviews.com\\\/it\\\/\"},{\"@type\":\"ListItem\",\"position\":2,\"name\":\"Piattaforme no-code\",\"item\":\"https:\\\/\\\/www.accuratereviews.com\\\/it\\\/piattaforme-no-code\\\/\"},{\"@type\":\"ListItem\",\"position\":3,\"name\":\"Clappia\"}]},{\"@type\":\"WebSite\",\"@id\":\"https:\\\/\\\/www.accuratereviews.com\\\/it\\\/#website\",\"url\":\"https:\\\/\\\/www.accuratereviews.com\\\/it\\\/\",\"name\":\"Accurate Reviews\",\"description\":\"\",\"potentialAction\":[{\"@type\":\"SearchAction\",\"target\":{\"@type\":\"EntryPoint\",\"urlTemplate\":\"https:\\\/\\\/www.accuratereviews.com\\\/it\\\/?s={search_term_string}\"},\"query-input\":{\"@type\":\"PropertyValueSpecification\",\"valueRequired\":true,\"valueName\":\"search_term_string\"}}],\"inLanguage\":\"it-IT\"}]}<\/script>\n<!-- \/ Yoast SEO plugin. -->","yoast_head_json":{"title":"Clappia: recensione piattaforma no-code - Accurate Reviews","description":"Clappia: recensione piattaforma no-code su cui creare app di processo personalizzate in modo facile e veloce, come lavorare con fogli Excel.","robots":{"index":"index","follow":"follow","max-snippet":"max-snippet:-1","max-image-preview":"max-image-preview:large","max-video-preview":"max-video-preview:-1"},"canonical":"https:\/\/www.accuratereviews.com\/it\/piattaforme-no-code\/clappia-recensione\/","og_locale":"it_IT","og_type":"article","og_title":"Clappia: recensione piattaforma no-code - Accurate Reviews","og_description":"Clappia: recensione piattaforma no-code su cui creare app di processo personalizzate in modo facile e veloce, come lavorare con fogli Excel.","og_url":"https:\/\/www.accuratereviews.com\/it\/piattaforme-no-code\/clappia-recensione\/","og_site_name":"Accurate Reviews","og_image":[{"width":2418,"height":1129,"url":"https:\/\/www.accuratereviews.com\/wp-content\/uploads\/2025\/10\/Clappia.jpg","type":"image\/jpeg"}],"twitter_card":"summary_large_image","twitter_misc":{"Tempo di lettura stimato":"4 minuti"},"schema":{"@context":"https:\/\/schema.org","@graph":[{"@type":"WebPage","@id":"https:\/\/www.accuratereviews.com\/it\/piattaforme-no-code\/clappia-recensione\/","url":"https:\/\/www.accuratereviews.com\/it\/piattaforme-no-code\/clappia-recensione\/","name":"Clappia: recensione piattaforma no-code - Accurate Reviews","isPartOf":{"@id":"https:\/\/www.accuratereviews.com\/it\/#website"},"primaryImageOfPage":{"@id":"https:\/\/www.accuratereviews.com\/it\/piattaforme-no-code\/clappia-recensione\/#primaryimage"},"image":{"@id":"https:\/\/www.accuratereviews.com\/it\/piattaforme-no-code\/clappia-recensione\/#primaryimage"},"thumbnailUrl":"https:\/\/www.accuratereviews.com\/wp-content\/uploads\/2025\/10\/Clappia.jpg","datePublished":"2025-10-07T17:27:49+00:00","description":"Clappia: recensione piattaforma no-code su cui creare app di processo personalizzate in modo facile e veloce, come lavorare con fogli Excel.","breadcrumb":{"@id":"https:\/\/www.accuratereviews.com\/it\/piattaforme-no-code\/clappia-recensione\/#breadcrumb"},"inLanguage":"it-IT","potentialAction":[{"@type":"ReadAction","target":["https:\/\/www.accuratereviews.com\/it\/piattaforme-no-code\/clappia-recensione\/"]}]},{"@type":"ImageObject","inLanguage":"it-IT","@id":"https:\/\/www.accuratereviews.com\/it\/piattaforme-no-code\/clappia-recensione\/#primaryimage","url":"https:\/\/www.accuratereviews.com\/wp-content\/uploads\/2025\/10\/Clappia.jpg","contentUrl":"https:\/\/www.accuratereviews.com\/wp-content\/uploads\/2025\/10\/Clappia.jpg","width":2418,"height":1129},{"@type":"BreadcrumbList","@id":"https:\/\/www.accuratereviews.com\/it\/piattaforme-no-code\/clappia-recensione\/#breadcrumb","itemListElement":[{"@type":"ListItem","position":1,"name":"Home","item":"https:\/\/www.accuratereviews.com\/it\/"},{"@type":"ListItem","position":2,"name":"Piattaforme no-code","item":"https:\/\/www.accuratereviews.com\/it\/piattaforme-no-code\/"},{"@type":"ListItem","position":3,"name":"Clappia"}]},{"@type":"WebSite","@id":"https:\/\/www.accuratereviews.com\/it\/#website","url":"https:\/\/www.accuratereviews.com\/it\/","name":"Accurate Reviews","description":"","potentialAction":[{"@type":"SearchAction","target":{"@type":"EntryPoint","urlTemplate":"https:\/\/www.accuratereviews.com\/it\/?s={search_term_string}"},"query-input":{"@type":"PropertyValueSpecification","valueRequired":true,"valueName":"search_term_string"}}],"inLanguage":"it-IT"}]}},"_links":{"self":[{"href":"https:\/\/www.accuratereviews.com\/it\/wp-json\/wp\/v2\/pages\/104189","targetHints":{"allow":["GET"]}}],"collection":[{"href":"https:\/\/www.accuratereviews.com\/it\/wp-json\/wp\/v2\/pages"}],"about":[{"href":"https:\/\/www.accuratereviews.com\/it\/wp-json\/wp\/v2\/types\/page"}],"author":[{"embeddable":true,"href":"https:\/\/www.accuratereviews.com\/it\/wp-json\/wp\/v2\/users\/19"}],"replies":[{"embeddable":true,"href":"https:\/\/www.accuratereviews.com\/it\/wp-json\/wp\/v2\/comments?post=104189"}],"version-history":[{"count":6,"href":"https:\/\/www.accuratereviews.com\/it\/wp-json\/wp\/v2\/pages\/104189\/revisions"}],"predecessor-version":[{"id":104201,"href":"https:\/\/www.accuratereviews.com\/it\/wp-json\/wp\/v2\/pages\/104189\/revisions\/104201"}],"up":[{"embeddable":true,"href":"https:\/\/www.accuratereviews.com\/it\/wp-json\/wp\/v2\/pages\/99993"}],"wp:featuredmedia":[{"embeddable":true,"href":"https:\/\/www.accuratereviews.com\/it\/wp-json\/wp\/v2\/media\/104190"}],"wp:attachment":[{"href":"https:\/\/www.accuratereviews.com\/it\/wp-json\/wp\/v2\/media?parent=104189"}],"wp:term":[{"taxonomy":"category","embeddable":true,"href":"https:\/\/www.accuratereviews.com\/it\/wp-json\/wp\/v2\/categories?post=104189"},{"taxonomy":"post_tag","embeddable":true,"href":"https:\/\/www.accuratereviews.com\/it\/wp-json\/wp\/v2\/tags?post=104189"},{"taxonomy":"features","embeddable":true,"href":"https:\/\/www.accuratereviews.com\/it\/wp-json\/wp\/v2\/features?post=104189"}],"curies":[{"name":"wp","href":"https:\/\/api.w.org\/{rel}","templated":true}]}}