{"id":104396,"date":"2025-10-17T12:32:39","date_gmt":"2025-10-17T12:32:39","guid":{"rendered":"https:\/\/www.accuratereviews.com\/?page_id=104396"},"modified":"2025-10-17T12:32:39","modified_gmt":"2025-10-17T12:32:39","slug":"flowfinity-recensione","status":"publish","type":"page","link":"https:\/\/www.accuratereviews.com\/it\/piattaforme-no-code\/flowfinity-recensione\/","title":{"rendered":"Flowfinity"},"content":{"rendered":"<p><strong>Flowfinity<\/strong> \u00e8 una <strong>piattaforma no-code<\/strong> utilizzata per creare, automatizzare e integrare rapidamente applicazioni di processi aziendali personalizzate. Si basa su 4 pilastri della gestione dei dati: raccolta, automazione, visualizzazione e integrazione. Il potente set di strumenti combina un editor di app basato sul web,<strong> un database SQL<\/strong> centrale, una raccolta dati mobile avanzata, automazioni di processo, <strong>dashboard interattive<\/strong> per ottenere informazioni fruibili, un&#8217;integrazione di sistema affidabile e funzionalit\u00e0 di streaming e archiviazione dati IoT.<\/p>\n<h2>FLOWFINITY &#8211; TUTORIAL<\/h2>\n<div id=\"fluid-wrapper-counter-1\" class=\"g1-fluid-wrapper \" style=\"width:686px;\">\n<div style=\"padding-bottom:56.268221574344%;\"><iframe loading=\"lazy\" title=\"Flowfinity App Editor Overview\" width=\"515\" height=\"386\" src=\"https:\/\/www.youtube.com\/embed\/tK-1fly1RvU?feature=oembed&amp;wmode=transparent&amp;autohide=1&amp;autoplay=0&amp;disablekb=0&amp;fs=1&amp;loop=0&amp;enablejsapi=1&amp;rel=0&amp;controls=2&amp;showinfo=0&amp;wmode=transparent&amp;autohide=2&amp;autoplay=0&amp;disablekb=0&amp;fs=1&amp;loop=0&amp;enablejsapi=1&amp;rel=0&amp;controls=2&amp;showinfo=1\" frameborder=\"0\" allow=\"accelerometer; autoplay; clipboard-write; encrypted-media; gyroscope; picture-in-picture; web-share\" referrerpolicy=\"strict-origin-when-cross-origin\" allowfullscreen><\/iframe><\/div>\n<\/div>\n<h3>FLOWFINITY &#8211; CARATTERISTICHE<\/h3>\n<ul>\n<li><strong>Accelera le operazioni<\/strong>: elimina i colli di bottiglia e automatizza il routing in modo che il lavoro venga indirizzato ai team giusti al momento giusto. Rimuovi i passaggi superflui e prendi decisioni rapidamente in tutta l&#8217;organizzazione. Progetta ogni processo per una rapida esecuzione senza codice.<\/li>\n<li><strong>Riduci i costi:<\/strong> massimizza l&#8217;utilizzo delle risorse e riduci gli sprechi in tutta l&#8217;organizzazione. Previeni costosi guasti prima che si verifichino e automatizza le attivit\u00e0 ripetitive per ridurre i costi di manodopera. Ogni processo \u00e8 progettato per aumentare l&#8217;efficienza migliorando al contempo la qualit\u00e0 e la scalabilit\u00e0.<\/li>\n<li><strong>Abilita la crescita<\/strong>: espandi i processi di successo senza partire da zero. Distribuisci immediatamente flussi di lavoro collaudati a nuove sedi, team o unit\u00e0 aziendali. Inizia in piccolo, convalida ci\u00f2 che funziona e poi scala in tutta l&#8217;organizzazione mantenendo il controllo centrale.<\/li>\n<li><strong>Integra l&#8217;intelligenza:<\/strong> acquisisci dati dettagliati da ogni processo per rivelare schemi e informazioni nascosti. Collega fonti di dati isolate per comprendere cosa sta realmente accadendo nella tua organizzazione. Ogni processo diventa un&#8217;opportunit\u00e0 di apprendimento che stimola il miglioramento continuo.<\/li>\n<li><strong>Garantire la resilienza<\/strong>: adattarsi rapidamente ai cambiamenti normativi e alle interruzioni impreviste. Creare processi flessibili che gestiscano la fluttuazione della domanda e delle risorse. Mantenere le operazioni fluide con linee guida chiare, procedure documentate e assistenza dell&#8217;intelligenza artificiale quando pi\u00f9 serve.<\/li>\n<li><strong>Mantenere l&#8217;agilit\u00e0<\/strong>: rispondere rapidamente a nuove opportunit\u00e0 e sfide. Aggiornare i processi in base ai dati sulle prestazioni in tempo reale e al feedback degli stakeholder. Consentire ai team di migliorare le proprie procedure nel rispetto degli standard, bilanciando rapidi cambiamenti con stabilit\u00e0.<\/li>\n<li><strong>Raccogliere diverse tipologie di dati,<\/strong> tra cui firme, foto, posizioni GPS e record gerarchici<\/li>\n<li><strong>Configurare regole aziendali comples<\/strong>se, automazioni del flusso di lavoro e autorizzazioni di accesso senza codice<\/li>\n<li><strong>Creare dashboard<\/strong> operative con grafici in tempo reale, KPI e mappe interattive<\/li>\n<\/ul>\n<h4>LE RECENSIONI DEGLI UTENTI<\/h4>\n<p><strong>Morgan &#8220;Ottimo software per la gestione dei processi aziendali.&#8221;<\/strong><br \/>\nFlowfinity consente ai nostri team IT di creare applicazioni personalizzate tramite un&#8217;interfaccia visiva e facilita la raccolta di dati in tempo reale tramite dispositivi mobili, il che \u00e8 utile per il nostro team di supporto tecnico.<br \/>\n<strong>Pro<\/strong>: Flowfinity offre funzionalit\u00e0 preziose che consentono la creazione di applicazioni personalizzate, l&#8217;automazione dei flussi di lavoro e la raccolta dati in tempo reale. Si integra con sistemi diffusi come Salesforce, SAP e Microsoft Dynamics.<br \/>\n<strong>Contro<\/strong>: non ho aspetti negativi da segnalare riguardo a questa piattaforma.<\/p>\n<p><strong>Elliot &#8220;Un&#8217;esperienza grandiosa&#8221;<\/strong><br \/>\nUsiamo FlowFinity per fare diverse cose. \u00c8 il nostro principale strumento di acquisizione dati. La nostra flotta di camion e autisti inserisce continuamente tutte le metriche di consegna e ritiro. Lo usiamo per programmare i nostri ordini di lavoro e garantire che tutte le merci vengano prelevate e consegnate. Utilizziamo il sistema anche per raccogliere informazioni generali durante la nostra attivit\u00e0.<br \/>\n<strong>Pro<\/strong>: FlowFinity \u00e8 stato un ottimo sistema e ha migliorato le nostre operazioni. \u00c8 facile da configurare e sembra essere infinitamente adattabile alla nostra attivit\u00e0. Se abbiamo bisogno, lo aggiungiamo a FlowFinity. Il sistema \u00e8 leggero e non ci vuole molto per funzionare. L&#8217;interfaccia utente sul dispositivo mobile e il sito Web sono fantastici e facili da usare e da imparare. Abbiamo avuto utenti avanzati e utenti inesperti che lo hanno raccolto e utilizzato in pochissimo tempo<br \/>\n<strong>Contro<\/strong>: non molti Contro ha davvero trasformato il modo in cui lavoriamo. Se dovessi definire un elemento meno preferito sarebbero i report. Vorrei che potessimo aggiungere pi\u00f9 branding a loro, ma questo \u00e8 minore per il resto del sistema.<\/p>\n<p><strong>Mark &#8220;Grazie Flowfinity&#8221;<\/strong><br \/>\n<strong>Pro<\/strong>: supporto multipiattaforma iOS+Finestre Molto utile per gli utenti sul campo che lavorano insieme agli impiegati in ufficio sulla stessa applicazione e possono effettuare chiamate<br \/>\n<strong>Contro<\/strong>: aggiornamenti e modifiche alla versione. Durante gli aggiornamenti della versione, \u00e8 necessario un lungo periodo di tempo per testare e distribuire in un ambiente multilivello (DEV, QA, PROD), il che significa che non \u00e8 possibile apportare modifiche all&#8217;applicazione. A volte questo pu\u00f2 essere doloroso poich\u00e9 l&#8217;applicazione non pu\u00f2 essere modificata per settimane.<\/p>\n","protected":false},"excerpt":{"rendered":"<p>Flowfinity \u00e8 una piattaforma no-code utilizzata per creare, automatizzare e integrare rapidamente applicazioni di processi aziendali personalizzate. Si basa su 4 pilastri della gestione dei dati: raccolta, automazione, visualizzazione e integrazione. Il potente set di strumenti combina un editor di app basato sul web, un database SQL centrale, una raccolta dati mobile avanzata e automazioni di processo.<\/p>\n","protected":false},"author":19,"featured_media":104398,"parent":99993,"menu_order":0,"comment_status":"open","ping_status":"closed","template":"g1_template_page_review_new.php","meta":{"_acf_changed":false,"cwp_meta_box_check":"Yes","cwp_rev_product_name":"","cwp_rev_product_image":"","wppr_links":[],"cwp_rev_price":"0.00","wppr_options":[{"name":"Usability","value":"0"},{"name":"Speed","value":"0"},{"name":"Features","value":"0"},{"name":"Support","value":"0"},{"name":"Pricing","value":"0"}],"wppr_pros":["","","","",""],"wppr_cons":["","","","",""],"_monsterinsights_skip_tracking":false,"_monsterinsights_sitenote_active":false,"_monsterinsights_sitenote_note":"","_monsterinsights_sitenote_category":0,"footnotes":""},"categories":[16551],"tags":[16651,16554,16571,16573,16556,16572],"features":[],"class_list":{"0":"post-104396","1":"page","2":"type-page","3":"status-publish","4":"has-post-thumbnail","6":"category-piattaforme-no-code-cat","7":"tag-flowfinity","8":"tag-no-code","9":"tag-piattaforma-no-code","10":"tag-programma-no-code","11":"tag-software-no-code","12":"tag-soluzione-no-code"},"wppr_data":{"cwp_meta_box_check":"Yes","_wppr_review_template":"default","cwp_rev_product_image":"","cwp_image_link":"image","wppr_links":[],"cwp_rev_price":"0.00","wppr_pros":["","","","",""],"wppr_cons":["","","","",""],"wppr_rating":"0.00","wppr_options":{"1":{"name":"Usability","value":"0"},"2":{"name":"Speed","value":"0"},"3":{"name":"Features","value":"0"},"4":{"name":"Support","value":"0"},"5":{"name":"Pricing","value":"0"}},"wppr_review_type":"Product","wppr_review_custom_fields":{"additionalProperty":"","additionalType":"","aggregateRating":"","alternateName":"","audience":"","award":"","awards":"","brand":"","color":"","depth":"","description":"","disambiguatingDescription":"","gtin12":"","gtin13":"","gtin14":"","gtin8":"","height":"","identifier":"","image":"","isAccessoryOrSparePartFor":"","isConsumableFor":"","isRelatedTo":"","isSimilarTo":"","itemCondition":"","logo":"","mainEntityOfPage":"","manufacturer":"","material":"","model":"","mpn":"","name":"","offers":"","potentialAction":"","productID":"","productionDate":"","purchaseDate":"","releaseDate":"","review":"","reviews":"","sameAs":"","sku":"","slogan":"","subjectOf":"","url":"","weight":"","width":""}},"acf":[],"yoast_head":"<!-- This site is optimized with the Yoast SEO plugin v27.4 - https:\/\/yoast.com\/product\/yoast-seo-wordpress\/ -->\n<title>Flowfinity: recensione piattaforma no-code - Accurate Reviews<\/title>\n<meta name=\"description\" content=\"Flowfinity: recensione piattaforma no-code utilizzata per creare, automatizzare e integrare rapidamente applicazioni di processi aziendali.\" \/>\n<meta name=\"robots\" content=\"index, follow, max-snippet:-1, max-image-preview:large, max-video-preview:-1\" \/>\n<link rel=\"canonical\" href=\"https:\/\/www.accuratereviews.com\/it\/piattaforme-no-code\/flowfinity-recensione\/\" \/>\n<meta property=\"og:locale\" content=\"it_IT\" \/>\n<meta property=\"og:type\" content=\"article\" \/>\n<meta property=\"og:title\" content=\"Flowfinity: recensione piattaforma no-code - Accurate Reviews\" \/>\n<meta property=\"og:description\" content=\"Flowfinity: recensione piattaforma no-code utilizzata per creare, automatizzare e integrare rapidamente applicazioni di processi aziendali.\" \/>\n<meta property=\"og:url\" content=\"https:\/\/www.accuratereviews.com\/it\/piattaforme-no-code\/flowfinity-recensione\/\" \/>\n<meta property=\"og:site_name\" content=\"Accurate Reviews\" \/>\n<meta property=\"og:image\" content=\"https:\/\/www.accuratereviews.com\/wp-content\/uploads\/2025\/10\/Flowfinity-Logo.webp\" \/>\n\t<meta property=\"og:image:width\" content=\"200\" \/>\n\t<meta property=\"og:image:height\" content=\"200\" \/>\n\t<meta property=\"og:image:type\" content=\"image\/webp\" \/>\n<meta name=\"twitter:card\" content=\"summary_large_image\" \/>\n<meta name=\"twitter:label1\" content=\"Tempo di lettura stimato\" \/>\n\t<meta name=\"twitter:data1\" content=\"5 minuti\" \/>\n<script type=\"application\/ld+json\" class=\"yoast-schema-graph\">{\"@context\":\"https:\\\/\\\/schema.org\",\"@graph\":[{\"@type\":\"WebPage\",\"@id\":\"https:\\\/\\\/www.accuratereviews.com\\\/it\\\/piattaforme-no-code\\\/flowfinity-recensione\\\/\",\"url\":\"https:\\\/\\\/www.accuratereviews.com\\\/it\\\/piattaforme-no-code\\\/flowfinity-recensione\\\/\",\"name\":\"Flowfinity: recensione piattaforma no-code - Accurate Reviews\",\"isPartOf\":{\"@id\":\"https:\\\/\\\/www.accuratereviews.com\\\/it\\\/#website\"},\"primaryImageOfPage\":{\"@id\":\"https:\\\/\\\/www.accuratereviews.com\\\/it\\\/piattaforme-no-code\\\/flowfinity-recensione\\\/#primaryimage\"},\"image\":{\"@id\":\"https:\\\/\\\/www.accuratereviews.com\\\/it\\\/piattaforme-no-code\\\/flowfinity-recensione\\\/#primaryimage\"},\"thumbnailUrl\":\"https:\\\/\\\/www.accuratereviews.com\\\/wp-content\\\/uploads\\\/2025\\\/10\\\/Flowfinity-Logo.webp\",\"datePublished\":\"2025-10-17T12:32:39+00:00\",\"description\":\"Flowfinity: recensione piattaforma no-code utilizzata per creare, automatizzare e integrare rapidamente applicazioni di processi aziendali.\",\"breadcrumb\":{\"@id\":\"https:\\\/\\\/www.accuratereviews.com\\\/it\\\/piattaforme-no-code\\\/flowfinity-recensione\\\/#breadcrumb\"},\"inLanguage\":\"it-IT\",\"potentialAction\":[{\"@type\":\"ReadAction\",\"target\":[\"https:\\\/\\\/www.accuratereviews.com\\\/it\\\/piattaforme-no-code\\\/flowfinity-recensione\\\/\"]}]},{\"@type\":\"ImageObject\",\"inLanguage\":\"it-IT\",\"@id\":\"https:\\\/\\\/www.accuratereviews.com\\\/it\\\/piattaforme-no-code\\\/flowfinity-recensione\\\/#primaryimage\",\"url\":\"https:\\\/\\\/www.accuratereviews.com\\\/wp-content\\\/uploads\\\/2025\\\/10\\\/Flowfinity-Logo.webp\",\"contentUrl\":\"https:\\\/\\\/www.accuratereviews.com\\\/wp-content\\\/uploads\\\/2025\\\/10\\\/Flowfinity-Logo.webp\",\"width\":200,\"height\":200},{\"@type\":\"BreadcrumbList\",\"@id\":\"https:\\\/\\\/www.accuratereviews.com\\\/it\\\/piattaforme-no-code\\\/flowfinity-recensione\\\/#breadcrumb\",\"itemListElement\":[{\"@type\":\"ListItem\",\"position\":1,\"name\":\"Home\",\"item\":\"https:\\\/\\\/www.accuratereviews.com\\\/it\\\/\"},{\"@type\":\"ListItem\",\"position\":2,\"name\":\"Piattaforme no-code\",\"item\":\"https:\\\/\\\/www.accuratereviews.com\\\/it\\\/piattaforme-no-code\\\/\"},{\"@type\":\"ListItem\",\"position\":3,\"name\":\"Flowfinity\"}]},{\"@type\":\"WebSite\",\"@id\":\"https:\\\/\\\/www.accuratereviews.com\\\/it\\\/#website\",\"url\":\"https:\\\/\\\/www.accuratereviews.com\\\/it\\\/\",\"name\":\"Accurate Reviews\",\"description\":\"\",\"potentialAction\":[{\"@type\":\"SearchAction\",\"target\":{\"@type\":\"EntryPoint\",\"urlTemplate\":\"https:\\\/\\\/www.accuratereviews.com\\\/it\\\/?s={search_term_string}\"},\"query-input\":{\"@type\":\"PropertyValueSpecification\",\"valueRequired\":true,\"valueName\":\"search_term_string\"}}],\"inLanguage\":\"it-IT\"}]}<\/script>\n<!-- \/ Yoast SEO plugin. -->","yoast_head_json":{"title":"Flowfinity: recensione piattaforma no-code - Accurate Reviews","description":"Flowfinity: recensione piattaforma no-code utilizzata per creare, automatizzare e integrare rapidamente applicazioni di processi aziendali.","robots":{"index":"index","follow":"follow","max-snippet":"max-snippet:-1","max-image-preview":"max-image-preview:large","max-video-preview":"max-video-preview:-1"},"canonical":"https:\/\/www.accuratereviews.com\/it\/piattaforme-no-code\/flowfinity-recensione\/","og_locale":"it_IT","og_type":"article","og_title":"Flowfinity: recensione piattaforma no-code - Accurate Reviews","og_description":"Flowfinity: recensione piattaforma no-code utilizzata per creare, automatizzare e integrare rapidamente applicazioni di processi aziendali.","og_url":"https:\/\/www.accuratereviews.com\/it\/piattaforme-no-code\/flowfinity-recensione\/","og_site_name":"Accurate Reviews","og_image":[{"width":200,"height":200,"url":"https:\/\/www.accuratereviews.com\/wp-content\/uploads\/2025\/10\/Flowfinity-Logo.webp","type":"image\/webp"}],"twitter_card":"summary_large_image","twitter_misc":{"Tempo di lettura stimato":"5 minuti"},"schema":{"@context":"https:\/\/schema.org","@graph":[{"@type":"WebPage","@id":"https:\/\/www.accuratereviews.com\/it\/piattaforme-no-code\/flowfinity-recensione\/","url":"https:\/\/www.accuratereviews.com\/it\/piattaforme-no-code\/flowfinity-recensione\/","name":"Flowfinity: recensione piattaforma no-code - Accurate Reviews","isPartOf":{"@id":"https:\/\/www.accuratereviews.com\/it\/#website"},"primaryImageOfPage":{"@id":"https:\/\/www.accuratereviews.com\/it\/piattaforme-no-code\/flowfinity-recensione\/#primaryimage"},"image":{"@id":"https:\/\/www.accuratereviews.com\/it\/piattaforme-no-code\/flowfinity-recensione\/#primaryimage"},"thumbnailUrl":"https:\/\/www.accuratereviews.com\/wp-content\/uploads\/2025\/10\/Flowfinity-Logo.webp","datePublished":"2025-10-17T12:32:39+00:00","description":"Flowfinity: recensione piattaforma no-code utilizzata per creare, automatizzare e integrare rapidamente applicazioni di processi aziendali.","breadcrumb":{"@id":"https:\/\/www.accuratereviews.com\/it\/piattaforme-no-code\/flowfinity-recensione\/#breadcrumb"},"inLanguage":"it-IT","potentialAction":[{"@type":"ReadAction","target":["https:\/\/www.accuratereviews.com\/it\/piattaforme-no-code\/flowfinity-recensione\/"]}]},{"@type":"ImageObject","inLanguage":"it-IT","@id":"https:\/\/www.accuratereviews.com\/it\/piattaforme-no-code\/flowfinity-recensione\/#primaryimage","url":"https:\/\/www.accuratereviews.com\/wp-content\/uploads\/2025\/10\/Flowfinity-Logo.webp","contentUrl":"https:\/\/www.accuratereviews.com\/wp-content\/uploads\/2025\/10\/Flowfinity-Logo.webp","width":200,"height":200},{"@type":"BreadcrumbList","@id":"https:\/\/www.accuratereviews.com\/it\/piattaforme-no-code\/flowfinity-recensione\/#breadcrumb","itemListElement":[{"@type":"ListItem","position":1,"name":"Home","item":"https:\/\/www.accuratereviews.com\/it\/"},{"@type":"ListItem","position":2,"name":"Piattaforme no-code","item":"https:\/\/www.accuratereviews.com\/it\/piattaforme-no-code\/"},{"@type":"ListItem","position":3,"name":"Flowfinity"}]},{"@type":"WebSite","@id":"https:\/\/www.accuratereviews.com\/it\/#website","url":"https:\/\/www.accuratereviews.com\/it\/","name":"Accurate Reviews","description":"","potentialAction":[{"@type":"SearchAction","target":{"@type":"EntryPoint","urlTemplate":"https:\/\/www.accuratereviews.com\/it\/?s={search_term_string}"},"query-input":{"@type":"PropertyValueSpecification","valueRequired":true,"valueName":"search_term_string"}}],"inLanguage":"it-IT"}]}},"_links":{"self":[{"href":"https:\/\/www.accuratereviews.com\/it\/wp-json\/wp\/v2\/pages\/104396","targetHints":{"allow":["GET"]}}],"collection":[{"href":"https:\/\/www.accuratereviews.com\/it\/wp-json\/wp\/v2\/pages"}],"about":[{"href":"https:\/\/www.accuratereviews.com\/it\/wp-json\/wp\/v2\/types\/page"}],"author":[{"embeddable":true,"href":"https:\/\/www.accuratereviews.com\/it\/wp-json\/wp\/v2\/users\/19"}],"replies":[{"embeddable":true,"href":"https:\/\/www.accuratereviews.com\/it\/wp-json\/wp\/v2\/comments?post=104396"}],"version-history":[{"count":8,"href":"https:\/\/www.accuratereviews.com\/it\/wp-json\/wp\/v2\/pages\/104396\/revisions"}],"predecessor-version":[{"id":104411,"href":"https:\/\/www.accuratereviews.com\/it\/wp-json\/wp\/v2\/pages\/104396\/revisions\/104411"}],"up":[{"embeddable":true,"href":"https:\/\/www.accuratereviews.com\/it\/wp-json\/wp\/v2\/pages\/99993"}],"wp:featuredmedia":[{"embeddable":true,"href":"https:\/\/www.accuratereviews.com\/it\/wp-json\/wp\/v2\/media\/104398"}],"wp:attachment":[{"href":"https:\/\/www.accuratereviews.com\/it\/wp-json\/wp\/v2\/media?parent=104396"}],"wp:term":[{"taxonomy":"category","embeddable":true,"href":"https:\/\/www.accuratereviews.com\/it\/wp-json\/wp\/v2\/categories?post=104396"},{"taxonomy":"post_tag","embeddable":true,"href":"https:\/\/www.accuratereviews.com\/it\/wp-json\/wp\/v2\/tags?post=104396"},{"taxonomy":"features","embeddable":true,"href":"https:\/\/www.accuratereviews.com\/it\/wp-json\/wp\/v2\/features?post=104396"}],"curies":[{"name":"wp","href":"https:\/\/api.w.org\/{rel}","templated":true}]}}