{"id":104415,"date":"2025-10-20T16:46:08","date_gmt":"2025-10-20T16:46:08","guid":{"rendered":"https:\/\/www.accuratereviews.com\/?page_id=104415"},"modified":"2025-10-21T09:07:43","modified_gmt":"2025-10-21T09:07:43","slug":"highgear-recensione","status":"publish","type":"page","link":"https:\/\/www.accuratereviews.com\/it\/piattaforme-no-code\/highgear-recensione\/","title":{"rendered":"HighGear"},"content":{"rendered":"<p><strong>HighGear<\/strong> \u00e8 una soluzione di automazione del flusso di lavoro, basata su cloud e on-premise, per gestire attivit\u00e0, progetti, progressi e comunicazioni. Inoltre, consente agli utenti di creare moduli, automatizzare procedure e rivedere report tramite accesso multi-dispositivo. Le funzionalit\u00e0 principali della piattaforma includono reporting\/analisi, visualizzazione di fogli di calcolo, monitoraggio del tempo, generatore di moduli <strong>drag-and-drop<\/strong>, task manager, reporting in tempo reale e altro ancora.<br \/>\n<strong>HighGear<\/strong> include un motore di flusso di lavoro visivo che permette agli utenti di creare applicazioni personalizzate con pi\u00f9 nodi come ingresso, decisione, azione e uscita. Consente di creare sezioni codificate a colori per evidenziare, etichettare e monitorare le prestazioni in ogni fase. Inoltre, le sue analisi forniscono informazioni dettagliate sui progetti, con stato di completamento, durata e numero di progetti.<\/p>\n<h2>HIGHGEAR &#8211; TUTORIAL<\/h2>\n<div id=\"fluid-wrapper-counter-1\" class=\"g1-fluid-wrapper \" style=\"width:686px;\">\n<div style=\"padding-bottom:56.268221574344%;\"><iframe loading=\"lazy\" title=\"HighGear | No-Code Workflow Automation\" width=\"686\" height=\"386\" src=\"https:\/\/www.youtube.com\/embed\/FrPZb6gGLVc?feature=oembed&amp;wmode=transparent&amp;autohide=1&amp;autoplay=0&amp;disablekb=0&amp;fs=1&amp;loop=0&amp;enablejsapi=1&amp;rel=0&amp;controls=2&amp;showinfo=0&amp;wmode=transparent&amp;autohide=2&amp;autoplay=0&amp;disablekb=0&amp;fs=1&amp;loop=0&amp;enablejsapi=1&amp;rel=0&amp;controls=2&amp;showinfo=1\" frameborder=\"0\" allow=\"accelerometer; autoplay; clipboard-write; encrypted-media; gyroscope; picture-in-picture; web-share\" referrerpolicy=\"strict-origin-when-cross-origin\" allowfullscreen><\/iframe><\/div>\n<\/div>\n<h3>HIGHGEAR &#8211; CARATTERISTICHE<\/h3>\n<ul>\n<li><strong>Gestione delle attivit\u00e0 aziendali<\/strong>: assegna attivit\u00e0, gestisci il lavoro e monitora i progressi in decine di reparti in tempo reale.<\/li>\n<li><strong>Software per flussi di lavoro visivi<\/strong>: crea facilmente flussi di lavoro semplici o complessi utilizzando il Visual Workflow Designer.<\/li>\n<li><strong>Generatore di moduli drag-and-drop<\/strong>: genera campi personalizzati e progetta moduli con il generatore di moduli drag-and-drop.<\/li>\n<li><strong>Report in tempo reale<\/strong>: crea dashboard personalizzate con dati in tempo reale, condividi report via e-mail ed esportali in formato Word, Excel o PDF.<\/li>\n<li><strong>Assistente per flussi di lavoro<\/strong>: produce flussi di lavoro completamente funzionali e configurabili in pochi secondi con il nostro Assistente per flussi di lavoro basato sull&#8217;intelligenza artificiale.<\/li>\n<\/ul>\n<h4>LE RECENSIONI DEGLI UTENTI<\/h4>\n<p><strong>Gideon &#8220;Uno strumento moderno di gestione del flusso di lavoro&#8221;<\/strong><br \/>\nIl software \u00e8 una soluzione completa per la gestione dei flussi di lavoro. \u00c8 pi\u00f9 facile da implementare rispetto ai suoi concorrenti.<br \/>\n<strong>Pro<\/strong>: efficacia del prodotto nella gestione delle regole aziendali e nella creazione di report generali.<br \/>\n<strong>Contro<\/strong>: i fornitori del servizio clienti del software non sono altrettanto disponibili. Sono troppo lenti.<\/p>\n<p><strong>Tina &#8220;Il miglior programma da usare&#8221;<\/strong><br \/>\nMi piace tantissimo! Rende le cose molto pi\u00f9 fluide.<br \/>\n<strong>Pro<\/strong>: quanto \u00e8 facile da usare, rende davvero il mio sollevamento molto pi\u00f9 semplice<br \/>\n<strong>Contro<\/strong>: quanto tempo ci \u00e8 voluto per implementarlo completamente nell&#8217;azienda.<\/p>\n<p><strong>Charu &#8220;Efficace strumento per la gestione dei progetti e per il risparmio di tempo&#8221;<\/strong><br \/>\nHighGear \u00e8 uno degli strumenti migliori per gestire pi\u00f9 progetti e gestire le attivit\u00e0 con il tuo team. Offre inoltre funzionalit\u00e0 per monitorare le tue attivit\u00e0 e generare report sui tuoi progetti.<br \/>\n<strong>Pro<\/strong>: innanzitutto, \u00e8 uno strumento molto facile da usare e che fa risparmiare tempo. Offre numerose funzionalit\u00e0 potenti per rendere il lavoro semplice ed efficace. Le funzionalit\u00e0 di gestione delle attivit\u00e0 e di monitoraggio dei progetti mi hanno aiutato molto a gestire pi\u00f9 progetti con il mio team.<br \/>\n<strong>Contro<\/strong>: non ho alcun problema a gestire il mio lavoro, anche se dovessi riscontrare qualche problema, il team di supporto lo risolver\u00e0 in tempi molto brevi.<\/p>\n","protected":false},"excerpt":{"rendered":"<p>HighGear \u00e8 una soluzione di automazione del flusso di lavoro basata su cloud e on-premise per gestire attivit\u00e0, progetti, progressi e comunicazioni. Inoltre, consente agli utenti di creare moduli, automatizzare procedure e rivedere report tramite accesso multi-dispositivo. Le funzionalit\u00e0 principali includono reporting\/analisi, visualizzazione di fogli di calcolo, monitoraggio del tempo, generatore di moduli drag-and-drop, task manager, reporting in tempo reale e altro ancora.<\/p>\n","protected":false},"author":19,"featured_media":104422,"parent":99993,"menu_order":0,"comment_status":"open","ping_status":"closed","template":"g1_template_page_review_new.php","meta":{"_acf_changed":false,"cwp_meta_box_check":"Yes","cwp_rev_product_name":"","cwp_rev_product_image":"","wppr_links":[],"cwp_rev_price":"0.00","wppr_options":[{"name":"Usability","value":"0"},{"name":"Speed","value":"0"},{"name":"Features","value":"0"},{"name":"Support","value":"0"},{"name":"Pricing","value":"0"}],"wppr_pros":["","","","",""],"wppr_cons":["","","","",""],"_monsterinsights_skip_tracking":false,"_monsterinsights_sitenote_active":false,"_monsterinsights_sitenote_note":"","_monsterinsights_sitenote_category":0,"footnotes":""},"categories":[16551],"tags":[16652,16554,16571,16573,16556,16572],"features":[],"class_list":{"0":"post-104415","1":"page","2":"type-page","3":"status-publish","4":"has-post-thumbnail","6":"category-piattaforme-no-code-cat","7":"tag-highgear","8":"tag-no-code","9":"tag-piattaforma-no-code","10":"tag-programma-no-code","11":"tag-software-no-code","12":"tag-soluzione-no-code"},"wppr_data":{"cwp_meta_box_check":"Yes","_wppr_review_template":"default","cwp_rev_product_image":"","cwp_image_link":"image","wppr_links":[],"cwp_rev_price":"0.00","wppr_pros":["","","","",""],"wppr_cons":["","","","",""],"wppr_rating":"0.00","wppr_options":{"1":{"name":"Usability","value":"0"},"2":{"name":"Speed","value":"0"},"3":{"name":"Features","value":"0"},"4":{"name":"Support","value":"0"},"5":{"name":"Pricing","value":"0"}},"wppr_review_type":"Product","wppr_review_custom_fields":{"additionalProperty":"","additionalType":"","aggregateRating":"","alternateName":"","audience":"","award":"","awards":"","brand":"","color":"","depth":"","description":"","disambiguatingDescription":"","gtin12":"","gtin13":"","gtin14":"","gtin8":"","height":"","identifier":"","image":"","isAccessoryOrSparePartFor":"","isConsumableFor":"","isRelatedTo":"","isSimilarTo":"","itemCondition":"","logo":"","mainEntityOfPage":"","manufacturer":"","material":"","model":"","mpn":"","name":"","offers":"","potentialAction":"","productID":"","productionDate":"","purchaseDate":"","releaseDate":"","review":"","reviews":"","sameAs":"","sku":"","slogan":"","subjectOf":"","url":"","weight":"","width":""}},"acf":[],"yoast_head":"<!-- This site is optimized with the Yoast SEO plugin v27.4 - https:\/\/yoast.com\/product\/yoast-seo-wordpress\/ -->\n<title>HighGear: recensione piattaforme no code - Accurate Reviews<\/title>\n<meta name=\"description\" content=\"HighGear: recensione soluzione di automazione del flusso di lavoro per gestire attivit\u00e0, progetti, progressi e comunicazioni.\" \/>\n<meta name=\"robots\" content=\"index, follow, max-snippet:-1, max-image-preview:large, max-video-preview:-1\" \/>\n<link rel=\"canonical\" href=\"https:\/\/www.accuratereviews.com\/it\/piattaforme-no-code\/highgear-recensione\/\" \/>\n<meta property=\"og:locale\" content=\"it_IT\" \/>\n<meta property=\"og:type\" content=\"article\" \/>\n<meta property=\"og:title\" content=\"HighGear: recensione piattaforme no code - Accurate Reviews\" \/>\n<meta property=\"og:description\" content=\"HighGear: recensione soluzione di automazione del flusso di lavoro per gestire attivit\u00e0, progetti, progressi e comunicazioni.\" \/>\n<meta property=\"og:url\" content=\"https:\/\/www.accuratereviews.com\/it\/piattaforme-no-code\/highgear-recensione\/\" \/>\n<meta property=\"og:site_name\" content=\"Accurate Reviews\" \/>\n<meta property=\"article:modified_time\" content=\"2025-10-21T09:07:43+00:00\" \/>\n<meta property=\"og:image\" content=\"https:\/\/www.accuratereviews.com\/wp-content\/uploads\/2025\/10\/HighGear-Logo-Tagline-Registered-Trademark-RGB.jpg\" \/>\n\t<meta property=\"og:image:width\" content=\"1549\" \/>\n\t<meta property=\"og:image:height\" content=\"393\" \/>\n\t<meta property=\"og:image:type\" content=\"image\/jpeg\" \/>\n<meta name=\"twitter:card\" content=\"summary_large_image\" \/>\n<meta name=\"twitter:label1\" content=\"Tempo di lettura stimato\" \/>\n\t<meta name=\"twitter:data1\" content=\"4 minuti\" \/>\n<script type=\"application\/ld+json\" class=\"yoast-schema-graph\">{\"@context\":\"https:\\\/\\\/schema.org\",\"@graph\":[{\"@type\":\"WebPage\",\"@id\":\"https:\\\/\\\/www.accuratereviews.com\\\/it\\\/piattaforme-no-code\\\/highgear-recensione\\\/\",\"url\":\"https:\\\/\\\/www.accuratereviews.com\\\/it\\\/piattaforme-no-code\\\/highgear-recensione\\\/\",\"name\":\"HighGear: recensione piattaforme no code - Accurate Reviews\",\"isPartOf\":{\"@id\":\"https:\\\/\\\/www.accuratereviews.com\\\/it\\\/#website\"},\"primaryImageOfPage\":{\"@id\":\"https:\\\/\\\/www.accuratereviews.com\\\/it\\\/piattaforme-no-code\\\/highgear-recensione\\\/#primaryimage\"},\"image\":{\"@id\":\"https:\\\/\\\/www.accuratereviews.com\\\/it\\\/piattaforme-no-code\\\/highgear-recensione\\\/#primaryimage\"},\"thumbnailUrl\":\"https:\\\/\\\/www.accuratereviews.com\\\/wp-content\\\/uploads\\\/2025\\\/10\\\/HighGear-Logo-Tagline-Registered-Trademark-RGB.jpg\",\"datePublished\":\"2025-10-20T16:46:08+00:00\",\"dateModified\":\"2025-10-21T09:07:43+00:00\",\"description\":\"HighGear: recensione soluzione di automazione del flusso di lavoro per gestire attivit\u00e0, progetti, progressi e comunicazioni.\",\"breadcrumb\":{\"@id\":\"https:\\\/\\\/www.accuratereviews.com\\\/it\\\/piattaforme-no-code\\\/highgear-recensione\\\/#breadcrumb\"},\"inLanguage\":\"it-IT\",\"potentialAction\":[{\"@type\":\"ReadAction\",\"target\":[\"https:\\\/\\\/www.accuratereviews.com\\\/it\\\/piattaforme-no-code\\\/highgear-recensione\\\/\"]}]},{\"@type\":\"ImageObject\",\"inLanguage\":\"it-IT\",\"@id\":\"https:\\\/\\\/www.accuratereviews.com\\\/it\\\/piattaforme-no-code\\\/highgear-recensione\\\/#primaryimage\",\"url\":\"https:\\\/\\\/www.accuratereviews.com\\\/wp-content\\\/uploads\\\/2025\\\/10\\\/HighGear-Logo-Tagline-Registered-Trademark-RGB.jpg\",\"contentUrl\":\"https:\\\/\\\/www.accuratereviews.com\\\/wp-content\\\/uploads\\\/2025\\\/10\\\/HighGear-Logo-Tagline-Registered-Trademark-RGB.jpg\",\"width\":1549,\"height\":393},{\"@type\":\"BreadcrumbList\",\"@id\":\"https:\\\/\\\/www.accuratereviews.com\\\/it\\\/piattaforme-no-code\\\/highgear-recensione\\\/#breadcrumb\",\"itemListElement\":[{\"@type\":\"ListItem\",\"position\":1,\"name\":\"Home\",\"item\":\"https:\\\/\\\/www.accuratereviews.com\\\/it\\\/\"},{\"@type\":\"ListItem\",\"position\":2,\"name\":\"Piattaforme no-code\",\"item\":\"https:\\\/\\\/www.accuratereviews.com\\\/it\\\/piattaforme-no-code\\\/\"},{\"@type\":\"ListItem\",\"position\":3,\"name\":\"HighGear\"}]},{\"@type\":\"WebSite\",\"@id\":\"https:\\\/\\\/www.accuratereviews.com\\\/it\\\/#website\",\"url\":\"https:\\\/\\\/www.accuratereviews.com\\\/it\\\/\",\"name\":\"Accurate Reviews\",\"description\":\"\",\"potentialAction\":[{\"@type\":\"SearchAction\",\"target\":{\"@type\":\"EntryPoint\",\"urlTemplate\":\"https:\\\/\\\/www.accuratereviews.com\\\/it\\\/?s={search_term_string}\"},\"query-input\":{\"@type\":\"PropertyValueSpecification\",\"valueRequired\":true,\"valueName\":\"search_term_string\"}}],\"inLanguage\":\"it-IT\"}]}<\/script>\n<!-- \/ Yoast SEO plugin. -->","yoast_head_json":{"title":"HighGear: recensione piattaforme no code - Accurate Reviews","description":"HighGear: recensione soluzione di automazione del flusso di lavoro per gestire attivit\u00e0, progetti, progressi e comunicazioni.","robots":{"index":"index","follow":"follow","max-snippet":"max-snippet:-1","max-image-preview":"max-image-preview:large","max-video-preview":"max-video-preview:-1"},"canonical":"https:\/\/www.accuratereviews.com\/it\/piattaforme-no-code\/highgear-recensione\/","og_locale":"it_IT","og_type":"article","og_title":"HighGear: recensione piattaforme no code - Accurate Reviews","og_description":"HighGear: recensione soluzione di automazione del flusso di lavoro per gestire attivit\u00e0, progetti, progressi e comunicazioni.","og_url":"https:\/\/www.accuratereviews.com\/it\/piattaforme-no-code\/highgear-recensione\/","og_site_name":"Accurate Reviews","article_modified_time":"2025-10-21T09:07:43+00:00","og_image":[{"width":1549,"height":393,"url":"https:\/\/www.accuratereviews.com\/wp-content\/uploads\/2025\/10\/HighGear-Logo-Tagline-Registered-Trademark-RGB.jpg","type":"image\/jpeg"}],"twitter_card":"summary_large_image","twitter_misc":{"Tempo di lettura stimato":"4 minuti"},"schema":{"@context":"https:\/\/schema.org","@graph":[{"@type":"WebPage","@id":"https:\/\/www.accuratereviews.com\/it\/piattaforme-no-code\/highgear-recensione\/","url":"https:\/\/www.accuratereviews.com\/it\/piattaforme-no-code\/highgear-recensione\/","name":"HighGear: recensione piattaforme no code - Accurate Reviews","isPartOf":{"@id":"https:\/\/www.accuratereviews.com\/it\/#website"},"primaryImageOfPage":{"@id":"https:\/\/www.accuratereviews.com\/it\/piattaforme-no-code\/highgear-recensione\/#primaryimage"},"image":{"@id":"https:\/\/www.accuratereviews.com\/it\/piattaforme-no-code\/highgear-recensione\/#primaryimage"},"thumbnailUrl":"https:\/\/www.accuratereviews.com\/wp-content\/uploads\/2025\/10\/HighGear-Logo-Tagline-Registered-Trademark-RGB.jpg","datePublished":"2025-10-20T16:46:08+00:00","dateModified":"2025-10-21T09:07:43+00:00","description":"HighGear: recensione soluzione di automazione del flusso di lavoro per gestire attivit\u00e0, progetti, progressi e comunicazioni.","breadcrumb":{"@id":"https:\/\/www.accuratereviews.com\/it\/piattaforme-no-code\/highgear-recensione\/#breadcrumb"},"inLanguage":"it-IT","potentialAction":[{"@type":"ReadAction","target":["https:\/\/www.accuratereviews.com\/it\/piattaforme-no-code\/highgear-recensione\/"]}]},{"@type":"ImageObject","inLanguage":"it-IT","@id":"https:\/\/www.accuratereviews.com\/it\/piattaforme-no-code\/highgear-recensione\/#primaryimage","url":"https:\/\/www.accuratereviews.com\/wp-content\/uploads\/2025\/10\/HighGear-Logo-Tagline-Registered-Trademark-RGB.jpg","contentUrl":"https:\/\/www.accuratereviews.com\/wp-content\/uploads\/2025\/10\/HighGear-Logo-Tagline-Registered-Trademark-RGB.jpg","width":1549,"height":393},{"@type":"BreadcrumbList","@id":"https:\/\/www.accuratereviews.com\/it\/piattaforme-no-code\/highgear-recensione\/#breadcrumb","itemListElement":[{"@type":"ListItem","position":1,"name":"Home","item":"https:\/\/www.accuratereviews.com\/it\/"},{"@type":"ListItem","position":2,"name":"Piattaforme no-code","item":"https:\/\/www.accuratereviews.com\/it\/piattaforme-no-code\/"},{"@type":"ListItem","position":3,"name":"HighGear"}]},{"@type":"WebSite","@id":"https:\/\/www.accuratereviews.com\/it\/#website","url":"https:\/\/www.accuratereviews.com\/it\/","name":"Accurate Reviews","description":"","potentialAction":[{"@type":"SearchAction","target":{"@type":"EntryPoint","urlTemplate":"https:\/\/www.accuratereviews.com\/it\/?s={search_term_string}"},"query-input":{"@type":"PropertyValueSpecification","valueRequired":true,"valueName":"search_term_string"}}],"inLanguage":"it-IT"}]}},"_links":{"self":[{"href":"https:\/\/www.accuratereviews.com\/it\/wp-json\/wp\/v2\/pages\/104415","targetHints":{"allow":["GET"]}}],"collection":[{"href":"https:\/\/www.accuratereviews.com\/it\/wp-json\/wp\/v2\/pages"}],"about":[{"href":"https:\/\/www.accuratereviews.com\/it\/wp-json\/wp\/v2\/types\/page"}],"author":[{"embeddable":true,"href":"https:\/\/www.accuratereviews.com\/it\/wp-json\/wp\/v2\/users\/19"}],"replies":[{"embeddable":true,"href":"https:\/\/www.accuratereviews.com\/it\/wp-json\/wp\/v2\/comments?post=104415"}],"version-history":[{"count":9,"href":"https:\/\/www.accuratereviews.com\/it\/wp-json\/wp\/v2\/pages\/104415\/revisions"}],"predecessor-version":[{"id":104470,"href":"https:\/\/www.accuratereviews.com\/it\/wp-json\/wp\/v2\/pages\/104415\/revisions\/104470"}],"up":[{"embeddable":true,"href":"https:\/\/www.accuratereviews.com\/it\/wp-json\/wp\/v2\/pages\/99993"}],"wp:featuredmedia":[{"embeddable":true,"href":"https:\/\/www.accuratereviews.com\/it\/wp-json\/wp\/v2\/media\/104422"}],"wp:attachment":[{"href":"https:\/\/www.accuratereviews.com\/it\/wp-json\/wp\/v2\/media?parent=104415"}],"wp:term":[{"taxonomy":"category","embeddable":true,"href":"https:\/\/www.accuratereviews.com\/it\/wp-json\/wp\/v2\/categories?post=104415"},{"taxonomy":"post_tag","embeddable":true,"href":"https:\/\/www.accuratereviews.com\/it\/wp-json\/wp\/v2\/tags?post=104415"},{"taxonomy":"features","embeddable":true,"href":"https:\/\/www.accuratereviews.com\/it\/wp-json\/wp\/v2\/features?post=104415"}],"curies":[{"name":"wp","href":"https:\/\/api.w.org\/{rel}","templated":true}]}}