{"id":104456,"date":"2025-10-21T15:09:08","date_gmt":"2025-10-21T15:09:08","guid":{"rendered":"https:\/\/www.accuratereviews.com\/?page_id=104456"},"modified":"2025-10-21T15:09:08","modified_gmt":"2025-10-21T15:09:08","slug":"goodbarber-recensione","status":"publish","type":"page","link":"https:\/\/www.accuratereviews.com\/it\/piattaforme-no-code\/goodbarber-recensione\/","title":{"rendered":"GoodBarber"},"content":{"rendered":"<p><strong>GoodBarber<\/strong> \u00e8 una<strong> piattaforma no-code<\/strong> per la creazione di app native per iOS e Android di grande impatto, nonch\u00e9 di <strong>Progressive Web App<\/strong> (PWA). Consente agli utenti di creare app mobili di qualit\u00e0 professionale senza alcuna esperienza di programmazione. La piattaforma offre un&#8217;interfaccia intuitiva per la creazione di app, che consente agli utenti di gestire i contenuti, personalizzare il design e aggiungere funzionalit\u00e0 tramite un&#8217;ampia libreria di estensioni.<br \/>\nI template predefiniti di <strong>GoodBarber<\/strong>, inoltre, offrono un&#8217;esperienza utente e un design ottimizzato, garantendo app visivamente accattivanti e coinvolgenti. Sviluppate nei linguaggi nativi Swift per iOS e Kotlin per Android, le app di <strong>GoodBarber<\/strong> contribuiscono a ottimizzare prestazioni e funzionalit\u00e0. La piattaforma genera anche<strong> PWA<\/strong> ottimizzate per la <strong>SEO<\/strong> che combinano la visibilit\u00e0 di un sito web con l&#8217;impegno dell&#8217;utente di un&#8217;app nativa.<\/p>\n<h2>GOODBARBER &#8211; TUTORIAL<\/h2>\n<div id=\"fluid-wrapper-counter-1\" class=\"g1-fluid-wrapper \" style=\"width:686px;\">\n<div style=\"padding-bottom:56.268221574344%;\"><iframe loading=\"lazy\" title=\"How to make an app for Android, iOS and PWA without coding\" width=\"686\" height=\"386\" src=\"https:\/\/www.youtube.com\/embed\/u0KSPNqZr4k?feature=oembed&amp;wmode=transparent&amp;autohide=1&amp;autoplay=0&amp;disablekb=0&amp;fs=1&amp;loop=0&amp;enablejsapi=1&amp;rel=0&amp;controls=2&amp;showinfo=0&amp;wmode=transparent&amp;autohide=2&amp;autoplay=0&amp;disablekb=0&amp;fs=1&amp;loop=0&amp;enablejsapi=1&amp;rel=0&amp;controls=2&amp;showinfo=1\" frameborder=\"0\" allow=\"accelerometer; autoplay; clipboard-write; encrypted-media; gyroscope; picture-in-picture; web-share\" referrerpolicy=\"strict-origin-when-cross-origin\" allowfullscreen><\/iframe><\/div>\n<\/div>\n<h3>GOODBARBER &#8211; CARATTERISTICHE<\/h3>\n<ul>\n<li><strong>App di contenuti:<\/strong>\u00a0crea app per distribuire qualsiasi tipo di contenuto: contenuti editoriali, community o funzionalit\u00e0 di fidelizzazione. Dai vita alle tue idee con un&#8217;app dal design eccezionale.<\/li>\n<li><strong>Nativa<\/strong>: offre app native in Objective-C per iOS e Java per Android, per garantire la migliore esperienza utente su ogni piattaforma.<\/li>\n<li><strong>App di ecommerce<\/strong>: genera\u00a0il tuo negozio online e vendi i tuoi prodotti su tutti i canali (Apple Store, Google Play e Web). Valorizza i tuoi prodotti con un&#8217;app accattivante e aumenta i tuoi profitti.<\/li>\n<li><strong>PWA<\/strong>: offre app Web Progressive in Angular 8.0. Questa nuova generazione di app web consente una reattivit\u00e0 unica nel suo genere e l&#8217;esperienza utente avanzata, su dispositivi mobili e non solo, tablet e desktop.<\/li>\n<li><strong>Back office unico<\/strong>: approfitta del sistema di gestione pi\u00f9 avanzato sul mercato. Il back office \u00e8 intuitivo e ti permette di creare, senza alcuna competenza di programmazione, un progetto dotato delle pi\u00f9 recenti tecnologie all&#8217;avanguardia. Strumento di creazione, nonch\u00e9 un punto di riferimento unico per la gestione e il monitoraggio del tuo lavoro, \u00e8 una risorsa imbattibile per il successo del tuo progetto.<\/li>\n<li><strong>App di contenuti:<\/strong> oltre 190 funzionalit\u00e0 avanzate possono essere aggiunte al tuo back office dall&#8217;Extension Store. Seleziona le funzionalit\u00e0 in base alla tua area di competenza o alle tue esigenze e organizza il tuo spazio di lavoro di conseguenza: sei tu a decidere!<\/li>\n<li><strong>Propriet\u00e0 intellettuale:<\/strong> la soluzione possiede una tecnologia che ti permette di creare, organizzare e distribuire i tuoi contenuti al tuo pubblico: immagini, loghi, video, file audio, testi, qualsiasi cosa. Sei e rimarrai sempre l&#8217;unico proprietario di tali contenuti.<\/li>\n<li><strong>Recupero dati<\/strong>: i contenuti prodotti tramite il software appartengono a te. Se desideri cambiare tecnologia e proseguire il tuo progetto altrove, puoi esportare i tuoi dati.<\/li>\n<li><strong>Nessuna commissione sulle tue vendite<\/strong>: il programma\u00a0non addebita alcuna commissione sulle tue vendite. Tutti i profitti generati dal tuo negozio ti vengono assegnati, indipendentemente dal loro importo.<\/li>\n<li><strong>Interfaccia dedicata:<\/strong> il back office include un&#8217;interfaccia dedicata alla gestione degli utenti dell&#8217;app. Fornisce accesso all&#8217;elenco degli utenti, alla loro posizione, al gruppo a cui appartengono, alla data dell&#8217;ultimo accesso e ai dati social.<\/li>\n<li><strong>Pannello utente:<\/strong> per ogni utente, hai accesso a un pannello dettagliato con tutte le informazioni relative al suo profilo, che puoi modificare in qualsiasi momento.<\/li>\n<li><strong>Personalizzazione del design<\/strong>: personalizza il design dei tuoi premi selezionando un colore o un&#8217;immagine di sfondo, un&#8217;icona, nonch\u00e9 i colori del testo e i font.<\/li>\n<li><strong>Statistiche dettagliate:<\/strong> controlla le performance di ciascuno dei premi inviati tramite un&#8217;interfaccia statistica: filtra per premio, visualizza l&#8217;importo dei premi offerti, quanti sono stati aperti o riscattati.<\/li>\n<\/ul>\n<h4>LE RECENSIONI DEGLI UTENTI<\/h4>\n<p><strong>Kennedy &#8220;GoodBarber&#8221;<\/strong><br \/>\nNel complesso, Good Barber \u00e8 un&#8217;app valida e adatta a privati e piccole imprese che desiderano creare app che soddisfino le proprie esigenze.<br \/>\n<strong>Pro<\/strong>: \u00e8 facile creare app senza che siano richieste competenze tecniche e inoltre la sua funzionalit\u00e0 drag-and-drop \u00e8 la migliore che abbia mai usato, con funzioni di personalizzazione migliori di quelle che abbia mai visto.<br \/>\n<strong>Contro<\/strong>: problemi di bug e funzionalit\u00e0 costose che sono avanzate e non adatte ai principianti.<\/p>\n<p><strong>Yasin &#8220;Fa miracoli per la progettazione di app di immissione dati&#8221;<\/strong><br \/>\nMi \u00e8 piaciuto molto configurare app con Goodbarber per le nostre esigenze di inserimento dati. Per noi \u00e8 sempre stato un grosso ostacolo psicologico creare un&#8217;app mobile da zero e mi sono sentito molto sollevato quando ho scoperto che non \u00e8 necessario conoscere codici, elementi di progettazione complessi, ecc. Chiunque pu\u00f2 creare un&#8217;app con it, e abbiamo sicuramente tratto vantaggio dalla possibilit\u00e0 di raccogliere dati standardizzati dal personale del nostro piano con l&#8217;app che abbiamo creato con Goodbarber. Lo consiglio vivamente<br \/>\n<strong>Pro<\/strong>: adoro il builder drag and drop senza codice. Pensavamo che ci sarebbero voluti anni per sviluppare anche un&#8217;app di base, ma con la capacit\u00e0 di trascinamento della selezione di Goodbarber, puoi semplicemente mettere insieme alcuni blocchi, effettuare alcune configurazioni e voil\u00e0, hai un&#8217;app perfettamente funzionante.<br \/>\n<strong>Contro<\/strong>: sarebbe bello avere pi\u00f9 documentazione di supporto o gallerie in cui possiamo ottenere idee dalle app che altri hanno creato. Ma a parte questo, non abbiamo nulla di cui lamentarci.<\/p>\n<p><strong>Tenae &#8220;Good Barber \u00e8 un ottimo software per iniziare a trasformare il tuo sito in un&#8217;app!&#8221;<\/strong><br \/>\nMi sono piaciuti molto i modelli di design, erano fantastici ma possono anche essere personalizzati in base alle proprie esigenze.<br \/>\n<strong>Pro<\/strong>: Mi piace molto la semplicit\u00e0 d&#8217;uso di questo software anche per chi non ha molta esperienza con la codifica o con la creazione di app.<br \/>\n<strong>Contro<\/strong>: Non posso lamentarmi di Good Barber. Ho avuto solo esperienze fantastiche<\/p>\n","protected":false},"excerpt":{"rendered":"<p>GoodBarber \u00e8 una piattaforma no-code per la creazione di app native per iOS e Android di grande impatto, nonch\u00e9 di Progressive Web App (PWA). Consente agli utenti di creare app mobili di qualit\u00e0 professionale senza alcuna esperienza di programmazione. La piattaforma offre un&#8217;interfaccia intuitiva per la creazione di app, che consente agli utenti di gestire i contenuti, personalizzare il design e aggiungere funzionalit\u00e0 tramite un&#8217;ampia libreria di estensioni.<\/p>\n","protected":false},"author":19,"featured_media":104458,"parent":99993,"menu_order":0,"comment_status":"closed","ping_status":"closed","template":"g1_template_page_review_new.php","meta":{"_acf_changed":false,"cwp_meta_box_check":"Yes","cwp_rev_product_name":"","cwp_rev_product_image":"","wppr_links":[],"cwp_rev_price":"0.00","wppr_options":[{"name":"Usability","value":"0"},{"name":"Speed","value":"0"},{"name":"Features","value":"0"},{"name":"Support","value":"0"},{"name":"Pricing","value":"0"}],"wppr_pros":["","","","",""],"wppr_cons":["","","","",""],"_monsterinsights_skip_tracking":false,"_monsterinsights_sitenote_active":false,"_monsterinsights_sitenote_note":"","_monsterinsights_sitenote_category":0,"footnotes":""},"categories":[16551],"tags":[16654,16554,16571,16573,16556,16572],"features":[],"class_list":{"0":"post-104456","1":"page","2":"type-page","3":"status-publish","4":"has-post-thumbnail","6":"category-piattaforme-no-code-cat","7":"tag-goodbarber","8":"tag-no-code","9":"tag-piattaforma-no-code","10":"tag-programma-no-code","11":"tag-software-no-code","12":"tag-soluzione-no-code"},"wppr_data":{"cwp_meta_box_check":"Yes","_wppr_review_template":"default","cwp_rev_product_image":"","cwp_image_link":"image","wppr_links":[],"cwp_rev_price":"0.00","wppr_pros":["","","","",""],"wppr_cons":["","","","",""],"wppr_rating":"0.00","wppr_options":{"1":{"name":"Usability","value":"0"},"2":{"name":"Speed","value":"0"},"3":{"name":"Features","value":"0"},"4":{"name":"Support","value":"0"},"5":{"name":"Pricing","value":"0"}},"wppr_review_type":"Product","wppr_review_custom_fields":{"additionalProperty":"","additionalType":"","aggregateRating":"","alternateName":"","audience":"","award":"","awards":"","brand":"","color":"","depth":"","description":"","disambiguatingDescription":"","gtin12":"","gtin13":"","gtin14":"","gtin8":"","height":"","identifier":"","image":"","isAccessoryOrSparePartFor":"","isConsumableFor":"","isRelatedTo":"","isSimilarTo":"","itemCondition":"","logo":"","mainEntityOfPage":"","manufacturer":"","material":"","model":"","mpn":"","name":"","offers":"","potentialAction":"","productID":"","productionDate":"","purchaseDate":"","releaseDate":"","review":"","reviews":"","sameAs":"","sku":"","slogan":"","subjectOf":"","url":"","weight":"","width":""}},"acf":[],"yoast_head":"<!-- This site is optimized with the Yoast SEO plugin v27.4 - https:\/\/yoast.com\/product\/yoast-seo-wordpress\/ -->\n<title>GoodBarber: recensione piattaforma no code - Accurate Reviews<\/title>\n<meta name=\"description\" content=\"GoodBarber: recensione piattaforma no-code per la creazione di app native per iOS e Android di grande impatto, nonch\u00e9 di Progressive Web App.\" \/>\n<meta name=\"robots\" content=\"index, follow, max-snippet:-1, max-image-preview:large, max-video-preview:-1\" \/>\n<link rel=\"canonical\" href=\"https:\/\/www.accuratereviews.com\/it\/piattaforme-no-code\/goodbarber-recensione\/\" \/>\n<meta property=\"og:locale\" content=\"it_IT\" \/>\n<meta property=\"og:type\" content=\"article\" \/>\n<meta property=\"og:title\" content=\"GoodBarber: recensione piattaforma no code - Accurate Reviews\" \/>\n<meta property=\"og:description\" content=\"GoodBarber: recensione piattaforma no-code per la creazione di app native per iOS e Android di grande impatto, nonch\u00e9 di Progressive Web App.\" \/>\n<meta property=\"og:url\" content=\"https:\/\/www.accuratereviews.com\/it\/piattaforme-no-code\/goodbarber-recensione\/\" \/>\n<meta property=\"og:site_name\" content=\"Accurate Reviews\" \/>\n<meta property=\"og:image\" content=\"https:\/\/www.accuratereviews.com\/wp-content\/uploads\/2025\/10\/GoodBarber.png\" \/>\n\t<meta property=\"og:image:width\" content=\"225\" \/>\n\t<meta property=\"og:image:height\" content=\"225\" \/>\n\t<meta property=\"og:image:type\" content=\"image\/png\" \/>\n<meta name=\"twitter:card\" content=\"summary_large_image\" \/>\n<meta name=\"twitter:label1\" content=\"Tempo di lettura stimato\" \/>\n\t<meta name=\"twitter:data1\" content=\"6 minuti\" \/>\n<script type=\"application\/ld+json\" class=\"yoast-schema-graph\">{\"@context\":\"https:\\\/\\\/schema.org\",\"@graph\":[{\"@type\":\"WebPage\",\"@id\":\"https:\\\/\\\/www.accuratereviews.com\\\/it\\\/piattaforme-no-code\\\/goodbarber-recensione\\\/\",\"url\":\"https:\\\/\\\/www.accuratereviews.com\\\/it\\\/piattaforme-no-code\\\/goodbarber-recensione\\\/\",\"name\":\"GoodBarber: recensione piattaforma no code - Accurate Reviews\",\"isPartOf\":{\"@id\":\"https:\\\/\\\/www.accuratereviews.com\\\/it\\\/#website\"},\"primaryImageOfPage\":{\"@id\":\"https:\\\/\\\/www.accuratereviews.com\\\/it\\\/piattaforme-no-code\\\/goodbarber-recensione\\\/#primaryimage\"},\"image\":{\"@id\":\"https:\\\/\\\/www.accuratereviews.com\\\/it\\\/piattaforme-no-code\\\/goodbarber-recensione\\\/#primaryimage\"},\"thumbnailUrl\":\"https:\\\/\\\/www.accuratereviews.com\\\/wp-content\\\/uploads\\\/2025\\\/10\\\/GoodBarber.png\",\"datePublished\":\"2025-10-21T15:09:08+00:00\",\"description\":\"GoodBarber: recensione piattaforma no-code per la creazione di app native per iOS e Android di grande impatto, nonch\u00e9 di Progressive Web App.\",\"breadcrumb\":{\"@id\":\"https:\\\/\\\/www.accuratereviews.com\\\/it\\\/piattaforme-no-code\\\/goodbarber-recensione\\\/#breadcrumb\"},\"inLanguage\":\"it-IT\",\"potentialAction\":[{\"@type\":\"ReadAction\",\"target\":[\"https:\\\/\\\/www.accuratereviews.com\\\/it\\\/piattaforme-no-code\\\/goodbarber-recensione\\\/\"]}]},{\"@type\":\"ImageObject\",\"inLanguage\":\"it-IT\",\"@id\":\"https:\\\/\\\/www.accuratereviews.com\\\/it\\\/piattaforme-no-code\\\/goodbarber-recensione\\\/#primaryimage\",\"url\":\"https:\\\/\\\/www.accuratereviews.com\\\/wp-content\\\/uploads\\\/2025\\\/10\\\/GoodBarber.png\",\"contentUrl\":\"https:\\\/\\\/www.accuratereviews.com\\\/wp-content\\\/uploads\\\/2025\\\/10\\\/GoodBarber.png\",\"width\":225,\"height\":225},{\"@type\":\"BreadcrumbList\",\"@id\":\"https:\\\/\\\/www.accuratereviews.com\\\/it\\\/piattaforme-no-code\\\/goodbarber-recensione\\\/#breadcrumb\",\"itemListElement\":[{\"@type\":\"ListItem\",\"position\":1,\"name\":\"Home\",\"item\":\"https:\\\/\\\/www.accuratereviews.com\\\/it\\\/\"},{\"@type\":\"ListItem\",\"position\":2,\"name\":\"Piattaforme no-code\",\"item\":\"https:\\\/\\\/www.accuratereviews.com\\\/it\\\/piattaforme-no-code\\\/\"},{\"@type\":\"ListItem\",\"position\":3,\"name\":\"GoodBarber\"}]},{\"@type\":\"WebSite\",\"@id\":\"https:\\\/\\\/www.accuratereviews.com\\\/it\\\/#website\",\"url\":\"https:\\\/\\\/www.accuratereviews.com\\\/it\\\/\",\"name\":\"Accurate Reviews\",\"description\":\"\",\"potentialAction\":[{\"@type\":\"SearchAction\",\"target\":{\"@type\":\"EntryPoint\",\"urlTemplate\":\"https:\\\/\\\/www.accuratereviews.com\\\/it\\\/?s={search_term_string}\"},\"query-input\":{\"@type\":\"PropertyValueSpecification\",\"valueRequired\":true,\"valueName\":\"search_term_string\"}}],\"inLanguage\":\"it-IT\"}]}<\/script>\n<!-- \/ Yoast SEO plugin. -->","yoast_head_json":{"title":"GoodBarber: recensione piattaforma no code - Accurate Reviews","description":"GoodBarber: recensione piattaforma no-code per la creazione di app native per iOS e Android di grande impatto, nonch\u00e9 di Progressive Web App.","robots":{"index":"index","follow":"follow","max-snippet":"max-snippet:-1","max-image-preview":"max-image-preview:large","max-video-preview":"max-video-preview:-1"},"canonical":"https:\/\/www.accuratereviews.com\/it\/piattaforme-no-code\/goodbarber-recensione\/","og_locale":"it_IT","og_type":"article","og_title":"GoodBarber: recensione piattaforma no code - Accurate Reviews","og_description":"GoodBarber: recensione piattaforma no-code per la creazione di app native per iOS e Android di grande impatto, nonch\u00e9 di Progressive Web App.","og_url":"https:\/\/www.accuratereviews.com\/it\/piattaforme-no-code\/goodbarber-recensione\/","og_site_name":"Accurate Reviews","og_image":[{"width":225,"height":225,"url":"https:\/\/www.accuratereviews.com\/wp-content\/uploads\/2025\/10\/GoodBarber.png","type":"image\/png"}],"twitter_card":"summary_large_image","twitter_misc":{"Tempo di lettura stimato":"6 minuti"},"schema":{"@context":"https:\/\/schema.org","@graph":[{"@type":"WebPage","@id":"https:\/\/www.accuratereviews.com\/it\/piattaforme-no-code\/goodbarber-recensione\/","url":"https:\/\/www.accuratereviews.com\/it\/piattaforme-no-code\/goodbarber-recensione\/","name":"GoodBarber: recensione piattaforma no code - Accurate Reviews","isPartOf":{"@id":"https:\/\/www.accuratereviews.com\/it\/#website"},"primaryImageOfPage":{"@id":"https:\/\/www.accuratereviews.com\/it\/piattaforme-no-code\/goodbarber-recensione\/#primaryimage"},"image":{"@id":"https:\/\/www.accuratereviews.com\/it\/piattaforme-no-code\/goodbarber-recensione\/#primaryimage"},"thumbnailUrl":"https:\/\/www.accuratereviews.com\/wp-content\/uploads\/2025\/10\/GoodBarber.png","datePublished":"2025-10-21T15:09:08+00:00","description":"GoodBarber: recensione piattaforma no-code per la creazione di app native per iOS e Android di grande impatto, nonch\u00e9 di Progressive Web App.","breadcrumb":{"@id":"https:\/\/www.accuratereviews.com\/it\/piattaforme-no-code\/goodbarber-recensione\/#breadcrumb"},"inLanguage":"it-IT","potentialAction":[{"@type":"ReadAction","target":["https:\/\/www.accuratereviews.com\/it\/piattaforme-no-code\/goodbarber-recensione\/"]}]},{"@type":"ImageObject","inLanguage":"it-IT","@id":"https:\/\/www.accuratereviews.com\/it\/piattaforme-no-code\/goodbarber-recensione\/#primaryimage","url":"https:\/\/www.accuratereviews.com\/wp-content\/uploads\/2025\/10\/GoodBarber.png","contentUrl":"https:\/\/www.accuratereviews.com\/wp-content\/uploads\/2025\/10\/GoodBarber.png","width":225,"height":225},{"@type":"BreadcrumbList","@id":"https:\/\/www.accuratereviews.com\/it\/piattaforme-no-code\/goodbarber-recensione\/#breadcrumb","itemListElement":[{"@type":"ListItem","position":1,"name":"Home","item":"https:\/\/www.accuratereviews.com\/it\/"},{"@type":"ListItem","position":2,"name":"Piattaforme no-code","item":"https:\/\/www.accuratereviews.com\/it\/piattaforme-no-code\/"},{"@type":"ListItem","position":3,"name":"GoodBarber"}]},{"@type":"WebSite","@id":"https:\/\/www.accuratereviews.com\/it\/#website","url":"https:\/\/www.accuratereviews.com\/it\/","name":"Accurate Reviews","description":"","potentialAction":[{"@type":"SearchAction","target":{"@type":"EntryPoint","urlTemplate":"https:\/\/www.accuratereviews.com\/it\/?s={search_term_string}"},"query-input":{"@type":"PropertyValueSpecification","valueRequired":true,"valueName":"search_term_string"}}],"inLanguage":"it-IT"}]}},"_links":{"self":[{"href":"https:\/\/www.accuratereviews.com\/it\/wp-json\/wp\/v2\/pages\/104456","targetHints":{"allow":["GET"]}}],"collection":[{"href":"https:\/\/www.accuratereviews.com\/it\/wp-json\/wp\/v2\/pages"}],"about":[{"href":"https:\/\/www.accuratereviews.com\/it\/wp-json\/wp\/v2\/types\/page"}],"author":[{"embeddable":true,"href":"https:\/\/www.accuratereviews.com\/it\/wp-json\/wp\/v2\/users\/19"}],"replies":[{"embeddable":true,"href":"https:\/\/www.accuratereviews.com\/it\/wp-json\/wp\/v2\/comments?post=104456"}],"version-history":[{"count":10,"href":"https:\/\/www.accuratereviews.com\/it\/wp-json\/wp\/v2\/pages\/104456\/revisions"}],"predecessor-version":[{"id":104472,"href":"https:\/\/www.accuratereviews.com\/it\/wp-json\/wp\/v2\/pages\/104456\/revisions\/104472"}],"up":[{"embeddable":true,"href":"https:\/\/www.accuratereviews.com\/it\/wp-json\/wp\/v2\/pages\/99993"}],"wp:featuredmedia":[{"embeddable":true,"href":"https:\/\/www.accuratereviews.com\/it\/wp-json\/wp\/v2\/media\/104458"}],"wp:attachment":[{"href":"https:\/\/www.accuratereviews.com\/it\/wp-json\/wp\/v2\/media?parent=104456"}],"wp:term":[{"taxonomy":"category","embeddable":true,"href":"https:\/\/www.accuratereviews.com\/it\/wp-json\/wp\/v2\/categories?post=104456"},{"taxonomy":"post_tag","embeddable":true,"href":"https:\/\/www.accuratereviews.com\/it\/wp-json\/wp\/v2\/tags?post=104456"},{"taxonomy":"features","embeddable":true,"href":"https:\/\/www.accuratereviews.com\/it\/wp-json\/wp\/v2\/features?post=104456"}],"curies":[{"name":"wp","href":"https:\/\/api.w.org\/{rel}","templated":true}]}}