{"id":104511,"date":"2025-10-23T14:41:12","date_gmt":"2025-10-23T14:41:12","guid":{"rendered":"https:\/\/www.accuratereviews.com\/?page_id=104511"},"modified":"2025-10-23T14:41:12","modified_gmt":"2025-10-23T14:41:12","slug":"swiftcase-recensione","status":"publish","type":"page","link":"https:\/\/www.accuratereviews.com\/it\/piattaforme-no-code\/swiftcase-recensione\/","title":{"rendered":"SwiftCase"},"content":{"rendered":"<p><strong>SwiftCase<\/strong> \u00e8 una <strong>piattaforma aziendale<\/strong> scalabile per l&#8217;automazione della <strong>gestione dei flussi<\/strong> <strong>di lavoro<\/strong> in una vasta gamma di settori. Il sistema offre un approccio personalizzato e preconfigurato per la gestione quotidiana di casi, processi, attivit\u00e0 e lavori. Centralizzato interamente nel <strong>cloud<\/strong> e dotato di un&#8217;unica interfaccia basata su browser, consente di impostare e programmare notifiche e promemoria per il personale. Anche l&#8217;assegnazione dei dipendenti \u00e8 automatizzata in base a regole di processo aziendali specifiche per assegnare il personale giusto ai lavori appropriati. La promessa di ridurre tempi e costi amministrativi \u00e8 ancora una volta supportata da solide opzioni di integrazione con altri sistemi aziendali esistenti. L&#8217;inserimento o l&#8217;importazione manuale dei dati viene eliminata per ridurre al minimo la perdita di dati e migliorare l&#8217;accuratezza, incoraggiando al contempo la collaborazione tra i team aziendali.<\/p>\n<h2>SWIFTCASE &#8211; TUTORIAL<\/h2>\n<div id=\"fluid-wrapper-counter-1\" class=\"g1-fluid-wrapper \" style=\"width:686px;\">\n<div style=\"padding-bottom:56.268221574344%;\"><iframe loading=\"lazy\" title=\"Create a stat report\" width=\"686\" height=\"386\" src=\"https:\/\/www.youtube.com\/embed\/NzRDKgnJ7uw?feature=oembed&amp;wmode=transparent&amp;autohide=1&amp;autoplay=0&amp;disablekb=0&amp;fs=1&amp;loop=0&amp;enablejsapi=1&amp;rel=0&amp;controls=2&amp;showinfo=0&amp;wmode=transparent&amp;autohide=2&amp;autoplay=0&amp;disablekb=0&amp;fs=1&amp;loop=0&amp;enablejsapi=1&amp;rel=0&amp;controls=2&amp;showinfo=1\" frameborder=\"0\" allow=\"accelerometer; autoplay; clipboard-write; encrypted-media; gyroscope; picture-in-picture; web-share\" referrerpolicy=\"strict-origin-when-cross-origin\" allowfullscreen><\/iframe><\/div>\n<\/div>\n<h3>SWIFTCASE &#8211; CARATTERISTICHE<\/h3>\n<ul>\n<li><strong>Offerta di servizi completa<\/strong>: offre una suite di prodotti su misura per semplificare i processi aziendali e migliorare la produttivit\u00e0 complessiva.<\/li>\n<li><strong>Strumenti di automazione<\/strong>: gli strumenti automatizzano le attivit\u00e0 ripetitive per migliorare significativamente l&#8217;efficienza.<\/li>\n<li><strong>Gestione del flusso di lavoro<\/strong>: ottimizza i flussi di lavoro dei team per una migliore collaborazione e produttivit\u00e0.<\/li>\n<li><strong>Comunicazione con i clienti<\/strong>: migliora le interazioni con i clienti con funzionalit\u00e0 di comunicazione fluide.<\/li>\n<li><strong>Soluzioni di conformit\u00e0:<\/strong> garantisci il rispetto delle normative con controlli di conformit\u00e0 automatizzati.<\/li>\n<li><strong>Strumenti di reporting<\/strong>: genera report dettagliati che guidano un processo decisionale informato.<\/li>\n<\/ul>\n<h4>LE RECENSIONI DEGLI UTENTI<\/h4>\n<p><strong>John &#8220;Utente quotidiano di Swiftcase&#8221;<\/strong><br \/>\n<strong>Pro<\/strong>: facilit\u00e0 di navigazione, chiarezza di ogni pagina durante il passaggio da una fase all&#8217;altra. La qualit\u00e0 del report o del documento finale \u00e8 ineguagliabile.<br \/>\n<strong>Contro<\/strong>: sarebbe meglio se ogni utente avesse la possibilit\u00e0 di modificare il layout di ogni pagina.<\/p>\n<p><strong>Leon &#8220;Swiftcase&#8221;<\/strong><br \/>\nUn ottimo prodotto software facile da usare che fornisce un flusso di lavoro rapido ed efficiente<br \/>\n<strong>Pro<\/strong>: Il modo in cui puoi adattarlo alle esigenze della tua azienda.<br \/>\n<strong>Contro<\/strong>: Niente, \u00e8 facile da usare e veloce. Ha ottime opzioni che puoi aggiungere o rimuovere a seconda delle tue esigenze.<\/p>\n<p><strong>Ross &#8220;La mia recensione&#8221;<\/strong><br \/>\n<strong>Pro<\/strong>: il formato semplice e diretto che non confonde le persone non esperte di tecnologia.<br \/>\n<strong>Contro<\/strong>: Ho scoperto che, se non si ha familiarit\u00e0 con il software, pu\u00f2 essere scoraggiante, forse solo per me. Un po&#8217; di formazione e una guida iniziale potrebbero essere utili per chi si avvicina per la prima volta al software.<\/p>\n","protected":false},"excerpt":{"rendered":"<p>SwiftCase \u00e8 una piattaforma aziendale scalabile per l&#8217;automazione della gestione dei flussi di lavoro in una vasta gamma di settori. Il sistema offre un approccio personalizzato e preconfigurato per la gestione quotidiana di casi, processi, attivit\u00e0 e lavori. Centralizzato interamente nel cloud e dotato di un&#8217;unica interfaccia basata su browser, consente di impostare e programmare notifiche e promemoria per il personale.<\/p>\n","protected":false},"author":19,"featured_media":104513,"parent":99993,"menu_order":0,"comment_status":"open","ping_status":"closed","template":"g1_template_page_review_new.php","meta":{"_acf_changed":false,"cwp_meta_box_check":"No","cwp_rev_product_name":"","cwp_rev_product_image":"","wppr_links":[],"cwp_rev_price":"","wppr_options":[],"wppr_pros":[],"wppr_cons":[],"_monsterinsights_skip_tracking":false,"_monsterinsights_sitenote_active":false,"_monsterinsights_sitenote_note":"","_monsterinsights_sitenote_category":0,"footnotes":""},"categories":[16551],"tags":[16554,16571,16573,16556,16572,16656],"features":[],"class_list":{"0":"post-104511","1":"page","2":"type-page","3":"status-publish","4":"has-post-thumbnail","6":"category-piattaforme-no-code-cat","7":"tag-no-code","8":"tag-piattaforma-no-code","9":"tag-programma-no-code","10":"tag-software-no-code","11":"tag-soluzione-no-code","12":"tag-swiftcase"},"wppr_data":{"cwp_meta_box_check":"No"},"acf":[],"yoast_head":"<!-- This site is optimized with the Yoast SEO plugin v27.4 - https:\/\/yoast.com\/product\/yoast-seo-wordpress\/ -->\n<title>SwiftCase: recensione piattaforma no-code - Accurate Reviews<\/title>\n<meta name=\"description\" content=\"SwiftCase: recensione piattaforma aziendale scalabile per l&#039;automazione della gestione dei flussi di lavoro in una vasta gamma di settori.\" \/>\n<meta name=\"robots\" content=\"index, follow, max-snippet:-1, max-image-preview:large, max-video-preview:-1\" \/>\n<link rel=\"canonical\" href=\"https:\/\/www.accuratereviews.com\/it\/piattaforme-no-code\/swiftcase-recensione\/\" \/>\n<meta property=\"og:locale\" content=\"it_IT\" \/>\n<meta property=\"og:type\" content=\"article\" \/>\n<meta property=\"og:title\" content=\"SwiftCase: recensione piattaforma no-code - Accurate Reviews\" \/>\n<meta property=\"og:description\" content=\"SwiftCase: recensione piattaforma aziendale scalabile per l&#039;automazione della gestione dei flussi di lavoro in una vasta gamma di settori.\" \/>\n<meta property=\"og:url\" content=\"https:\/\/www.accuratereviews.com\/it\/piattaforme-no-code\/swiftcase-recensione\/\" \/>\n<meta property=\"og:site_name\" content=\"Accurate Reviews\" \/>\n<meta property=\"og:image\" content=\"https:\/\/www.accuratereviews.com\/wp-content\/uploads\/2025\/10\/SwiftCase.png\" \/>\n\t<meta property=\"og:image:width\" content=\"1176\" \/>\n\t<meta property=\"og:image:height\" content=\"441\" \/>\n\t<meta property=\"og:image:type\" content=\"image\/png\" \/>\n<meta name=\"twitter:card\" content=\"summary_large_image\" \/>\n<meta name=\"twitter:label1\" content=\"Tempo di lettura stimato\" \/>\n\t<meta name=\"twitter:data1\" content=\"3 minuti\" \/>\n<script type=\"application\/ld+json\" class=\"yoast-schema-graph\">{\"@context\":\"https:\\\/\\\/schema.org\",\"@graph\":[{\"@type\":\"WebPage\",\"@id\":\"https:\\\/\\\/www.accuratereviews.com\\\/it\\\/piattaforme-no-code\\\/swiftcase-recensione\\\/\",\"url\":\"https:\\\/\\\/www.accuratereviews.com\\\/it\\\/piattaforme-no-code\\\/swiftcase-recensione\\\/\",\"name\":\"SwiftCase: recensione piattaforma no-code - Accurate Reviews\",\"isPartOf\":{\"@id\":\"https:\\\/\\\/www.accuratereviews.com\\\/it\\\/#website\"},\"primaryImageOfPage\":{\"@id\":\"https:\\\/\\\/www.accuratereviews.com\\\/it\\\/piattaforme-no-code\\\/swiftcase-recensione\\\/#primaryimage\"},\"image\":{\"@id\":\"https:\\\/\\\/www.accuratereviews.com\\\/it\\\/piattaforme-no-code\\\/swiftcase-recensione\\\/#primaryimage\"},\"thumbnailUrl\":\"https:\\\/\\\/www.accuratereviews.com\\\/wp-content\\\/uploads\\\/2025\\\/10\\\/SwiftCase.png\",\"datePublished\":\"2025-10-23T14:41:12+00:00\",\"description\":\"SwiftCase: recensione piattaforma aziendale scalabile per l'automazione della gestione dei flussi di lavoro in una vasta gamma di settori.\",\"breadcrumb\":{\"@id\":\"https:\\\/\\\/www.accuratereviews.com\\\/it\\\/piattaforme-no-code\\\/swiftcase-recensione\\\/#breadcrumb\"},\"inLanguage\":\"it-IT\",\"potentialAction\":[{\"@type\":\"ReadAction\",\"target\":[\"https:\\\/\\\/www.accuratereviews.com\\\/it\\\/piattaforme-no-code\\\/swiftcase-recensione\\\/\"]}]},{\"@type\":\"ImageObject\",\"inLanguage\":\"it-IT\",\"@id\":\"https:\\\/\\\/www.accuratereviews.com\\\/it\\\/piattaforme-no-code\\\/swiftcase-recensione\\\/#primaryimage\",\"url\":\"https:\\\/\\\/www.accuratereviews.com\\\/wp-content\\\/uploads\\\/2025\\\/10\\\/SwiftCase.png\",\"contentUrl\":\"https:\\\/\\\/www.accuratereviews.com\\\/wp-content\\\/uploads\\\/2025\\\/10\\\/SwiftCase.png\",\"width\":1176,\"height\":441},{\"@type\":\"BreadcrumbList\",\"@id\":\"https:\\\/\\\/www.accuratereviews.com\\\/it\\\/piattaforme-no-code\\\/swiftcase-recensione\\\/#breadcrumb\",\"itemListElement\":[{\"@type\":\"ListItem\",\"position\":1,\"name\":\"Home\",\"item\":\"https:\\\/\\\/www.accuratereviews.com\\\/it\\\/\"},{\"@type\":\"ListItem\",\"position\":2,\"name\":\"Piattaforme no-code\",\"item\":\"https:\\\/\\\/www.accuratereviews.com\\\/it\\\/piattaforme-no-code\\\/\"},{\"@type\":\"ListItem\",\"position\":3,\"name\":\"SwiftCase\"}]},{\"@type\":\"WebSite\",\"@id\":\"https:\\\/\\\/www.accuratereviews.com\\\/it\\\/#website\",\"url\":\"https:\\\/\\\/www.accuratereviews.com\\\/it\\\/\",\"name\":\"Accurate Reviews\",\"description\":\"\",\"potentialAction\":[{\"@type\":\"SearchAction\",\"target\":{\"@type\":\"EntryPoint\",\"urlTemplate\":\"https:\\\/\\\/www.accuratereviews.com\\\/it\\\/?s={search_term_string}\"},\"query-input\":{\"@type\":\"PropertyValueSpecification\",\"valueRequired\":true,\"valueName\":\"search_term_string\"}}],\"inLanguage\":\"it-IT\"}]}<\/script>\n<!-- \/ Yoast SEO plugin. -->","yoast_head_json":{"title":"SwiftCase: recensione piattaforma no-code - Accurate Reviews","description":"SwiftCase: recensione piattaforma aziendale scalabile per l'automazione della gestione dei flussi di lavoro in una vasta gamma di settori.","robots":{"index":"index","follow":"follow","max-snippet":"max-snippet:-1","max-image-preview":"max-image-preview:large","max-video-preview":"max-video-preview:-1"},"canonical":"https:\/\/www.accuratereviews.com\/it\/piattaforme-no-code\/swiftcase-recensione\/","og_locale":"it_IT","og_type":"article","og_title":"SwiftCase: recensione piattaforma no-code - Accurate Reviews","og_description":"SwiftCase: recensione piattaforma aziendale scalabile per l'automazione della gestione dei flussi di lavoro in una vasta gamma di settori.","og_url":"https:\/\/www.accuratereviews.com\/it\/piattaforme-no-code\/swiftcase-recensione\/","og_site_name":"Accurate Reviews","og_image":[{"width":1176,"height":441,"url":"https:\/\/www.accuratereviews.com\/wp-content\/uploads\/2025\/10\/SwiftCase.png","type":"image\/png"}],"twitter_card":"summary_large_image","twitter_misc":{"Tempo di lettura stimato":"3 minuti"},"schema":{"@context":"https:\/\/schema.org","@graph":[{"@type":"WebPage","@id":"https:\/\/www.accuratereviews.com\/it\/piattaforme-no-code\/swiftcase-recensione\/","url":"https:\/\/www.accuratereviews.com\/it\/piattaforme-no-code\/swiftcase-recensione\/","name":"SwiftCase: recensione piattaforma no-code - Accurate Reviews","isPartOf":{"@id":"https:\/\/www.accuratereviews.com\/it\/#website"},"primaryImageOfPage":{"@id":"https:\/\/www.accuratereviews.com\/it\/piattaforme-no-code\/swiftcase-recensione\/#primaryimage"},"image":{"@id":"https:\/\/www.accuratereviews.com\/it\/piattaforme-no-code\/swiftcase-recensione\/#primaryimage"},"thumbnailUrl":"https:\/\/www.accuratereviews.com\/wp-content\/uploads\/2025\/10\/SwiftCase.png","datePublished":"2025-10-23T14:41:12+00:00","description":"SwiftCase: recensione piattaforma aziendale scalabile per l'automazione della gestione dei flussi di lavoro in una vasta gamma di settori.","breadcrumb":{"@id":"https:\/\/www.accuratereviews.com\/it\/piattaforme-no-code\/swiftcase-recensione\/#breadcrumb"},"inLanguage":"it-IT","potentialAction":[{"@type":"ReadAction","target":["https:\/\/www.accuratereviews.com\/it\/piattaforme-no-code\/swiftcase-recensione\/"]}]},{"@type":"ImageObject","inLanguage":"it-IT","@id":"https:\/\/www.accuratereviews.com\/it\/piattaforme-no-code\/swiftcase-recensione\/#primaryimage","url":"https:\/\/www.accuratereviews.com\/wp-content\/uploads\/2025\/10\/SwiftCase.png","contentUrl":"https:\/\/www.accuratereviews.com\/wp-content\/uploads\/2025\/10\/SwiftCase.png","width":1176,"height":441},{"@type":"BreadcrumbList","@id":"https:\/\/www.accuratereviews.com\/it\/piattaforme-no-code\/swiftcase-recensione\/#breadcrumb","itemListElement":[{"@type":"ListItem","position":1,"name":"Home","item":"https:\/\/www.accuratereviews.com\/it\/"},{"@type":"ListItem","position":2,"name":"Piattaforme no-code","item":"https:\/\/www.accuratereviews.com\/it\/piattaforme-no-code\/"},{"@type":"ListItem","position":3,"name":"SwiftCase"}]},{"@type":"WebSite","@id":"https:\/\/www.accuratereviews.com\/it\/#website","url":"https:\/\/www.accuratereviews.com\/it\/","name":"Accurate Reviews","description":"","potentialAction":[{"@type":"SearchAction","target":{"@type":"EntryPoint","urlTemplate":"https:\/\/www.accuratereviews.com\/it\/?s={search_term_string}"},"query-input":{"@type":"PropertyValueSpecification","valueRequired":true,"valueName":"search_term_string"}}],"inLanguage":"it-IT"}]}},"_links":{"self":[{"href":"https:\/\/www.accuratereviews.com\/it\/wp-json\/wp\/v2\/pages\/104511","targetHints":{"allow":["GET"]}}],"collection":[{"href":"https:\/\/www.accuratereviews.com\/it\/wp-json\/wp\/v2\/pages"}],"about":[{"href":"https:\/\/www.accuratereviews.com\/it\/wp-json\/wp\/v2\/types\/page"}],"author":[{"embeddable":true,"href":"https:\/\/www.accuratereviews.com\/it\/wp-json\/wp\/v2\/users\/19"}],"replies":[{"embeddable":true,"href":"https:\/\/www.accuratereviews.com\/it\/wp-json\/wp\/v2\/comments?post=104511"}],"version-history":[{"count":6,"href":"https:\/\/www.accuratereviews.com\/it\/wp-json\/wp\/v2\/pages\/104511\/revisions"}],"predecessor-version":[{"id":104543,"href":"https:\/\/www.accuratereviews.com\/it\/wp-json\/wp\/v2\/pages\/104511\/revisions\/104543"}],"up":[{"embeddable":true,"href":"https:\/\/www.accuratereviews.com\/it\/wp-json\/wp\/v2\/pages\/99993"}],"wp:featuredmedia":[{"embeddable":true,"href":"https:\/\/www.accuratereviews.com\/it\/wp-json\/wp\/v2\/media\/104513"}],"wp:attachment":[{"href":"https:\/\/www.accuratereviews.com\/it\/wp-json\/wp\/v2\/media?parent=104511"}],"wp:term":[{"taxonomy":"category","embeddable":true,"href":"https:\/\/www.accuratereviews.com\/it\/wp-json\/wp\/v2\/categories?post=104511"},{"taxonomy":"post_tag","embeddable":true,"href":"https:\/\/www.accuratereviews.com\/it\/wp-json\/wp\/v2\/tags?post=104511"},{"taxonomy":"features","embeddable":true,"href":"https:\/\/www.accuratereviews.com\/it\/wp-json\/wp\/v2\/features?post=104511"}],"curies":[{"name":"wp","href":"https:\/\/api.w.org\/{rel}","templated":true}]}}