{"id":104609,"date":"2025-10-24T15:49:58","date_gmt":"2025-10-24T15:49:58","guid":{"rendered":"https:\/\/www.accuratereviews.com\/?page_id=104609"},"modified":"2025-10-24T15:49:58","modified_gmt":"2025-10-24T15:49:58","slug":"unifi-recensione","status":"publish","type":"page","link":"https:\/\/www.accuratereviews.com\/it\/piattaforme-no-code\/unifi-recensione\/","title":{"rendered":"UniFi"},"content":{"rendered":"<p><strong>UniFi<\/strong> \u00e8 una piattaforma potente e innovativa che offre alle organizzazioni gli strumenti per ottimizzare e automatizzare le operazioni aziendali, collega perfettamente la finanza a tutti i reparti e consente agli utenti finali di <strong>creare senza sforzo<\/strong> un numero illimitato di <strong>applicazioni<\/strong> aziendali personalizzate, flussi di lavoro e integrazioni. Pu\u00f2 espandere le capacit\u00e0 e le funzionalit\u00e0 dei sistemi attuali, come ERP, CRM e HR.<br \/>\n<strong>UniFi<\/strong> \u00e8 sviluppato per sostituire pi\u00f9 sistemi e offrire un&#8217;unica fonte di informazioni. \u00c8 intuitivo e richiede una formazione minima per iniziare. Il software \u00e8 altamente flessibile e pu\u00f2 essere adattato per soddisfare qualsiasi esigenza. Progettato con cura dagli <strong>esperti di finanza e tecnologia<\/strong> \u00e8 il prodotto di oltre 25 anni di esperienza operativa con un&#8217;attenzione costante alla priorit\u00e0 dell&#8217;utente finale. Questa soluzione sfrutta la tecnologia moderna per adattarsi perfettamente al futuro ufficio del CFO e facilitare una stretta collaborazione tra la finanza e gli altri dipartimenti.<\/p>\n<h2>UNIFI &#8211; TUTORIAL<\/h2>\n<div id=\"fluid-wrapper-counter-1\" class=\"g1-fluid-wrapper \" style=\"width:686px;\">\n<div style=\"padding-bottom:56.268221574344%;\"><iframe loading=\"lazy\" title=\"Autonomous Processes: Scheduler\" width=\"686\" height=\"386\" src=\"https:\/\/www.youtube.com\/embed\/D1k-X8A5PZc?feature=oembed&amp;wmode=transparent&amp;autohide=1&amp;autoplay=0&amp;disablekb=0&amp;fs=1&amp;loop=0&amp;enablejsapi=1&amp;rel=0&amp;controls=2&amp;showinfo=0&amp;wmode=transparent&amp;autohide=2&amp;autoplay=0&amp;disablekb=0&amp;fs=1&amp;loop=0&amp;enablejsapi=1&amp;rel=0&amp;controls=2&amp;showinfo=1\" frameborder=\"0\" allow=\"accelerometer; autoplay; clipboard-write; encrypted-media; gyroscope; picture-in-picture; web-share\" referrerpolicy=\"strict-origin-when-cross-origin\" allowfullscreen><\/iframe><\/div>\n<\/div>\n<h3>UNIFI &#8211; CARATTERISTICHE<\/h3>\n<ul>\n<li><strong>Generatore di applicazioni senza codice<\/strong>: crea facilmente applicazioni aziendali utilizzando una semplice interfaccia drag-and-drop e un motore di processo.<\/li>\n<li><strong>Flussi di lavoro<\/strong>: genera e personalizza i flussi di lavoro ideali per le applicazioni che hai creato o per altre applicazioni esterne. Migliora i tuoi flussi di lavoro con potenti automazioni, integrazioni, visualizzazioni personalizzate, report avanzati con business intelligence completa e altro ancora.<\/li>\n<li><strong>Gestione dei processi aziendali:<\/strong> semplifica, monitora e ottimizza i tuoi processi aziendali con facilit\u00e0. Mappa i flussi di processo, automatizza le attivit\u00e0 e velocizza il lavoro risparmiando tempo e denaro.<\/li>\n<li><strong>Middleware e integrazione<\/strong>: il middleware e il motore di integrazione ti consentono di connettere tutti i tuoi sistemi per consentire lo spostamento controllato dei dati tra di essi.<\/li>\n<li><strong>Automazione<\/strong>: elimina le attivit\u00e0 ripetitive e manuali dalle attivit\u00e0 del tuo team con la potente tecnologia di automazione.<\/li>\n<li><strong>Business Intelligence<\/strong>: ottieni visibilit\u00e0 in tempo reale delle prestazioni aziendali con i dati di tutti i tuoi sistemi in un unico posto. Collega i silos di dati e mantieni il controllo grazie a informazioni preziose e fruibili.<\/li>\n<li><strong>Sistema operativo di lavoro<\/strong>: gestisci le attivit\u00e0 e ottieni una panoramica delle prestazioni con l&#8217;intuitivo sistema operativo di lavoro. Prendi decisioni migliori velocemente e migliora la produttivit\u00e0 a tutti i livelli.<\/li>\n<li><strong>Componente aggiuntivo per Excel<\/strong>: crea qualsiasi formato di report in Excel e utilizza il componente aggiuntivo per recuperare automaticamente i dati in tempo reale.<\/li>\n<li><strong>Apprendimento automatico<\/strong>: servizi di apprendimento automatico che possono essere facilmente aggiunti alle tue applicazioni.<\/li>\n<li><strong>Intelligenza Artificiale<\/strong>: applica facilmente i servizi di intelligenza artificiale a qualsiasi campo di un&#8217;applicazione per imitare il comportamento umano.<\/li>\n<\/ul>\n<h4>LE RECENSIONI DEGLI UTENTI<\/h4>\n<p><strong>Nigel &#8220;Ho fatto la scelta giusta&#8221;<\/strong><br \/>\nOttimo. Sono stato contento di averlo acquistato.<br \/>\n<strong>Pro<\/strong>: molto semplice da usare, ideale per pi\u00f9 aziende.<br \/>\n<strong>Contro<\/strong>: dovendo approvare ogni fattura singolarmente.<\/p>\n<p><strong>Paul &#8220;Buona esperienza complessiva&#8221;<\/strong><br \/>\nHo avuto una buona esperienza complessiva e UniFi ha funzionato come progettato per creare PO<br \/>\n<strong>Pro<\/strong>: mi piace il fatto che puoi accedere a dispositivi diversi se devi lavorare da una postazione di lavoro diversa<br \/>\n<strong>Contro<\/strong>: il caricamento dei fornitori pu\u00f2 essere un po&#8217; lento all&#8217;inizio e a volte l&#8217;ordine di acquisto in formato PDF non viene automaticamente inviato via email a me stesso<\/p>\n<p><strong>Sarah &#8220;Ottimo sistema&#8221;<\/strong><br \/>\nOttimo. Nessun problema, facile da usare e da navigare.<br \/>\n<strong>Pro<\/strong>: facile da usare. Abbastanza semplice da navigare\/utilizzare.<br \/>\n<strong>Contro<\/strong>: a volte le notifiche non vengono ricevute, ma potrebbero dipendere dalle impostazioni interne.<\/p>\n","protected":false},"excerpt":{"rendered":"<p>UniFi \u00e8 una piattaforma potente e innovativa che offre alle organizzazioni gli strumenti per ottimizzare e automatizzare le operazioni aziendali, collega perfettamente la finanza a tutti i reparti e consente agli utenti finali di creare senza sforzo un numero illimitato di applicazioni aziendali personalizzate, flussi di lavoro e integrazioni.<\/p>\n","protected":false},"author":19,"featured_media":104637,"parent":99993,"menu_order":0,"comment_status":"open","ping_status":"closed","template":"g1_template_page_review_new.php","meta":{"_acf_changed":false,"cwp_meta_box_check":"Yes","cwp_rev_product_name":"","cwp_rev_product_image":"","wppr_links":[],"cwp_rev_price":"0.00","wppr_options":[{"name":"Usability","value":"0"},{"name":"Speed","value":"0"},{"name":"Features","value":"0"},{"name":"Support","value":"0"},{"name":"Pricing","value":"0"}],"wppr_pros":["","","","",""],"wppr_cons":["","","","",""],"_monsterinsights_skip_tracking":false,"_monsterinsights_sitenote_active":false,"_monsterinsights_sitenote_note":"","_monsterinsights_sitenote_category":0,"footnotes":""},"categories":[16551],"tags":[16554,16571,16573,16556,16572,16686],"features":[],"class_list":{"0":"post-104609","1":"page","2":"type-page","3":"status-publish","4":"has-post-thumbnail","6":"category-piattaforme-no-code-cat","7":"tag-no-code","8":"tag-piattaforma-no-code","9":"tag-programma-no-code","10":"tag-software-no-code","11":"tag-soluzione-no-code","12":"tag-unifi"},"wppr_data":{"cwp_meta_box_check":"Yes","_wppr_review_template":"default","cwp_rev_product_image":"","cwp_image_link":"image","wppr_links":[],"cwp_rev_price":"0.00","wppr_pros":["","","","",""],"wppr_cons":["","","","",""],"wppr_rating":"0.00","wppr_options":{"1":{"name":"Usability","value":"0"},"2":{"name":"Speed","value":"0"},"3":{"name":"Features","value":"0"},"4":{"name":"Support","value":"0"},"5":{"name":"Pricing","value":"0"}},"wppr_review_type":"Product","wppr_review_custom_fields":{"additionalProperty":"","additionalType":"","aggregateRating":"","alternateName":"","audience":"","award":"","awards":"","brand":"","color":"","depth":"","description":"","disambiguatingDescription":"","gtin12":"","gtin13":"","gtin14":"","gtin8":"","height":"","identifier":"","image":"","isAccessoryOrSparePartFor":"","isConsumableFor":"","isRelatedTo":"","isSimilarTo":"","itemCondition":"","logo":"","mainEntityOfPage":"","manufacturer":"","material":"","model":"","mpn":"","name":"","offers":"","potentialAction":"","productID":"","productionDate":"","purchaseDate":"","releaseDate":"","review":"","reviews":"","sameAs":"","sku":"","slogan":"","subjectOf":"","url":"","weight":"","width":""}},"acf":[],"yoast_head":"<!-- This site is optimized with the Yoast SEO plugin v27.4 - https:\/\/yoast.com\/product\/yoast-seo-wordpress\/ -->\n<title>UniFi: recensione piattaforma no-code - Accurate Reviews<\/title>\n<meta name=\"description\" content=\"UniFi: recensione piattaforma potente e innovativa che offre gli strumenti per ottimizzare e automatizzare le operazioni aziendali.\" \/>\n<meta name=\"robots\" content=\"index, follow, max-snippet:-1, max-image-preview:large, max-video-preview:-1\" \/>\n<link rel=\"canonical\" href=\"https:\/\/www.accuratereviews.com\/it\/piattaforme-no-code\/unifi-recensione\/\" \/>\n<meta property=\"og:locale\" content=\"it_IT\" \/>\n<meta property=\"og:type\" content=\"article\" \/>\n<meta property=\"og:title\" content=\"UniFi: recensione piattaforma no-code - Accurate Reviews\" \/>\n<meta property=\"og:description\" content=\"UniFi: recensione piattaforma potente e innovativa che offre gli strumenti per ottimizzare e automatizzare le operazioni aziendali.\" \/>\n<meta property=\"og:url\" content=\"https:\/\/www.accuratereviews.com\/it\/piattaforme-no-code\/unifi-recensione\/\" \/>\n<meta property=\"og:site_name\" content=\"Accurate Reviews\" \/>\n<meta property=\"og:image\" content=\"https:\/\/www.accuratereviews.com\/wp-content\/uploads\/2025\/10\/Screenshot-2025-10-24-alle-10.27.26.png\" \/>\n\t<meta property=\"og:image:width\" content=\"766\" \/>\n\t<meta property=\"og:image:height\" content=\"302\" \/>\n\t<meta property=\"og:image:type\" content=\"image\/png\" \/>\n<meta name=\"twitter:card\" content=\"summary_large_image\" \/>\n<meta name=\"twitter:label1\" content=\"Tempo di lettura stimato\" \/>\n\t<meta name=\"twitter:data1\" content=\"4 minuti\" \/>\n<script type=\"application\/ld+json\" class=\"yoast-schema-graph\">{\"@context\":\"https:\\\/\\\/schema.org\",\"@graph\":[{\"@type\":\"WebPage\",\"@id\":\"https:\\\/\\\/www.accuratereviews.com\\\/it\\\/piattaforme-no-code\\\/unifi-recensione\\\/\",\"url\":\"https:\\\/\\\/www.accuratereviews.com\\\/it\\\/piattaforme-no-code\\\/unifi-recensione\\\/\",\"name\":\"UniFi: recensione piattaforma no-code - Accurate Reviews\",\"isPartOf\":{\"@id\":\"https:\\\/\\\/www.accuratereviews.com\\\/it\\\/#website\"},\"primaryImageOfPage\":{\"@id\":\"https:\\\/\\\/www.accuratereviews.com\\\/it\\\/piattaforme-no-code\\\/unifi-recensione\\\/#primaryimage\"},\"image\":{\"@id\":\"https:\\\/\\\/www.accuratereviews.com\\\/it\\\/piattaforme-no-code\\\/unifi-recensione\\\/#primaryimage\"},\"thumbnailUrl\":\"https:\\\/\\\/www.accuratereviews.com\\\/wp-content\\\/uploads\\\/2025\\\/10\\\/Screenshot-2025-10-24-alle-10.27.26.png\",\"datePublished\":\"2025-10-24T15:49:58+00:00\",\"description\":\"UniFi: recensione piattaforma potente e innovativa che offre gli strumenti per ottimizzare e automatizzare le operazioni aziendali.\",\"breadcrumb\":{\"@id\":\"https:\\\/\\\/www.accuratereviews.com\\\/it\\\/piattaforme-no-code\\\/unifi-recensione\\\/#breadcrumb\"},\"inLanguage\":\"it-IT\",\"potentialAction\":[{\"@type\":\"ReadAction\",\"target\":[\"https:\\\/\\\/www.accuratereviews.com\\\/it\\\/piattaforme-no-code\\\/unifi-recensione\\\/\"]}]},{\"@type\":\"ImageObject\",\"inLanguage\":\"it-IT\",\"@id\":\"https:\\\/\\\/www.accuratereviews.com\\\/it\\\/piattaforme-no-code\\\/unifi-recensione\\\/#primaryimage\",\"url\":\"https:\\\/\\\/www.accuratereviews.com\\\/wp-content\\\/uploads\\\/2025\\\/10\\\/Screenshot-2025-10-24-alle-10.27.26.png\",\"contentUrl\":\"https:\\\/\\\/www.accuratereviews.com\\\/wp-content\\\/uploads\\\/2025\\\/10\\\/Screenshot-2025-10-24-alle-10.27.26.png\",\"width\":766,\"height\":302},{\"@type\":\"BreadcrumbList\",\"@id\":\"https:\\\/\\\/www.accuratereviews.com\\\/it\\\/piattaforme-no-code\\\/unifi-recensione\\\/#breadcrumb\",\"itemListElement\":[{\"@type\":\"ListItem\",\"position\":1,\"name\":\"Home\",\"item\":\"https:\\\/\\\/www.accuratereviews.com\\\/it\\\/\"},{\"@type\":\"ListItem\",\"position\":2,\"name\":\"Piattaforme no-code\",\"item\":\"https:\\\/\\\/www.accuratereviews.com\\\/it\\\/piattaforme-no-code\\\/\"},{\"@type\":\"ListItem\",\"position\":3,\"name\":\"UniFi\"}]},{\"@type\":\"WebSite\",\"@id\":\"https:\\\/\\\/www.accuratereviews.com\\\/it\\\/#website\",\"url\":\"https:\\\/\\\/www.accuratereviews.com\\\/it\\\/\",\"name\":\"Accurate Reviews\",\"description\":\"\",\"potentialAction\":[{\"@type\":\"SearchAction\",\"target\":{\"@type\":\"EntryPoint\",\"urlTemplate\":\"https:\\\/\\\/www.accuratereviews.com\\\/it\\\/?s={search_term_string}\"},\"query-input\":{\"@type\":\"PropertyValueSpecification\",\"valueRequired\":true,\"valueName\":\"search_term_string\"}}],\"inLanguage\":\"it-IT\"}]}<\/script>\n<!-- \/ Yoast SEO plugin. -->","yoast_head_json":{"title":"UniFi: recensione piattaforma no-code - Accurate Reviews","description":"UniFi: recensione piattaforma potente e innovativa che offre gli strumenti per ottimizzare e automatizzare le operazioni aziendali.","robots":{"index":"index","follow":"follow","max-snippet":"max-snippet:-1","max-image-preview":"max-image-preview:large","max-video-preview":"max-video-preview:-1"},"canonical":"https:\/\/www.accuratereviews.com\/it\/piattaforme-no-code\/unifi-recensione\/","og_locale":"it_IT","og_type":"article","og_title":"UniFi: recensione piattaforma no-code - Accurate Reviews","og_description":"UniFi: recensione piattaforma potente e innovativa che offre gli strumenti per ottimizzare e automatizzare le operazioni aziendali.","og_url":"https:\/\/www.accuratereviews.com\/it\/piattaforme-no-code\/unifi-recensione\/","og_site_name":"Accurate Reviews","og_image":[{"width":766,"height":302,"url":"https:\/\/www.accuratereviews.com\/wp-content\/uploads\/2025\/10\/Screenshot-2025-10-24-alle-10.27.26.png","type":"image\/png"}],"twitter_card":"summary_large_image","twitter_misc":{"Tempo di lettura stimato":"4 minuti"},"schema":{"@context":"https:\/\/schema.org","@graph":[{"@type":"WebPage","@id":"https:\/\/www.accuratereviews.com\/it\/piattaforme-no-code\/unifi-recensione\/","url":"https:\/\/www.accuratereviews.com\/it\/piattaforme-no-code\/unifi-recensione\/","name":"UniFi: recensione piattaforma no-code - Accurate Reviews","isPartOf":{"@id":"https:\/\/www.accuratereviews.com\/it\/#website"},"primaryImageOfPage":{"@id":"https:\/\/www.accuratereviews.com\/it\/piattaforme-no-code\/unifi-recensione\/#primaryimage"},"image":{"@id":"https:\/\/www.accuratereviews.com\/it\/piattaforme-no-code\/unifi-recensione\/#primaryimage"},"thumbnailUrl":"https:\/\/www.accuratereviews.com\/wp-content\/uploads\/2025\/10\/Screenshot-2025-10-24-alle-10.27.26.png","datePublished":"2025-10-24T15:49:58+00:00","description":"UniFi: recensione piattaforma potente e innovativa che offre gli strumenti per ottimizzare e automatizzare le operazioni aziendali.","breadcrumb":{"@id":"https:\/\/www.accuratereviews.com\/it\/piattaforme-no-code\/unifi-recensione\/#breadcrumb"},"inLanguage":"it-IT","potentialAction":[{"@type":"ReadAction","target":["https:\/\/www.accuratereviews.com\/it\/piattaforme-no-code\/unifi-recensione\/"]}]},{"@type":"ImageObject","inLanguage":"it-IT","@id":"https:\/\/www.accuratereviews.com\/it\/piattaforme-no-code\/unifi-recensione\/#primaryimage","url":"https:\/\/www.accuratereviews.com\/wp-content\/uploads\/2025\/10\/Screenshot-2025-10-24-alle-10.27.26.png","contentUrl":"https:\/\/www.accuratereviews.com\/wp-content\/uploads\/2025\/10\/Screenshot-2025-10-24-alle-10.27.26.png","width":766,"height":302},{"@type":"BreadcrumbList","@id":"https:\/\/www.accuratereviews.com\/it\/piattaforme-no-code\/unifi-recensione\/#breadcrumb","itemListElement":[{"@type":"ListItem","position":1,"name":"Home","item":"https:\/\/www.accuratereviews.com\/it\/"},{"@type":"ListItem","position":2,"name":"Piattaforme no-code","item":"https:\/\/www.accuratereviews.com\/it\/piattaforme-no-code\/"},{"@type":"ListItem","position":3,"name":"UniFi"}]},{"@type":"WebSite","@id":"https:\/\/www.accuratereviews.com\/it\/#website","url":"https:\/\/www.accuratereviews.com\/it\/","name":"Accurate Reviews","description":"","potentialAction":[{"@type":"SearchAction","target":{"@type":"EntryPoint","urlTemplate":"https:\/\/www.accuratereviews.com\/it\/?s={search_term_string}"},"query-input":{"@type":"PropertyValueSpecification","valueRequired":true,"valueName":"search_term_string"}}],"inLanguage":"it-IT"}]}},"_links":{"self":[{"href":"https:\/\/www.accuratereviews.com\/it\/wp-json\/wp\/v2\/pages\/104609","targetHints":{"allow":["GET"]}}],"collection":[{"href":"https:\/\/www.accuratereviews.com\/it\/wp-json\/wp\/v2\/pages"}],"about":[{"href":"https:\/\/www.accuratereviews.com\/it\/wp-json\/wp\/v2\/types\/page"}],"author":[{"embeddable":true,"href":"https:\/\/www.accuratereviews.com\/it\/wp-json\/wp\/v2\/users\/19"}],"replies":[{"embeddable":true,"href":"https:\/\/www.accuratereviews.com\/it\/wp-json\/wp\/v2\/comments?post=104609"}],"version-history":[{"count":7,"href":"https:\/\/www.accuratereviews.com\/it\/wp-json\/wp\/v2\/pages\/104609\/revisions"}],"predecessor-version":[{"id":104661,"href":"https:\/\/www.accuratereviews.com\/it\/wp-json\/wp\/v2\/pages\/104609\/revisions\/104661"}],"up":[{"embeddable":true,"href":"https:\/\/www.accuratereviews.com\/it\/wp-json\/wp\/v2\/pages\/99993"}],"wp:featuredmedia":[{"embeddable":true,"href":"https:\/\/www.accuratereviews.com\/it\/wp-json\/wp\/v2\/media\/104637"}],"wp:attachment":[{"href":"https:\/\/www.accuratereviews.com\/it\/wp-json\/wp\/v2\/media?parent=104609"}],"wp:term":[{"taxonomy":"category","embeddable":true,"href":"https:\/\/www.accuratereviews.com\/it\/wp-json\/wp\/v2\/categories?post=104609"},{"taxonomy":"post_tag","embeddable":true,"href":"https:\/\/www.accuratereviews.com\/it\/wp-json\/wp\/v2\/tags?post=104609"},{"taxonomy":"features","embeddable":true,"href":"https:\/\/www.accuratereviews.com\/it\/wp-json\/wp\/v2\/features?post=104609"}],"curies":[{"name":"wp","href":"https:\/\/api.w.org\/{rel}","templated":true}]}}