{"id":104664,"date":"2025-10-27T15:54:45","date_gmt":"2025-10-27T15:54:45","guid":{"rendered":"https:\/\/www.accuratereviews.com\/?page_id=104664"},"modified":"2025-10-28T10:47:12","modified_gmt":"2025-10-28T10:47:12","slug":"decisions-recensione","status":"publish","type":"page","link":"https:\/\/www.accuratereviews.com\/it\/piattaforme-no-code\/decisions-recensione\/","title":{"rendered":"Decisions"},"content":{"rendered":"<p><strong>Decisions<\/strong> \u00e8 una <strong>soluzione<\/strong> completa per l&#8217;automazione dei processi, <strong>senza codice<\/strong> o con poco codice, che integra perfettamente l&#8217;intelligenza artificiale e automatizza la gestione del flusso di lavoro. Il programma, infatti, semplifica l&#8217;automazione dei processi lavorativi attraverso un set integrato di strumenti grafici, senza richiedere una riga di codice.<br \/>\nGli utenti possono creare facilmente flussi di lavoro, moduli attivi, integrazioni di sistema, dashboard e report. Gli esperti in materia e i professionisti IT possono sfruttare l&#8217;interfaccia visiva di <strong>Decisions<\/strong> per progettare, creare e perfezionare processi personalizzati senza dover passare dal loro <strong>ERP<\/strong> o database preferito.<\/p>\n<h2>DECISIONS &#8211; TUTORIAL<\/h2>\n<div id=\"fluid-wrapper-counter-1\" class=\"g1-fluid-wrapper \" style=\"width:686px;\"><div style=\"padding-bottom:56.268221574344%;\"><iframe loading=\"lazy\" title=\"Streamline your business logic.\" width=\"686\" height=\"386\" src=\"https:\/\/www.youtube.com\/embed\/46Vx705sEgY?feature=oembed&amp;wmode=transparent&amp;autohide=1&amp;autoplay=0&amp;disablekb=0&amp;fs=1&amp;loop=0&amp;enablejsapi=1&amp;rel=0&amp;controls=2&amp;showinfo=0&amp;wmode=transparent&amp;autohide=2&amp;autoplay=0&amp;disablekb=0&amp;fs=1&amp;loop=0&amp;enablejsapi=1&amp;rel=0&amp;controls=2&amp;showinfo=1\" frameborder=\"0\" allow=\"accelerometer; autoplay; clipboard-write; encrypted-media; gyroscope; picture-in-picture; web-share\" referrerpolicy=\"strict-origin-when-cross-origin\" allowfullscreen><\/iframe><\/div><\/div>\n<h3>DECISIONS &#8211; CARATTERISTICHE<\/h3>\n<ul>\n<li><strong>Implementazione rapida:<\/strong> lancia le soluzioni rapidamente con designer intuitivi e una libreria di passaggi predefiniti e configurabili.<\/li>\n<li><strong>Potenzia gli utenti aziendali:<\/strong> consenti ai team aziendali di gestire e aggiornare i propri flussi di lavoro e regole, senza dover dipendere dall&#8217;IT per ogni modifica.<\/li>\n<li><strong>Automazione basata da regole:<\/strong> adattamento immediato a policy, prezzi e modifiche normative.<\/li>\n<li><strong>Gestione dei flussi di lavoro<\/strong>: progetta e implementa processi end-to-end che coordinano persone, sistemi e dati.<\/li>\n<li><strong>Process mining:<\/strong> identifica i colli di bottiglia e ottimizza costantemente processi e prestazioni.<\/li>\n<li><strong>Integrazioni:<\/strong> connetti senza problemi sistemi legacy, app moderne e API per orchestrare operazioni, flussi di lavoro e dati unificati.<\/li>\n<li><strong>Progettisti di interfaccia:<\/strong> crea moduli, dashboard e report dinamici, in modo visivo.<\/li>\n<li><strong>Pronto per l&#8217;azienda<\/strong>: progettato per scalabilit\u00e0, sicurezza e controllo con migliaia di funzioni integrate.<\/li>\n<li><strong>Adattabilit\u00e0<\/strong>: rispondi rapidamente a requisiti mutevoli e scenari dinamici.<\/li>\n<li><strong>Efficenza<\/strong>: semplifica il lavoro sui casi, riduci lo sforzo manuale e migliora la produttivit\u00e0.<\/li>\n<li><strong>Gestione dei dati<\/strong>: acquisisci e monitora i dati dei casi dall&#8217;inizio alla risoluzione.<\/li>\n<li><strong>Approfondimenti<\/strong>: ottieni informazioni utili su tendenze, rischi e opportunit\u00e0 dei casi.<\/li>\n<li><strong>Collaborazione<\/strong>: promuovi la collaborazione con comunicazione e documentazione centralizzate.<\/li>\n<li><strong>Conformit\u00e0<\/strong>: garantisci la conformit\u00e0, mitiga i rischi ed evita sanzioni.<\/li>\n<\/ul>\n<h4>LE RECENSIONI DEGLI UTENTI<\/h4>\n<p><strong>Chris &#8220;Nessun codice per lo sviluppo rapido delle applicazioni&#8221;<\/strong><br \/>\nLa mia esperienza con Decisions come azienda \u00e8 stata a dir poco stellare. Sono le persone a fare la differenza. Sono il tipo di persone che si prendono cura dei propri clienti e si assicurano che il loro prodotto sia all&#8217;altezza delle aspettative.<br \/>\n<strong>Pro<\/strong>: sono in grado di creare applicazioni di livello aziendale senza scrivere una sola riga di codice. I designer sono facili da usare e sono riuscito a ottenere le prestazioni e la velocit\u00e0 che desidero per le mie applicazioni.<br \/>\n<strong>Contro<\/strong>: i componenti dell&#8217;interfaccia utente devono essere aggiornati. Sebbene il CSS possa essere utilizzato per abbellire i form, creare un&#8217;interfaccia utente richiede pi\u00f9 impegno del necessario.<\/p>\n<p><strong>Manjot &#8220;Strumento straordinario&#8221;<\/strong><br \/>\nHo iniziato il mio percorso nel 2021 e sto ancora lavorando su questo strumento. Ho esplorato molti strumenti, ma nessuno \u00e8 riuscito a distogliermi dalle mie decisioni! Ragazzi, siete fantastici! Saluti!<br \/>\n<strong>Pro<\/strong>: la creazione di applicazioni \u00e8 molto semplice nelle decisioni, il modo di gestire progetti e complesse logiche aziendali \u00e8 ora cos\u00ec facile da sviluppare e anche il loro team di supporto \u00e8 fantastico! Inoltre, \u00e8 molto conveniente.<br \/>\n<strong>Contro<\/strong>: l&#8217;interfaccia utente era il limite fino alla versione 9.10, dove il ridimensionamento del modulo non era stato aggiunto allo strumento, ma dalla versione 9.13 ha un controllo flessibile, un&#8217;interfaccia utente accattivante e la creazione di moduli dinamici. Ottimo strumento.<\/p>\n<p><strong>Rachel &#8220;Ottimo per gli sviluppatori!&#8221;<\/strong><br \/>\nHo seguito un corso di formazione sulle decisioni per il mio lavoro di sviluppatore software ed \u00e8 stato molto facile da imparare e le spiegazioni erano molto approfondite!<br \/>\n<strong>Pro<\/strong>: \u00e8 stato facile da imparare, facile da usare e molto utile per il mio lavoro di ingegnere del software. Tutte le spiegazioni sono state molto esaurienti.<br \/>\n<strong>Contro<\/strong>: l&#8217;interfaccia utente potrebbe essere pi\u00f9 gradevole, magari pi\u00f9 moderna. Credo che sia l&#8217;unica cosa che migliorerei, tutto il resto \u00e8 fantastic.<\/p>\n","protected":false},"excerpt":{"rendered":"<p>Decisions \u00e8 una soluzione completa per l&#8217;automazione dei processi, senza codice o con poco codice, che integra perfettamente l&#8217;intelligenza artificiale e automatizza la gestione del flusso di lavoro. Il programma, infatti, semplifica l&#8217;automazione dei processi lavorativi attraverso un set integrato di strumenti grafici, senza richiedere una riga di codice.<\/p>\n","protected":false},"author":19,"featured_media":104671,"parent":99993,"menu_order":0,"comment_status":"open","ping_status":"closed","template":"g1_template_page_review_new.php","meta":{"_acf_changed":false,"cwp_meta_box_check":"No","cwp_rev_product_name":"","cwp_rev_product_image":"","wppr_links":[],"cwp_rev_price":"","wppr_options":[],"wppr_pros":[],"wppr_cons":[],"_monsterinsights_skip_tracking":false,"_monsterinsights_sitenote_active":false,"_monsterinsights_sitenote_note":"","_monsterinsights_sitenote_category":0,"footnotes":""},"categories":[16551],"tags":[16697,16554,16571,16573,16556,16572],"features":[],"class_list":{"0":"post-104664","1":"page","2":"type-page","3":"status-publish","4":"has-post-thumbnail","6":"category-piattaforme-no-code-cat","7":"tag-decisions","8":"tag-no-code","9":"tag-piattaforma-no-code","10":"tag-programma-no-code","11":"tag-software-no-code","12":"tag-soluzione-no-code"},"wppr_data":{"cwp_meta_box_check":"No"},"acf":[],"yoast_head":"<!-- This site is optimized with the Yoast SEO plugin v27.4 - https:\/\/yoast.com\/product\/yoast-seo-wordpress\/ -->\n<title>Decisions: recensione piattaforma no-code - Accurate Reviews<\/title>\n<meta name=\"description\" content=\"Decisions: recensione piattaforma no-code completa per l&#039;automazione dei processi, che integra perfettamente l&#039;AI.\" \/>\n<meta name=\"robots\" content=\"index, follow, max-snippet:-1, max-image-preview:large, max-video-preview:-1\" \/>\n<link rel=\"canonical\" href=\"https:\/\/www.accuratereviews.com\/it\/piattaforme-no-code\/decisions-recensione\/\" \/>\n<meta property=\"og:locale\" content=\"it_IT\" \/>\n<meta property=\"og:type\" content=\"article\" \/>\n<meta property=\"og:title\" content=\"Decisions: recensione piattaforma no-code - Accurate Reviews\" \/>\n<meta property=\"og:description\" content=\"Decisions: recensione piattaforma no-code completa per l&#039;automazione dei processi, che integra perfettamente l&#039;AI.\" \/>\n<meta property=\"og:url\" content=\"https:\/\/www.accuratereviews.com\/it\/piattaforme-no-code\/decisions-recensione\/\" \/>\n<meta property=\"og:site_name\" content=\"Accurate Reviews\" \/>\n<meta property=\"article:modified_time\" content=\"2025-10-28T10:47:12+00:00\" \/>\n<meta property=\"og:image\" content=\"https:\/\/www.accuratereviews.com\/wp-content\/uploads\/2025\/10\/Decisions2.png\" \/>\n\t<meta property=\"og:image:width\" content=\"1007\" \/>\n\t<meta property=\"og:image:height\" content=\"1120\" \/>\n\t<meta property=\"og:image:type\" content=\"image\/png\" \/>\n<meta name=\"twitter:card\" content=\"summary_large_image\" \/>\n<meta name=\"twitter:label1\" content=\"Tempo di lettura stimato\" \/>\n\t<meta name=\"twitter:data1\" content=\"5 minuti\" \/>\n<script type=\"application\/ld+json\" class=\"yoast-schema-graph\">{\"@context\":\"https:\\\/\\\/schema.org\",\"@graph\":[{\"@type\":\"WebPage\",\"@id\":\"https:\\\/\\\/www.accuratereviews.com\\\/it\\\/piattaforme-no-code\\\/decisions-recensione\\\/\",\"url\":\"https:\\\/\\\/www.accuratereviews.com\\\/it\\\/piattaforme-no-code\\\/decisions-recensione\\\/\",\"name\":\"Decisions: recensione piattaforma no-code - Accurate Reviews\",\"isPartOf\":{\"@id\":\"https:\\\/\\\/www.accuratereviews.com\\\/it\\\/#website\"},\"primaryImageOfPage\":{\"@id\":\"https:\\\/\\\/www.accuratereviews.com\\\/it\\\/piattaforme-no-code\\\/decisions-recensione\\\/#primaryimage\"},\"image\":{\"@id\":\"https:\\\/\\\/www.accuratereviews.com\\\/it\\\/piattaforme-no-code\\\/decisions-recensione\\\/#primaryimage\"},\"thumbnailUrl\":\"https:\\\/\\\/www.accuratereviews.com\\\/wp-content\\\/uploads\\\/2025\\\/10\\\/Decisions2.png\",\"datePublished\":\"2025-10-27T15:54:45+00:00\",\"dateModified\":\"2025-10-28T10:47:12+00:00\",\"description\":\"Decisions: recensione piattaforma no-code completa per l'automazione dei processi, che integra perfettamente l'AI.\",\"breadcrumb\":{\"@id\":\"https:\\\/\\\/www.accuratereviews.com\\\/it\\\/piattaforme-no-code\\\/decisions-recensione\\\/#breadcrumb\"},\"inLanguage\":\"it-IT\",\"potentialAction\":[{\"@type\":\"ReadAction\",\"target\":[\"https:\\\/\\\/www.accuratereviews.com\\\/it\\\/piattaforme-no-code\\\/decisions-recensione\\\/\"]}]},{\"@type\":\"ImageObject\",\"inLanguage\":\"it-IT\",\"@id\":\"https:\\\/\\\/www.accuratereviews.com\\\/it\\\/piattaforme-no-code\\\/decisions-recensione\\\/#primaryimage\",\"url\":\"https:\\\/\\\/www.accuratereviews.com\\\/wp-content\\\/uploads\\\/2025\\\/10\\\/Decisions2.png\",\"contentUrl\":\"https:\\\/\\\/www.accuratereviews.com\\\/wp-content\\\/uploads\\\/2025\\\/10\\\/Decisions2.png\",\"width\":1007,\"height\":1120},{\"@type\":\"BreadcrumbList\",\"@id\":\"https:\\\/\\\/www.accuratereviews.com\\\/it\\\/piattaforme-no-code\\\/decisions-recensione\\\/#breadcrumb\",\"itemListElement\":[{\"@type\":\"ListItem\",\"position\":1,\"name\":\"Home\",\"item\":\"https:\\\/\\\/www.accuratereviews.com\\\/it\\\/\"},{\"@type\":\"ListItem\",\"position\":2,\"name\":\"Piattaforme no-code\",\"item\":\"https:\\\/\\\/www.accuratereviews.com\\\/it\\\/piattaforme-no-code\\\/\"},{\"@type\":\"ListItem\",\"position\":3,\"name\":\"Decisions\"}]},{\"@type\":\"WebSite\",\"@id\":\"https:\\\/\\\/www.accuratereviews.com\\\/it\\\/#website\",\"url\":\"https:\\\/\\\/www.accuratereviews.com\\\/it\\\/\",\"name\":\"Accurate Reviews\",\"description\":\"\",\"potentialAction\":[{\"@type\":\"SearchAction\",\"target\":{\"@type\":\"EntryPoint\",\"urlTemplate\":\"https:\\\/\\\/www.accuratereviews.com\\\/it\\\/?s={search_term_string}\"},\"query-input\":{\"@type\":\"PropertyValueSpecification\",\"valueRequired\":true,\"valueName\":\"search_term_string\"}}],\"inLanguage\":\"it-IT\"}]}<\/script>\n<!-- \/ Yoast SEO plugin. -->","yoast_head_json":{"title":"Decisions: recensione piattaforma no-code - Accurate Reviews","description":"Decisions: recensione piattaforma no-code completa per l'automazione dei processi, che integra perfettamente l'AI.","robots":{"index":"index","follow":"follow","max-snippet":"max-snippet:-1","max-image-preview":"max-image-preview:large","max-video-preview":"max-video-preview:-1"},"canonical":"https:\/\/www.accuratereviews.com\/it\/piattaforme-no-code\/decisions-recensione\/","og_locale":"it_IT","og_type":"article","og_title":"Decisions: recensione piattaforma no-code - Accurate Reviews","og_description":"Decisions: recensione piattaforma no-code completa per l'automazione dei processi, che integra perfettamente l'AI.","og_url":"https:\/\/www.accuratereviews.com\/it\/piattaforme-no-code\/decisions-recensione\/","og_site_name":"Accurate Reviews","article_modified_time":"2025-10-28T10:47:12+00:00","og_image":[{"width":1007,"height":1120,"url":"https:\/\/www.accuratereviews.com\/wp-content\/uploads\/2025\/10\/Decisions2.png","type":"image\/png"}],"twitter_card":"summary_large_image","twitter_misc":{"Tempo di lettura stimato":"5 minuti"},"schema":{"@context":"https:\/\/schema.org","@graph":[{"@type":"WebPage","@id":"https:\/\/www.accuratereviews.com\/it\/piattaforme-no-code\/decisions-recensione\/","url":"https:\/\/www.accuratereviews.com\/it\/piattaforme-no-code\/decisions-recensione\/","name":"Decisions: recensione piattaforma no-code - Accurate Reviews","isPartOf":{"@id":"https:\/\/www.accuratereviews.com\/it\/#website"},"primaryImageOfPage":{"@id":"https:\/\/www.accuratereviews.com\/it\/piattaforme-no-code\/decisions-recensione\/#primaryimage"},"image":{"@id":"https:\/\/www.accuratereviews.com\/it\/piattaforme-no-code\/decisions-recensione\/#primaryimage"},"thumbnailUrl":"https:\/\/www.accuratereviews.com\/wp-content\/uploads\/2025\/10\/Decisions2.png","datePublished":"2025-10-27T15:54:45+00:00","dateModified":"2025-10-28T10:47:12+00:00","description":"Decisions: recensione piattaforma no-code completa per l'automazione dei processi, che integra perfettamente l'AI.","breadcrumb":{"@id":"https:\/\/www.accuratereviews.com\/it\/piattaforme-no-code\/decisions-recensione\/#breadcrumb"},"inLanguage":"it-IT","potentialAction":[{"@type":"ReadAction","target":["https:\/\/www.accuratereviews.com\/it\/piattaforme-no-code\/decisions-recensione\/"]}]},{"@type":"ImageObject","inLanguage":"it-IT","@id":"https:\/\/www.accuratereviews.com\/it\/piattaforme-no-code\/decisions-recensione\/#primaryimage","url":"https:\/\/www.accuratereviews.com\/wp-content\/uploads\/2025\/10\/Decisions2.png","contentUrl":"https:\/\/www.accuratereviews.com\/wp-content\/uploads\/2025\/10\/Decisions2.png","width":1007,"height":1120},{"@type":"BreadcrumbList","@id":"https:\/\/www.accuratereviews.com\/it\/piattaforme-no-code\/decisions-recensione\/#breadcrumb","itemListElement":[{"@type":"ListItem","position":1,"name":"Home","item":"https:\/\/www.accuratereviews.com\/it\/"},{"@type":"ListItem","position":2,"name":"Piattaforme no-code","item":"https:\/\/www.accuratereviews.com\/it\/piattaforme-no-code\/"},{"@type":"ListItem","position":3,"name":"Decisions"}]},{"@type":"WebSite","@id":"https:\/\/www.accuratereviews.com\/it\/#website","url":"https:\/\/www.accuratereviews.com\/it\/","name":"Accurate Reviews","description":"","potentialAction":[{"@type":"SearchAction","target":{"@type":"EntryPoint","urlTemplate":"https:\/\/www.accuratereviews.com\/it\/?s={search_term_string}"},"query-input":{"@type":"PropertyValueSpecification","valueRequired":true,"valueName":"search_term_string"}}],"inLanguage":"it-IT"}]}},"_links":{"self":[{"href":"https:\/\/www.accuratereviews.com\/it\/wp-json\/wp\/v2\/pages\/104664","targetHints":{"allow":["GET"]}}],"collection":[{"href":"https:\/\/www.accuratereviews.com\/it\/wp-json\/wp\/v2\/pages"}],"about":[{"href":"https:\/\/www.accuratereviews.com\/it\/wp-json\/wp\/v2\/types\/page"}],"author":[{"embeddable":true,"href":"https:\/\/www.accuratereviews.com\/it\/wp-json\/wp\/v2\/users\/19"}],"replies":[{"embeddable":true,"href":"https:\/\/www.accuratereviews.com\/it\/wp-json\/wp\/v2\/comments?post=104664"}],"version-history":[{"count":9,"href":"https:\/\/www.accuratereviews.com\/it\/wp-json\/wp\/v2\/pages\/104664\/revisions"}],"predecessor-version":[{"id":104701,"href":"https:\/\/www.accuratereviews.com\/it\/wp-json\/wp\/v2\/pages\/104664\/revisions\/104701"}],"up":[{"embeddable":true,"href":"https:\/\/www.accuratereviews.com\/it\/wp-json\/wp\/v2\/pages\/99993"}],"wp:featuredmedia":[{"embeddable":true,"href":"https:\/\/www.accuratereviews.com\/it\/wp-json\/wp\/v2\/media\/104671"}],"wp:attachment":[{"href":"https:\/\/www.accuratereviews.com\/it\/wp-json\/wp\/v2\/media?parent=104664"}],"wp:term":[{"taxonomy":"category","embeddable":true,"href":"https:\/\/www.accuratereviews.com\/it\/wp-json\/wp\/v2\/categories?post=104664"},{"taxonomy":"post_tag","embeddable":true,"href":"https:\/\/www.accuratereviews.com\/it\/wp-json\/wp\/v2\/tags?post=104664"},{"taxonomy":"features","embeddable":true,"href":"https:\/\/www.accuratereviews.com\/it\/wp-json\/wp\/v2\/features?post=104664"}],"curies":[{"name":"wp","href":"https:\/\/api.w.org\/{rel}","templated":true}]}}