{"id":104736,"date":"2026-01-08T10:26:09","date_gmt":"2026-01-08T10:26:09","guid":{"rendered":"https:\/\/www.accuratereviews.com\/?page_id=104736"},"modified":"2026-01-08T10:26:09","modified_gmt":"2026-01-08T10:26:09","slug":"spreadsheetweb-recensione","status":"publish","type":"page","link":"https:\/\/www.accuratereviews.com\/it\/piattaforme-no-code\/spreadsheetweb-recensione\/","title":{"rendered":"SpreadsheetWEB"},"content":{"rendered":"<p><strong>SpreadsheetWEB<\/strong> \u00e8 un<strong>a piattaforma di sviluppo no-code<\/strong> che aiuta le aziende a creare applicazioni web personalizzate a partire da fogli di calcolo Microsoft Excel. Utilizzando l&#8217;<strong>interfaccia drag-and-drop<\/strong>, i professionisti possono aggiungere all&#8217;applicazione vari controlli web, come caselle di riepilogo, menu a discesa, caselle di controllo o cursori. Permette alle aziende di creare mappe geografiche accedendo a informazioni longitudinali e latitudinali su regioni specifiche dal database. I manager possono utilizzare la libreria integrata per aggiungere grafici animati o fogli di stile personalizzabili all&#8217;interno dell&#8217;applicazione, al fine di migliorare l&#8217;esperienza complessiva del cliente. Gli amministratori possono concedere autorizzazioni basate sui ruoli ai dipendenti, consentendo l&#8217;accesso e la condivisione di dati critici in base alle autorizzazioni definite. Aiuta inoltre i professionisti a generare documenti con input utente, modificare le risoluzioni dello schermo e i layout delle applicazioni e monitorare le metriche di utilizzo tramite analisi fruibili.<\/p>\n<h2>SPREADSHEETWEB &#8211; TUTORIAL<\/h2>\n<div id=\"fluid-wrapper-counter-1\" class=\"g1-fluid-wrapper \" style=\"width:686px;\"><div style=\"padding-bottom:56.268221574344%;\"><iframe loading=\"lazy\" title=\"Integrating Excel Calculations into Workato with SpreadsheetWeb API\" width=\"686\" height=\"386\" src=\"https:\/\/www.youtube.com\/embed\/6KSZaJwJhSg?list=PLvk33-AWUSOkfuHwKpXxjfqhwyfrGrNyF\" frameborder=\"0\" allow=\"accelerometer; autoplay; clipboard-write; encrypted-media; gyroscope; picture-in-picture; web-share\" referrerpolicy=\"strict-origin-when-cross-origin\" allowfullscreen><\/iframe><\/div><\/div>\n<h3>SPREADSHEETWEB &#8211; CARATTERISTICHE<\/h3>\n<ul>\n<li><strong>Interfaccia drag-and-drop intuitiva:<\/strong> trascina e rilascia i controlli da un&#8217;interfaccia web e associali alle celle del file Excel.<\/li>\n<li><strong>Controlli web standard<\/strong>: migliora le tue applicazioni con vari controlli web come caselle di riepilogo, menu a discesa, caselle di controllo, cursori e caricamento file. Ogni controllo pu\u00f2 essere associato a una cella della cartella di lavoro per attivare i calcoli.<\/li>\n<li><strong>Grafici<\/strong>: scegli tra un&#8217;ampia libreria di grafici per migliorare la tua applicazione. Puoi anche animare i grafici lungo una linea temporale per migliorare l&#8217;esperienza utente.<\/li>\n<li><strong>Oltre 500 funzioni di Excel supportate<\/strong>: motore di calcolo ad alte prestazioni, completamente compatibile con gli algoritmi di calcolo di Excel. Supporta riferimenti a formule tra fogli e funzioni nidificate (fino a 64 livelli).<\/li>\n<li><strong>Fogli di stile<\/strong>: scegli tra una libreria di fogli di stile integrati, personalizza quelli esistenti o carica i tuoi.<\/li>\n<li><strong>Design reattivo:<\/strong> il layout dell&#8217;applicazione cambia in base alla risoluzione dello schermo per dispositivi mobili, tablet e desktop.<\/li>\n<li><strong>Interfaccia web per la gestione dell&#8217;intera piattaforma<\/strong>: configura la sicurezza delle tue applicazioni, gestisci gli account utente, accedi e condividi i dati delle applicazioni salvati.<\/li>\n<li><strong>Generazione dinamica di documenti:<\/strong> crea documenti PDF da file Excel mappando i risultati delle formule ai documenti. Controlla la struttura del documento PDF nascondendo le sezioni in base agli input dell&#8217;utente.<\/li>\n<\/ul>\n<h4>LE RECENSIONI DEGLI UTENTI<\/h4>\n<p><strong>Jeff&#8221;&#8221;Cliente estremamente soddisfatto&#8221;<\/strong><br \/>\nEsperienza eccellente: piattaforma intuitiva (anche per un principiante come me), funzionalit\u00e0 come previsto (e sperato), supporto eccellente, ottimo prezzo.<br \/>\n<strong>Pro<\/strong>: 2 motivi principali per cui consiglio vivamente SpreadsheetWEB: 1) Il processo intuitivo di creazione delle app. Non avevo mai usato una piattaforma no-code. Ho sperimentato cinque piattaforme diverse, ma continuavo a perdermi nel processo, finch\u00e9 non ho trovato SpreadsheetWEB. Ora ho trasformato tre fogli di calcolo in app web perfettamente funzionanti. 2) Assistenza eccellente! Ho avuto bisogno di aiuto lungo il percorso e il gruppo di supporto ha sempre risolto rapidamente il mio problema. La loro comunicazione \u00e8 rapida e chiara.<br \/>\n<strong>Contro<\/strong>: Non ho commenti negativi. Utilizzando il loro servizio da un anno e mezzo, ho tre app in esecuzione sulla loro piattaforma e il nostro team ha generato preventivi per 4 milioni di dollari tramite le nostre app per la determinazione dei prezzi SpreadsheetWEB.<\/p>\n<p><strong>Firat&#8221;Recensione di SpreadsheetWEB&#8221;<\/strong><br \/>\nCreiamo software di investimento online all&#8217;avanguardia, economici e intuitivi, basati su Excel, unici e avanti anni luce ai tempi.<br \/>\n<strong>Pro<\/strong>: \u00e8 bello, il personale di supporto \u00e8 adorabile, tutto \u00e8 in un unico posto. \u00c8 divertente creare applicazioni con immagini nitide e un backend veloce.<br \/>\n<strong>Contro<\/strong>: alcune funzionalit\u00e0 sono disponibili solo per determinati tipi di abbonamenti<\/p>\n<p><strong>James&#8221;Assistenza clienti di primo ordine&#8221;<\/strong><br \/>\nHo contattato SpreadsheetWEB e, dal primo contatto fino alla fine, si sono impegnati al massimo per fornire un servizio di prim&#8217;ordine. Non ho parole per descrivere il loro servizio clienti e il loro supporto tecnico.<br \/>\n<strong>Pro<\/strong>: assistenza rapida, competente e cordiale. Sono sempre stati reattivi e hanno fornito informazioni utili. Ho potuto contare sulla loro seriet\u00e0. Nel complesso, un servizio eccellente. La cosa che ho apprezzato di pi\u00f9 \u00e8 che ho ricevuto un lavoro personalizzato e che hanno collaborato con me ininterrottamente per portare a termine il lavoro nel modo migliore.<br \/>\n<strong>Contro<\/strong>: niente, sono stati fantastici. Non ho niente di negativo da dire.<\/p>\n","protected":false},"excerpt":{"rendered":"<p>SpreadsheetWEB \u00e8 una piattaforma di sviluppo no-code che aiuta le aziende a creare applicazioni web personalizzate a partire da fogli di calcolo Microsoft Excel. Utilizzando l&#8217;interfaccia drag-and-drop, i professionisti possono aggiungere all&#8217;applicazione vari controlli web, come caselle di riepilogo, menu a discesa, caselle di controllo o cursori.<\/p>\n","protected":false},"author":19,"featured_media":104738,"parent":99993,"menu_order":0,"comment_status":"open","ping_status":"closed","template":"g1_template_page_review_new.php","meta":{"_acf_changed":false,"cwp_meta_box_check":"Yes","cwp_rev_product_name":"","cwp_rev_product_image":"","wppr_links":[],"cwp_rev_price":"0.00","wppr_options":[{"name":"Usability","value":"0"},{"name":"Speed","value":"0"},{"name":"Features","value":"0"},{"name":"Support","value":"0"},{"name":"Pricing","value":"0"}],"wppr_pros":["","","","",""],"wppr_cons":["","","","",""],"_monsterinsights_skip_tracking":false,"_monsterinsights_sitenote_active":false,"_monsterinsights_sitenote_note":"","_monsterinsights_sitenote_category":0,"footnotes":""},"categories":[16551],"tags":[16554,16571,16573,16556,16572,16706],"features":[],"class_list":{"0":"post-104736","1":"page","2":"type-page","3":"status-publish","4":"has-post-thumbnail","6":"category-piattaforme-no-code-cat","7":"tag-no-code","8":"tag-piattaforma-no-code","9":"tag-programma-no-code","10":"tag-software-no-code","11":"tag-soluzione-no-code","12":"tag-spreadsheetweb"},"wppr_data":{"cwp_meta_box_check":"Yes","_wppr_review_template":"default","cwp_rev_product_image":"","cwp_image_link":"image","wppr_links":[],"cwp_rev_price":"0.00","wppr_pros":["","","","",""],"wppr_cons":["","","","",""],"wppr_rating":"0.00","wppr_options":{"1":{"name":"Usability","value":"0"},"2":{"name":"Speed","value":"0"},"3":{"name":"Features","value":"0"},"4":{"name":"Support","value":"0"},"5":{"name":"Pricing","value":"0"}},"wppr_review_type":"Product","wppr_review_custom_fields":{"additionalProperty":"","additionalType":"","aggregateRating":"","alternateName":"","audience":"","award":"","awards":"","brand":"","color":"","depth":"","description":"","disambiguatingDescription":"","gtin12":"","gtin13":"","gtin14":"","gtin8":"","height":"","identifier":"","image":"","isAccessoryOrSparePartFor":"","isConsumableFor":"","isRelatedTo":"","isSimilarTo":"","itemCondition":"","logo":"","mainEntityOfPage":"","manufacturer":"","material":"","model":"","mpn":"","name":"","offers":"","potentialAction":"","productID":"","productionDate":"","purchaseDate":"","releaseDate":"","review":"","reviews":"","sameAs":"","sku":"","slogan":"","subjectOf":"","url":"","weight":"","width":""}},"acf":[],"yoast_head":"<!-- This site is optimized with the Yoast SEO plugin v27.4 - https:\/\/yoast.com\/product\/yoast-seo-wordpress\/ -->\n<title>SpreadsheetWEB: recensione piattaforma no-code - Accurate Reviews<\/title>\n<meta name=\"description\" content=\"SpreadsheetWEB: recensione piattaforma di sviluppo no-code per creare applicazioni web personalizzate a partire da fogli di calcolo Excel.\" \/>\n<meta name=\"robots\" content=\"index, follow, max-snippet:-1, max-image-preview:large, max-video-preview:-1\" \/>\n<link rel=\"canonical\" href=\"https:\/\/www.accuratereviews.com\/it\/piattaforme-no-code\/spreadsheetweb-recensione\/\" \/>\n<meta property=\"og:locale\" content=\"it_IT\" \/>\n<meta property=\"og:type\" content=\"article\" \/>\n<meta property=\"og:title\" content=\"SpreadsheetWEB: recensione piattaforma no-code - Accurate Reviews\" \/>\n<meta property=\"og:description\" content=\"SpreadsheetWEB: recensione piattaforma di sviluppo no-code per creare applicazioni web personalizzate a partire da fogli di calcolo Excel.\" \/>\n<meta property=\"og:url\" content=\"https:\/\/www.accuratereviews.com\/it\/piattaforme-no-code\/spreadsheetweb-recensione\/\" \/>\n<meta property=\"og:site_name\" content=\"Accurate Reviews\" \/>\n<meta property=\"og:image\" content=\"https:\/\/www.accuratereviews.com\/wp-content\/uploads\/2025\/10\/SpreadsheetWEB.png\" \/>\n\t<meta property=\"og:image:width\" content=\"320\" \/>\n\t<meta property=\"og:image:height\" content=\"320\" \/>\n\t<meta property=\"og:image:type\" content=\"image\/png\" \/>\n<meta name=\"twitter:card\" content=\"summary_large_image\" \/>\n<meta name=\"twitter:label1\" content=\"Tempo di lettura stimato\" \/>\n\t<meta name=\"twitter:data1\" content=\"5 minuti\" \/>\n<script type=\"application\/ld+json\" class=\"yoast-schema-graph\">{\"@context\":\"https:\\\/\\\/schema.org\",\"@graph\":[{\"@type\":\"WebPage\",\"@id\":\"https:\\\/\\\/www.accuratereviews.com\\\/it\\\/piattaforme-no-code\\\/spreadsheetweb-recensione\\\/\",\"url\":\"https:\\\/\\\/www.accuratereviews.com\\\/it\\\/piattaforme-no-code\\\/spreadsheetweb-recensione\\\/\",\"name\":\"SpreadsheetWEB: recensione piattaforma no-code - Accurate Reviews\",\"isPartOf\":{\"@id\":\"https:\\\/\\\/www.accuratereviews.com\\\/it\\\/#website\"},\"primaryImageOfPage\":{\"@id\":\"https:\\\/\\\/www.accuratereviews.com\\\/it\\\/piattaforme-no-code\\\/spreadsheetweb-recensione\\\/#primaryimage\"},\"image\":{\"@id\":\"https:\\\/\\\/www.accuratereviews.com\\\/it\\\/piattaforme-no-code\\\/spreadsheetweb-recensione\\\/#primaryimage\"},\"thumbnailUrl\":\"https:\\\/\\\/www.accuratereviews.com\\\/wp-content\\\/uploads\\\/2025\\\/10\\\/SpreadsheetWEB.png\",\"datePublished\":\"2026-01-08T10:26:09+00:00\",\"description\":\"SpreadsheetWEB: recensione piattaforma di sviluppo no-code per creare applicazioni web personalizzate a partire da fogli di calcolo Excel.\",\"breadcrumb\":{\"@id\":\"https:\\\/\\\/www.accuratereviews.com\\\/it\\\/piattaforme-no-code\\\/spreadsheetweb-recensione\\\/#breadcrumb\"},\"inLanguage\":\"it-IT\",\"potentialAction\":[{\"@type\":\"ReadAction\",\"target\":[\"https:\\\/\\\/www.accuratereviews.com\\\/it\\\/piattaforme-no-code\\\/spreadsheetweb-recensione\\\/\"]}]},{\"@type\":\"ImageObject\",\"inLanguage\":\"it-IT\",\"@id\":\"https:\\\/\\\/www.accuratereviews.com\\\/it\\\/piattaforme-no-code\\\/spreadsheetweb-recensione\\\/#primaryimage\",\"url\":\"https:\\\/\\\/www.accuratereviews.com\\\/wp-content\\\/uploads\\\/2025\\\/10\\\/SpreadsheetWEB.png\",\"contentUrl\":\"https:\\\/\\\/www.accuratereviews.com\\\/wp-content\\\/uploads\\\/2025\\\/10\\\/SpreadsheetWEB.png\",\"width\":320,\"height\":320},{\"@type\":\"BreadcrumbList\",\"@id\":\"https:\\\/\\\/www.accuratereviews.com\\\/it\\\/piattaforme-no-code\\\/spreadsheetweb-recensione\\\/#breadcrumb\",\"itemListElement\":[{\"@type\":\"ListItem\",\"position\":1,\"name\":\"Home\",\"item\":\"https:\\\/\\\/www.accuratereviews.com\\\/it\\\/\"},{\"@type\":\"ListItem\",\"position\":2,\"name\":\"Piattaforme no-code\",\"item\":\"https:\\\/\\\/www.accuratereviews.com\\\/it\\\/piattaforme-no-code\\\/\"},{\"@type\":\"ListItem\",\"position\":3,\"name\":\"SpreadsheetWEB\"}]},{\"@type\":\"WebSite\",\"@id\":\"https:\\\/\\\/www.accuratereviews.com\\\/it\\\/#website\",\"url\":\"https:\\\/\\\/www.accuratereviews.com\\\/it\\\/\",\"name\":\"Accurate Reviews\",\"description\":\"\",\"potentialAction\":[{\"@type\":\"SearchAction\",\"target\":{\"@type\":\"EntryPoint\",\"urlTemplate\":\"https:\\\/\\\/www.accuratereviews.com\\\/it\\\/?s={search_term_string}\"},\"query-input\":{\"@type\":\"PropertyValueSpecification\",\"valueRequired\":true,\"valueName\":\"search_term_string\"}}],\"inLanguage\":\"it-IT\"}]}<\/script>\n<!-- \/ Yoast SEO plugin. -->","yoast_head_json":{"title":"SpreadsheetWEB: recensione piattaforma no-code - Accurate Reviews","description":"SpreadsheetWEB: recensione piattaforma di sviluppo no-code per creare applicazioni web personalizzate a partire da fogli di calcolo Excel.","robots":{"index":"index","follow":"follow","max-snippet":"max-snippet:-1","max-image-preview":"max-image-preview:large","max-video-preview":"max-video-preview:-1"},"canonical":"https:\/\/www.accuratereviews.com\/it\/piattaforme-no-code\/spreadsheetweb-recensione\/","og_locale":"it_IT","og_type":"article","og_title":"SpreadsheetWEB: recensione piattaforma no-code - Accurate Reviews","og_description":"SpreadsheetWEB: recensione piattaforma di sviluppo no-code per creare applicazioni web personalizzate a partire da fogli di calcolo Excel.","og_url":"https:\/\/www.accuratereviews.com\/it\/piattaforme-no-code\/spreadsheetweb-recensione\/","og_site_name":"Accurate Reviews","og_image":[{"width":320,"height":320,"url":"https:\/\/www.accuratereviews.com\/wp-content\/uploads\/2025\/10\/SpreadsheetWEB.png","type":"image\/png"}],"twitter_card":"summary_large_image","twitter_misc":{"Tempo di lettura stimato":"5 minuti"},"schema":{"@context":"https:\/\/schema.org","@graph":[{"@type":"WebPage","@id":"https:\/\/www.accuratereviews.com\/it\/piattaforme-no-code\/spreadsheetweb-recensione\/","url":"https:\/\/www.accuratereviews.com\/it\/piattaforme-no-code\/spreadsheetweb-recensione\/","name":"SpreadsheetWEB: recensione piattaforma no-code - Accurate Reviews","isPartOf":{"@id":"https:\/\/www.accuratereviews.com\/it\/#website"},"primaryImageOfPage":{"@id":"https:\/\/www.accuratereviews.com\/it\/piattaforme-no-code\/spreadsheetweb-recensione\/#primaryimage"},"image":{"@id":"https:\/\/www.accuratereviews.com\/it\/piattaforme-no-code\/spreadsheetweb-recensione\/#primaryimage"},"thumbnailUrl":"https:\/\/www.accuratereviews.com\/wp-content\/uploads\/2025\/10\/SpreadsheetWEB.png","datePublished":"2026-01-08T10:26:09+00:00","description":"SpreadsheetWEB: recensione piattaforma di sviluppo no-code per creare applicazioni web personalizzate a partire da fogli di calcolo Excel.","breadcrumb":{"@id":"https:\/\/www.accuratereviews.com\/it\/piattaforme-no-code\/spreadsheetweb-recensione\/#breadcrumb"},"inLanguage":"it-IT","potentialAction":[{"@type":"ReadAction","target":["https:\/\/www.accuratereviews.com\/it\/piattaforme-no-code\/spreadsheetweb-recensione\/"]}]},{"@type":"ImageObject","inLanguage":"it-IT","@id":"https:\/\/www.accuratereviews.com\/it\/piattaforme-no-code\/spreadsheetweb-recensione\/#primaryimage","url":"https:\/\/www.accuratereviews.com\/wp-content\/uploads\/2025\/10\/SpreadsheetWEB.png","contentUrl":"https:\/\/www.accuratereviews.com\/wp-content\/uploads\/2025\/10\/SpreadsheetWEB.png","width":320,"height":320},{"@type":"BreadcrumbList","@id":"https:\/\/www.accuratereviews.com\/it\/piattaforme-no-code\/spreadsheetweb-recensione\/#breadcrumb","itemListElement":[{"@type":"ListItem","position":1,"name":"Home","item":"https:\/\/www.accuratereviews.com\/it\/"},{"@type":"ListItem","position":2,"name":"Piattaforme no-code","item":"https:\/\/www.accuratereviews.com\/it\/piattaforme-no-code\/"},{"@type":"ListItem","position":3,"name":"SpreadsheetWEB"}]},{"@type":"WebSite","@id":"https:\/\/www.accuratereviews.com\/it\/#website","url":"https:\/\/www.accuratereviews.com\/it\/","name":"Accurate Reviews","description":"","potentialAction":[{"@type":"SearchAction","target":{"@type":"EntryPoint","urlTemplate":"https:\/\/www.accuratereviews.com\/it\/?s={search_term_string}"},"query-input":{"@type":"PropertyValueSpecification","valueRequired":true,"valueName":"search_term_string"}}],"inLanguage":"it-IT"}]}},"_links":{"self":[{"href":"https:\/\/www.accuratereviews.com\/it\/wp-json\/wp\/v2\/pages\/104736","targetHints":{"allow":["GET"]}}],"collection":[{"href":"https:\/\/www.accuratereviews.com\/it\/wp-json\/wp\/v2\/pages"}],"about":[{"href":"https:\/\/www.accuratereviews.com\/it\/wp-json\/wp\/v2\/types\/page"}],"author":[{"embeddable":true,"href":"https:\/\/www.accuratereviews.com\/it\/wp-json\/wp\/v2\/users\/19"}],"replies":[{"embeddable":true,"href":"https:\/\/www.accuratereviews.com\/it\/wp-json\/wp\/v2\/comments?post=104736"}],"version-history":[{"count":10,"href":"https:\/\/www.accuratereviews.com\/it\/wp-json\/wp\/v2\/pages\/104736\/revisions"}],"predecessor-version":[{"id":106070,"href":"https:\/\/www.accuratereviews.com\/it\/wp-json\/wp\/v2\/pages\/104736\/revisions\/106070"}],"up":[{"embeddable":true,"href":"https:\/\/www.accuratereviews.com\/it\/wp-json\/wp\/v2\/pages\/99993"}],"wp:featuredmedia":[{"embeddable":true,"href":"https:\/\/www.accuratereviews.com\/it\/wp-json\/wp\/v2\/media\/104738"}],"wp:attachment":[{"href":"https:\/\/www.accuratereviews.com\/it\/wp-json\/wp\/v2\/media?parent=104736"}],"wp:term":[{"taxonomy":"category","embeddable":true,"href":"https:\/\/www.accuratereviews.com\/it\/wp-json\/wp\/v2\/categories?post=104736"},{"taxonomy":"post_tag","embeddable":true,"href":"https:\/\/www.accuratereviews.com\/it\/wp-json\/wp\/v2\/tags?post=104736"},{"taxonomy":"features","embeddable":true,"href":"https:\/\/www.accuratereviews.com\/it\/wp-json\/wp\/v2\/features?post=104736"}],"curies":[{"name":"wp","href":"https:\/\/api.w.org\/{rel}","templated":true}]}}