{"id":104789,"date":"2025-11-03T17:39:09","date_gmt":"2025-11-03T17:39:09","guid":{"rendered":"https:\/\/www.accuratereviews.com\/?page_id=104789"},"modified":"2025-11-03T17:39:09","modified_gmt":"2025-11-03T17:39:09","slug":"elegere-recensione","status":"publish","type":"page","link":"https:\/\/www.accuratereviews.com\/it\/piattaforme-no-code\/elegere-recensione\/","title":{"rendered":"eLegere"},"content":{"rendered":"<p><strong>eLegere<\/strong> \u00e8 la <strong>piattaforma<\/strong> italiana per la creazione di applicazioni<strong> low-code e no-code<\/strong> per la gestione dei processi aziendali. Si tratta di una soluzione visiva all-in-one con la quale \u00e8 possibile creare applicazioni per gestire dati e processi operativi <strong>senza dover scrivere codice<\/strong>. Semplifica la progettazione, la configurazione, la distribuzione e l&#8217;utilizzo di applicazioni collaborative web\/mobile, modulari e scalabili per la raccolta, l&#8217;integrazione, l&#8217;arricchimento e la convalida dei dati. I manager di diverse divisioni aziendali possono gestire diverse tipologie di processi, tra cui l&#8217;approvazione delle richieste di acquisto, la gestione degli asset, la raccolta dati di sell-in\/sell-out, la definizione del budget e altro ancora.<br \/>\nFlessibile come un foglio di calcolo e solido come un ERP, <strong>eLegere<\/strong> \u00e8 disponibile on-premise, in cloud e in modalit\u00e0 ibrida.<\/p>\n<h2>ELEGERE &#8211; TUTORIAL<\/h2>\n<div id=\"fluid-wrapper-counter-1\" class=\"g1-fluid-wrapper \" style=\"width:686px;\">\n<div style=\"padding-bottom:56.268221574344%;\"><iframe loading=\"lazy\" title=\"eLegere in 30 secondi\" width=\"686\" height=\"386\" src=\"https:\/\/www.youtube.com\/embed\/zxBaNTgD0Xg?feature=oembed&amp;wmode=transparent&amp;autohide=1&amp;autoplay=0&amp;disablekb=0&amp;fs=1&amp;loop=0&amp;enablejsapi=1&amp;rel=0&amp;controls=2&amp;showinfo=0&amp;wmode=transparent&amp;autohide=2&amp;autoplay=0&amp;disablekb=0&amp;fs=1&amp;loop=0&amp;enablejsapi=1&amp;rel=0&amp;controls=2&amp;showinfo=1\" frameborder=\"0\" allow=\"accelerometer; autoplay; clipboard-write; encrypted-media; gyroscope; picture-in-picture; web-share\" referrerpolicy=\"strict-origin-when-cross-origin\" allowfullscreen><\/iframe><\/div>\n<\/div>\n<h3>ELEGERE &#8211; CARATTERISTICHE<\/h3>\n<ul>\n<li>Progetta velocemente e senza scrivere codici layout e flussi di lavoro personalizzati, eventi e azioni automatizzate<\/li>\n<li>Gestisci le tue App facilmente grazie ad una user experience intuitiva per tutte le funzioni aziendali<\/li>\n<li>Sfrutta l&#8217;application builder modulare per un rapido go-live delle App<\/li>\n<li>Esplora e analizza la tua attivit\u00e0 in un clic<\/li>\n<li>Naviga nelle informazioni con GeoView, filtra e segmenta facilmente i dati<\/li>\n<li>Gestisci il flusso di lavoro collaborativo e condividi sessioni di lavoro dinamico con i colleghi<\/li>\n<li>Integra report e dashboard nelle tue app aziendali per svolgere analisi in tempo reale<\/li>\n<li>Definisci autorizzazioni e restrizioni di accesso per utenti e gruppi profilati<\/li>\n<li>Garantisci l&#8217;integrit\u00e0 dei dati<\/li>\n<li>Monitora lo storico delle modifiche effettuate dagli utenti<\/li>\n<li>Trasforma dati e processi operativi e di business in asset digitali centralizzati per ottenere immediato valore<\/li>\n<li>Riduci i tempi e i costi della trasformazione digitale, aumenta la produttivit\u00e0, l&#8217;efficienza e la governance dei dati<\/li>\n<li>Garantisce la qualit\u00e0 dei dati, la conformit\u00e0 e l&#8217;audit dei processi &#8220;nascosti&#8221; o gestiti al di fuori del sistema informativo aziendale<\/li>\n<li>Si adatta a qualsiasi organizzazione ed \u00e8 disponibile sia On Premise che in Cloud<\/li>\n<\/ul>\n<h4>LE RECENSIONI DEGLI UTENTI<\/h4>\n<p><strong>Leonardo &#8220;eLegere per Service Provider&#8221;<\/strong><br \/>\nutente: molto buona per facilit\u00e0 d&#8217;utilizzo<br \/>\ndesigner: buona per flessibilit\u00e0 e effettive funzionalit\u00e0 &#8220;no\/low code&#8221; (esperienza limitata)<br \/>\nprovider: molto buona per flessibilit\u00e0 a molti casi d&#8217;uso<br \/>\n<strong>Pro<\/strong>: flessibilit\u00e0 di utilizzo per utenti non tecnici possibilit\u00e0 di integrazione verso e da sistemi terzi possibilit\u00e0 di integrazione funzionalit\u00e0 automatizzate con funzionalit\u00e0 interattive<br \/>\n<strong>Contro<\/strong>: look&amp;feel da aggiornare attachment non disponibile sul record master (necessit\u00e0 di accedere al dettaglio) piano costi utenti (deterrente in modelli di business con accesso di molti utenti)<\/p>\n<p><strong>Roberto &#8220;Erreeffe1956&#8221;<\/strong><br \/>\nPositiva in quanto consente di realizzare soluzioni vantaggiose per il busines<br \/>\n<strong>Pro<\/strong>: La flessibilita\u2019 del prodotto e la facilita\u2019 di utilizzo<br \/>\n<strong>Contro<\/strong>: L\u2019attuale grafica deve essere migliorata poco accattivante<\/p>\n<p><strong>Stefano &#8220;eLegere digitalizzazione malleabile&#8221;<\/strong><br \/>\nUtilizziamo il prodotto come cliente Aliquid Srl per la gestione di alcuni servizi, molto semplici rispetto ai progetti presentati durante l&#8217;incontro.<br \/>\n<strong>Pro<\/strong>: la soluzione \u00e8 sembrata molto flessibile ed adattabile a diversi processi da digitalizzare. Valuter\u00f2 insieme ai miei collaboratori la possibilit\u00e0 di adottare la soluzione per digitalizzare alcuni processi aziendali (siamo un Ente pubblico con direttive regionali da rispettare ed iter interni non sempre snelli, ma con i nostri tempi, pian piano arriviamo anche noi)<br \/>\n<strong>Contro<\/strong>: la presentazione ed in generale la giornata si sono svolte in maniera perfetta, non ho nulla di negativo da segnalare, colgo l&#8217;occasione per congratularmi con il vostro Team<\/p>\n","protected":false},"excerpt":{"rendered":"<p>eLegere \u00e8 la piattaforma italiana per la creazione di applicazioni low-code e no-code per la gestione dei processi aziendali. Si tratta di una soluzione visiva all-in-one con la quale \u00e8 possibile creare applicazioni per gestire dati e processi operativi senza dover scrivere codice. Semplifica la progettazione, la configurazione, la distribuzione e l&#8217;utilizzo di applicazioni collaborative web\/mobile, modulari e scalabili per la raccolta, l&#8217;integrazione, l&#8217;arricchimento e la convalida dei dati.<\/p>\n","protected":false},"author":19,"featured_media":104790,"parent":99993,"menu_order":0,"comment_status":"open","ping_status":"closed","template":"g1_template_page_review_new.php","meta":{"_acf_changed":false,"cwp_meta_box_check":"Yes","cwp_rev_product_name":"","cwp_rev_product_image":"","wppr_links":[],"cwp_rev_price":"0.00","wppr_options":[{"name":"Usability","value":"0"},{"name":"Speed","value":"0"},{"name":"Features","value":"0"},{"name":"Support","value":"0"},{"name":"Pricing","value":"0"}],"wppr_pros":["","","","",""],"wppr_cons":["","","","",""],"_monsterinsights_skip_tracking":false,"_monsterinsights_sitenote_active":false,"_monsterinsights_sitenote_note":"","_monsterinsights_sitenote_category":0,"footnotes":""},"categories":[16551],"tags":[16713,16554,16571,16573,16556,16572],"features":[],"class_list":{"0":"post-104789","1":"page","2":"type-page","3":"status-publish","4":"has-post-thumbnail","6":"category-piattaforme-no-code-cat","7":"tag-elegere","8":"tag-no-code","9":"tag-piattaforma-no-code","10":"tag-programma-no-code","11":"tag-software-no-code","12":"tag-soluzione-no-code"},"wppr_data":{"cwp_meta_box_check":"Yes","_wppr_review_template":"default","cwp_rev_product_image":"","cwp_image_link":"image","wppr_links":[],"cwp_rev_price":"0.00","wppr_pros":["","","","",""],"wppr_cons":["","","","",""],"wppr_rating":"0.00","wppr_options":{"1":{"name":"Usability","value":"0"},"2":{"name":"Speed","value":"0"},"3":{"name":"Features","value":"0"},"4":{"name":"Support","value":"0"},"5":{"name":"Pricing","value":"0"}},"wppr_review_type":"Product","wppr_review_custom_fields":{"additionalProperty":"","additionalType":"","aggregateRating":"","alternateName":"","audience":"","award":"","awards":"","brand":"","color":"","depth":"","description":"","disambiguatingDescription":"","gtin12":"","gtin13":"","gtin14":"","gtin8":"","height":"","identifier":"","image":"","isAccessoryOrSparePartFor":"","isConsumableFor":"","isRelatedTo":"","isSimilarTo":"","itemCondition":"","logo":"","mainEntityOfPage":"","manufacturer":"","material":"","model":"","mpn":"","name":"","offers":"","potentialAction":"","productID":"","productionDate":"","purchaseDate":"","releaseDate":"","review":"","reviews":"","sameAs":"","sku":"","slogan":"","subjectOf":"","url":"","weight":"","width":""}},"acf":[],"yoast_head":"<!-- This site is optimized with the Yoast SEO plugin v27.4 - https:\/\/yoast.com\/product\/yoast-seo-wordpress\/ -->\n<title>eLegere: recensione piattaforma no-code - Accurate Reviews<\/title>\n<meta name=\"description\" content=\"eLegere: recensione piattaforma italiana per la creazione di applicazioni low-code e no-code per la gestione dei processi aziendali.\" \/>\n<meta name=\"robots\" content=\"index, follow, max-snippet:-1, max-image-preview:large, max-video-preview:-1\" \/>\n<link rel=\"canonical\" href=\"https:\/\/www.accuratereviews.com\/it\/piattaforme-no-code\/elegere-recensione\/\" \/>\n<meta property=\"og:locale\" content=\"it_IT\" \/>\n<meta property=\"og:type\" content=\"article\" \/>\n<meta property=\"og:title\" content=\"eLegere: recensione piattaforma no-code - Accurate Reviews\" \/>\n<meta property=\"og:description\" content=\"eLegere: recensione piattaforma italiana per la creazione di applicazioni low-code e no-code per la gestione dei processi aziendali.\" \/>\n<meta property=\"og:url\" content=\"https:\/\/www.accuratereviews.com\/it\/piattaforme-no-code\/elegere-recensione\/\" \/>\n<meta property=\"og:site_name\" content=\"Accurate Reviews\" \/>\n<meta property=\"og:image\" content=\"https:\/\/www.accuratereviews.com\/wp-content\/uploads\/2025\/10\/elegere.webp\" \/>\n\t<meta property=\"og:image:width\" content=\"1024\" \/>\n\t<meta property=\"og:image:height\" content=\"536\" \/>\n\t<meta property=\"og:image:type\" content=\"image\/webp\" \/>\n<meta name=\"twitter:card\" content=\"summary_large_image\" \/>\n<meta name=\"twitter:label1\" content=\"Tempo di lettura stimato\" \/>\n\t<meta name=\"twitter:data1\" content=\"4 minuti\" \/>\n<script type=\"application\/ld+json\" class=\"yoast-schema-graph\">{\"@context\":\"https:\\\/\\\/schema.org\",\"@graph\":[{\"@type\":\"WebPage\",\"@id\":\"https:\\\/\\\/www.accuratereviews.com\\\/it\\\/piattaforme-no-code\\\/elegere-recensione\\\/\",\"url\":\"https:\\\/\\\/www.accuratereviews.com\\\/it\\\/piattaforme-no-code\\\/elegere-recensione\\\/\",\"name\":\"eLegere: recensione piattaforma no-code - Accurate Reviews\",\"isPartOf\":{\"@id\":\"https:\\\/\\\/www.accuratereviews.com\\\/it\\\/#website\"},\"primaryImageOfPage\":{\"@id\":\"https:\\\/\\\/www.accuratereviews.com\\\/it\\\/piattaforme-no-code\\\/elegere-recensione\\\/#primaryimage\"},\"image\":{\"@id\":\"https:\\\/\\\/www.accuratereviews.com\\\/it\\\/piattaforme-no-code\\\/elegere-recensione\\\/#primaryimage\"},\"thumbnailUrl\":\"https:\\\/\\\/www.accuratereviews.com\\\/wp-content\\\/uploads\\\/2025\\\/10\\\/elegere.webp\",\"datePublished\":\"2025-11-03T17:39:09+00:00\",\"description\":\"eLegere: recensione piattaforma italiana per la creazione di applicazioni low-code e no-code per la gestione dei processi aziendali.\",\"breadcrumb\":{\"@id\":\"https:\\\/\\\/www.accuratereviews.com\\\/it\\\/piattaforme-no-code\\\/elegere-recensione\\\/#breadcrumb\"},\"inLanguage\":\"it-IT\",\"potentialAction\":[{\"@type\":\"ReadAction\",\"target\":[\"https:\\\/\\\/www.accuratereviews.com\\\/it\\\/piattaforme-no-code\\\/elegere-recensione\\\/\"]}]},{\"@type\":\"ImageObject\",\"inLanguage\":\"it-IT\",\"@id\":\"https:\\\/\\\/www.accuratereviews.com\\\/it\\\/piattaforme-no-code\\\/elegere-recensione\\\/#primaryimage\",\"url\":\"https:\\\/\\\/www.accuratereviews.com\\\/wp-content\\\/uploads\\\/2025\\\/10\\\/elegere.webp\",\"contentUrl\":\"https:\\\/\\\/www.accuratereviews.com\\\/wp-content\\\/uploads\\\/2025\\\/10\\\/elegere.webp\",\"width\":1024,\"height\":536},{\"@type\":\"BreadcrumbList\",\"@id\":\"https:\\\/\\\/www.accuratereviews.com\\\/it\\\/piattaforme-no-code\\\/elegere-recensione\\\/#breadcrumb\",\"itemListElement\":[{\"@type\":\"ListItem\",\"position\":1,\"name\":\"Home\",\"item\":\"https:\\\/\\\/www.accuratereviews.com\\\/it\\\/\"},{\"@type\":\"ListItem\",\"position\":2,\"name\":\"Piattaforme no-code\",\"item\":\"https:\\\/\\\/www.accuratereviews.com\\\/it\\\/piattaforme-no-code\\\/\"},{\"@type\":\"ListItem\",\"position\":3,\"name\":\"eLegere\"}]},{\"@type\":\"WebSite\",\"@id\":\"https:\\\/\\\/www.accuratereviews.com\\\/it\\\/#website\",\"url\":\"https:\\\/\\\/www.accuratereviews.com\\\/it\\\/\",\"name\":\"Accurate Reviews\",\"description\":\"\",\"potentialAction\":[{\"@type\":\"SearchAction\",\"target\":{\"@type\":\"EntryPoint\",\"urlTemplate\":\"https:\\\/\\\/www.accuratereviews.com\\\/it\\\/?s={search_term_string}\"},\"query-input\":{\"@type\":\"PropertyValueSpecification\",\"valueRequired\":true,\"valueName\":\"search_term_string\"}}],\"inLanguage\":\"it-IT\"}]}<\/script>\n<!-- \/ Yoast SEO plugin. -->","yoast_head_json":{"title":"eLegere: recensione piattaforma no-code - Accurate Reviews","description":"eLegere: recensione piattaforma italiana per la creazione di applicazioni low-code e no-code per la gestione dei processi aziendali.","robots":{"index":"index","follow":"follow","max-snippet":"max-snippet:-1","max-image-preview":"max-image-preview:large","max-video-preview":"max-video-preview:-1"},"canonical":"https:\/\/www.accuratereviews.com\/it\/piattaforme-no-code\/elegere-recensione\/","og_locale":"it_IT","og_type":"article","og_title":"eLegere: recensione piattaforma no-code - Accurate Reviews","og_description":"eLegere: recensione piattaforma italiana per la creazione di applicazioni low-code e no-code per la gestione dei processi aziendali.","og_url":"https:\/\/www.accuratereviews.com\/it\/piattaforme-no-code\/elegere-recensione\/","og_site_name":"Accurate Reviews","og_image":[{"width":1024,"height":536,"url":"https:\/\/www.accuratereviews.com\/wp-content\/uploads\/2025\/10\/elegere.webp","type":"image\/webp"}],"twitter_card":"summary_large_image","twitter_misc":{"Tempo di lettura stimato":"4 minuti"},"schema":{"@context":"https:\/\/schema.org","@graph":[{"@type":"WebPage","@id":"https:\/\/www.accuratereviews.com\/it\/piattaforme-no-code\/elegere-recensione\/","url":"https:\/\/www.accuratereviews.com\/it\/piattaforme-no-code\/elegere-recensione\/","name":"eLegere: recensione piattaforma no-code - Accurate Reviews","isPartOf":{"@id":"https:\/\/www.accuratereviews.com\/it\/#website"},"primaryImageOfPage":{"@id":"https:\/\/www.accuratereviews.com\/it\/piattaforme-no-code\/elegere-recensione\/#primaryimage"},"image":{"@id":"https:\/\/www.accuratereviews.com\/it\/piattaforme-no-code\/elegere-recensione\/#primaryimage"},"thumbnailUrl":"https:\/\/www.accuratereviews.com\/wp-content\/uploads\/2025\/10\/elegere.webp","datePublished":"2025-11-03T17:39:09+00:00","description":"eLegere: recensione piattaforma italiana per la creazione di applicazioni low-code e no-code per la gestione dei processi aziendali.","breadcrumb":{"@id":"https:\/\/www.accuratereviews.com\/it\/piattaforme-no-code\/elegere-recensione\/#breadcrumb"},"inLanguage":"it-IT","potentialAction":[{"@type":"ReadAction","target":["https:\/\/www.accuratereviews.com\/it\/piattaforme-no-code\/elegere-recensione\/"]}]},{"@type":"ImageObject","inLanguage":"it-IT","@id":"https:\/\/www.accuratereviews.com\/it\/piattaforme-no-code\/elegere-recensione\/#primaryimage","url":"https:\/\/www.accuratereviews.com\/wp-content\/uploads\/2025\/10\/elegere.webp","contentUrl":"https:\/\/www.accuratereviews.com\/wp-content\/uploads\/2025\/10\/elegere.webp","width":1024,"height":536},{"@type":"BreadcrumbList","@id":"https:\/\/www.accuratereviews.com\/it\/piattaforme-no-code\/elegere-recensione\/#breadcrumb","itemListElement":[{"@type":"ListItem","position":1,"name":"Home","item":"https:\/\/www.accuratereviews.com\/it\/"},{"@type":"ListItem","position":2,"name":"Piattaforme no-code","item":"https:\/\/www.accuratereviews.com\/it\/piattaforme-no-code\/"},{"@type":"ListItem","position":3,"name":"eLegere"}]},{"@type":"WebSite","@id":"https:\/\/www.accuratereviews.com\/it\/#website","url":"https:\/\/www.accuratereviews.com\/it\/","name":"Accurate Reviews","description":"","potentialAction":[{"@type":"SearchAction","target":{"@type":"EntryPoint","urlTemplate":"https:\/\/www.accuratereviews.com\/it\/?s={search_term_string}"},"query-input":{"@type":"PropertyValueSpecification","valueRequired":true,"valueName":"search_term_string"}}],"inLanguage":"it-IT"}]}},"_links":{"self":[{"href":"https:\/\/www.accuratereviews.com\/it\/wp-json\/wp\/v2\/pages\/104789","targetHints":{"allow":["GET"]}}],"collection":[{"href":"https:\/\/www.accuratereviews.com\/it\/wp-json\/wp\/v2\/pages"}],"about":[{"href":"https:\/\/www.accuratereviews.com\/it\/wp-json\/wp\/v2\/types\/page"}],"author":[{"embeddable":true,"href":"https:\/\/www.accuratereviews.com\/it\/wp-json\/wp\/v2\/users\/19"}],"replies":[{"embeddable":true,"href":"https:\/\/www.accuratereviews.com\/it\/wp-json\/wp\/v2\/comments?post=104789"}],"version-history":[{"count":7,"href":"https:\/\/www.accuratereviews.com\/it\/wp-json\/wp\/v2\/pages\/104789\/revisions"}],"predecessor-version":[{"id":104824,"href":"https:\/\/www.accuratereviews.com\/it\/wp-json\/wp\/v2\/pages\/104789\/revisions\/104824"}],"up":[{"embeddable":true,"href":"https:\/\/www.accuratereviews.com\/it\/wp-json\/wp\/v2\/pages\/99993"}],"wp:featuredmedia":[{"embeddable":true,"href":"https:\/\/www.accuratereviews.com\/it\/wp-json\/wp\/v2\/media\/104790"}],"wp:attachment":[{"href":"https:\/\/www.accuratereviews.com\/it\/wp-json\/wp\/v2\/media?parent=104789"}],"wp:term":[{"taxonomy":"category","embeddable":true,"href":"https:\/\/www.accuratereviews.com\/it\/wp-json\/wp\/v2\/categories?post=104789"},{"taxonomy":"post_tag","embeddable":true,"href":"https:\/\/www.accuratereviews.com\/it\/wp-json\/wp\/v2\/tags?post=104789"},{"taxonomy":"features","embeddable":true,"href":"https:\/\/www.accuratereviews.com\/it\/wp-json\/wp\/v2\/features?post=104789"}],"curies":[{"name":"wp","href":"https:\/\/api.w.org\/{rel}","templated":true}]}}