{"id":104837,"date":"2025-11-05T13:39:21","date_gmt":"2025-11-05T13:39:21","guid":{"rendered":"https:\/\/www.accuratereviews.com\/?page_id=104837"},"modified":"2025-11-06T09:53:24","modified_gmt":"2025-11-06T09:53:24","slug":"scriptcase-recensione","status":"publish","type":"page","link":"https:\/\/www.accuratereviews.com\/it\/piattaforme-no-code\/scriptcase-recensione\/","title":{"rendered":"Scriptcase"},"content":{"rendered":"<p><strong>Scriptcase<\/strong> \u00e8 un <strong>programma di sviluppo di applicazioni PHP<\/strong> con cui le aziende possono progettare sistemi web completi, applicazioni e report di business intelligence avanzati a partire da diversi modelli di database, come MySQL, PostgreSQL, Interbase, Access e Oracle, utilizzando un generatore di codice PHP. Offre anche strumenti per la creazione di grafici con metriche e dimensioni organizzate, dashboard di gestione, moduli semplici e avanzati, menu con struttura di navigazione gerarchica e calendari con <strong>integrazione di Google Calendar<\/strong>. Inoltre, <strong>Scriptcase <\/strong>offre alle aziende la possibilit\u00e0 di creare sistemi controllabili dagli utenti e supporta pi\u00f9 lingue. \u00c8 disponibile in inglese, portoghese, spagnolo, francese e italiano.<\/p>\n<h2>SCRIPTCASE &#8211; TUTORIAL<\/h2>\n<div id=\"fluid-wrapper-counter-1\" class=\"g1-fluid-wrapper \" style=\"width:686px;\">\n<div style=\"padding-bottom:56.268221574344%;\"><iframe loading=\"lazy\" title=\"Scriptcase 9.13 - New Dashboard\" width=\"686\" height=\"386\" src=\"https:\/\/www.youtube.com\/embed\/c4-nN4SSyjk?feature=oembed&amp;wmode=transparent&amp;autohide=1&amp;autoplay=0&amp;disablekb=0&amp;fs=1&amp;loop=0&amp;enablejsapi=1&amp;rel=0&amp;controls=2&amp;showinfo=0&amp;wmode=transparent&amp;autohide=2&amp;autoplay=0&amp;disablekb=0&amp;fs=1&amp;loop=0&amp;enablejsapi=1&amp;rel=0&amp;controls=2&amp;showinfo=1\" frameborder=\"0\" allow=\"accelerometer; autoplay; clipboard-write; encrypted-media; gyroscope; picture-in-picture; web-share\" referrerpolicy=\"strict-origin-when-cross-origin\" allowfullscreen><\/iframe><\/div>\n<\/div>\n<h3>SCRIPTCASE &#8211; CARATTERISTICHE<\/h3>\n<ul>\n<li><strong>Grafici<\/strong>: oltre ai grafici integrati nell&#8217;applicazione Grid, la soluzione offre anche un&#8217;applicazione esclusiva per la creazione e la personalizzazione di grafici JavaScript dinamici, con un&#8217;interfaccia drag-and-drop per organizzare metriche e dimensioni in modo semplice e veloce.<\/li>\n<li><strong>Report<\/strong>: il programma \u00e8 un potente strumento per la generazione di sistemi web e applicazioni aziendali. Ti aiuta anche a creare report completi (con dashboard, grafici e tabelle pivot) in modo semplice e veloce per l&#8217;analisi dei dati di gestione (Business Intelligence).<\/li>\n<li><strong>Dashboard<\/strong>: l&#8217;applicazione per la creazione di dashboard aziendali con indicatori chiave di prestazione (KPI) pertinenti a uno scopo o processo aziendale specifico.<\/li>\n<li><strong>Moduli<\/strong>: crea moduli web semplici e avanzati utilizzando le varie opzioni disponibil: convalida automatica dei dati, layout in blocchi e schede, modifica e inclusione di pi\u00f9 record, modulo griglia modificabile, relazioni molti a molti, tra le altre funzionalit\u00e0.<\/li>\n<li><strong>Calendario<\/strong>: l&#8217;applicazione calendario per la creazione e l&#8217;aggiornamento di eventi direttamente nella tabella del database, modulo per l&#8217;inclusione, l&#8217;aggiornamento e l&#8217;eliminazione, funzione drag-and-drop per spostare gli eventi e integrazione con Google Calendar.<\/li>\n<li><strong>Sicurezza<\/strong>: il software, tramite il modulo Sicurezza, genera automaticamente il controllo completo di applicazioni, utenti e gruppi. Puoi creare sistemi sicuri per impedire a utenti non autorizzati di accedere a determinate applicazioni.<\/li>\n<li><strong>Database<\/strong>: i progetti creati possono essere connessi a diversi DBMS (MySQL, PostgreSQL, SQLite, Interbase, Firebird, MS Access, Oracle, SQL Server, DB2, SyBase, Informix o layer ODBC). La piattaforma gestisce tutte le connessioni al database per semplificare il processo di creazione e manutenzione delle applicazioni.<\/li>\n<li><strong>Internazionalizzazione<\/strong>: le applicazioni create supportano pi\u00f9 di 50 lingue. Strumenti come il Dizionario Dati facilitano l&#8217;importazione e la traduzione di nomi di tabelle, campi e messaggi interni del sistema.<\/li>\n<li><strong>Programmazione<\/strong>: offre diverse opzioni all&#8217;interno dell&#8217;ambiente lavorativo, consentendo di aggiungere liberamente le proprie regole aziendali e personalizzare il sistema in base alle esigenze di ogni progetto. Integrazione con librerie esterne, IDE di programmazione (Blank), Eventi, Macro&#8230; sono alcune delle funzionalit\u00e0 disponibili.<\/li>\n<\/ul>\n<h4>LE RECENSIONI DEGLI UTENTI<\/h4>\n<p><strong>Marco &#8220;Piattaforma low code che fornisce risultati elevati&#8221;<\/strong><br \/>\nEsperienza positiva, in poco tempo ho sviluppato un sistema web utilizzato dai nostri tecnici<br \/>\n<strong>Pro<\/strong>: piattaforma di sviluppo web completa ma facile da usare, con documentazione gratuita e ottimo supporto<br \/>\n<strong>Contro<\/strong>: Forse supporto per app mobili, sia come sviluppo di nuove app che come utilizzo dell&#8217;ambiente<\/p>\n<p><strong>Fabio &#8220;Il miglior prodotto per sviluppare applicazioni web&#8221;<\/strong><br \/>\nUtilizzo SC da 8 anni e ho sviluppato diverse applicazioni. I miei clienti sono molto soddisfatti perch\u00e9 le applicazioni web sono estremamente intuitive.<br \/>\n<strong>Pro<\/strong>: \u00c8 un modo rapido per sviluppare applicazioni web robuste e scalabili. L&#8217;ambiente \u00e8 ottimo per comprendere l&#8217;applicazione ed \u00e8 gratuito. L&#8217;implementazione \u00e8 molto semplice e tutti i server PHP possono eseguire le applicazioni.<br \/>\n<strong>Contro<\/strong>: Ci sono pochi temi e l&#8217;editor \u00e8 troppo semplice. \u00c8 necessario aggiungere alcuni campi alle applicazioni per consentire agli sviluppatori di scrivere commenti.<\/p>\n<p><strong>Facundo &#8220;Eccellente per sviluppare applicazioni Web veloci&#8221;<\/strong><br \/>\nCirca 2 anni di apprendimento, ma nell&#8217;ultimo anno ho fatto pi\u00f9 pratica e ho sviluppato una soluzione funzionante per la mia attivit\u00e0<br \/>\n<strong>Pro<\/strong>: facile da imparare e da usare, molto veloce nello sviluppo di applicazioni basate sul web e compatibile con Mac, Linux e PC.<br \/>\n<strong>Contro<\/strong>: voglio corsi pi\u00f9 avanzati gratuiti o a pagamento, ma vorrei imparare di pi\u00f9 per migliorare le mie app<\/p>\n","protected":false},"excerpt":{"rendered":"<p>Scriptcase \u00e8 un programma di sviluppo di applicazioni PHP con cui le aziende possono progettare sistemi web completi, applicazioni e report di business intelligence avanzati a partire da diversi modelli di database, come MySQL, PostgreSQL, Interbase, Access e Oracle, utilizzando un generatore di codice PHP.<\/p>\n","protected":false},"author":19,"featured_media":104838,"parent":99993,"menu_order":0,"comment_status":"open","ping_status":"closed","template":"g1_template_page_review_new.php","meta":{"_acf_changed":false,"cwp_meta_box_check":"No","cwp_rev_product_name":"","cwp_rev_product_image":"","wppr_links":[],"cwp_rev_price":"","wppr_options":[],"wppr_pros":[],"wppr_cons":[],"_monsterinsights_skip_tracking":false,"_monsterinsights_sitenote_active":false,"_monsterinsights_sitenote_note":"","_monsterinsights_sitenote_category":0,"footnotes":""},"categories":[16551],"tags":[16554,16571,16573,16718,16556,16572],"features":[],"class_list":{"0":"post-104837","1":"page","2":"type-page","3":"status-publish","4":"has-post-thumbnail","6":"category-piattaforme-no-code-cat","7":"tag-no-code","8":"tag-piattaforma-no-code","9":"tag-programma-no-code","10":"tag-scriptcase","11":"tag-software-no-code","12":"tag-soluzione-no-code"},"wppr_data":{"cwp_meta_box_check":"No"},"acf":[],"yoast_head":"<!-- This site is optimized with the Yoast SEO plugin v27.4 - https:\/\/yoast.com\/product\/yoast-seo-wordpress\/ -->\n<title>Scriptcase: recensione software no-code - Accurate Reviews<\/title>\n<meta name=\"description\" content=\"Scriptcase: software no-code che permette di sviluppare applicazioni PHP con cui le aziende possono progettare sistemi web completi.\" \/>\n<meta name=\"robots\" content=\"index, follow, max-snippet:-1, max-image-preview:large, max-video-preview:-1\" \/>\n<link rel=\"canonical\" href=\"https:\/\/www.accuratereviews.com\/it\/piattaforme-no-code\/scriptcase-recensione\/\" \/>\n<meta property=\"og:locale\" content=\"it_IT\" \/>\n<meta property=\"og:type\" content=\"article\" \/>\n<meta property=\"og:title\" content=\"Scriptcase: recensione software no-code - Accurate Reviews\" \/>\n<meta property=\"og:description\" content=\"Scriptcase: software no-code che permette di sviluppare applicazioni PHP con cui le aziende possono progettare sistemi web completi.\" \/>\n<meta property=\"og:url\" content=\"https:\/\/www.accuratereviews.com\/it\/piattaforme-no-code\/scriptcase-recensione\/\" \/>\n<meta property=\"og:site_name\" content=\"Accurate Reviews\" \/>\n<meta property=\"article:modified_time\" content=\"2025-11-06T09:53:24+00:00\" \/>\n<meta property=\"og:image\" content=\"https:\/\/www.accuratereviews.com\/wp-content\/uploads\/2025\/11\/logo-scriptcase.png.webp\" \/>\n\t<meta property=\"og:image:width\" content=\"299\" \/>\n\t<meta property=\"og:image:height\" content=\"252\" \/>\n\t<meta property=\"og:image:type\" content=\"image\/webp\" \/>\n<meta name=\"twitter:card\" content=\"summary_large_image\" \/>\n<meta name=\"twitter:label1\" content=\"Tempo di lettura stimato\" \/>\n\t<meta name=\"twitter:data1\" content=\"5 minuti\" \/>\n<script type=\"application\/ld+json\" class=\"yoast-schema-graph\">{\"@context\":\"https:\\\/\\\/schema.org\",\"@graph\":[{\"@type\":\"WebPage\",\"@id\":\"https:\\\/\\\/www.accuratereviews.com\\\/it\\\/piattaforme-no-code\\\/scriptcase-recensione\\\/\",\"url\":\"https:\\\/\\\/www.accuratereviews.com\\\/it\\\/piattaforme-no-code\\\/scriptcase-recensione\\\/\",\"name\":\"Scriptcase: recensione software no-code - Accurate Reviews\",\"isPartOf\":{\"@id\":\"https:\\\/\\\/www.accuratereviews.com\\\/it\\\/#website\"},\"primaryImageOfPage\":{\"@id\":\"https:\\\/\\\/www.accuratereviews.com\\\/it\\\/piattaforme-no-code\\\/scriptcase-recensione\\\/#primaryimage\"},\"image\":{\"@id\":\"https:\\\/\\\/www.accuratereviews.com\\\/it\\\/piattaforme-no-code\\\/scriptcase-recensione\\\/#primaryimage\"},\"thumbnailUrl\":\"https:\\\/\\\/www.accuratereviews.com\\\/wp-content\\\/uploads\\\/2025\\\/11\\\/logo-scriptcase.png.webp\",\"datePublished\":\"2025-11-05T13:39:21+00:00\",\"dateModified\":\"2025-11-06T09:53:24+00:00\",\"description\":\"Scriptcase: software no-code che permette di sviluppare applicazioni PHP con cui le aziende possono progettare sistemi web completi.\",\"breadcrumb\":{\"@id\":\"https:\\\/\\\/www.accuratereviews.com\\\/it\\\/piattaforme-no-code\\\/scriptcase-recensione\\\/#breadcrumb\"},\"inLanguage\":\"it-IT\",\"potentialAction\":[{\"@type\":\"ReadAction\",\"target\":[\"https:\\\/\\\/www.accuratereviews.com\\\/it\\\/piattaforme-no-code\\\/scriptcase-recensione\\\/\"]}]},{\"@type\":\"ImageObject\",\"inLanguage\":\"it-IT\",\"@id\":\"https:\\\/\\\/www.accuratereviews.com\\\/it\\\/piattaforme-no-code\\\/scriptcase-recensione\\\/#primaryimage\",\"url\":\"https:\\\/\\\/www.accuratereviews.com\\\/wp-content\\\/uploads\\\/2025\\\/11\\\/logo-scriptcase.png.webp\",\"contentUrl\":\"https:\\\/\\\/www.accuratereviews.com\\\/wp-content\\\/uploads\\\/2025\\\/11\\\/logo-scriptcase.png.webp\",\"width\":299,\"height\":252},{\"@type\":\"BreadcrumbList\",\"@id\":\"https:\\\/\\\/www.accuratereviews.com\\\/it\\\/piattaforme-no-code\\\/scriptcase-recensione\\\/#breadcrumb\",\"itemListElement\":[{\"@type\":\"ListItem\",\"position\":1,\"name\":\"Home\",\"item\":\"https:\\\/\\\/www.accuratereviews.com\\\/it\\\/\"},{\"@type\":\"ListItem\",\"position\":2,\"name\":\"Piattaforme no-code\",\"item\":\"https:\\\/\\\/www.accuratereviews.com\\\/it\\\/piattaforme-no-code\\\/\"},{\"@type\":\"ListItem\",\"position\":3,\"name\":\"Scriptcase\"}]},{\"@type\":\"WebSite\",\"@id\":\"https:\\\/\\\/www.accuratereviews.com\\\/it\\\/#website\",\"url\":\"https:\\\/\\\/www.accuratereviews.com\\\/it\\\/\",\"name\":\"Accurate Reviews\",\"description\":\"\",\"potentialAction\":[{\"@type\":\"SearchAction\",\"target\":{\"@type\":\"EntryPoint\",\"urlTemplate\":\"https:\\\/\\\/www.accuratereviews.com\\\/it\\\/?s={search_term_string}\"},\"query-input\":{\"@type\":\"PropertyValueSpecification\",\"valueRequired\":true,\"valueName\":\"search_term_string\"}}],\"inLanguage\":\"it-IT\"}]}<\/script>\n<!-- \/ Yoast SEO plugin. -->","yoast_head_json":{"title":"Scriptcase: recensione software no-code - Accurate Reviews","description":"Scriptcase: software no-code che permette di sviluppare applicazioni PHP con cui le aziende possono progettare sistemi web completi.","robots":{"index":"index","follow":"follow","max-snippet":"max-snippet:-1","max-image-preview":"max-image-preview:large","max-video-preview":"max-video-preview:-1"},"canonical":"https:\/\/www.accuratereviews.com\/it\/piattaforme-no-code\/scriptcase-recensione\/","og_locale":"it_IT","og_type":"article","og_title":"Scriptcase: recensione software no-code - Accurate Reviews","og_description":"Scriptcase: software no-code che permette di sviluppare applicazioni PHP con cui le aziende possono progettare sistemi web completi.","og_url":"https:\/\/www.accuratereviews.com\/it\/piattaforme-no-code\/scriptcase-recensione\/","og_site_name":"Accurate Reviews","article_modified_time":"2025-11-06T09:53:24+00:00","og_image":[{"width":299,"height":252,"url":"https:\/\/www.accuratereviews.com\/wp-content\/uploads\/2025\/11\/logo-scriptcase.png.webp","type":"image\/webp"}],"twitter_card":"summary_large_image","twitter_misc":{"Tempo di lettura stimato":"5 minuti"},"schema":{"@context":"https:\/\/schema.org","@graph":[{"@type":"WebPage","@id":"https:\/\/www.accuratereviews.com\/it\/piattaforme-no-code\/scriptcase-recensione\/","url":"https:\/\/www.accuratereviews.com\/it\/piattaforme-no-code\/scriptcase-recensione\/","name":"Scriptcase: recensione software no-code - Accurate Reviews","isPartOf":{"@id":"https:\/\/www.accuratereviews.com\/it\/#website"},"primaryImageOfPage":{"@id":"https:\/\/www.accuratereviews.com\/it\/piattaforme-no-code\/scriptcase-recensione\/#primaryimage"},"image":{"@id":"https:\/\/www.accuratereviews.com\/it\/piattaforme-no-code\/scriptcase-recensione\/#primaryimage"},"thumbnailUrl":"https:\/\/www.accuratereviews.com\/wp-content\/uploads\/2025\/11\/logo-scriptcase.png.webp","datePublished":"2025-11-05T13:39:21+00:00","dateModified":"2025-11-06T09:53:24+00:00","description":"Scriptcase: software no-code che permette di sviluppare applicazioni PHP con cui le aziende possono progettare sistemi web completi.","breadcrumb":{"@id":"https:\/\/www.accuratereviews.com\/it\/piattaforme-no-code\/scriptcase-recensione\/#breadcrumb"},"inLanguage":"it-IT","potentialAction":[{"@type":"ReadAction","target":["https:\/\/www.accuratereviews.com\/it\/piattaforme-no-code\/scriptcase-recensione\/"]}]},{"@type":"ImageObject","inLanguage":"it-IT","@id":"https:\/\/www.accuratereviews.com\/it\/piattaforme-no-code\/scriptcase-recensione\/#primaryimage","url":"https:\/\/www.accuratereviews.com\/wp-content\/uploads\/2025\/11\/logo-scriptcase.png.webp","contentUrl":"https:\/\/www.accuratereviews.com\/wp-content\/uploads\/2025\/11\/logo-scriptcase.png.webp","width":299,"height":252},{"@type":"BreadcrumbList","@id":"https:\/\/www.accuratereviews.com\/it\/piattaforme-no-code\/scriptcase-recensione\/#breadcrumb","itemListElement":[{"@type":"ListItem","position":1,"name":"Home","item":"https:\/\/www.accuratereviews.com\/it\/"},{"@type":"ListItem","position":2,"name":"Piattaforme no-code","item":"https:\/\/www.accuratereviews.com\/it\/piattaforme-no-code\/"},{"@type":"ListItem","position":3,"name":"Scriptcase"}]},{"@type":"WebSite","@id":"https:\/\/www.accuratereviews.com\/it\/#website","url":"https:\/\/www.accuratereviews.com\/it\/","name":"Accurate Reviews","description":"","potentialAction":[{"@type":"SearchAction","target":{"@type":"EntryPoint","urlTemplate":"https:\/\/www.accuratereviews.com\/it\/?s={search_term_string}"},"query-input":{"@type":"PropertyValueSpecification","valueRequired":true,"valueName":"search_term_string"}}],"inLanguage":"it-IT"}]}},"_links":{"self":[{"href":"https:\/\/www.accuratereviews.com\/it\/wp-json\/wp\/v2\/pages\/104837","targetHints":{"allow":["GET"]}}],"collection":[{"href":"https:\/\/www.accuratereviews.com\/it\/wp-json\/wp\/v2\/pages"}],"about":[{"href":"https:\/\/www.accuratereviews.com\/it\/wp-json\/wp\/v2\/types\/page"}],"author":[{"embeddable":true,"href":"https:\/\/www.accuratereviews.com\/it\/wp-json\/wp\/v2\/users\/19"}],"replies":[{"embeddable":true,"href":"https:\/\/www.accuratereviews.com\/it\/wp-json\/wp\/v2\/comments?post=104837"}],"version-history":[{"count":6,"href":"https:\/\/www.accuratereviews.com\/it\/wp-json\/wp\/v2\/pages\/104837\/revisions"}],"predecessor-version":[{"id":104872,"href":"https:\/\/www.accuratereviews.com\/it\/wp-json\/wp\/v2\/pages\/104837\/revisions\/104872"}],"up":[{"embeddable":true,"href":"https:\/\/www.accuratereviews.com\/it\/wp-json\/wp\/v2\/pages\/99993"}],"wp:featuredmedia":[{"embeddable":true,"href":"https:\/\/www.accuratereviews.com\/it\/wp-json\/wp\/v2\/media\/104838"}],"wp:attachment":[{"href":"https:\/\/www.accuratereviews.com\/it\/wp-json\/wp\/v2\/media?parent=104837"}],"wp:term":[{"taxonomy":"category","embeddable":true,"href":"https:\/\/www.accuratereviews.com\/it\/wp-json\/wp\/v2\/categories?post=104837"},{"taxonomy":"post_tag","embeddable":true,"href":"https:\/\/www.accuratereviews.com\/it\/wp-json\/wp\/v2\/tags?post=104837"},{"taxonomy":"features","embeddable":true,"href":"https:\/\/www.accuratereviews.com\/it\/wp-json\/wp\/v2\/features?post=104837"}],"curies":[{"name":"wp","href":"https:\/\/api.w.org\/{rel}","templated":true}]}}