{"id":104862,"date":"2025-11-06T18:49:19","date_gmt":"2025-11-06T18:49:19","guid":{"rendered":"https:\/\/www.accuratereviews.com\/?page_id=104862"},"modified":"2025-11-06T18:49:19","modified_gmt":"2025-11-06T18:49:19","slug":"checkbox-recensione","status":"publish","type":"page","link":"https:\/\/www.accuratereviews.com\/it\/piattaforme-no-code\/checkbox-recensione\/","title":{"rendered":"Checkbox"},"content":{"rendered":"<p><strong>Checkbox<\/strong> \u00e8 una piattaforma pluripremiata che<strong> non richiede codice<\/strong> e che consente agli utenti di creare le proprie app aziendali per l&#8217;automazione dei processi. Utilizzando il drag-and-drop, gli utenti creano soluzioni che consentono ai team legali di fare di pi\u00f9 con meno risorse, offrendo al contempo un&#8217;esperienza cliente superiore, semplificando i processi manuali degli esperti o fornendo applicazioni self-service rivolte al cliente.<br \/>\nLe applicazioni <strong>Checkbox<\/strong> vengono utilizzate per automatizzare la consulenza, digitalizzare i flussi di lavoro di approvazione, condurre valutazioni ponderate del rischio, facilitare l&#8217;acquisizione e il triage e generare documenti e notifiche.<\/p>\n<h2>CHECKBOX &#8211; TUTORIAL<\/h2>\n<div id=\"fluid-wrapper-counter-1\" class=\"g1-fluid-wrapper \" style=\"width:686px;\">\n<div style=\"padding-bottom:56.268221574344%;\"><iframe loading=\"lazy\" title=\"The Future of Legal Work is Here: AI Software for Lawyers\" width=\"686\" height=\"386\" src=\"https:\/\/www.youtube.com\/embed\/RBVQ-SOymqs?feature=oembed&amp;wmode=transparent&amp;autohide=1&amp;autoplay=0&amp;disablekb=0&amp;fs=1&amp;loop=0&amp;enablejsapi=1&amp;rel=0&amp;controls=2&amp;showinfo=0&amp;wmode=transparent&amp;autohide=2&amp;autoplay=0&amp;disablekb=0&amp;fs=1&amp;loop=0&amp;enablejsapi=1&amp;rel=0&amp;controls=2&amp;showinfo=1\" frameborder=\"0\" allow=\"accelerometer; autoplay; clipboard-write; encrypted-media; gyroscope; picture-in-picture; web-share\" referrerpolicy=\"strict-origin-when-cross-origin\" allowfullscreen><\/iframe><\/div>\n<\/div>\n<h3>CHECKBOX &#8211; CARATTERISTICHE<\/h3>\n<ul>\n<li><strong>Stati, campi e bacheche personalizzati:<\/strong> migliora la raccolta dati iniziale per le pratiche con stati, campi e bacheche personalizzati per supportare i flussi di lavoro di acquisizione e triage.<\/li>\n<li><strong>Caselle di posta collegate<\/strong>: semplifica lo smistamento delle email collegando automaticamente le email ai documenti, in modo da poter cercare e recuperare rapidamente le informazioni.<\/li>\n<li><strong>Viste configurabili:<\/strong> ordina e filtra tutte le pratiche legali in base a una vista personalizzata, come categoria, stato e priorit\u00e0, per adattare la configurazione del software di acquisizione alle tue esigenze specifiche.<\/li>\n<li><strong>Database<\/strong>: archivia, accedi e aggiorna i dati da una fonte condivisa per potenziare i tuoi flussi di lavoro digitali e supportare l&#8217;automazione dell&#8217;acquisizione legale.<\/li>\n<li><strong>Mappatura dei processi senza codice<\/strong>: crea flussi di lavoro digitali utilizzando un&#8217;interfaccia drag-and-drop per creare una logica di acquisizione automatizzata e mappare visivamente i passaggi e il flusso delle attivit\u00e0.<\/li>\n<li><strong>Flussi di lavoro complessi:<\/strong> supporta i processi di acquisizione di casi reali con flussi di lavoro lineari, paralleli e basati su trigger, personalizzati in base alle modalit\u00e0 di lavoro del tuo team legale.<\/li>\n<li><strong>Report personalizzabili:<\/strong> genera rapidamente report e visualizzazioni personalizzati in base alle metriche specifiche del tuo team per rafforzare la tua analisi delle prestazioni di acquisizione legale.<\/li>\n<li><strong>Report modello<\/strong>: salta la configurazione e inizia subito a monitorare le prestazioni con report di acquisizione legale pronti all&#8217;uso, basati su metriche standard del settore.<\/li>\n<li><strong>Analisi e Tendenze<\/strong>: ottieni visibilit\u00e0 sul volume, lo stato e la tipologia delle pratiche con l&#8217;analisi delle richieste, cos\u00ec puoi individuare facilmente tendenze, individuare lacune e migliorare la tua strategia di gestione delle pratiche legali.<\/li>\n<\/ul>\n<h4>LE RECENSIONI DEGLI UTENTI<\/h4>\n<p><strong>Martin &#8220;Ottimo software&#8221;<\/strong><br \/>\nLa nostra esperienza \u00e8 stata fantastica. I nostri processi sono stati implementati facilmente nel software e i nostri contratti sono stati gestiti solo tramite esso.<br \/>\n<strong>Pro<\/strong>: checkbox \u00e8 stato estremamente facile da implementare nel nostro team. I suoi moduli permettono ai membri del team di organizzare facilmente ogni attivit\u00e0 e lo sviluppo di ciascuno.<br \/>\n<strong>Contro<\/strong>: sicuramente la limitazione della personalizzazione \u00e8 stata un grosso svantaggio, ma \u00e8 molto facile da aggirare.<\/p>\n<p><strong>Chourouk &#8220;Strumenti fantastici per qualsiasi esigenza aziendale&#8221;<\/strong><br \/>\nStrumenti flessibili e facili da usare, con funzionalit\u00e0 affidabili per soddisfare tutte le esigenze aziendali e di gestione dei progetti.<br \/>\n<strong>Pro<\/strong>: Checkbox trasforma la gestione di progetti complessi in un&#8217;operazione semplice, che ci consente di gestire pi\u00f9 progetti senza problemi. L&#8217;avanzamento del progetto, il report di avanzamento e le milestone sono facili da consultare e rivedere.<br \/>\n<strong>Contro<\/strong>: Nessun problema o funzionalit\u00e0 mancante. Sono necessari alcuni aggiornamenti e upgrade per adattarlo alle nuove tecnologie.<\/p>\n<p><strong>Marjo &#8220;La mia esperienza con Checkbox&#8221;<\/strong><br \/>\n<strong>Pro<\/strong>: mi piacciono le funzionalit\u00e0 di automazione del flusso di lavoro di Checkbox. Il software \u00e8 fantastico, dalla facilit\u00e0 di implementazione alla comprensione del suo funzionamento.<br \/>\n<strong>Contro<\/strong>: Checkbox soddisfa tutti i requisiti. \u00c8 uno strumento straordinario.<\/p>\n","protected":false},"excerpt":{"rendered":"<p>Checkbox \u00e8 una piattaforma pluripremiata che non richiede codice e che consente agli utenti di creare le proprie app aziendali per l&#8217;automazione dei processi. Utilizzando il drag-and-drop, gli utenti creano soluzioni che consentono ai team legali di fare di pi\u00f9 con meno risorse, offrendo al contempo un&#8217;esperienza cliente superiore, semplificando i processi manuali degli esperti o fornendo applicazioni self-service rivolte al cliente.<\/p>\n","protected":false},"author":19,"featured_media":104864,"parent":99993,"menu_order":0,"comment_status":"open","ping_status":"closed","template":"g1_template_page_review_new.php","meta":{"_acf_changed":false,"cwp_meta_box_check":"Yes","cwp_rev_product_name":"","cwp_rev_product_image":"","wppr_links":[],"cwp_rev_price":"0.00","wppr_options":[{"name":"Usability","value":"0"},{"name":"Speed","value":"0"},{"name":"Features","value":"0"},{"name":"Support","value":"0"},{"name":"Pricing","value":"0"}],"wppr_pros":["","","","",""],"wppr_cons":["","","","",""],"_monsterinsights_skip_tracking":false,"_monsterinsights_sitenote_active":false,"_monsterinsights_sitenote_note":"","_monsterinsights_sitenote_category":0,"footnotes":""},"categories":[16551],"tags":[16720,16554,16571,16573,16556,16572],"features":[],"class_list":{"0":"post-104862","1":"page","2":"type-page","3":"status-publish","4":"has-post-thumbnail","6":"category-piattaforme-no-code-cat","7":"tag-checkbox","8":"tag-no-code","9":"tag-piattaforma-no-code","10":"tag-programma-no-code","11":"tag-software-no-code","12":"tag-soluzione-no-code"},"wppr_data":{"cwp_meta_box_check":"Yes","_wppr_review_template":"default","cwp_rev_product_image":"","cwp_image_link":"image","wppr_links":[],"cwp_rev_price":"0.00","wppr_pros":["","","","",""],"wppr_cons":["","","","",""],"wppr_rating":"0.00","wppr_options":{"1":{"name":"Usability","value":"0"},"2":{"name":"Speed","value":"0"},"3":{"name":"Features","value":"0"},"4":{"name":"Support","value":"0"},"5":{"name":"Pricing","value":"0"}},"wppr_review_type":"Product","wppr_review_custom_fields":{"additionalProperty":"","additionalType":"","aggregateRating":"","alternateName":"","audience":"","award":"","awards":"","brand":"","color":"","depth":"","description":"","disambiguatingDescription":"","gtin12":"","gtin13":"","gtin14":"","gtin8":"","height":"","identifier":"","image":"","isAccessoryOrSparePartFor":"","isConsumableFor":"","isRelatedTo":"","isSimilarTo":"","itemCondition":"","logo":"","mainEntityOfPage":"","manufacturer":"","material":"","model":"","mpn":"","name":"","offers":"","potentialAction":"","productID":"","productionDate":"","purchaseDate":"","releaseDate":"","review":"","reviews":"","sameAs":"","sku":"","slogan":"","subjectOf":"","url":"","weight":"","width":""}},"acf":[],"yoast_head":"<!-- This site is optimized with the Yoast SEO plugin v27.4 - https:\/\/yoast.com\/product\/yoast-seo-wordpress\/ -->\n<title>Checkbox: recensione piattaforma no code - Accurate Reviews<\/title>\n<meta name=\"description\" content=\"Checkbox: recensione piattaforma che consente agli utenti di creare app aziendali per l&#039;automazione dei processi senza uso di codice.\" \/>\n<meta name=\"robots\" content=\"index, follow, max-snippet:-1, max-image-preview:large, max-video-preview:-1\" \/>\n<link rel=\"canonical\" href=\"https:\/\/www.accuratereviews.com\/it\/piattaforme-no-code\/checkbox-recensione\/\" \/>\n<meta property=\"og:locale\" content=\"it_IT\" \/>\n<meta property=\"og:type\" content=\"article\" \/>\n<meta property=\"og:title\" content=\"Checkbox: recensione piattaforma no code - Accurate Reviews\" \/>\n<meta property=\"og:description\" content=\"Checkbox: recensione piattaforma che consente agli utenti di creare app aziendali per l&#039;automazione dei processi senza uso di codice.\" \/>\n<meta property=\"og:url\" content=\"https:\/\/www.accuratereviews.com\/it\/piattaforme-no-code\/checkbox-recensione\/\" \/>\n<meta property=\"og:site_name\" content=\"Accurate Reviews\" \/>\n<meta name=\"twitter:card\" content=\"summary_large_image\" \/>\n<meta name=\"twitter:label1\" content=\"Tempo di lettura stimato\" \/>\n\t<meta name=\"twitter:data1\" content=\"4 minuti\" \/>\n<script type=\"application\/ld+json\" class=\"yoast-schema-graph\">{\"@context\":\"https:\\\/\\\/schema.org\",\"@graph\":[{\"@type\":\"WebPage\",\"@id\":\"https:\\\/\\\/www.accuratereviews.com\\\/it\\\/piattaforme-no-code\\\/checkbox-recensione\\\/\",\"url\":\"https:\\\/\\\/www.accuratereviews.com\\\/it\\\/piattaforme-no-code\\\/checkbox-recensione\\\/\",\"name\":\"Checkbox: recensione piattaforma no code - Accurate Reviews\",\"isPartOf\":{\"@id\":\"https:\\\/\\\/www.accuratereviews.com\\\/it\\\/#website\"},\"primaryImageOfPage\":{\"@id\":\"https:\\\/\\\/www.accuratereviews.com\\\/it\\\/piattaforme-no-code\\\/checkbox-recensione\\\/#primaryimage\"},\"image\":{\"@id\":\"https:\\\/\\\/www.accuratereviews.com\\\/it\\\/piattaforme-no-code\\\/checkbox-recensione\\\/#primaryimage\"},\"thumbnailUrl\":\"https:\\\/\\\/www.accuratereviews.com\\\/wp-content\\\/uploads\\\/2025\\\/11\\\/Checkbox.avif\",\"datePublished\":\"2025-11-06T18:49:19+00:00\",\"description\":\"Checkbox: recensione piattaforma che consente agli utenti di creare app aziendali per l'automazione dei processi senza uso di codice.\",\"breadcrumb\":{\"@id\":\"https:\\\/\\\/www.accuratereviews.com\\\/it\\\/piattaforme-no-code\\\/checkbox-recensione\\\/#breadcrumb\"},\"inLanguage\":\"it-IT\",\"potentialAction\":[{\"@type\":\"ReadAction\",\"target\":[\"https:\\\/\\\/www.accuratereviews.com\\\/it\\\/piattaforme-no-code\\\/checkbox-recensione\\\/\"]}]},{\"@type\":\"ImageObject\",\"inLanguage\":\"it-IT\",\"@id\":\"https:\\\/\\\/www.accuratereviews.com\\\/it\\\/piattaforme-no-code\\\/checkbox-recensione\\\/#primaryimage\",\"url\":\"https:\\\/\\\/www.accuratereviews.com\\\/wp-content\\\/uploads\\\/2025\\\/11\\\/Checkbox.avif\",\"contentUrl\":\"https:\\\/\\\/www.accuratereviews.com\\\/wp-content\\\/uploads\\\/2025\\\/11\\\/Checkbox.avif\",\"width\":270,\"height\":260},{\"@type\":\"BreadcrumbList\",\"@id\":\"https:\\\/\\\/www.accuratereviews.com\\\/it\\\/piattaforme-no-code\\\/checkbox-recensione\\\/#breadcrumb\",\"itemListElement\":[{\"@type\":\"ListItem\",\"position\":1,\"name\":\"Home\",\"item\":\"https:\\\/\\\/www.accuratereviews.com\\\/it\\\/\"},{\"@type\":\"ListItem\",\"position\":2,\"name\":\"Piattaforme no-code\",\"item\":\"https:\\\/\\\/www.accuratereviews.com\\\/it\\\/piattaforme-no-code\\\/\"},{\"@type\":\"ListItem\",\"position\":3,\"name\":\"Checkbox\"}]},{\"@type\":\"WebSite\",\"@id\":\"https:\\\/\\\/www.accuratereviews.com\\\/it\\\/#website\",\"url\":\"https:\\\/\\\/www.accuratereviews.com\\\/it\\\/\",\"name\":\"Accurate Reviews\",\"description\":\"\",\"potentialAction\":[{\"@type\":\"SearchAction\",\"target\":{\"@type\":\"EntryPoint\",\"urlTemplate\":\"https:\\\/\\\/www.accuratereviews.com\\\/it\\\/?s={search_term_string}\"},\"query-input\":{\"@type\":\"PropertyValueSpecification\",\"valueRequired\":true,\"valueName\":\"search_term_string\"}}],\"inLanguage\":\"it-IT\"}]}<\/script>\n<!-- \/ Yoast SEO plugin. -->","yoast_head_json":{"title":"Checkbox: recensione piattaforma no code - Accurate Reviews","description":"Checkbox: recensione piattaforma che consente agli utenti di creare app aziendali per l'automazione dei processi senza uso di codice.","robots":{"index":"index","follow":"follow","max-snippet":"max-snippet:-1","max-image-preview":"max-image-preview:large","max-video-preview":"max-video-preview:-1"},"canonical":"https:\/\/www.accuratereviews.com\/it\/piattaforme-no-code\/checkbox-recensione\/","og_locale":"it_IT","og_type":"article","og_title":"Checkbox: recensione piattaforma no code - Accurate Reviews","og_description":"Checkbox: recensione piattaforma che consente agli utenti di creare app aziendali per l'automazione dei processi senza uso di codice.","og_url":"https:\/\/www.accuratereviews.com\/it\/piattaforme-no-code\/checkbox-recensione\/","og_site_name":"Accurate Reviews","twitter_card":"summary_large_image","twitter_misc":{"Tempo di lettura stimato":"4 minuti"},"schema":{"@context":"https:\/\/schema.org","@graph":[{"@type":"WebPage","@id":"https:\/\/www.accuratereviews.com\/it\/piattaforme-no-code\/checkbox-recensione\/","url":"https:\/\/www.accuratereviews.com\/it\/piattaforme-no-code\/checkbox-recensione\/","name":"Checkbox: recensione piattaforma no code - Accurate Reviews","isPartOf":{"@id":"https:\/\/www.accuratereviews.com\/it\/#website"},"primaryImageOfPage":{"@id":"https:\/\/www.accuratereviews.com\/it\/piattaforme-no-code\/checkbox-recensione\/#primaryimage"},"image":{"@id":"https:\/\/www.accuratereviews.com\/it\/piattaforme-no-code\/checkbox-recensione\/#primaryimage"},"thumbnailUrl":"https:\/\/www.accuratereviews.com\/wp-content\/uploads\/2025\/11\/Checkbox.avif","datePublished":"2025-11-06T18:49:19+00:00","description":"Checkbox: recensione piattaforma che consente agli utenti di creare app aziendali per l'automazione dei processi senza uso di codice.","breadcrumb":{"@id":"https:\/\/www.accuratereviews.com\/it\/piattaforme-no-code\/checkbox-recensione\/#breadcrumb"},"inLanguage":"it-IT","potentialAction":[{"@type":"ReadAction","target":["https:\/\/www.accuratereviews.com\/it\/piattaforme-no-code\/checkbox-recensione\/"]}]},{"@type":"ImageObject","inLanguage":"it-IT","@id":"https:\/\/www.accuratereviews.com\/it\/piattaforme-no-code\/checkbox-recensione\/#primaryimage","url":"https:\/\/www.accuratereviews.com\/wp-content\/uploads\/2025\/11\/Checkbox.avif","contentUrl":"https:\/\/www.accuratereviews.com\/wp-content\/uploads\/2025\/11\/Checkbox.avif","width":270,"height":260},{"@type":"BreadcrumbList","@id":"https:\/\/www.accuratereviews.com\/it\/piattaforme-no-code\/checkbox-recensione\/#breadcrumb","itemListElement":[{"@type":"ListItem","position":1,"name":"Home","item":"https:\/\/www.accuratereviews.com\/it\/"},{"@type":"ListItem","position":2,"name":"Piattaforme no-code","item":"https:\/\/www.accuratereviews.com\/it\/piattaforme-no-code\/"},{"@type":"ListItem","position":3,"name":"Checkbox"}]},{"@type":"WebSite","@id":"https:\/\/www.accuratereviews.com\/it\/#website","url":"https:\/\/www.accuratereviews.com\/it\/","name":"Accurate Reviews","description":"","potentialAction":[{"@type":"SearchAction","target":{"@type":"EntryPoint","urlTemplate":"https:\/\/www.accuratereviews.com\/it\/?s={search_term_string}"},"query-input":{"@type":"PropertyValueSpecification","valueRequired":true,"valueName":"search_term_string"}}],"inLanguage":"it-IT"}]}},"_links":{"self":[{"href":"https:\/\/www.accuratereviews.com\/it\/wp-json\/wp\/v2\/pages\/104862","targetHints":{"allow":["GET"]}}],"collection":[{"href":"https:\/\/www.accuratereviews.com\/it\/wp-json\/wp\/v2\/pages"}],"about":[{"href":"https:\/\/www.accuratereviews.com\/it\/wp-json\/wp\/v2\/types\/page"}],"author":[{"embeddable":true,"href":"https:\/\/www.accuratereviews.com\/it\/wp-json\/wp\/v2\/users\/19"}],"replies":[{"embeddable":true,"href":"https:\/\/www.accuratereviews.com\/it\/wp-json\/wp\/v2\/comments?post=104862"}],"version-history":[{"count":8,"href":"https:\/\/www.accuratereviews.com\/it\/wp-json\/wp\/v2\/pages\/104862\/revisions"}],"predecessor-version":[{"id":104887,"href":"https:\/\/www.accuratereviews.com\/it\/wp-json\/wp\/v2\/pages\/104862\/revisions\/104887"}],"up":[{"embeddable":true,"href":"https:\/\/www.accuratereviews.com\/it\/wp-json\/wp\/v2\/pages\/99993"}],"wp:featuredmedia":[{"embeddable":true,"href":"https:\/\/www.accuratereviews.com\/it\/wp-json\/wp\/v2\/media\/104864"}],"wp:attachment":[{"href":"https:\/\/www.accuratereviews.com\/it\/wp-json\/wp\/v2\/media?parent=104862"}],"wp:term":[{"taxonomy":"category","embeddable":true,"href":"https:\/\/www.accuratereviews.com\/it\/wp-json\/wp\/v2\/categories?post=104862"},{"taxonomy":"post_tag","embeddable":true,"href":"https:\/\/www.accuratereviews.com\/it\/wp-json\/wp\/v2\/tags?post=104862"},{"taxonomy":"features","embeddable":true,"href":"https:\/\/www.accuratereviews.com\/it\/wp-json\/wp\/v2\/features?post=104862"}],"curies":[{"name":"wp","href":"https:\/\/api.w.org\/{rel}","templated":true}]}}