{"id":104876,"date":"2025-11-10T18:06:18","date_gmt":"2025-11-10T18:06:18","guid":{"rendered":"https:\/\/www.accuratereviews.com\/?page_id=104876"},"modified":"2025-12-20T10:23:33","modified_gmt":"2025-12-20T10:23:33","slug":"baserow-recensione","status":"publish","type":"page","link":"https:\/\/www.accuratereviews.com\/it\/piattaforme-no-code\/baserow-recensione\/","title":{"rendered":"Baserow"},"content":{"rendered":"<p><strong>Baserow<\/strong> \u00e8 la<strong> piattaforma open source<\/strong> che ti consente di creare database e applicazioni scalabili <strong>senza codice<\/strong>. Con la soluzione non devi essere un mago della tecnologia per creare database potenti. La sua intuitiva interfaccia drag-and-drop semplifica la progettazione, la personalizzazione e la gestione dei dati per tutti i membri del tuo team. Pi\u00f9 utenti possono lavorare sullo stesso database in tempo reale, garantendo che tutti siano sempre sulla stessa lunghezza d&#8217;onda. Condividi i tuoi progressi con i colleghi, assegna attivit\u00e0 e guarda i tuoi progetti prosperare grazie a una collaborazione fluida. Entra in un regno in cui l&#8217;efficienza incontra la semplicit\u00e0 e lascia che <strong>Baserow<\/strong> trasformi il modo in cui gestisci i dati.<\/p>\n<h2>BASEROW &#8211; TUTORIAL<\/h2>\n<div id=\"fluid-wrapper-counter-1\" class=\"g1-fluid-wrapper \" style=\"width:686px;\">\n<div style=\"padding-bottom:56.268221574344%;\"><iframe loading=\"lazy\" title=\"Introduction to Baserow: How to get started\" width=\"686\" height=\"386\" src=\"https:\/\/www.youtube.com\/embed\/X_3CoteDuaw?feature=oembed&amp;wmode=transparent&amp;autohide=1&amp;autoplay=0&amp;disablekb=0&amp;fs=1&amp;loop=0&amp;enablejsapi=1&amp;rel=0&amp;controls=2&amp;showinfo=0&amp;wmode=transparent&amp;autohide=2&amp;autoplay=0&amp;disablekb=0&amp;fs=1&amp;loop=0&amp;enablejsapi=1&amp;rel=0&amp;controls=2&amp;showinfo=1\" frameborder=\"0\" allow=\"accelerometer; autoplay; clipboard-write; encrypted-media; gyroscope; picture-in-picture; web-share\" referrerpolicy=\"strict-origin-when-cross-origin\" allowfullscreen><\/iframe><\/div>\n<\/div>\n<h3>BASEROW &#8211; CARATTERISTICHE<\/h3>\n<ul>\n<li><strong>Crea relazioni che collegano i dati<\/strong>: stabilisci relazioni tra tabelle di dati utilizzando potenti funzionalit\u00e0 di collegamento. Modifica facilmente dati interconnessi e ricava informazioni da relazioni complesse.<\/li>\n<li><strong>Sfrutta API aperta<\/strong>: sfrutta l&#8217;API aperta per creare integrazioni e applicazioni personalizzate, ottenendo il controllo completo sui tuoi dati e migliorando le tue capacit\u00e0 di gestione dei dati.<\/li>\n<li><strong>Facile da usare<\/strong>: progetta facilmente la tua applicazione trascinando e rilasciando i componenti sul tuo canvas. Che tu stia aggiungendo tabelle, moduli o viste, la nostra interfaccia intuitiva semplifica la personalizzazione.<\/li>\n<li><strong>Crea pi\u00f9 velocemente con i modelli<\/strong>: inizia rapidamente con la libreria di modelli personalizzabili. Dalla gestione dei progetti al marketing e alle soluzioni di prodotto, scegli un modello in linea con le tue esigenze e personalizzalo in base ai tuoi requisiti specifici.<\/li>\n<li><strong>Connettiti a qualsiasi fonte dati<\/strong>: esponi i tuoi dati esistenti localmente o connettiti ad altre fonti dati esterne. Gestisci tutte le tue fonti dati in un unico posto.<\/li>\n<li><strong>Crea nuovi flussi di lavoro<\/strong>: eventi e azioni ti consentono di creare e semplificare flussi di lavoro nuovi o esistenti. Crea call-to-action, notifiche e aggiorna i tuoi dati in tempo reale.<\/li>\n<li><strong>Pubblica istantaneamente<\/strong>: utilizza un dominio gratuito o porta il tuo dominio personalizzato. Aggiorna e pubblica immediatamente le modifiche dell&#8217;applicazione.<\/li>\n<li><strong>Visualizza ci\u00f2 che conta di pi\u00f9<\/strong>: guarda i tuoi dati prendere vita con dashboard interattive. Personalizza le visualizzazioni, filtra gli insight e concentrati sui KPI che guidano il tuo successo.<\/li>\n<li><strong>Senza codice e completamente personalizzabile<\/strong>: trascina, rilascia e configura dashboard personalizzate in base al tuo flusso di lavoro, senza bisogno di scrivere codice.<\/li>\n<li><strong>Collabora e condividi in tempo reale<\/strong>: offri al tuo team accesso immediato alle informazioni di cui ha bisogno. Condividi i dati in modo sicuro, gestisci le autorizzazioni e mantieni tutti allineati.<\/li>\n<li><strong>Integra l&#8217;intelligenza artificiale nelle tue operazioni sui dati<\/strong>: il campo AI di Baserow ti consente di generare brief creativi, riassumere informazioni e altro ancora, direttamente all&#8217;interno del tuo spazio di lavoro.<\/li>\n<li><strong>Collaborazione sicura<\/strong>: riduci i rischi applicando controlli di sicurezza e governance dei dati, consentendo una collaborazione sicura tra team interni ed esterni.<\/li>\n<li><strong>Amministrazione efficiente<\/strong>: riduci al minimo i costi IT e gestisci la tua istanza in modo fluido e su larga scala.<\/li>\n<li><strong>Gestione efficace delle modifiche<\/strong>: implementa un solido controllo degli accessi basato sui ruoli (RBAC) e autorizzazioni per gestire contenuti, utilizzo e accesso degli utenti in tutta sicurezza.<\/li>\n<\/ul>\n<h4>LE RECENSIONI DEGLI UTENTI<\/h4>\n<p><strong>Cameron&#8221;Il modo pi\u00f9 semplice per impostare un database&#8221;<\/strong><br \/>\n<strong>Pro<\/strong>: mi piace il fatto di poter creare un database senza molto lavoro e di avere a disposizione anche un&#8217;API completa per utilizzare i dati in un&#8217;app.<br \/>\n<strong>Contro<\/strong>: una cosa che mi piacerebbe vedere in Baserow sono pi\u00f9 personalizzazioni con il CSS dell&#8217;App Builder. Questo lo renderebbe migliore.<\/p>\n<p><strong>Anshuman&#8221;Ottima piattaforma per l&#8217;uso del backend&#8221;<\/strong><br \/>\n<strong>Pro<\/strong>: l&#8217;implementazione di Baserow \u00e8 stata rapida ed economica, in quanto ci sono voluti appena 30 minuti per passare dal nostro database retr\u00f2, Airtable, a Baserow.<br \/>\n<strong>Contro<\/strong>: la documentazione dovrebbe contenere esempi per Java e Kotlin utilizzati nello sviluppo Android. Android detiene una quota sostanziale nel mercato dello sviluppo di app. Quindi dovrebbero essere forniti esempi e, se possibile, dovrebbe essere sviluppato e mantenuto un Android SDK.<\/p>\n<p><strong>Adel&#8221;Recensione di Adel&#8221;<\/strong><br \/>\n<strong>Pro<\/strong>: ricco di funzionalit\u00e0, pi\u00f9 utenti raggruppati, collegamento per attivit\u00e0 e utenti<br \/>\n<strong>Contro<\/strong>: complessit\u00e0 di utilizzo per i principianti e molte finestre sullo schermo<\/p>\n","protected":false},"excerpt":{"rendered":"<p>Baserow \u00e8 la piattaforma open source che ti consente di creare database e applicazioni scalabili senza codice. Con la soluzione non devi essere un mago della tecnologia per creare database potenti. La sua intuitiva interfaccia drag-and-drop semplifica la progettazione, la personalizzazione e la gestione dei dati per tutti i membri del tuo team.<\/p>\n","protected":false},"author":19,"featured_media":104878,"parent":99993,"menu_order":0,"comment_status":"open","ping_status":"closed","template":"g1_template_page_review_new.php","meta":{"_acf_changed":false,"cwp_meta_box_check":"Yes","cwp_rev_product_name":"","cwp_rev_product_image":"","wppr_links":[],"cwp_rev_price":"0.00","wppr_options":[{"name":"Usability","value":"0"},{"name":"Speed","value":"0"},{"name":"Features","value":"0"},{"name":"Support","value":"0"},{"name":"Pricing","value":"0"}],"wppr_pros":["","","","",""],"wppr_cons":["","","","",""],"_monsterinsights_skip_tracking":false,"_monsterinsights_sitenote_active":false,"_monsterinsights_sitenote_note":"","_monsterinsights_sitenote_category":0,"footnotes":""},"categories":[16551],"tags":[16721,16554,16571,16573,16556,16572],"features":[],"class_list":{"0":"post-104876","1":"page","2":"type-page","3":"status-publish","4":"has-post-thumbnail","6":"category-piattaforme-no-code-cat","7":"tag-baserow","8":"tag-no-code","9":"tag-piattaforma-no-code","10":"tag-programma-no-code","11":"tag-software-no-code","12":"tag-soluzione-no-code"},"wppr_data":{"cwp_meta_box_check":"Yes","_wppr_review_template":"default","cwp_rev_product_image":"","cwp_image_link":"image","wppr_links":[],"cwp_rev_price":"0.00","wppr_pros":["","","","",""],"wppr_cons":["","","","",""],"wppr_rating":"0.00","wppr_options":{"1":{"name":"Usability","value":"0"},"2":{"name":"Speed","value":"0"},"3":{"name":"Features","value":"0"},"4":{"name":"Support","value":"0"},"5":{"name":"Pricing","value":"0"}},"wppr_review_type":"Product","wppr_review_custom_fields":{"additionalProperty":"","additionalType":"","aggregateRating":"","alternateName":"","audience":"","award":"","awards":"","brand":"","color":"","depth":"","description":"","disambiguatingDescription":"","gtin12":"","gtin13":"","gtin14":"","gtin8":"","height":"","identifier":"","image":"","isAccessoryOrSparePartFor":"","isConsumableFor":"","isRelatedTo":"","isSimilarTo":"","itemCondition":"","logo":"","mainEntityOfPage":"","manufacturer":"","material":"","model":"","mpn":"","name":"","offers":"","potentialAction":"","productID":"","productionDate":"","purchaseDate":"","releaseDate":"","review":"","reviews":"","sameAs":"","sku":"","slogan":"","subjectOf":"","url":"","weight":"","width":""}},"acf":[],"yoast_head":"<!-- This site is optimized with the Yoast SEO plugin v27.4 - https:\/\/yoast.com\/product\/yoast-seo-wordpress\/ -->\n<title>Baserow: recensione piattaforma no-code - Accurate Reviews<\/title>\n<meta name=\"description\" content=\"Baserow: recensione piattaforma open source che ti consente di creare database e applicazioni scalabili senza codice.\" \/>\n<meta name=\"robots\" content=\"index, follow, max-snippet:-1, max-image-preview:large, max-video-preview:-1\" \/>\n<link rel=\"canonical\" href=\"https:\/\/www.accuratereviews.com\/it\/piattaforme-no-code\/baserow-recensione\/\" \/>\n<meta property=\"og:locale\" content=\"it_IT\" \/>\n<meta property=\"og:type\" content=\"article\" \/>\n<meta property=\"og:title\" content=\"Baserow: recensione piattaforma no-code - Accurate Reviews\" \/>\n<meta property=\"og:description\" content=\"Baserow: recensione piattaforma open source che ti consente di creare database e applicazioni scalabili senza codice.\" \/>\n<meta property=\"og:url\" content=\"https:\/\/www.accuratereviews.com\/it\/piattaforme-no-code\/baserow-recensione\/\" \/>\n<meta property=\"og:site_name\" content=\"Accurate Reviews\" \/>\n<meta property=\"article:modified_time\" content=\"2025-12-20T10:23:33+00:00\" \/>\n<meta property=\"og:image\" content=\"https:\/\/www.accuratereviews.com\/wp-content\/uploads\/2025\/11\/Baserow.png\" \/>\n\t<meta property=\"og:image:width\" content=\"808\" \/>\n\t<meta property=\"og:image:height\" content=\"400\" \/>\n\t<meta property=\"og:image:type\" content=\"image\/png\" \/>\n<meta name=\"twitter:card\" content=\"summary_large_image\" \/>\n<meta name=\"twitter:label1\" content=\"Tempo di lettura stimato\" \/>\n\t<meta name=\"twitter:data1\" content=\"5 minuti\" \/>\n<script type=\"application\/ld+json\" class=\"yoast-schema-graph\">{\"@context\":\"https:\\\/\\\/schema.org\",\"@graph\":[{\"@type\":\"WebPage\",\"@id\":\"https:\\\/\\\/www.accuratereviews.com\\\/it\\\/piattaforme-no-code\\\/baserow-recensione\\\/\",\"url\":\"https:\\\/\\\/www.accuratereviews.com\\\/it\\\/piattaforme-no-code\\\/baserow-recensione\\\/\",\"name\":\"Baserow: recensione piattaforma no-code - Accurate Reviews\",\"isPartOf\":{\"@id\":\"https:\\\/\\\/www.accuratereviews.com\\\/it\\\/#website\"},\"primaryImageOfPage\":{\"@id\":\"https:\\\/\\\/www.accuratereviews.com\\\/it\\\/piattaforme-no-code\\\/baserow-recensione\\\/#primaryimage\"},\"image\":{\"@id\":\"https:\\\/\\\/www.accuratereviews.com\\\/it\\\/piattaforme-no-code\\\/baserow-recensione\\\/#primaryimage\"},\"thumbnailUrl\":\"https:\\\/\\\/www.accuratereviews.com\\\/wp-content\\\/uploads\\\/2025\\\/11\\\/Baserow.png\",\"datePublished\":\"2025-11-10T18:06:18+00:00\",\"dateModified\":\"2025-12-20T10:23:33+00:00\",\"description\":\"Baserow: recensione piattaforma open source che ti consente di creare database e applicazioni scalabili senza codice.\",\"breadcrumb\":{\"@id\":\"https:\\\/\\\/www.accuratereviews.com\\\/it\\\/piattaforme-no-code\\\/baserow-recensione\\\/#breadcrumb\"},\"inLanguage\":\"it-IT\",\"potentialAction\":[{\"@type\":\"ReadAction\",\"target\":[\"https:\\\/\\\/www.accuratereviews.com\\\/it\\\/piattaforme-no-code\\\/baserow-recensione\\\/\"]}]},{\"@type\":\"ImageObject\",\"inLanguage\":\"it-IT\",\"@id\":\"https:\\\/\\\/www.accuratereviews.com\\\/it\\\/piattaforme-no-code\\\/baserow-recensione\\\/#primaryimage\",\"url\":\"https:\\\/\\\/www.accuratereviews.com\\\/wp-content\\\/uploads\\\/2025\\\/11\\\/Baserow.png\",\"contentUrl\":\"https:\\\/\\\/www.accuratereviews.com\\\/wp-content\\\/uploads\\\/2025\\\/11\\\/Baserow.png\",\"width\":808,\"height\":400},{\"@type\":\"BreadcrumbList\",\"@id\":\"https:\\\/\\\/www.accuratereviews.com\\\/it\\\/piattaforme-no-code\\\/baserow-recensione\\\/#breadcrumb\",\"itemListElement\":[{\"@type\":\"ListItem\",\"position\":1,\"name\":\"Home\",\"item\":\"https:\\\/\\\/www.accuratereviews.com\\\/it\\\/\"},{\"@type\":\"ListItem\",\"position\":2,\"name\":\"Piattaforme no-code\",\"item\":\"https:\\\/\\\/www.accuratereviews.com\\\/it\\\/piattaforme-no-code\\\/\"},{\"@type\":\"ListItem\",\"position\":3,\"name\":\"Baserow\"}]},{\"@type\":\"WebSite\",\"@id\":\"https:\\\/\\\/www.accuratereviews.com\\\/it\\\/#website\",\"url\":\"https:\\\/\\\/www.accuratereviews.com\\\/it\\\/\",\"name\":\"Accurate Reviews\",\"description\":\"\",\"potentialAction\":[{\"@type\":\"SearchAction\",\"target\":{\"@type\":\"EntryPoint\",\"urlTemplate\":\"https:\\\/\\\/www.accuratereviews.com\\\/it\\\/?s={search_term_string}\"},\"query-input\":{\"@type\":\"PropertyValueSpecification\",\"valueRequired\":true,\"valueName\":\"search_term_string\"}}],\"inLanguage\":\"it-IT\"}]}<\/script>\n<!-- \/ Yoast SEO plugin. -->","yoast_head_json":{"title":"Baserow: recensione piattaforma no-code - Accurate Reviews","description":"Baserow: recensione piattaforma open source che ti consente di creare database e applicazioni scalabili senza codice.","robots":{"index":"index","follow":"follow","max-snippet":"max-snippet:-1","max-image-preview":"max-image-preview:large","max-video-preview":"max-video-preview:-1"},"canonical":"https:\/\/www.accuratereviews.com\/it\/piattaforme-no-code\/baserow-recensione\/","og_locale":"it_IT","og_type":"article","og_title":"Baserow: recensione piattaforma no-code - Accurate Reviews","og_description":"Baserow: recensione piattaforma open source che ti consente di creare database e applicazioni scalabili senza codice.","og_url":"https:\/\/www.accuratereviews.com\/it\/piattaforme-no-code\/baserow-recensione\/","og_site_name":"Accurate Reviews","article_modified_time":"2025-12-20T10:23:33+00:00","og_image":[{"width":808,"height":400,"url":"https:\/\/www.accuratereviews.com\/wp-content\/uploads\/2025\/11\/Baserow.png","type":"image\/png"}],"twitter_card":"summary_large_image","twitter_misc":{"Tempo di lettura stimato":"5 minuti"},"schema":{"@context":"https:\/\/schema.org","@graph":[{"@type":"WebPage","@id":"https:\/\/www.accuratereviews.com\/it\/piattaforme-no-code\/baserow-recensione\/","url":"https:\/\/www.accuratereviews.com\/it\/piattaforme-no-code\/baserow-recensione\/","name":"Baserow: recensione piattaforma no-code - Accurate Reviews","isPartOf":{"@id":"https:\/\/www.accuratereviews.com\/it\/#website"},"primaryImageOfPage":{"@id":"https:\/\/www.accuratereviews.com\/it\/piattaforme-no-code\/baserow-recensione\/#primaryimage"},"image":{"@id":"https:\/\/www.accuratereviews.com\/it\/piattaforme-no-code\/baserow-recensione\/#primaryimage"},"thumbnailUrl":"https:\/\/www.accuratereviews.com\/wp-content\/uploads\/2025\/11\/Baserow.png","datePublished":"2025-11-10T18:06:18+00:00","dateModified":"2025-12-20T10:23:33+00:00","description":"Baserow: recensione piattaforma open source che ti consente di creare database e applicazioni scalabili senza codice.","breadcrumb":{"@id":"https:\/\/www.accuratereviews.com\/it\/piattaforme-no-code\/baserow-recensione\/#breadcrumb"},"inLanguage":"it-IT","potentialAction":[{"@type":"ReadAction","target":["https:\/\/www.accuratereviews.com\/it\/piattaforme-no-code\/baserow-recensione\/"]}]},{"@type":"ImageObject","inLanguage":"it-IT","@id":"https:\/\/www.accuratereviews.com\/it\/piattaforme-no-code\/baserow-recensione\/#primaryimage","url":"https:\/\/www.accuratereviews.com\/wp-content\/uploads\/2025\/11\/Baserow.png","contentUrl":"https:\/\/www.accuratereviews.com\/wp-content\/uploads\/2025\/11\/Baserow.png","width":808,"height":400},{"@type":"BreadcrumbList","@id":"https:\/\/www.accuratereviews.com\/it\/piattaforme-no-code\/baserow-recensione\/#breadcrumb","itemListElement":[{"@type":"ListItem","position":1,"name":"Home","item":"https:\/\/www.accuratereviews.com\/it\/"},{"@type":"ListItem","position":2,"name":"Piattaforme no-code","item":"https:\/\/www.accuratereviews.com\/it\/piattaforme-no-code\/"},{"@type":"ListItem","position":3,"name":"Baserow"}]},{"@type":"WebSite","@id":"https:\/\/www.accuratereviews.com\/it\/#website","url":"https:\/\/www.accuratereviews.com\/it\/","name":"Accurate Reviews","description":"","potentialAction":[{"@type":"SearchAction","target":{"@type":"EntryPoint","urlTemplate":"https:\/\/www.accuratereviews.com\/it\/?s={search_term_string}"},"query-input":{"@type":"PropertyValueSpecification","valueRequired":true,"valueName":"search_term_string"}}],"inLanguage":"it-IT"}]}},"_links":{"self":[{"href":"https:\/\/www.accuratereviews.com\/it\/wp-json\/wp\/v2\/pages\/104876","targetHints":{"allow":["GET"]}}],"collection":[{"href":"https:\/\/www.accuratereviews.com\/it\/wp-json\/wp\/v2\/pages"}],"about":[{"href":"https:\/\/www.accuratereviews.com\/it\/wp-json\/wp\/v2\/types\/page"}],"author":[{"embeddable":true,"href":"https:\/\/www.accuratereviews.com\/it\/wp-json\/wp\/v2\/users\/19"}],"replies":[{"embeddable":true,"href":"https:\/\/www.accuratereviews.com\/it\/wp-json\/wp\/v2\/comments?post=104876"}],"version-history":[{"count":11,"href":"https:\/\/www.accuratereviews.com\/it\/wp-json\/wp\/v2\/pages\/104876\/revisions"}],"predecessor-version":[{"id":105752,"href":"https:\/\/www.accuratereviews.com\/it\/wp-json\/wp\/v2\/pages\/104876\/revisions\/105752"}],"up":[{"embeddable":true,"href":"https:\/\/www.accuratereviews.com\/it\/wp-json\/wp\/v2\/pages\/99993"}],"wp:featuredmedia":[{"embeddable":true,"href":"https:\/\/www.accuratereviews.com\/it\/wp-json\/wp\/v2\/media\/104878"}],"wp:attachment":[{"href":"https:\/\/www.accuratereviews.com\/it\/wp-json\/wp\/v2\/media?parent=104876"}],"wp:term":[{"taxonomy":"category","embeddable":true,"href":"https:\/\/www.accuratereviews.com\/it\/wp-json\/wp\/v2\/categories?post=104876"},{"taxonomy":"post_tag","embeddable":true,"href":"https:\/\/www.accuratereviews.com\/it\/wp-json\/wp\/v2\/tags?post=104876"},{"taxonomy":"features","embeddable":true,"href":"https:\/\/www.accuratereviews.com\/it\/wp-json\/wp\/v2\/features?post=104876"}],"curies":[{"name":"wp","href":"https:\/\/api.w.org\/{rel}","templated":true}]}}