{"id":104918,"date":"2025-11-10T18:13:31","date_gmt":"2025-11-10T18:13:31","guid":{"rendered":"https:\/\/www.accuratereviews.com\/?page_id=104918"},"modified":"2025-11-11T09:27:50","modified_gmt":"2025-11-11T09:27:50","slug":"text-blaze-recensione","status":"publish","type":"page","link":"https:\/\/www.accuratereviews.com\/it\/piattaforme-no-code\/text-blaze-recensione\/","title":{"rendered":"Text Blaze"},"content":{"rendered":"<p><strong>Text Blaze<\/strong> \u00e8 lo strumento perfetto per aiutare te e il tuo team a <strong>semplificare i flussi di lavoro<\/strong> ed eliminare le attivit\u00e0 ripetitive, migliorando al contempo i risultati attraverso una comunicazione coerente, accurata e completa. Con questa soluzione, puoi creare e condividere modelli intelligenti e inserirli ovunque digitando una scorciatoia. \u00c8 come creare i tuoi comandi slash personalizzati per qualsiasi ambiente: mini-app di produttivit\u00e0 che funzionano ovunque, uniscono i tuoi strumenti e semplificano i tuoi processi.<br \/>\nGrazie a <strong>Text Blaze <\/strong>risparmi tempo eliminando la digitazione ripetitiva e reinvestilo in attivit\u00e0 di alto valore. Garantisci accuratezza e completezza nelle tue comunicazioni. Riduci i tempi di onboarding per i nuovi membri del team.<\/p>\n<h2>TEXT BLAZE &#8211; \u00a0TUTORIAL<\/h2>\n<div id=\"fluid-wrapper-counter-1\" class=\"g1-fluid-wrapper \" style=\"width:686px;\">\n<div style=\"padding-bottom:56.268221574344%;\"><iframe loading=\"lazy\" title=\"Create campaign parameters for tracking URLs with one click\" width=\"686\" height=\"386\" src=\"https:\/\/www.youtube.com\/embed\/qFYkE-butMg?feature=oembed&amp;wmode=transparent&amp;autohide=1&amp;autoplay=0&amp;disablekb=0&amp;fs=1&amp;loop=0&amp;enablejsapi=1&amp;rel=0&amp;controls=2&amp;showinfo=0&amp;wmode=transparent&amp;autohide=2&amp;autoplay=0&amp;disablekb=0&amp;fs=1&amp;loop=0&amp;enablejsapi=1&amp;rel=0&amp;controls=2&amp;showinfo=1\" frameborder=\"0\" allow=\"accelerometer; autoplay; clipboard-write; encrypted-media; gyroscope; picture-in-picture; web-share\" referrerpolicy=\"strict-origin-when-cross-origin\" allowfullscreen><\/iframe><\/div>\n<\/div>\n<h3>TEXT BLAZE &#8211; \u00a0CARATTERISTICHE<\/h3>\n<ul>\n<li>Aggiungi campi dinamici, come la data odierna o qualsiasi data passata o futura (ad esempio, il primo luned\u00ec del mese prossimo)<\/li>\n<li>Crea modelli personalizzabili con segnaposto (campi modulo), inclusi menu a discesa, selettori di data, ecc.<\/li>\n<li>Incorpora la logica nel tuo frammento con testo condizionale che pu\u00f2 essere basato sui valori dei campi modulo.<\/li>\n<li>Utilizza un&#8217;ampia gamma di formule matematiche o di testo. Puoi moltiplicare due campi di un modulo, scorrere elenchi, dividere il testo e altro ancora.<\/li>\n<li>Ingloba i dati della pagina web nel tuo snippet o integrali con altre app e leggi e scrivi dati da e verso altre app dai tuoi snippet.<\/li>\n<li>Automatizza qualsiasi flusso di lavoro: gli snippet possono andare oltre la semplice digitazione e automatizzare qualsiasi attivit\u00e0 ripetitiva, lasciando il controllo all&#8217;utente:<\/li>\n<li>Fai in modo che le tue app interagiscano leggendo dati da altre app e\/o scrivendo dati su di esse.<\/li>\n<li>Automatizza il flusso di lavoro simulando la pressione dei tasti della tastiera.<\/li>\n<li>Comprendi e adotta le best practice: esamina le analisi di utilizzo a livello di team o individuale e aiuta i membri del team ad adottare le best practice di comunicazione.<\/li>\n<\/ul>\n<h4>LE RECENSIONI DEGLI UTENTI<\/h4>\n<p><strong>Abby &#8220;Uno dei migliori prodotti in circolazione&#8221;<\/strong><br \/>\nAssolutamente 5 stelle: tutto il nostro team lo adora! Ha reso molti piccoli dettagli del nostro lavoro molto pi\u00f9 semplici. Lo uso anche nella mia vita personale per le email che devo inviare settimanalmente (ad esempio, gli orari degli asili nido).<br \/>\n<strong>Pro<\/strong>: questo strumento \u00e8 FANTASTICO. Mi aiuta tantissimo a essere pi\u00f9 efficiente, perch\u00e9 posso creare scorciatoie per le email che invio di continuo. Non dover copiare e incollare o scegliere tra una variet\u00e0 di formati \u00e8 fantastico, e il fatto di poterlo usare su qualsiasi piattaforma web (ad esempio, anche sul nostro SIS) \u00e8 incredibilmente utile.<br \/>\n<strong>Contro<\/strong>: vorrei avere qualche tag gratuito in pi\u00f9, ma vale la pena pagare per il livello successivo perch\u00e9 lo uso davvero tanto.<\/p>\n<p><strong>Joe &#8220;Amo TextBlaze&#8221;<\/strong><br \/>\nMi semplifica notevolmente la vita. Tendo a scrivere spesso email simili e questo \u00e8 davvero utile per le risposte rapide. \u00c8 anche molto utile per tutti i miei documenti abituali che richiedono informazioni simili. Adoro la possibilit\u00e0 di collegarli!<br \/>\n<strong>Pro<\/strong>: posso creare pi\u00f9 cartelle di snippet e si integra con tutto ci\u00f2 che faccio su Chrome. ADORO il fatto di poter aggiungere snippet ad altri snippet.<br \/>\n<strong>Contro<\/strong>: non riesco ad installarlo sul mio computer di lavoro a causa di alcuni file che devo scaricare. Ricevo un errore specifico: &#8220;Impossibile installare il pacchetto: &#8216;COULD_NOT_GET_TEMP_DIRECTORY'&#8221;. Inoltre, vorrei poter allegare i PDF agli snippet!<\/p>\n<p><strong>Sequoia &#8220;Text Blaze: un must!&#8221;<\/strong><br \/>\nTutto \u00e8 andato alla grande, l&#8217;assistenza clienti \u00e8 fantastica e il sito web aiuta a rispondere alla maggior parte delle domande.<br \/>\n<strong>Pro<\/strong>: poter accedere rapidamente alle risposte pi\u00f9 utilizzate rende pi\u00f9 semplice la gestione di email e chat!<br \/>\n<strong>Contro<\/strong>: all&#8217;inizio \u00e8 stato difficile capire come usare i comandi aggiuntivi, ma poi \u00e8 stato facile impararli e sono stati la migliore aggiunta.<\/p>\n","protected":false},"excerpt":{"rendered":"<p>Text Blaze \u00e8 lo strumento perfetto per aiutare te e il tuo team a semplificare i flussi di lavoro ed eliminare le attivit\u00e0 ripetitive, migliorando al contempo i risultati attraverso una comunicazione coerente, accurata e completa. Con questa soluzione, puoi creare e condividere modelli intelligenti e inserirli ovunque digitando una scorciatoia.<\/p>\n","protected":false},"author":19,"featured_media":104921,"parent":99993,"menu_order":0,"comment_status":"open","ping_status":"closed","template":"g1_template_page_review_new.php","meta":{"_acf_changed":false,"cwp_meta_box_check":"Yes","cwp_rev_product_name":"","cwp_rev_product_image":"","wppr_links":[],"cwp_rev_price":"0.00","wppr_options":[{"name":"Usability","value":"0"},{"name":"Speed","value":"0"},{"name":"Features","value":"0"},{"name":"Support","value":"0"},{"name":"Pricing","value":"0"}],"wppr_pros":["","","","",""],"wppr_cons":["","","","",""],"_monsterinsights_skip_tracking":false,"_monsterinsights_sitenote_active":false,"_monsterinsights_sitenote_note":"","_monsterinsights_sitenote_category":0,"footnotes":""},"categories":[16551],"tags":[16554,16571,16573,16556,16572,16729],"features":[],"class_list":{"0":"post-104918","1":"page","2":"type-page","3":"status-publish","4":"has-post-thumbnail","6":"category-piattaforme-no-code-cat","7":"tag-no-code","8":"tag-piattaforma-no-code","9":"tag-programma-no-code","10":"tag-software-no-code","11":"tag-soluzione-no-code","12":"tag-text-blaze"},"wppr_data":{"cwp_meta_box_check":"Yes","_wppr_review_template":"default","cwp_rev_product_image":"","cwp_image_link":"image","wppr_links":[],"cwp_rev_price":"0.00","wppr_pros":["","","","",""],"wppr_cons":["","","","",""],"wppr_rating":"0.00","wppr_options":{"1":{"name":"Usability","value":"0"},"2":{"name":"Speed","value":"0"},"3":{"name":"Features","value":"0"},"4":{"name":"Support","value":"0"},"5":{"name":"Pricing","value":"0"}},"wppr_review_type":"Product","wppr_review_custom_fields":{"additionalProperty":"","additionalType":"","aggregateRating":"","alternateName":"","audience":"","award":"","awards":"","brand":"","color":"","depth":"","description":"","disambiguatingDescription":"","gtin12":"","gtin13":"","gtin14":"","gtin8":"","height":"","identifier":"","image":"","isAccessoryOrSparePartFor":"","isConsumableFor":"","isRelatedTo":"","isSimilarTo":"","itemCondition":"","logo":"","mainEntityOfPage":"","manufacturer":"","material":"","model":"","mpn":"","name":"","offers":"","potentialAction":"","productID":"","productionDate":"","purchaseDate":"","releaseDate":"","review":"","reviews":"","sameAs":"","sku":"","slogan":"","subjectOf":"","url":"","weight":"","width":""}},"acf":[],"yoast_head":"<!-- This site is optimized with the Yoast SEO plugin v27.4 - https:\/\/yoast.com\/product\/yoast-seo-wordpress\/ -->\n<title>Text Blaze: recensione piattaforma no-code - Accurate Reviews<\/title>\n<meta name=\"description\" content=\"Text Blaze: recensione strumento per aiutare te e il tuo team a semplificare i flussi di lavoro ed eliminare le attivit\u00e0 ripetitive.\" \/>\n<meta name=\"robots\" content=\"index, follow, max-snippet:-1, max-image-preview:large, max-video-preview:-1\" \/>\n<link rel=\"canonical\" href=\"https:\/\/www.accuratereviews.com\/it\/piattaforme-no-code\/text-blaze-recensione\/\" \/>\n<meta property=\"og:locale\" content=\"it_IT\" \/>\n<meta property=\"og:type\" content=\"article\" \/>\n<meta property=\"og:title\" content=\"Text Blaze: recensione piattaforma no-code - Accurate Reviews\" \/>\n<meta property=\"og:description\" content=\"Text Blaze: recensione strumento per aiutare te e il tuo team a semplificare i flussi di lavoro ed eliminare le attivit\u00e0 ripetitive.\" \/>\n<meta property=\"og:url\" content=\"https:\/\/www.accuratereviews.com\/it\/piattaforme-no-code\/text-blaze-recensione\/\" \/>\n<meta property=\"og:site_name\" content=\"Accurate Reviews\" \/>\n<meta property=\"article:modified_time\" content=\"2025-11-11T09:27:50+00:00\" \/>\n<meta property=\"og:image\" content=\"https:\/\/www.accuratereviews.com\/wp-content\/uploads\/2025\/11\/Text-Blaze-AI.webp\" \/>\n\t<meta property=\"og:image:width\" content=\"300\" \/>\n\t<meta property=\"og:image:height\" content=\"300\" \/>\n\t<meta property=\"og:image:type\" content=\"image\/webp\" \/>\n<meta name=\"twitter:card\" content=\"summary_large_image\" \/>\n<meta name=\"twitter:label1\" content=\"Tempo di lettura stimato\" \/>\n\t<meta name=\"twitter:data1\" content=\"5 minuti\" \/>\n<script type=\"application\/ld+json\" class=\"yoast-schema-graph\">{\"@context\":\"https:\\\/\\\/schema.org\",\"@graph\":[{\"@type\":\"WebPage\",\"@id\":\"https:\\\/\\\/www.accuratereviews.com\\\/it\\\/piattaforme-no-code\\\/text-blaze-recensione\\\/\",\"url\":\"https:\\\/\\\/www.accuratereviews.com\\\/it\\\/piattaforme-no-code\\\/text-blaze-recensione\\\/\",\"name\":\"Text Blaze: recensione piattaforma no-code - Accurate Reviews\",\"isPartOf\":{\"@id\":\"https:\\\/\\\/www.accuratereviews.com\\\/it\\\/#website\"},\"primaryImageOfPage\":{\"@id\":\"https:\\\/\\\/www.accuratereviews.com\\\/it\\\/piattaforme-no-code\\\/text-blaze-recensione\\\/#primaryimage\"},\"image\":{\"@id\":\"https:\\\/\\\/www.accuratereviews.com\\\/it\\\/piattaforme-no-code\\\/text-blaze-recensione\\\/#primaryimage\"},\"thumbnailUrl\":\"https:\\\/\\\/www.accuratereviews.com\\\/wp-content\\\/uploads\\\/2025\\\/11\\\/Text-Blaze-AI.webp\",\"datePublished\":\"2025-11-10T18:13:31+00:00\",\"dateModified\":\"2025-11-11T09:27:50+00:00\",\"description\":\"Text Blaze: recensione strumento per aiutare te e il tuo team a semplificare i flussi di lavoro ed eliminare le attivit\u00e0 ripetitive.\",\"breadcrumb\":{\"@id\":\"https:\\\/\\\/www.accuratereviews.com\\\/it\\\/piattaforme-no-code\\\/text-blaze-recensione\\\/#breadcrumb\"},\"inLanguage\":\"it-IT\",\"potentialAction\":[{\"@type\":\"ReadAction\",\"target\":[\"https:\\\/\\\/www.accuratereviews.com\\\/it\\\/piattaforme-no-code\\\/text-blaze-recensione\\\/\"]}]},{\"@type\":\"ImageObject\",\"inLanguage\":\"it-IT\",\"@id\":\"https:\\\/\\\/www.accuratereviews.com\\\/it\\\/piattaforme-no-code\\\/text-blaze-recensione\\\/#primaryimage\",\"url\":\"https:\\\/\\\/www.accuratereviews.com\\\/wp-content\\\/uploads\\\/2025\\\/11\\\/Text-Blaze-AI.webp\",\"contentUrl\":\"https:\\\/\\\/www.accuratereviews.com\\\/wp-content\\\/uploads\\\/2025\\\/11\\\/Text-Blaze-AI.webp\",\"width\":300,\"height\":300},{\"@type\":\"BreadcrumbList\",\"@id\":\"https:\\\/\\\/www.accuratereviews.com\\\/it\\\/piattaforme-no-code\\\/text-blaze-recensione\\\/#breadcrumb\",\"itemListElement\":[{\"@type\":\"ListItem\",\"position\":1,\"name\":\"Home\",\"item\":\"https:\\\/\\\/www.accuratereviews.com\\\/it\\\/\"},{\"@type\":\"ListItem\",\"position\":2,\"name\":\"Piattaforme no-code\",\"item\":\"https:\\\/\\\/www.accuratereviews.com\\\/it\\\/piattaforme-no-code\\\/\"},{\"@type\":\"ListItem\",\"position\":3,\"name\":\"Text Blaze\"}]},{\"@type\":\"WebSite\",\"@id\":\"https:\\\/\\\/www.accuratereviews.com\\\/it\\\/#website\",\"url\":\"https:\\\/\\\/www.accuratereviews.com\\\/it\\\/\",\"name\":\"Accurate Reviews\",\"description\":\"\",\"potentialAction\":[{\"@type\":\"SearchAction\",\"target\":{\"@type\":\"EntryPoint\",\"urlTemplate\":\"https:\\\/\\\/www.accuratereviews.com\\\/it\\\/?s={search_term_string}\"},\"query-input\":{\"@type\":\"PropertyValueSpecification\",\"valueRequired\":true,\"valueName\":\"search_term_string\"}}],\"inLanguage\":\"it-IT\"}]}<\/script>\n<!-- \/ Yoast SEO plugin. -->","yoast_head_json":{"title":"Text Blaze: recensione piattaforma no-code - Accurate Reviews","description":"Text Blaze: recensione strumento per aiutare te e il tuo team a semplificare i flussi di lavoro ed eliminare le attivit\u00e0 ripetitive.","robots":{"index":"index","follow":"follow","max-snippet":"max-snippet:-1","max-image-preview":"max-image-preview:large","max-video-preview":"max-video-preview:-1"},"canonical":"https:\/\/www.accuratereviews.com\/it\/piattaforme-no-code\/text-blaze-recensione\/","og_locale":"it_IT","og_type":"article","og_title":"Text Blaze: recensione piattaforma no-code - Accurate Reviews","og_description":"Text Blaze: recensione strumento per aiutare te e il tuo team a semplificare i flussi di lavoro ed eliminare le attivit\u00e0 ripetitive.","og_url":"https:\/\/www.accuratereviews.com\/it\/piattaforme-no-code\/text-blaze-recensione\/","og_site_name":"Accurate Reviews","article_modified_time":"2025-11-11T09:27:50+00:00","og_image":[{"width":300,"height":300,"url":"https:\/\/www.accuratereviews.com\/wp-content\/uploads\/2025\/11\/Text-Blaze-AI.webp","type":"image\/webp"}],"twitter_card":"summary_large_image","twitter_misc":{"Tempo di lettura stimato":"5 minuti"},"schema":{"@context":"https:\/\/schema.org","@graph":[{"@type":"WebPage","@id":"https:\/\/www.accuratereviews.com\/it\/piattaforme-no-code\/text-blaze-recensione\/","url":"https:\/\/www.accuratereviews.com\/it\/piattaforme-no-code\/text-blaze-recensione\/","name":"Text Blaze: recensione piattaforma no-code - Accurate Reviews","isPartOf":{"@id":"https:\/\/www.accuratereviews.com\/it\/#website"},"primaryImageOfPage":{"@id":"https:\/\/www.accuratereviews.com\/it\/piattaforme-no-code\/text-blaze-recensione\/#primaryimage"},"image":{"@id":"https:\/\/www.accuratereviews.com\/it\/piattaforme-no-code\/text-blaze-recensione\/#primaryimage"},"thumbnailUrl":"https:\/\/www.accuratereviews.com\/wp-content\/uploads\/2025\/11\/Text-Blaze-AI.webp","datePublished":"2025-11-10T18:13:31+00:00","dateModified":"2025-11-11T09:27:50+00:00","description":"Text Blaze: recensione strumento per aiutare te e il tuo team a semplificare i flussi di lavoro ed eliminare le attivit\u00e0 ripetitive.","breadcrumb":{"@id":"https:\/\/www.accuratereviews.com\/it\/piattaforme-no-code\/text-blaze-recensione\/#breadcrumb"},"inLanguage":"it-IT","potentialAction":[{"@type":"ReadAction","target":["https:\/\/www.accuratereviews.com\/it\/piattaforme-no-code\/text-blaze-recensione\/"]}]},{"@type":"ImageObject","inLanguage":"it-IT","@id":"https:\/\/www.accuratereviews.com\/it\/piattaforme-no-code\/text-blaze-recensione\/#primaryimage","url":"https:\/\/www.accuratereviews.com\/wp-content\/uploads\/2025\/11\/Text-Blaze-AI.webp","contentUrl":"https:\/\/www.accuratereviews.com\/wp-content\/uploads\/2025\/11\/Text-Blaze-AI.webp","width":300,"height":300},{"@type":"BreadcrumbList","@id":"https:\/\/www.accuratereviews.com\/it\/piattaforme-no-code\/text-blaze-recensione\/#breadcrumb","itemListElement":[{"@type":"ListItem","position":1,"name":"Home","item":"https:\/\/www.accuratereviews.com\/it\/"},{"@type":"ListItem","position":2,"name":"Piattaforme no-code","item":"https:\/\/www.accuratereviews.com\/it\/piattaforme-no-code\/"},{"@type":"ListItem","position":3,"name":"Text Blaze"}]},{"@type":"WebSite","@id":"https:\/\/www.accuratereviews.com\/it\/#website","url":"https:\/\/www.accuratereviews.com\/it\/","name":"Accurate Reviews","description":"","potentialAction":[{"@type":"SearchAction","target":{"@type":"EntryPoint","urlTemplate":"https:\/\/www.accuratereviews.com\/it\/?s={search_term_string}"},"query-input":{"@type":"PropertyValueSpecification","valueRequired":true,"valueName":"search_term_string"}}],"inLanguage":"it-IT"}]}},"_links":{"self":[{"href":"https:\/\/www.accuratereviews.com\/it\/wp-json\/wp\/v2\/pages\/104918","targetHints":{"allow":["GET"]}}],"collection":[{"href":"https:\/\/www.accuratereviews.com\/it\/wp-json\/wp\/v2\/pages"}],"about":[{"href":"https:\/\/www.accuratereviews.com\/it\/wp-json\/wp\/v2\/types\/page"}],"author":[{"embeddable":true,"href":"https:\/\/www.accuratereviews.com\/it\/wp-json\/wp\/v2\/users\/19"}],"replies":[{"embeddable":true,"href":"https:\/\/www.accuratereviews.com\/it\/wp-json\/wp\/v2\/comments?post=104918"}],"version-history":[{"count":8,"href":"https:\/\/www.accuratereviews.com\/it\/wp-json\/wp\/v2\/pages\/104918\/revisions"}],"predecessor-version":[{"id":104947,"href":"https:\/\/www.accuratereviews.com\/it\/wp-json\/wp\/v2\/pages\/104918\/revisions\/104947"}],"up":[{"embeddable":true,"href":"https:\/\/www.accuratereviews.com\/it\/wp-json\/wp\/v2\/pages\/99993"}],"wp:featuredmedia":[{"embeddable":true,"href":"https:\/\/www.accuratereviews.com\/it\/wp-json\/wp\/v2\/media\/104921"}],"wp:attachment":[{"href":"https:\/\/www.accuratereviews.com\/it\/wp-json\/wp\/v2\/media?parent=104918"}],"wp:term":[{"taxonomy":"category","embeddable":true,"href":"https:\/\/www.accuratereviews.com\/it\/wp-json\/wp\/v2\/categories?post=104918"},{"taxonomy":"post_tag","embeddable":true,"href":"https:\/\/www.accuratereviews.com\/it\/wp-json\/wp\/v2\/tags?post=104918"},{"taxonomy":"features","embeddable":true,"href":"https:\/\/www.accuratereviews.com\/it\/wp-json\/wp\/v2\/features?post=104918"}],"curies":[{"name":"wp","href":"https:\/\/api.w.org\/{rel}","templated":true}]}}