{"id":104938,"date":"2025-11-11T14:38:01","date_gmt":"2025-11-11T14:38:01","guid":{"rendered":"https:\/\/www.accuratereviews.com\/?page_id=104938"},"modified":"2025-11-11T14:38:01","modified_gmt":"2025-11-11T14:38:01","slug":"intellect-qms-ai-recensione","status":"publish","type":"page","link":"https:\/\/www.accuratereviews.com\/it\/piattaforme-no-code\/intellect-qms-ai-recensione\/","title":{"rendered":"Intellect QMS AI"},"content":{"rendered":"<p><strong>Intellect<\/strong> \u00e8 un <strong>Sistema di Gestione della Qualit\u00e0 (QMS)<\/strong> basato sull&#8217;i<strong>ntelligenza artificiale.<\/strong> La piattaforma SaaS e on-premise \u00e8 progettata per consentire ai team addetti alla qualit\u00e0 di automatizzare i processi, garantire la conformit\u00e0, eliminare le duplicazioni e ridurre i costi operativi all&#8217;interno delle organizzazioni. L&#8217;<strong>intelligenza artificiale QMS<\/strong> offre flussi di lavoro e automazione configurabili, semplifica la gestione dei documenti, gli audit, le CAPA, la gestione del rischio e la gestione della qualit\u00e0 dei fornitori. Il sistema si integra facilmente con altri sistemi aziendali tramite API aperte e connettori predefiniti, offrendo una visione completa dei dati sulla qualit\u00e0 per ridurre al minimo gli errori e accelerare il processo decisionale.<br \/>\nCertificata ISO, <strong>Intellect<\/strong> consente inoltre ai team di produrre prodotti di alta qualit\u00e0 e conformi pi\u00f9 rapidamente, riducendo al contempo i tempi di documentazione e i costi complessivi della qualit\u00e0.<\/p>\n<h2>INTELLECT QMS AI &#8211; TUTORIAL<\/h2>\n<div id=\"fluid-wrapper-counter-1\" class=\"g1-fluid-wrapper \" style=\"width:686px;\">\n<div style=\"padding-bottom:56.268221574344%;\"><iframe loading=\"lazy\" title=\"Intellect AI-Powered QMS Solution Overview Video\" width=\"686\" height=\"386\" src=\"https:\/\/www.youtube.com\/embed\/dmbkN472upI?feature=oembed&amp;wmode=transparent&amp;autohide=1&amp;autoplay=0&amp;disablekb=0&amp;fs=1&amp;loop=0&amp;enablejsapi=1&amp;rel=0&amp;controls=2&amp;showinfo=0&amp;wmode=transparent&amp;autohide=2&amp;autoplay=0&amp;disablekb=0&amp;fs=1&amp;loop=0&amp;enablejsapi=1&amp;rel=0&amp;controls=2&amp;showinfo=1\" frameborder=\"0\" allow=\"accelerometer; autoplay; clipboard-write; encrypted-media; gyroscope; picture-in-picture; web-share\" referrerpolicy=\"strict-origin-when-cross-origin\" allowfullscreen><\/iframe><\/div>\n<\/div>\n<h3>INTELLECT QMS AI &#8211; CARATTERISTICHE<\/h3>\n<div class=\"AxqVh\">\n<div class=\"OPPzxe\">\n<div class=\"QcsUad BDJ8fb BLojaf sMVRZe hCXDsb wneUed\">\n<div class=\"usGWQd\">\n<div class=\"KkbLmb\">\n<ul>\n<li class=\"lRu31\" dir=\"ltr\"><span class=\"HwtZe\" lang=\"it\"><span class=\"jCAhz ChMk0b\"><span class=\"ryNqvb\">Generatore di app drag-and-drop <\/span><\/span><\/span><\/li>\n<li class=\"lRu31\" dir=\"ltr\"><span class=\"HwtZe\" lang=\"it\"><span class=\"jCAhz ChMk0b\"><span class=\"ryNqvb\">Soluzioni specifiche per settore Cloud o on-premise<\/span><\/span><\/span><\/li>\n<li class=\"lRu31\" dir=\"ltr\"><span class=\"HwtZe\" lang=\"it\"><span class=\"jCAhz ChMk0b\"><span class=\"ryNqvb\"> Convalida continua <\/span><\/span><\/span><\/li>\n<li class=\"lRu31\" dir=\"ltr\"><span class=\"HwtZe\" lang=\"it\"><span class=\"jCAhz ChMk0b\"><span class=\"ryNqvb\">Indicizzazione della ricerca di documenti <\/span><\/span><\/span><\/li>\n<li class=\"lRu31\" dir=\"ltr\"><span class=\"HwtZe\" lang=\"it\"><span class=\"jCAhz ChMk0b\"><span class=\"ryNqvb\">Interfaccia intuitiva Firme elettroniche <\/span><\/span><\/span><\/li>\n<li class=\"lRu31\" dir=\"ltr\"><span class=\"HwtZe\" lang=\"it\"><span class=\"jCAhz ChMk0b\"><span class=\"ryNqvb\">Notifiche email <\/span><\/span><\/span><\/li>\n<li class=\"lRu31\" dir=\"ltr\"><span class=\"HwtZe\" lang=\"it\"><span class=\"jCAhz ChMk0b\"><span class=\"ryNqvb\">Localizzazione linguistica <\/span><\/span><\/span><\/li>\n<li class=\"lRu31\" dir=\"ltr\"><span class=\"HwtZe\" lang=\"it\"><span class=\"jCAhz ChMk0b\"><span class=\"ryNqvb\">Supporto per file di grandi dimensioni <\/span><\/span><\/span><\/li>\n<li class=\"lRu31\" dir=\"ltr\"><span class=\"HwtZe\" lang=\"it\"><span class=\"jCAhz ChMk0b\"><span class=\"ryNqvb\">Audit trail affidabile <\/span><\/span><\/span><\/li>\n<li class=\"lRu31\" dir=\"ltr\"><span class=\"HwtZe\" lang=\"it\"><span class=\"jCAhz ChMk0b\"><span class=\"ryNqvb\">Intelligenza artificiale perfettamente integrata su desktop e dispositivi mobili <\/span><\/span><\/span><\/li>\n<li class=\"lRu31\" dir=\"ltr\"><span class=\"HwtZe\" lang=\"it\"><span class=\"jCAhz ChMk0b\"><span class=\"ryNqvb\">Conversazioni in linguaggio semplice con il tuo QMS <\/span><\/span><\/span><\/li>\n<li class=\"lRu31\" dir=\"ltr\"><span class=\"HwtZe\" lang=\"it\"><span class=\"jCAhz ChMk0b\"><span class=\"ryNqvb\">Approfondimenti sui dati del tuo programma di qualit\u00e0 <\/span><\/span><\/span><\/li>\n<li class=\"lRu31\" dir=\"ltr\"><span class=\"HwtZe\" lang=\"it\"><span class=\"jCAhz ChMk0b\"><span class=\"ryNqvb\">Supporto rapido alle decisioni <\/span><\/span><\/span><\/li>\n<li class=\"lRu31\" dir=\"ltr\"><span class=\"HwtZe\" lang=\"it\"><span class=\"jCAhz ChMk0b\"><span class=\"ryNqvb\">Visualizzazione accelerata dei dati <\/span><\/span><\/span><\/li>\n<li class=\"lRu31\" dir=\"ltr\"><span class=\"HwtZe\" lang=\"it\"><span class=\"jCAhz ChMk0b\"><span class=\"ryNqvb\">Dati grezzi trasformati in informazioni significative <\/span><\/span><\/span><\/li>\n<li class=\"lRu31\" dir=\"ltr\"><span class=\"HwtZe\" lang=\"it\"><span class=\"jCAhz ChMk0b\"><span class=\"ryNqvb\">Collaborazione in tempo reale <\/span><\/span><\/span><\/li>\n<li class=\"lRu31\" dir=\"ltr\"><span class=\"HwtZe\" lang=\"it\"><span class=\"jCAhz ChMk0b\"><span class=\"ryNqvb\">Interfaccia intuitiva <\/span><\/span><\/span><\/li>\n<li class=\"lRu31\" dir=\"ltr\"><span class=\"HwtZe\" lang=\"it\"><span class=\"jCAhz ChMk0b\"><span class=\"ryNqvb\">Report personalizzati per ogni singolo utente <\/span><\/span><\/span><\/li>\n<li class=\"lRu31\" dir=\"ltr\"><span class=\"HwtZe\" lang=\"it\"><span class=\"jCAhz ChMk0b\"><span class=\"ryNqvb\">Capacit\u00e0 di integrazione fluida <\/span><\/span><\/span><\/li>\n<li class=\"lRu31\" dir=\"ltr\"><span class=\"HwtZe\" lang=\"it\"><span class=\"jCAhz ChMk0b\"><span class=\"ryNqvb\">Funziona con qualsiasi software che offra API aperte <\/span><\/span><\/span><\/li>\n<li class=\"lRu31\" dir=\"ltr\"><span class=\"HwtZe\" lang=\"it\"><span class=\"jCAhz ChMk0b\"><span class=\"ryNqvb\">Utilizza l&#8217;architettura API SOAP e REST standard del settore <\/span><\/span><\/span><\/li>\n<li class=\"lRu31\" dir=\"ltr\"><span class=\"HwtZe\" lang=\"it\"><span class=\"jCAhz ChMk0b\"><span class=\"ryNqvb\">Supporta l&#8217;integrazione bidirezionale con sistemi di terze parti <\/span><\/span><\/span><\/li>\n<li class=\"lRu31\" dir=\"ltr\"><span class=\"HwtZe\" lang=\"it\"><span class=\"jCAhz ChMk0b\"><span class=\"ryNqvb\">Definisci e gestisci processi per diverse convalide <\/span><\/span><span class=\"jCAhz ChMk0b\"><span class=\"ryNqvb\">\u00a0<\/span><\/span><\/span><\/li>\n<li class=\"lRu31\" dir=\"ltr\"><span class=\"HwtZe\" lang=\"it\"><span class=\"jCAhz ChMk0b\"><span class=\"ryNqvb\">Automatizzare gli script di test e le attivit\u00e0 di esecuzione<\/span><\/span><\/span><\/li>\n<\/ul>\n<h4>LE RECENSIONI DEGLI UTENTI<\/h4>\n<\/div>\n<\/div>\n<\/div>\n<\/div>\n<\/div>\n<div class=\"HWmS8\"><strong>Adam &#8220;Intellect QMS \u2013 si prende cura della qualit\u00e0 del tuo business&#8221;<\/strong><br \/>\nIntellect QMS ha avuto un impatto significativo sul nostro reparto qualit\u00e0 e su coloro che ci lavorano. Apprezzo il fatto che la piattaforma sia personalizzabile, dandoci la libert\u00e0 di apportare modifiche che si adattino perfettamente alle nostre esigenze aziendali. \u00c8 una vera svolta, perch\u00e9 possiamo farlo senza lunghi cicli di sviluppo. Questa adattabilit\u00e0 ha reso le nostre operazioni pi\u00f9 organizzate ed efficienti, allineandosi perfettamente alle nostre esigenze specifiche.<br \/>\n<strong>Pro<\/strong>: utilizzo Intellect QMS da un po&#8217; di tempo e una delle caratteristiche pi\u00f9 apprezzate \u00e8 la sua flessibilit\u00e0 e l&#8217;integrazione con l&#8217;intelligenza artificiale che il loro team ha recentemente implementato. A differenza di molte altre soluzioni software che richiedono alle aziende di adattarsi al proprio sistema, Intellect ci permette di configurare il software in base ai nostri processi specifici. Cercavamo una soluzione che non interferisse con il nostro sistema esistente e che funzionasse bene, e questo ci ha fatto risparmiare tempo sui problemi di integrazione e sulla formazione del personale.<br \/>\n<strong>Contro<\/strong>: una cosa che potrebbe essere migliorata \u00e8 l&#8217;interfaccia, secondo me dovrebbe essere pi\u00f9 intuitiva.<\/div>\n<div><\/div>\n<div class=\"HWmS8\"><strong>Genesis &#8220;Recensione Intellect QMS&#8221;<\/strong><br \/>\n<strong>Pro<\/strong>: facile da usare anche per chi ha poca esperienza di programmazione. Molto utile anche per trovare documenti dettagliati.<br \/>\n<strong>Contro<\/strong>: il processo di onboarding \u00e8 lento a volte. Anche l&#8217;app mobile necessita di miglioramenti.<\/div>\n<div><\/div>\n<div class=\"HWmS8\"><strong>Marina &#8220;Una soluzione potente e adattabile.&#8221;<\/strong><br \/>\nSono rimasto colpito da queste applicazioni: sono progettate in modo intelligente e mi hanno consentito di apportare miglioramenti significativi ai miei processi di qualit\u00e0 fin dal primo giorno.<br \/>\n<strong>Pro<\/strong>: la mia esperienza \u00e8 stata molto positiva. Mi ha permesso di avere un sistema di gestione della qualit\u00e0 perfettamente allineato alle mie attivit\u00e0 e mi ha garantito maggiore efficienza ed efficacia nei miei processi.<br \/>\nContro: ci\u00f2 che mi \u00e8 piaciuto meno \u00e8 stato il tempo impiegato per imparare a utilizzare appieno tutte le funzionalit\u00e0 e le caratteristiche della piattaforma.<\/div>\n","protected":false},"excerpt":{"rendered":"<p>Intellect \u00e8 un Sistema di Gestione della Qualit\u00e0 (QMS) basato sull&#8217;intelligenza artificiale. La piattaforma SaaS e on-premise \u00e8 progettata per consentire ai team addetti alla qualit\u00e0 di automatizzare i processi, garantire la conformit\u00e0, eliminare le duplicazioni e ridurre i costi operativi all&#8217;interno delle organizzazioni.<\/p>\n","protected":false},"author":19,"featured_media":104940,"parent":99993,"menu_order":0,"comment_status":"open","ping_status":"closed","template":"g1_template_page_review_new.php","meta":{"_acf_changed":false,"cwp_meta_box_check":"Yes","cwp_rev_product_name":"","cwp_rev_product_image":"","wppr_links":[],"cwp_rev_price":"0.00","wppr_options":[{"name":"Usability","value":"0"},{"name":"Speed","value":"0"},{"name":"Features","value":"0"},{"name":"Support","value":"0"},{"name":"Pricing","value":"0"}],"wppr_pros":["","","","",""],"wppr_cons":["","","","",""],"_monsterinsights_skip_tracking":false,"_monsterinsights_sitenote_active":false,"_monsterinsights_sitenote_note":"","_monsterinsights_sitenote_category":0,"footnotes":""},"categories":[16551],"tags":[16731,16554,16571,16573,16556,16572],"features":[],"class_list":{"0":"post-104938","1":"page","2":"type-page","3":"status-publish","4":"has-post-thumbnail","6":"category-piattaforme-no-code-cat","7":"tag-intellect-qms-ai","8":"tag-no-code","9":"tag-piattaforma-no-code","10":"tag-programma-no-code","11":"tag-software-no-code","12":"tag-soluzione-no-code"},"wppr_data":{"cwp_meta_box_check":"Yes","_wppr_review_template":"default","cwp_rev_product_image":"","cwp_image_link":"image","wppr_links":[],"cwp_rev_price":"0.00","wppr_pros":["","","","",""],"wppr_cons":["","","","",""],"wppr_rating":"0.00","wppr_options":{"1":{"name":"Usability","value":"0"},"2":{"name":"Speed","value":"0"},"3":{"name":"Features","value":"0"},"4":{"name":"Support","value":"0"},"5":{"name":"Pricing","value":"0"}},"wppr_review_type":"Product","wppr_review_custom_fields":{"additionalProperty":"","additionalType":"","aggregateRating":"","alternateName":"","audience":"","award":"","awards":"","brand":"","color":"","depth":"","description":"","disambiguatingDescription":"","gtin12":"","gtin13":"","gtin14":"","gtin8":"","height":"","identifier":"","image":"","isAccessoryOrSparePartFor":"","isConsumableFor":"","isRelatedTo":"","isSimilarTo":"","itemCondition":"","logo":"","mainEntityOfPage":"","manufacturer":"","material":"","model":"","mpn":"","name":"","offers":"","potentialAction":"","productID":"","productionDate":"","purchaseDate":"","releaseDate":"","review":"","reviews":"","sameAs":"","sku":"","slogan":"","subjectOf":"","url":"","weight":"","width":""}},"acf":[],"yoast_head":"<!-- This site is optimized with the Yoast SEO plugin v27.4 - https:\/\/yoast.com\/product\/yoast-seo-wordpress\/ -->\n<title>Intellect QMS AI: recensione piattaforma no code - Accurate Reviews<\/title>\n<meta name=\"description\" content=\"Intellect: recensione piattaforma no-code, basata sull&#039;AI che offre flussi di lavoro e automazione configurabili.\" \/>\n<meta name=\"robots\" content=\"index, follow, max-snippet:-1, max-image-preview:large, max-video-preview:-1\" \/>\n<link rel=\"canonical\" href=\"https:\/\/www.accuratereviews.com\/it\/piattaforme-no-code\/intellect-qms-ai-recensione\/\" \/>\n<meta property=\"og:locale\" content=\"it_IT\" \/>\n<meta property=\"og:type\" content=\"article\" \/>\n<meta property=\"og:title\" content=\"Intellect QMS AI: recensione piattaforma no code - Accurate Reviews\" \/>\n<meta property=\"og:description\" content=\"Intellect: recensione piattaforma no-code, basata sull&#039;AI che offre flussi di lavoro e automazione configurabili.\" \/>\n<meta property=\"og:url\" content=\"https:\/\/www.accuratereviews.com\/it\/piattaforme-no-code\/intellect-qms-ai-recensione\/\" \/>\n<meta property=\"og:site_name\" content=\"Accurate Reviews\" \/>\n<meta property=\"og:image\" content=\"https:\/\/www.accuratereviews.com\/wp-content\/uploads\/2025\/11\/Intellect-QMS-AI.png\" \/>\n\t<meta property=\"og:image:width\" content=\"231\" \/>\n\t<meta property=\"og:image:height\" content=\"219\" \/>\n\t<meta property=\"og:image:type\" content=\"image\/png\" \/>\n<meta name=\"twitter:card\" content=\"summary_large_image\" \/>\n<meta name=\"twitter:label1\" content=\"Tempo di lettura stimato\" \/>\n\t<meta name=\"twitter:data1\" content=\"5 minuti\" \/>\n<script type=\"application\/ld+json\" class=\"yoast-schema-graph\">{\"@context\":\"https:\\\/\\\/schema.org\",\"@graph\":[{\"@type\":\"WebPage\",\"@id\":\"https:\\\/\\\/www.accuratereviews.com\\\/it\\\/piattaforme-no-code\\\/intellect-qms-ai-recensione\\\/\",\"url\":\"https:\\\/\\\/www.accuratereviews.com\\\/it\\\/piattaforme-no-code\\\/intellect-qms-ai-recensione\\\/\",\"name\":\"Intellect QMS AI: recensione piattaforma no code - Accurate Reviews\",\"isPartOf\":{\"@id\":\"https:\\\/\\\/www.accuratereviews.com\\\/it\\\/#website\"},\"primaryImageOfPage\":{\"@id\":\"https:\\\/\\\/www.accuratereviews.com\\\/it\\\/piattaforme-no-code\\\/intellect-qms-ai-recensione\\\/#primaryimage\"},\"image\":{\"@id\":\"https:\\\/\\\/www.accuratereviews.com\\\/it\\\/piattaforme-no-code\\\/intellect-qms-ai-recensione\\\/#primaryimage\"},\"thumbnailUrl\":\"https:\\\/\\\/www.accuratereviews.com\\\/wp-content\\\/uploads\\\/2025\\\/11\\\/Intellect-QMS-AI.png\",\"datePublished\":\"2025-11-11T14:38:01+00:00\",\"description\":\"Intellect: recensione piattaforma no-code, basata sull'AI che offre flussi di lavoro e automazione configurabili.\",\"breadcrumb\":{\"@id\":\"https:\\\/\\\/www.accuratereviews.com\\\/it\\\/piattaforme-no-code\\\/intellect-qms-ai-recensione\\\/#breadcrumb\"},\"inLanguage\":\"it-IT\",\"potentialAction\":[{\"@type\":\"ReadAction\",\"target\":[\"https:\\\/\\\/www.accuratereviews.com\\\/it\\\/piattaforme-no-code\\\/intellect-qms-ai-recensione\\\/\"]}]},{\"@type\":\"ImageObject\",\"inLanguage\":\"it-IT\",\"@id\":\"https:\\\/\\\/www.accuratereviews.com\\\/it\\\/piattaforme-no-code\\\/intellect-qms-ai-recensione\\\/#primaryimage\",\"url\":\"https:\\\/\\\/www.accuratereviews.com\\\/wp-content\\\/uploads\\\/2025\\\/11\\\/Intellect-QMS-AI.png\",\"contentUrl\":\"https:\\\/\\\/www.accuratereviews.com\\\/wp-content\\\/uploads\\\/2025\\\/11\\\/Intellect-QMS-AI.png\",\"width\":231,\"height\":219},{\"@type\":\"BreadcrumbList\",\"@id\":\"https:\\\/\\\/www.accuratereviews.com\\\/it\\\/piattaforme-no-code\\\/intellect-qms-ai-recensione\\\/#breadcrumb\",\"itemListElement\":[{\"@type\":\"ListItem\",\"position\":1,\"name\":\"Home\",\"item\":\"https:\\\/\\\/www.accuratereviews.com\\\/it\\\/\"},{\"@type\":\"ListItem\",\"position\":2,\"name\":\"Piattaforme no-code\",\"item\":\"https:\\\/\\\/www.accuratereviews.com\\\/it\\\/piattaforme-no-code\\\/\"},{\"@type\":\"ListItem\",\"position\":3,\"name\":\"Intellect QMS AI\"}]},{\"@type\":\"WebSite\",\"@id\":\"https:\\\/\\\/www.accuratereviews.com\\\/it\\\/#website\",\"url\":\"https:\\\/\\\/www.accuratereviews.com\\\/it\\\/\",\"name\":\"Accurate Reviews\",\"description\":\"\",\"potentialAction\":[{\"@type\":\"SearchAction\",\"target\":{\"@type\":\"EntryPoint\",\"urlTemplate\":\"https:\\\/\\\/www.accuratereviews.com\\\/it\\\/?s={search_term_string}\"},\"query-input\":{\"@type\":\"PropertyValueSpecification\",\"valueRequired\":true,\"valueName\":\"search_term_string\"}}],\"inLanguage\":\"it-IT\"}]}<\/script>\n<!-- \/ Yoast SEO plugin. -->","yoast_head_json":{"title":"Intellect QMS AI: recensione piattaforma no code - Accurate Reviews","description":"Intellect: recensione piattaforma no-code, basata sull'AI che offre flussi di lavoro e automazione configurabili.","robots":{"index":"index","follow":"follow","max-snippet":"max-snippet:-1","max-image-preview":"max-image-preview:large","max-video-preview":"max-video-preview:-1"},"canonical":"https:\/\/www.accuratereviews.com\/it\/piattaforme-no-code\/intellect-qms-ai-recensione\/","og_locale":"it_IT","og_type":"article","og_title":"Intellect QMS AI: recensione piattaforma no code - Accurate Reviews","og_description":"Intellect: recensione piattaforma no-code, basata sull'AI che offre flussi di lavoro e automazione configurabili.","og_url":"https:\/\/www.accuratereviews.com\/it\/piattaforme-no-code\/intellect-qms-ai-recensione\/","og_site_name":"Accurate Reviews","og_image":[{"width":231,"height":219,"url":"https:\/\/www.accuratereviews.com\/wp-content\/uploads\/2025\/11\/Intellect-QMS-AI.png","type":"image\/png"}],"twitter_card":"summary_large_image","twitter_misc":{"Tempo di lettura stimato":"5 minuti"},"schema":{"@context":"https:\/\/schema.org","@graph":[{"@type":"WebPage","@id":"https:\/\/www.accuratereviews.com\/it\/piattaforme-no-code\/intellect-qms-ai-recensione\/","url":"https:\/\/www.accuratereviews.com\/it\/piattaforme-no-code\/intellect-qms-ai-recensione\/","name":"Intellect QMS AI: recensione piattaforma no code - Accurate Reviews","isPartOf":{"@id":"https:\/\/www.accuratereviews.com\/it\/#website"},"primaryImageOfPage":{"@id":"https:\/\/www.accuratereviews.com\/it\/piattaforme-no-code\/intellect-qms-ai-recensione\/#primaryimage"},"image":{"@id":"https:\/\/www.accuratereviews.com\/it\/piattaforme-no-code\/intellect-qms-ai-recensione\/#primaryimage"},"thumbnailUrl":"https:\/\/www.accuratereviews.com\/wp-content\/uploads\/2025\/11\/Intellect-QMS-AI.png","datePublished":"2025-11-11T14:38:01+00:00","description":"Intellect: recensione piattaforma no-code, basata sull'AI che offre flussi di lavoro e automazione configurabili.","breadcrumb":{"@id":"https:\/\/www.accuratereviews.com\/it\/piattaforme-no-code\/intellect-qms-ai-recensione\/#breadcrumb"},"inLanguage":"it-IT","potentialAction":[{"@type":"ReadAction","target":["https:\/\/www.accuratereviews.com\/it\/piattaforme-no-code\/intellect-qms-ai-recensione\/"]}]},{"@type":"ImageObject","inLanguage":"it-IT","@id":"https:\/\/www.accuratereviews.com\/it\/piattaforme-no-code\/intellect-qms-ai-recensione\/#primaryimage","url":"https:\/\/www.accuratereviews.com\/wp-content\/uploads\/2025\/11\/Intellect-QMS-AI.png","contentUrl":"https:\/\/www.accuratereviews.com\/wp-content\/uploads\/2025\/11\/Intellect-QMS-AI.png","width":231,"height":219},{"@type":"BreadcrumbList","@id":"https:\/\/www.accuratereviews.com\/it\/piattaforme-no-code\/intellect-qms-ai-recensione\/#breadcrumb","itemListElement":[{"@type":"ListItem","position":1,"name":"Home","item":"https:\/\/www.accuratereviews.com\/it\/"},{"@type":"ListItem","position":2,"name":"Piattaforme no-code","item":"https:\/\/www.accuratereviews.com\/it\/piattaforme-no-code\/"},{"@type":"ListItem","position":3,"name":"Intellect QMS AI"}]},{"@type":"WebSite","@id":"https:\/\/www.accuratereviews.com\/it\/#website","url":"https:\/\/www.accuratereviews.com\/it\/","name":"Accurate Reviews","description":"","potentialAction":[{"@type":"SearchAction","target":{"@type":"EntryPoint","urlTemplate":"https:\/\/www.accuratereviews.com\/it\/?s={search_term_string}"},"query-input":{"@type":"PropertyValueSpecification","valueRequired":true,"valueName":"search_term_string"}}],"inLanguage":"it-IT"}]}},"_links":{"self":[{"href":"https:\/\/www.accuratereviews.com\/it\/wp-json\/wp\/v2\/pages\/104938","targetHints":{"allow":["GET"]}}],"collection":[{"href":"https:\/\/www.accuratereviews.com\/it\/wp-json\/wp\/v2\/pages"}],"about":[{"href":"https:\/\/www.accuratereviews.com\/it\/wp-json\/wp\/v2\/types\/page"}],"author":[{"embeddable":true,"href":"https:\/\/www.accuratereviews.com\/it\/wp-json\/wp\/v2\/users\/19"}],"replies":[{"embeddable":true,"href":"https:\/\/www.accuratereviews.com\/it\/wp-json\/wp\/v2\/comments?post=104938"}],"version-history":[{"count":9,"href":"https:\/\/www.accuratereviews.com\/it\/wp-json\/wp\/v2\/pages\/104938\/revisions"}],"predecessor-version":[{"id":104985,"href":"https:\/\/www.accuratereviews.com\/it\/wp-json\/wp\/v2\/pages\/104938\/revisions\/104985"}],"up":[{"embeddable":true,"href":"https:\/\/www.accuratereviews.com\/it\/wp-json\/wp\/v2\/pages\/99993"}],"wp:featuredmedia":[{"embeddable":true,"href":"https:\/\/www.accuratereviews.com\/it\/wp-json\/wp\/v2\/media\/104940"}],"wp:attachment":[{"href":"https:\/\/www.accuratereviews.com\/it\/wp-json\/wp\/v2\/media?parent=104938"}],"wp:term":[{"taxonomy":"category","embeddable":true,"href":"https:\/\/www.accuratereviews.com\/it\/wp-json\/wp\/v2\/categories?post=104938"},{"taxonomy":"post_tag","embeddable":true,"href":"https:\/\/www.accuratereviews.com\/it\/wp-json\/wp\/v2\/tags?post=104938"},{"taxonomy":"features","embeddable":true,"href":"https:\/\/www.accuratereviews.com\/it\/wp-json\/wp\/v2\/features?post=104938"}],"curies":[{"name":"wp","href":"https:\/\/api.w.org\/{rel}","templated":true}]}}