{"id":104990,"date":"2025-11-12T18:18:50","date_gmt":"2025-11-12T18:18:50","guid":{"rendered":"https:\/\/www.accuratereviews.com\/?page_id=104990"},"modified":"2025-11-20T09:54:19","modified_gmt":"2025-11-20T09:54:19","slug":"kissflow-recensione","status":"publish","type":"page","link":"https:\/\/www.accuratereviews.com\/it\/piattaforme-no-code\/kissflow-recensione\/","title":{"rendered":"Kissflow"},"content":{"rendered":"<p><strong>Kissflow<\/strong> \u00e8 una piattaforma<strong> low-code<\/strong> facile da usare per lo sviluppo di applicazioni personalizzate, su misura, utile per le operazioni aziendali. Consente ai responsabili dei processi e agli sviluppatori IT di automatizzare e creare processi e applicazioni di middle-office rapidamente rispetto ad altri metodi di sviluppo. Le funzionalit\u00e0 <strong>no-code<\/strong> permettono ai responsabili dei processi e ai responsabili aziendali di automatizzare processi e flussi di lavoro aziendali in modalit\u00e0 self-service, senza alcuna conoscenza di programmazione. <strong>Kissflow<\/strong> offre, inoltre, un robusto modulo di integrazione e un modulo di business intelligence e reporting.<\/p>\n<h2>KISSFLOW &#8211; TUTORIAL<\/h2>\n<div id=\"fluid-wrapper-counter-1\" class=\"g1-fluid-wrapper \" style=\"width:686px;\">\n<div style=\"padding-bottom:56.268221574344%;\"><iframe loading=\"lazy\" title=\"What&#039;s New In Kissflow - April 2024\" width=\"686\" height=\"386\" src=\"https:\/\/www.youtube.com\/embed\/7EteP-VwKAw?feature=oembed&amp;wmode=transparent&amp;autohide=1&amp;autoplay=0&amp;disablekb=0&amp;fs=1&amp;loop=0&amp;enablejsapi=1&amp;rel=0&amp;controls=2&amp;showinfo=0&amp;wmode=transparent&amp;autohide=2&amp;autoplay=0&amp;disablekb=0&amp;fs=1&amp;loop=0&amp;enablejsapi=1&amp;rel=0&amp;controls=2&amp;showinfo=1\" frameborder=\"0\" allow=\"accelerometer; autoplay; clipboard-write; encrypted-media; gyroscope; picture-in-picture; web-share\" referrerpolicy=\"strict-origin-when-cross-origin\" allowfullscreen><\/iframe><\/div>\n<\/div>\n<h3>KISSFLOW &#8211; CARATTERISTICHE<\/h3>\n<ul>\n<li>Genera frammenti di codice, moduli e flussi di lavoro utilizzando semplici prompt in linguaggio naturale<\/li>\n<li>Automatizza le attivit\u00e0 di routine con l&#8217;assistenza basata sull&#8217;intelligenza artificiale<\/li>\n<li>Riduci i tempi di sviluppo fino al 70% con suggerimenti intelligenti<\/li>\n<li>Trasforma istantaneamente i requisiti aziendali in soluzioni funzionanti<\/li>\n<li>Gli utenti non tecnici possono creare app funzionali senza competenze di programmazione.<\/li>\n<li>Progetta e testa rapidamente le applicazioni per accelerare i cicli di sviluppo.<\/li>\n<li>Espandi facilmente le applicazioni man mano che crescono i requisiti aziendali.<\/li>\n<li>Mantieni la governance consentendo al contempo uno sviluppo controllato dei cittadini.<\/li>\n<li>Incoraggia soluzioni creative utilizzando strumenti di sviluppo accessibili.<\/li>\n<li>Risparmia sui costi di sviluppo grazie a consegne pi\u00f9 rapide e componenti riutilizzabili.<\/li>\n<\/ul>\n<h4>LE RECENSIONI DEGLI UTENTI<\/h4>\n<p><strong>Shivam &#8220;Automazione del flusso di lavoro semplice con alcuni limiti&#8221;<\/strong><br \/>\nKissflow semplifica l&#8217;automazione del flusso di lavoro con un&#8217;interfaccia intuitiva, ma pu\u00f2 risultare limitato per le attivit\u00e0 complesse. \u00c8 ideale per i piccoli team, ma potrebbe risultare lento o carente di personalizzazione per le aziende pi\u00f9 grandi.<br \/>\n<strong>Pro<\/strong>: Il vantaggio principale di Kissflow \u00e8 l&#8217;automazione del flusso di lavoro senza codice. Rende l&#8217;automazione dei processi accessibile anche agli utenti non tecnici, consentendo loro di creare e gestire flussi di lavoro con una semplice interfaccia drag-and-drop.<br \/>\n<strong>Contro<\/strong>: Personalizzazione limitata: sebbene non offra opzioni low-code, una personalizzazione pi\u00f9 approfondita pu\u00f2 risultare restrittiva rispetto alle piattaforme pi\u00f9 avanzate.<\/p>\n<p><strong>Jodi &#8220;Kissflow gestisce il tuo flusso di lavoro per te!&#8221;<\/strong><br \/>\n\u00c8 stato fantastico! Un software fantastico! Il formato \u00e8 semplice, rendendolo facile da comprendere anche per i nuovi utenti. Il monitoraggio delle attivit\u00e0 \u00e8 impostato per aiutarti a rimanere concentrato ed \u00e8 strutturato in un formato semplice che rende le attivit\u00e0 facili da svolgere. Finora, lo adoro!<br \/>\n<strong>Pro<\/strong>: con Kissflow, condividere le attivit\u00e0 diventa un gioco da ragazzi! Il suo layout semplice e intuitivo e gli elementi di condivisione delle attivit\u00e0 facili da usare ti semplificheranno la vita!<br \/>\n<strong>Contro<\/strong>: l&#8217;unica modifica che apporterei quando aggiungo altre attivit\u00e0 che hai completato \u00e8 aggiungere una breve nota didattica. Ho perso circa un&#8217;ora prima di rendermi conto che dovevo aggiungere una riga e poi cliccare sulla riga aggiunta per far apparire qualcosa e poter allegare un file.<\/p>\n<p><strong>Katelyn &#8220;Autoesplicativo e semplice da usare&#8221;<\/strong><br \/>\nl&#8217;ho usato in un lavoro precedente ed era il mio programma preferito.<br \/>\n<strong>Pro<\/strong>: questo programma \u00e8 davvero facile da usare. Altri programmi sono un po&#8217; pi\u00f9 complicati. Mi piace il fatto che sia molto intuitivo una volta iniziati a inserire le informazioni.<br \/>\n<strong>Contro<\/strong>: all&#8217;epoca non mi piaceva il fatto di non essere avvisato quando qualcosa veniva approvato. Dovevo controllare pi\u00f9 volte al giorno le approvazioni.<\/p>\n","protected":false},"excerpt":{"rendered":"<p>Kissflow \u00e8 una piattaforma low-code facile da usare per lo sviluppo di applicazioni personalizzate, su misura, utile per le operazioni aziendali. Consente ai responsabili dei processi e agli sviluppatori IT di automatizzare e creare processi e applicazioni di middle-office rapidamente rispetto ad altri metodi di sviluppo.<\/p>\n","protected":false},"author":19,"featured_media":104991,"parent":99993,"menu_order":0,"comment_status":"open","ping_status":"closed","template":"g1_template_page_review_new.php","meta":{"_acf_changed":false,"cwp_meta_box_check":"Yes","cwp_rev_product_name":"","cwp_rev_product_image":"","wppr_links":[],"cwp_rev_price":"0.00","wppr_options":[{"name":"Usability","value":"0"},{"name":"Speed","value":"0"},{"name":"Features","value":"0"},{"name":"Support","value":"0"},{"name":"Pricing","value":"0"}],"wppr_pros":["","","","",""],"wppr_cons":["","","","",""],"_monsterinsights_skip_tracking":false,"_monsterinsights_sitenote_active":false,"_monsterinsights_sitenote_note":"","_monsterinsights_sitenote_category":0,"footnotes":""},"categories":[16551],"tags":[16746,16554,16571,16573,16556,16572],"features":[],"class_list":{"0":"post-104990","1":"page","2":"type-page","3":"status-publish","4":"has-post-thumbnail","6":"category-piattaforme-no-code-cat","7":"tag-kissflow","8":"tag-no-code","9":"tag-piattaforma-no-code","10":"tag-programma-no-code","11":"tag-software-no-code","12":"tag-soluzione-no-code"},"wppr_data":{"cwp_meta_box_check":"Yes","_wppr_review_template":"default","cwp_rev_product_image":"","cwp_image_link":"image","wppr_links":[],"cwp_rev_price":"0.00","wppr_pros":["","","","",""],"wppr_cons":["","","","",""],"wppr_rating":"0.00","wppr_options":{"1":{"name":"Usability","value":"0"},"2":{"name":"Speed","value":"0"},"3":{"name":"Features","value":"0"},"4":{"name":"Support","value":"0"},"5":{"name":"Pricing","value":"0"}},"wppr_review_type":"Product","wppr_review_custom_fields":{"additionalProperty":"","additionalType":"","aggregateRating":"","alternateName":"","audience":"","award":"","awards":"","brand":"","color":"","depth":"","description":"","disambiguatingDescription":"","gtin12":"","gtin13":"","gtin14":"","gtin8":"","height":"","identifier":"","image":"","isAccessoryOrSparePartFor":"","isConsumableFor":"","isRelatedTo":"","isSimilarTo":"","itemCondition":"","logo":"","mainEntityOfPage":"","manufacturer":"","material":"","model":"","mpn":"","name":"","offers":"","potentialAction":"","productID":"","productionDate":"","purchaseDate":"","releaseDate":"","review":"","reviews":"","sameAs":"","sku":"","slogan":"","subjectOf":"","url":"","weight":"","width":""}},"acf":[],"yoast_head":"<!-- This site is optimized with the Yoast SEO plugin v27.4 - https:\/\/yoast.com\/product\/yoast-seo-wordpress\/ -->\n<title>Kissflow: recensione piattaforme no-code - Accurate Reviews<\/title>\n<meta name=\"description\" content=\"Kissflow: recensione piattaforma low-code facile da usare per lo sviluppo di applicazioni personalizzate per le operazioni aziendali.\" \/>\n<meta name=\"robots\" content=\"index, follow, max-snippet:-1, max-image-preview:large, max-video-preview:-1\" \/>\n<link rel=\"canonical\" href=\"https:\/\/www.accuratereviews.com\/it\/piattaforme-no-code\/kissflow-recensione\/\" \/>\n<meta property=\"og:locale\" content=\"it_IT\" \/>\n<meta property=\"og:type\" content=\"article\" \/>\n<meta property=\"og:title\" content=\"Kissflow: recensione piattaforme no-code - Accurate Reviews\" \/>\n<meta property=\"og:description\" content=\"Kissflow: recensione piattaforma low-code facile da usare per lo sviluppo di applicazioni personalizzate per le operazioni aziendali.\" \/>\n<meta property=\"og:url\" content=\"https:\/\/www.accuratereviews.com\/it\/piattaforme-no-code\/kissflow-recensione\/\" \/>\n<meta property=\"og:site_name\" content=\"Accurate Reviews\" \/>\n<meta property=\"article:modified_time\" content=\"2025-11-20T09:54:19+00:00\" \/>\n<meta property=\"og:image\" content=\"https:\/\/www.accuratereviews.com\/wp-content\/uploads\/2025\/11\/kissflow.png\" \/>\n\t<meta property=\"og:image:width\" content=\"500\" \/>\n\t<meta property=\"og:image:height\" content=\"500\" \/>\n\t<meta property=\"og:image:type\" content=\"image\/png\" \/>\n<meta name=\"twitter:card\" content=\"summary_large_image\" \/>\n<meta name=\"twitter:label1\" content=\"Tempo di lettura stimato\" \/>\n\t<meta name=\"twitter:data1\" content=\"4 minuti\" \/>\n<script type=\"application\/ld+json\" class=\"yoast-schema-graph\">{\"@context\":\"https:\\\/\\\/schema.org\",\"@graph\":[{\"@type\":\"WebPage\",\"@id\":\"https:\\\/\\\/www.accuratereviews.com\\\/it\\\/piattaforme-no-code\\\/kissflow-recensione\\\/\",\"url\":\"https:\\\/\\\/www.accuratereviews.com\\\/it\\\/piattaforme-no-code\\\/kissflow-recensione\\\/\",\"name\":\"Kissflow: recensione piattaforme no-code - Accurate Reviews\",\"isPartOf\":{\"@id\":\"https:\\\/\\\/www.accuratereviews.com\\\/it\\\/#website\"},\"primaryImageOfPage\":{\"@id\":\"https:\\\/\\\/www.accuratereviews.com\\\/it\\\/piattaforme-no-code\\\/kissflow-recensione\\\/#primaryimage\"},\"image\":{\"@id\":\"https:\\\/\\\/www.accuratereviews.com\\\/it\\\/piattaforme-no-code\\\/kissflow-recensione\\\/#primaryimage\"},\"thumbnailUrl\":\"https:\\\/\\\/www.accuratereviews.com\\\/wp-content\\\/uploads\\\/2025\\\/11\\\/kissflow.png\",\"datePublished\":\"2025-11-12T18:18:50+00:00\",\"dateModified\":\"2025-11-20T09:54:19+00:00\",\"description\":\"Kissflow: recensione piattaforma low-code facile da usare per lo sviluppo di applicazioni personalizzate per le operazioni aziendali.\",\"breadcrumb\":{\"@id\":\"https:\\\/\\\/www.accuratereviews.com\\\/it\\\/piattaforme-no-code\\\/kissflow-recensione\\\/#breadcrumb\"},\"inLanguage\":\"it-IT\",\"potentialAction\":[{\"@type\":\"ReadAction\",\"target\":[\"https:\\\/\\\/www.accuratereviews.com\\\/it\\\/piattaforme-no-code\\\/kissflow-recensione\\\/\"]}]},{\"@type\":\"ImageObject\",\"inLanguage\":\"it-IT\",\"@id\":\"https:\\\/\\\/www.accuratereviews.com\\\/it\\\/piattaforme-no-code\\\/kissflow-recensione\\\/#primaryimage\",\"url\":\"https:\\\/\\\/www.accuratereviews.com\\\/wp-content\\\/uploads\\\/2025\\\/11\\\/kissflow.png\",\"contentUrl\":\"https:\\\/\\\/www.accuratereviews.com\\\/wp-content\\\/uploads\\\/2025\\\/11\\\/kissflow.png\",\"width\":500,\"height\":500},{\"@type\":\"BreadcrumbList\",\"@id\":\"https:\\\/\\\/www.accuratereviews.com\\\/it\\\/piattaforme-no-code\\\/kissflow-recensione\\\/#breadcrumb\",\"itemListElement\":[{\"@type\":\"ListItem\",\"position\":1,\"name\":\"Home\",\"item\":\"https:\\\/\\\/www.accuratereviews.com\\\/it\\\/\"},{\"@type\":\"ListItem\",\"position\":2,\"name\":\"Piattaforme no-code\",\"item\":\"https:\\\/\\\/www.accuratereviews.com\\\/it\\\/piattaforme-no-code\\\/\"},{\"@type\":\"ListItem\",\"position\":3,\"name\":\"Kissflow\"}]},{\"@type\":\"WebSite\",\"@id\":\"https:\\\/\\\/www.accuratereviews.com\\\/it\\\/#website\",\"url\":\"https:\\\/\\\/www.accuratereviews.com\\\/it\\\/\",\"name\":\"Accurate Reviews\",\"description\":\"\",\"potentialAction\":[{\"@type\":\"SearchAction\",\"target\":{\"@type\":\"EntryPoint\",\"urlTemplate\":\"https:\\\/\\\/www.accuratereviews.com\\\/it\\\/?s={search_term_string}\"},\"query-input\":{\"@type\":\"PropertyValueSpecification\",\"valueRequired\":true,\"valueName\":\"search_term_string\"}}],\"inLanguage\":\"it-IT\"}]}<\/script>\n<!-- \/ Yoast SEO plugin. -->","yoast_head_json":{"title":"Kissflow: recensione piattaforme no-code - Accurate Reviews","description":"Kissflow: recensione piattaforma low-code facile da usare per lo sviluppo di applicazioni personalizzate per le operazioni aziendali.","robots":{"index":"index","follow":"follow","max-snippet":"max-snippet:-1","max-image-preview":"max-image-preview:large","max-video-preview":"max-video-preview:-1"},"canonical":"https:\/\/www.accuratereviews.com\/it\/piattaforme-no-code\/kissflow-recensione\/","og_locale":"it_IT","og_type":"article","og_title":"Kissflow: recensione piattaforme no-code - Accurate Reviews","og_description":"Kissflow: recensione piattaforma low-code facile da usare per lo sviluppo di applicazioni personalizzate per le operazioni aziendali.","og_url":"https:\/\/www.accuratereviews.com\/it\/piattaforme-no-code\/kissflow-recensione\/","og_site_name":"Accurate Reviews","article_modified_time":"2025-11-20T09:54:19+00:00","og_image":[{"width":500,"height":500,"url":"https:\/\/www.accuratereviews.com\/wp-content\/uploads\/2025\/11\/kissflow.png","type":"image\/png"}],"twitter_card":"summary_large_image","twitter_misc":{"Tempo di lettura stimato":"4 minuti"},"schema":{"@context":"https:\/\/schema.org","@graph":[{"@type":"WebPage","@id":"https:\/\/www.accuratereviews.com\/it\/piattaforme-no-code\/kissflow-recensione\/","url":"https:\/\/www.accuratereviews.com\/it\/piattaforme-no-code\/kissflow-recensione\/","name":"Kissflow: recensione piattaforme no-code - Accurate Reviews","isPartOf":{"@id":"https:\/\/www.accuratereviews.com\/it\/#website"},"primaryImageOfPage":{"@id":"https:\/\/www.accuratereviews.com\/it\/piattaforme-no-code\/kissflow-recensione\/#primaryimage"},"image":{"@id":"https:\/\/www.accuratereviews.com\/it\/piattaforme-no-code\/kissflow-recensione\/#primaryimage"},"thumbnailUrl":"https:\/\/www.accuratereviews.com\/wp-content\/uploads\/2025\/11\/kissflow.png","datePublished":"2025-11-12T18:18:50+00:00","dateModified":"2025-11-20T09:54:19+00:00","description":"Kissflow: recensione piattaforma low-code facile da usare per lo sviluppo di applicazioni personalizzate per le operazioni aziendali.","breadcrumb":{"@id":"https:\/\/www.accuratereviews.com\/it\/piattaforme-no-code\/kissflow-recensione\/#breadcrumb"},"inLanguage":"it-IT","potentialAction":[{"@type":"ReadAction","target":["https:\/\/www.accuratereviews.com\/it\/piattaforme-no-code\/kissflow-recensione\/"]}]},{"@type":"ImageObject","inLanguage":"it-IT","@id":"https:\/\/www.accuratereviews.com\/it\/piattaforme-no-code\/kissflow-recensione\/#primaryimage","url":"https:\/\/www.accuratereviews.com\/wp-content\/uploads\/2025\/11\/kissflow.png","contentUrl":"https:\/\/www.accuratereviews.com\/wp-content\/uploads\/2025\/11\/kissflow.png","width":500,"height":500},{"@type":"BreadcrumbList","@id":"https:\/\/www.accuratereviews.com\/it\/piattaforme-no-code\/kissflow-recensione\/#breadcrumb","itemListElement":[{"@type":"ListItem","position":1,"name":"Home","item":"https:\/\/www.accuratereviews.com\/it\/"},{"@type":"ListItem","position":2,"name":"Piattaforme no-code","item":"https:\/\/www.accuratereviews.com\/it\/piattaforme-no-code\/"},{"@type":"ListItem","position":3,"name":"Kissflow"}]},{"@type":"WebSite","@id":"https:\/\/www.accuratereviews.com\/it\/#website","url":"https:\/\/www.accuratereviews.com\/it\/","name":"Accurate Reviews","description":"","potentialAction":[{"@type":"SearchAction","target":{"@type":"EntryPoint","urlTemplate":"https:\/\/www.accuratereviews.com\/it\/?s={search_term_string}"},"query-input":{"@type":"PropertyValueSpecification","valueRequired":true,"valueName":"search_term_string"}}],"inLanguage":"it-IT"}]}},"_links":{"self":[{"href":"https:\/\/www.accuratereviews.com\/it\/wp-json\/wp\/v2\/pages\/104990","targetHints":{"allow":["GET"]}}],"collection":[{"href":"https:\/\/www.accuratereviews.com\/it\/wp-json\/wp\/v2\/pages"}],"about":[{"href":"https:\/\/www.accuratereviews.com\/it\/wp-json\/wp\/v2\/types\/page"}],"author":[{"embeddable":true,"href":"https:\/\/www.accuratereviews.com\/it\/wp-json\/wp\/v2\/users\/19"}],"replies":[{"embeddable":true,"href":"https:\/\/www.accuratereviews.com\/it\/wp-json\/wp\/v2\/comments?post=104990"}],"version-history":[{"count":9,"href":"https:\/\/www.accuratereviews.com\/it\/wp-json\/wp\/v2\/pages\/104990\/revisions"}],"predecessor-version":[{"id":105110,"href":"https:\/\/www.accuratereviews.com\/it\/wp-json\/wp\/v2\/pages\/104990\/revisions\/105110"}],"up":[{"embeddable":true,"href":"https:\/\/www.accuratereviews.com\/it\/wp-json\/wp\/v2\/pages\/99993"}],"wp:featuredmedia":[{"embeddable":true,"href":"https:\/\/www.accuratereviews.com\/it\/wp-json\/wp\/v2\/media\/104991"}],"wp:attachment":[{"href":"https:\/\/www.accuratereviews.com\/it\/wp-json\/wp\/v2\/media?parent=104990"}],"wp:term":[{"taxonomy":"category","embeddable":true,"href":"https:\/\/www.accuratereviews.com\/it\/wp-json\/wp\/v2\/categories?post=104990"},{"taxonomy":"post_tag","embeddable":true,"href":"https:\/\/www.accuratereviews.com\/it\/wp-json\/wp\/v2\/tags?post=104990"},{"taxonomy":"features","embeddable":true,"href":"https:\/\/www.accuratereviews.com\/it\/wp-json\/wp\/v2\/features?post=104990"}],"curies":[{"name":"wp","href":"https:\/\/api.w.org\/{rel}","templated":true}]}}