{"id":105004,"date":"2025-11-13T15:54:51","date_gmt":"2025-11-13T15:54:51","guid":{"rendered":"https:\/\/www.accuratereviews.com\/?page_id=105004"},"modified":"2025-11-13T15:54:51","modified_gmt":"2025-11-13T15:54:51","slug":"product-fruits-recensione","status":"publish","type":"page","link":"https:\/\/www.accuratereviews.com\/it\/piattaforme-no-code\/product-fruits-recensione\/","title":{"rendered":"Product Fruits"},"content":{"rendered":"<p><strong>Product Fruits<\/strong> \u00e8 una<strong> piattaforma di onboarding<\/strong> clienti, progettata per migliorare l&#8217;adozione e la fidelizzazione degli utenti attraverso strumenti di guida interattivi. La piattaforma include funzionalit\u00e0 come tour e guide interattive che aiutano gli utenti a navigare nelle applicazioni, checklist di onboarding che suddividono le attivit\u00e0 complesse e suggerimenti contestuali e tooltip che evidenziano le funzionalit\u00e0 chiave.<br \/>\n<strong>Product Fruits <\/strong>fornisce annunci in-app tramite pop-up, banner e newsfeed per condividere gli aggiornamenti. Sono inclusi strumenti per misurare la soddisfazione degli utenti, come i <strong>sondaggi NPS<\/strong>, insieme a un widget di feedback per raccogliere recensioni. Le funzionalit\u00e0 basate sull&#8217;intelligenza artificiale automatizzano la creazione di tour di benvenuto, guide alle funzionalit\u00e0 e annunci, semplificando lo sviluppo dei contenuti. I flussi di onboarding possono essere attivati \u200b\u200bin base alle attivit\u00e0 degli utenti utilizzando eventi personalizzati. Una knowledge base organizza i contenuti per il supporto self-service.<\/p>\n<h2>PRODUCT FRUITS &#8211; TUTORIAL<\/h2>\n<div id=\"fluid-wrapper-counter-1\" class=\"g1-fluid-wrapper \" style=\"width:686px;\">\n<div style=\"padding-bottom:56.268221574344%;\"><iframe loading=\"lazy\" title=\"Survey Copilot by Product Fruits\" width=\"686\" height=\"386\" src=\"https:\/\/www.youtube.com\/embed\/cEs4fU3JwA4?feature=oembed&amp;wmode=transparent&amp;autohide=1&amp;autoplay=0&amp;disablekb=0&amp;fs=1&amp;loop=0&amp;enablejsapi=1&amp;rel=0&amp;controls=2&amp;showinfo=0&amp;wmode=transparent&amp;autohide=2&amp;autoplay=0&amp;disablekb=0&amp;fs=1&amp;loop=0&amp;enablejsapi=1&amp;rel=0&amp;controls=2&amp;showinfo=1\" frameborder=\"0\" allow=\"accelerometer; autoplay; clipboard-write; encrypted-media; gyroscope; picture-in-picture; web-share\" referrerpolicy=\"strict-origin-when-cross-origin\" allowfullscreen><\/iframe><\/div>\n<\/div>\n<h3>PRODUCT FRUITS &#8211; CARATTERISTICHE<\/h3>\n<ul>\n<li>Aiuta gli utenti a imparare rapidamente la tua applicazione<\/li>\n<li>Trasforma un onboarding complesso in un percorso chiaro e graduale<\/li>\n<li>Evidenzia le funzionalit\u00e0, fornisci suggerimenti e informazioni contestuali<\/li>\n<li>Misura la fedelt\u00e0, la soddisfazione e acquisisci insight<\/li>\n<li>Risolvi automaticamente il 66% delle domande di supporto<\/li>\n<li>Semplifica per gli utenti la segnalazione di bug e l&#8217;invio Feedback<\/li>\n<li>Pop-up, banner e newsfeed per tenere informati i tuoi utenti<\/li>\n<li>Mantieni le conoscenze della tua azienda organizzate e facilmente accessibili<\/li>\n<\/ul>\n<h4>LE RECENSIONI DEGLI UTENTI<\/h4>\n<p><strong>Nils &#8220;Product Fruits offre un&#8217;ottima usabilit\u00e0, anche se \u00e8 relativamente costoso.&#8221;<\/strong><br \/>\n<strong>Pro<\/strong>: in generale, Product Fruits \u00e8 molto intuitivo. \u00c8 ben strutturato e presenta un&#8217;interfaccia accattivante e intuitiva.<br \/>\n<strong>Contro<\/strong>: il prodotto Fruits \u00e8 piuttosto costoso, quindi se non si prevede di utilizzarlo regolarmente e costantemente, potrebbe non essere molto conveniente.<\/p>\n<p><strong>Aaron &#8220;Servizio eccezionale&#8221;<\/strong><br \/>\nRispondono in pochi minuti e si impegnano davvero a comprendere i problemi della tua azienda e a trovare soluzioni creative per risolverli. Un servizio davvero straordinario.<br \/>\n<strong>Pro<\/strong>: oltre a ci\u00f2, il loro supporto e la loro reattivit\u00e0 sono fantastici. Ho interagito con loro diverse volte e sono sempre stati di grande aiuto nel trovare soluzioni o addirittura nell&#8217;implementare soluzioni rapide.<br \/>\n<strong>Contro<\/strong>: la selezione CSS per i suggerimenti a volte pu\u00f2 essere complicata<\/p>\n<p><strong>Ganesh Prasad &#8220;Ideale per tour rapidi e senza codice dei prodotti&#8221;<\/strong><br \/>\n<strong>Pro:<\/strong> Molto intuitivo da configurare e utilizzare: curva di apprendimento minima. Opzioni flessibili per creare tour guidati, tooltip e checklist senza bisogno di scrivere codice. Buon equilibrio tra semplicit\u00e0 e personalizzazione. Integrazione fluida nei flussi di lavoro esistenti. Analisi utili per monitorare il coinvolgimento e i tassi di completamento.<br \/>\n<strong>Contro:<\/strong> l&#8217;interfaccia utente potrebbe risultare un po&#8217; limitante quando si cerca di progettare esperienze pi\u00f9 curate o personalizzate. Alcune personalizzazioni avanzate (stile, controllo del layout) richiedono soluzioni alternative. Le analisi sono utili, ma potrebbero essere pi\u00f9 approfondite (ad esempio, informazioni pi\u00f9 dettagliate a livello utente). Piccole stranezze occasionali durante l&#8217;impostazione di flussi complessi su pi\u00f9 pagine.<\/p>\n","protected":false},"excerpt":{"rendered":"<p>Product Fruits \u00e8 una piattaforma di onboarding clienti, progettata per migliorare l&#8217;adozione e la fidelizzazione degli utenti attraverso strumenti di guida interattivi. La piattaforma include funzionalit\u00e0 come tour e guide interattive che aiutano gli utenti a navigare nelle applicazioni, checklist di onboarding che suddividono le attivit\u00e0 complesse e suggerimenti contestuali e tooltip che evidenziano le funzionalit\u00e0 chiave.<\/p>\n","protected":false},"author":19,"featured_media":105005,"parent":99993,"menu_order":0,"comment_status":"open","ping_status":"closed","template":"g1_template_page_review_new.php","meta":{"_acf_changed":false,"cwp_meta_box_check":"Yes","cwp_rev_product_name":"","cwp_rev_product_image":"","wppr_links":[],"cwp_rev_price":"0.00","wppr_options":[{"name":"Usability","value":"0"},{"name":"Speed","value":"0"},{"name":"Features","value":"0"},{"name":"Support","value":"0"},{"name":"Pricing","value":"0"}],"wppr_pros":["","","","",""],"wppr_cons":["","","","",""],"_monsterinsights_skip_tracking":false,"_monsterinsights_sitenote_active":false,"_monsterinsights_sitenote_note":"","_monsterinsights_sitenote_category":0,"footnotes":""},"categories":[16551],"tags":[16554,16571,16747,16573,16556,16572],"features":[],"class_list":{"0":"post-105004","1":"page","2":"type-page","3":"status-publish","4":"has-post-thumbnail","6":"category-piattaforme-no-code-cat","7":"tag-no-code","8":"tag-piattaforma-no-code","9":"tag-product-fruits","10":"tag-programma-no-code","11":"tag-software-no-code","12":"tag-soluzione-no-code"},"wppr_data":{"cwp_meta_box_check":"Yes","_wppr_review_template":"default","cwp_rev_product_image":"","cwp_image_link":"image","wppr_links":[],"cwp_rev_price":"0.00","wppr_pros":["","","","",""],"wppr_cons":["","","","",""],"wppr_rating":"0.00","wppr_options":{"1":{"name":"Usability","value":"0"},"2":{"name":"Speed","value":"0"},"3":{"name":"Features","value":"0"},"4":{"name":"Support","value":"0"},"5":{"name":"Pricing","value":"0"}},"wppr_review_type":"Product","wppr_review_custom_fields":{"additionalProperty":"","additionalType":"","aggregateRating":"","alternateName":"","audience":"","award":"","awards":"","brand":"","color":"","depth":"","description":"","disambiguatingDescription":"","gtin12":"","gtin13":"","gtin14":"","gtin8":"","height":"","identifier":"","image":"","isAccessoryOrSparePartFor":"","isConsumableFor":"","isRelatedTo":"","isSimilarTo":"","itemCondition":"","logo":"","mainEntityOfPage":"","manufacturer":"","material":"","model":"","mpn":"","name":"","offers":"","potentialAction":"","productID":"","productionDate":"","purchaseDate":"","releaseDate":"","review":"","reviews":"","sameAs":"","sku":"","slogan":"","subjectOf":"","url":"","weight":"","width":""}},"acf":[],"yoast_head":"<!-- This site is optimized with the Yoast SEO plugin v27.4 - https:\/\/yoast.com\/product\/yoast-seo-wordpress\/ -->\n<title>Product Fruits: recensione piattaforma no-code - Accurate Reviews<\/title>\n<meta name=\"description\" content=\"Product Fruits: recensione piattaforma onboarding clienti per migliorare l&#039;adozione e la fidelizzazione degli utenti.\" \/>\n<meta name=\"robots\" content=\"index, follow, max-snippet:-1, max-image-preview:large, max-video-preview:-1\" \/>\n<link rel=\"canonical\" href=\"https:\/\/www.accuratereviews.com\/it\/piattaforme-no-code\/product-fruits-recensione\/\" \/>\n<meta property=\"og:locale\" content=\"it_IT\" \/>\n<meta property=\"og:type\" content=\"article\" \/>\n<meta property=\"og:title\" content=\"Product Fruits: recensione piattaforma no-code - Accurate Reviews\" \/>\n<meta property=\"og:description\" content=\"Product Fruits: recensione piattaforma onboarding clienti per migliorare l&#039;adozione e la fidelizzazione degli utenti.\" \/>\n<meta property=\"og:url\" content=\"https:\/\/www.accuratereviews.com\/it\/piattaforme-no-code\/product-fruits-recensione\/\" \/>\n<meta property=\"og:site_name\" content=\"Accurate Reviews\" \/>\n<meta property=\"og:image\" content=\"https:\/\/www.accuratereviews.com\/wp-content\/uploads\/2025\/11\/Product-Fruits-.png\" \/>\n\t<meta property=\"og:image:width\" content=\"225\" \/>\n\t<meta property=\"og:image:height\" content=\"225\" \/>\n\t<meta property=\"og:image:type\" content=\"image\/png\" \/>\n<meta name=\"twitter:card\" content=\"summary_large_image\" \/>\n<meta name=\"twitter:label1\" content=\"Tempo di lettura stimato\" \/>\n\t<meta name=\"twitter:data1\" content=\"4 minuti\" \/>\n<script type=\"application\/ld+json\" class=\"yoast-schema-graph\">{\"@context\":\"https:\\\/\\\/schema.org\",\"@graph\":[{\"@type\":\"WebPage\",\"@id\":\"https:\\\/\\\/www.accuratereviews.com\\\/it\\\/piattaforme-no-code\\\/product-fruits-recensione\\\/\",\"url\":\"https:\\\/\\\/www.accuratereviews.com\\\/it\\\/piattaforme-no-code\\\/product-fruits-recensione\\\/\",\"name\":\"Product Fruits: recensione piattaforma no-code - Accurate Reviews\",\"isPartOf\":{\"@id\":\"https:\\\/\\\/www.accuratereviews.com\\\/it\\\/#website\"},\"primaryImageOfPage\":{\"@id\":\"https:\\\/\\\/www.accuratereviews.com\\\/it\\\/piattaforme-no-code\\\/product-fruits-recensione\\\/#primaryimage\"},\"image\":{\"@id\":\"https:\\\/\\\/www.accuratereviews.com\\\/it\\\/piattaforme-no-code\\\/product-fruits-recensione\\\/#primaryimage\"},\"thumbnailUrl\":\"https:\\\/\\\/www.accuratereviews.com\\\/wp-content\\\/uploads\\\/2025\\\/11\\\/Product-Fruits-.png\",\"datePublished\":\"2025-11-13T15:54:51+00:00\",\"description\":\"Product Fruits: recensione piattaforma onboarding clienti per migliorare l'adozione e la fidelizzazione degli utenti.\",\"breadcrumb\":{\"@id\":\"https:\\\/\\\/www.accuratereviews.com\\\/it\\\/piattaforme-no-code\\\/product-fruits-recensione\\\/#breadcrumb\"},\"inLanguage\":\"it-IT\",\"potentialAction\":[{\"@type\":\"ReadAction\",\"target\":[\"https:\\\/\\\/www.accuratereviews.com\\\/it\\\/piattaforme-no-code\\\/product-fruits-recensione\\\/\"]}]},{\"@type\":\"ImageObject\",\"inLanguage\":\"it-IT\",\"@id\":\"https:\\\/\\\/www.accuratereviews.com\\\/it\\\/piattaforme-no-code\\\/product-fruits-recensione\\\/#primaryimage\",\"url\":\"https:\\\/\\\/www.accuratereviews.com\\\/wp-content\\\/uploads\\\/2025\\\/11\\\/Product-Fruits-.png\",\"contentUrl\":\"https:\\\/\\\/www.accuratereviews.com\\\/wp-content\\\/uploads\\\/2025\\\/11\\\/Product-Fruits-.png\",\"width\":225,\"height\":225},{\"@type\":\"BreadcrumbList\",\"@id\":\"https:\\\/\\\/www.accuratereviews.com\\\/it\\\/piattaforme-no-code\\\/product-fruits-recensione\\\/#breadcrumb\",\"itemListElement\":[{\"@type\":\"ListItem\",\"position\":1,\"name\":\"Home\",\"item\":\"https:\\\/\\\/www.accuratereviews.com\\\/it\\\/\"},{\"@type\":\"ListItem\",\"position\":2,\"name\":\"Piattaforme no-code\",\"item\":\"https:\\\/\\\/www.accuratereviews.com\\\/it\\\/piattaforme-no-code\\\/\"},{\"@type\":\"ListItem\",\"position\":3,\"name\":\"Product Fruits\"}]},{\"@type\":\"WebSite\",\"@id\":\"https:\\\/\\\/www.accuratereviews.com\\\/it\\\/#website\",\"url\":\"https:\\\/\\\/www.accuratereviews.com\\\/it\\\/\",\"name\":\"Accurate Reviews\",\"description\":\"\",\"potentialAction\":[{\"@type\":\"SearchAction\",\"target\":{\"@type\":\"EntryPoint\",\"urlTemplate\":\"https:\\\/\\\/www.accuratereviews.com\\\/it\\\/?s={search_term_string}\"},\"query-input\":{\"@type\":\"PropertyValueSpecification\",\"valueRequired\":true,\"valueName\":\"search_term_string\"}}],\"inLanguage\":\"it-IT\"}]}<\/script>\n<!-- \/ Yoast SEO plugin. -->","yoast_head_json":{"title":"Product Fruits: recensione piattaforma no-code - Accurate Reviews","description":"Product Fruits: recensione piattaforma onboarding clienti per migliorare l'adozione e la fidelizzazione degli utenti.","robots":{"index":"index","follow":"follow","max-snippet":"max-snippet:-1","max-image-preview":"max-image-preview:large","max-video-preview":"max-video-preview:-1"},"canonical":"https:\/\/www.accuratereviews.com\/it\/piattaforme-no-code\/product-fruits-recensione\/","og_locale":"it_IT","og_type":"article","og_title":"Product Fruits: recensione piattaforma no-code - Accurate Reviews","og_description":"Product Fruits: recensione piattaforma onboarding clienti per migliorare l'adozione e la fidelizzazione degli utenti.","og_url":"https:\/\/www.accuratereviews.com\/it\/piattaforme-no-code\/product-fruits-recensione\/","og_site_name":"Accurate Reviews","og_image":[{"width":225,"height":225,"url":"https:\/\/www.accuratereviews.com\/wp-content\/uploads\/2025\/11\/Product-Fruits-.png","type":"image\/png"}],"twitter_card":"summary_large_image","twitter_misc":{"Tempo di lettura stimato":"4 minuti"},"schema":{"@context":"https:\/\/schema.org","@graph":[{"@type":"WebPage","@id":"https:\/\/www.accuratereviews.com\/it\/piattaforme-no-code\/product-fruits-recensione\/","url":"https:\/\/www.accuratereviews.com\/it\/piattaforme-no-code\/product-fruits-recensione\/","name":"Product Fruits: recensione piattaforma no-code - Accurate Reviews","isPartOf":{"@id":"https:\/\/www.accuratereviews.com\/it\/#website"},"primaryImageOfPage":{"@id":"https:\/\/www.accuratereviews.com\/it\/piattaforme-no-code\/product-fruits-recensione\/#primaryimage"},"image":{"@id":"https:\/\/www.accuratereviews.com\/it\/piattaforme-no-code\/product-fruits-recensione\/#primaryimage"},"thumbnailUrl":"https:\/\/www.accuratereviews.com\/wp-content\/uploads\/2025\/11\/Product-Fruits-.png","datePublished":"2025-11-13T15:54:51+00:00","description":"Product Fruits: recensione piattaforma onboarding clienti per migliorare l'adozione e la fidelizzazione degli utenti.","breadcrumb":{"@id":"https:\/\/www.accuratereviews.com\/it\/piattaforme-no-code\/product-fruits-recensione\/#breadcrumb"},"inLanguage":"it-IT","potentialAction":[{"@type":"ReadAction","target":["https:\/\/www.accuratereviews.com\/it\/piattaforme-no-code\/product-fruits-recensione\/"]}]},{"@type":"ImageObject","inLanguage":"it-IT","@id":"https:\/\/www.accuratereviews.com\/it\/piattaforme-no-code\/product-fruits-recensione\/#primaryimage","url":"https:\/\/www.accuratereviews.com\/wp-content\/uploads\/2025\/11\/Product-Fruits-.png","contentUrl":"https:\/\/www.accuratereviews.com\/wp-content\/uploads\/2025\/11\/Product-Fruits-.png","width":225,"height":225},{"@type":"BreadcrumbList","@id":"https:\/\/www.accuratereviews.com\/it\/piattaforme-no-code\/product-fruits-recensione\/#breadcrumb","itemListElement":[{"@type":"ListItem","position":1,"name":"Home","item":"https:\/\/www.accuratereviews.com\/it\/"},{"@type":"ListItem","position":2,"name":"Piattaforme no-code","item":"https:\/\/www.accuratereviews.com\/it\/piattaforme-no-code\/"},{"@type":"ListItem","position":3,"name":"Product Fruits"}]},{"@type":"WebSite","@id":"https:\/\/www.accuratereviews.com\/it\/#website","url":"https:\/\/www.accuratereviews.com\/it\/","name":"Accurate Reviews","description":"","potentialAction":[{"@type":"SearchAction","target":{"@type":"EntryPoint","urlTemplate":"https:\/\/www.accuratereviews.com\/it\/?s={search_term_string}"},"query-input":{"@type":"PropertyValueSpecification","valueRequired":true,"valueName":"search_term_string"}}],"inLanguage":"it-IT"}]}},"_links":{"self":[{"href":"https:\/\/www.accuratereviews.com\/it\/wp-json\/wp\/v2\/pages\/105004","targetHints":{"allow":["GET"]}}],"collection":[{"href":"https:\/\/www.accuratereviews.com\/it\/wp-json\/wp\/v2\/pages"}],"about":[{"href":"https:\/\/www.accuratereviews.com\/it\/wp-json\/wp\/v2\/types\/page"}],"author":[{"embeddable":true,"href":"https:\/\/www.accuratereviews.com\/it\/wp-json\/wp\/v2\/users\/19"}],"replies":[{"embeddable":true,"href":"https:\/\/www.accuratereviews.com\/it\/wp-json\/wp\/v2\/comments?post=105004"}],"version-history":[{"count":7,"href":"https:\/\/www.accuratereviews.com\/it\/wp-json\/wp\/v2\/pages\/105004\/revisions"}],"predecessor-version":[{"id":105018,"href":"https:\/\/www.accuratereviews.com\/it\/wp-json\/wp\/v2\/pages\/105004\/revisions\/105018"}],"up":[{"embeddable":true,"href":"https:\/\/www.accuratereviews.com\/it\/wp-json\/wp\/v2\/pages\/99993"}],"wp:featuredmedia":[{"embeddable":true,"href":"https:\/\/www.accuratereviews.com\/it\/wp-json\/wp\/v2\/media\/105005"}],"wp:attachment":[{"href":"https:\/\/www.accuratereviews.com\/it\/wp-json\/wp\/v2\/media?parent=105004"}],"wp:term":[{"taxonomy":"category","embeddable":true,"href":"https:\/\/www.accuratereviews.com\/it\/wp-json\/wp\/v2\/categories?post=105004"},{"taxonomy":"post_tag","embeddable":true,"href":"https:\/\/www.accuratereviews.com\/it\/wp-json\/wp\/v2\/tags?post=105004"},{"taxonomy":"features","embeddable":true,"href":"https:\/\/www.accuratereviews.com\/it\/wp-json\/wp\/v2\/features?post=105004"}],"curies":[{"name":"wp","href":"https:\/\/api.w.org\/{rel}","templated":true}]}}