{"id":105020,"date":"2025-11-17T18:00:46","date_gmt":"2025-11-17T18:00:46","guid":{"rendered":"https:\/\/www.accuratereviews.com\/?page_id=105020"},"modified":"2025-11-18T12:27:44","modified_gmt":"2025-11-18T12:27:44","slug":"knack-recensione","status":"publish","type":"page","link":"https:\/\/www.accuratereviews.com\/it\/piattaforme-no-code\/knack-recensione\/","title":{"rendered":"Knack"},"content":{"rendered":"<p><strong>Knack<\/strong> semplifica lo sviluppo di app personalizzate <strong>senza codice <\/strong>offrendo strumenti semplici per <strong>creare un database online<\/strong> in modo da poter accedere ai tuoi dati da qualsiasi sito web in qualsiasi momento. Aggiungi calendari, moduli, ricerche e altro ancora per visualizzare e aggiornare i record nel tuo database. Sviluppatori e designer possono personalizzare facilmente la tua app per portarla al livello successivo.<br \/>\n<strong>Knack <\/strong>offre una variet\u00e0 di modelli, tra cui un portale clienti, un portale di lavoro, un gestore dell&#8217;inventario, un gestore delle donazioni, un gestore delle relazioni con i clienti, un project manager, un calendario eventi, un elenco di offerte di lavoro, un catalogo prodotti e altro ancora.<\/p>\n<h2>KNACK &#8211; TUTORIAL<\/h2>\n<div id=\"fluid-wrapper-counter-1\" class=\"g1-fluid-wrapper \" style=\"width:686px;\">\n<div style=\"padding-bottom:56.268221574344%;\"><iframe loading=\"lazy\" title=\"Create a Physical and Digital Asset Manager with Knack\" width=\"686\" height=\"386\" src=\"https:\/\/www.youtube.com\/embed\/DRdyiu00TWw?feature=oembed&amp;wmode=transparent&amp;autohide=1&amp;autoplay=0&amp;disablekb=0&amp;fs=1&amp;loop=0&amp;enablejsapi=1&amp;rel=0&amp;controls=2&amp;showinfo=0&amp;wmode=transparent&amp;autohide=2&amp;autoplay=0&amp;disablekb=0&amp;fs=1&amp;loop=0&amp;enablejsapi=1&amp;rel=0&amp;controls=2&amp;showinfo=1\" frameborder=\"0\" allow=\"accelerometer; autoplay; clipboard-write; encrypted-media; gyroscope; picture-in-picture; web-share\" referrerpolicy=\"strict-origin-when-cross-origin\" allowfullscreen><\/iframe><\/div>\n<\/div>\n<h3>KNACK &#8211; CARATTERISTICHE<\/h3>\n<ul>\n<li>Crea app in pochi minuti con l&#8217;intelligenza artificiale<\/li>\n<li>Sblocca i tuoi dati senza codice, cos\u00ec i tuoi team possono sviluppare velocemente<\/li>\n<li>Crea interfacce accattivanti pronte all&#8217;uso, senza codice e senza bisogno di designer o sviluppatori.<\/li>\n<li>Proteggi e controlla i tuoi dati<\/li>\n<li>Raccogli, gestisci e verifica i tuoi dati in un&#8217;unica piattaforma.<\/li>\n<li>Gestisci e collega i tuoi dati<\/li>\n<li>Collega strumenti e sincronizza flussi di lavoro<\/li>\n<li>Crea report e dashboard in tempo reale per prendere decisioni aziendali.<\/li>\n<li>Semplifica la gestione degli accessi e delle autorizzazioni degli utenti<\/li>\n<li>Esegui e automatizza le vendite online<\/li>\n<li>Personalizza la tua interfaccia utente<\/li>\n<li>Semplifica le operazioni con le automazioni<\/li>\n<li>Raccogli e gestisci i dati facilmente<\/li>\n<\/ul>\n<h4>LE RECENSIONI DEGLI UTENTI<\/h4>\n<div class=\"case-card-header text-center w-100 d-block mx-auto position-relative\" style=\"text-align: left;\"><strong>Til &#8220;Applicazioni basate su dati relazionali&#8221;<\/strong><br \/>\n\u00e8 molto facile creare un&#8217;app basata sui dati se si ha esperienza nei database relazionali<br \/>\n<strong>Pro<\/strong>: &#8211; Implementazione del framework per la privacy dei dati &#8211; Ottimo database, soprattutto se si ha esperienza con i database relazionali &#8211; Reattivit\u00e0 intrinseca alla progettazione: non c&#8217;\u00e8 bisogno di preoccuparsene &#8211; Programma di agenzia &#8211; Flussi di competenza per l&#8217;automazione<br \/>\n<strong>Contro<\/strong>: &#8211; Le modifiche grafiche sono limitate &#8211; La chiave primaria nel database \u00e8 difficile da ottenere &#8211; L&#8217;ho fatto con i flussi di Knacks &#8211; Nessuna documentazione adeguata sui cookie &#8211; Problematico per le istruzioni GPDR &#8211; Nessun accesso SQL<\/div>\n<div style=\"text-align: left;\"><\/div>\n<div class=\"case-card-header text-center w-100 d-block mx-auto position-relative\" style=\"text-align: left;\"><strong>Roger &#8220;Scegli la tua avventura&#8221;<\/strong><br \/>\nMolto positivo. Knack ha aiutato la mia organizzazione non profit a gestire i propri dati in modo pi\u00f9 efficace.<br \/>\n<strong>Pro<\/strong>: Ne apprezzo la flessibilit\u00e0, la potenza e la facilit\u00e0 d&#8217;uso per le attivit\u00e0 di base.<br \/>\n<strong>Contro<\/strong>: il rovescio della medaglia \u00e8 che ci sono molte funzionalit\u00e0 che non riusciamo a utilizzare a causa dei nostri limiti tecnici interni.<\/div>\n<div><\/div>\n<div class=\"case-card-header text-center w-100 d-block mx-auto position-relative\" style=\"text-align: left;\"><strong>LaQuita &#8220;Direttore dello sviluppo dei fondi&#8221;<\/strong><br \/>\nNon sono iscritto da abbastanza tempo per poter fornire una valutazione completa, ma l&#8217;impressione iniziale \u00e8 positiva. La piattaforma dimostra un forte potenziale per soddisfare le nostre esigenze, grazie alla sua flessibilit\u00e0 e alle sue utili funzionalit\u00e0.<br \/>\n<strong>Pro<\/strong>: Knack offre una piattaforma altamente personalizzabile che pu\u00f2 essere adattata a un&#8217;ampia gamma di esigenze, rendendola adattabile alla crescita o ai cambiamenti della nostra organizzazione, offrendoci la flessibilit\u00e0 di cui abbiamo bisogno. Il prezzo scontato per le organizzazioni non profit \u00e8 un vantaggio importante, che ci aiuta a rimanere nei limiti del budget e a monitorare i dati necessari per gestire progetti e sovvenzioni. La possibilit\u00e0 integrata di programmare eventi ci fa risparmiare molto tempo, semplificando il nostro flusso di lavoro e sostituendo Eventbrite; questo ci permette di gestire sia l&#8217;evento che il progetto contemporaneamente. Knack sembra essere ad oggi una soluzione completa, che ci offre la possibilit\u00e0 di consolidare i diversi strumenti che utilizziamo attualmente, semplificare i processi e ridurre la necessit\u00e0 di sistemi separati.<br \/>\n<strong>Contro<\/strong>: sebbene potente e flessibile, Knack ha una curva di apprendimento ripida. Comprenderne appieno le potenzialit\u00e0 e impostare flussi di lavoro complessi pu\u00f2 richiedere tempo, soprattutto per gli utenti senza esperienza pregressa (membri del nostro team) in piattaforme di sviluppo di database o app.<\/div>\n","protected":false},"excerpt":{"rendered":"<p>Knack semplifica lo sviluppo di app personalizzate senza codice. Strumenti semplici per creare un database online in modo da poter accedere ai tuoi dati da qualsiasi sito web in qualsiasi momento. Aggiungi calendari, moduli, ricerche e altro ancora per visualizzare e aggiornare i record nel tuo database.<\/p>\n","protected":false},"author":19,"featured_media":105036,"parent":99993,"menu_order":0,"comment_status":"open","ping_status":"closed","template":"g1_template_page_review_new.php","meta":{"_acf_changed":false,"cwp_meta_box_check":"Yes","cwp_rev_product_name":"","cwp_rev_product_image":"","wppr_links":[],"cwp_rev_price":"0.00","wppr_options":[{"name":"Usability","value":"0"},{"name":"Speed","value":"0"},{"name":"Features","value":"0"},{"name":"Support","value":"0"},{"name":"Pricing","value":"0"}],"wppr_pros":["","","","",""],"wppr_cons":["","","","",""],"_monsterinsights_skip_tracking":false,"_monsterinsights_sitenote_active":false,"_monsterinsights_sitenote_note":"","_monsterinsights_sitenote_category":0,"footnotes":""},"categories":[16551],"tags":[16748,16554,16571,16573,16556,16572],"features":[],"class_list":{"0":"post-105020","1":"page","2":"type-page","3":"status-publish","4":"has-post-thumbnail","6":"category-piattaforme-no-code-cat","7":"tag-knack","8":"tag-no-code","9":"tag-piattaforma-no-code","10":"tag-programma-no-code","11":"tag-software-no-code","12":"tag-soluzione-no-code"},"wppr_data":{"cwp_meta_box_check":"Yes","_wppr_review_template":"default","cwp_rev_product_image":"","cwp_image_link":"image","wppr_links":[],"cwp_rev_price":"0.00","wppr_pros":["","","","",""],"wppr_cons":["","","","",""],"wppr_rating":"0.00","wppr_options":{"1":{"name":"Usability","value":"0"},"2":{"name":"Speed","value":"0"},"3":{"name":"Features","value":"0"},"4":{"name":"Support","value":"0"},"5":{"name":"Pricing","value":"0"}},"wppr_review_type":"Product","wppr_review_custom_fields":{"additionalProperty":"","additionalType":"","aggregateRating":"","alternateName":"","audience":"","award":"","awards":"","brand":"","color":"","depth":"","description":"","disambiguatingDescription":"","gtin12":"","gtin13":"","gtin14":"","gtin8":"","height":"","identifier":"","image":"","isAccessoryOrSparePartFor":"","isConsumableFor":"","isRelatedTo":"","isSimilarTo":"","itemCondition":"","logo":"","mainEntityOfPage":"","manufacturer":"","material":"","model":"","mpn":"","name":"","offers":"","potentialAction":"","productID":"","productionDate":"","purchaseDate":"","releaseDate":"","review":"","reviews":"","sameAs":"","sku":"","slogan":"","subjectOf":"","url":"","weight":"","width":""}},"acf":[],"yoast_head":"<!-- This site is optimized with the Yoast SEO plugin v27.4 - https:\/\/yoast.com\/product\/yoast-seo-wordpress\/ -->\n<title>Knack: recensione piattaforma no-code - Accurate Reviews<\/title>\n<meta name=\"description\" content=\"Knack: recensione piattaforma no-code potente che semplifica lo sviluppo di app personalizzate senza codice.\" \/>\n<meta name=\"robots\" content=\"index, follow, max-snippet:-1, max-image-preview:large, max-video-preview:-1\" \/>\n<link rel=\"canonical\" href=\"https:\/\/www.accuratereviews.com\/it\/piattaforme-no-code\/knack-recensione\/\" \/>\n<meta property=\"og:locale\" content=\"it_IT\" \/>\n<meta property=\"og:type\" content=\"article\" \/>\n<meta property=\"og:title\" content=\"Knack: recensione piattaforma no-code - Accurate Reviews\" \/>\n<meta property=\"og:description\" content=\"Knack: recensione piattaforma no-code potente che semplifica lo sviluppo di app personalizzate senza codice.\" \/>\n<meta property=\"og:url\" content=\"https:\/\/www.accuratereviews.com\/it\/piattaforme-no-code\/knack-recensione\/\" \/>\n<meta property=\"og:site_name\" content=\"Accurate Reviews\" \/>\n<meta property=\"article:modified_time\" content=\"2025-11-18T12:27:44+00:00\" \/>\n<meta property=\"og:image\" content=\"https:\/\/www.accuratereviews.com\/wp-content\/uploads\/2025\/11\/Knack.png\" \/>\n\t<meta property=\"og:image:width\" content=\"1486\" \/>\n\t<meta property=\"og:image:height\" content=\"439\" \/>\n\t<meta property=\"og:image:type\" content=\"image\/png\" \/>\n<meta name=\"twitter:card\" content=\"summary_large_image\" \/>\n<meta name=\"twitter:label1\" content=\"Tempo di lettura stimato\" \/>\n\t<meta name=\"twitter:data1\" content=\"5 minuti\" \/>\n<script type=\"application\/ld+json\" class=\"yoast-schema-graph\">{\"@context\":\"https:\\\/\\\/schema.org\",\"@graph\":[{\"@type\":\"WebPage\",\"@id\":\"https:\\\/\\\/www.accuratereviews.com\\\/it\\\/piattaforme-no-code\\\/knack-recensione\\\/\",\"url\":\"https:\\\/\\\/www.accuratereviews.com\\\/it\\\/piattaforme-no-code\\\/knack-recensione\\\/\",\"name\":\"Knack: recensione piattaforma no-code - Accurate Reviews\",\"isPartOf\":{\"@id\":\"https:\\\/\\\/www.accuratereviews.com\\\/it\\\/#website\"},\"primaryImageOfPage\":{\"@id\":\"https:\\\/\\\/www.accuratereviews.com\\\/it\\\/piattaforme-no-code\\\/knack-recensione\\\/#primaryimage\"},\"image\":{\"@id\":\"https:\\\/\\\/www.accuratereviews.com\\\/it\\\/piattaforme-no-code\\\/knack-recensione\\\/#primaryimage\"},\"thumbnailUrl\":\"https:\\\/\\\/www.accuratereviews.com\\\/wp-content\\\/uploads\\\/2025\\\/11\\\/Knack.png\",\"datePublished\":\"2025-11-17T18:00:46+00:00\",\"dateModified\":\"2025-11-18T12:27:44+00:00\",\"description\":\"Knack: recensione piattaforma no-code potente che semplifica lo sviluppo di app personalizzate senza codice.\",\"breadcrumb\":{\"@id\":\"https:\\\/\\\/www.accuratereviews.com\\\/it\\\/piattaforme-no-code\\\/knack-recensione\\\/#breadcrumb\"},\"inLanguage\":\"it-IT\",\"potentialAction\":[{\"@type\":\"ReadAction\",\"target\":[\"https:\\\/\\\/www.accuratereviews.com\\\/it\\\/piattaforme-no-code\\\/knack-recensione\\\/\"]}]},{\"@type\":\"ImageObject\",\"inLanguage\":\"it-IT\",\"@id\":\"https:\\\/\\\/www.accuratereviews.com\\\/it\\\/piattaforme-no-code\\\/knack-recensione\\\/#primaryimage\",\"url\":\"https:\\\/\\\/www.accuratereviews.com\\\/wp-content\\\/uploads\\\/2025\\\/11\\\/Knack.png\",\"contentUrl\":\"https:\\\/\\\/www.accuratereviews.com\\\/wp-content\\\/uploads\\\/2025\\\/11\\\/Knack.png\",\"width\":1486,\"height\":439},{\"@type\":\"BreadcrumbList\",\"@id\":\"https:\\\/\\\/www.accuratereviews.com\\\/it\\\/piattaforme-no-code\\\/knack-recensione\\\/#breadcrumb\",\"itemListElement\":[{\"@type\":\"ListItem\",\"position\":1,\"name\":\"Home\",\"item\":\"https:\\\/\\\/www.accuratereviews.com\\\/it\\\/\"},{\"@type\":\"ListItem\",\"position\":2,\"name\":\"Piattaforme no-code\",\"item\":\"https:\\\/\\\/www.accuratereviews.com\\\/it\\\/piattaforme-no-code\\\/\"},{\"@type\":\"ListItem\",\"position\":3,\"name\":\"Knack\"}]},{\"@type\":\"WebSite\",\"@id\":\"https:\\\/\\\/www.accuratereviews.com\\\/it\\\/#website\",\"url\":\"https:\\\/\\\/www.accuratereviews.com\\\/it\\\/\",\"name\":\"Accurate Reviews\",\"description\":\"\",\"potentialAction\":[{\"@type\":\"SearchAction\",\"target\":{\"@type\":\"EntryPoint\",\"urlTemplate\":\"https:\\\/\\\/www.accuratereviews.com\\\/it\\\/?s={search_term_string}\"},\"query-input\":{\"@type\":\"PropertyValueSpecification\",\"valueRequired\":true,\"valueName\":\"search_term_string\"}}],\"inLanguage\":\"it-IT\"}]}<\/script>\n<!-- \/ Yoast SEO plugin. -->","yoast_head_json":{"title":"Knack: recensione piattaforma no-code - Accurate Reviews","description":"Knack: recensione piattaforma no-code potente che semplifica lo sviluppo di app personalizzate senza codice.","robots":{"index":"index","follow":"follow","max-snippet":"max-snippet:-1","max-image-preview":"max-image-preview:large","max-video-preview":"max-video-preview:-1"},"canonical":"https:\/\/www.accuratereviews.com\/it\/piattaforme-no-code\/knack-recensione\/","og_locale":"it_IT","og_type":"article","og_title":"Knack: recensione piattaforma no-code - Accurate Reviews","og_description":"Knack: recensione piattaforma no-code potente che semplifica lo sviluppo di app personalizzate senza codice.","og_url":"https:\/\/www.accuratereviews.com\/it\/piattaforme-no-code\/knack-recensione\/","og_site_name":"Accurate Reviews","article_modified_time":"2025-11-18T12:27:44+00:00","og_image":[{"width":1486,"height":439,"url":"https:\/\/www.accuratereviews.com\/wp-content\/uploads\/2025\/11\/Knack.png","type":"image\/png"}],"twitter_card":"summary_large_image","twitter_misc":{"Tempo di lettura stimato":"5 minuti"},"schema":{"@context":"https:\/\/schema.org","@graph":[{"@type":"WebPage","@id":"https:\/\/www.accuratereviews.com\/it\/piattaforme-no-code\/knack-recensione\/","url":"https:\/\/www.accuratereviews.com\/it\/piattaforme-no-code\/knack-recensione\/","name":"Knack: recensione piattaforma no-code - Accurate Reviews","isPartOf":{"@id":"https:\/\/www.accuratereviews.com\/it\/#website"},"primaryImageOfPage":{"@id":"https:\/\/www.accuratereviews.com\/it\/piattaforme-no-code\/knack-recensione\/#primaryimage"},"image":{"@id":"https:\/\/www.accuratereviews.com\/it\/piattaforme-no-code\/knack-recensione\/#primaryimage"},"thumbnailUrl":"https:\/\/www.accuratereviews.com\/wp-content\/uploads\/2025\/11\/Knack.png","datePublished":"2025-11-17T18:00:46+00:00","dateModified":"2025-11-18T12:27:44+00:00","description":"Knack: recensione piattaforma no-code potente che semplifica lo sviluppo di app personalizzate senza codice.","breadcrumb":{"@id":"https:\/\/www.accuratereviews.com\/it\/piattaforme-no-code\/knack-recensione\/#breadcrumb"},"inLanguage":"it-IT","potentialAction":[{"@type":"ReadAction","target":["https:\/\/www.accuratereviews.com\/it\/piattaforme-no-code\/knack-recensione\/"]}]},{"@type":"ImageObject","inLanguage":"it-IT","@id":"https:\/\/www.accuratereviews.com\/it\/piattaforme-no-code\/knack-recensione\/#primaryimage","url":"https:\/\/www.accuratereviews.com\/wp-content\/uploads\/2025\/11\/Knack.png","contentUrl":"https:\/\/www.accuratereviews.com\/wp-content\/uploads\/2025\/11\/Knack.png","width":1486,"height":439},{"@type":"BreadcrumbList","@id":"https:\/\/www.accuratereviews.com\/it\/piattaforme-no-code\/knack-recensione\/#breadcrumb","itemListElement":[{"@type":"ListItem","position":1,"name":"Home","item":"https:\/\/www.accuratereviews.com\/it\/"},{"@type":"ListItem","position":2,"name":"Piattaforme no-code","item":"https:\/\/www.accuratereviews.com\/it\/piattaforme-no-code\/"},{"@type":"ListItem","position":3,"name":"Knack"}]},{"@type":"WebSite","@id":"https:\/\/www.accuratereviews.com\/it\/#website","url":"https:\/\/www.accuratereviews.com\/it\/","name":"Accurate Reviews","description":"","potentialAction":[{"@type":"SearchAction","target":{"@type":"EntryPoint","urlTemplate":"https:\/\/www.accuratereviews.com\/it\/?s={search_term_string}"},"query-input":{"@type":"PropertyValueSpecification","valueRequired":true,"valueName":"search_term_string"}}],"inLanguage":"it-IT"}]}},"_links":{"self":[{"href":"https:\/\/www.accuratereviews.com\/it\/wp-json\/wp\/v2\/pages\/105020","targetHints":{"allow":["GET"]}}],"collection":[{"href":"https:\/\/www.accuratereviews.com\/it\/wp-json\/wp\/v2\/pages"}],"about":[{"href":"https:\/\/www.accuratereviews.com\/it\/wp-json\/wp\/v2\/types\/page"}],"author":[{"embeddable":true,"href":"https:\/\/www.accuratereviews.com\/it\/wp-json\/wp\/v2\/users\/19"}],"replies":[{"embeddable":true,"href":"https:\/\/www.accuratereviews.com\/it\/wp-json\/wp\/v2\/comments?post=105020"}],"version-history":[{"count":12,"href":"https:\/\/www.accuratereviews.com\/it\/wp-json\/wp\/v2\/pages\/105020\/revisions"}],"predecessor-version":[{"id":105079,"href":"https:\/\/www.accuratereviews.com\/it\/wp-json\/wp\/v2\/pages\/105020\/revisions\/105079"}],"up":[{"embeddable":true,"href":"https:\/\/www.accuratereviews.com\/it\/wp-json\/wp\/v2\/pages\/99993"}],"wp:featuredmedia":[{"embeddable":true,"href":"https:\/\/www.accuratereviews.com\/it\/wp-json\/wp\/v2\/media\/105036"}],"wp:attachment":[{"href":"https:\/\/www.accuratereviews.com\/it\/wp-json\/wp\/v2\/media?parent=105020"}],"wp:term":[{"taxonomy":"category","embeddable":true,"href":"https:\/\/www.accuratereviews.com\/it\/wp-json\/wp\/v2\/categories?post=105020"},{"taxonomy":"post_tag","embeddable":true,"href":"https:\/\/www.accuratereviews.com\/it\/wp-json\/wp\/v2\/tags?post=105020"},{"taxonomy":"features","embeddable":true,"href":"https:\/\/www.accuratereviews.com\/it\/wp-json\/wp\/v2\/features?post=105020"}],"curies":[{"name":"wp","href":"https:\/\/api.w.org\/{rel}","templated":true}]}}