{"id":105055,"date":"2025-11-18T18:43:31","date_gmt":"2025-11-18T18:43:31","guid":{"rendered":"https:\/\/www.accuratereviews.com\/?page_id=105055"},"modified":"2025-11-18T18:43:31","modified_gmt":"2025-11-18T18:43:31","slug":"kintone-recensione","status":"publish","type":"page","link":"https:\/\/www.accuratereviews.com\/it\/piattaforme-no-code\/kintone-recensione\/","title":{"rendered":"Kintone"},"content":{"rendered":"<p><strong>Kintone<\/strong> \u00e8 una <strong>piattaforma<\/strong> per applicazioni aziendali <strong>senza codice<\/strong>, progettata per consentire anche agli utenti non tecnici di creare applicazioni, flussi di lavoro e database robusti e personalizzati per i propri team e le proprie organizzazioni. Grazie a un&#8217;<strong>interfaccia intuitiva<\/strong> che privilegia i clic rispetto alla codifica, il programma permette agli utenti di sviluppare applicazioni che semplificano i processi aziendali, migliorano la collaborazione su progetti e attivit\u00e0 e facilitano la rendicontazione di dati complessi con facilit\u00e0. Le funzionalit\u00e0 principali includono dashboard personalizzabili, flussi di lavoro automatizzati e strumenti di collaborazione in tempo reale. La sua <strong>capacit\u00e0 di integrazione<\/strong> con altri strumenti e servizi ne migliora ulteriormente le funzionalit\u00e0, consentendo agli utenti di creare un ecosistema completo che soddisfi le loro esigenze aziendali in continua evoluzione.<\/p>\n<h2>KINTONE &#8211; TUTORIAL<\/h2>\n<div id=\"fluid-wrapper-counter-1\" class=\"g1-fluid-wrapper \" style=\"width:686px;\">\n<div style=\"padding-bottom:56.268221574344%;\"><iframe loading=\"lazy\" title=\"Kintone Product Introduction Video\" width=\"686\" height=\"386\" src=\"https:\/\/www.youtube.com\/embed\/2Q5KTZuuqmo?feature=oembed&amp;wmode=transparent&amp;autohide=1&amp;autoplay=0&amp;disablekb=0&amp;fs=1&amp;loop=0&amp;enablejsapi=1&amp;rel=0&amp;controls=2&amp;showinfo=0&amp;wmode=transparent&amp;autohide=2&amp;autoplay=0&amp;disablekb=0&amp;fs=1&amp;loop=0&amp;enablejsapi=1&amp;rel=0&amp;controls=2&amp;showinfo=1\" frameborder=\"0\" allow=\"accelerometer; autoplay; clipboard-write; encrypted-media; gyroscope; picture-in-picture; web-share\" referrerpolicy=\"strict-origin-when-cross-origin\" allowfullscreen><\/iframe><\/div>\n<\/div>\n<h3>KINTONE &#8211; CARATTERISTICHE<\/h3>\n<ul>\n<li><strong>Organizzazione centralizzata dei dati<\/strong>: le app database \u00a0memorizzano un&#8217;ampia variet\u00e0 di dati, come testo, numeri e allegati, il che significa che puoi conservare tutti i dati correlati in un unico record per una collaborazione pi\u00f9 rapida.<\/li>\n<li><strong>Funzionalit\u00e0 di reporting personalizzate<\/strong>: filtra i dati nella tua app per visualizzarli come desideri e creare report rapidi esportabili in un file CSV o PDF per una facile condivisione.<\/li>\n<li><strong>Funzionalit\u00e0 di collaborazione integrate<\/strong>: aggiungi commenti e tagga i colleghi ai singoli record di dati per semplificare la collaborazione di gruppo, il passaggio di attivit\u00e0, il feedback e altro ancora.<\/li>\n<li><strong>Filtri di ricerca sofisticati:<\/strong> cerca dati specifici nella tua app utilizzando filtri come parole chiave e intervalli di date.<\/li>\n<li><strong>Scegli un modello dalla libreria<\/strong>: esplora la raccolta di oltre 100 modell organizzati per reparto e settore. Scegli il modello da cui iniziare e modificalo o avvialo cos\u00ec com&#8217;\u00e8. L&#8217;interfaccia drag-and-drop semplifica l&#8217;esecuzione di modifiche al modello in autonomia.<\/li>\n<li><strong>Visualizza i tuoi dati visivamente<\/strong>: visualizza i dati archiviati nelle tue app in grafici e diagrammi colorati. I dati visualizzati nei grafici vengono visualizzati in tempo reale, eliminando la necessit\u00e0 di ricompilare i dati ogni volta che hai bisogno di un nuovo report.<\/li>\n<\/ul>\n<h4>LE RECENSIONI DEGLI UTENTI<\/h4>\n<p><strong>Reunaldo &#8220;Kintone: la mia recensione personale&#8221;<\/strong><br \/>\n<strong>Pro<\/strong>: la cosa migliore di Kintone, secondo me, \u00e8 la sua interfaccia user-friendly e la possibilit\u00e0 di personalizzare facilmente la piattaforma per soddisfare esigenze specifiche. Molto utile \u00e8 anche la possibilit\u00e0 di creare rapidamente moduli e report personalizzati. Inoltre, l&#8217;integrazione di Kintone con altri servizi come Google Apps, Salesforce e Dropbox lo rende incredibilmente potente e semplice da usare.<br \/>\n<strong>Contro<\/strong>: a mio parere, l&#8217;interfaccia utente di Kintone pu\u00f2 essere difficile da usare e da comprendere. Inoltre non aveva molte opzioni di personalizzazione, il che rendeva difficile adattarlo alle mie esigenze specifiche.<\/p>\n<p><strong>Andrea Yarlyn &#8220;Lo strumento rivoluzionario che ha cambiato il modo in cui gestisco i miei dati e collaboro in team.&#8221;<\/strong><br \/>\nMi piacciono molto le funzionalit\u00e0 drag-and-drop che mi hanno permesso di creare e personalizzare le mie applicazioni di database senza dover avere conoscenze pregresse di programmazione.<br \/>\n<strong>Pro<\/strong>: \u00e8 fantastico, mi consente di centralizzare tutte le mie informazioni in un unico posto, il che ha reso la collaborazione e la gestione dei progetti molto pi\u00f9 semplici.<br \/>\n<strong>Contro<\/strong>: ci sono alcune caratteristiche o impostazioni specifiche che vorrei poter modificare o adattare per adattarle meglio alle mie esigenze e ai miei processi lavorativi.<\/p>\n<p><strong>Betsy &#8220;Una soluzione perfetta per la nostra azienda&#8221;<\/strong><br \/>\nAbbiamo fatto ricerche e acquistato Kintone per sostituire un processo cartaceo che era stato sfruttato abusivamente. Avevamo bisogno di un software che ci permettesse di programmare diversi programmi. Avevamo anche bisogno che questi programmi disponessero di controlli e bilanci di gestione dei processi e di una traccia di controllo. Kintone sembrava soddisfare tutte le nostre esigenze. Siamo rimasti molto soddisfatti del programma e della sua facilit\u00e0 d&#8217;uso.<br \/>\n<strong>Pro<\/strong>: \u00e8 molto intuitivo e molto facile da usare, cos\u00ec come la configurazione di nuove applicazioni. Anche l&#8217;assistenza \u00e8 semplice e le risposte sono rapide. La gestione dei processi \u00e8 molto semplice da configurare. Sono disponibili numerosi componenti aggiuntivi gratuiti o a pagamento che lo rendono ancora pi\u00f9 utile.<br \/>\n<strong>Contro<\/strong>: al momento non ci sono controindicazioni. Ha fatto tutto ci\u00f2 di cui avevamo bisogno.<\/p>\n","protected":false},"excerpt":{"rendered":"<p>Kintone \u00e8 una piattaforma per applicazioni aziendali senza codice, progettata per consentire anche agli utenti non tecnici di creare applicazioni, flussi di lavoro e database robusti e personalizzati per i propri team e le proprie organizzazioni. Grazie a un&#8217;interfaccia intuitiva che privilegia i clic rispetto alla codifica, il programma permette agli utenti di sviluppare applicazioni che semplificano i processi aziendali<\/p>\n","protected":false},"author":19,"featured_media":105063,"parent":99993,"menu_order":0,"comment_status":"open","ping_status":"closed","template":"g1_template_page_review_new.php","meta":{"_acf_changed":false,"cwp_meta_box_check":"Yes","cwp_rev_product_name":"","cwp_rev_product_image":"","wppr_links":[],"cwp_rev_price":"0.00","wppr_options":[{"name":"Usability","value":"0"},{"name":"Speed","value":"0"},{"name":"Features","value":"0"},{"name":"Support","value":"0"},{"name":"Pricing","value":"0"}],"wppr_pros":["","","","",""],"wppr_cons":["","","","",""],"_monsterinsights_skip_tracking":false,"_monsterinsights_sitenote_active":false,"_monsterinsights_sitenote_note":"","_monsterinsights_sitenote_category":0,"footnotes":""},"categories":[16551],"tags":[16751,16554,16571,16573,16556,16572],"features":[],"class_list":{"0":"post-105055","1":"page","2":"type-page","3":"status-publish","4":"has-post-thumbnail","6":"category-piattaforme-no-code-cat","7":"tag-kintone","8":"tag-no-code","9":"tag-piattaforma-no-code","10":"tag-programma-no-code","11":"tag-software-no-code","12":"tag-soluzione-no-code"},"wppr_data":{"cwp_meta_box_check":"Yes","_wppr_review_template":"default","cwp_rev_product_image":"","cwp_image_link":"image","wppr_links":[],"cwp_rev_price":"0.00","wppr_pros":["","","","",""],"wppr_cons":["","","","",""],"wppr_rating":"0.00","wppr_options":{"1":{"name":"Usability","value":"0"},"2":{"name":"Speed","value":"0"},"3":{"name":"Features","value":"0"},"4":{"name":"Support","value":"0"},"5":{"name":"Pricing","value":"0"}},"wppr_review_type":"Product","wppr_review_custom_fields":{"additionalProperty":"","additionalType":"","aggregateRating":"","alternateName":"","audience":"","award":"","awards":"","brand":"","color":"","depth":"","description":"","disambiguatingDescription":"","gtin12":"","gtin13":"","gtin14":"","gtin8":"","height":"","identifier":"","image":"","isAccessoryOrSparePartFor":"","isConsumableFor":"","isRelatedTo":"","isSimilarTo":"","itemCondition":"","logo":"","mainEntityOfPage":"","manufacturer":"","material":"","model":"","mpn":"","name":"","offers":"","potentialAction":"","productID":"","productionDate":"","purchaseDate":"","releaseDate":"","review":"","reviews":"","sameAs":"","sku":"","slogan":"","subjectOf":"","url":"","weight":"","width":""}},"acf":[],"yoast_head":"<!-- This site is optimized with the Yoast SEO plugin v27.4 - https:\/\/yoast.com\/product\/yoast-seo-wordpress\/ -->\n<title>Kintone: recensione piattaforma no-code - Accurate Reviews<\/title>\n<meta name=\"description\" content=\"Kintone: recensione piattaforma per sviluppare applicazioni aziendali senza codice, progettata per gli utenti non tecnici.\" \/>\n<meta name=\"robots\" content=\"index, follow, max-snippet:-1, max-image-preview:large, max-video-preview:-1\" \/>\n<link rel=\"canonical\" href=\"https:\/\/www.accuratereviews.com\/it\/piattaforme-no-code\/kintone-recensione\/\" \/>\n<meta property=\"og:locale\" content=\"it_IT\" \/>\n<meta property=\"og:type\" content=\"article\" \/>\n<meta property=\"og:title\" content=\"Kintone: recensione piattaforma no-code - Accurate Reviews\" \/>\n<meta property=\"og:description\" content=\"Kintone: recensione piattaforma per sviluppare applicazioni aziendali senza codice, progettata per gli utenti non tecnici.\" \/>\n<meta property=\"og:url\" content=\"https:\/\/www.accuratereviews.com\/it\/piattaforme-no-code\/kintone-recensione\/\" \/>\n<meta property=\"og:site_name\" content=\"Accurate Reviews\" \/>\n<meta property=\"og:image\" content=\"https:\/\/www.accuratereviews.com\/wp-content\/uploads\/2025\/11\/Kintone-Logo-High-Res-1.png\" \/>\n\t<meta property=\"og:image:width\" content=\"398\" \/>\n\t<meta property=\"og:image:height\" content=\"310\" \/>\n\t<meta property=\"og:image:type\" content=\"image\/png\" \/>\n<meta name=\"twitter:card\" content=\"summary_large_image\" \/>\n<meta name=\"twitter:label1\" content=\"Tempo di lettura stimato\" \/>\n\t<meta name=\"twitter:data1\" content=\"5 minuti\" \/>\n<script type=\"application\/ld+json\" class=\"yoast-schema-graph\">{\"@context\":\"https:\\\/\\\/schema.org\",\"@graph\":[{\"@type\":\"WebPage\",\"@id\":\"https:\\\/\\\/www.accuratereviews.com\\\/it\\\/piattaforme-no-code\\\/kintone-recensione\\\/\",\"url\":\"https:\\\/\\\/www.accuratereviews.com\\\/it\\\/piattaforme-no-code\\\/kintone-recensione\\\/\",\"name\":\"Kintone: recensione piattaforma no-code - Accurate Reviews\",\"isPartOf\":{\"@id\":\"https:\\\/\\\/www.accuratereviews.com\\\/it\\\/#website\"},\"primaryImageOfPage\":{\"@id\":\"https:\\\/\\\/www.accuratereviews.com\\\/it\\\/piattaforme-no-code\\\/kintone-recensione\\\/#primaryimage\"},\"image\":{\"@id\":\"https:\\\/\\\/www.accuratereviews.com\\\/it\\\/piattaforme-no-code\\\/kintone-recensione\\\/#primaryimage\"},\"thumbnailUrl\":\"https:\\\/\\\/www.accuratereviews.com\\\/wp-content\\\/uploads\\\/2025\\\/11\\\/Kintone-Logo-High-Res-1.png\",\"datePublished\":\"2025-11-18T18:43:31+00:00\",\"description\":\"Kintone: recensione piattaforma per sviluppare applicazioni aziendali senza codice, progettata per gli utenti non tecnici.\",\"breadcrumb\":{\"@id\":\"https:\\\/\\\/www.accuratereviews.com\\\/it\\\/piattaforme-no-code\\\/kintone-recensione\\\/#breadcrumb\"},\"inLanguage\":\"it-IT\",\"potentialAction\":[{\"@type\":\"ReadAction\",\"target\":[\"https:\\\/\\\/www.accuratereviews.com\\\/it\\\/piattaforme-no-code\\\/kintone-recensione\\\/\"]}]},{\"@type\":\"ImageObject\",\"inLanguage\":\"it-IT\",\"@id\":\"https:\\\/\\\/www.accuratereviews.com\\\/it\\\/piattaforme-no-code\\\/kintone-recensione\\\/#primaryimage\",\"url\":\"https:\\\/\\\/www.accuratereviews.com\\\/wp-content\\\/uploads\\\/2025\\\/11\\\/Kintone-Logo-High-Res-1.png\",\"contentUrl\":\"https:\\\/\\\/www.accuratereviews.com\\\/wp-content\\\/uploads\\\/2025\\\/11\\\/Kintone-Logo-High-Res-1.png\",\"width\":398,\"height\":310},{\"@type\":\"BreadcrumbList\",\"@id\":\"https:\\\/\\\/www.accuratereviews.com\\\/it\\\/piattaforme-no-code\\\/kintone-recensione\\\/#breadcrumb\",\"itemListElement\":[{\"@type\":\"ListItem\",\"position\":1,\"name\":\"Home\",\"item\":\"https:\\\/\\\/www.accuratereviews.com\\\/it\\\/\"},{\"@type\":\"ListItem\",\"position\":2,\"name\":\"Piattaforme no-code\",\"item\":\"https:\\\/\\\/www.accuratereviews.com\\\/it\\\/piattaforme-no-code\\\/\"},{\"@type\":\"ListItem\",\"position\":3,\"name\":\"Kintone\"}]},{\"@type\":\"WebSite\",\"@id\":\"https:\\\/\\\/www.accuratereviews.com\\\/it\\\/#website\",\"url\":\"https:\\\/\\\/www.accuratereviews.com\\\/it\\\/\",\"name\":\"Accurate Reviews\",\"description\":\"\",\"potentialAction\":[{\"@type\":\"SearchAction\",\"target\":{\"@type\":\"EntryPoint\",\"urlTemplate\":\"https:\\\/\\\/www.accuratereviews.com\\\/it\\\/?s={search_term_string}\"},\"query-input\":{\"@type\":\"PropertyValueSpecification\",\"valueRequired\":true,\"valueName\":\"search_term_string\"}}],\"inLanguage\":\"it-IT\"}]}<\/script>\n<!-- \/ Yoast SEO plugin. -->","yoast_head_json":{"title":"Kintone: recensione piattaforma no-code - Accurate Reviews","description":"Kintone: recensione piattaforma per sviluppare applicazioni aziendali senza codice, progettata per gli utenti non tecnici.","robots":{"index":"index","follow":"follow","max-snippet":"max-snippet:-1","max-image-preview":"max-image-preview:large","max-video-preview":"max-video-preview:-1"},"canonical":"https:\/\/www.accuratereviews.com\/it\/piattaforme-no-code\/kintone-recensione\/","og_locale":"it_IT","og_type":"article","og_title":"Kintone: recensione piattaforma no-code - Accurate Reviews","og_description":"Kintone: recensione piattaforma per sviluppare applicazioni aziendali senza codice, progettata per gli utenti non tecnici.","og_url":"https:\/\/www.accuratereviews.com\/it\/piattaforme-no-code\/kintone-recensione\/","og_site_name":"Accurate Reviews","og_image":[{"width":398,"height":310,"url":"https:\/\/www.accuratereviews.com\/wp-content\/uploads\/2025\/11\/Kintone-Logo-High-Res-1.png","type":"image\/png"}],"twitter_card":"summary_large_image","twitter_misc":{"Tempo di lettura stimato":"5 minuti"},"schema":{"@context":"https:\/\/schema.org","@graph":[{"@type":"WebPage","@id":"https:\/\/www.accuratereviews.com\/it\/piattaforme-no-code\/kintone-recensione\/","url":"https:\/\/www.accuratereviews.com\/it\/piattaforme-no-code\/kintone-recensione\/","name":"Kintone: recensione piattaforma no-code - Accurate Reviews","isPartOf":{"@id":"https:\/\/www.accuratereviews.com\/it\/#website"},"primaryImageOfPage":{"@id":"https:\/\/www.accuratereviews.com\/it\/piattaforme-no-code\/kintone-recensione\/#primaryimage"},"image":{"@id":"https:\/\/www.accuratereviews.com\/it\/piattaforme-no-code\/kintone-recensione\/#primaryimage"},"thumbnailUrl":"https:\/\/www.accuratereviews.com\/wp-content\/uploads\/2025\/11\/Kintone-Logo-High-Res-1.png","datePublished":"2025-11-18T18:43:31+00:00","description":"Kintone: recensione piattaforma per sviluppare applicazioni aziendali senza codice, progettata per gli utenti non tecnici.","breadcrumb":{"@id":"https:\/\/www.accuratereviews.com\/it\/piattaforme-no-code\/kintone-recensione\/#breadcrumb"},"inLanguage":"it-IT","potentialAction":[{"@type":"ReadAction","target":["https:\/\/www.accuratereviews.com\/it\/piattaforme-no-code\/kintone-recensione\/"]}]},{"@type":"ImageObject","inLanguage":"it-IT","@id":"https:\/\/www.accuratereviews.com\/it\/piattaforme-no-code\/kintone-recensione\/#primaryimage","url":"https:\/\/www.accuratereviews.com\/wp-content\/uploads\/2025\/11\/Kintone-Logo-High-Res-1.png","contentUrl":"https:\/\/www.accuratereviews.com\/wp-content\/uploads\/2025\/11\/Kintone-Logo-High-Res-1.png","width":398,"height":310},{"@type":"BreadcrumbList","@id":"https:\/\/www.accuratereviews.com\/it\/piattaforme-no-code\/kintone-recensione\/#breadcrumb","itemListElement":[{"@type":"ListItem","position":1,"name":"Home","item":"https:\/\/www.accuratereviews.com\/it\/"},{"@type":"ListItem","position":2,"name":"Piattaforme no-code","item":"https:\/\/www.accuratereviews.com\/it\/piattaforme-no-code\/"},{"@type":"ListItem","position":3,"name":"Kintone"}]},{"@type":"WebSite","@id":"https:\/\/www.accuratereviews.com\/it\/#website","url":"https:\/\/www.accuratereviews.com\/it\/","name":"Accurate Reviews","description":"","potentialAction":[{"@type":"SearchAction","target":{"@type":"EntryPoint","urlTemplate":"https:\/\/www.accuratereviews.com\/it\/?s={search_term_string}"},"query-input":{"@type":"PropertyValueSpecification","valueRequired":true,"valueName":"search_term_string"}}],"inLanguage":"it-IT"}]}},"_links":{"self":[{"href":"https:\/\/www.accuratereviews.com\/it\/wp-json\/wp\/v2\/pages\/105055","targetHints":{"allow":["GET"]}}],"collection":[{"href":"https:\/\/www.accuratereviews.com\/it\/wp-json\/wp\/v2\/pages"}],"about":[{"href":"https:\/\/www.accuratereviews.com\/it\/wp-json\/wp\/v2\/types\/page"}],"author":[{"embeddable":true,"href":"https:\/\/www.accuratereviews.com\/it\/wp-json\/wp\/v2\/users\/19"}],"replies":[{"embeddable":true,"href":"https:\/\/www.accuratereviews.com\/it\/wp-json\/wp\/v2\/comments?post=105055"}],"version-history":[{"count":13,"href":"https:\/\/www.accuratereviews.com\/it\/wp-json\/wp\/v2\/pages\/105055\/revisions"}],"predecessor-version":[{"id":105082,"href":"https:\/\/www.accuratereviews.com\/it\/wp-json\/wp\/v2\/pages\/105055\/revisions\/105082"}],"up":[{"embeddable":true,"href":"https:\/\/www.accuratereviews.com\/it\/wp-json\/wp\/v2\/pages\/99993"}],"wp:featuredmedia":[{"embeddable":true,"href":"https:\/\/www.accuratereviews.com\/it\/wp-json\/wp\/v2\/media\/105063"}],"wp:attachment":[{"href":"https:\/\/www.accuratereviews.com\/it\/wp-json\/wp\/v2\/media?parent=105055"}],"wp:term":[{"taxonomy":"category","embeddable":true,"href":"https:\/\/www.accuratereviews.com\/it\/wp-json\/wp\/v2\/categories?post=105055"},{"taxonomy":"post_tag","embeddable":true,"href":"https:\/\/www.accuratereviews.com\/it\/wp-json\/wp\/v2\/tags?post=105055"},{"taxonomy":"features","embeddable":true,"href":"https:\/\/www.accuratereviews.com\/it\/wp-json\/wp\/v2\/features?post=105055"}],"curies":[{"name":"wp","href":"https:\/\/api.w.org\/{rel}","templated":true}]}}