{"id":105084,"date":"2025-11-19T18:26:19","date_gmt":"2025-11-19T18:26:19","guid":{"rendered":"https:\/\/www.accuratereviews.com\/?page_id=105084"},"modified":"2025-11-19T18:26:19","modified_gmt":"2025-11-19T18:26:19","slug":"zoho-creator-recensione","status":"publish","type":"page","link":"https:\/\/www.accuratereviews.com\/it\/piattaforme-no-code\/zoho-creator-recensione\/","title":{"rendered":"Zoho Creator"},"content":{"rendered":"<p><strong>Zoho Creator<\/strong> \u00e8 una <strong>piattaforma all-in-one<\/strong> per lo sviluppo di applicazioni low-code, progettata per aiutare le aziende a digitalizzare le operazioni. La soluzione consente ai professionisti di accedere ai dati da remoto utilizzando qualsiasi dispositivo mobile. Una funzionalit\u00e0 chiave \u00e8 la possibilit\u00e0 di pulire, normalizzare e analizzare i dati per creare dashboard. La funzionalit\u00e0 di automazione del flusso di lavoro di <strong>Zoho Creator<\/strong>, invece, consente ai manager di creare script di automazione dei processi con l&#8217;ausilio della funzionalit\u00e0 drag-and-drop. Inoltre, l&#8217;automazione dei processi aiuta i team leader a eliminare le attivit\u00e0 manuali.<br \/>\n<strong>Zoho Creator<\/strong> offre applicazioni mobili compatibili con dispositivi Android, iOS e Windows. La soluzione pu\u00f2 essere integrata con software di terze parti come Zoho Apps, Google Apps, QuickBooks, Paypal e Salesforce.<\/p>\n<h2>ZOHO CREATOR &#8211; TUTORIAL<\/h2>\n<div id=\"fluid-wrapper-counter-1\" class=\"g1-fluid-wrapper \" style=\"width:686px;\">\n<div style=\"padding-bottom:56.268221574344%;\"><iframe loading=\"lazy\" title=\"What is Zoho Creator? | A quick overview\" width=\"686\" height=\"386\" src=\"https:\/\/www.youtube.com\/embed\/JcIYmpVnRxs?feature=oembed&amp;wmode=transparent&amp;autohide=1&amp;autoplay=0&amp;disablekb=0&amp;fs=1&amp;loop=0&amp;enablejsapi=1&amp;rel=0&amp;controls=2&amp;showinfo=0&amp;wmode=transparent&amp;autohide=2&amp;autoplay=0&amp;disablekb=0&amp;fs=1&amp;loop=0&amp;enablejsapi=1&amp;rel=0&amp;controls=2&amp;showinfo=1\" frameborder=\"0\" allow=\"accelerometer; autoplay; clipboard-write; encrypted-media; gyroscope; picture-in-picture; web-share\" referrerpolicy=\"strict-origin-when-cross-origin\" allowfullscreen><\/iframe><\/div>\n<\/div>\n<h3>ZOHO CREATOR &#8211; CARATTERISTICHE<\/h3>\n<ul>\n<li>Crea qualsiasi strumento per gestire la tua attivit\u00e0, in modo rapido e scalabile.<\/li>\n<li>Modella la struttura e i flussi di dati della tua app.<\/li>\n<li>Raccogli qualsiasi tipo di dato, genera il tuo modello di dati e visualizza la struttura dei dati e le relative relazioni. Pianifica ogni passaggio e organizza tutti i dettagli delle tue applicazioni in un unico posto. Visualizza dati da pi\u00f9 fonti utilizzando analisi interfunzionali<\/li>\n<li>Combina dati provenienti da diverse fonti per creare report interfunzionali ed eseguire analisi approfondite della tua attivit\u00e0. Mantieni informato ogni stakeholder con metriche in tempo reale, avvisi e una chiara visione del proprio ruolo.<\/li>\n<li>Automatizza i processi aziendali come raccogliere dati, effettuare pagamenti, aggiornare il tuo CRM, inviare email e report<\/li>\n<li>Personalizza l&#8217;aspetto della tua app, carica il tuo logo e connetti gli stakeholder tramite il tuo dominio.<\/li>\n<li>Gestisci con un livello di controllo sui tuoi dati senza precedenti<\/li>\n<li>Distribuisci app multi-dispositivo sulla piattaforma che preferisci<\/li>\n<li>Strumenti per sviluppatori per codificare ed estendere le funzionalit\u00e0 delle app<\/li>\n<\/ul>\n<h4>LE RECENSIONI DEGLI UTENTI<\/h4>\n<p><strong>Amit &#8220;Recensione per Zoho Creators&#8221;<\/strong><br \/>\nUtilizzo Zoho Creators per la gestione dei lead, l&#8217;analisi delle campagne e l&#8217;automazione delle campagne email. \u00c8 molto semplice gestire tutte queste cose.<br \/>\n<strong>Pro<\/strong>: Con Zoho Creators gestisco i lead in modo migliore. Ricevo lead da moduli di contatto, siti web ed e-mail, quindi Zoho Creators mi aiuta a gestire meglio i lead.<br \/>\n<strong>Contro<\/strong>: Con Zoho Creators ho una visione pi\u00f9 chiara delle prestazioni della mia campagna di marketing digitale.<\/p>\n<p><strong>Suvesh &#8220;Zoho Creator \u00e8 un buon strumento per creare app per il miglioramento dei processi aziendali&#8221;<\/strong><br \/>\nAbbiamo creato numerose app per il miglioramento dei processi aziendali su Zoho Creator<br \/>\n<strong>Pro<\/strong>: \u00c8 facile creare app basate sul Web o sui dispositivi mobili basate sull&#8217;ecosistema Zoho, come Libri, Analytics ecc.<br \/>\n<strong>Contro<\/strong>: Per creare app utili o di alta qualit\u00e0 \u00e8 necessario conoscere un po&#8217; di programmazione in SQL<\/p>\n<p><strong>Lina &#8220;Piattaforma low-code per creare rapidamente app&#8221;<\/strong><br \/>\nAutomazione potente con gestione semplice del flusso di lavoro e integrazione con i cloud che semplifica la raccolta e l&#8217;analisi dei dati con una collaborazione efficace per sviluppare pi\u00f9 rapidamente app di qualit\u00e0.<br \/>\n<strong>Pro<\/strong>: Ottimo accesso al Cloud per tecnologie innovative e grande integrazione con soluzioni di terze parti, anche per il supporto di pi\u00f9 lingue.<br \/>\n<strong>Contro<\/strong>: Le funzionalit\u00e0 avanzate di sviluppo delle app hanno un prezzo elevato<\/p>\n","protected":false},"excerpt":{"rendered":"<p>Zoho Creator \u00e8 una piattaforma all-in-one per lo sviluppo di applicazioni low-code, progettata per aiutare le aziende a digitalizzare le operazioni. La soluzione consente ai professionisti di accedere ai dati da remoto utilizzando qualsiasi dispositivo mobile. Una funzionalit\u00e0 chiave \u00e8 la possibilit\u00e0 di pulire, normalizzare e analizzare i dati per creare dashboard.<\/p>\n","protected":false},"author":19,"featured_media":105086,"parent":99993,"menu_order":0,"comment_status":"open","ping_status":"closed","template":"g1_template_page_review_new.php","meta":{"_acf_changed":false,"cwp_meta_box_check":"Yes","cwp_rev_product_name":"","cwp_rev_product_image":"","wppr_links":[],"cwp_rev_price":"0.00","wppr_options":[{"name":"Usability","value":"0"},{"name":"Speed","value":"0"},{"name":"Features","value":"0"},{"name":"Support","value":"0"},{"name":"Pricing","value":"0"}],"wppr_pros":["","","","",""],"wppr_cons":["","","","",""],"_monsterinsights_skip_tracking":false,"_monsterinsights_sitenote_active":false,"_monsterinsights_sitenote_note":"","_monsterinsights_sitenote_category":0,"footnotes":""},"categories":[16551],"tags":[16554,16571,16573,16556,16572,16753],"features":[],"class_list":{"0":"post-105084","1":"page","2":"type-page","3":"status-publish","4":"has-post-thumbnail","6":"category-piattaforme-no-code-cat","7":"tag-no-code","8":"tag-piattaforma-no-code","9":"tag-programma-no-code","10":"tag-software-no-code","11":"tag-soluzione-no-code","12":"tag-zoho-creator"},"wppr_data":{"cwp_meta_box_check":"Yes","_wppr_review_template":"default","cwp_rev_product_image":"","cwp_image_link":"image","wppr_links":[],"cwp_rev_price":"0.00","wppr_pros":["","","","",""],"wppr_cons":["","","","",""],"wppr_rating":"0.00","wppr_options":{"1":{"name":"Usability","value":"0"},"2":{"name":"Speed","value":"0"},"3":{"name":"Features","value":"0"},"4":{"name":"Support","value":"0"},"5":{"name":"Pricing","value":"0"}},"wppr_review_type":"Product","wppr_review_custom_fields":{"additionalProperty":"","additionalType":"","aggregateRating":"","alternateName":"","audience":"","award":"","awards":"","brand":"","color":"","depth":"","description":"","disambiguatingDescription":"","gtin12":"","gtin13":"","gtin14":"","gtin8":"","height":"","identifier":"","image":"","isAccessoryOrSparePartFor":"","isConsumableFor":"","isRelatedTo":"","isSimilarTo":"","itemCondition":"","logo":"","mainEntityOfPage":"","manufacturer":"","material":"","model":"","mpn":"","name":"","offers":"","potentialAction":"","productID":"","productionDate":"","purchaseDate":"","releaseDate":"","review":"","reviews":"","sameAs":"","sku":"","slogan":"","subjectOf":"","url":"","weight":"","width":""}},"acf":[],"yoast_head":"<!-- This site is optimized with the Yoast SEO plugin v27.4 - https:\/\/yoast.com\/product\/yoast-seo-wordpress\/ -->\n<title>Zoho Creator: recensione piattaforma no-code - Accurate Reviews<\/title>\n<meta name=\"description\" content=\"Zoho Creator: recensione piattaforma all-in-one per lo sviluppo di applicazioni low-code per aiutare le aziende a digitalizzare le operazioni\" \/>\n<meta name=\"robots\" content=\"index, follow, max-snippet:-1, max-image-preview:large, max-video-preview:-1\" \/>\n<link rel=\"canonical\" href=\"https:\/\/www.accuratereviews.com\/it\/piattaforme-no-code\/zoho-creator-recensione\/\" \/>\n<meta property=\"og:locale\" content=\"it_IT\" \/>\n<meta property=\"og:type\" content=\"article\" \/>\n<meta property=\"og:title\" content=\"Zoho Creator: recensione piattaforma no-code - Accurate Reviews\" \/>\n<meta property=\"og:description\" content=\"Zoho Creator: recensione piattaforma all-in-one per lo sviluppo di applicazioni low-code per aiutare le aziende a digitalizzare le operazioni\" \/>\n<meta property=\"og:url\" content=\"https:\/\/www.accuratereviews.com\/it\/piattaforme-no-code\/zoho-creator-recensione\/\" \/>\n<meta property=\"og:site_name\" content=\"Accurate Reviews\" \/>\n<meta property=\"og:image\" content=\"https:\/\/www.accuratereviews.com\/wp-content\/uploads\/2025\/11\/ZOHO.png\" \/>\n\t<meta property=\"og:image:width\" content=\"225\" \/>\n\t<meta property=\"og:image:height\" content=\"225\" \/>\n\t<meta property=\"og:image:type\" content=\"image\/png\" \/>\n<meta name=\"twitter:card\" content=\"summary_large_image\" \/>\n<meta name=\"twitter:label1\" content=\"Tempo di lettura stimato\" \/>\n\t<meta name=\"twitter:data1\" content=\"4 minuti\" \/>\n<script type=\"application\/ld+json\" class=\"yoast-schema-graph\">{\"@context\":\"https:\\\/\\\/schema.org\",\"@graph\":[{\"@type\":\"WebPage\",\"@id\":\"https:\\\/\\\/www.accuratereviews.com\\\/it\\\/piattaforme-no-code\\\/zoho-creator-recensione\\\/\",\"url\":\"https:\\\/\\\/www.accuratereviews.com\\\/it\\\/piattaforme-no-code\\\/zoho-creator-recensione\\\/\",\"name\":\"Zoho Creator: recensione piattaforma no-code - Accurate Reviews\",\"isPartOf\":{\"@id\":\"https:\\\/\\\/www.accuratereviews.com\\\/it\\\/#website\"},\"primaryImageOfPage\":{\"@id\":\"https:\\\/\\\/www.accuratereviews.com\\\/it\\\/piattaforme-no-code\\\/zoho-creator-recensione\\\/#primaryimage\"},\"image\":{\"@id\":\"https:\\\/\\\/www.accuratereviews.com\\\/it\\\/piattaforme-no-code\\\/zoho-creator-recensione\\\/#primaryimage\"},\"thumbnailUrl\":\"https:\\\/\\\/www.accuratereviews.com\\\/wp-content\\\/uploads\\\/2025\\\/11\\\/ZOHO.png\",\"datePublished\":\"2025-11-19T18:26:19+00:00\",\"description\":\"Zoho Creator: recensione piattaforma all-in-one per lo sviluppo di applicazioni low-code per aiutare le aziende a digitalizzare le operazioni\",\"breadcrumb\":{\"@id\":\"https:\\\/\\\/www.accuratereviews.com\\\/it\\\/piattaforme-no-code\\\/zoho-creator-recensione\\\/#breadcrumb\"},\"inLanguage\":\"it-IT\",\"potentialAction\":[{\"@type\":\"ReadAction\",\"target\":[\"https:\\\/\\\/www.accuratereviews.com\\\/it\\\/piattaforme-no-code\\\/zoho-creator-recensione\\\/\"]}]},{\"@type\":\"ImageObject\",\"inLanguage\":\"it-IT\",\"@id\":\"https:\\\/\\\/www.accuratereviews.com\\\/it\\\/piattaforme-no-code\\\/zoho-creator-recensione\\\/#primaryimage\",\"url\":\"https:\\\/\\\/www.accuratereviews.com\\\/wp-content\\\/uploads\\\/2025\\\/11\\\/ZOHO.png\",\"contentUrl\":\"https:\\\/\\\/www.accuratereviews.com\\\/wp-content\\\/uploads\\\/2025\\\/11\\\/ZOHO.png\",\"width\":225,\"height\":225},{\"@type\":\"BreadcrumbList\",\"@id\":\"https:\\\/\\\/www.accuratereviews.com\\\/it\\\/piattaforme-no-code\\\/zoho-creator-recensione\\\/#breadcrumb\",\"itemListElement\":[{\"@type\":\"ListItem\",\"position\":1,\"name\":\"Home\",\"item\":\"https:\\\/\\\/www.accuratereviews.com\\\/it\\\/\"},{\"@type\":\"ListItem\",\"position\":2,\"name\":\"Piattaforme no-code\",\"item\":\"https:\\\/\\\/www.accuratereviews.com\\\/it\\\/piattaforme-no-code\\\/\"},{\"@type\":\"ListItem\",\"position\":3,\"name\":\"Zoho Creator\"}]},{\"@type\":\"WebSite\",\"@id\":\"https:\\\/\\\/www.accuratereviews.com\\\/it\\\/#website\",\"url\":\"https:\\\/\\\/www.accuratereviews.com\\\/it\\\/\",\"name\":\"Accurate Reviews\",\"description\":\"\",\"potentialAction\":[{\"@type\":\"SearchAction\",\"target\":{\"@type\":\"EntryPoint\",\"urlTemplate\":\"https:\\\/\\\/www.accuratereviews.com\\\/it\\\/?s={search_term_string}\"},\"query-input\":{\"@type\":\"PropertyValueSpecification\",\"valueRequired\":true,\"valueName\":\"search_term_string\"}}],\"inLanguage\":\"it-IT\"}]}<\/script>\n<!-- \/ Yoast SEO plugin. -->","yoast_head_json":{"title":"Zoho Creator: recensione piattaforma no-code - Accurate Reviews","description":"Zoho Creator: recensione piattaforma all-in-one per lo sviluppo di applicazioni low-code per aiutare le aziende a digitalizzare le operazioni","robots":{"index":"index","follow":"follow","max-snippet":"max-snippet:-1","max-image-preview":"max-image-preview:large","max-video-preview":"max-video-preview:-1"},"canonical":"https:\/\/www.accuratereviews.com\/it\/piattaforme-no-code\/zoho-creator-recensione\/","og_locale":"it_IT","og_type":"article","og_title":"Zoho Creator: recensione piattaforma no-code - Accurate Reviews","og_description":"Zoho Creator: recensione piattaforma all-in-one per lo sviluppo di applicazioni low-code per aiutare le aziende a digitalizzare le operazioni","og_url":"https:\/\/www.accuratereviews.com\/it\/piattaforme-no-code\/zoho-creator-recensione\/","og_site_name":"Accurate Reviews","og_image":[{"width":225,"height":225,"url":"https:\/\/www.accuratereviews.com\/wp-content\/uploads\/2025\/11\/ZOHO.png","type":"image\/png"}],"twitter_card":"summary_large_image","twitter_misc":{"Tempo di lettura stimato":"4 minuti"},"schema":{"@context":"https:\/\/schema.org","@graph":[{"@type":"WebPage","@id":"https:\/\/www.accuratereviews.com\/it\/piattaforme-no-code\/zoho-creator-recensione\/","url":"https:\/\/www.accuratereviews.com\/it\/piattaforme-no-code\/zoho-creator-recensione\/","name":"Zoho Creator: recensione piattaforma no-code - Accurate Reviews","isPartOf":{"@id":"https:\/\/www.accuratereviews.com\/it\/#website"},"primaryImageOfPage":{"@id":"https:\/\/www.accuratereviews.com\/it\/piattaforme-no-code\/zoho-creator-recensione\/#primaryimage"},"image":{"@id":"https:\/\/www.accuratereviews.com\/it\/piattaforme-no-code\/zoho-creator-recensione\/#primaryimage"},"thumbnailUrl":"https:\/\/www.accuratereviews.com\/wp-content\/uploads\/2025\/11\/ZOHO.png","datePublished":"2025-11-19T18:26:19+00:00","description":"Zoho Creator: recensione piattaforma all-in-one per lo sviluppo di applicazioni low-code per aiutare le aziende a digitalizzare le operazioni","breadcrumb":{"@id":"https:\/\/www.accuratereviews.com\/it\/piattaforme-no-code\/zoho-creator-recensione\/#breadcrumb"},"inLanguage":"it-IT","potentialAction":[{"@type":"ReadAction","target":["https:\/\/www.accuratereviews.com\/it\/piattaforme-no-code\/zoho-creator-recensione\/"]}]},{"@type":"ImageObject","inLanguage":"it-IT","@id":"https:\/\/www.accuratereviews.com\/it\/piattaforme-no-code\/zoho-creator-recensione\/#primaryimage","url":"https:\/\/www.accuratereviews.com\/wp-content\/uploads\/2025\/11\/ZOHO.png","contentUrl":"https:\/\/www.accuratereviews.com\/wp-content\/uploads\/2025\/11\/ZOHO.png","width":225,"height":225},{"@type":"BreadcrumbList","@id":"https:\/\/www.accuratereviews.com\/it\/piattaforme-no-code\/zoho-creator-recensione\/#breadcrumb","itemListElement":[{"@type":"ListItem","position":1,"name":"Home","item":"https:\/\/www.accuratereviews.com\/it\/"},{"@type":"ListItem","position":2,"name":"Piattaforme no-code","item":"https:\/\/www.accuratereviews.com\/it\/piattaforme-no-code\/"},{"@type":"ListItem","position":3,"name":"Zoho Creator"}]},{"@type":"WebSite","@id":"https:\/\/www.accuratereviews.com\/it\/#website","url":"https:\/\/www.accuratereviews.com\/it\/","name":"Accurate Reviews","description":"","potentialAction":[{"@type":"SearchAction","target":{"@type":"EntryPoint","urlTemplate":"https:\/\/www.accuratereviews.com\/it\/?s={search_term_string}"},"query-input":{"@type":"PropertyValueSpecification","valueRequired":true,"valueName":"search_term_string"}}],"inLanguage":"it-IT"}]}},"_links":{"self":[{"href":"https:\/\/www.accuratereviews.com\/it\/wp-json\/wp\/v2\/pages\/105084","targetHints":{"allow":["GET"]}}],"collection":[{"href":"https:\/\/www.accuratereviews.com\/it\/wp-json\/wp\/v2\/pages"}],"about":[{"href":"https:\/\/www.accuratereviews.com\/it\/wp-json\/wp\/v2\/types\/page"}],"author":[{"embeddable":true,"href":"https:\/\/www.accuratereviews.com\/it\/wp-json\/wp\/v2\/users\/19"}],"replies":[{"embeddable":true,"href":"https:\/\/www.accuratereviews.com\/it\/wp-json\/wp\/v2\/comments?post=105084"}],"version-history":[{"count":7,"href":"https:\/\/www.accuratereviews.com\/it\/wp-json\/wp\/v2\/pages\/105084\/revisions"}],"predecessor-version":[{"id":105097,"href":"https:\/\/www.accuratereviews.com\/it\/wp-json\/wp\/v2\/pages\/105084\/revisions\/105097"}],"up":[{"embeddable":true,"href":"https:\/\/www.accuratereviews.com\/it\/wp-json\/wp\/v2\/pages\/99993"}],"wp:featuredmedia":[{"embeddable":true,"href":"https:\/\/www.accuratereviews.com\/it\/wp-json\/wp\/v2\/media\/105086"}],"wp:attachment":[{"href":"https:\/\/www.accuratereviews.com\/it\/wp-json\/wp\/v2\/media?parent=105084"}],"wp:term":[{"taxonomy":"category","embeddable":true,"href":"https:\/\/www.accuratereviews.com\/it\/wp-json\/wp\/v2\/categories?post=105084"},{"taxonomy":"post_tag","embeddable":true,"href":"https:\/\/www.accuratereviews.com\/it\/wp-json\/wp\/v2\/tags?post=105084"},{"taxonomy":"features","embeddable":true,"href":"https:\/\/www.accuratereviews.com\/it\/wp-json\/wp\/v2\/features?post=105084"}],"curies":[{"name":"wp","href":"https:\/\/api.w.org\/{rel}","templated":true}]}}