{"id":105098,"date":"2025-11-20T15:54:39","date_gmt":"2025-11-20T15:54:39","guid":{"rendered":"https:\/\/www.accuratereviews.com\/?page_id=105098"},"modified":"2025-11-20T15:54:39","modified_gmt":"2025-11-20T15:54:39","slug":"ninox-recensione","status":"publish","type":"page","link":"https:\/\/www.accuratereviews.com\/it\/piattaforme-no-code\/ninox-recensione\/","title":{"rendered":"Ninox"},"content":{"rendered":"<p><strong>Ninox<\/strong> \u00e8 una<strong> soluzione di inserimento dati<\/strong>, basata su <strong>cloud<\/strong>,\u00a0che aiuta a creare applicazioni di database utilizzando funzionalit\u00e0 come modelli integrati, azioni personalizzate, scripting e formule drag-and-drop. Il database pu\u00f2 essere archiviato in locale o nel cloud.<br \/>\nConsente inoltre agli utenti di creare moduli e campi personalizzati,\u00a0modelli di inserimento dati che possono essere utilizzati per la gestione delle relazioni con i clienti, la gestione dei progetti, la gestione delle propriet\u00e0, la gestione degli account e le schede attivit\u00e0.<br \/>\nAltre funzionalit\u00e0 includono il controllo degli accessi basato sui ruoli e la sincronizzazione dei dati in tempo reale tra dispositivi.<br \/>\n<strong>Ninox<\/strong>\u00a0fornisce anche backup automatici dei dati i quali possono essere esportati nei formati Excel e CSV. \u00c8 disponibile un&#8217;app nativa per iOS.<\/p>\n<h2>NINOX &#8211; TUTORIAL<\/h2>\n<div id=\"fluid-wrapper-counter-1\" class=\"g1-fluid-wrapper \" style=\"width:686px;\">\n<div style=\"padding-bottom:56.268221574344%;\"><iframe loading=\"lazy\" title=\"Creating offers &amp; documents | Ninox Tutorial - Step 4\" width=\"686\" height=\"386\" src=\"https:\/\/www.youtube.com\/embed\/kwwuHCJ87Gk?feature=oembed&amp;wmode=transparent&amp;autohide=1&amp;autoplay=0&amp;disablekb=0&amp;fs=1&amp;loop=0&amp;enablejsapi=1&amp;rel=0&amp;controls=2&amp;showinfo=0&amp;wmode=transparent&amp;autohide=2&amp;autoplay=0&amp;disablekb=0&amp;fs=1&amp;loop=0&amp;enablejsapi=1&amp;rel=0&amp;controls=2&amp;showinfo=1\" frameborder=\"0\" allow=\"accelerometer; autoplay; clipboard-write; encrypted-media; gyroscope; picture-in-picture; web-share\" referrerpolicy=\"strict-origin-when-cross-origin\" allowfullscreen><\/iframe><\/div>\n<\/div>\n<h3>NINOX &#8211; CARATTERISTICHE<\/h3>\n<ul>\n<li><strong>Low-code\/no-code:<\/strong> gli utenti possono creare e personalizzare applicazioni con formule drag-and-drop ed elementi di design visivi, richiedendo conoscenze di programmazione minime o nulle.<\/li>\n<li><strong>Interfacce personalizzabili<\/strong>: gli utenti possono creare moduli, campi e layout personalizzati e applicare il branding aziendale con colori e loghi personalizzati.<\/li>\n<li><strong>Modelli integrati:<\/strong> sono disponibili diversi modelli predefiniti e completamente personalizzabili per esigenze aziendali comuni come CRM, ERP, inventario e gestione progetti.<\/li>\n<li><strong>Visualizzazioni dati multiple:<\/strong> i dati possono essere visualizzati in vari formati, tra cui tabelle, moduli, grafici, bacheche Kanban, diagrammi di Gantt e tabelle pivot.<\/li>\n<li><strong>Sincronizzazione in tempo reale:<\/strong> i dati vengono sincronizzati in tempo reale su tutti i dispositivi, garantendo che tutti i membri del team dispongano delle informazioni pi\u00f9 recenti.<\/li>\n<li><strong>Funzionalit\u00e0 offline<\/strong>: gli utenti possono lavorare sui database senza una connessione Internet e i dati si sincronizzano automaticamente una volta tornati online.<\/li>\n<li><strong>Controllo degli accessi basato sui ruoli<\/strong>: gli amministratori possono definire i ruoli utente e impostare autorizzazioni di accesso specifiche a livello di database, tabella e record.<\/li>\n<li><strong>Integrazione API<\/strong>: la piattaforma offre diverse API per l&#8217;integrazione con altri servizi e strumenti, come Google Suite, Zapier, Make e n8n.<\/li>\n<li><strong>Automazione del flusso di lavoro:<\/strong> gli utenti possono impostare trigger di eventi e creare script personalizzati per automatizzare azioni come l&#8217;invio di email o l&#8217;aggiornamento di record.<\/li>\n<li><strong>Importazione\/esportazione dati<\/strong>: i dati possono essere importati da diverse fonti (ad esempio, file CSV e Bento) ed esportati in formati come Excel, CSV e PDF.<\/li>\n<li><strong>Archiviazione sicura dei dati:<\/strong> i dati vengono archiviati su server sicuri e protetti con crittografia SSL\/TLS, in conformit\u00e0 con il GDPR.<\/li>\n<li><strong>Backup automatici e manuali:<\/strong> il programma offre backup automatici dei dati e la possibilit\u00e0 per gli utenti di eseguire backup e ripristini manuali.<\/li>\n<\/ul>\n<h4>LE RECENSIONI DEGLI UTENTI<\/h4>\n<p><strong>Demetrio &#8220;Software unico nel suo genere&#8221;<\/strong><br \/>\nMi ha aperto a grandissime possibilit\u00e0 , sono riuscito a digitalizzare tutto il mio lavoro e a renderla un app disponibile anche ai clienti<br \/>\n<strong>Pro<\/strong>: La possibilit\u00e0 di creare grandi progetti. La logica \u00e8 intuitiva e il supporto \u00e8 ineccepibile. Ninox \u00e8 altamente professionale<br \/>\n<strong>Contro<\/strong>: Nulla, devo dire che con i suoi continui aggiornamenti, riesce sempre a comprendere i vari limiti della piattaforma e superarli con il massimo dei voti<\/p>\n<p><strong>Dr Saverio &#8220;Un ottimo modo per gestire i tuoi pazienti&#8221;<\/strong><br \/>\nUn&#8217;ottima soluzione, ma troppo costosa per un CRM. Si pu\u00f2 pensare a una soluzione per collegare documenti da altri Cloud, ad esempio Google Drive.<br \/>\n<strong>Pro<\/strong>: La personalizzazione e la sicurezza sono un valore aggiunto. La possibilit\u00e0 di interagire con altre app \u00e8 incredibile.<br \/>\n<strong>Contro<\/strong>: Il prezzo \u00e8 elevato per uno spazio di oltre 4 GB. Considerando un CRM con foto e documenti da archiviare<\/p>\n<p><strong>Diego &#8220;Esperienza Ninox&#8221;<\/strong><br \/>\nPotente per la creazione rapida di app e la gestione dei dati, ma limitato per le esigenze di interfacce utente complesse.<br \/>\n<strong>Pro<\/strong>: piattaforma low-code davvero veloce e flessibile, con facile personalizzazione, interfaccia utente eccezionale e potenti strumenti di collaborazione.<br \/>\n<strong>Contro<\/strong>: integrazioni limitate, problemi di scalabilit\u00e0 e mancanza di automazione avanzata o di un sistema di controllo delle versioni adeguato.<\/p>\n","protected":false},"excerpt":{"rendered":"<p>Ninox \u00e8 una soluzione di inserimento dati basata su cloud . La soluzione aiuta a creare applicazioni di database utilizzando funzionalit\u00e0 come modelli integrati, azioni personalizzate, scripting e formule drag-and-drop. Il database pu\u00f2 essere archiviato in locale o nel cloud.<\/p>\n","protected":false},"author":19,"featured_media":105102,"parent":99993,"menu_order":0,"comment_status":"open","ping_status":"closed","template":"g1_template_page_review_new.php","meta":{"_acf_changed":false,"cwp_meta_box_check":"Yes","cwp_rev_product_name":"","cwp_rev_product_image":"","wppr_links":[],"cwp_rev_price":"0.00","wppr_options":[{"name":"Usability","value":"0"},{"name":"Speed","value":"0"},{"name":"Features","value":"0"},{"name":"Support","value":"0"},{"name":"Pricing","value":"0"}],"wppr_pros":["","","","",""],"wppr_cons":["","","","",""],"_monsterinsights_skip_tracking":false,"_monsterinsights_sitenote_active":false,"_monsterinsights_sitenote_note":"","_monsterinsights_sitenote_category":0,"footnotes":""},"categories":[16551],"tags":[16755,16554,16571,16573,16556,16572],"features":[],"class_list":{"0":"post-105098","1":"page","2":"type-page","3":"status-publish","4":"has-post-thumbnail","6":"category-piattaforme-no-code-cat","7":"tag-ninox","8":"tag-no-code","9":"tag-piattaforma-no-code","10":"tag-programma-no-code","11":"tag-software-no-code","12":"tag-soluzione-no-code"},"wppr_data":{"cwp_meta_box_check":"Yes","_wppr_review_template":"default","cwp_rev_product_image":"","cwp_image_link":"image","wppr_links":[],"cwp_rev_price":"0.00","wppr_pros":["","","","",""],"wppr_cons":["","","","",""],"wppr_rating":"0.00","wppr_options":{"1":{"name":"Usability","value":"0"},"2":{"name":"Speed","value":"0"},"3":{"name":"Features","value":"0"},"4":{"name":"Support","value":"0"},"5":{"name":"Pricing","value":"0"}},"wppr_review_type":"Product","wppr_review_custom_fields":{"additionalProperty":"","additionalType":"","aggregateRating":"","alternateName":"","audience":"","award":"","awards":"","brand":"","color":"","depth":"","description":"","disambiguatingDescription":"","gtin12":"","gtin13":"","gtin14":"","gtin8":"","height":"","identifier":"","image":"","isAccessoryOrSparePartFor":"","isConsumableFor":"","isRelatedTo":"","isSimilarTo":"","itemCondition":"","logo":"","mainEntityOfPage":"","manufacturer":"","material":"","model":"","mpn":"","name":"","offers":"","potentialAction":"","productID":"","productionDate":"","purchaseDate":"","releaseDate":"","review":"","reviews":"","sameAs":"","sku":"","slogan":"","subjectOf":"","url":"","weight":"","width":""}},"acf":[],"yoast_head":"<!-- This site is optimized with the Yoast SEO plugin v27.4 - https:\/\/yoast.com\/product\/yoast-seo-wordpress\/ -->\n<title>Ninox: recensione piattaforma no-code - Accurate Reviews<\/title>\n<meta name=\"description\" content=\"Ninox: recensione soluzione di inserimento dati, basata su cloud, che aiuta a creare applicazioni di database in modo semplice e veloce.\" \/>\n<meta name=\"robots\" content=\"index, follow, max-snippet:-1, max-image-preview:large, max-video-preview:-1\" \/>\n<link rel=\"canonical\" href=\"https:\/\/www.accuratereviews.com\/it\/piattaforme-no-code\/ninox-recensione\/\" \/>\n<meta property=\"og:locale\" content=\"it_IT\" \/>\n<meta property=\"og:type\" content=\"article\" \/>\n<meta property=\"og:title\" content=\"Ninox: recensione piattaforma no-code - Accurate Reviews\" \/>\n<meta property=\"og:description\" content=\"Ninox: recensione soluzione di inserimento dati, basata su cloud, che aiuta a creare applicazioni di database in modo semplice e veloce.\" \/>\n<meta property=\"og:url\" content=\"https:\/\/www.accuratereviews.com\/it\/piattaforme-no-code\/ninox-recensione\/\" \/>\n<meta property=\"og:site_name\" content=\"Accurate Reviews\" \/>\n<meta property=\"og:image\" content=\"https:\/\/www.accuratereviews.com\/wp-content\/uploads\/2025\/11\/Ninox.png\" \/>\n\t<meta property=\"og:image:width\" content=\"700\" \/>\n\t<meta property=\"og:image:height\" content=\"700\" \/>\n\t<meta property=\"og:image:type\" content=\"image\/png\" \/>\n<meta name=\"twitter:card\" content=\"summary_large_image\" \/>\n<meta name=\"twitter:label1\" content=\"Tempo di lettura stimato\" \/>\n\t<meta name=\"twitter:data1\" content=\"5 minuti\" \/>\n<script type=\"application\/ld+json\" class=\"yoast-schema-graph\">{\"@context\":\"https:\\\/\\\/schema.org\",\"@graph\":[{\"@type\":\"WebPage\",\"@id\":\"https:\\\/\\\/www.accuratereviews.com\\\/it\\\/piattaforme-no-code\\\/ninox-recensione\\\/\",\"url\":\"https:\\\/\\\/www.accuratereviews.com\\\/it\\\/piattaforme-no-code\\\/ninox-recensione\\\/\",\"name\":\"Ninox: recensione piattaforma no-code - Accurate Reviews\",\"isPartOf\":{\"@id\":\"https:\\\/\\\/www.accuratereviews.com\\\/it\\\/#website\"},\"primaryImageOfPage\":{\"@id\":\"https:\\\/\\\/www.accuratereviews.com\\\/it\\\/piattaforme-no-code\\\/ninox-recensione\\\/#primaryimage\"},\"image\":{\"@id\":\"https:\\\/\\\/www.accuratereviews.com\\\/it\\\/piattaforme-no-code\\\/ninox-recensione\\\/#primaryimage\"},\"thumbnailUrl\":\"https:\\\/\\\/www.accuratereviews.com\\\/wp-content\\\/uploads\\\/2025\\\/11\\\/Ninox.png\",\"datePublished\":\"2025-11-20T15:54:39+00:00\",\"description\":\"Ninox: recensione soluzione di inserimento dati, basata su cloud, che aiuta a creare applicazioni di database in modo semplice e veloce.\",\"breadcrumb\":{\"@id\":\"https:\\\/\\\/www.accuratereviews.com\\\/it\\\/piattaforme-no-code\\\/ninox-recensione\\\/#breadcrumb\"},\"inLanguage\":\"it-IT\",\"potentialAction\":[{\"@type\":\"ReadAction\",\"target\":[\"https:\\\/\\\/www.accuratereviews.com\\\/it\\\/piattaforme-no-code\\\/ninox-recensione\\\/\"]}]},{\"@type\":\"ImageObject\",\"inLanguage\":\"it-IT\",\"@id\":\"https:\\\/\\\/www.accuratereviews.com\\\/it\\\/piattaforme-no-code\\\/ninox-recensione\\\/#primaryimage\",\"url\":\"https:\\\/\\\/www.accuratereviews.com\\\/wp-content\\\/uploads\\\/2025\\\/11\\\/Ninox.png\",\"contentUrl\":\"https:\\\/\\\/www.accuratereviews.com\\\/wp-content\\\/uploads\\\/2025\\\/11\\\/Ninox.png\",\"width\":700,\"height\":700},{\"@type\":\"BreadcrumbList\",\"@id\":\"https:\\\/\\\/www.accuratereviews.com\\\/it\\\/piattaforme-no-code\\\/ninox-recensione\\\/#breadcrumb\",\"itemListElement\":[{\"@type\":\"ListItem\",\"position\":1,\"name\":\"Home\",\"item\":\"https:\\\/\\\/www.accuratereviews.com\\\/it\\\/\"},{\"@type\":\"ListItem\",\"position\":2,\"name\":\"Piattaforme no-code\",\"item\":\"https:\\\/\\\/www.accuratereviews.com\\\/it\\\/piattaforme-no-code\\\/\"},{\"@type\":\"ListItem\",\"position\":3,\"name\":\"Ninox\"}]},{\"@type\":\"WebSite\",\"@id\":\"https:\\\/\\\/www.accuratereviews.com\\\/it\\\/#website\",\"url\":\"https:\\\/\\\/www.accuratereviews.com\\\/it\\\/\",\"name\":\"Accurate Reviews\",\"description\":\"\",\"potentialAction\":[{\"@type\":\"SearchAction\",\"target\":{\"@type\":\"EntryPoint\",\"urlTemplate\":\"https:\\\/\\\/www.accuratereviews.com\\\/it\\\/?s={search_term_string}\"},\"query-input\":{\"@type\":\"PropertyValueSpecification\",\"valueRequired\":true,\"valueName\":\"search_term_string\"}}],\"inLanguage\":\"it-IT\"}]}<\/script>\n<!-- \/ Yoast SEO plugin. -->","yoast_head_json":{"title":"Ninox: recensione piattaforma no-code - Accurate Reviews","description":"Ninox: recensione soluzione di inserimento dati, basata su cloud, che aiuta a creare applicazioni di database in modo semplice e veloce.","robots":{"index":"index","follow":"follow","max-snippet":"max-snippet:-1","max-image-preview":"max-image-preview:large","max-video-preview":"max-video-preview:-1"},"canonical":"https:\/\/www.accuratereviews.com\/it\/piattaforme-no-code\/ninox-recensione\/","og_locale":"it_IT","og_type":"article","og_title":"Ninox: recensione piattaforma no-code - Accurate Reviews","og_description":"Ninox: recensione soluzione di inserimento dati, basata su cloud, che aiuta a creare applicazioni di database in modo semplice e veloce.","og_url":"https:\/\/www.accuratereviews.com\/it\/piattaforme-no-code\/ninox-recensione\/","og_site_name":"Accurate Reviews","og_image":[{"width":700,"height":700,"url":"https:\/\/www.accuratereviews.com\/wp-content\/uploads\/2025\/11\/Ninox.png","type":"image\/png"}],"twitter_card":"summary_large_image","twitter_misc":{"Tempo di lettura stimato":"5 minuti"},"schema":{"@context":"https:\/\/schema.org","@graph":[{"@type":"WebPage","@id":"https:\/\/www.accuratereviews.com\/it\/piattaforme-no-code\/ninox-recensione\/","url":"https:\/\/www.accuratereviews.com\/it\/piattaforme-no-code\/ninox-recensione\/","name":"Ninox: recensione piattaforma no-code - Accurate Reviews","isPartOf":{"@id":"https:\/\/www.accuratereviews.com\/it\/#website"},"primaryImageOfPage":{"@id":"https:\/\/www.accuratereviews.com\/it\/piattaforme-no-code\/ninox-recensione\/#primaryimage"},"image":{"@id":"https:\/\/www.accuratereviews.com\/it\/piattaforme-no-code\/ninox-recensione\/#primaryimage"},"thumbnailUrl":"https:\/\/www.accuratereviews.com\/wp-content\/uploads\/2025\/11\/Ninox.png","datePublished":"2025-11-20T15:54:39+00:00","description":"Ninox: recensione soluzione di inserimento dati, basata su cloud, che aiuta a creare applicazioni di database in modo semplice e veloce.","breadcrumb":{"@id":"https:\/\/www.accuratereviews.com\/it\/piattaforme-no-code\/ninox-recensione\/#breadcrumb"},"inLanguage":"it-IT","potentialAction":[{"@type":"ReadAction","target":["https:\/\/www.accuratereviews.com\/it\/piattaforme-no-code\/ninox-recensione\/"]}]},{"@type":"ImageObject","inLanguage":"it-IT","@id":"https:\/\/www.accuratereviews.com\/it\/piattaforme-no-code\/ninox-recensione\/#primaryimage","url":"https:\/\/www.accuratereviews.com\/wp-content\/uploads\/2025\/11\/Ninox.png","contentUrl":"https:\/\/www.accuratereviews.com\/wp-content\/uploads\/2025\/11\/Ninox.png","width":700,"height":700},{"@type":"BreadcrumbList","@id":"https:\/\/www.accuratereviews.com\/it\/piattaforme-no-code\/ninox-recensione\/#breadcrumb","itemListElement":[{"@type":"ListItem","position":1,"name":"Home","item":"https:\/\/www.accuratereviews.com\/it\/"},{"@type":"ListItem","position":2,"name":"Piattaforme no-code","item":"https:\/\/www.accuratereviews.com\/it\/piattaforme-no-code\/"},{"@type":"ListItem","position":3,"name":"Ninox"}]},{"@type":"WebSite","@id":"https:\/\/www.accuratereviews.com\/it\/#website","url":"https:\/\/www.accuratereviews.com\/it\/","name":"Accurate Reviews","description":"","potentialAction":[{"@type":"SearchAction","target":{"@type":"EntryPoint","urlTemplate":"https:\/\/www.accuratereviews.com\/it\/?s={search_term_string}"},"query-input":{"@type":"PropertyValueSpecification","valueRequired":true,"valueName":"search_term_string"}}],"inLanguage":"it-IT"}]}},"_links":{"self":[{"href":"https:\/\/www.accuratereviews.com\/it\/wp-json\/wp\/v2\/pages\/105098","targetHints":{"allow":["GET"]}}],"collection":[{"href":"https:\/\/www.accuratereviews.com\/it\/wp-json\/wp\/v2\/pages"}],"about":[{"href":"https:\/\/www.accuratereviews.com\/it\/wp-json\/wp\/v2\/types\/page"}],"author":[{"embeddable":true,"href":"https:\/\/www.accuratereviews.com\/it\/wp-json\/wp\/v2\/users\/19"}],"replies":[{"embeddable":true,"href":"https:\/\/www.accuratereviews.com\/it\/wp-json\/wp\/v2\/comments?post=105098"}],"version-history":[{"count":7,"href":"https:\/\/www.accuratereviews.com\/it\/wp-json\/wp\/v2\/pages\/105098\/revisions"}],"predecessor-version":[{"id":105145,"href":"https:\/\/www.accuratereviews.com\/it\/wp-json\/wp\/v2\/pages\/105098\/revisions\/105145"}],"up":[{"embeddable":true,"href":"https:\/\/www.accuratereviews.com\/it\/wp-json\/wp\/v2\/pages\/99993"}],"wp:featuredmedia":[{"embeddable":true,"href":"https:\/\/www.accuratereviews.com\/it\/wp-json\/wp\/v2\/media\/105102"}],"wp:attachment":[{"href":"https:\/\/www.accuratereviews.com\/it\/wp-json\/wp\/v2\/media?parent=105098"}],"wp:term":[{"taxonomy":"category","embeddable":true,"href":"https:\/\/www.accuratereviews.com\/it\/wp-json\/wp\/v2\/categories?post=105098"},{"taxonomy":"post_tag","embeddable":true,"href":"https:\/\/www.accuratereviews.com\/it\/wp-json\/wp\/v2\/tags?post=105098"},{"taxonomy":"features","embeddable":true,"href":"https:\/\/www.accuratereviews.com\/it\/wp-json\/wp\/v2\/features?post=105098"}],"curies":[{"name":"wp","href":"https:\/\/api.w.org\/{rel}","templated":true}]}}