{"id":105148,"date":"2025-11-21T15:04:42","date_gmt":"2025-11-21T15:04:42","guid":{"rendered":"https:\/\/www.accuratereviews.com\/?page_id=105148"},"modified":"2025-11-21T15:04:42","modified_gmt":"2025-11-21T15:04:42","slug":"truecontext-recensione","status":"publish","type":"page","link":"https:\/\/www.accuratereviews.com\/it\/piattaforme-no-code\/truecontext-recensione\/","title":{"rendered":"TrueContext"},"content":{"rendered":"<p><strong>TrueContext<\/strong>, precedentemente conosciuto come ProntoForms, offre un software di assistenza sul campo basato su <strong>cloud<\/strong> che supporta le aziende tramite la sua app web e l&#8217;interfaccia mobile. Gli operatori possono compilare e inviare fatture, ordini di lavoro e firme all&#8217;interno dell&#8217;app mobile.<br \/>\nUna delle caratteristiche di <strong>TrueContext<\/strong> \u00e8 la sua capacit\u00e0 di raccogliere e gestire documenti e moduli da qualsiasi luogo. Gli utenti che lavorano da remoto possono scegliere tra modelli predefiniti dalla libreria di moduli del programma, che include di tutto, dalle richieste di consegna alle registrazioni di eventi, oppure possono crearne di propri con uno strumento di personalizzazione. Codici a barre, timestamp, foto e firme possono essere inclusi in qualsiasi modulo, fornendo dati a chiunque acceda a qualsiasi documento. I loghi aziendali personalizzabili sono presenti su tutti i moduli PDF, sul portale web e sull&#8217;app mobile.<\/p>\n<h2>TRUECONTEXT &#8211; TUTORIAL<\/h2>\n<div id=\"fluid-wrapper-counter-1\" class=\"g1-fluid-wrapper \" style=\"width:686px;\">\n<div style=\"padding-bottom:56.268221574344%;\"><iframe loading=\"lazy\" title=\"TrueContext Beginner Tutorial | Field Service Software Demo\" width=\"686\" height=\"386\" src=\"https:\/\/www.youtube.com\/embed\/iQkPeYXerzU?feature=oembed&amp;wmode=transparent&amp;autohide=1&amp;autoplay=0&amp;disablekb=0&amp;fs=1&amp;loop=0&amp;enablejsapi=1&amp;rel=0&amp;controls=2&amp;showinfo=0&amp;wmode=transparent&amp;autohide=2&amp;autoplay=0&amp;disablekb=0&amp;fs=1&amp;loop=0&amp;enablejsapi=1&amp;rel=0&amp;controls=2&amp;showinfo=1\" frameborder=\"0\" allow=\"accelerometer; autoplay; clipboard-write; encrypted-media; gyroscope; picture-in-picture; web-share\" referrerpolicy=\"strict-origin-when-cross-origin\" allowfullscreen><\/iframe><\/div>\n<\/div>\n<h3>TRUECONTEXT &#8211; CARATTERISTICHE<\/h3>\n<ul>\n<li><strong>Moduli mobili<\/strong>: crea e personalizza moduli digitali con vari tipi di input, come testo, firme, codici a barre e foto.<\/li>\n<li><strong>Acquisizione dati offline<\/strong>: lavora in aree senza connessione Internet e sincronizza automaticamente i dati una volta riconnesso.<\/li>\n<li><strong>Automazione del flusso di lavoro<\/strong>: automatizza le attivit\u00e0 aziendali tramite l&#8217;accesso, la raccolta e la distribuzione dei dati tra sistemi, servizi cloud e persone.<\/li>\n<li><strong>Integrazioni<\/strong>: connettiti con altri sistemi aziendali come ERP, CRM e ServiceNow.<\/li>\n<li><strong>Reporting e analisi<\/strong>: genera report in tempo reale e ottieni informazioni dai dati raccolti.<\/li>\n<li><strong>Annotazione di foto e PDF<\/strong>: contrassegna foto e documenti direttamente all&#8217;interno dell&#8217;app.<\/li>\n<li><strong>Tagging GPS<\/strong>: acquisisci automaticamente la posizione geografica in cui sono stati raccolti i dati.<\/li>\n<li><strong>Logica condizionale:<\/strong> crea moduli intelligenti che si adattano in base all&#8217;input dell&#8217;utente, mostrando domande pertinenti e riducendo i passaggi non necessari.<\/li>\n<li><strong>Generazione automatica di document<\/strong>i: crea e invia documenti personalizzati, come ordini di lavoro o moduli di feedback dei clienti, da un unico invio.<\/li>\n<li><strong>Conversione da fotocamera a testo (OCR)<\/strong>: utilizza la fotocamera per scansionare ed estrarre testo dalle immagini.<\/li>\n<li><strong>Input vocale<\/strong>: registra note vocali come parte del processo di raccolta dati.<\/li>\n<li><strong>Calcoli<\/strong>: esegui calcoli direttamente all&#8217;interno del modulo.<\/li>\n<li><strong>Supporto multilingue<\/strong>: utilizza l&#8217;app in pi\u00f9 lingue per supportare una forza lavoro globale.<\/li>\n<li><strong>Modelli:<\/strong> velocizza la creazione di moduli utilizzando o creando modelli per serie di domande simili.<\/li>\n<li><strong>Sicurezza di livello aziendale:<\/strong> implementa solidi protocolli di sicurezza per la protezione dei dati.<\/li>\n<li><strong>Certificazioni di conformit\u00e0:<\/strong> possiede certificazioni come SOC 2 Tipo II, HIPAA e Titolo 21 CFR Parte 11, rendendolo adatto ai settori regolamentati.<\/li>\n<li><strong>Cancellazione remota dei dispositivi<\/strong>: consente la cancellazione remota dei dispositivi in \u200b\u200bcaso di smarrimento o furto.<\/li>\n<\/ul>\n<h4>LE RECENSIONI DEGLI UTENTI<\/h4>\n<p><strong>Jack &#8220;Recensione di Micad Jack Heappey&#8221;<\/strong><br \/>\nOttima esperienza: lo abbiamo utilizzato per i nostri clienti negli ultimi 3 anni, implementandolo nel Servizio Sanitario Nazionale del Regno Unito. Apprezzo la flessibilit\u00e0 dello strumento.<br \/>\n<strong>Pro<\/strong>: mi piace il modo in cui \u00e8 possibile collegare cos\u00ec tante fonti e destinazioni dati diverse a un modulo. E il modo in cui \u00e8 possibile generare diversi tipi di documenti, e i documenti DREL\/handlebar sono cos\u00ec facili da configurare.<br \/>\n<strong>Contro<\/strong>: \u00e8 difficile creare moduli per utenti non tecnici. Non \u00e8 intuitivo come altre piattaforme disponibili. Facciamo fatica a mostrare ai clienti come creare i propri moduli, dobbiamo sempre crearli noi.<\/p>\n<p><strong>Lynn &#8220;Fatture settiche&#8221;<\/strong><br \/>\nLo utilizziamo da diversi anni e probabilmente continueremo a usarlo finch\u00e9 non chiuderemo l&#8217;attivit\u00e0, tra 5-6 anni.<br \/>\n<strong>Pro<\/strong>: \u00e8\u00a0semplice da usare. La possibilit\u00e0 di aggiungere immagini \u00e8 ottima per la nostra attivit\u00e0. \u00c8 anche facile trovare una vecchia fattura se dobbiamo inviarla di nuovo al cliente.<br \/>\n<strong>Contro<\/strong>: \u00e8 difficile aggiungere un altro campo se si desidera modificare la fattura. Ho chiesto di aggiungere $ alla nostra fattura, dato che abbiamo a che fare con dollari. Non l&#8217;hanno mai aggiunto. Immagino che in Canada non usino questo simbolo.<\/p>\n<p><strong>Jonas &#8220;Ottimo strumento, ma con dei limiti&#8221;<\/strong><br \/>\nAbbiamo utilizzato TrueContext come ottimo strumento per i nostri report di ispezione, migliorando notevolmente il nostro processo di controllo qualit\u00e0. Detto questo, la personalizzazione dei moduli ha i suoi limiti, tra cui il limite massimo di dimensioni per il caricamento delle immagini, l&#8217;impossibilit\u00e0 di collegare moduli esterni, ecc.<br \/>\n<strong>Pro<\/strong>: TrueContext offre un eccellente supporto clienti grazie a un team altamente competente e con tempi di risposta rapidi!<br \/>\n<strong>Contro<\/strong>: I moduli presentano diverse limitazioni, sia in termini di personalizzazione che di utilizzo. Ad esempio, la dimensione totale per il caricamento delle immagini \u00e8 limitata a 20 MB, decisamente troppo bassa per un report con immagini di supporto. Inoltre, l&#8217;impossibilit\u00e0 di collegare moduli esterni, come disegni, ecc., a un modulo, ne limita ulteriormente l&#8217;utilit\u00e0.<\/p>\n","protected":false},"excerpt":{"rendered":"<p>TrueContext, precedentemente conosciuto come ProntoForms, offre un software di assistenza sul campo basato su cloud che supporta le aziende tramite la sua app web e l&#8217;interfaccia mobile. Gli operatori possono compilare e inviare fatture, ordini di lavoro e firme all&#8217;interno dell&#8217;app mobile. Una delle caratteristiche di TrueContext \u00e8 la sua capacit\u00e0 di raccogliere e gestire documenti e moduli da qualsiasi luogo.<\/p>\n","protected":false},"author":19,"featured_media":105155,"parent":99993,"menu_order":0,"comment_status":"open","ping_status":"closed","template":"g1_template_page_review_new.php","meta":{"_acf_changed":false,"cwp_meta_box_check":"Yes","cwp_rev_product_name":"","cwp_rev_product_image":"","wppr_links":[],"cwp_rev_price":"0.00","wppr_options":[{"name":"Usability","value":"0"},{"name":"Speed","value":"0"},{"name":"Features","value":"0"},{"name":"Support","value":"0"},{"name":"Pricing","value":"0"}],"wppr_pros":["","","","",""],"wppr_cons":["","","","",""],"_monsterinsights_skip_tracking":false,"_monsterinsights_sitenote_active":false,"_monsterinsights_sitenote_note":"","_monsterinsights_sitenote_category":0,"footnotes":""},"categories":[16551],"tags":[16554,16571,16573,16556,16572,16760],"features":[],"class_list":{"0":"post-105148","1":"page","2":"type-page","3":"status-publish","4":"has-post-thumbnail","6":"category-piattaforme-no-code-cat","7":"tag-no-code","8":"tag-piattaforma-no-code","9":"tag-programma-no-code","10":"tag-software-no-code","11":"tag-soluzione-no-code","12":"tag-truecontext"},"wppr_data":{"cwp_meta_box_check":"Yes","_wppr_review_template":"default","cwp_rev_product_image":"","cwp_image_link":"image","wppr_links":[],"cwp_rev_price":"0.00","wppr_pros":["","","","",""],"wppr_cons":["","","","",""],"wppr_rating":"0.00","wppr_options":{"1":{"name":"Usability","value":"0"},"2":{"name":"Speed","value":"0"},"3":{"name":"Features","value":"0"},"4":{"name":"Support","value":"0"},"5":{"name":"Pricing","value":"0"}},"wppr_review_type":"Product","wppr_review_custom_fields":{"additionalProperty":"","additionalType":"","aggregateRating":"","alternateName":"","audience":"","award":"","awards":"","brand":"","color":"","depth":"","description":"","disambiguatingDescription":"","gtin12":"","gtin13":"","gtin14":"","gtin8":"","height":"","identifier":"","image":"","isAccessoryOrSparePartFor":"","isConsumableFor":"","isRelatedTo":"","isSimilarTo":"","itemCondition":"","logo":"","mainEntityOfPage":"","manufacturer":"","material":"","model":"","mpn":"","name":"","offers":"","potentialAction":"","productID":"","productionDate":"","purchaseDate":"","releaseDate":"","review":"","reviews":"","sameAs":"","sku":"","slogan":"","subjectOf":"","url":"","weight":"","width":""}},"acf":[],"yoast_head":"<!-- This site is optimized with the Yoast SEO plugin v27.4 - https:\/\/yoast.com\/product\/yoast-seo-wordpress\/ -->\n<title>TrueContext: recensione piattaforma no-code - Accurate Reviews<\/title>\n<meta name=\"description\" content=\"TrueContext: recensione software di assistenza sul campo che supporta le aziende tramite la sua app web e l&#039;interfaccia mobile\" \/>\n<meta name=\"robots\" content=\"index, follow, max-snippet:-1, max-image-preview:large, max-video-preview:-1\" \/>\n<link rel=\"canonical\" href=\"https:\/\/www.accuratereviews.com\/it\/piattaforme-no-code\/truecontext-recensione\/\" \/>\n<meta property=\"og:locale\" content=\"it_IT\" \/>\n<meta property=\"og:type\" content=\"article\" \/>\n<meta property=\"og:title\" content=\"TrueContext: recensione piattaforma no-code - Accurate Reviews\" \/>\n<meta property=\"og:description\" content=\"TrueContext: recensione software di assistenza sul campo che supporta le aziende tramite la sua app web e l&#039;interfaccia mobile\" \/>\n<meta property=\"og:url\" content=\"https:\/\/www.accuratereviews.com\/it\/piattaforme-no-code\/truecontext-recensione\/\" \/>\n<meta property=\"og:site_name\" content=\"Accurate Reviews\" \/>\n<meta property=\"og:image\" content=\"https:\/\/www.accuratereviews.com\/wp-content\/uploads\/2025\/11\/TrueContext_horizontal_light.png\" \/>\n\t<meta property=\"og:image:width\" content=\"1200\" \/>\n\t<meta property=\"og:image:height\" content=\"370\" \/>\n\t<meta property=\"og:image:type\" content=\"image\/png\" \/>\n<meta name=\"twitter:card\" content=\"summary_large_image\" \/>\n<meta name=\"twitter:label1\" content=\"Tempo di lettura stimato\" \/>\n\t<meta name=\"twitter:data1\" content=\"5 minuti\" \/>\n<script type=\"application\/ld+json\" class=\"yoast-schema-graph\">{\"@context\":\"https:\\\/\\\/schema.org\",\"@graph\":[{\"@type\":\"WebPage\",\"@id\":\"https:\\\/\\\/www.accuratereviews.com\\\/it\\\/piattaforme-no-code\\\/truecontext-recensione\\\/\",\"url\":\"https:\\\/\\\/www.accuratereviews.com\\\/it\\\/piattaforme-no-code\\\/truecontext-recensione\\\/\",\"name\":\"TrueContext: recensione piattaforma no-code - Accurate Reviews\",\"isPartOf\":{\"@id\":\"https:\\\/\\\/www.accuratereviews.com\\\/it\\\/#website\"},\"primaryImageOfPage\":{\"@id\":\"https:\\\/\\\/www.accuratereviews.com\\\/it\\\/piattaforme-no-code\\\/truecontext-recensione\\\/#primaryimage\"},\"image\":{\"@id\":\"https:\\\/\\\/www.accuratereviews.com\\\/it\\\/piattaforme-no-code\\\/truecontext-recensione\\\/#primaryimage\"},\"thumbnailUrl\":\"https:\\\/\\\/www.accuratereviews.com\\\/wp-content\\\/uploads\\\/2025\\\/11\\\/TrueContext_horizontal_light.png\",\"datePublished\":\"2025-11-21T15:04:42+00:00\",\"description\":\"TrueContext: recensione software di assistenza sul campo che supporta le aziende tramite la sua app web e l'interfaccia mobile\",\"breadcrumb\":{\"@id\":\"https:\\\/\\\/www.accuratereviews.com\\\/it\\\/piattaforme-no-code\\\/truecontext-recensione\\\/#breadcrumb\"},\"inLanguage\":\"it-IT\",\"potentialAction\":[{\"@type\":\"ReadAction\",\"target\":[\"https:\\\/\\\/www.accuratereviews.com\\\/it\\\/piattaforme-no-code\\\/truecontext-recensione\\\/\"]}]},{\"@type\":\"ImageObject\",\"inLanguage\":\"it-IT\",\"@id\":\"https:\\\/\\\/www.accuratereviews.com\\\/it\\\/piattaforme-no-code\\\/truecontext-recensione\\\/#primaryimage\",\"url\":\"https:\\\/\\\/www.accuratereviews.com\\\/wp-content\\\/uploads\\\/2025\\\/11\\\/TrueContext_horizontal_light.png\",\"contentUrl\":\"https:\\\/\\\/www.accuratereviews.com\\\/wp-content\\\/uploads\\\/2025\\\/11\\\/TrueContext_horizontal_light.png\",\"width\":1200,\"height\":370},{\"@type\":\"BreadcrumbList\",\"@id\":\"https:\\\/\\\/www.accuratereviews.com\\\/it\\\/piattaforme-no-code\\\/truecontext-recensione\\\/#breadcrumb\",\"itemListElement\":[{\"@type\":\"ListItem\",\"position\":1,\"name\":\"Home\",\"item\":\"https:\\\/\\\/www.accuratereviews.com\\\/it\\\/\"},{\"@type\":\"ListItem\",\"position\":2,\"name\":\"Piattaforme no-code\",\"item\":\"https:\\\/\\\/www.accuratereviews.com\\\/it\\\/piattaforme-no-code\\\/\"},{\"@type\":\"ListItem\",\"position\":3,\"name\":\"TrueContext\"}]},{\"@type\":\"WebSite\",\"@id\":\"https:\\\/\\\/www.accuratereviews.com\\\/it\\\/#website\",\"url\":\"https:\\\/\\\/www.accuratereviews.com\\\/it\\\/\",\"name\":\"Accurate Reviews\",\"description\":\"\",\"potentialAction\":[{\"@type\":\"SearchAction\",\"target\":{\"@type\":\"EntryPoint\",\"urlTemplate\":\"https:\\\/\\\/www.accuratereviews.com\\\/it\\\/?s={search_term_string}\"},\"query-input\":{\"@type\":\"PropertyValueSpecification\",\"valueRequired\":true,\"valueName\":\"search_term_string\"}}],\"inLanguage\":\"it-IT\"}]}<\/script>\n<!-- \/ Yoast SEO plugin. -->","yoast_head_json":{"title":"TrueContext: recensione piattaforma no-code - Accurate Reviews","description":"TrueContext: recensione software di assistenza sul campo che supporta le aziende tramite la sua app web e l'interfaccia mobile","robots":{"index":"index","follow":"follow","max-snippet":"max-snippet:-1","max-image-preview":"max-image-preview:large","max-video-preview":"max-video-preview:-1"},"canonical":"https:\/\/www.accuratereviews.com\/it\/piattaforme-no-code\/truecontext-recensione\/","og_locale":"it_IT","og_type":"article","og_title":"TrueContext: recensione piattaforma no-code - Accurate Reviews","og_description":"TrueContext: recensione software di assistenza sul campo che supporta le aziende tramite la sua app web e l'interfaccia mobile","og_url":"https:\/\/www.accuratereviews.com\/it\/piattaforme-no-code\/truecontext-recensione\/","og_site_name":"Accurate Reviews","og_image":[{"width":1200,"height":370,"url":"https:\/\/www.accuratereviews.com\/wp-content\/uploads\/2025\/11\/TrueContext_horizontal_light.png","type":"image\/png"}],"twitter_card":"summary_large_image","twitter_misc":{"Tempo di lettura stimato":"5 minuti"},"schema":{"@context":"https:\/\/schema.org","@graph":[{"@type":"WebPage","@id":"https:\/\/www.accuratereviews.com\/it\/piattaforme-no-code\/truecontext-recensione\/","url":"https:\/\/www.accuratereviews.com\/it\/piattaforme-no-code\/truecontext-recensione\/","name":"TrueContext: recensione piattaforma no-code - Accurate Reviews","isPartOf":{"@id":"https:\/\/www.accuratereviews.com\/it\/#website"},"primaryImageOfPage":{"@id":"https:\/\/www.accuratereviews.com\/it\/piattaforme-no-code\/truecontext-recensione\/#primaryimage"},"image":{"@id":"https:\/\/www.accuratereviews.com\/it\/piattaforme-no-code\/truecontext-recensione\/#primaryimage"},"thumbnailUrl":"https:\/\/www.accuratereviews.com\/wp-content\/uploads\/2025\/11\/TrueContext_horizontal_light.png","datePublished":"2025-11-21T15:04:42+00:00","description":"TrueContext: recensione software di assistenza sul campo che supporta le aziende tramite la sua app web e l'interfaccia mobile","breadcrumb":{"@id":"https:\/\/www.accuratereviews.com\/it\/piattaforme-no-code\/truecontext-recensione\/#breadcrumb"},"inLanguage":"it-IT","potentialAction":[{"@type":"ReadAction","target":["https:\/\/www.accuratereviews.com\/it\/piattaforme-no-code\/truecontext-recensione\/"]}]},{"@type":"ImageObject","inLanguage":"it-IT","@id":"https:\/\/www.accuratereviews.com\/it\/piattaforme-no-code\/truecontext-recensione\/#primaryimage","url":"https:\/\/www.accuratereviews.com\/wp-content\/uploads\/2025\/11\/TrueContext_horizontal_light.png","contentUrl":"https:\/\/www.accuratereviews.com\/wp-content\/uploads\/2025\/11\/TrueContext_horizontal_light.png","width":1200,"height":370},{"@type":"BreadcrumbList","@id":"https:\/\/www.accuratereviews.com\/it\/piattaforme-no-code\/truecontext-recensione\/#breadcrumb","itemListElement":[{"@type":"ListItem","position":1,"name":"Home","item":"https:\/\/www.accuratereviews.com\/it\/"},{"@type":"ListItem","position":2,"name":"Piattaforme no-code","item":"https:\/\/www.accuratereviews.com\/it\/piattaforme-no-code\/"},{"@type":"ListItem","position":3,"name":"TrueContext"}]},{"@type":"WebSite","@id":"https:\/\/www.accuratereviews.com\/it\/#website","url":"https:\/\/www.accuratereviews.com\/it\/","name":"Accurate Reviews","description":"","potentialAction":[{"@type":"SearchAction","target":{"@type":"EntryPoint","urlTemplate":"https:\/\/www.accuratereviews.com\/it\/?s={search_term_string}"},"query-input":{"@type":"PropertyValueSpecification","valueRequired":true,"valueName":"search_term_string"}}],"inLanguage":"it-IT"}]}},"_links":{"self":[{"href":"https:\/\/www.accuratereviews.com\/it\/wp-json\/wp\/v2\/pages\/105148","targetHints":{"allow":["GET"]}}],"collection":[{"href":"https:\/\/www.accuratereviews.com\/it\/wp-json\/wp\/v2\/pages"}],"about":[{"href":"https:\/\/www.accuratereviews.com\/it\/wp-json\/wp\/v2\/types\/page"}],"author":[{"embeddable":true,"href":"https:\/\/www.accuratereviews.com\/it\/wp-json\/wp\/v2\/users\/19"}],"replies":[{"embeddable":true,"href":"https:\/\/www.accuratereviews.com\/it\/wp-json\/wp\/v2\/comments?post=105148"}],"version-history":[{"count":8,"href":"https:\/\/www.accuratereviews.com\/it\/wp-json\/wp\/v2\/pages\/105148\/revisions"}],"predecessor-version":[{"id":105170,"href":"https:\/\/www.accuratereviews.com\/it\/wp-json\/wp\/v2\/pages\/105148\/revisions\/105170"}],"up":[{"embeddable":true,"href":"https:\/\/www.accuratereviews.com\/it\/wp-json\/wp\/v2\/pages\/99993"}],"wp:featuredmedia":[{"embeddable":true,"href":"https:\/\/www.accuratereviews.com\/it\/wp-json\/wp\/v2\/media\/105155"}],"wp:attachment":[{"href":"https:\/\/www.accuratereviews.com\/it\/wp-json\/wp\/v2\/media?parent=105148"}],"wp:term":[{"taxonomy":"category","embeddable":true,"href":"https:\/\/www.accuratereviews.com\/it\/wp-json\/wp\/v2\/categories?post=105148"},{"taxonomy":"post_tag","embeddable":true,"href":"https:\/\/www.accuratereviews.com\/it\/wp-json\/wp\/v2\/tags?post=105148"},{"taxonomy":"features","embeddable":true,"href":"https:\/\/www.accuratereviews.com\/it\/wp-json\/wp\/v2\/features?post=105148"}],"curies":[{"name":"wp","href":"https:\/\/api.w.org\/{rel}","templated":true}]}}