{"id":105222,"date":"2025-11-25T18:29:22","date_gmt":"2025-11-25T18:29:22","guid":{"rendered":"https:\/\/www.accuratereviews.com\/?page_id=105222"},"modified":"2025-11-25T18:29:22","modified_gmt":"2025-11-25T18:29:22","slug":"mulesoft-anypoint-platform-recensione","status":"publish","type":"page","link":"https:\/\/www.accuratereviews.com\/it\/piattaforme-no-code\/mulesoft-anypoint-platform-recensione\/","title":{"rendered":"MuleSoft Anypoint Platform"},"content":{"rendered":"<p><strong>MuleSoft Anypoint Platform<\/strong> \u00e8 una piattaforma di integrazione aziendale ibrida per SOA, SaaS e API. Consente alle organizzazioni di integrare applicazioni sia on-premise che nel cloud. La piattaforma offre un set completo di strumenti per integrazione, API e automazione. Gli sviluppatori possono lavorare sui progetti utilizzando risorse predefinite come Integration Code Builder, Exchange Connectors e Partner Manager. Flex Gateway consente la gestione delle API, con funzionalit\u00e0 come API governance, monitoraggio e API manager.<br \/>\nPer i team aziendali, <strong>MuleSoft Composer<\/strong> consente la connessione istantanea di app e dati, MuleSoft RPA automatizza le attivit\u00e0 con i bot e MuleSoft IDP estrae dati non strutturati dai documenti utilizzando l&#8217;intelligenza artificiale. Dataloader.io importa ed esporta in modo sicuro i dati di Salesforce.<\/p>\n<h2>MULESOFT ANYPOINT PLATFORM &#8211; TUTORIAL<\/h2>\n<div id=\"fluid-wrapper-counter-1\" class=\"g1-fluid-wrapper \" style=\"width:686px;\">\n<div style=\"padding-bottom:56.268221574344%;\"><iframe loading=\"lazy\" title=\"Mulesoft Tutorial 01 Getting Started With ESB\" width=\"686\" height=\"386\" src=\"https:\/\/www.youtube.com\/embed\/eW5LWkcls50?list=PLdlKztqvlqqj5XOFfTVusNu5EPZ2Ovs47\" frameborder=\"0\" allow=\"accelerometer; autoplay; clipboard-write; encrypted-media; gyroscope; picture-in-picture; web-share\" referrerpolicy=\"strict-origin-when-cross-origin\" allowfullscreen><\/iframe><\/div>\n<\/div>\n<h3>MULESOFT ANYPOINT PLATFORM &#8211; CARATTERISTICHE<\/h3>\n<ul>\n<li><strong>Connetti i sistemi alla velocit\u00e0 della luce<\/strong>: con un&#8217;ampia libreria di connettori predefiniti per applicazioni aziendali critiche, database, protocolli e standard di settore, la connettivit\u00e0 non \u00e8 mai stata cos\u00ec semplice. Questi connettori sono completamente manutenuti e pronti all&#8217;uso, il che significa che i team possono dedicare meno tempo allo sviluppo e pi\u00f9 tempo all&#8217;innovazione.<\/li>\n<li><strong>Costruisci una base integrata.<\/strong>: una base flessibile e integrata pu\u00f2 supportare qualsiasi strategia di intelligenza artificiale. Connetti tutti i tuoi sistemi, dalle applicazioni legacy a quelle moderne, dai database on-premise ai SaaS basati su cloud e altro ancora.<\/li>\n<li><strong>Accelera la distribuzione con strumenti intuitivi<\/strong>: gli strumenti di progettazione intuitivi semplificano la creazione rapida della soluzione perfetta per le tue esigenze, senza sacrificare qualit\u00e0 o funzionalit\u00e0. E grazie alla possibilit\u00e0 di riutilizzare risorse e best practice di progetti precedenti, ogni nuova iniziativa verr\u00e0 completata con maggiore velocit\u00e0, facilit\u00e0 e precisione.<\/li>\n<li><strong>Automatizza qualsiasi sistema o processo<\/strong>: utilizza prompt in linguaggio naturale e strumenti no-code to pro-code per automatizzare rapidamente qualsiasi processo o sottoprocesso. Ottieni valore pi\u00f9 velocemente riutilizzando componenti come bot, connettori, flussi di lavoro e API.<\/li>\n<li><strong>Gestisci e ottimizza i flussi di lavoro tra team e sistemi<\/strong>: supervisiona i processi dall&#8217;inizio alla fine, utilizzando funzionalit\u00e0 aziendali avanzate per gestire lo stato dei processi e allocare il lavoro tra i team. Quindi, ottimizza i flussi di lavoro con la possibilit\u00e0 di identificare colli di bottiglia e problemi di processo.<\/li>\n<li><strong>Crea nuove esperienze per clienti e dipendenti in qualsiasi punto di contatto:<\/strong> avvia processi da qualsiasi luogo in cui i tuoi team lavorano, come Salesforce, Slack o email. Raccogli automaticamente i dati, utilizzando moduli interattivi che rispondono a input umani in tempo reale per attivare integrazioni e automazioni.<\/li>\n<li><strong>Scopri, crea e cataloga qualsiasi API<\/strong>: accelera la distribuzione di applicazioni e automazioni scoprendo e creando API utilizzando protocolli diversi. Con un unico pannello di controllo per tutte le tue API, i tuoi team possono riutilizzarle, ridurre le ridondanze e accelerare la distribuzione. Condividi facilmente le API per l&#8217;utilizzo in Agentforce tramite API Catalog.<\/li>\n<\/ul>\n<h4>LE RECENSIONI DEGLI UTENTI<\/h4>\n<p><strong>Luca &#8220;Piattaforma Mulesoft Anypoint al limite dell&#8217;integrazione API&#8221;<\/strong><br \/>\n<strong>Pro<\/strong>: apprezziamo molto la possibilit\u00e0 di gestire facilmente le API da un unico punto di accesso. Per un&#8217;azienda basata su software di microservizi, Mulesoft fornisce un cockpit davvero utile per gestire tutto in modo efficace.<br \/>\n<strong>Contro<\/strong>: al momento non abbiamo riscontrato alcuna carenza o punto di debolezza in questa soluzione software per quelli che sono i nostri scopi aziendali.<\/p>\n<p><strong>Sumit &#8220;Probabilmente la migliore piattaforma middleware attualmente disponibile&#8221;<\/strong><br \/>\n<strong>Pro<\/strong>: Mi piace il modo in cui la piattaforma Anypoint introduce nuove funzionalit\u00e0 man mano che si evolve per soddisfare le crescenti esigenze dei clienti. Anypoint Exchange semplifica l&#8217;individuazione delle API. API Manager \u00e8 efficiente nell&#8217;applicare policy personalizzate e nel gestire le API distribuite anche all&#8217;esterno della piattaforma.<br \/>\n<strong>Contro<\/strong>: Anypoint Studio necessita di essere ottimizzato, poich\u00e9 il debug delle applicazioni \u00e8 lento e macchinoso. Anche l&#8217;implementazione su Cloudhub 2.0 potrebbe essere migliorata.<\/p>\n<p><strong>Aman &#8220;Ottimo strumento per la gestione delle API&#8221;<\/strong><br \/>\n<strong>Pro<\/strong>: la tecnologia cloud si occupa della sicurezza dell&#8217;API e funziona come un gateway protetto.<br \/>\n<strong>Contro<\/strong>: per gestire la soluzione sono necessarie competenze amministrative.<\/p>\n","protected":false},"excerpt":{"rendered":"<p>MuleSoft Anypoint Platform \u00e8 una piattaforma di integrazione aziendale ibrida per SOA, SaaS e API. Consente alle organizzazioni di integrare applicazioni sia on-premise che nel cloud. La piattaforma offre un set completo di strumenti per integrazione, API e automazione. Gli sviluppatori possono lavorare sui progetti utilizzando risorse predefinite come Integration Code Builder, Exchange Connectors e Partner Manager.<\/p>\n","protected":false},"author":19,"featured_media":105232,"parent":99993,"menu_order":0,"comment_status":"open","ping_status":"closed","template":"g1_template_page_review_new.php","meta":{"_acf_changed":false,"cwp_meta_box_check":"Yes","cwp_rev_product_name":"","cwp_rev_product_image":"","wppr_links":[],"cwp_rev_price":"0.00","wppr_options":[{"name":"Usability","value":"0"},{"name":"Speed","value":"0"},{"name":"Features","value":"0"},{"name":"Support","value":"0"},{"name":"Pricing","value":"0"}],"wppr_pros":["","","","",""],"wppr_cons":["","","","",""],"_monsterinsights_skip_tracking":false,"_monsterinsights_sitenote_active":false,"_monsterinsights_sitenote_note":"","_monsterinsights_sitenote_category":0,"footnotes":""},"categories":[16551],"tags":[16770,16554,16571,16573,16556,16572],"features":[],"class_list":{"0":"post-105222","1":"page","2":"type-page","3":"status-publish","4":"has-post-thumbnail","6":"category-piattaforme-no-code-cat","7":"tag-mulesoft-anypoint-platform","8":"tag-no-code","9":"tag-piattaforma-no-code","10":"tag-programma-no-code","11":"tag-software-no-code","12":"tag-soluzione-no-code"},"wppr_data":{"cwp_meta_box_check":"Yes","_wppr_review_template":"default","cwp_rev_product_image":"","cwp_image_link":"image","wppr_links":[],"cwp_rev_price":"0.00","wppr_pros":["","","","",""],"wppr_cons":["","","","",""],"wppr_rating":"0.00","wppr_options":{"1":{"name":"Usability","value":"0"},"2":{"name":"Speed","value":"0"},"3":{"name":"Features","value":"0"},"4":{"name":"Support","value":"0"},"5":{"name":"Pricing","value":"0"}},"wppr_review_type":"Product","wppr_review_custom_fields":{"additionalProperty":"","additionalType":"","aggregateRating":"","alternateName":"","audience":"","award":"","awards":"","brand":"","color":"","depth":"","description":"","disambiguatingDescription":"","gtin12":"","gtin13":"","gtin14":"","gtin8":"","height":"","identifier":"","image":"","isAccessoryOrSparePartFor":"","isConsumableFor":"","isRelatedTo":"","isSimilarTo":"","itemCondition":"","logo":"","mainEntityOfPage":"","manufacturer":"","material":"","model":"","mpn":"","name":"","offers":"","potentialAction":"","productID":"","productionDate":"","purchaseDate":"","releaseDate":"","review":"","reviews":"","sameAs":"","sku":"","slogan":"","subjectOf":"","url":"","weight":"","width":""}},"acf":[],"yoast_head":"<!-- This site is optimized with the Yoast SEO plugin v27.4 - https:\/\/yoast.com\/product\/yoast-seo-wordpress\/ -->\n<title>MuleSoft Anypoint Platform: recensione piattaforma no-code- Accurate Reviews<\/title>\n<meta name=\"description\" content=\"MuleSoft Anypoint Platform: recensione piattaforma di integrazione aziendale ibrida per SOA, SaaS e API scalabile e affidabile.\" \/>\n<meta name=\"robots\" content=\"index, follow, max-snippet:-1, max-image-preview:large, max-video-preview:-1\" \/>\n<link rel=\"canonical\" href=\"https:\/\/www.accuratereviews.com\/it\/piattaforme-no-code\/mulesoft-anypoint-platform-recensione\/\" \/>\n<meta property=\"og:locale\" content=\"it_IT\" \/>\n<meta property=\"og:type\" content=\"article\" \/>\n<meta property=\"og:title\" content=\"MuleSoft Anypoint Platform: recensione piattaforma no-code- Accurate Reviews\" \/>\n<meta property=\"og:description\" content=\"MuleSoft Anypoint Platform: recensione piattaforma di integrazione aziendale ibrida per SOA, SaaS e API scalabile e affidabile.\" \/>\n<meta property=\"og:url\" content=\"https:\/\/www.accuratereviews.com\/it\/piattaforme-no-code\/mulesoft-anypoint-platform-recensione\/\" \/>\n<meta property=\"og:site_name\" content=\"Accurate Reviews\" \/>\n<meta property=\"og:image\" content=\"https:\/\/www.accuratereviews.com\/wp-content\/uploads\/2025\/11\/MuleSoft-Anypoint-Platform.png\" \/>\n\t<meta property=\"og:image:width\" content=\"860\" \/>\n\t<meta property=\"og:image:height\" content=\"671\" \/>\n\t<meta property=\"og:image:type\" content=\"image\/png\" \/>\n<meta name=\"twitter:card\" content=\"summary_large_image\" \/>\n<meta name=\"twitter:label1\" content=\"Tempo di lettura stimato\" \/>\n\t<meta name=\"twitter:data1\" content=\"5 minuti\" \/>\n<script type=\"application\/ld+json\" class=\"yoast-schema-graph\">{\"@context\":\"https:\\\/\\\/schema.org\",\"@graph\":[{\"@type\":\"WebPage\",\"@id\":\"https:\\\/\\\/www.accuratereviews.com\\\/it\\\/piattaforme-no-code\\\/mulesoft-anypoint-platform-recensione\\\/\",\"url\":\"https:\\\/\\\/www.accuratereviews.com\\\/it\\\/piattaforme-no-code\\\/mulesoft-anypoint-platform-recensione\\\/\",\"name\":\"MuleSoft Anypoint Platform: recensione piattaforma no-code- Accurate Reviews\",\"isPartOf\":{\"@id\":\"https:\\\/\\\/www.accuratereviews.com\\\/it\\\/#website\"},\"primaryImageOfPage\":{\"@id\":\"https:\\\/\\\/www.accuratereviews.com\\\/it\\\/piattaforme-no-code\\\/mulesoft-anypoint-platform-recensione\\\/#primaryimage\"},\"image\":{\"@id\":\"https:\\\/\\\/www.accuratereviews.com\\\/it\\\/piattaforme-no-code\\\/mulesoft-anypoint-platform-recensione\\\/#primaryimage\"},\"thumbnailUrl\":\"https:\\\/\\\/www.accuratereviews.com\\\/wp-content\\\/uploads\\\/2025\\\/11\\\/MuleSoft-Anypoint-Platform.png\",\"datePublished\":\"2025-11-25T18:29:22+00:00\",\"description\":\"MuleSoft Anypoint Platform: recensione piattaforma di integrazione aziendale ibrida per SOA, SaaS e API scalabile e affidabile.\",\"breadcrumb\":{\"@id\":\"https:\\\/\\\/www.accuratereviews.com\\\/it\\\/piattaforme-no-code\\\/mulesoft-anypoint-platform-recensione\\\/#breadcrumb\"},\"inLanguage\":\"it-IT\",\"potentialAction\":[{\"@type\":\"ReadAction\",\"target\":[\"https:\\\/\\\/www.accuratereviews.com\\\/it\\\/piattaforme-no-code\\\/mulesoft-anypoint-platform-recensione\\\/\"]}]},{\"@type\":\"ImageObject\",\"inLanguage\":\"it-IT\",\"@id\":\"https:\\\/\\\/www.accuratereviews.com\\\/it\\\/piattaforme-no-code\\\/mulesoft-anypoint-platform-recensione\\\/#primaryimage\",\"url\":\"https:\\\/\\\/www.accuratereviews.com\\\/wp-content\\\/uploads\\\/2025\\\/11\\\/MuleSoft-Anypoint-Platform.png\",\"contentUrl\":\"https:\\\/\\\/www.accuratereviews.com\\\/wp-content\\\/uploads\\\/2025\\\/11\\\/MuleSoft-Anypoint-Platform.png\",\"width\":860,\"height\":671},{\"@type\":\"BreadcrumbList\",\"@id\":\"https:\\\/\\\/www.accuratereviews.com\\\/it\\\/piattaforme-no-code\\\/mulesoft-anypoint-platform-recensione\\\/#breadcrumb\",\"itemListElement\":[{\"@type\":\"ListItem\",\"position\":1,\"name\":\"Home\",\"item\":\"https:\\\/\\\/www.accuratereviews.com\\\/it\\\/\"},{\"@type\":\"ListItem\",\"position\":2,\"name\":\"Piattaforme no-code\",\"item\":\"https:\\\/\\\/www.accuratereviews.com\\\/it\\\/piattaforme-no-code\\\/\"},{\"@type\":\"ListItem\",\"position\":3,\"name\":\"MuleSoft Anypoint Platform\"}]},{\"@type\":\"WebSite\",\"@id\":\"https:\\\/\\\/www.accuratereviews.com\\\/it\\\/#website\",\"url\":\"https:\\\/\\\/www.accuratereviews.com\\\/it\\\/\",\"name\":\"Accurate Reviews\",\"description\":\"\",\"potentialAction\":[{\"@type\":\"SearchAction\",\"target\":{\"@type\":\"EntryPoint\",\"urlTemplate\":\"https:\\\/\\\/www.accuratereviews.com\\\/it\\\/?s={search_term_string}\"},\"query-input\":{\"@type\":\"PropertyValueSpecification\",\"valueRequired\":true,\"valueName\":\"search_term_string\"}}],\"inLanguage\":\"it-IT\"}]}<\/script>\n<!-- \/ Yoast SEO plugin. -->","yoast_head_json":{"title":"MuleSoft Anypoint Platform: recensione piattaforma no-code- Accurate Reviews","description":"MuleSoft Anypoint Platform: recensione piattaforma di integrazione aziendale ibrida per SOA, SaaS e API scalabile e affidabile.","robots":{"index":"index","follow":"follow","max-snippet":"max-snippet:-1","max-image-preview":"max-image-preview:large","max-video-preview":"max-video-preview:-1"},"canonical":"https:\/\/www.accuratereviews.com\/it\/piattaforme-no-code\/mulesoft-anypoint-platform-recensione\/","og_locale":"it_IT","og_type":"article","og_title":"MuleSoft Anypoint Platform: recensione piattaforma no-code- Accurate Reviews","og_description":"MuleSoft Anypoint Platform: recensione piattaforma di integrazione aziendale ibrida per SOA, SaaS e API scalabile e affidabile.","og_url":"https:\/\/www.accuratereviews.com\/it\/piattaforme-no-code\/mulesoft-anypoint-platform-recensione\/","og_site_name":"Accurate Reviews","og_image":[{"width":860,"height":671,"url":"https:\/\/www.accuratereviews.com\/wp-content\/uploads\/2025\/11\/MuleSoft-Anypoint-Platform.png","type":"image\/png"}],"twitter_card":"summary_large_image","twitter_misc":{"Tempo di lettura stimato":"5 minuti"},"schema":{"@context":"https:\/\/schema.org","@graph":[{"@type":"WebPage","@id":"https:\/\/www.accuratereviews.com\/it\/piattaforme-no-code\/mulesoft-anypoint-platform-recensione\/","url":"https:\/\/www.accuratereviews.com\/it\/piattaforme-no-code\/mulesoft-anypoint-platform-recensione\/","name":"MuleSoft Anypoint Platform: recensione piattaforma no-code- Accurate Reviews","isPartOf":{"@id":"https:\/\/www.accuratereviews.com\/it\/#website"},"primaryImageOfPage":{"@id":"https:\/\/www.accuratereviews.com\/it\/piattaforme-no-code\/mulesoft-anypoint-platform-recensione\/#primaryimage"},"image":{"@id":"https:\/\/www.accuratereviews.com\/it\/piattaforme-no-code\/mulesoft-anypoint-platform-recensione\/#primaryimage"},"thumbnailUrl":"https:\/\/www.accuratereviews.com\/wp-content\/uploads\/2025\/11\/MuleSoft-Anypoint-Platform.png","datePublished":"2025-11-25T18:29:22+00:00","description":"MuleSoft Anypoint Platform: recensione piattaforma di integrazione aziendale ibrida per SOA, SaaS e API scalabile e affidabile.","breadcrumb":{"@id":"https:\/\/www.accuratereviews.com\/it\/piattaforme-no-code\/mulesoft-anypoint-platform-recensione\/#breadcrumb"},"inLanguage":"it-IT","potentialAction":[{"@type":"ReadAction","target":["https:\/\/www.accuratereviews.com\/it\/piattaforme-no-code\/mulesoft-anypoint-platform-recensione\/"]}]},{"@type":"ImageObject","inLanguage":"it-IT","@id":"https:\/\/www.accuratereviews.com\/it\/piattaforme-no-code\/mulesoft-anypoint-platform-recensione\/#primaryimage","url":"https:\/\/www.accuratereviews.com\/wp-content\/uploads\/2025\/11\/MuleSoft-Anypoint-Platform.png","contentUrl":"https:\/\/www.accuratereviews.com\/wp-content\/uploads\/2025\/11\/MuleSoft-Anypoint-Platform.png","width":860,"height":671},{"@type":"BreadcrumbList","@id":"https:\/\/www.accuratereviews.com\/it\/piattaforme-no-code\/mulesoft-anypoint-platform-recensione\/#breadcrumb","itemListElement":[{"@type":"ListItem","position":1,"name":"Home","item":"https:\/\/www.accuratereviews.com\/it\/"},{"@type":"ListItem","position":2,"name":"Piattaforme no-code","item":"https:\/\/www.accuratereviews.com\/it\/piattaforme-no-code\/"},{"@type":"ListItem","position":3,"name":"MuleSoft Anypoint Platform"}]},{"@type":"WebSite","@id":"https:\/\/www.accuratereviews.com\/it\/#website","url":"https:\/\/www.accuratereviews.com\/it\/","name":"Accurate Reviews","description":"","potentialAction":[{"@type":"SearchAction","target":{"@type":"EntryPoint","urlTemplate":"https:\/\/www.accuratereviews.com\/it\/?s={search_term_string}"},"query-input":{"@type":"PropertyValueSpecification","valueRequired":true,"valueName":"search_term_string"}}],"inLanguage":"it-IT"}]}},"_links":{"self":[{"href":"https:\/\/www.accuratereviews.com\/it\/wp-json\/wp\/v2\/pages\/105222","targetHints":{"allow":["GET"]}}],"collection":[{"href":"https:\/\/www.accuratereviews.com\/it\/wp-json\/wp\/v2\/pages"}],"about":[{"href":"https:\/\/www.accuratereviews.com\/it\/wp-json\/wp\/v2\/types\/page"}],"author":[{"embeddable":true,"href":"https:\/\/www.accuratereviews.com\/it\/wp-json\/wp\/v2\/users\/19"}],"replies":[{"embeddable":true,"href":"https:\/\/www.accuratereviews.com\/it\/wp-json\/wp\/v2\/comments?post=105222"}],"version-history":[{"count":7,"href":"https:\/\/www.accuratereviews.com\/it\/wp-json\/wp\/v2\/pages\/105222\/revisions"}],"predecessor-version":[{"id":105255,"href":"https:\/\/www.accuratereviews.com\/it\/wp-json\/wp\/v2\/pages\/105222\/revisions\/105255"}],"up":[{"embeddable":true,"href":"https:\/\/www.accuratereviews.com\/it\/wp-json\/wp\/v2\/pages\/99993"}],"wp:featuredmedia":[{"embeddable":true,"href":"https:\/\/www.accuratereviews.com\/it\/wp-json\/wp\/v2\/media\/105232"}],"wp:attachment":[{"href":"https:\/\/www.accuratereviews.com\/it\/wp-json\/wp\/v2\/media?parent=105222"}],"wp:term":[{"taxonomy":"category","embeddable":true,"href":"https:\/\/www.accuratereviews.com\/it\/wp-json\/wp\/v2\/categories?post=105222"},{"taxonomy":"post_tag","embeddable":true,"href":"https:\/\/www.accuratereviews.com\/it\/wp-json\/wp\/v2\/tags?post=105222"},{"taxonomy":"features","embeddable":true,"href":"https:\/\/www.accuratereviews.com\/it\/wp-json\/wp\/v2\/features?post=105222"}],"curies":[{"name":"wp","href":"https:\/\/api.w.org\/{rel}","templated":true}]}}