{"id":105256,"date":"2025-11-26T17:49:41","date_gmt":"2025-11-26T17:49:41","guid":{"rendered":"https:\/\/www.accuratereviews.com\/?page_id=105256"},"modified":"2025-11-27T10:54:23","modified_gmt":"2025-11-27T10:54:23","slug":"process-street-recensione","status":"publish","type":"page","link":"https:\/\/www.accuratereviews.com\/it\/piattaforme-no-code\/process-street-recensione\/","title":{"rendered":"Process Street"},"content":{"rendered":"<p><strong>Process Street<\/strong> \u00e8 una<strong> piattaforma operativa di conformit\u00e0<\/strong> basata sull&#8217;<strong>AI<\/strong>, progettata per convertire le policy in flussi di lavoro automatizzati. Aiuta le organizzazioni a garantire la preparazione agli audit e l&#8217;esecuzione coerente dei processi. La piattaforma \u00e8 per standardizzare le operazioni e mantenere la conformit\u00e0 normativa. Centralizza le conoscenze, applica gli standard e fornisce visibilit\u00e0 sui processi aziendali critici.<br \/>\nLa piattaforma include tre moduli principali: Docs che viene utilizzato per la gestione dei documenti e il controllo delle policy, Ops che consente l&#8217;automazione dei flussi di lavoro trasformando le policy in flussi di lavoro basati sull&#8217;intelligenza artificiale e Cora, un agente di conformit\u00e0 basato sull&#8217;intelligenza artificiale che monitora i flussi di lavoro, applica i controlli e identifica i rischi. Tra le funzionalit\u00e0 aggiuntive figurano <strong>Process AI<\/strong> per l&#8217;automazione dei processi manuali, strumenti di analisi per il monitoraggio delle prestazioni e funzioni di gestione delle attivit\u00e0 per ottimizzare la responsabilit\u00e0 e monitorare i progressi.<\/p>\n<h2>PROCESS STREET &#8211; TUTORIAL<\/h2>\n<div id=\"fluid-wrapper-counter-1\" class=\"g1-fluid-wrapper \" style=\"width:686px;\">\n<div style=\"padding-bottom:56.268221574344%;\"><iframe loading=\"lazy\" title=\"Schedule Task Due Dates (with Automated Reminders) in Process Street\" width=\"686\" height=\"386\" src=\"https:\/\/www.youtube.com\/embed\/bxxDw4byshk?feature=oembed&amp;wmode=transparent&amp;autohide=1&amp;autoplay=0&amp;disablekb=0&amp;fs=1&amp;loop=0&amp;enablejsapi=1&amp;rel=0&amp;controls=2&amp;showinfo=0&amp;wmode=transparent&amp;autohide=2&amp;autoplay=0&amp;disablekb=0&amp;fs=1&amp;loop=0&amp;enablejsapi=1&amp;rel=0&amp;controls=2&amp;showinfo=1\" frameborder=\"0\" allow=\"accelerometer; autoplay; clipboard-write; encrypted-media; gyroscope; picture-in-picture; web-share\" referrerpolicy=\"strict-origin-when-cross-origin\" allowfullscreen><\/iframe><\/div>\n<\/div>\n<h3>PROCESS STREET &#8211; CARATTERISTICHE<\/h3>\n<ul>\n<li><strong>Assegnazioni:<\/strong> assegna le attivit\u00e0 ai membri giusti del team, garantendo un flusso di lavoro fluido e coeso.<\/li>\n<li><strong>Approvazioni<\/strong>: mantieni le decisioni cruciali sotto controllo grazie ai processi di approvazione integrati.<\/li>\n<li><strong>Interrompi le attivit\u00e0<\/strong>: gestisci le dipendenze in modo efficace sospendendo le attivit\u00e0 fino al completamento dei prerequisiti.<\/li>\n<li><strong>Variabili:<\/strong> trasferisci i dati senza sforzo da un&#8217;attivit\u00e0 all&#8217;altra con un apporto manuale minimo.<\/li>\n<li><strong>Obiettivi non raggiunti.<\/strong>: Utilizzando l&#8217;AI, i flussi di lavoro possono essere progettati in modo pi\u00f9 efficiente, adattandosi alle esigenze operative specifiche di un&#8217;organizzazione.<\/li>\n<li><strong>Mancanza di visibilit\u00e0 sulle prestazioni.<\/strong>: utilizza informazioni basate sui dati che consentono ai team di valutare i propri flussi di lavoro, identificare i colli di bottiglia e ottimizzare i processi.<\/li>\n<li><strong>Risorse limitate<\/strong>: automatizza facilmente le attivit\u00e0 di routine e ripetitive, liberando i membri del team per dedicarsi a iniziative pi\u00f9 strategiche o di impatto.<\/li>\n<li><strong>Interruzioni dei processi<\/strong>: le capacit\u00e0 di ottimizzazione e iterazione consentono una valutazione e un miglioramento continui dei flussi di lavoro, senza mettere a rischio il lavoro in corso.<\/li>\n<li><strong>Gestione della conformit\u00e0:<\/strong> mantieni e monitora facilmente la conformit\u00e0 utilizzando flussi di lavoro automatizzando la raccolta dati, sfruttando i percorsi di controllo e garantendo il rispetto delle policy organizzative e normative.<\/li>\n<\/ul>\n<h4>LE RECENSIONI DEGLI UTENTI<\/h4>\n<p><strong>Courtney &#8220;Fantastico programma per la creazione di flussi di lavoro&#8221;<\/strong><br \/>\nCreare checklist monitorabili in tempo reale \u00e8 un gioco da ragazzi. Per non dover ricontrollare manualmente ogni aspetto del loro lavoro, ho chiesto ai membri del mio team di spuntare le attivit\u00e0 una volta completate.<br \/>\n<strong>Pro<\/strong>: grazie a Process Street, siamo riusciti a semplificare le procedure di onboarding, rinnovo e altre procedure amministrative, migliorando anche la comunicazione interna. In breve tempo, siamo riusciti a sistematizzare l&#8217;intera attivit\u00e0 aziendale.<br \/>\n<strong>Contro<\/strong>: sebbene ci sia ancora spazio per ulteriori sviluppi, le attuali capacit\u00e0 dello strumento soddisfano le mie esigenze, soprattutto considerando la frequenza con cui lo utilizzo.<\/p>\n<p><strong>Shade &#8220;Organizzati con Process Street&#8221;<\/strong><br \/>\nProcess Street semplifica la creazione di Procedure Operative Standard. Se stai sviluppando la tua attivit\u00e0 con un team, il tuo team deve disporre di formazione e linee guida. Questo semplifica il tutto. Process Street offre anche ottimi modelli.<br \/>\n<strong>Pro<\/strong>: Process Street \u00e8 molto facile da usare. Se cercate procedure operative standard (SOP) e sistemi scritti, questa \u00e8 un&#8217;ottima app.<br \/>\n<strong>Contro<\/strong>: pu\u00f2 essere difficile per le persone. C&#8217;\u00e8 anche una curva di apprendimento e ci sono tantissime opzioni e modi per utilizzare questa piattaforma.<\/p>\n<p><strong>Claudia &#8220;Un modo semplice per completare i processi ripetitivi nella mia attivit\u00e0.&#8221;<\/strong><br \/>\n\u00c8 semplice da usare e da capire, consente di vedere a colpo d&#8217;occhio le azioni da compiere e di seguirle fino al completamento del processo.<br \/>\n<strong>Pro<\/strong>: utilizzare questa piattaforma per organizzare i processi della mia attivit\u00e0 e averli a portata di mano ogni volta che ne ho bisogno mi ha permesso di: ridurre i tempi di esecuzione, diminuire la possibilit\u00e0 di errori saltando un passaggio e delegare facilmente le attivit\u00e0.<br \/>\n<strong>Contro<\/strong>: ci\u00f2 che cambierei della piattaforma \u00e8 l&#8217;offerta del piano tariffario. Non uso la piattaforma abbastanza da giustificare l&#8217;abbonamento mensile. Se ci fosse un piano pi\u00f9 accessibile, sarebbe pi\u00f9 facile utilizzarlo e mantenerlo pi\u00f9 a lungo con un piano a pagamento.<\/p>\n","protected":false},"excerpt":{"rendered":"<p>Process Street \u00e8 una piattaforma operativa di conformit\u00e0 basata sull&#8217;AI, progettata per convertire le policy in flussi di lavoro automatizzati. Aiuta le organizzazioni a garantire la preparazione agli audit e l&#8217;esecuzione coerente dei processi. La piattaforma \u00e8 per standardizzare le operazioni e mantenere la conformit\u00e0 normativa.<\/p>\n","protected":false},"author":19,"featured_media":105257,"parent":99993,"menu_order":0,"comment_status":"open","ping_status":"closed","template":"g1_template_page_review_new.php","meta":{"_acf_changed":false,"cwp_meta_box_check":"Yes","cwp_rev_product_name":"","cwp_rev_product_image":"","wppr_links":[],"cwp_rev_price":"0.00","wppr_options":[{"name":"Usability","value":"0"},{"name":"Speed","value":"0"},{"name":"Features","value":"0"},{"name":"Support","value":"0"},{"name":"Pricing","value":"0"}],"wppr_pros":["","","","",""],"wppr_cons":["","","","",""],"_monsterinsights_skip_tracking":false,"_monsterinsights_sitenote_active":false,"_monsterinsights_sitenote_note":"","_monsterinsights_sitenote_category":0,"footnotes":""},"categories":[16551],"tags":[16554,16571,16772,16573,16556,16572],"features":[],"class_list":{"0":"post-105256","1":"page","2":"type-page","3":"status-publish","4":"has-post-thumbnail","6":"category-piattaforme-no-code-cat","7":"tag-no-code","8":"tag-piattaforma-no-code","9":"tag-process-street","10":"tag-programma-no-code","11":"tag-software-no-code","12":"tag-soluzione-no-code"},"wppr_data":{"cwp_meta_box_check":"Yes","_wppr_review_template":"default","cwp_rev_product_image":"","cwp_image_link":"image","wppr_links":[],"cwp_rev_price":"0.00","wppr_pros":["","","","",""],"wppr_cons":["","","","",""],"wppr_rating":"0.00","wppr_options":{"1":{"name":"Usability","value":"0"},"2":{"name":"Speed","value":"0"},"3":{"name":"Features","value":"0"},"4":{"name":"Support","value":"0"},"5":{"name":"Pricing","value":"0"}},"wppr_review_type":"Product","wppr_review_custom_fields":{"additionalProperty":"","additionalType":"","aggregateRating":"","alternateName":"","audience":"","award":"","awards":"","brand":"","color":"","depth":"","description":"","disambiguatingDescription":"","gtin12":"","gtin13":"","gtin14":"","gtin8":"","height":"","identifier":"","image":"","isAccessoryOrSparePartFor":"","isConsumableFor":"","isRelatedTo":"","isSimilarTo":"","itemCondition":"","logo":"","mainEntityOfPage":"","manufacturer":"","material":"","model":"","mpn":"","name":"","offers":"","potentialAction":"","productID":"","productionDate":"","purchaseDate":"","releaseDate":"","review":"","reviews":"","sameAs":"","sku":"","slogan":"","subjectOf":"","url":"","weight":"","width":""}},"acf":[],"yoast_head":"<!-- This site is optimized with the Yoast SEO plugin v27.4 - https:\/\/yoast.com\/product\/yoast-seo-wordpress\/ -->\n<title>Process Street: recensione piattaforma no-code - Accurate Reviews<\/title>\n<meta name=\"description\" content=\"Process Street: recensione piattaforma operativa di conformit\u00e0 progettata per convertire le policy in flussi di lavoro automatizzati.\" \/>\n<meta name=\"robots\" content=\"index, follow, max-snippet:-1, max-image-preview:large, max-video-preview:-1\" \/>\n<link rel=\"canonical\" href=\"https:\/\/www.accuratereviews.com\/it\/piattaforme-no-code\/process-street-recensione\/\" \/>\n<meta property=\"og:locale\" content=\"it_IT\" \/>\n<meta property=\"og:type\" content=\"article\" \/>\n<meta property=\"og:title\" content=\"Process Street: recensione piattaforma no-code - Accurate Reviews\" \/>\n<meta property=\"og:description\" content=\"Process Street: recensione piattaforma operativa di conformit\u00e0 progettata per convertire le policy in flussi di lavoro automatizzati.\" \/>\n<meta property=\"og:url\" content=\"https:\/\/www.accuratereviews.com\/it\/piattaforme-no-code\/process-street-recensione\/\" \/>\n<meta property=\"og:site_name\" content=\"Accurate Reviews\" \/>\n<meta property=\"article:modified_time\" content=\"2025-11-27T10:54:23+00:00\" \/>\n<meta property=\"og:image\" content=\"https:\/\/www.accuratereviews.com\/wp-content\/uploads\/2025\/11\/Process-Street-Logo.webp\" \/>\n\t<meta property=\"og:image:width\" content=\"368\" \/>\n\t<meta property=\"og:image:height\" content=\"368\" \/>\n\t<meta property=\"og:image:type\" content=\"image\/webp\" \/>\n<meta name=\"twitter:card\" content=\"summary_large_image\" \/>\n<meta name=\"twitter:label1\" content=\"Tempo di lettura stimato\" \/>\n\t<meta name=\"twitter:data1\" content=\"5 minuti\" \/>\n<script type=\"application\/ld+json\" class=\"yoast-schema-graph\">{\"@context\":\"https:\\\/\\\/schema.org\",\"@graph\":[{\"@type\":\"WebPage\",\"@id\":\"https:\\\/\\\/www.accuratereviews.com\\\/it\\\/piattaforme-no-code\\\/process-street-recensione\\\/\",\"url\":\"https:\\\/\\\/www.accuratereviews.com\\\/it\\\/piattaforme-no-code\\\/process-street-recensione\\\/\",\"name\":\"Process Street: recensione piattaforma no-code - Accurate Reviews\",\"isPartOf\":{\"@id\":\"https:\\\/\\\/www.accuratereviews.com\\\/it\\\/#website\"},\"primaryImageOfPage\":{\"@id\":\"https:\\\/\\\/www.accuratereviews.com\\\/it\\\/piattaforme-no-code\\\/process-street-recensione\\\/#primaryimage\"},\"image\":{\"@id\":\"https:\\\/\\\/www.accuratereviews.com\\\/it\\\/piattaforme-no-code\\\/process-street-recensione\\\/#primaryimage\"},\"thumbnailUrl\":\"https:\\\/\\\/www.accuratereviews.com\\\/wp-content\\\/uploads\\\/2025\\\/11\\\/Process-Street-Logo.webp\",\"datePublished\":\"2025-11-26T17:49:41+00:00\",\"dateModified\":\"2025-11-27T10:54:23+00:00\",\"description\":\"Process Street: recensione piattaforma operativa di conformit\u00e0 progettata per convertire le policy in flussi di lavoro automatizzati.\",\"breadcrumb\":{\"@id\":\"https:\\\/\\\/www.accuratereviews.com\\\/it\\\/piattaforme-no-code\\\/process-street-recensione\\\/#breadcrumb\"},\"inLanguage\":\"it-IT\",\"potentialAction\":[{\"@type\":\"ReadAction\",\"target\":[\"https:\\\/\\\/www.accuratereviews.com\\\/it\\\/piattaforme-no-code\\\/process-street-recensione\\\/\"]}]},{\"@type\":\"ImageObject\",\"inLanguage\":\"it-IT\",\"@id\":\"https:\\\/\\\/www.accuratereviews.com\\\/it\\\/piattaforme-no-code\\\/process-street-recensione\\\/#primaryimage\",\"url\":\"https:\\\/\\\/www.accuratereviews.com\\\/wp-content\\\/uploads\\\/2025\\\/11\\\/Process-Street-Logo.webp\",\"contentUrl\":\"https:\\\/\\\/www.accuratereviews.com\\\/wp-content\\\/uploads\\\/2025\\\/11\\\/Process-Street-Logo.webp\",\"width\":368,\"height\":368},{\"@type\":\"BreadcrumbList\",\"@id\":\"https:\\\/\\\/www.accuratereviews.com\\\/it\\\/piattaforme-no-code\\\/process-street-recensione\\\/#breadcrumb\",\"itemListElement\":[{\"@type\":\"ListItem\",\"position\":1,\"name\":\"Home\",\"item\":\"https:\\\/\\\/www.accuratereviews.com\\\/it\\\/\"},{\"@type\":\"ListItem\",\"position\":2,\"name\":\"Piattaforme no-code\",\"item\":\"https:\\\/\\\/www.accuratereviews.com\\\/it\\\/piattaforme-no-code\\\/\"},{\"@type\":\"ListItem\",\"position\":3,\"name\":\"Process Street\"}]},{\"@type\":\"WebSite\",\"@id\":\"https:\\\/\\\/www.accuratereviews.com\\\/it\\\/#website\",\"url\":\"https:\\\/\\\/www.accuratereviews.com\\\/it\\\/\",\"name\":\"Accurate Reviews\",\"description\":\"\",\"potentialAction\":[{\"@type\":\"SearchAction\",\"target\":{\"@type\":\"EntryPoint\",\"urlTemplate\":\"https:\\\/\\\/www.accuratereviews.com\\\/it\\\/?s={search_term_string}\"},\"query-input\":{\"@type\":\"PropertyValueSpecification\",\"valueRequired\":true,\"valueName\":\"search_term_string\"}}],\"inLanguage\":\"it-IT\"}]}<\/script>\n<!-- \/ Yoast SEO plugin. -->","yoast_head_json":{"title":"Process Street: recensione piattaforma no-code - Accurate Reviews","description":"Process Street: recensione piattaforma operativa di conformit\u00e0 progettata per convertire le policy in flussi di lavoro automatizzati.","robots":{"index":"index","follow":"follow","max-snippet":"max-snippet:-1","max-image-preview":"max-image-preview:large","max-video-preview":"max-video-preview:-1"},"canonical":"https:\/\/www.accuratereviews.com\/it\/piattaforme-no-code\/process-street-recensione\/","og_locale":"it_IT","og_type":"article","og_title":"Process Street: recensione piattaforma no-code - Accurate Reviews","og_description":"Process Street: recensione piattaforma operativa di conformit\u00e0 progettata per convertire le policy in flussi di lavoro automatizzati.","og_url":"https:\/\/www.accuratereviews.com\/it\/piattaforme-no-code\/process-street-recensione\/","og_site_name":"Accurate Reviews","article_modified_time":"2025-11-27T10:54:23+00:00","og_image":[{"width":368,"height":368,"url":"https:\/\/www.accuratereviews.com\/wp-content\/uploads\/2025\/11\/Process-Street-Logo.webp","type":"image\/webp"}],"twitter_card":"summary_large_image","twitter_misc":{"Tempo di lettura stimato":"5 minuti"},"schema":{"@context":"https:\/\/schema.org","@graph":[{"@type":"WebPage","@id":"https:\/\/www.accuratereviews.com\/it\/piattaforme-no-code\/process-street-recensione\/","url":"https:\/\/www.accuratereviews.com\/it\/piattaforme-no-code\/process-street-recensione\/","name":"Process Street: recensione piattaforma no-code - Accurate Reviews","isPartOf":{"@id":"https:\/\/www.accuratereviews.com\/it\/#website"},"primaryImageOfPage":{"@id":"https:\/\/www.accuratereviews.com\/it\/piattaforme-no-code\/process-street-recensione\/#primaryimage"},"image":{"@id":"https:\/\/www.accuratereviews.com\/it\/piattaforme-no-code\/process-street-recensione\/#primaryimage"},"thumbnailUrl":"https:\/\/www.accuratereviews.com\/wp-content\/uploads\/2025\/11\/Process-Street-Logo.webp","datePublished":"2025-11-26T17:49:41+00:00","dateModified":"2025-11-27T10:54:23+00:00","description":"Process Street: recensione piattaforma operativa di conformit\u00e0 progettata per convertire le policy in flussi di lavoro automatizzati.","breadcrumb":{"@id":"https:\/\/www.accuratereviews.com\/it\/piattaforme-no-code\/process-street-recensione\/#breadcrumb"},"inLanguage":"it-IT","potentialAction":[{"@type":"ReadAction","target":["https:\/\/www.accuratereviews.com\/it\/piattaforme-no-code\/process-street-recensione\/"]}]},{"@type":"ImageObject","inLanguage":"it-IT","@id":"https:\/\/www.accuratereviews.com\/it\/piattaforme-no-code\/process-street-recensione\/#primaryimage","url":"https:\/\/www.accuratereviews.com\/wp-content\/uploads\/2025\/11\/Process-Street-Logo.webp","contentUrl":"https:\/\/www.accuratereviews.com\/wp-content\/uploads\/2025\/11\/Process-Street-Logo.webp","width":368,"height":368},{"@type":"BreadcrumbList","@id":"https:\/\/www.accuratereviews.com\/it\/piattaforme-no-code\/process-street-recensione\/#breadcrumb","itemListElement":[{"@type":"ListItem","position":1,"name":"Home","item":"https:\/\/www.accuratereviews.com\/it\/"},{"@type":"ListItem","position":2,"name":"Piattaforme no-code","item":"https:\/\/www.accuratereviews.com\/it\/piattaforme-no-code\/"},{"@type":"ListItem","position":3,"name":"Process Street"}]},{"@type":"WebSite","@id":"https:\/\/www.accuratereviews.com\/it\/#website","url":"https:\/\/www.accuratereviews.com\/it\/","name":"Accurate Reviews","description":"","potentialAction":[{"@type":"SearchAction","target":{"@type":"EntryPoint","urlTemplate":"https:\/\/www.accuratereviews.com\/it\/?s={search_term_string}"},"query-input":{"@type":"PropertyValueSpecification","valueRequired":true,"valueName":"search_term_string"}}],"inLanguage":"it-IT"}]}},"_links":{"self":[{"href":"https:\/\/www.accuratereviews.com\/it\/wp-json\/wp\/v2\/pages\/105256","targetHints":{"allow":["GET"]}}],"collection":[{"href":"https:\/\/www.accuratereviews.com\/it\/wp-json\/wp\/v2\/pages"}],"about":[{"href":"https:\/\/www.accuratereviews.com\/it\/wp-json\/wp\/v2\/types\/page"}],"author":[{"embeddable":true,"href":"https:\/\/www.accuratereviews.com\/it\/wp-json\/wp\/v2\/users\/19"}],"replies":[{"embeddable":true,"href":"https:\/\/www.accuratereviews.com\/it\/wp-json\/wp\/v2\/comments?post=105256"}],"version-history":[{"count":10,"href":"https:\/\/www.accuratereviews.com\/it\/wp-json\/wp\/v2\/pages\/105256\/revisions"}],"predecessor-version":[{"id":105289,"href":"https:\/\/www.accuratereviews.com\/it\/wp-json\/wp\/v2\/pages\/105256\/revisions\/105289"}],"up":[{"embeddable":true,"href":"https:\/\/www.accuratereviews.com\/it\/wp-json\/wp\/v2\/pages\/99993"}],"wp:featuredmedia":[{"embeddable":true,"href":"https:\/\/www.accuratereviews.com\/it\/wp-json\/wp\/v2\/media\/105257"}],"wp:attachment":[{"href":"https:\/\/www.accuratereviews.com\/it\/wp-json\/wp\/v2\/media?parent=105256"}],"wp:term":[{"taxonomy":"category","embeddable":true,"href":"https:\/\/www.accuratereviews.com\/it\/wp-json\/wp\/v2\/categories?post=105256"},{"taxonomy":"post_tag","embeddable":true,"href":"https:\/\/www.accuratereviews.com\/it\/wp-json\/wp\/v2\/tags?post=105256"},{"taxonomy":"features","embeddable":true,"href":"https:\/\/www.accuratereviews.com\/it\/wp-json\/wp\/v2\/features?post=105256"}],"curies":[{"name":"wp","href":"https:\/\/api.w.org\/{rel}","templated":true}]}}