{"id":105274,"date":"2025-11-27T17:13:19","date_gmt":"2025-11-27T17:13:19","guid":{"rendered":"https:\/\/www.accuratereviews.com\/?page_id=105274"},"modified":"2025-11-27T17:13:19","modified_gmt":"2025-11-27T17:13:19","slug":"optimalflow-recensione","status":"publish","type":"page","link":"https:\/\/www.accuratereviews.com\/it\/piattaforme-no-code\/optimalflow-recensione\/","title":{"rendered":"OptimalFlow"},"content":{"rendered":"<p><strong>OptimalFlow<\/strong> \u00e8 un<strong> software di gestione dei processi aziendali<\/strong> che consente alle aziende di digitalizzare e automatizzare i propri flussi di lavoro. Una delle caratteristiche principali \u00e8 il suo approccio <strong>no-code<\/strong>, che consente agli utenti di progettare e gestire i processi aziendali attraverso un&#8217;interfaccia intuitiva<strong> drag-and-drop<\/strong>. Ci\u00f2 significa che anche gli utenti senza competenze di programmazione o un team IT, possono facilmente ottimizzare i propri processi e automatizzare i flussi di lavoro.<br \/>\nIl software consente alle aziende di integrare <strong>OptimalFlow<\/strong> con i sistemi e gli strumenti esistenti per gestire facilmente processi e flussi di lavoro in un&#8217;unica piattaforma. Un&#8217;altra caratteristica fondamentale di <strong>OptimalFlow<\/strong> \u00e8 la sua capacit\u00e0 di gestire i processi con ruoli e autorizzazioni diversi: gli utenti possono, quindi, assegnare compiti e responsabilit\u00e0 specifici a diversi membri del team e garantire che tutti siano sulla stessa lunghezza d&#8217;onda quando si tratta di completare un processo.<\/p>\n<p><a href=\"https:\/\/www.accuratereviews.com\/wp-content\/uploads\/2025\/11\/Screenshot-2025-11-27-alle-11.36.17-scaled.png\"><img loading=\"lazy\" decoding=\"async\" class=\"aligncenter wp-image-105282 size-full\" src=\"https:\/\/www.accuratereviews.com\/wp-content\/uploads\/2025\/11\/Screenshot-2025-11-27-alle-11.36.17-scaled.png\" alt=\"\" width=\"2560\" height=\"1182\" srcset=\"https:\/\/www.accuratereviews.com\/wp-content\/uploads\/2025\/11\/Screenshot-2025-11-27-alle-11.36.17-scaled.png 2560w, https:\/\/www.accuratereviews.com\/wp-content\/uploads\/2025\/11\/Screenshot-2025-11-27-alle-11.36.17-300x138.png 300w, https:\/\/www.accuratereviews.com\/wp-content\/uploads\/2025\/11\/Screenshot-2025-11-27-alle-11.36.17-1024x473.png 1024w, https:\/\/www.accuratereviews.com\/wp-content\/uploads\/2025\/11\/Screenshot-2025-11-27-alle-11.36.17-768x355.png 768w, https:\/\/www.accuratereviews.com\/wp-content\/uploads\/2025\/11\/Screenshot-2025-11-27-alle-11.36.17-1536x709.png 1536w, https:\/\/www.accuratereviews.com\/wp-content\/uploads\/2025\/11\/Screenshot-2025-11-27-alle-11.36.17-2048x945.png 2048w, https:\/\/www.accuratereviews.com\/wp-content\/uploads\/2025\/11\/Screenshot-2025-11-27-alle-11.36.17-50x23.png 50w, https:\/\/www.accuratereviews.com\/wp-content\/uploads\/2025\/11\/Screenshot-2025-11-27-alle-11.36.17-260x120.png 260w, https:\/\/www.accuratereviews.com\/wp-content\/uploads\/2025\/11\/Screenshot-2025-11-27-alle-11.36.17-968x447.png 968w, https:\/\/www.accuratereviews.com\/wp-content\/uploads\/2025\/11\/Screenshot-2025-11-27-alle-11.36.17-636x294.png 636w, https:\/\/www.accuratereviews.com\/wp-content\/uploads\/2025\/11\/Screenshot-2025-11-27-alle-11.36.17-320x148.png 320w, https:\/\/www.accuratereviews.com\/wp-content\/uploads\/2025\/11\/Screenshot-2025-11-27-alle-11.36.17-239x110.png 239w\" sizes=\"auto, (max-width: 2560px) 100vw, 2560px\" \/><\/a><\/p>\n<h2>OPTIMALFLOW &#8211; CARATTERISTICHE<\/h2>\n<ul>\n<li><strong>Integrazione AI<\/strong>: Utilizza l&#8217;intelligenza artificiale per aiutare a disegnare flussi di lavoro, automatizzare task cognitivi <strong>senza codice<\/strong> e potenziare gli operatori.<\/li>\n<li><strong>Automazione e standardizzazione<\/strong>: automatizza le attivit\u00e0 ripetitive per standardizzare i processi, eliminare errori e ritardi e migliorare l&#8217;efficienza del lavoro.<\/li>\n<li><strong>Gestione asincrona<\/strong>: permette ai team di lavorare in modo asincrono, migliorando la produttivit\u00e0 e riducendo i tempi morti.<\/li>\n<li><strong>Digitalizzazione completa<\/strong>: digitalizza i processi eliminando la necessit\u00e0 di carta e facilita la gestione documentale.<\/li>\n<li><strong>Accessibilit\u00e0<\/strong>: Permette anche a chi non ha competenze tecniche di progettazione di flussi di lavoro efficaci.<\/li>\n<li><strong>Architettura API-first<\/strong>: Costruisce un ecosistema digitale agile, collegando persone, dati e processi attraverso API.<\/li>\n<\/ul>\n<h3>LE RECENSIONI DEGLI UTENTI<\/h3>\n<p><strong>Valentina &#8220;Controllo, presidio e gestione snella di ogni processo bancario&#8221;<\/strong><br \/>\nUtilizzo lo strumento di flusso di lavoro da moltissimi anni ed \u00e8 attualmente lo strumento pi\u00f9 apprezzato all&#8217;interno della nostra realt\u00e0 bancaria: dove non arriva il gestionale, arriva e va ben oltre OptimalFlow. La versatilit\u00e0 dello strumento lo ha reso il punto di riferimento dei vari process Owner per la messa a punto di tutti i processi bancari.<br \/>\n<strong>Pro<\/strong>: Optimalflow mi ha consentito di digitalizzare svariati processi che in banca erano gestiti in modo non strutturato: poter creare con facilit\u00e0 dei flussi di lavoro partendo da editor grafici, ci ha aiutato a condividere con i processowner le nostre considerazioni, in un&#8217;ottica di costante miglioramento ed affinamento dei processi. La possibilit\u00e0 di appoggiarsi ai dati dei nostri gestionali ha semplificato il lavoro di moltissimi utenti e ha contribuito ad eliminare quasi del tutto la possibilit\u00e0 di errore.<br \/>\n<strong>Contro<\/strong>: nessuno svantaggio rilevato. Nel corso degli anni il fornitore ha contribuito attivamente all&#8217;accoglimento di suggerimenti di migliorie rilasciando frequenti aggiornamenti migliorativi.<\/p>\n<p><strong>Sergio &#8220;Realizzare aree documentali e processi aziendali efficienti con facilit\u00e0&#8221;<\/strong><br \/>\nConoscevo gi\u00e0 la &#8220;suite&#8221; intranet WorkTorether da molto tempo, come agenzia l&#8217;abbiamo usata per anni e la usiamo tutt&#8217;ora. Questo strumento verticale sull&#8217;automazione di processi critici nei siti che realizziamo \u00e8 un ulteriore passo avanti per quanto riguarda efficienza ed efficacia. Le alternative sono suite enterprise dal costo proibitivo per i nostri clienti o lo sviluppo personalizzato con tutti i contro del caso.<br \/>\n<strong>Pro<\/strong>: aggiungere funzionalit\u00e0 per noi core in siti B2B \u00e8 diventato estremamente facile: aree documentali e amministrative nelle extranet delle aziende si realizzano in poco tempo e con una solidit\u00e0 difficile da ottenere con i CMS pi\u00f9 commerciali in circolazione.<br \/>\n<strong>Contro<\/strong>: difficile trovare dei difetti, \u00e8 uno strumento specializzato e qualche funzionalit\u00e0 pu\u00f2 essere ancora aggiunta, ma per il nostro utilizzo da sviluppatori ha comportato solo benefici.<\/p>\n<p><strong>Giovanni &#8220;Ottimo prodotto per regolare il flusso di produzione dei servizi&#8221;<\/strong><br \/>\nGrazie alla software house ci siamo trovati bene e il progetto \u00e8 stato elaborato in tempi brevi rispetto ad altre soluzioni. Anche l&#8217;assistenza ha fatto la differenza.<br \/>\n<strong>Pro<\/strong>: Il prodotto \u00e8 facilmente configurabile secondo le nostre necessit\u00e0<br \/>\n<strong>Contro<\/strong>: al momento nessun inconveniente si \u00e8 verificato<\/p>\n","protected":false},"excerpt":{"rendered":"<p>OptimalFlow \u00e8 un software di gestione dei processi aziendali che consente alle aziende di digitalizzare e automatizzare i propri flussi di lavoro. Una delle caratteristiche principali \u00e8 il suo approccio no-code, che consente agli utenti di progettare e gestire i processi aziendali attraverso un&#8217;interfaccia intuitiva drag-and-drop.<\/p>\n","protected":false},"author":19,"featured_media":105275,"parent":99993,"menu_order":0,"comment_status":"open","ping_status":"closed","template":"g1_template_page_review_new.php","meta":{"_acf_changed":false,"cwp_meta_box_check":"Yes","cwp_rev_product_name":"","cwp_rev_product_image":"","wppr_links":[],"cwp_rev_price":"0.00","wppr_options":[{"name":"Usability","value":"0"},{"name":"Speed","value":"0"},{"name":"Features","value":"0"},{"name":"Support","value":"0"},{"name":"Pricing","value":"0"}],"wppr_pros":["","","","",""],"wppr_cons":["","","","",""],"_monsterinsights_skip_tracking":false,"_monsterinsights_sitenote_active":false,"_monsterinsights_sitenote_note":"","_monsterinsights_sitenote_category":0,"footnotes":""},"categories":[16551],"tags":[16554,16773,16553,16557,16556,16555],"features":[],"class_list":{"0":"post-105274","1":"page","2":"type-page","3":"status-publish","4":"has-post-thumbnail","6":"category-piattaforme-no-code-cat","7":"tag-no-code","8":"tag-optimalflow","9":"tag-piattaforme-no-code","10":"tag-programmi-no-code","11":"tag-software-no-code","12":"tag-soluzioni-no-code"},"wppr_data":{"cwp_meta_box_check":"Yes","_wppr_review_template":"default","cwp_rev_product_image":"","cwp_image_link":"image","wppr_links":[],"cwp_rev_price":"0.00","wppr_pros":["","","","",""],"wppr_cons":["","","","",""],"wppr_rating":"0.00","wppr_options":{"1":{"name":"Usability","value":"0"},"2":{"name":"Speed","value":"0"},"3":{"name":"Features","value":"0"},"4":{"name":"Support","value":"0"},"5":{"name":"Pricing","value":"0"}},"wppr_review_type":"Product","wppr_review_custom_fields":{"additionalProperty":"","additionalType":"","aggregateRating":"","alternateName":"","audience":"","award":"","awards":"","brand":"","color":"","depth":"","description":"","disambiguatingDescription":"","gtin12":"","gtin13":"","gtin14":"","gtin8":"","height":"","identifier":"","image":"","isAccessoryOrSparePartFor":"","isConsumableFor":"","isRelatedTo":"","isSimilarTo":"","itemCondition":"","logo":"","mainEntityOfPage":"","manufacturer":"","material":"","model":"","mpn":"","name":"","offers":"","potentialAction":"","productID":"","productionDate":"","purchaseDate":"","releaseDate":"","review":"","reviews":"","sameAs":"","sku":"","slogan":"","subjectOf":"","url":"","weight":"","width":""}},"acf":[],"yoast_head":"<!-- This site is optimized with the Yoast SEO plugin v27.4 - https:\/\/yoast.com\/product\/yoast-seo-wordpress\/ -->\n<title>OptimalFlow: recensione piattaforma no-code - Accurate Reviews<\/title>\n<meta name=\"description\" content=\"OptimalFlow: recensione della piattaforma no-code che consente alle aziende di digitalizzare i propri flussi di lavoro.\" \/>\n<meta name=\"robots\" content=\"index, follow, max-snippet:-1, max-image-preview:large, max-video-preview:-1\" \/>\n<link rel=\"canonical\" href=\"https:\/\/www.accuratereviews.com\/it\/piattaforme-no-code\/optimalflow-recensione\/\" \/>\n<meta property=\"og:locale\" content=\"it_IT\" \/>\n<meta property=\"og:type\" content=\"article\" \/>\n<meta property=\"og:title\" content=\"OptimalFlow: recensione piattaforma no-code - Accurate Reviews\" \/>\n<meta property=\"og:description\" content=\"OptimalFlow: recensione della piattaforma no-code che consente alle aziende di digitalizzare i propri flussi di lavoro.\" \/>\n<meta property=\"og:url\" content=\"https:\/\/www.accuratereviews.com\/it\/piattaforme-no-code\/optimalflow-recensione\/\" \/>\n<meta property=\"og:site_name\" content=\"Accurate Reviews\" \/>\n<meta property=\"og:image\" content=\"https:\/\/www.accuratereviews.com\/wp-content\/uploads\/2025\/11\/Screenshot-2025-11-27-alle-09.30.03.png\" \/>\n\t<meta property=\"og:image:width\" content=\"1092\" \/>\n\t<meta property=\"og:image:height\" content=\"446\" \/>\n\t<meta property=\"og:image:type\" content=\"image\/png\" \/>\n<meta name=\"twitter:card\" content=\"summary_large_image\" \/>\n<meta name=\"twitter:label1\" content=\"Tempo di lettura stimato\" \/>\n\t<meta name=\"twitter:data1\" content=\"5 minuti\" \/>\n<script type=\"application\/ld+json\" class=\"yoast-schema-graph\">{\"@context\":\"https:\\\/\\\/schema.org\",\"@graph\":[{\"@type\":\"WebPage\",\"@id\":\"https:\\\/\\\/www.accuratereviews.com\\\/it\\\/piattaforme-no-code\\\/optimalflow-recensione\\\/\",\"url\":\"https:\\\/\\\/www.accuratereviews.com\\\/it\\\/piattaforme-no-code\\\/optimalflow-recensione\\\/\",\"name\":\"OptimalFlow: recensione piattaforma no-code - Accurate Reviews\",\"isPartOf\":{\"@id\":\"https:\\\/\\\/www.accuratereviews.com\\\/it\\\/#website\"},\"primaryImageOfPage\":{\"@id\":\"https:\\\/\\\/www.accuratereviews.com\\\/it\\\/piattaforme-no-code\\\/optimalflow-recensione\\\/#primaryimage\"},\"image\":{\"@id\":\"https:\\\/\\\/www.accuratereviews.com\\\/it\\\/piattaforme-no-code\\\/optimalflow-recensione\\\/#primaryimage\"},\"thumbnailUrl\":\"https:\\\/\\\/www.accuratereviews.com\\\/wp-content\\\/uploads\\\/2025\\\/11\\\/Screenshot-2025-11-27-alle-09.30.03.png\",\"datePublished\":\"2025-11-27T17:13:19+00:00\",\"description\":\"OptimalFlow: recensione della piattaforma no-code che consente alle aziende di digitalizzare i propri flussi di lavoro.\",\"breadcrumb\":{\"@id\":\"https:\\\/\\\/www.accuratereviews.com\\\/it\\\/piattaforme-no-code\\\/optimalflow-recensione\\\/#breadcrumb\"},\"inLanguage\":\"it-IT\",\"potentialAction\":[{\"@type\":\"ReadAction\",\"target\":[\"https:\\\/\\\/www.accuratereviews.com\\\/it\\\/piattaforme-no-code\\\/optimalflow-recensione\\\/\"]}]},{\"@type\":\"ImageObject\",\"inLanguage\":\"it-IT\",\"@id\":\"https:\\\/\\\/www.accuratereviews.com\\\/it\\\/piattaforme-no-code\\\/optimalflow-recensione\\\/#primaryimage\",\"url\":\"https:\\\/\\\/www.accuratereviews.com\\\/wp-content\\\/uploads\\\/2025\\\/11\\\/Screenshot-2025-11-27-alle-09.30.03.png\",\"contentUrl\":\"https:\\\/\\\/www.accuratereviews.com\\\/wp-content\\\/uploads\\\/2025\\\/11\\\/Screenshot-2025-11-27-alle-09.30.03.png\",\"width\":1092,\"height\":446},{\"@type\":\"BreadcrumbList\",\"@id\":\"https:\\\/\\\/www.accuratereviews.com\\\/it\\\/piattaforme-no-code\\\/optimalflow-recensione\\\/#breadcrumb\",\"itemListElement\":[{\"@type\":\"ListItem\",\"position\":1,\"name\":\"Home\",\"item\":\"https:\\\/\\\/www.accuratereviews.com\\\/it\\\/\"},{\"@type\":\"ListItem\",\"position\":2,\"name\":\"Piattaforme no-code\",\"item\":\"https:\\\/\\\/www.accuratereviews.com\\\/it\\\/piattaforme-no-code\\\/\"},{\"@type\":\"ListItem\",\"position\":3,\"name\":\"OptimalFlow\"}]},{\"@type\":\"WebSite\",\"@id\":\"https:\\\/\\\/www.accuratereviews.com\\\/it\\\/#website\",\"url\":\"https:\\\/\\\/www.accuratereviews.com\\\/it\\\/\",\"name\":\"Accurate Reviews\",\"description\":\"\",\"potentialAction\":[{\"@type\":\"SearchAction\",\"target\":{\"@type\":\"EntryPoint\",\"urlTemplate\":\"https:\\\/\\\/www.accuratereviews.com\\\/it\\\/?s={search_term_string}\"},\"query-input\":{\"@type\":\"PropertyValueSpecification\",\"valueRequired\":true,\"valueName\":\"search_term_string\"}}],\"inLanguage\":\"it-IT\"}]}<\/script>\n<!-- \/ Yoast SEO plugin. -->","yoast_head_json":{"title":"OptimalFlow: recensione piattaforma no-code - Accurate Reviews","description":"OptimalFlow: recensione della piattaforma no-code che consente alle aziende di digitalizzare i propri flussi di lavoro.","robots":{"index":"index","follow":"follow","max-snippet":"max-snippet:-1","max-image-preview":"max-image-preview:large","max-video-preview":"max-video-preview:-1"},"canonical":"https:\/\/www.accuratereviews.com\/it\/piattaforme-no-code\/optimalflow-recensione\/","og_locale":"it_IT","og_type":"article","og_title":"OptimalFlow: recensione piattaforma no-code - Accurate Reviews","og_description":"OptimalFlow: recensione della piattaforma no-code che consente alle aziende di digitalizzare i propri flussi di lavoro.","og_url":"https:\/\/www.accuratereviews.com\/it\/piattaforme-no-code\/optimalflow-recensione\/","og_site_name":"Accurate Reviews","og_image":[{"width":1092,"height":446,"url":"https:\/\/www.accuratereviews.com\/wp-content\/uploads\/2025\/11\/Screenshot-2025-11-27-alle-09.30.03.png","type":"image\/png"}],"twitter_card":"summary_large_image","twitter_misc":{"Tempo di lettura stimato":"5 minuti"},"schema":{"@context":"https:\/\/schema.org","@graph":[{"@type":"WebPage","@id":"https:\/\/www.accuratereviews.com\/it\/piattaforme-no-code\/optimalflow-recensione\/","url":"https:\/\/www.accuratereviews.com\/it\/piattaforme-no-code\/optimalflow-recensione\/","name":"OptimalFlow: recensione piattaforma no-code - Accurate Reviews","isPartOf":{"@id":"https:\/\/www.accuratereviews.com\/it\/#website"},"primaryImageOfPage":{"@id":"https:\/\/www.accuratereviews.com\/it\/piattaforme-no-code\/optimalflow-recensione\/#primaryimage"},"image":{"@id":"https:\/\/www.accuratereviews.com\/it\/piattaforme-no-code\/optimalflow-recensione\/#primaryimage"},"thumbnailUrl":"https:\/\/www.accuratereviews.com\/wp-content\/uploads\/2025\/11\/Screenshot-2025-11-27-alle-09.30.03.png","datePublished":"2025-11-27T17:13:19+00:00","description":"OptimalFlow: recensione della piattaforma no-code che consente alle aziende di digitalizzare i propri flussi di lavoro.","breadcrumb":{"@id":"https:\/\/www.accuratereviews.com\/it\/piattaforme-no-code\/optimalflow-recensione\/#breadcrumb"},"inLanguage":"it-IT","potentialAction":[{"@type":"ReadAction","target":["https:\/\/www.accuratereviews.com\/it\/piattaforme-no-code\/optimalflow-recensione\/"]}]},{"@type":"ImageObject","inLanguage":"it-IT","@id":"https:\/\/www.accuratereviews.com\/it\/piattaforme-no-code\/optimalflow-recensione\/#primaryimage","url":"https:\/\/www.accuratereviews.com\/wp-content\/uploads\/2025\/11\/Screenshot-2025-11-27-alle-09.30.03.png","contentUrl":"https:\/\/www.accuratereviews.com\/wp-content\/uploads\/2025\/11\/Screenshot-2025-11-27-alle-09.30.03.png","width":1092,"height":446},{"@type":"BreadcrumbList","@id":"https:\/\/www.accuratereviews.com\/it\/piattaforme-no-code\/optimalflow-recensione\/#breadcrumb","itemListElement":[{"@type":"ListItem","position":1,"name":"Home","item":"https:\/\/www.accuratereviews.com\/it\/"},{"@type":"ListItem","position":2,"name":"Piattaforme no-code","item":"https:\/\/www.accuratereviews.com\/it\/piattaforme-no-code\/"},{"@type":"ListItem","position":3,"name":"OptimalFlow"}]},{"@type":"WebSite","@id":"https:\/\/www.accuratereviews.com\/it\/#website","url":"https:\/\/www.accuratereviews.com\/it\/","name":"Accurate Reviews","description":"","potentialAction":[{"@type":"SearchAction","target":{"@type":"EntryPoint","urlTemplate":"https:\/\/www.accuratereviews.com\/it\/?s={search_term_string}"},"query-input":{"@type":"PropertyValueSpecification","valueRequired":true,"valueName":"search_term_string"}}],"inLanguage":"it-IT"}]}},"_links":{"self":[{"href":"https:\/\/www.accuratereviews.com\/it\/wp-json\/wp\/v2\/pages\/105274","targetHints":{"allow":["GET"]}}],"collection":[{"href":"https:\/\/www.accuratereviews.com\/it\/wp-json\/wp\/v2\/pages"}],"about":[{"href":"https:\/\/www.accuratereviews.com\/it\/wp-json\/wp\/v2\/types\/page"}],"author":[{"embeddable":true,"href":"https:\/\/www.accuratereviews.com\/it\/wp-json\/wp\/v2\/users\/19"}],"replies":[{"embeddable":true,"href":"https:\/\/www.accuratereviews.com\/it\/wp-json\/wp\/v2\/comments?post=105274"}],"version-history":[{"count":6,"href":"https:\/\/www.accuratereviews.com\/it\/wp-json\/wp\/v2\/pages\/105274\/revisions"}],"predecessor-version":[{"id":105302,"href":"https:\/\/www.accuratereviews.com\/it\/wp-json\/wp\/v2\/pages\/105274\/revisions\/105302"}],"up":[{"embeddable":true,"href":"https:\/\/www.accuratereviews.com\/it\/wp-json\/wp\/v2\/pages\/99993"}],"wp:featuredmedia":[{"embeddable":true,"href":"https:\/\/www.accuratereviews.com\/it\/wp-json\/wp\/v2\/media\/105275"}],"wp:attachment":[{"href":"https:\/\/www.accuratereviews.com\/it\/wp-json\/wp\/v2\/media?parent=105274"}],"wp:term":[{"taxonomy":"category","embeddable":true,"href":"https:\/\/www.accuratereviews.com\/it\/wp-json\/wp\/v2\/categories?post=105274"},{"taxonomy":"post_tag","embeddable":true,"href":"https:\/\/www.accuratereviews.com\/it\/wp-json\/wp\/v2\/tags?post=105274"},{"taxonomy":"features","embeddable":true,"href":"https:\/\/www.accuratereviews.com\/it\/wp-json\/wp\/v2\/features?post=105274"}],"curies":[{"name":"wp","href":"https:\/\/api.w.org\/{rel}","templated":true}]}}