{"id":105293,"date":"2025-11-27T14:06:09","date_gmt":"2025-11-27T14:06:09","guid":{"rendered":"https:\/\/www.accuratereviews.com\/?page_id=105293"},"modified":"2025-11-27T14:06:09","modified_gmt":"2025-11-27T14:06:09","slug":"zoner-photo-studio-recensione","status":"publish","type":"page","link":"https:\/\/www.accuratereviews.com\/it\/photo-editing-lista-software\/zoner-photo-studio-recensione\/","title":{"rendered":"Zoner Photo Studio"},"content":{"rendered":"<p><strong>Zoner Photo Studio<\/strong>\u00a0\u00e8 un <strong>software di fotoritocco e gestione fotografica<\/strong> progettato per fotografi amatoriali e avanzati che cercano una soluzione unica per organizzare, modificare e pubblicare immagini. L\u2019obiettivo della piattaforma \u00e8 offrire un flusso di lavoro completo, simile a quello delle suite pi\u00f9 professionali, ma con un\u2019interfaccia pi\u00f9 semplice e un approccio pi\u00f9 accessibile.<br \/>\n<strong>Zoner Photo Studio<\/strong>\u00a0integra funzioni per editing RAW, ritocco avanzato, catalogazione e creazione di contenuti (come fotolibri o gallerie online), risultando ideale per chi desidera sostituire pi\u00f9 software con un\u2019unica soluzione. Anche se non raggiunge la potenza delle piattaforme top di gamma, rappresenta una scelta solida e conveniente.<\/p>\n<h2>ZONER PHOTO STUDIO &#8211; TUTORIAL<\/h2>\n<div id=\"fluid-wrapper-counter-1\" class=\"g1-fluid-wrapper \" style=\"width:686px;\">\n<div style=\"padding-bottom:56.268221574344%;\"><iframe loading=\"lazy\" title=\"Zoner Photo Studio Organizza ed Edita le Immagini  Digitali Fantastico per Fotoamatori e Semipro\" width=\"686\" height=\"386\" src=\"https:\/\/www.youtube.com\/embed\/KW16KVVAPmM?feature=oembed&amp;wmode=transparent&amp;autohide=1&amp;autoplay=0&amp;disablekb=0&amp;fs=1&amp;loop=0&amp;enablejsapi=1&amp;rel=0&amp;controls=2&amp;showinfo=0&amp;wmode=transparent&amp;autohide=2&amp;autoplay=0&amp;disablekb=0&amp;fs=1&amp;loop=0&amp;enablejsapi=1&amp;rel=0&amp;controls=2&amp;showinfo=1\" frameborder=\"0\" allow=\"accelerometer; autoplay; clipboard-write; encrypted-media; gyroscope; picture-in-picture; web-share\" referrerpolicy=\"strict-origin-when-cross-origin\" allowfullscreen><\/iframe><\/div>\n<\/div>\n<h3>ZONER PHOTO STUDIO &#8211; CARATTERISTICHE<\/h3>\n<ul>\n<li data-start=\"1162\" data-end=\"1298\"><strong data-start=\"1162\" data-end=\"1195\">Gestione avanzata delle foto:<\/strong> strumenti completi per organizzare, taggare, classificare e archiviare grandi raccolte fotografiche.<\/li>\n<li data-start=\"1301\" data-end=\"1430\"><strong data-start=\"1301\" data-end=\"1328\">Modifica RAW integrata:<\/strong> un pannello dedicato per lo sviluppo RAW, con controlli per esposizione, colori e correzione lente.<\/li>\n<li data-start=\"1433\" data-end=\"1532\"><strong data-start=\"1433\" data-end=\"1462\">Ritocco locale e livelli:<\/strong> include pennelli, maschere e livelli per lavorazioni pi\u00f9 complesse.<\/li>\n<li data-start=\"1535\" data-end=\"1653\"><strong data-start=\"1535\" data-end=\"1560\">Preset e automazioni:<\/strong> numerosi preset pronti all\u2019uso e funzioni per automatizzare i flussi di lavoro ripetitivi.<\/li>\n<li data-start=\"1656\" data-end=\"1767\"><strong data-start=\"1656\" data-end=\"1688\">Funzioni creative integrate:<\/strong> possibilit\u00e0 di creare fotolibri, collage e stampe direttamente dal software.<\/li>\n<li data-start=\"1770\" data-end=\"1895\"><strong data-start=\"1770\" data-end=\"1800\">Supporto cloud (Zonerama):<\/strong> esportazioni dirette verso la piattaforma cloud gratuita per gallerie fotografiche illimitate.<\/li>\n<\/ul>\n<h4>LE RECENSIONI DEGLI UTENTI<\/h4>\n<p><strong>Mac \u201cUtilizzo questo programma dal 2013\u201d<\/strong><br \/>\nIN GENERALE: Utilizzo Zoner Photo Studio dal 2013, dopo essere passato da Photoshop. Anche se il motivo per cui ho iniziato a cercare un&#8217;alternativa era il prezzo, ho trovato Zoner pi\u00f9 adatto alle mie esigenze. \u00c8 veloce, snello e ben progettato. Il programma si carica in pochi secondi (che \u00e8 la prima cosa che ho notato dopo aver utilizzato Photoshop) ed \u00e8 veloce e facile da usare. Solo in poche occasioni ho avuto bisogno dell&#8217;assistenza dell&#8217;azienda, ma hanno sempre risposto rapidamente con una risposta competente. Inoltre, c&#8217;\u00e8 un programma di aggiornamenti e Zoner aggiunge continuamente nuove funzionalit\u00e0 migliorate.<br \/>\nZoner Photo Studio ora soddisfa tutte le mie esigenze di fotoritocco, dalle pi\u00f9 semplici alle pi\u00f9 complesse.<br \/>\nPRO: Facile da usare. Veloce da caricare. Molto reattivo.<br \/>\nCONTRO: Niente di particolare. Soddisfa perfettamente le mie esigenze.<\/p>\n<p><strong>Eric \u201cZoner, uno dei migliori per tenere traccia di una grande quantit\u00e0 di foto\u201d.<\/strong><br \/>\nIN GENERALE: Eccellente. Gestisce con facilit\u00e0 grandi raccolte di foto.<br \/>\nQualcosa che nessun altro programma che ho usato \u00e8 in grado di fare.<br \/>\nPRO: Organizzazione delle foto Facilit\u00e0 di ricerca delle foto. Funzione parole chiave. Programma molto utile per qualsiasi fotografo. Gestisce con facilit\u00e0 grandi volumi di foto.<br \/>\nCONTRO: L&#8217;editor \u00e8 un po&#8217; difficile da usare, ma una volta che ci si abitua \u00e8 eccellente.<\/p>\n<p><strong>Rishel \u201cIl sostituto di Photoshop \u00e8 arrivato!\u201d<\/strong><br \/>\nPRO: Ho trovato che la funzione preimpostata in questo software fosse molto pi\u00f9 facile da configurare rispetto a quella dei concorrenti. Inoltre, l&#8217;attenzione agli strumenti di ritocco specializzati \u00e8 ottima!<br \/>\nCONTRO: Sebbene ritenga che ci sia ancora molta strada da fare prima che diventi il numero uno nella sua categoria, ho fiducia che gli sviluppatori continueranno a migliorarlo notevolmente con il passare del tempo.<\/p>\n","protected":false},"excerpt":{"rendered":"<p>Zoner Photo Studio\u00a0\u00e8 un software di fotoritocco e gestione fotografica progettato per fotografi amatoriali e avanzati che cercano una soluzione unica per organizzare, modificare e pubblicare immagini. L\u2019obiettivo della piattaforma \u00e8 offrire un flusso di lavoro completo, simile a quello delle suite pi\u00f9 professionali, ma con un\u2019interfaccia pi\u00f9 semplice e un approccio pi\u00f9 accessibile.<\/p>\n","protected":false},"author":17,"featured_media":105294,"parent":9097,"menu_order":0,"comment_status":"open","ping_status":"closed","template":"g1_template_page_review_new.php","meta":{"_acf_changed":false,"cwp_meta_box_check":"No","cwp_rev_product_name":"","cwp_rev_product_image":"","wppr_links":[],"cwp_rev_price":"","wppr_options":[],"wppr_pros":[],"wppr_cons":[],"_monsterinsights_skip_tracking":false,"_monsterinsights_sitenote_active":false,"_monsterinsights_sitenote_note":"","_monsterinsights_sitenote_category":0,"footnotes":""},"categories":[178],"tags":[554,569,557,556,1568,16774],"features":[],"class_list":{"0":"post-105293","1":"page","2":"type-page","3":"status-publish","4":"has-post-thumbnail","6":"category-photo-editing-it","7":"tag-fotoritocco","8":"tag-photo-editing","9":"tag-programma-photo-editing","10":"tag-software-photo-editing","11":"tag-soluzione-photo-editing","12":"tag-zoner-photo-studio"},"wppr_data":{"cwp_meta_box_check":"No"},"acf":[],"yoast_head":"<!-- This site is optimized with the Yoast SEO plugin v27.4 - https:\/\/yoast.com\/product\/yoast-seo-wordpress\/ -->\n<title>Zoner Photo Studio: recensione software photo editing - Accurate Reviews<\/title>\n<meta name=\"description\" content=\"Zoner Photo Studio: recensione del software di photo editing e gestione fotografica progettato per fotografi amatoriali e avanzati.\" \/>\n<meta name=\"robots\" content=\"index, follow, max-snippet:-1, max-image-preview:large, max-video-preview:-1\" \/>\n<link rel=\"canonical\" href=\"https:\/\/www.accuratereviews.com\/it\/photo-editing-lista-software\/zoner-photo-studio-recensione\/\" \/>\n<meta property=\"og:locale\" content=\"it_IT\" \/>\n<meta property=\"og:type\" content=\"article\" \/>\n<meta property=\"og:title\" content=\"Zoner Photo Studio: recensione software photo editing - Accurate Reviews\" \/>\n<meta property=\"og:description\" content=\"Zoner Photo Studio: recensione del software di photo editing e gestione fotografica progettato per fotografi amatoriali e avanzati.\" \/>\n<meta property=\"og:url\" content=\"https:\/\/www.accuratereviews.com\/it\/photo-editing-lista-software\/zoner-photo-studio-recensione\/\" \/>\n<meta property=\"og:site_name\" content=\"Accurate Reviews\" \/>\n<meta property=\"og:image\" content=\"https:\/\/www.accuratereviews.com\/wp-content\/uploads\/2025\/11\/loghi-AR.png\" \/>\n\t<meta property=\"og:image:width\" content=\"1080\" \/>\n\t<meta property=\"og:image:height\" content=\"1350\" \/>\n\t<meta property=\"og:image:type\" content=\"image\/png\" \/>\n<meta name=\"twitter:card\" content=\"summary_large_image\" \/>\n<meta name=\"twitter:label1\" content=\"Tempo di lettura stimato\" \/>\n\t<meta name=\"twitter:data1\" content=\"4 minuti\" \/>\n<script type=\"application\/ld+json\" class=\"yoast-schema-graph\">{\"@context\":\"https:\\\/\\\/schema.org\",\"@graph\":[{\"@type\":\"WebPage\",\"@id\":\"https:\\\/\\\/www.accuratereviews.com\\\/it\\\/photo-editing-lista-software\\\/zoner-photo-studio-recensione\\\/\",\"url\":\"https:\\\/\\\/www.accuratereviews.com\\\/it\\\/photo-editing-lista-software\\\/zoner-photo-studio-recensione\\\/\",\"name\":\"Zoner Photo Studio: recensione software photo editing - Accurate Reviews\",\"isPartOf\":{\"@id\":\"https:\\\/\\\/www.accuratereviews.com\\\/it\\\/#website\"},\"primaryImageOfPage\":{\"@id\":\"https:\\\/\\\/www.accuratereviews.com\\\/it\\\/photo-editing-lista-software\\\/zoner-photo-studio-recensione\\\/#primaryimage\"},\"image\":{\"@id\":\"https:\\\/\\\/www.accuratereviews.com\\\/it\\\/photo-editing-lista-software\\\/zoner-photo-studio-recensione\\\/#primaryimage\"},\"thumbnailUrl\":\"https:\\\/\\\/www.accuratereviews.com\\\/wp-content\\\/uploads\\\/2025\\\/11\\\/loghi-AR.png\",\"datePublished\":\"2025-11-27T14:06:09+00:00\",\"description\":\"Zoner Photo Studio: recensione del software di photo editing e gestione fotografica progettato per fotografi amatoriali e avanzati.\",\"breadcrumb\":{\"@id\":\"https:\\\/\\\/www.accuratereviews.com\\\/it\\\/photo-editing-lista-software\\\/zoner-photo-studio-recensione\\\/#breadcrumb\"},\"inLanguage\":\"it-IT\",\"potentialAction\":[{\"@type\":\"ReadAction\",\"target\":[\"https:\\\/\\\/www.accuratereviews.com\\\/it\\\/photo-editing-lista-software\\\/zoner-photo-studio-recensione\\\/\"]}]},{\"@type\":\"ImageObject\",\"inLanguage\":\"it-IT\",\"@id\":\"https:\\\/\\\/www.accuratereviews.com\\\/it\\\/photo-editing-lista-software\\\/zoner-photo-studio-recensione\\\/#primaryimage\",\"url\":\"https:\\\/\\\/www.accuratereviews.com\\\/wp-content\\\/uploads\\\/2025\\\/11\\\/loghi-AR.png\",\"contentUrl\":\"https:\\\/\\\/www.accuratereviews.com\\\/wp-content\\\/uploads\\\/2025\\\/11\\\/loghi-AR.png\",\"width\":1080,\"height\":1350},{\"@type\":\"BreadcrumbList\",\"@id\":\"https:\\\/\\\/www.accuratereviews.com\\\/it\\\/photo-editing-lista-software\\\/zoner-photo-studio-recensione\\\/#breadcrumb\",\"itemListElement\":[{\"@type\":\"ListItem\",\"position\":1,\"name\":\"Home\",\"item\":\"https:\\\/\\\/www.accuratereviews.com\\\/it\\\/\"},{\"@type\":\"ListItem\",\"position\":2,\"name\":\"Photo Editing\",\"item\":\"https:\\\/\\\/www.accuratereviews.com\\\/it\\\/photo-editing-lista-software\\\/\"},{\"@type\":\"ListItem\",\"position\":3,\"name\":\"Zoner Photo Studio\"}]},{\"@type\":\"WebSite\",\"@id\":\"https:\\\/\\\/www.accuratereviews.com\\\/it\\\/#website\",\"url\":\"https:\\\/\\\/www.accuratereviews.com\\\/it\\\/\",\"name\":\"Accurate Reviews\",\"description\":\"\",\"potentialAction\":[{\"@type\":\"SearchAction\",\"target\":{\"@type\":\"EntryPoint\",\"urlTemplate\":\"https:\\\/\\\/www.accuratereviews.com\\\/it\\\/?s={search_term_string}\"},\"query-input\":{\"@type\":\"PropertyValueSpecification\",\"valueRequired\":true,\"valueName\":\"search_term_string\"}}],\"inLanguage\":\"it-IT\"}]}<\/script>\n<!-- \/ Yoast SEO plugin. -->","yoast_head_json":{"title":"Zoner Photo Studio: recensione software photo editing - Accurate Reviews","description":"Zoner Photo Studio: recensione del software di photo editing e gestione fotografica progettato per fotografi amatoriali e avanzati.","robots":{"index":"index","follow":"follow","max-snippet":"max-snippet:-1","max-image-preview":"max-image-preview:large","max-video-preview":"max-video-preview:-1"},"canonical":"https:\/\/www.accuratereviews.com\/it\/photo-editing-lista-software\/zoner-photo-studio-recensione\/","og_locale":"it_IT","og_type":"article","og_title":"Zoner Photo Studio: recensione software photo editing - Accurate Reviews","og_description":"Zoner Photo Studio: recensione del software di photo editing e gestione fotografica progettato per fotografi amatoriali e avanzati.","og_url":"https:\/\/www.accuratereviews.com\/it\/photo-editing-lista-software\/zoner-photo-studio-recensione\/","og_site_name":"Accurate Reviews","og_image":[{"width":1080,"height":1350,"url":"https:\/\/www.accuratereviews.com\/wp-content\/uploads\/2025\/11\/loghi-AR.png","type":"image\/png"}],"twitter_card":"summary_large_image","twitter_misc":{"Tempo di lettura stimato":"4 minuti"},"schema":{"@context":"https:\/\/schema.org","@graph":[{"@type":"WebPage","@id":"https:\/\/www.accuratereviews.com\/it\/photo-editing-lista-software\/zoner-photo-studio-recensione\/","url":"https:\/\/www.accuratereviews.com\/it\/photo-editing-lista-software\/zoner-photo-studio-recensione\/","name":"Zoner Photo Studio: recensione software photo editing - Accurate Reviews","isPartOf":{"@id":"https:\/\/www.accuratereviews.com\/it\/#website"},"primaryImageOfPage":{"@id":"https:\/\/www.accuratereviews.com\/it\/photo-editing-lista-software\/zoner-photo-studio-recensione\/#primaryimage"},"image":{"@id":"https:\/\/www.accuratereviews.com\/it\/photo-editing-lista-software\/zoner-photo-studio-recensione\/#primaryimage"},"thumbnailUrl":"https:\/\/www.accuratereviews.com\/wp-content\/uploads\/2025\/11\/loghi-AR.png","datePublished":"2025-11-27T14:06:09+00:00","description":"Zoner Photo Studio: recensione del software di photo editing e gestione fotografica progettato per fotografi amatoriali e avanzati.","breadcrumb":{"@id":"https:\/\/www.accuratereviews.com\/it\/photo-editing-lista-software\/zoner-photo-studio-recensione\/#breadcrumb"},"inLanguage":"it-IT","potentialAction":[{"@type":"ReadAction","target":["https:\/\/www.accuratereviews.com\/it\/photo-editing-lista-software\/zoner-photo-studio-recensione\/"]}]},{"@type":"ImageObject","inLanguage":"it-IT","@id":"https:\/\/www.accuratereviews.com\/it\/photo-editing-lista-software\/zoner-photo-studio-recensione\/#primaryimage","url":"https:\/\/www.accuratereviews.com\/wp-content\/uploads\/2025\/11\/loghi-AR.png","contentUrl":"https:\/\/www.accuratereviews.com\/wp-content\/uploads\/2025\/11\/loghi-AR.png","width":1080,"height":1350},{"@type":"BreadcrumbList","@id":"https:\/\/www.accuratereviews.com\/it\/photo-editing-lista-software\/zoner-photo-studio-recensione\/#breadcrumb","itemListElement":[{"@type":"ListItem","position":1,"name":"Home","item":"https:\/\/www.accuratereviews.com\/it\/"},{"@type":"ListItem","position":2,"name":"Photo Editing","item":"https:\/\/www.accuratereviews.com\/it\/photo-editing-lista-software\/"},{"@type":"ListItem","position":3,"name":"Zoner Photo Studio"}]},{"@type":"WebSite","@id":"https:\/\/www.accuratereviews.com\/it\/#website","url":"https:\/\/www.accuratereviews.com\/it\/","name":"Accurate Reviews","description":"","potentialAction":[{"@type":"SearchAction","target":{"@type":"EntryPoint","urlTemplate":"https:\/\/www.accuratereviews.com\/it\/?s={search_term_string}"},"query-input":{"@type":"PropertyValueSpecification","valueRequired":true,"valueName":"search_term_string"}}],"inLanguage":"it-IT"}]}},"_links":{"self":[{"href":"https:\/\/www.accuratereviews.com\/it\/wp-json\/wp\/v2\/pages\/105293","targetHints":{"allow":["GET"]}}],"collection":[{"href":"https:\/\/www.accuratereviews.com\/it\/wp-json\/wp\/v2\/pages"}],"about":[{"href":"https:\/\/www.accuratereviews.com\/it\/wp-json\/wp\/v2\/types\/page"}],"author":[{"embeddable":true,"href":"https:\/\/www.accuratereviews.com\/it\/wp-json\/wp\/v2\/users\/17"}],"replies":[{"embeddable":true,"href":"https:\/\/www.accuratereviews.com\/it\/wp-json\/wp\/v2\/comments?post=105293"}],"version-history":[{"count":1,"href":"https:\/\/www.accuratereviews.com\/it\/wp-json\/wp\/v2\/pages\/105293\/revisions"}],"predecessor-version":[{"id":105300,"href":"https:\/\/www.accuratereviews.com\/it\/wp-json\/wp\/v2\/pages\/105293\/revisions\/105300"}],"up":[{"embeddable":true,"href":"https:\/\/www.accuratereviews.com\/it\/wp-json\/wp\/v2\/pages\/9097"}],"wp:featuredmedia":[{"embeddable":true,"href":"https:\/\/www.accuratereviews.com\/it\/wp-json\/wp\/v2\/media\/105294"}],"wp:attachment":[{"href":"https:\/\/www.accuratereviews.com\/it\/wp-json\/wp\/v2\/media?parent=105293"}],"wp:term":[{"taxonomy":"category","embeddable":true,"href":"https:\/\/www.accuratereviews.com\/it\/wp-json\/wp\/v2\/categories?post=105293"},{"taxonomy":"post_tag","embeddable":true,"href":"https:\/\/www.accuratereviews.com\/it\/wp-json\/wp\/v2\/tags?post=105293"},{"taxonomy":"features","embeddable":true,"href":"https:\/\/www.accuratereviews.com\/it\/wp-json\/wp\/v2\/features?post=105293"}],"curies":[{"name":"wp","href":"https:\/\/api.w.org\/{rel}","templated":true}]}}