{"id":105342,"date":"2025-12-02T16:31:57","date_gmt":"2025-12-02T16:31:57","guid":{"rendered":"https:\/\/www.accuratereviews.com\/?page_id=105342"},"modified":"2025-12-02T16:31:57","modified_gmt":"2025-12-02T16:31:57","slug":"onpipeline-recensione","status":"publish","type":"page","link":"https:\/\/www.accuratereviews.com\/it\/crm-software-migliori-lista\/onpipeline-recensione\/","title":{"rendered":"Onpipeline"},"content":{"rendered":"<p><strong>Onpipeline<\/strong>\u00a0\u00e8 un <strong>software CRM<\/strong> unico per organizzare i dati, supervisionare i lead, gestire le trattative e l&#8217;intero processo di vendita, monitorare le attivit\u00e0, creare report e generare preventivi e fatture. I vantaggi immediati sono che tutti i dati e lo storico dei clienti sono comodamente archiviati in un unico posto, sia per te che per il tuo team. Il <strong>database<\/strong> pu\u00f2 essere personalizzato per adattarsi a specifici settori richiesti o dalla tua attivit\u00e0, mantenendo il processo di vendita sotto controllo.<br \/>\n<strong>Onpipeline<\/strong>\u00a0ha aggiunto maggiore automazione al suo flusso di lavoro, quindi ora gli utenti possono<strong> impostare azioni e trigger<\/strong> pi\u00f9 complessi in base a dati o comportamenti specifici dei clienti. Ci\u00f2 include l&#8217;invio di email di follow-up, l&#8217;impostazione di attivit\u00e0 e lo spostamento automatico delle trattative attraverso le varie fasi. Questo fa risparmiare tempo ai team di vendita e consente loro di concentrarsi su attivit\u00e0 pi\u00f9 importanti.<\/p>\n<h2>ONPIPELINE &#8211; TUTORIAL<\/h2>\n<div id=\"fluid-wrapper-counter-1\" class=\"g1-fluid-wrapper \" style=\"width:686px;\">\n<div style=\"padding-bottom:56.268221574344%;\"><iframe loading=\"lazy\" title=\"Nested Sales Process\" width=\"686\" height=\"386\" src=\"https:\/\/www.youtube.com\/embed\/n8AlLKLyEZo?feature=oembed&amp;wmode=transparent&amp;autohide=1&amp;autoplay=0&amp;disablekb=0&amp;fs=1&amp;loop=0&amp;enablejsapi=1&amp;rel=0&amp;controls=2&amp;showinfo=0&amp;wmode=transparent&amp;autohide=2&amp;autoplay=0&amp;disablekb=0&amp;fs=1&amp;loop=0&amp;enablejsapi=1&amp;rel=0&amp;controls=2&amp;showinfo=1\" frameborder=\"0\" allow=\"accelerometer; autoplay; clipboard-write; encrypted-media; gyroscope; picture-in-picture; web-share\" referrerpolicy=\"strict-origin-when-cross-origin\" allowfullscreen><\/iframe><\/div>\n<\/div>\n<h3>ONPIPELINE &#8211; CARATTERISTICHE<\/h3>\n<ul>\n<li><strong>Processo di vendita<\/strong>: strumenti di gestione della pipeline di vendita per monitorare e gestire efficacemente le trattative.<\/li>\n<li><strong>Team<\/strong>: i\u00a0team condividono informazioni preziose mentre i manager supervisionano e motivano.<\/li>\n<li><strong>Attivit\u00e0:<\/strong> pianifica e monitora attivit\u00e0 personalizzate come task, chiamate, email e riunioni.<\/li>\n<li><strong>Gestione dei lead<\/strong>: acquisisci e gestisci i tuoi lead da diverse fonti e partner.<\/li>\n<li><strong>Automazione<\/strong>: risparmia tempo nell&#8217;invio di email, nella creazione di attivit\u00e0 di follow-up e nella creazione di eventi.<\/li>\n<li><strong>Preventivi<\/strong>: crea e invia preventivi personalizzati. Listino prezzi, controllo delle scorte e firma elettronica del cliente.<\/li>\n<li><strong>Inventario<\/strong>: automatizza la gestione delle scorte integrandola con i tuoi processi di vendita.<\/li>\n<li><strong>Prenotazione appuntamenti<\/strong>: la pianificazione degli appuntamenti online consente ai clienti di prenotare riunioni e chiamate.<\/li>\n<li><strong>Ricavi ricorrenti<\/strong>: imposta acquisti ricorrenti su base mensile, settimanale, trimestrale o annuale.<\/li>\n<li><strong>Moduli Web<\/strong>: crea moduli per la generazione di lead con il nostro generatore di moduli online in pochi clic.<\/li>\n<li><strong>Fatturazione<\/strong>: le funzionalit\u00e0 di fatturazione sono gi\u00e0 integrate nel CRM per la gestione della fatturazione.<\/li>\n<\/ul>\n<h4>LE RECENSIONI DEGLI UTENTI<\/h4>\n<p><strong>Felice &#8220;Facile da usare e completamente personalizzabile&#8221;<\/strong><br \/>\nOnpipeline ha aiutato la mia azienda a mantenere aggiornato il flusso delle nostre vendite senza dover usare file excel o fare ricerche nella posta in arrivo. Il software ha anche rafforzato il lavoro di squadra complessivo, creando una comunicazione chiara e infallibile tra i venditori.<br \/>\n<strong>Pro<\/strong>: in passato ho utilizzato Sales Force e l&#8217;ho trovato molto complesso da personalizzare e utilizzare, il team tecnico non \u00e8 stato in grado di adattarlo al team di vendita e alla fine abbiamo dovuto rinunciarci. Quando ho scoperto Onpipeline ho pensato inizialmente che il prezzo fosse molto conveniente, poi ho capito che non avevo bisogno di alcun team tecnico per personalizzarlo e adattarlo alle mie esigenze aziendali. Al momento sul nostro account ci sono 3 team diversi, ognuno con le proprie funzionalit\u00e0. La sincronizzazione con il provider di posta elettronica e calendario \u00e8 perfettamente funzionale, \u00e8 reattivo ai dispositivi mobili e quindi lo consiglio vivamente per migliorare la tua attivit\u00e0 se hai pi\u00f9 di 3 o 4 venditori.<br \/>\n<strong>Contro<\/strong>: sinceramente per ora non vedo aspetti negativi in questo software.<\/p>\n<p><strong>\u00c1lvaro &#8220;Interessante software per la gestione dei contatti per le vendite, con alcune opzioni migliorabili&#8221;<\/strong><br \/>\nUna buona esperienza complessiva, anche se preferisco ancora altri strumenti simili per l&#8217;utilizzo delle funzionalit\u00e0 di Onpipeline. Migliorabile sotto molti aspetti, anche se dopotutto non \u00e8 una cattiva opzione<br \/>\n<strong>Pro<\/strong>: l&#8217;ottima facilit\u00e0 d&#8217;uso dello strumento, cos\u00ec come le numerose opzioni di personalizzazione in modo che tutto sia di tuo gradimento. Una buona opzione, senza dubbio, anche se non la migliore nel suo settore. Rapporti analitici molto buoni.<br \/>\n<strong>Contro<\/strong>: nonostante la buona possibilit\u00e0 di personalizzazione, l&#8217;interfaccia utente poco moderna nel suo settore di attivit\u00e0<\/p>\n<p><strong>Jhon Do &#8220;Sondaggio&#8221;<\/strong><br \/>\nBene<br \/>\n<strong>Pro<\/strong>: ci ho lavorato solo per un po&#8217;. Non ho ancora condiviso con nessuno degli altri membri del personale.<br \/>\n<strong>Contro<\/strong>: nessun problema riscontrato. Buon percorso complessivo. Non ho ancora condiviso con nessuno degli altri membri del personale.<\/p>\n","protected":false},"excerpt":{"rendered":"<p>Onpipeline \u00e8 un software CRM unico per organizzare i dati, supervisionare i lead, gestire le trattative e l&#8217;intero processo di vendita, monitorare le attivit\u00e0, creare report e generare preventivi e fatture. I vantaggi immediati sono che tutti i dati e lo storico dei clienti sono comodamente archiviati in un unico posto, sia per te che per il tuo team.<\/p>\n","protected":false},"author":19,"featured_media":105343,"parent":5966,"menu_order":0,"comment_status":"open","ping_status":"closed","template":"g1_template_page_review_new.php","meta":{"_acf_changed":false,"cwp_meta_box_check":"Yes","cwp_rev_product_name":"","cwp_rev_product_image":"","wppr_links":[],"cwp_rev_price":"0.00","wppr_options":[{"name":"Usability","value":"0"},{"name":"Speed","value":"0"},{"name":"Features","value":"0"},{"name":"Support","value":"0"},{"name":"Pricing","value":"0"}],"wppr_pros":["","","","",""],"wppr_cons":["","","","",""],"_monsterinsights_skip_tracking":false,"_monsterinsights_sitenote_active":false,"_monsterinsights_sitenote_note":"","_monsterinsights_sitenote_category":0,"footnotes":""},"categories":[120],"tags":[1835,16776,4080,427,1837,1239],"features":[],"class_list":{"0":"post-105342","1":"page","2":"type-page","3":"status-publish","4":"has-post-thumbnail","6":"category-crm-it","7":"tag-crm-2-it","8":"tag-onpipeline","9":"tag-piattaforma-crm","10":"tag-programma-crm","11":"tag-software-crm-2-it","12":"tag-soluzione-crm"},"wppr_data":{"cwp_meta_box_check":"Yes","_wppr_review_template":"default","cwp_rev_product_image":"","cwp_image_link":"image","wppr_links":[],"cwp_rev_price":"0.00","wppr_pros":["","","","",""],"wppr_cons":["","","","",""],"wppr_rating":"0.00","wppr_options":{"1":{"name":"Usability","value":"0"},"2":{"name":"Speed","value":"0"},"3":{"name":"Features","value":"0"},"4":{"name":"Support","value":"0"},"5":{"name":"Pricing","value":"0"}},"wppr_review_type":"Product","wppr_review_custom_fields":{"additionalProperty":"","additionalType":"","aggregateRating":"","alternateName":"","audience":"","award":"","awards":"","brand":"","color":"","depth":"","description":"","disambiguatingDescription":"","gtin12":"","gtin13":"","gtin14":"","gtin8":"","height":"","identifier":"","image":"","isAccessoryOrSparePartFor":"","isConsumableFor":"","isRelatedTo":"","isSimilarTo":"","itemCondition":"","logo":"","mainEntityOfPage":"","manufacturer":"","material":"","model":"","mpn":"","name":"","offers":"","potentialAction":"","productID":"","productionDate":"","purchaseDate":"","releaseDate":"","review":"","reviews":"","sameAs":"","sku":"","slogan":"","subjectOf":"","url":"","weight":"","width":""}},"acf":[],"yoast_head":"<!-- This site is optimized with the Yoast SEO plugin v27.4 - https:\/\/yoast.com\/product\/yoast-seo-wordpress\/ -->\n<title>Onpipeline: recensione software CRM - Accurate Reviews<\/title>\n<meta name=\"description\" content=\"Onpipeline: recensione software CRM unico per organizzare i dati, supervisionare i lead, gestire le trattative e l&#039;intero processo di vendita.\" \/>\n<meta name=\"robots\" content=\"index, follow, max-snippet:-1, max-image-preview:large, max-video-preview:-1\" \/>\n<link rel=\"canonical\" href=\"https:\/\/www.accuratereviews.com\/it\/crm-software-migliori-lista\/onpipeline-recensione\/\" \/>\n<meta property=\"og:locale\" content=\"it_IT\" \/>\n<meta property=\"og:type\" content=\"article\" \/>\n<meta property=\"og:title\" content=\"Onpipeline: recensione software CRM - Accurate Reviews\" \/>\n<meta property=\"og:description\" content=\"Onpipeline: recensione software CRM unico per organizzare i dati, supervisionare i lead, gestire le trattative e l&#039;intero processo di vendita.\" \/>\n<meta property=\"og:url\" content=\"https:\/\/www.accuratereviews.com\/it\/crm-software-migliori-lista\/onpipeline-recensione\/\" \/>\n<meta property=\"og:site_name\" content=\"Accurate Reviews\" \/>\n<meta property=\"og:image\" content=\"https:\/\/www.accuratereviews.com\/wp-content\/uploads\/2025\/12\/onpipeline.jpg.webp\" \/>\n\t<meta property=\"og:image:width\" content=\"400\" \/>\n\t<meta property=\"og:image:height\" content=\"400\" \/>\n\t<meta property=\"og:image:type\" content=\"image\/webp\" \/>\n<meta name=\"twitter:card\" content=\"summary_large_image\" \/>\n<meta name=\"twitter:label1\" content=\"Tempo di lettura stimato\" \/>\n\t<meta name=\"twitter:data1\" content=\"5 minuti\" \/>\n<script type=\"application\/ld+json\" class=\"yoast-schema-graph\">{\"@context\":\"https:\\\/\\\/schema.org\",\"@graph\":[{\"@type\":\"WebPage\",\"@id\":\"https:\\\/\\\/www.accuratereviews.com\\\/it\\\/crm-software-migliori-lista\\\/onpipeline-recensione\\\/\",\"url\":\"https:\\\/\\\/www.accuratereviews.com\\\/it\\\/crm-software-migliori-lista\\\/onpipeline-recensione\\\/\",\"name\":\"Onpipeline: recensione software CRM - Accurate Reviews\",\"isPartOf\":{\"@id\":\"https:\\\/\\\/www.accuratereviews.com\\\/it\\\/#website\"},\"primaryImageOfPage\":{\"@id\":\"https:\\\/\\\/www.accuratereviews.com\\\/it\\\/crm-software-migliori-lista\\\/onpipeline-recensione\\\/#primaryimage\"},\"image\":{\"@id\":\"https:\\\/\\\/www.accuratereviews.com\\\/it\\\/crm-software-migliori-lista\\\/onpipeline-recensione\\\/#primaryimage\"},\"thumbnailUrl\":\"https:\\\/\\\/www.accuratereviews.com\\\/wp-content\\\/uploads\\\/2025\\\/12\\\/onpipeline.jpg.webp\",\"datePublished\":\"2025-12-02T16:31:57+00:00\",\"description\":\"Onpipeline: recensione software CRM unico per organizzare i dati, supervisionare i lead, gestire le trattative e l'intero processo di vendita.\",\"breadcrumb\":{\"@id\":\"https:\\\/\\\/www.accuratereviews.com\\\/it\\\/crm-software-migliori-lista\\\/onpipeline-recensione\\\/#breadcrumb\"},\"inLanguage\":\"it-IT\",\"potentialAction\":[{\"@type\":\"ReadAction\",\"target\":[\"https:\\\/\\\/www.accuratereviews.com\\\/it\\\/crm-software-migliori-lista\\\/onpipeline-recensione\\\/\"]}]},{\"@type\":\"ImageObject\",\"inLanguage\":\"it-IT\",\"@id\":\"https:\\\/\\\/www.accuratereviews.com\\\/it\\\/crm-software-migliori-lista\\\/onpipeline-recensione\\\/#primaryimage\",\"url\":\"https:\\\/\\\/www.accuratereviews.com\\\/wp-content\\\/uploads\\\/2025\\\/12\\\/onpipeline.jpg.webp\",\"contentUrl\":\"https:\\\/\\\/www.accuratereviews.com\\\/wp-content\\\/uploads\\\/2025\\\/12\\\/onpipeline.jpg.webp\",\"width\":400,\"height\":400},{\"@type\":\"BreadcrumbList\",\"@id\":\"https:\\\/\\\/www.accuratereviews.com\\\/it\\\/crm-software-migliori-lista\\\/onpipeline-recensione\\\/#breadcrumb\",\"itemListElement\":[{\"@type\":\"ListItem\",\"position\":1,\"name\":\"Home\",\"item\":\"https:\\\/\\\/www.accuratereviews.com\\\/it\\\/\"},{\"@type\":\"ListItem\",\"position\":2,\"name\":\"CRM: i software migliori\",\"item\":\"https:\\\/\\\/www.accuratereviews.com\\\/it\\\/crm-software-migliori-lista\\\/\"},{\"@type\":\"ListItem\",\"position\":3,\"name\":\"Onpipeline\"}]},{\"@type\":\"WebSite\",\"@id\":\"https:\\\/\\\/www.accuratereviews.com\\\/it\\\/#website\",\"url\":\"https:\\\/\\\/www.accuratereviews.com\\\/it\\\/\",\"name\":\"Accurate Reviews\",\"description\":\"\",\"potentialAction\":[{\"@type\":\"SearchAction\",\"target\":{\"@type\":\"EntryPoint\",\"urlTemplate\":\"https:\\\/\\\/www.accuratereviews.com\\\/it\\\/?s={search_term_string}\"},\"query-input\":{\"@type\":\"PropertyValueSpecification\",\"valueRequired\":true,\"valueName\":\"search_term_string\"}}],\"inLanguage\":\"it-IT\"}]}<\/script>\n<!-- \/ Yoast SEO plugin. -->","yoast_head_json":{"title":"Onpipeline: recensione software CRM - Accurate Reviews","description":"Onpipeline: recensione software CRM unico per organizzare i dati, supervisionare i lead, gestire le trattative e l'intero processo di vendita.","robots":{"index":"index","follow":"follow","max-snippet":"max-snippet:-1","max-image-preview":"max-image-preview:large","max-video-preview":"max-video-preview:-1"},"canonical":"https:\/\/www.accuratereviews.com\/it\/crm-software-migliori-lista\/onpipeline-recensione\/","og_locale":"it_IT","og_type":"article","og_title":"Onpipeline: recensione software CRM - Accurate Reviews","og_description":"Onpipeline: recensione software CRM unico per organizzare i dati, supervisionare i lead, gestire le trattative e l'intero processo di vendita.","og_url":"https:\/\/www.accuratereviews.com\/it\/crm-software-migliori-lista\/onpipeline-recensione\/","og_site_name":"Accurate Reviews","og_image":[{"width":400,"height":400,"url":"https:\/\/www.accuratereviews.com\/wp-content\/uploads\/2025\/12\/onpipeline.jpg.webp","type":"image\/webp"}],"twitter_card":"summary_large_image","twitter_misc":{"Tempo di lettura stimato":"5 minuti"},"schema":{"@context":"https:\/\/schema.org","@graph":[{"@type":"WebPage","@id":"https:\/\/www.accuratereviews.com\/it\/crm-software-migliori-lista\/onpipeline-recensione\/","url":"https:\/\/www.accuratereviews.com\/it\/crm-software-migliori-lista\/onpipeline-recensione\/","name":"Onpipeline: recensione software CRM - Accurate Reviews","isPartOf":{"@id":"https:\/\/www.accuratereviews.com\/it\/#website"},"primaryImageOfPage":{"@id":"https:\/\/www.accuratereviews.com\/it\/crm-software-migliori-lista\/onpipeline-recensione\/#primaryimage"},"image":{"@id":"https:\/\/www.accuratereviews.com\/it\/crm-software-migliori-lista\/onpipeline-recensione\/#primaryimage"},"thumbnailUrl":"https:\/\/www.accuratereviews.com\/wp-content\/uploads\/2025\/12\/onpipeline.jpg.webp","datePublished":"2025-12-02T16:31:57+00:00","description":"Onpipeline: recensione software CRM unico per organizzare i dati, supervisionare i lead, gestire le trattative e l'intero processo di vendita.","breadcrumb":{"@id":"https:\/\/www.accuratereviews.com\/it\/crm-software-migliori-lista\/onpipeline-recensione\/#breadcrumb"},"inLanguage":"it-IT","potentialAction":[{"@type":"ReadAction","target":["https:\/\/www.accuratereviews.com\/it\/crm-software-migliori-lista\/onpipeline-recensione\/"]}]},{"@type":"ImageObject","inLanguage":"it-IT","@id":"https:\/\/www.accuratereviews.com\/it\/crm-software-migliori-lista\/onpipeline-recensione\/#primaryimage","url":"https:\/\/www.accuratereviews.com\/wp-content\/uploads\/2025\/12\/onpipeline.jpg.webp","contentUrl":"https:\/\/www.accuratereviews.com\/wp-content\/uploads\/2025\/12\/onpipeline.jpg.webp","width":400,"height":400},{"@type":"BreadcrumbList","@id":"https:\/\/www.accuratereviews.com\/it\/crm-software-migliori-lista\/onpipeline-recensione\/#breadcrumb","itemListElement":[{"@type":"ListItem","position":1,"name":"Home","item":"https:\/\/www.accuratereviews.com\/it\/"},{"@type":"ListItem","position":2,"name":"CRM: i software migliori","item":"https:\/\/www.accuratereviews.com\/it\/crm-software-migliori-lista\/"},{"@type":"ListItem","position":3,"name":"Onpipeline"}]},{"@type":"WebSite","@id":"https:\/\/www.accuratereviews.com\/it\/#website","url":"https:\/\/www.accuratereviews.com\/it\/","name":"Accurate Reviews","description":"","potentialAction":[{"@type":"SearchAction","target":{"@type":"EntryPoint","urlTemplate":"https:\/\/www.accuratereviews.com\/it\/?s={search_term_string}"},"query-input":{"@type":"PropertyValueSpecification","valueRequired":true,"valueName":"search_term_string"}}],"inLanguage":"it-IT"}]}},"_links":{"self":[{"href":"https:\/\/www.accuratereviews.com\/it\/wp-json\/wp\/v2\/pages\/105342","targetHints":{"allow":["GET"]}}],"collection":[{"href":"https:\/\/www.accuratereviews.com\/it\/wp-json\/wp\/v2\/pages"}],"about":[{"href":"https:\/\/www.accuratereviews.com\/it\/wp-json\/wp\/v2\/types\/page"}],"author":[{"embeddable":true,"href":"https:\/\/www.accuratereviews.com\/it\/wp-json\/wp\/v2\/users\/19"}],"replies":[{"embeddable":true,"href":"https:\/\/www.accuratereviews.com\/it\/wp-json\/wp\/v2\/comments?post=105342"}],"version-history":[{"count":10,"href":"https:\/\/www.accuratereviews.com\/it\/wp-json\/wp\/v2\/pages\/105342\/revisions"}],"predecessor-version":[{"id":105368,"href":"https:\/\/www.accuratereviews.com\/it\/wp-json\/wp\/v2\/pages\/105342\/revisions\/105368"}],"up":[{"embeddable":true,"href":"https:\/\/www.accuratereviews.com\/it\/wp-json\/wp\/v2\/pages\/5966"}],"wp:featuredmedia":[{"embeddable":true,"href":"https:\/\/www.accuratereviews.com\/it\/wp-json\/wp\/v2\/media\/105343"}],"wp:attachment":[{"href":"https:\/\/www.accuratereviews.com\/it\/wp-json\/wp\/v2\/media?parent=105342"}],"wp:term":[{"taxonomy":"category","embeddable":true,"href":"https:\/\/www.accuratereviews.com\/it\/wp-json\/wp\/v2\/categories?post=105342"},{"taxonomy":"post_tag","embeddable":true,"href":"https:\/\/www.accuratereviews.com\/it\/wp-json\/wp\/v2\/tags?post=105342"},{"taxonomy":"features","embeddable":true,"href":"https:\/\/www.accuratereviews.com\/it\/wp-json\/wp\/v2\/features?post=105342"}],"curies":[{"name":"wp","href":"https:\/\/api.w.org\/{rel}","templated":true}]}}