{"id":105369,"date":"2025-12-03T16:38:22","date_gmt":"2025-12-03T16:38:22","guid":{"rendered":"https:\/\/www.accuratereviews.com\/?page_id=105369"},"modified":"2025-12-04T09:50:28","modified_gmt":"2025-12-04T09:50:28","slug":"affinity-recensione","status":"publish","type":"page","link":"https:\/\/www.accuratereviews.com\/it\/crm-software-migliori-lista\/affinity-recensione\/","title":{"rendered":"Affinity"},"content":{"rendered":"<p><strong>Affinity<\/strong> \u00e8 una <strong>piattaforma CRM intelligente<\/strong> che elimina la necessit\u00e0 di inserimento manuale dei dati, evidenziando automaticamente ogni interazione del team. Grazie all&#8217;intelligenza relazionale, il programma pu\u00f2 analizzare miliardi di dati basati sulle relazioni e le interazioni del team, al fine di trovare il percorso di presentazione adatto alle persone e alle aziende che contano.<br \/>\n<strong>Affinity<\/strong> implementa flussi di lavoro automatici che creano automaticamente contatti dalla posta in arrivo senza la necessit\u00e0 di input manuali. Il<strong> Rolodex a 360\u00b0<\/strong> evidenzia tutte le informazioni relative a un contatto specifico, consentendo ai team di scoprire nuove conoscenze e pianificare trigger e promemoria intelligenti per le prossime riunioni. I team possono personalizzare oltre 1.000 punti dati per gestire le trattative in modo efficiente. Per la visibilit\u00e0 delle comunicazioni, gli utenti possono facilmente bloccare gli indirizzi email o nascondere altri elementi delle email per garantire la riservatezza di tutte le comunicazioni.<\/p>\n<h2>AFFINITY &#8211; TUTORIAL<\/h2>\n<div id=\"fluid-wrapper-counter-1\" class=\"g1-fluid-wrapper \" style=\"width:686px;\">\n<div style=\"padding-bottom:56.268221574344%;\"><iframe loading=\"lazy\" title=\"How to Use Relationship Intelligence in your CRM\" width=\"686\" height=\"386\" src=\"https:\/\/www.youtube.com\/embed\/FrKIjthCRcA?feature=oembed&amp;wmode=transparent&amp;autohide=1&amp;autoplay=0&amp;disablekb=0&amp;fs=1&amp;loop=0&amp;enablejsapi=1&amp;rel=0&amp;controls=2&amp;showinfo=0&amp;wmode=transparent&amp;autohide=2&amp;autoplay=0&amp;disablekb=0&amp;fs=1&amp;loop=0&amp;enablejsapi=1&amp;rel=0&amp;controls=2&amp;showinfo=1\" frameborder=\"0\" allow=\"accelerometer; autoplay; clipboard-write; encrypted-media; gyroscope; picture-in-picture; web-share\" referrerpolicy=\"strict-origin-when-cross-origin\" allowfullscreen><\/iframe><\/div>\n<\/div>\n<h3>AFFINITY &#8211; CARATTERISTICHE<\/h3>\n<ul>\n<li><strong>Intelligence relazionale<\/strong>: comprendi ogni relazione nella rete della tua azienda<\/li>\n<li><strong>Acquisizione automatica dei dati<\/strong>: sincronizza le comunicazioni e arricchisci i record con dati pronti per le trattative<\/li>\n<li><strong>Flussi di lavoro personalizzati<\/strong>: trova le trattative, gestisci il flusso delle trattative, supporta i tuoi partner commerciali e gestisci i tuoi LPs<\/li>\n<li><strong>Sincronizzazione di email e eventi del calendario:<\/strong> crea record in base all&#8217;attivit\u00e0 di comunicazione<\/li>\n<li><strong>Record aggiornati automaticamente<\/strong>: acquisisci dati senza interruzioni su base continuativa<\/li>\n<li><strong>Piena visibilit\u00e0 delle interazioni:<\/strong> prendi decisioni migliori conoscendo ogni interazione<\/li>\n<li><strong>Informazioni accurate<\/strong>: record arricchiti con dati provenienti dalla soluzione e da oltre 40 fonti affidabili<\/li>\n<li><strong>Dati in tempo reale<\/strong>: i\u00a0dati vengono costantemente aggiornati per un&#8217;analisi accurata<\/li>\n<li><strong>Integrazione dati senza interruzioni<\/strong>: integra tutti i dati su cui fai affidamento<\/li>\n<li><strong>Strumenti di email e comunicazione<\/strong>: accedi e aggiorna i dati sulle relazioni dove lavori<\/li>\n<li><strong>Estensioni del browser<\/strong>: esponi informazioni sulle relazioni durante la ricerca e il networking delle trattative<\/li>\n<li><strong>Connessioni di piattaforma<\/strong>: semplifica i flussi di lavoro tra gli strumenti essenziali<\/li>\n<li><strong>Controlli di accesso basati sul team<\/strong>: proteggi le informazioni sensibili sulle trattative e sulle relazioni<\/li>\n<li><strong>Sicurezza aziendale<\/strong>: distribuisci in tutta sicurezza utilizzando standard di sicurezza leader del settore<\/li>\n<\/ul>\n<h4>LE RECENSIONI DEGI UNTENTI<\/h4>\n<p><strong>Gaby &#8220;Affinity \u00e8 brillante&#8221;<\/strong><br \/>\n<strong>Pro<\/strong>: ci\u00f2 che distingue Affinity dai suoi concorrenti \u00e8 la semplicit\u00e0 di utilizzo: aiuta a rendere il percorso di creazione di relazioni e di acquisizione dei clienti il pi\u00f9 efficace possibile!<br \/>\n<strong>Contro<\/strong>: sinceramente, niente. Penso che il team abbia considerato molto bene la funzionalit\u00e0 e che la soluzione soddisfi appieno le mie esigenze.<\/p>\n<p><strong>Karan &#8220;CRM produttivo per PC e dispositivi mobili&#8221;<\/strong><br \/>\nFacilita la collaborazione tra diverse funzioni del team e aiuta a gestire meglio le relazioni con i clienti!<br \/>\nUna maggiore reattivit\u00e0 della piattaforma pu\u00f2 rendere l&#8217;esperienza molto pi\u00f9 intuitiva!<br \/>\n<strong>Pro<\/strong>: CRM facile da usare che tiene traccia di conversazioni, allegati e invia promemoria. L&#8217;estensione di Gmail per Chrome \u00e8 incredibilmente utile. L&#8217;app mobile \u00e8 piuttosto potente rispetto ad altre app CRM.<br \/>\n<strong>Contro<\/strong>: la piattaforma \u00e8 piuttosto lenta (come la maggior parte dei CRM) e noiosa da usare quotidianamente. Analisi\/report offerti limitati. La personalizzazione e l&#8217;analisi delle email possono rappresentare un ottimo valore aggiunto.<\/p>\n<p><strong>John Do &#8220;Ottimo strumento per le relazioni con gli investitori&#8221;<\/strong><br \/>\n<strong>Pro<\/strong>: Usiamo Affinity per gestire le nostre relazioni con gli investitori. Cosa mi piace di pi\u00f9: &#8211; \u00c8 davvero intuitivo e facile da iniziare &#8211; GDPR, sicurezza dei dati&#8230; grandi argomenti per noi in Germania, specialmente in questo contesto &#8211; Ottime analisi della pipeline per mantenere una valutazione realistica<br \/>\n<strong>Contro<\/strong>: &#8211; Nessuna integrazione con Pipedrive dove storicamente abbiamo anche archiviato alcune conversazioni.<\/p>\n","protected":false},"excerpt":{"rendered":"<p>Affinity \u00e8 una piattaforma CRM intelligente che elimina la necessit\u00e0 di inserimento manuale dei dati, evidenziando automaticamente ogni interazione del team. Grazie all&#8217;intelligenza relazionale, il programma pu\u00f2 analizzare miliardi di dati basati sulle relazioni e le interazioni del team, al fine di trovare il percorso di presentazione adatto alle persone e alle aziende che contano.<\/p>\n","protected":false},"author":19,"featured_media":105371,"parent":5966,"menu_order":0,"comment_status":"open","ping_status":"closed","template":"g1_template_page_review_new.php","meta":{"_acf_changed":false,"cwp_meta_box_check":"Yes","cwp_rev_product_name":"","cwp_rev_product_image":"","wppr_links":[],"cwp_rev_price":"0.00","wppr_options":[{"name":"Usability","value":"0"},{"name":"Speed","value":"0"},{"name":"Features","value":"0"},{"name":"Support","value":"0"},{"name":"Pricing","value":"0"}],"wppr_pros":["","","","",""],"wppr_cons":["","","","",""],"_monsterinsights_skip_tracking":false,"_monsterinsights_sitenote_active":false,"_monsterinsights_sitenote_note":"","_monsterinsights_sitenote_category":0,"footnotes":""},"categories":[120],"tags":[16778,14095,4080,427,1837,1239],"features":[],"class_list":{"0":"post-105369","1":"page","2":"type-page","3":"status-publish","4":"has-post-thumbnail","6":"category-crm-it","7":"tag-affinity","8":"tag-app-crm","9":"tag-piattaforma-crm","10":"tag-programma-crm","11":"tag-software-crm-2-it","12":"tag-soluzione-crm"},"wppr_data":{"cwp_meta_box_check":"Yes","_wppr_review_template":"default","cwp_rev_product_image":"","cwp_image_link":"image","wppr_links":[],"cwp_rev_price":"0.00","wppr_pros":["","","","",""],"wppr_cons":["","","","",""],"wppr_rating":"0.00","wppr_options":{"1":{"name":"Usability","value":"0"},"2":{"name":"Speed","value":"0"},"3":{"name":"Features","value":"0"},"4":{"name":"Support","value":"0"},"5":{"name":"Pricing","value":"0"}},"wppr_review_type":"Product","wppr_review_custom_fields":{"additionalProperty":"","additionalType":"","aggregateRating":"","alternateName":"","audience":"","award":"","awards":"","brand":"","color":"","depth":"","description":"","disambiguatingDescription":"","gtin12":"","gtin13":"","gtin14":"","gtin8":"","height":"","identifier":"","image":"","isAccessoryOrSparePartFor":"","isConsumableFor":"","isRelatedTo":"","isSimilarTo":"","itemCondition":"","logo":"","mainEntityOfPage":"","manufacturer":"","material":"","model":"","mpn":"","name":"","offers":"","potentialAction":"","productID":"","productionDate":"","purchaseDate":"","releaseDate":"","review":"","reviews":"","sameAs":"","sku":"","slogan":"","subjectOf":"","url":"","weight":"","width":""}},"acf":[],"yoast_head":"<!-- This site is optimized with the Yoast SEO plugin v27.4 - https:\/\/yoast.com\/product\/yoast-seo-wordpress\/ -->\n<title>Affinity: recensione software CRM - Accurate Reviews<\/title>\n<meta name=\"description\" content=\"Affinity: recensione piattaforma CRM intelligente che elimina la necessit\u00e0 di inserimento manuale dei dati.\" \/>\n<meta name=\"robots\" content=\"index, follow, max-snippet:-1, max-image-preview:large, max-video-preview:-1\" \/>\n<link rel=\"canonical\" href=\"https:\/\/www.accuratereviews.com\/it\/crm-software-migliori-lista\/affinity-recensione\/\" \/>\n<meta property=\"og:locale\" content=\"it_IT\" \/>\n<meta property=\"og:type\" content=\"article\" \/>\n<meta property=\"og:title\" content=\"Affinity: recensione software CRM - Accurate Reviews\" \/>\n<meta property=\"og:description\" content=\"Affinity: recensione piattaforma CRM intelligente che elimina la necessit\u00e0 di inserimento manuale dei dati.\" \/>\n<meta property=\"og:url\" content=\"https:\/\/www.accuratereviews.com\/it\/crm-software-migliori-lista\/affinity-recensione\/\" \/>\n<meta property=\"og:site_name\" content=\"Accurate Reviews\" \/>\n<meta property=\"article:modified_time\" content=\"2025-12-04T09:50:28+00:00\" \/>\n<meta property=\"og:image\" content=\"https:\/\/www.accuratereviews.com\/wp-content\/uploads\/2025\/12\/Affinity.jpg\" \/>\n\t<meta property=\"og:image:width\" content=\"500\" \/>\n\t<meta property=\"og:image:height\" content=\"500\" \/>\n\t<meta property=\"og:image:type\" content=\"image\/jpeg\" \/>\n<meta name=\"twitter:card\" content=\"summary_large_image\" \/>\n<meta name=\"twitter:label1\" content=\"Tempo di lettura stimato\" \/>\n\t<meta name=\"twitter:data1\" content=\"4 minuti\" \/>\n<script type=\"application\/ld+json\" class=\"yoast-schema-graph\">{\"@context\":\"https:\\\/\\\/schema.org\",\"@graph\":[{\"@type\":\"WebPage\",\"@id\":\"https:\\\/\\\/www.accuratereviews.com\\\/it\\\/crm-software-migliori-lista\\\/affinity-recensione\\\/\",\"url\":\"https:\\\/\\\/www.accuratereviews.com\\\/it\\\/crm-software-migliori-lista\\\/affinity-recensione\\\/\",\"name\":\"Affinity: recensione software CRM - Accurate Reviews\",\"isPartOf\":{\"@id\":\"https:\\\/\\\/www.accuratereviews.com\\\/it\\\/#website\"},\"primaryImageOfPage\":{\"@id\":\"https:\\\/\\\/www.accuratereviews.com\\\/it\\\/crm-software-migliori-lista\\\/affinity-recensione\\\/#primaryimage\"},\"image\":{\"@id\":\"https:\\\/\\\/www.accuratereviews.com\\\/it\\\/crm-software-migliori-lista\\\/affinity-recensione\\\/#primaryimage\"},\"thumbnailUrl\":\"https:\\\/\\\/www.accuratereviews.com\\\/wp-content\\\/uploads\\\/2025\\\/12\\\/Affinity.jpg\",\"datePublished\":\"2025-12-03T16:38:22+00:00\",\"dateModified\":\"2025-12-04T09:50:28+00:00\",\"description\":\"Affinity: recensione piattaforma CRM intelligente che elimina la necessit\u00e0 di inserimento manuale dei dati.\",\"breadcrumb\":{\"@id\":\"https:\\\/\\\/www.accuratereviews.com\\\/it\\\/crm-software-migliori-lista\\\/affinity-recensione\\\/#breadcrumb\"},\"inLanguage\":\"it-IT\",\"potentialAction\":[{\"@type\":\"ReadAction\",\"target\":[\"https:\\\/\\\/www.accuratereviews.com\\\/it\\\/crm-software-migliori-lista\\\/affinity-recensione\\\/\"]}]},{\"@type\":\"ImageObject\",\"inLanguage\":\"it-IT\",\"@id\":\"https:\\\/\\\/www.accuratereviews.com\\\/it\\\/crm-software-migliori-lista\\\/affinity-recensione\\\/#primaryimage\",\"url\":\"https:\\\/\\\/www.accuratereviews.com\\\/wp-content\\\/uploads\\\/2025\\\/12\\\/Affinity.jpg\",\"contentUrl\":\"https:\\\/\\\/www.accuratereviews.com\\\/wp-content\\\/uploads\\\/2025\\\/12\\\/Affinity.jpg\",\"width\":500,\"height\":500},{\"@type\":\"BreadcrumbList\",\"@id\":\"https:\\\/\\\/www.accuratereviews.com\\\/it\\\/crm-software-migliori-lista\\\/affinity-recensione\\\/#breadcrumb\",\"itemListElement\":[{\"@type\":\"ListItem\",\"position\":1,\"name\":\"Home\",\"item\":\"https:\\\/\\\/www.accuratereviews.com\\\/it\\\/\"},{\"@type\":\"ListItem\",\"position\":2,\"name\":\"CRM: i software migliori\",\"item\":\"https:\\\/\\\/www.accuratereviews.com\\\/it\\\/crm-software-migliori-lista\\\/\"},{\"@type\":\"ListItem\",\"position\":3,\"name\":\"Affinity\"}]},{\"@type\":\"WebSite\",\"@id\":\"https:\\\/\\\/www.accuratereviews.com\\\/it\\\/#website\",\"url\":\"https:\\\/\\\/www.accuratereviews.com\\\/it\\\/\",\"name\":\"Accurate Reviews\",\"description\":\"\",\"potentialAction\":[{\"@type\":\"SearchAction\",\"target\":{\"@type\":\"EntryPoint\",\"urlTemplate\":\"https:\\\/\\\/www.accuratereviews.com\\\/it\\\/?s={search_term_string}\"},\"query-input\":{\"@type\":\"PropertyValueSpecification\",\"valueRequired\":true,\"valueName\":\"search_term_string\"}}],\"inLanguage\":\"it-IT\"}]}<\/script>\n<!-- \/ Yoast SEO plugin. -->","yoast_head_json":{"title":"Affinity: recensione software CRM - Accurate Reviews","description":"Affinity: recensione piattaforma CRM intelligente che elimina la necessit\u00e0 di inserimento manuale dei dati.","robots":{"index":"index","follow":"follow","max-snippet":"max-snippet:-1","max-image-preview":"max-image-preview:large","max-video-preview":"max-video-preview:-1"},"canonical":"https:\/\/www.accuratereviews.com\/it\/crm-software-migliori-lista\/affinity-recensione\/","og_locale":"it_IT","og_type":"article","og_title":"Affinity: recensione software CRM - Accurate Reviews","og_description":"Affinity: recensione piattaforma CRM intelligente che elimina la necessit\u00e0 di inserimento manuale dei dati.","og_url":"https:\/\/www.accuratereviews.com\/it\/crm-software-migliori-lista\/affinity-recensione\/","og_site_name":"Accurate Reviews","article_modified_time":"2025-12-04T09:50:28+00:00","og_image":[{"width":500,"height":500,"url":"https:\/\/www.accuratereviews.com\/wp-content\/uploads\/2025\/12\/Affinity.jpg","type":"image\/jpeg"}],"twitter_card":"summary_large_image","twitter_misc":{"Tempo di lettura stimato":"4 minuti"},"schema":{"@context":"https:\/\/schema.org","@graph":[{"@type":"WebPage","@id":"https:\/\/www.accuratereviews.com\/it\/crm-software-migliori-lista\/affinity-recensione\/","url":"https:\/\/www.accuratereviews.com\/it\/crm-software-migliori-lista\/affinity-recensione\/","name":"Affinity: recensione software CRM - Accurate Reviews","isPartOf":{"@id":"https:\/\/www.accuratereviews.com\/it\/#website"},"primaryImageOfPage":{"@id":"https:\/\/www.accuratereviews.com\/it\/crm-software-migliori-lista\/affinity-recensione\/#primaryimage"},"image":{"@id":"https:\/\/www.accuratereviews.com\/it\/crm-software-migliori-lista\/affinity-recensione\/#primaryimage"},"thumbnailUrl":"https:\/\/www.accuratereviews.com\/wp-content\/uploads\/2025\/12\/Affinity.jpg","datePublished":"2025-12-03T16:38:22+00:00","dateModified":"2025-12-04T09:50:28+00:00","description":"Affinity: recensione piattaforma CRM intelligente che elimina la necessit\u00e0 di inserimento manuale dei dati.","breadcrumb":{"@id":"https:\/\/www.accuratereviews.com\/it\/crm-software-migliori-lista\/affinity-recensione\/#breadcrumb"},"inLanguage":"it-IT","potentialAction":[{"@type":"ReadAction","target":["https:\/\/www.accuratereviews.com\/it\/crm-software-migliori-lista\/affinity-recensione\/"]}]},{"@type":"ImageObject","inLanguage":"it-IT","@id":"https:\/\/www.accuratereviews.com\/it\/crm-software-migliori-lista\/affinity-recensione\/#primaryimage","url":"https:\/\/www.accuratereviews.com\/wp-content\/uploads\/2025\/12\/Affinity.jpg","contentUrl":"https:\/\/www.accuratereviews.com\/wp-content\/uploads\/2025\/12\/Affinity.jpg","width":500,"height":500},{"@type":"BreadcrumbList","@id":"https:\/\/www.accuratereviews.com\/it\/crm-software-migliori-lista\/affinity-recensione\/#breadcrumb","itemListElement":[{"@type":"ListItem","position":1,"name":"Home","item":"https:\/\/www.accuratereviews.com\/it\/"},{"@type":"ListItem","position":2,"name":"CRM: i software migliori","item":"https:\/\/www.accuratereviews.com\/it\/crm-software-migliori-lista\/"},{"@type":"ListItem","position":3,"name":"Affinity"}]},{"@type":"WebSite","@id":"https:\/\/www.accuratereviews.com\/it\/#website","url":"https:\/\/www.accuratereviews.com\/it\/","name":"Accurate Reviews","description":"","potentialAction":[{"@type":"SearchAction","target":{"@type":"EntryPoint","urlTemplate":"https:\/\/www.accuratereviews.com\/it\/?s={search_term_string}"},"query-input":{"@type":"PropertyValueSpecification","valueRequired":true,"valueName":"search_term_string"}}],"inLanguage":"it-IT"}]}},"_links":{"self":[{"href":"https:\/\/www.accuratereviews.com\/it\/wp-json\/wp\/v2\/pages\/105369","targetHints":{"allow":["GET"]}}],"collection":[{"href":"https:\/\/www.accuratereviews.com\/it\/wp-json\/wp\/v2\/pages"}],"about":[{"href":"https:\/\/www.accuratereviews.com\/it\/wp-json\/wp\/v2\/types\/page"}],"author":[{"embeddable":true,"href":"https:\/\/www.accuratereviews.com\/it\/wp-json\/wp\/v2\/users\/19"}],"replies":[{"embeddable":true,"href":"https:\/\/www.accuratereviews.com\/it\/wp-json\/wp\/v2\/comments?post=105369"}],"version-history":[{"count":12,"href":"https:\/\/www.accuratereviews.com\/it\/wp-json\/wp\/v2\/pages\/105369\/revisions"}],"predecessor-version":[{"id":105401,"href":"https:\/\/www.accuratereviews.com\/it\/wp-json\/wp\/v2\/pages\/105369\/revisions\/105401"}],"up":[{"embeddable":true,"href":"https:\/\/www.accuratereviews.com\/it\/wp-json\/wp\/v2\/pages\/5966"}],"wp:featuredmedia":[{"embeddable":true,"href":"https:\/\/www.accuratereviews.com\/it\/wp-json\/wp\/v2\/media\/105371"}],"wp:attachment":[{"href":"https:\/\/www.accuratereviews.com\/it\/wp-json\/wp\/v2\/media?parent=105369"}],"wp:term":[{"taxonomy":"category","embeddable":true,"href":"https:\/\/www.accuratereviews.com\/it\/wp-json\/wp\/v2\/categories?post=105369"},{"taxonomy":"post_tag","embeddable":true,"href":"https:\/\/www.accuratereviews.com\/it\/wp-json\/wp\/v2\/tags?post=105369"},{"taxonomy":"features","embeddable":true,"href":"https:\/\/www.accuratereviews.com\/it\/wp-json\/wp\/v2\/features?post=105369"}],"curies":[{"name":"wp","href":"https:\/\/api.w.org\/{rel}","templated":true}]}}